{"id":3877,"date":"2021-05-13T11:26:24","date_gmt":"2021-05-13T08:26:24","guid":{"rendered":"https:\/\/digiculture.eu\/?page_id=3877"},"modified":"2021-05-13T11:26:25","modified_gmt":"2021-05-13T08:26:25","slug":"online-digiculture-webinar-in-italy-developing-teachers-digital-skills-through-moocs-and-oers-in-a-museum-context","status":"publish","type":"page","link":"https:\/\/digiculture.eu\/ro\/online-digiculture-webinar-in-italy-developing-teachers-digital-skills-through-moocs-and-oers-in-a-museum-context\/","title":{"rendered":"Webinar online DigiCulture \u00een Italia \u201eDezvoltarea abilit\u0103\u021bilor digitale ale profesorilor prin MOOC \u0219i OER \u00een context muzeal\u201d"},"content":{"rendered":"<p>Pe 19<sup>a<\/sup> \u00cen martie 2021, a fost prezentat atelierul DigiCulture \u00een perioada 4<sup>a<\/sup> edi\u021bia Fiera Didacta, o \u00eent\u00e2lnire de neratat pentru profesori, directori, formatori \u0219i orice persoan\u0103 care lucreaz\u0103 \u00een domeniul educa\u021bional: este cel mai important eveniment despre inova\u021bie la \u0219coala din Italia.<\/p>\n\n\n\n<p>Atelierul de digicultur\u0103 ofer\u0103 participan\u021bilor posibilitatea de a elabora linii directoare pentru un MOOC privind abilit\u0103\u021bile digitale pentru p\u0103r\u021bile interesate din industriile creative (CI), \u00een special \u00een muzee. \u00cen timpul atelierului, participan\u021bii au fost ruga\u021bi s\u0103 lucreze \u00een grupuri interdisciplinare mici pentru a proiecta un MOOC privind dezvoltarea competen\u021belor digitale \u00een domeniul educa\u021biei, care s\u0103 fie integrat \u00een DAD, \u00een func\u021bie de diferite niveluri de educa\u021bie.<\/p>\n\n\n\n<p>Antonella Poce \u0219i Maria Rosaria Re au vorbit despre dezvoltarea abilit\u0103\u021bilor digitale prin MOOCs \u0219i OERs \u00eentr-un context muzeal \u0219i au prezentat cursuri DigiCulture pentru dezvoltarea abilit\u0103\u021bilor digitale \u00een cadrul profesioni\u0219tilor din CI.<\/p>\n\n\n\n<p>Dezbaterea a avut loc online, a fost menit\u0103 s\u0103 \u00eencurajeze \u0219i s\u0103 consolideze dialogul dintre principalii actori interesa\u021bi de sistemul educa\u021bional \u0219i s\u0103 faciliteze promovarea abilit\u0103\u021bilor digitale \u00een contextele muzeale. Prezentarea a suscitat interes \u00een cei 15 participan\u021bi \u0219i a fost urmat\u0103 de o serie de \u00eentreb\u0103ri \u0219i discu\u021bii constructive \u0219i interesante \u00een zona de chat.<\/p>","protected":false},"excerpt":{"rendered":"<p>Pe 19 martie 2021, atelierul DigiCulture a fost prezentat \u00een cadrul celei de-a IV-a edi\u021bii a Fiera Didacta, o \u00eent\u00e2lnire de neratat pentru profesori, directori, formatori \u0219i fiecare persoan\u0103 care lucreaz\u0103 \u00een domeniul educa\u021bional: este cel mai important eveniment despre inova\u021bie la \u0219coala din Italia. Atelierul de digicultur\u0103 ofer\u0103 participan\u021bilor posibilitatea de a<span class=\"more-link\"><a href=\"https:\/\/digiculture.eu\/ro\/online-digiculture-webinar-in-italy-developing-teachers-digital-skills-through-moocs-and-oers-in-a-museum-context\/\">Read More &rarr;<\/a><\/span><\/p>","protected":false},"author":8,"featured_media":3875,"parent":0,"menu_order":0,"comment_status":"closed","ping_status":"closed","template":"","meta":{"_mi_skip_tracking":false,"_monsterinsights_sitenote_active":false,"_monsterinsights_sitenote_note":"","_monsterinsights_sitenote_category":0,"footnotes":""},"yoast_head":"<!-- This site is optimized with the Yoast SEO plugin v21.5 - https:\/\/yoast.com\/wordpress\/plugins\/seo\/ -->\n<title>Online DigiCulture webinar in Italy &quot;Developing teachers&#039; digital skills through MOOCs and OERs in a museum context&quot; - Digital Culture - Erasmus+ European Project<\/title>\n<meta name=\"robots\" content=\"index, follow, max-snippet:-1, max-image-preview:large, max-video-preview:-1\" \/>\n<link rel=\"canonical\" href=\"https:\/\/digiculture.eu\/ro\/online-digiculture-webinar-in-italy-developing-teachers-digital-skills-through-moocs-and-oers-in-a-museum-context\/\" \/>\n<meta property=\"og:locale\" content=\"ro_RO\" \/>\n<meta property=\"og:type\" content=\"article\" \/>\n<meta property=\"og:title\" content=\"Online DigiCulture webinar in Italy &quot;Developing teachers&#039; digital skills through MOOCs and OERs in a museum context&quot; - Digital Culture - Erasmus+ European Project\" \/>\n<meta property=\"og:description\" content=\"On the 19th March 2021, DigiCulture workshop was presented during the 4th edition of Fiera Didacta, an unmissable meeting for teachers, headmasters, trainers and every person who works in educational field: it is the most important event about innovation at school in Italy. Digiculture workshop gives participants the opportunity toRead More &rarr;\" \/>\n<meta property=\"og:url\" content=\"https:\/\/digiculture.eu\/ro\/online-digiculture-webinar-in-italy-developing-teachers-digital-skills-through-moocs-and-oers-in-a-museum-context\/\" \/>\n<meta property=\"og:site_name\" content=\"Digital Culture - Erasmus+ European Project\" \/>\n<meta property=\"article:publisher\" content=\"https:\/\/www.facebook.com\/CultureDigi\" \/>\n<meta property=\"article:modified_time\" content=\"2021-05-13T08:26:25+00:00\" \/>\n<meta property=\"og:image\" content=\"https:\/\/digiculture.eu\/wp-content\/uploads\/2021\/05\/Schermata-2021-03-19-alle-15.07.01.png\" \/>\n\t<meta property=\"og:image:width\" content=\"1325\" \/>\n\t<meta property=\"og:image:height\" content=\"898\" \/>\n\t<meta property=\"og:image:type\" content=\"image\/png\" \/>\n<meta name=\"twitter:card\" content=\"summary_large_image\" \/>\n<meta name=\"twitter:site\" content=\"@elearning_upt\" \/>\n<meta name=\"twitter:label1\" content=\"Timp estimat pentru citire\" \/>\n\t<meta name=\"twitter:data1\" content=\"1 minut\" \/>\n<script type=\"application\/ld+json\" class=\"yoast-schema-graph\">{\"@context\":\"https:\/\/schema.org\",\"@graph\":[{\"@type\":\"WebPage\",\"@id\":\"https:\/\/digiculture.eu\/online-digiculture-webinar-in-italy-developing-teachers-digital-skills-through-moocs-and-oers-in-a-museum-context\/\",\"url\":\"https:\/\/digiculture.eu\/online-digiculture-webinar-in-italy-developing-teachers-digital-skills-through-moocs-and-oers-in-a-museum-context\/\",\"name\":\"Online DigiCulture webinar in Italy \\\"Developing teachers' digital skills through MOOCs and OERs in a museum context\\\" - Digital Culture - Erasmus+ European Project\",\"isPartOf\":{\"@id\":\"https:\/\/digiculture.eu\/#website\"},\"datePublished\":\"2021-05-13T08:26:24+00:00\",\"dateModified\":\"2021-05-13T08:26:25+00:00\",\"breadcrumb\":{\"@id\":\"https:\/\/digiculture.eu\/online-digiculture-webinar-in-italy-developing-teachers-digital-skills-through-moocs-and-oers-in-a-museum-context\/#breadcrumb\"},\"inLanguage\":\"ro-RO\",\"potentialAction\":[{\"@type\":\"ReadAction\",\"target\":[\"https:\/\/digiculture.eu\/online-digiculture-webinar-in-italy-developing-teachers-digital-skills-through-moocs-and-oers-in-a-museum-context\/\"]}]},{\"@type\":\"BreadcrumbList\",\"@id\":\"https:\/\/digiculture.eu\/online-digiculture-webinar-in-italy-developing-teachers-digital-skills-through-moocs-and-oers-in-a-museum-context\/#breadcrumb\",\"itemListElement\":[{\"@type\":\"ListItem\",\"position\":1,\"name\":\"Home\",\"item\":\"https:\/\/digiculture.eu\/\"},{\"@type\":\"ListItem\",\"position\":2,\"name\":\"Online DigiCulture webinar in Italy &#8220;Developing teachers&#8217; digital skills through MOOCs and OERs in a museum context&#8221;\"}]},{\"@type\":\"WebSite\",\"@id\":\"https:\/\/digiculture.eu\/#website\",\"url\":\"https:\/\/digiculture.eu\/\",\"name\":\"Digital Culture - Erasmus+ European Project\",\"description\":\"Improving the Digital Competences and Social Inclusion of Adults in Creative Industries\",\"publisher\":{\"@id\":\"https:\/\/digiculture.eu\/#organization\"},\"potentialAction\":[{\"@type\":\"SearchAction\",\"target\":{\"@type\":\"EntryPoint\",\"urlTemplate\":\"https:\/\/digiculture.eu\/?s={search_term_string}\"},\"query-input\":\"required name=search_term_string\"}],\"inLanguage\":\"ro-RO\"},{\"@type\":\"Organization\",\"@id\":\"https:\/\/digiculture.eu\/#organization\",\"name\":\"Digiculture\",\"url\":\"https:\/\/digiculture.eu\/\",\"logo\":{\"@type\":\"ImageObject\",\"inLanguage\":\"ro-RO\",\"@id\":\"https:\/\/digiculture.eu\/#\/schema\/logo\/image\/\",\"url\":\"https:\/\/digiculture.eu\/wp-content\/uploads\/2019\/01\/Logo-Digi-Culture.png\",\"contentUrl\":\"https:\/\/digiculture.eu\/wp-content\/uploads\/2019\/01\/Logo-Digi-Culture.png\",\"width\":934,\"height\":386,\"caption\":\"Digiculture\"},\"image\":{\"@id\":\"https:\/\/digiculture.eu\/#\/schema\/logo\/image\/\"},\"sameAs\":[\"https:\/\/www.facebook.com\/CultureDigi\",\"https:\/\/twitter.com\/elearning_upt\"]}]}<\/script>\n<!-- \/ Yoast SEO plugin. -->","yoast_head_json":{"title":"Online DigiCulture webinar in Italy \"Developing teachers' digital skills through MOOCs and OERs in a museum context\" - Digital Culture - Erasmus+ European Project","robots":{"index":"index","follow":"follow","max-snippet":"max-snippet:-1","max-image-preview":"max-image-preview:large","max-video-preview":"max-video-preview:-1"},"canonical":"https:\/\/digiculture.eu\/ro\/online-digiculture-webinar-in-italy-developing-teachers-digital-skills-through-moocs-and-oers-in-a-museum-context\/","og_locale":"ro_RO","og_type":"article","og_title":"Online DigiCulture webinar in Italy \"Developing teachers' digital skills through MOOCs and OERs in a museum context\" - Digital Culture - Erasmus+ European Project","og_description":"On the 19th March 2021, DigiCulture workshop was presented during the 4th edition of Fiera Didacta, an unmissable meeting for teachers, headmasters, trainers and every person who works in educational field: it is the most important event about innovation at school in Italy. Digiculture workshop gives participants the opportunity toRead More &rarr;","og_url":"https:\/\/digiculture.eu\/ro\/online-digiculture-webinar-in-italy-developing-teachers-digital-skills-through-moocs-and-oers-in-a-museum-context\/","og_site_name":"Digital Culture - Erasmus+ European Project","article_publisher":"https:\/\/www.facebook.com\/CultureDigi","article_modified_time":"2021-05-13T08:26:25+00:00","og_image":[{"width":1325,"height":898,"url":"https:\/\/digiculture.eu\/wp-content\/uploads\/2021\/05\/Schermata-2021-03-19-alle-15.07.01.png","type":"image\/png"}],"twitter_card":"summary_large_image","twitter_site":"@elearning_upt","twitter_misc":{"Timp estimat pentru citire":"1 minut"},"schema":{"@context":"https:\/\/schema.org","@graph":[{"@type":"WebPage","@id":"https:\/\/digiculture.eu\/online-digiculture-webinar-in-italy-developing-teachers-digital-skills-through-moocs-and-oers-in-a-museum-context\/","url":"https:\/\/digiculture.eu\/online-digiculture-webinar-in-italy-developing-teachers-digital-skills-through-moocs-and-oers-in-a-museum-context\/","name":"Online DigiCulture webinar in Italy \"Developing teachers' digital skills through MOOCs and OERs in a museum context\" - Digital Culture - Erasmus+ European Project","isPartOf":{"@id":"https:\/\/digiculture.eu\/#website"},"datePublished":"2021-05-13T08:26:24+00:00","dateModified":"2021-05-13T08:26:25+00:00","breadcrumb":{"@id":"https:\/\/digiculture.eu\/online-digiculture-webinar-in-italy-developing-teachers-digital-skills-through-moocs-and-oers-in-a-museum-context\/#breadcrumb"},"inLanguage":"ro-RO","potentialAction":[{"@type":"ReadAction","target":["https:\/\/digiculture.eu\/online-digiculture-webinar-in-italy-developing-teachers-digital-skills-through-moocs-and-oers-in-a-museum-context\/"]}]},{"@type":"BreadcrumbList","@id":"https:\/\/digiculture.eu\/online-digiculture-webinar-in-italy-developing-teachers-digital-skills-through-moocs-and-oers-in-a-museum-context\/#breadcrumb","itemListElement":[{"@type":"ListItem","position":1,"name":"Home","item":"https:\/\/digiculture.eu\/"},{"@type":"ListItem","position":2,"name":"Online DigiCulture webinar in Italy &#8220;Developing teachers&#8217; digital skills through MOOCs and OERs in a museum context&#8221;"}]},{"@type":"WebSite","@id":"https:\/\/digiculture.eu\/#website","url":"https:\/\/digiculture.eu\/","name":"Digital Culture - Erasmus+ European Project","description":"Improving the Digital Competences and Social Inclusion of Adults in Creative Industries","publisher":{"@id":"https:\/\/digiculture.eu\/#organization"},"potentialAction":[{"@type":"SearchAction","target":{"@type":"EntryPoint","urlTemplate":"https:\/\/digiculture.eu\/?s={search_term_string}"},"query-input":"required name=search_term_string"}],"inLanguage":"ro-RO"},{"@type":"Organization","@id":"https:\/\/digiculture.eu\/#organization","name":"Digiculture","url":"https:\/\/digiculture.eu\/","logo":{"@type":"ImageObject","inLanguage":"ro-RO","@id":"https:\/\/digiculture.eu\/#\/schema\/logo\/image\/","url":"https:\/\/digiculture.eu\/wp-content\/uploads\/2019\/01\/Logo-Digi-Culture.png","contentUrl":"https:\/\/digiculture.eu\/wp-content\/uploads\/2019\/01\/Logo-Digi-Culture.png","width":934,"height":386,"caption":"Digiculture"},"image":{"@id":"https:\/\/digiculture.eu\/#\/schema\/logo\/image\/"},"sameAs":["https:\/\/www.facebook.com\/CultureDigi","https:\/\/twitter.com\/elearning_upt"]}]}},"_links":{"self":[{"href":"https:\/\/digiculture.eu\/ro\/wp-json\/wp\/v2\/pages\/3877"}],"collection":[{"href":"https:\/\/digiculture.eu\/ro\/wp-json\/wp\/v2\/pages"}],"about":[{"href":"https:\/\/digiculture.eu\/ro\/wp-json\/wp\/v2\/types\/page"}],"author":[{"embeddable":true,"href":"https:\/\/digiculture.eu\/ro\/wp-json\/wp\/v2\/users\/8"}],"replies":[{"embeddable":true,"href":"https:\/\/digiculture.eu\/ro\/wp-json\/wp\/v2\/comments?post=3877"}],"version-history":[{"count":2,"href":"https:\/\/digiculture.eu\/ro\/wp-json\/wp\/v2\/pages\/3877\/revisions"}],"predecessor-version":[{"id":4570,"href":"https:\/\/digiculture.eu\/ro\/wp-json\/wp\/v2\/pages\/3877\/revisions\/4570"}],"wp:featuredmedia":[{"embeddable":true,"href":"https:\/\/digiculture.eu\/ro\/wp-json\/wp\/v2\/media\/3875"}],"wp:attachment":[{"href":"https:\/\/digiculture.eu\/ro\/wp-json\/wp\/v2\/media?parent=3877"}],"curies":[{"name":"wp","href":"https:\/\/api.w.org\/{rel}","templated":true}]}}