{"id":3526,"date":"2021-04-18T19:18:37","date_gmt":"2021-04-18T16:18:37","guid":{"rendered":"https:\/\/digiculture.eu\/?page_id=3526"},"modified":"2021-04-18T19:26:16","modified_gmt":"2021-04-18T16:26:16","slug":"cookie-policy","status":"publish","type":"page","link":"https:\/\/digiculture.eu\/ro\/cookie-policy\/","title":{"rendered":"Politica privind cookie-urile"},"content":{"rendered":"<div class=\"cli_pg_page_contaner\">\n<h3>Despre aceast\u0103 politic\u0103 privind cookie-urile<\/h3>\n<div>\n<p>Aceast\u0103 politic\u0103 privind cookie-urile explic\u0103 ce sunt cookie-urile \u0219i cum le folosim, tipurile de cookie-uri pe care le folosim, adic\u0103 informa\u021biile pe care le colect\u0103m folosind cookie-urile \u0219i modul \u00een care sunt utilizate aceste informa\u021bii \u0219i cum s\u0103 control\u0103m preferin\u021bele cookie-urilor. Pentru informa\u021bii suplimentare despre modul \u00een care utiliz\u0103m, stoc\u0103m \u0219i p\u0103str\u0103m securitatea datelor dvs. personale, consulta\u021bi pagina noastr\u0103 <a href=\"https:\/\/digiculture.eu\/ro\/privacy-policy\/\">Politica de Confiden\u021bialitate<\/a>.<\/p>\n<p>Pute\u021bi oric\u00e2nd s\u0103 v\u0103 schimba\u021bi sau s\u0103 v\u0103 retrage\u021bi consim\u021b\u0103m\u00e2ntul din Declara\u021bia Cookie de pe site-ul nostru web.<\/p>\n<p>Afla\u021bi mai multe despre cine suntem, cum ne pute\u021bi contacta \u0219i cum proces\u0103m datele cu caracter personal \u00een cadrul nostru <a href=\"https:\/\/digiculture.eu\/ro\/privacy-policy\/\">Politica de Confiden\u021bialitate<\/a>.<\/p>\n<p>Consim\u021b\u0103m\u00e2ntul dvs. se aplic\u0103 urm\u0103toarelor domenii: <a href=\"https:\/\/digiculture.eu\/ro\/\">digiculture.eu<\/a><\/p>\n<p>[user_consent_state]<\/p>\n<\/div>\n<h3>Ce sunt cookie-urile?<\/h3>\n<div>Cookie-urile sunt fi\u0219iere text mici care sunt utilizate pentru a stoca mici informa\u021bii. Acestea sunt stocate pe dispozitivul dvs. atunci c\u00e2nd site-ul web este \u00eenc\u0103rcat pe browserul dvs. Aceste cookie-uri ne ajut\u0103 s\u0103 func\u021bion\u0103m corect site-ul, s\u0103 \u00eel facem mai sigur, s\u0103 oferim o experien\u021b\u0103 mai bun\u0103 utilizatorului \u0219i s\u0103 \u00een\u021belegem cum func\u021bioneaz\u0103 site-ul web \u0219i s\u0103 analiz\u0103m ce func\u021bioneaz\u0103 \u0219i unde trebuie \u00eembun\u0103t\u0103\u021bit.<\/div>\n<h3>Cum folosim cookie-urile?<\/h3>\n<div>Ca majoritatea serviciilor online, site-ul nostru web folose\u0219te cookie-uri proprii \u0219i ter\u021be \u00een mai multe scopuri. Cookie-urile primare sunt \u00een mare parte necesare pentru ca site-ul web s\u0103 func\u021bioneze corect \u0219i nu colecteaz\u0103 niciuna dintre datele dvs. de identificare personal\u0103.<\/div>\n<div>\u00a0<\/div>\n<div><span style=\"font-size: inherit;\">Cookie-urile de la ter\u021bi utilizate pe site-ul nostru web sunt \u00een principal pentru a \u00een\u021belege cum func\u021bioneaz\u0103 site-ul web, cum interac\u021biona\u021bi cu site-ul nostru web, pentru a men\u021bine serviciile noastre \u00een siguran\u021b\u0103, pentru a furniza reclame relevante pentru dvs. \u0219i, \u00een general, pentru a v\u0103 oferi un utilizator mai bun \u0219i \u00eembun\u0103t\u0103\u021bit experimenteaz\u0103 \u0219i ajut\u0103 la accelerarea interac\u021biunilor tale viitoare cu site-ul nostru web.<\/span><\/div>\n<h3>Ce tipuri de cookie folosim?<\/h3>\n<div>\n<p><span style=\"font-weight: bold;\">Esen\u0163ial:<\/span> Unele cookie-uri sunt esen\u021biale pentru a putea experimenta func\u021bionalitatea complet\u0103 a site-ului nostru. Acestea ne permit s\u0103 men\u021binem sesiunile utilizatorilor \u0219i s\u0103 prevenim orice amenin\u021b\u0103ri la adresa securit\u0103\u021bii. Nu colecteaz\u0103 \u0219i nu stocheaz\u0103 nicio informa\u021bie personal\u0103. De exemplu, aceste cookie-uri v\u0103 permit s\u0103 v\u0103 conecta\u021bi la contul dvs. \u0219i s\u0103 ad\u0103uga\u021bi produse la co\u0219 \u0219i s\u0103 efectua\u021bi plata \u00een siguran\u021b\u0103.<\/p>\n<p><span style=\"font-weight: bold;\">Statistici:<\/span> Aceste cookie-uri stocheaz\u0103 informa\u021bii precum num\u0103rul de vizitatori ai site-ului web, num\u0103rul de vizitatori unici, ce pagini ale site-ului web au fost vizitate, sursa vizitei etc. Aceste date ne ajut\u0103 s\u0103 \u00een\u021belegem \u0219i s\u0103 analiz\u0103m performan\u021ba site-ului web \u0219i unde are nevoie de \u00eembun\u0103t\u0103\u021biri.<\/p>\n<p><span style=\"font-weight: bold;\">Marketing:<\/span> Site-ul nostru web afi\u0219eaz\u0103 reclame. Aceste cookie-uri sunt utilizate pentru a personaliza reclamele pe care vi le ar\u0103t\u0103m astfel \u00eenc\u00e2t s\u0103 fie semnificative pentru dvs. Aceste cookie-uri ne ajut\u0103, de asemenea, s\u0103 urm\u0103rim eficien\u021ba acestor campanii publicitare.<\/p>\n<p>Informa\u021biile stocate \u00een aceste cookie-uri pot fi folosite \u0219i de furnizorii de anun\u021buri ter\u021bi pentru a v\u0103 afi\u0219a anun\u021buri \u0219i pe alte site-uri web din browser.<\/p>\n<p><span style=\"font-weight: bold;\">Func\u0163ional:<\/span> Acestea sunt cookie-urile care ajut\u0103 anumite func\u021bionalit\u0103\u021bi neesen\u021biale de pe site-ul nostru. Aceste func\u021bionalit\u0103\u021bi includ \u00eencorporarea de con\u021binut precum videoclipuri sau partajarea con\u021binutului site-ului web pe platformele de socializare.<\/p>\n<p><span style=\"font-weight: bold;\">Preferin\u021be:<\/span> Aceste cookie-uri ne ajut\u0103 s\u0103 stoc\u0103m set\u0103rile \u0219i preferin\u021bele de navigare, cum ar fi preferin\u021bele de limb\u0103, astfel \u00eenc\u00e2t s\u0103 ave\u021bi o experien\u021b\u0103 mai bun\u0103 \u0219i eficient\u0103 la viitoarele vizite pe site.<\/p>\n<p>[cookie_audit columns=&#8221;cookie,description&#8221; heading=&#8221;The below list details the cookies used in our website.&#8221;]<\/p>\n<\/div>\n<h3>Cum pot controla preferin\u021bele cookie-urilor?<\/h3>\n<div>\n<p>Dac\u0103 decide\u021bi s\u0103 v\u0103 schimba\u021bi preferin\u021bele ulterior prin sesiunea de navigare, pute\u021bi face clic pe fila \u201ePolitic\u0103 de confiden\u021bialitate \u0219i cookie-uri\u201d de pe ecran. Aceasta va afi\u0219a din nou notificarea de consim\u021b\u0103m\u00e2nt, permi\u021b\u00e2ndu-v\u0103 s\u0103 v\u0103 schimba\u021bi preferin\u021bele sau s\u0103 v\u0103 retrage\u021bi \u00een totalitate consim\u021b\u0103m\u00e2ntul.<\/p>\n<p>\u00cen plus, diferite browsere ofer\u0103 diferite metode de blocare \u0219i \u0219tergere a cookie-urilor utilizate de site-uri web. Pute\u021bi modifica set\u0103rile browserului dvs. pentru a bloca \/ \u0219terge cookie-urile. Pentru a afla mai multe despre cum s\u0103 gestiona\u021bi \u0219i s\u0103 \u0219terge\u021bi cookie-urile, vizita\u021bi <a href=\"https:\/\/en.wikipedia.org\/wiki\/HTTP_cookie\" target=\"_blank\" rel=\"nofollow noopener\">wikipedia.org<\/a>, <a href=\"http:\/\/www.allaboutcookies.org\/\" target=\"_blank\" rel=\"nofollow noopener\">www.allaboutcookies.org.<\/a><\/p>\n<\/div>\n<p>[webtoffee_powered_by]<\/p>\n<\/div>\n\n\n<p><\/p>","protected":false},"excerpt":{"rendered":"<p>About this cookie policy This Cookie Policy explains what cookies are and how we use them, the types of cookies we use i.e, the information we collect using cookies and how that information is used, and how to control the cookie preferences. For further information on how we use, store,<span class=\"more-link\"><a href=\"https:\/\/digiculture.eu\/ro\/cookie-policy\/\">Read More &rarr;<\/a><\/span><\/p>","protected":false},"author":5,"featured_media":0,"parent":0,"menu_order":0,"comment_status":"closed","ping_status":"closed","template":"","meta":{"_mi_skip_tracking":false,"_monsterinsights_sitenote_active":false,"_monsterinsights_sitenote_note":"","_monsterinsights_sitenote_category":0,"footnotes":""},"yoast_head":"<!-- This site is optimized with the Yoast SEO plugin v21.5 - https:\/\/yoast.com\/wordpress\/plugins\/seo\/ -->\n<title>Cookie Policy - Digital Culture - Erasmus+ European Project<\/title>\n<meta name=\"robots\" content=\"index, follow, max-snippet:-1, max-image-preview:large, max-video-preview:-1\" \/>\n<link rel=\"canonical\" href=\"https:\/\/digiculture.eu\/ro\/cookie-policy\/\" \/>\n<meta property=\"og:locale\" content=\"ro_RO\" \/>\n<meta property=\"og:type\" content=\"article\" \/>\n<meta property=\"og:title\" content=\"Cookie Policy - Digital Culture - Erasmus+ European Project\" \/>\n<meta property=\"og:description\" content=\"About this cookie policy This Cookie Policy explains what cookies are and how we use them, the types of cookies we use i.e, the information we collect using cookies and how that information is used, and how to control the cookie preferences. For further information on how we use, store,Read More &rarr;\" \/>\n<meta property=\"og:url\" content=\"https:\/\/digiculture.eu\/ro\/cookie-policy\/\" \/>\n<meta property=\"og:site_name\" content=\"Digital Culture - Erasmus+ European Project\" \/>\n<meta property=\"article:publisher\" content=\"https:\/\/www.facebook.com\/CultureDigi\" \/>\n<meta property=\"article:modified_time\" content=\"2021-04-18T16:26:16+00:00\" \/>\n<meta name=\"twitter:card\" content=\"summary_large_image\" \/>\n<meta name=\"twitter:site\" content=\"@elearning_upt\" \/>\n<meta name=\"twitter:label1\" content=\"Timp estimat pentru citire\" \/>\n\t<meta name=\"twitter:data1\" content=\"3 minute\" \/>\n<script type=\"application\/ld+json\" class=\"yoast-schema-graph\">{\"@context\":\"https:\/\/schema.org\",\"@graph\":[{\"@type\":\"WebPage\",\"@id\":\"https:\/\/digiculture.eu\/cookie-policy\/\",\"url\":\"https:\/\/digiculture.eu\/cookie-policy\/\",\"name\":\"Cookie Policy - Digital Culture - Erasmus+ European Project\",\"isPartOf\":{\"@id\":\"https:\/\/digiculture.eu\/#website\"},\"datePublished\":\"2021-04-18T16:18:37+00:00\",\"dateModified\":\"2021-04-18T16:26:16+00:00\",\"breadcrumb\":{\"@id\":\"https:\/\/digiculture.eu\/cookie-policy\/#breadcrumb\"},\"inLanguage\":\"ro-RO\",\"potentialAction\":[{\"@type\":\"ReadAction\",\"target\":[\"https:\/\/digiculture.eu\/cookie-policy\/\"]}]},{\"@type\":\"BreadcrumbList\",\"@id\":\"https:\/\/digiculture.eu\/cookie-policy\/#breadcrumb\",\"itemListElement\":[{\"@type\":\"ListItem\",\"position\":1,\"name\":\"Home\",\"item\":\"https:\/\/digiculture.eu\/\"},{\"@type\":\"ListItem\",\"position\":2,\"name\":\"Cookie Policy\"}]},{\"@type\":\"WebSite\",\"@id\":\"https:\/\/digiculture.eu\/#website\",\"url\":\"https:\/\/digiculture.eu\/\",\"name\":\"Digital Culture - Erasmus+ European Project\",\"description\":\"Improving the Digital Competences and Social Inclusion of Adults in Creative Industries\",\"publisher\":{\"@id\":\"https:\/\/digiculture.eu\/#organization\"},\"potentialAction\":[{\"@type\":\"SearchAction\",\"target\":{\"@type\":\"EntryPoint\",\"urlTemplate\":\"https:\/\/digiculture.eu\/?s={search_term_string}\"},\"query-input\":\"required name=search_term_string\"}],\"inLanguage\":\"ro-RO\"},{\"@type\":\"Organization\",\"@id\":\"https:\/\/digiculture.eu\/#organization\",\"name\":\"Digiculture\",\"url\":\"https:\/\/digiculture.eu\/\",\"logo\":{\"@type\":\"ImageObject\",\"inLanguage\":\"ro-RO\",\"@id\":\"https:\/\/digiculture.eu\/#\/schema\/logo\/image\/\",\"url\":\"https:\/\/digiculture.eu\/wp-content\/uploads\/2019\/01\/Logo-Digi-Culture.png\",\"contentUrl\":\"https:\/\/digiculture.eu\/wp-content\/uploads\/2019\/01\/Logo-Digi-Culture.png\",\"width\":934,\"height\":386,\"caption\":\"Digiculture\"},\"image\":{\"@id\":\"https:\/\/digiculture.eu\/#\/schema\/logo\/image\/\"},\"sameAs\":[\"https:\/\/www.facebook.com\/CultureDigi\",\"https:\/\/twitter.com\/elearning_upt\"]}]}<\/script>\n<!-- \/ Yoast SEO plugin. -->","yoast_head_json":{"title":"Cookie Policy - Digital Culture - Erasmus+ European Project","robots":{"index":"index","follow":"follow","max-snippet":"max-snippet:-1","max-image-preview":"max-image-preview:large","max-video-preview":"max-video-preview:-1"},"canonical":"https:\/\/digiculture.eu\/ro\/cookie-policy\/","og_locale":"ro_RO","og_type":"article","og_title":"Cookie Policy - Digital Culture - Erasmus+ European Project","og_description":"About this cookie policy This Cookie Policy explains what cookies are and how we use them, the types of cookies we use i.e, the information we collect using cookies and how that information is used, and how to control the cookie preferences. For further information on how we use, store,Read More &rarr;","og_url":"https:\/\/digiculture.eu\/ro\/cookie-policy\/","og_site_name":"Digital Culture - Erasmus+ European Project","article_publisher":"https:\/\/www.facebook.com\/CultureDigi","article_modified_time":"2021-04-18T16:26:16+00:00","twitter_card":"summary_large_image","twitter_site":"@elearning_upt","twitter_misc":{"Timp estimat pentru citire":"3 minute"},"schema":{"@context":"https:\/\/schema.org","@graph":[{"@type":"WebPage","@id":"https:\/\/digiculture.eu\/cookie-policy\/","url":"https:\/\/digiculture.eu\/cookie-policy\/","name":"Cookie Policy - Digital Culture - Erasmus+ European Project","isPartOf":{"@id":"https:\/\/digiculture.eu\/#website"},"datePublished":"2021-04-18T16:18:37+00:00","dateModified":"2021-04-18T16:26:16+00:00","breadcrumb":{"@id":"https:\/\/digiculture.eu\/cookie-policy\/#breadcrumb"},"inLanguage":"ro-RO","potentialAction":[{"@type":"ReadAction","target":["https:\/\/digiculture.eu\/cookie-policy\/"]}]},{"@type":"BreadcrumbList","@id":"https:\/\/digiculture.eu\/cookie-policy\/#breadcrumb","itemListElement":[{"@type":"ListItem","position":1,"name":"Home","item":"https:\/\/digiculture.eu\/"},{"@type":"ListItem","position":2,"name":"Cookie Policy"}]},{"@type":"WebSite","@id":"https:\/\/digiculture.eu\/#website","url":"https:\/\/digiculture.eu\/","name":"Digital Culture - Erasmus+ European Project","description":"Improving the Digital Competences and Social Inclusion of Adults in Creative Industries","publisher":{"@id":"https:\/\/digiculture.eu\/#organization"},"potentialAction":[{"@type":"SearchAction","target":{"@type":"EntryPoint","urlTemplate":"https:\/\/digiculture.eu\/?s={search_term_string}"},"query-input":"required name=search_term_string"}],"inLanguage":"ro-RO"},{"@type":"Organization","@id":"https:\/\/digiculture.eu\/#organization","name":"Digiculture","url":"https:\/\/digiculture.eu\/","logo":{"@type":"ImageObject","inLanguage":"ro-RO","@id":"https:\/\/digiculture.eu\/#\/schema\/logo\/image\/","url":"https:\/\/digiculture.eu\/wp-content\/uploads\/2019\/01\/Logo-Digi-Culture.png","contentUrl":"https:\/\/digiculture.eu\/wp-content\/uploads\/2019\/01\/Logo-Digi-Culture.png","width":934,"height":386,"caption":"Digiculture"},"image":{"@id":"https:\/\/digiculture.eu\/#\/schema\/logo\/image\/"},"sameAs":["https:\/\/www.facebook.com\/CultureDigi","https:\/\/twitter.com\/elearning_upt"]}]}},"_links":{"self":[{"href":"https:\/\/digiculture.eu\/ro\/wp-json\/wp\/v2\/pages\/3526"}],"collection":[{"href":"https:\/\/digiculture.eu\/ro\/wp-json\/wp\/v2\/pages"}],"about":[{"href":"https:\/\/digiculture.eu\/ro\/wp-json\/wp\/v2\/types\/page"}],"author":[{"embeddable":true,"href":"https:\/\/digiculture.eu\/ro\/wp-json\/wp\/v2\/users\/5"}],"replies":[{"embeddable":true,"href":"https:\/\/digiculture.eu\/ro\/wp-json\/wp\/v2\/comments?post=3526"}],"version-history":[{"count":3,"href":"https:\/\/digiculture.eu\/ro\/wp-json\/wp\/v2\/pages\/3526\/revisions"}],"predecessor-version":[{"id":3531,"href":"https:\/\/digiculture.eu\/ro\/wp-json\/wp\/v2\/pages\/3526\/revisions\/3531"}],"wp:attachment":[{"href":"https:\/\/digiculture.eu\/ro\/wp-json\/wp\/v2\/media?parent=3526"}],"curies":[{"name":"wp","href":"https:\/\/api.w.org\/{rel}","templated":true}]}}