{"id":3365,"date":"2021-04-05T23:15:33","date_gmt":"2021-04-05T20:15:33","guid":{"rendered":"https:\/\/digiculture.eu\/?page_id=3365"},"modified":"2021-04-18T19:00:43","modified_gmt":"2021-04-18T16:00:43","slug":"privacy-policy","status":"publish","type":"page","link":"https:\/\/digiculture.eu\/ro\/privacy-policy\/","title":{"rendered":"Politica de Confiden\u021bialitate"},"content":{"rendered":"<p>Confiden\u021bialitatea dvs. este important\u0103 pentru noi. Politica Universit\u0103\u021bii Politehnica din Timi\u0219oara este de a v\u0103 respecta confiden\u021bialitatea \u0219i de a respecta orice lege aplicabil\u0103 \u0219i reglement\u0103ri cu privire la orice informa\u021bii personale pe care le putem colecta despre dvs., inclusiv pe site-ul nostru web,&nbsp;<a href=\"https:\/\/digiculture.eu\/ro\/\">https:\/\/digiculture.eu\/<\/a>\u0219i alte site-uri pe care le de\u021binem \u0219i le oper\u0103m.<\/p>\n\n\n\n<p>Aceast\u0103 politic\u0103 este \u00een vigoare de la 1 octombrie 2018 \u0219i a fost actualizat\u0103 ultima dat\u0103 la 5 aprilie 2021.<\/p>\n\n\n\n<h3 class=\"wp-block-heading\">Informa\u021bii pe care le colect\u0103m<\/h3>\n\n\n\n<p>Informa\u021biile pe care le colect\u0103m includ at\u00e2t informa\u021biile pe care ni le furniza\u021bi cu bun\u0103 \u0219tiin\u021b\u0103 \u0219i activ c\u00e2nd utiliza\u021bi sau participa\u021bi la oricare dintre serviciile \u0219i promo\u021biile noastre, precum \u0219i orice informa\u021bii trimise automat de dispozitivele dvs. \u00een cursul acces\u0103rii produselor \u0219i serviciilor noastre.<\/p>\n\n\n\n<h4 class=\"wp-block-heading\">Date jurnal<\/h4>\n\n\n\n<p>C\u00e2nd vizita\u021bi site-ul nostru web, serverele noastre pot \u00eenregistra automat datele standard furnizate de browserul dvs. web. Poate include adresa de Internet Protocol (IP) a dispozitivului dvs., tipul \u0219i versiunea browserului dvs., paginile pe care le vizita\u021bi, ora \u0219i data vizitei dvs., timpul petrecut pe fiecare pagin\u0103, alte detalii despre vizita dvs. \u0219i detalii tehnice care apar \u00een coroborat cu orice erori pe care le pute\u021bi \u00eent\u00e2lni.<\/p>\n\n\n\n<p>V\u0103 rug\u0103m s\u0103 re\u021bine\u021bi c\u0103, de\u0219i aceste informa\u021bii nu pot fi identificate personal de la sine, poate fi posibil s\u0103 le combina\u021bi cu alte date pentru a identifica personal persoane individuale.<\/p>\n\n\n\n<h4 class=\"wp-block-heading\">Informatii personale<\/h4>\n\n\n\n<p>Putem solicita informa\u021bii personale care pot include una sau mai multe dintre urm\u0103toarele:<\/p>\n\n\n\n<p>N \/ A<\/p>\n\n\n\n<h4 class=\"wp-block-heading\">Motive legitime pentru prelucrarea informa\u021biilor dvs. personale<\/h4>\n\n\n\n<p>Colect\u0103m \u0219i folosim informa\u021biile dvs. personale numai atunci c\u00e2nd avem un motiv legitim pentru aceasta. \u00cen acest caz, colect\u0103m doar informa\u021bii personale care sunt \u00een mod rezonabil necesare pentru a v\u0103 oferi serviciile noastre.<\/p>\n\n\n\n<h4 class=\"wp-block-heading\">Colectarea \u0219i utilizarea informa\u021biilor<\/h4>\n\n\n\n<p>Putem colecta informa\u021bii personale de la dvs. atunci c\u00e2nd face\u021bi oricare dintre urm\u0103toarele pe site-ul nostru:<\/p>\n\n\n\n<ul><li>Utiliza\u021bi un dispozitiv mobil sau un browser web pentru a accesa con\u021binutul nostru<\/li><li>Contacta\u021bi-ne prin e-mail, re\u021bele sociale sau cu orice tehnologie similar\u0103<\/li><li>C\u00e2nd ne pomene\u0219ti de pe re\u021belele de socializare<\/li><\/ul>\n\n\n\n<p>Putem colecta, de\u021bine, utiliza \u0219i dezv\u0103lui informa\u021bii \u00een urm\u0103toarele scopuri, iar informa\u021biile personale nu vor fi prelucrate \u00een continuare \u00eentr-un mod care este incompatibil cu aceste scopuri:<\/p>\n\n\n\n<ul><li>pentru analize, cercet\u0103ri de pia\u021b\u0103 \u0219i dezvoltare de afaceri, inclusiv pentru a opera \u0219i \u00eembun\u0103t\u0103\u021bi site-ul nostru web, aplica\u021biile asociate \u0219i platformele de socializare asociate<\/li><\/ul>\n\n\n\n<p>Re\u021bine\u021bi c\u0103 putem combina informa\u021biile pe care le colect\u0103m despre dvs. cu informa\u021bii generale sau date de cercetare pe care le primim din alte surse de \u00eencredere.<\/p>\n\n\n\n<h4 class=\"wp-block-heading\">Securitatea informa\u021biilor dvs. personale<\/h4>\n\n\n\n<p>C\u00e2nd colect\u0103m \u0219i prelucr\u0103m informa\u021bii personale \u0219i, \u00een timp ce p\u0103str\u0103m aceste informa\u021bii, le vom proteja \u00een cadrul unor mijloace acceptabile din punct de vedere comercial pentru a preveni pierderea \u0219i furtul, precum \u0219i accesul, divulgarea, copierea, utilizarea sau modificarea neautorizat\u0103.<\/p>\n\n\n\n<p>De\u0219i vom face tot posibilul pentru a proteja informa\u021biile personale pe care ni le furniza\u021bi, v\u0103 sf\u0103tuim c\u0103 nicio metod\u0103 de transmisie sau stocare electronic\u0103 nu este 100% sigur\u0103 \u0219i nimeni nu poate garanta securitatea absolut\u0103 a datelor. Vom respecta legile care ne sunt aplicabile cu privire la orice \u00eenc\u0103lcare a datelor.<\/p>\n\n\n\n<p>Sunte\u021bi responsabil pentru selectarea oric\u0103rei parole \u0219i a puterii sale generale de securitate, asigur\u00e2nd securitatea propriilor informa\u021bii \u00een limitele serviciilor noastre.<\/p>\n\n\n\n<h4 class=\"wp-block-heading\">C\u00e2t timp p\u0103str\u0103m informa\u021biile dvs. personale<\/h4>\n\n\n\n<p>P\u0103str\u0103m informa\u021biile dvs. personale numai at\u00e2t timp c\u00e2t avem nevoie. Aceast\u0103 perioad\u0103 de timp poate depinde de ceea ce utiliz\u0103m informa\u021biile dvs., \u00een conformitate cu aceast\u0103 politic\u0103 de confiden\u021bialitate. Dac\u0103 informa\u021biile dvs. personale nu mai sunt necesare, le vom \u0219terge sau le vom face anonime, elimin\u00e2nd toate detaliile care v\u0103 identific\u0103.<\/p>\n\n\n\n<p>Cu toate acestea, dac\u0103 este necesar, putem p\u0103stra informa\u021biile dvs. personale pentru respectarea unei obliga\u021bii legale, contabile sau de raportare sau \u00een scopuri de arhivare \u00een interes public, \u00een scopuri de cercetare \u0219tiin\u021bific\u0103 sau istoric\u0103 sau \u00een scopuri statistice.<\/p>\n\n\n\n<h3 class=\"wp-block-heading\">Confiden\u021bialitatea copiilor<\/h3>\n\n\n\n<p>Nu viz\u0103m niciunul dintre produsele sau serviciile noastre direct c\u0103tre copii cu v\u00e2rsta sub 13 ani \u0219i nu colect\u0103m cu bun\u0103 \u0219tiin\u021b\u0103 informa\u021bii personale despre copii sub 13 ani.<\/p>\n\n\n\n<h3 class=\"wp-block-heading\">Divulgarea informa\u021biilor personale c\u0103tre ter\u021bi<\/h3>\n\n\n\n<p>Putem divulga informa\u021bii personale c\u0103tre:<\/p>\n\n\n\n<ul><li>un p\u0103rinte, filial\u0103 sau afiliat al companiei noastre<\/li><li>furnizori de servicii ter\u021bi cu scopul de a le permite s\u0103 \u00ee\u0219i furnizeze serviciile, de exemplu, furnizorii de servicii IT, stocarea datelor, furnizorii de hosting \u0219i server, agen\u021bii de publicitate sau platformele de analiz\u0103<\/li><li>angaja\u021bii no\u0219tri, contractan\u021bii \u0219i \/ sau entit\u0103\u021bile conexe<\/li><li>agen\u021bii sau partenerii no\u0219tri de afaceri existen\u021bi sau poten\u021biali<\/li><li>sponsori sau promotori ai oric\u0103rei competi\u021bii, tombole sau promo\u021bii pe care le desf\u0103\u0219ur\u0103m<\/li><li>instan\u021belor, tribunalelor, autorit\u0103\u021bilor de reglementare \u0219i ofi\u021berilor de aplicare a legii, conform cerin\u021belor legii, \u00een leg\u0103tur\u0103 cu orice proceduri legale actuale sau prospective, sau pentru a stabili, exercita sau ap\u0103ra drepturile noastre legale<\/li><li>ter\u021bi, inclusiv agen\u021bi sau subcontractan\u021bi, care ne asist\u0103 \u00een furnizarea de informa\u021bii, produse, servicii sau marketing direct c\u0103tre ter\u021bi pentru a colecta \u0219i prelucra date<\/li><\/ul>\n\n\n\n<h3 class=\"wp-block-heading\">Transferuri interna\u021bionale de informa\u021bii cu caracter personal<\/h3>\n\n\n\n<p>Informa\u021biile personale pe care le colect\u0103m sunt stocate \u0219i \/ sau prelucrate acolo unde noi sau partenerii no\u0219tri, afilia\u021bii \u0219i furnizorii ter\u021bi \u00eentre\u021binem facilit\u0103\u021bi. V\u0103 rug\u0103m s\u0103 re\u021bine\u021bi c\u0103 loca\u021biile \u00een care stoc\u0103m, proces\u0103m sau transfer\u0103m informa\u021biile dvs. personale nu pot avea acelea\u0219i legi privind protec\u021bia datelor ca \u0219i \u021bara \u00een care a\u021bi furnizat ini\u021bial informa\u021biile. Dac\u0103 transfer\u0103m informa\u021biile dvs. personale c\u0103tre ter\u021bi din alte \u021b\u0103ri: (i) vom efectua aceste transferuri \u00een conformitate cu cerin\u021bele legisla\u021biei aplicabile; \u0219i (ii) vom proteja informa\u021biile personale transferate \u00een conformitate cu aceast\u0103 politic\u0103 de confiden\u021bialitate.<\/p>\n\n\n\n<h3 class=\"wp-block-heading\">Drepturile dvs. \u0219i controlul informa\u021biilor dvs. personale<\/h3>\n\n\n\n<p>V\u0103 p\u0103stra\u021bi \u00eentotdeauna dreptul de a ne refuza informa\u021biile personale, cu \u00een\u021belegerea faptului c\u0103 experien\u021ba dvs. pe site-ul nostru web poate fi afectat\u0103. Nu v\u0103 vom discrimina pentru exercitarea oric\u0103ror drepturi asupra informa\u021biilor dvs. personale. Dac\u0103 ne oferi\u021bi informa\u021bii personale, \u00een\u021belege\u021bi c\u0103 le vom colecta, de\u021bine, utiliza \u0219i dezv\u0103lui \u00een conformitate cu aceast\u0103 politic\u0103 de confiden\u021bialitate. V\u0103 p\u0103stra\u021bi dreptul de a solicita detalii cu privire la orice informa\u021bii personale pe care le de\u021binem despre dvs.<\/p>\n\n\n\n<p>Dac\u0103 primim informa\u021bii personale despre dvs. de la o ter\u021b\u0103 parte, le vom proteja a\u0219a cum este prev\u0103zut \u00een aceast\u0103 politic\u0103 de confiden\u021bialitate. Dac\u0103 sunte\u021bi un ter\u021b care furnizeaz\u0103 informa\u021bii personale despre altcineva, declara\u021bi \u0219i garanta\u021bi c\u0103 ave\u021bi consim\u021b\u0103m\u00e2ntul acestei persoane pentru a ne furniza informa\u021biile personale.<\/p>\n\n\n\n<p>Dac\u0103 a\u021bi fost de acord s\u0103 ne folosi\u021bi informa\u021biile personale \u00een scopuri de marketing direct, v\u0103 pute\u021bi r\u0103zg\u00e2ndi \u00een orice moment. V\u0103 vom oferi posibilitatea de a v\u0103 dezabona de la baza noastr\u0103 de date de e-mail sau de a renun\u021ba la comunic\u0103ri. V\u0103 rug\u0103m s\u0103 re\u021bine\u021bi c\u0103 este posibil s\u0103 trebuiasc\u0103 s\u0103 v\u0103 solicit\u0103m informa\u021bii specifice pentru a ne ajuta s\u0103 v\u0103 confirm\u0103m identitatea.<\/p>\n\n\n\n<p>Dac\u0103 crede\u021bi c\u0103 orice informa\u021bie pe care o de\u021binem despre dvs. este inexact\u0103, dep\u0103\u0219it\u0103, incomplet\u0103, irelevant\u0103 sau \u00een\u0219el\u0103toare, v\u0103 rug\u0103m s\u0103 ne contacta\u021bi folosind detaliile furnizate \u00een aceast\u0103 politic\u0103 de confiden\u021bialitate. Vom lua m\u0103suri rezonabile pentru a corecta orice informa\u021bie considerat\u0103 inexact\u0103, incomplet\u0103, \u00een\u0219el\u0103toare sau dep\u0103\u0219it\u0103.<\/p>\n\n\n\n<p>Dac\u0103 crede\u021bi c\u0103 am \u00eenc\u0103lcat o lege relevant\u0103 privind protec\u021bia datelor \u0219i dori\u021bi s\u0103 depune\u021bi o reclama\u021bie, v\u0103 rug\u0103m s\u0103 ne contacta\u021bi folosind detaliile de mai jos \u0219i s\u0103 ne furniza\u021bi detalii complete despre presupusa \u00eenc\u0103lcare. Vom investiga prompt reclama\u021bia dvs. \u0219i v\u0103 vom r\u0103spunde, \u00een scris, prezent\u00e2nd rezultatul anchetei noastre \u0219i pa\u0219ii pe care \u00eei vom lua pentru a rezolva reclama\u021bia dvs. De asemenea, ave\u021bi dreptul s\u0103 contacta\u021bi un organism de reglementare sau o autoritate de protec\u021bie a datelor \u00een leg\u0103tur\u0103 cu reclama\u021bia dvs.<\/p>\n\n\n\n<h3 class=\"wp-block-heading\">Utilizarea cookie-urilor<\/h3>\n\n\n\n<p>Folosim \u201ecookie-uri\u201d pentru a colecta informa\u021bii despre dvs. \u0219i despre activitatea dvs. pe site-ul nostru. Un cookie este o mic\u0103 parte din datele pe care site-ul nostru web le stocheaz\u0103 pe computerul dvs. \u0219i le acceseaz\u0103 de fiecare dat\u0103 c\u00e2nd vizita\u021bi, astfel \u00eenc\u00e2t s\u0103 putem \u00een\u021belege modul \u00een care utiliza\u021bi site-ul nostru. Acest lucru ne ajut\u0103 s\u0103 v\u0103 difuz\u0103m con\u021binut pe baza preferin\u021belor pe care le-a\u021bi specificat.<\/p>\n\n\n\n<h3 class=\"wp-block-heading\">Limitele politicii noastre<\/h3>\n\n\n\n<p>Site-ul nostru web poate face leg\u0103tura cu site-uri externe care nu sunt operate de noi. V\u0103 rug\u0103m s\u0103 re\u021bine\u021bi c\u0103 nu avem control asupra con\u021binutului \u0219i politicilor acestor site-uri \u0219i nu putem accepta responsabilitatea sau responsabilitatea pentru practicile lor de confiden\u021bialitate respective.<\/p>\n\n\n\n<h3 class=\"wp-block-heading\">Modific\u0103ri aduse acestei politici<\/h3>\n\n\n\n<p>La discre\u021bia noastr\u0103, putem schimba politica noastr\u0103 de confiden\u021bialitate pentru a reflecta actualiz\u0103rile proceselor noastre de afaceri, practicile actuale acceptabile sau modific\u0103rile legislative sau de reglementare. Dac\u0103 decidem s\u0103 schimb\u0103m aceast\u0103 politic\u0103 de confiden\u021bialitate, vom posta modific\u0103rile aici la acela\u0219i link prin care accesa\u021bi aceast\u0103 politic\u0103 de confiden\u021bialitate.<\/p>\n\n\n\n<p>Dac\u0103 acest lucru este impus de lege, v\u0103 vom ob\u021bine permisiunea sau v\u0103 vom oferi posibilitatea de a opta sau de a renun\u021ba, dup\u0103 caz, la orice utilizare nou\u0103 a informa\u021biilor dvs. personale.<\/p>\n\n\n\n<h3 class=\"wp-block-heading\">Contacteaz\u0103-ne<\/h3>\n\n\n\n<p>Pentru orice \u00eentreb\u0103ri sau nel\u0103muriri legate de confiden\u021bialitatea dvs., ne pute\u021bi contacta folosind urm\u0103toarele detalii:<\/p>\n\n\n\n<p>Diana Andone<br>diana.andone@upt.ro<\/p>","protected":false},"excerpt":{"rendered":"<p>Your privacy is important to us. It is Politehnica University of Timisoara&#8217;s policy to respect your privacy and comply with any applicable law and regulation regarding any personal information we may collect about you, including across our website,&nbsp;https:\/\/digiculture.eu\/, and other sites we own and operate. This policy is effective as<span class=\"more-link\"><a href=\"https:\/\/digiculture.eu\/ro\/privacy-policy\/\">Read More &rarr;<\/a><\/span><\/p>","protected":false},"author":5,"featured_media":0,"parent":0,"menu_order":0,"comment_status":"closed","ping_status":"closed","template":"","meta":{"_mi_skip_tracking":false,"_monsterinsights_sitenote_active":false,"_monsterinsights_sitenote_note":"","_monsterinsights_sitenote_category":0,"footnotes":""},"yoast_head":"<!-- This site is optimized with the Yoast SEO plugin v21.5 - https:\/\/yoast.com\/wordpress\/plugins\/seo\/ -->\n<title>Privacy Policy - Digital Culture - Erasmus+ European Project<\/title>\n<meta name=\"robots\" content=\"index, follow, max-snippet:-1, max-image-preview:large, max-video-preview:-1\" \/>\n<link rel=\"canonical\" href=\"https:\/\/digiculture.eu\/ro\/privacy-policy\/\" \/>\n<meta property=\"og:locale\" content=\"ro_RO\" \/>\n<meta property=\"og:type\" content=\"article\" \/>\n<meta property=\"og:title\" content=\"Privacy Policy - Digital Culture - Erasmus+ European Project\" \/>\n<meta property=\"og:description\" content=\"Your privacy is important to us. It is Politehnica University of Timisoara&#8217;s policy to respect your privacy and comply with any applicable law and regulation regarding any personal information we may collect about you, including across our website,&nbsp;https:\/\/digiculture.eu\/, and other sites we own and operate. This policy is effective asRead More &rarr;\" \/>\n<meta property=\"og:url\" content=\"https:\/\/digiculture.eu\/ro\/privacy-policy\/\" \/>\n<meta property=\"og:site_name\" content=\"Digital Culture - Erasmus+ European Project\" \/>\n<meta property=\"article:publisher\" content=\"https:\/\/www.facebook.com\/CultureDigi\" \/>\n<meta property=\"article:modified_time\" content=\"2021-04-18T16:00:43+00:00\" \/>\n<meta name=\"twitter:card\" content=\"summary_large_image\" \/>\n<meta name=\"twitter:site\" content=\"@elearning_upt\" \/>\n<meta name=\"twitter:label1\" content=\"Timp estimat pentru citire\" \/>\n\t<meta name=\"twitter:data1\" content=\"7 minute\" \/>\n<script type=\"application\/ld+json\" class=\"yoast-schema-graph\">{\"@context\":\"https:\/\/schema.org\",\"@graph\":[{\"@type\":\"WebPage\",\"@id\":\"https:\/\/digiculture.eu\/privacy-policy\/\",\"url\":\"https:\/\/digiculture.eu\/privacy-policy\/\",\"name\":\"Privacy Policy - Digital Culture - Erasmus+ European Project\",\"isPartOf\":{\"@id\":\"https:\/\/digiculture.eu\/#website\"},\"datePublished\":\"2021-04-05T20:15:33+00:00\",\"dateModified\":\"2021-04-18T16:00:43+00:00\",\"breadcrumb\":{\"@id\":\"https:\/\/digiculture.eu\/privacy-policy\/#breadcrumb\"},\"inLanguage\":\"ro-RO\",\"potentialAction\":[{\"@type\":\"ReadAction\",\"target\":[\"https:\/\/digiculture.eu\/privacy-policy\/\"]}]},{\"@type\":\"BreadcrumbList\",\"@id\":\"https:\/\/digiculture.eu\/privacy-policy\/#breadcrumb\",\"itemListElement\":[{\"@type\":\"ListItem\",\"position\":1,\"name\":\"Home\",\"item\":\"https:\/\/digiculture.eu\/\"},{\"@type\":\"ListItem\",\"position\":2,\"name\":\"Privacy Policy\"}]},{\"@type\":\"WebSite\",\"@id\":\"https:\/\/digiculture.eu\/#website\",\"url\":\"https:\/\/digiculture.eu\/\",\"name\":\"Digital Culture - Erasmus+ European Project\",\"description\":\"Improving the Digital Competences and Social Inclusion of Adults in Creative Industries\",\"publisher\":{\"@id\":\"https:\/\/digiculture.eu\/#organization\"},\"potentialAction\":[{\"@type\":\"SearchAction\",\"target\":{\"@type\":\"EntryPoint\",\"urlTemplate\":\"https:\/\/digiculture.eu\/?s={search_term_string}\"},\"query-input\":\"required name=search_term_string\"}],\"inLanguage\":\"ro-RO\"},{\"@type\":\"Organization\",\"@id\":\"https:\/\/digiculture.eu\/#organization\",\"name\":\"Digiculture\",\"url\":\"https:\/\/digiculture.eu\/\",\"logo\":{\"@type\":\"ImageObject\",\"inLanguage\":\"ro-RO\",\"@id\":\"https:\/\/digiculture.eu\/#\/schema\/logo\/image\/\",\"url\":\"https:\/\/digiculture.eu\/wp-content\/uploads\/2019\/01\/Logo-Digi-Culture.png\",\"contentUrl\":\"https:\/\/digiculture.eu\/wp-content\/uploads\/2019\/01\/Logo-Digi-Culture.png\",\"width\":934,\"height\":386,\"caption\":\"Digiculture\"},\"image\":{\"@id\":\"https:\/\/digiculture.eu\/#\/schema\/logo\/image\/\"},\"sameAs\":[\"https:\/\/www.facebook.com\/CultureDigi\",\"https:\/\/twitter.com\/elearning_upt\"]}]}<\/script>\n<!-- \/ Yoast SEO plugin. -->","yoast_head_json":{"title":"Privacy Policy - Digital Culture - Erasmus+ European Project","robots":{"index":"index","follow":"follow","max-snippet":"max-snippet:-1","max-image-preview":"max-image-preview:large","max-video-preview":"max-video-preview:-1"},"canonical":"https:\/\/digiculture.eu\/ro\/privacy-policy\/","og_locale":"ro_RO","og_type":"article","og_title":"Privacy Policy - Digital Culture - Erasmus+ European Project","og_description":"Your privacy is important to us. It is Politehnica University of Timisoara&#8217;s policy to respect your privacy and comply with any applicable law and regulation regarding any personal information we may collect about you, including across our website,&nbsp;https:\/\/digiculture.eu\/, and other sites we own and operate. This policy is effective asRead More &rarr;","og_url":"https:\/\/digiculture.eu\/ro\/privacy-policy\/","og_site_name":"Digital Culture - Erasmus+ European Project","article_publisher":"https:\/\/www.facebook.com\/CultureDigi","article_modified_time":"2021-04-18T16:00:43+00:00","twitter_card":"summary_large_image","twitter_site":"@elearning_upt","twitter_misc":{"Timp estimat pentru citire":"7 minute"},"schema":{"@context":"https:\/\/schema.org","@graph":[{"@type":"WebPage","@id":"https:\/\/digiculture.eu\/privacy-policy\/","url":"https:\/\/digiculture.eu\/privacy-policy\/","name":"Privacy Policy - Digital Culture - Erasmus+ European Project","isPartOf":{"@id":"https:\/\/digiculture.eu\/#website"},"datePublished":"2021-04-05T20:15:33+00:00","dateModified":"2021-04-18T16:00:43+00:00","breadcrumb":{"@id":"https:\/\/digiculture.eu\/privacy-policy\/#breadcrumb"},"inLanguage":"ro-RO","potentialAction":[{"@type":"ReadAction","target":["https:\/\/digiculture.eu\/privacy-policy\/"]}]},{"@type":"BreadcrumbList","@id":"https:\/\/digiculture.eu\/privacy-policy\/#breadcrumb","itemListElement":[{"@type":"ListItem","position":1,"name":"Home","item":"https:\/\/digiculture.eu\/"},{"@type":"ListItem","position":2,"name":"Privacy Policy"}]},{"@type":"WebSite","@id":"https:\/\/digiculture.eu\/#website","url":"https:\/\/digiculture.eu\/","name":"Digital Culture - Erasmus+ European Project","description":"Improving the Digital Competences and Social Inclusion of Adults in Creative Industries","publisher":{"@id":"https:\/\/digiculture.eu\/#organization"},"potentialAction":[{"@type":"SearchAction","target":{"@type":"EntryPoint","urlTemplate":"https:\/\/digiculture.eu\/?s={search_term_string}"},"query-input":"required name=search_term_string"}],"inLanguage":"ro-RO"},{"@type":"Organization","@id":"https:\/\/digiculture.eu\/#organization","name":"Digiculture","url":"https:\/\/digiculture.eu\/","logo":{"@type":"ImageObject","inLanguage":"ro-RO","@id":"https:\/\/digiculture.eu\/#\/schema\/logo\/image\/","url":"https:\/\/digiculture.eu\/wp-content\/uploads\/2019\/01\/Logo-Digi-Culture.png","contentUrl":"https:\/\/digiculture.eu\/wp-content\/uploads\/2019\/01\/Logo-Digi-Culture.png","width":934,"height":386,"caption":"Digiculture"},"image":{"@id":"https:\/\/digiculture.eu\/#\/schema\/logo\/image\/"},"sameAs":["https:\/\/www.facebook.com\/CultureDigi","https:\/\/twitter.com\/elearning_upt"]}]}},"_links":{"self":[{"href":"https:\/\/digiculture.eu\/ro\/wp-json\/wp\/v2\/pages\/3365"}],"collection":[{"href":"https:\/\/digiculture.eu\/ro\/wp-json\/wp\/v2\/pages"}],"about":[{"href":"https:\/\/digiculture.eu\/ro\/wp-json\/wp\/v2\/types\/page"}],"author":[{"embeddable":true,"href":"https:\/\/digiculture.eu\/ro\/wp-json\/wp\/v2\/users\/5"}],"replies":[{"embeddable":true,"href":"https:\/\/digiculture.eu\/ro\/wp-json\/wp\/v2\/comments?post=3365"}],"version-history":[{"count":3,"href":"https:\/\/digiculture.eu\/ro\/wp-json\/wp\/v2\/pages\/3365\/revisions"}],"predecessor-version":[{"id":3517,"href":"https:\/\/digiculture.eu\/ro\/wp-json\/wp\/v2\/pages\/3365\/revisions\/3517"}],"wp:attachment":[{"href":"https:\/\/digiculture.eu\/ro\/wp-json\/wp\/v2\/media?parent=3365"}],"curies":[{"name":"wp","href":"https:\/\/api.w.org\/{rel}","templated":true}]}}