{"id":2011,"date":"2019-02-24T21:58:13","date_gmt":"2019-02-24T19:58:13","guid":{"rendered":"https:\/\/digiculture.eu\/?page_id=2011"},"modified":"2019-02-24T22:01:52","modified_gmt":"2019-02-24T20:01:52","slug":"vytaute-monasteryckiene","status":"publish","type":"page","link":"https:\/\/digiculture.eu\/ro\/partners\/national-association-of-distance-education\/vytaute-monasteryckiene\/","title":{"rendered":"Vytaute Monasteryckiene"},"content":{"rendered":"<div data-elementor-type=\"wp-post\" data-elementor-id=\"2011\" class=\"elementor elementor-2011 elementor-bc-flex-widget\">\n\t\t\t\t\t\t\t\t\t<section class=\"elementor-section elementor-top-section elementor-element elementor-element-514f7c0 elementor-section-boxed elementor-section-height-default elementor-section-height-default\" data-id=\"514f7c0\" data-element_type=\"section\">\n\t\t\t\t\t\t<div class=\"elementor-container elementor-column-gap-default\">\n\t\t\t\t\t<div class=\"elementor-column elementor-col-33 elementor-top-column elementor-element elementor-element-2ff83c64\" data-id=\"2ff83c64\" data-element_type=\"column\">\n\t\t\t<div class=\"elementor-widget-wrap elementor-element-populated\">\n\t\t\t\t\t\t\t\t<div class=\"elementor-element elementor-element-71f9a9fb elementor-widget elementor-widget-image\" data-id=\"71f9a9fb\" data-element_type=\"widget\" data-widget_type=\"image.default\">\n\t\t\t\t<div class=\"elementor-widget-container\">\n\t\t\t\t\t\t\t\t\t\t\t\t\t\t\t<img loading=\"lazy\" decoding=\"async\" width=\"1024\" height=\"1024\" src=\"https:\/\/digiculture.eu\/wp-content\/uploads\/2019\/01\/Vytaute-Monasteryckiene-1024x1024.jpg\" class=\"attachment-large size-large wp-image-1866\" alt=\"\" srcset=\"https:\/\/digiculture.eu\/wp-content\/uploads\/2019\/01\/Vytaute-Monasteryckiene-1024x1024.jpg 1024w, https:\/\/digiculture.eu\/wp-content\/uploads\/2019\/01\/Vytaute-Monasteryckiene-150x150.jpg 150w, https:\/\/digiculture.eu\/wp-content\/uploads\/2019\/01\/Vytaute-Monasteryckiene-300x300.jpg 300w, https:\/\/digiculture.eu\/wp-content\/uploads\/2019\/01\/Vytaute-Monasteryckiene-768x768.jpg 768w, https:\/\/digiculture.eu\/wp-content\/uploads\/2019\/01\/Vytaute-Monasteryckiene-465x465.jpg 465w, https:\/\/digiculture.eu\/wp-content\/uploads\/2019\/01\/Vytaute-Monasteryckiene-500x500.jpg 500w, https:\/\/digiculture.eu\/wp-content\/uploads\/2019\/01\/Vytaute-Monasteryckiene.jpg 1081w\" sizes=\"(max-width: 1024px) 100vw, 1024px\" \/>\t\t\t\t\t\t\t\t\t\t\t\t\t\t\t<\/div>\n\t\t\t\t<\/div>\n\t\t\t\t<div class=\"elementor-element elementor-element-7e1ae5bb elementor-shape-rounded elementor-grid-0 e-grid-align-center elementor-widget elementor-widget-social-icons\" data-id=\"7e1ae5bb\" data-element_type=\"widget\" data-widget_type=\"social-icons.default\">\n\t\t\t\t<div class=\"elementor-widget-container\">\n\t\t\t\t\t<div class=\"elementor-social-icons-wrapper elementor-grid\">\n\t\t\t\t\t\t\t<span class=\"elementor-grid-item\">\n\t\t\t\t\t<a class=\"elementor-icon elementor-social-icon elementor-social-icon-envelope elementor-repeater-item-63b93f1\" href=\"mailto:asociacija@ndma.lt\" target=\"_blank\">\n\t\t\t\t\t\t<span class=\"elementor-screen-only\">Plic<\/span>\n\t\t\t\t\t\t\t\t\t\t\t\t\t<i class=\"fa fa-envelope\"><\/i>\n\t\t\t\t\t\t\t\t\t\t\t<\/a>\n\t\t\t\t<\/span>\n\t\t\t\t\t\t\t<span class=\"elementor-grid-item\">\n\t\t\t\t\t<a class=\"elementor-icon elementor-social-icon elementor-social-icon-linkedin elementor-repeater-item-613e6ce\" href=\"https:\/\/www.linkedin.com\/in\/vytaute-monastyreckiene\/\" target=\"_blank\">\n\t\t\t\t\t\t<span class=\"elementor-screen-only\">Linkedin<\/span>\n\t\t\t\t\t\t\t\t\t\t\t\t\t<i class=\"fa fa-linkedin\"><\/i>\n\t\t\t\t\t\t\t\t\t\t\t<\/a>\n\t\t\t\t<\/span>\n\t\t\t\t\t<\/div>\n\t\t\t\t<\/div>\n\t\t\t\t<\/div>\n\t\t\t\t\t<\/div>\n\t\t<\/div>\n\t\t\t\t<div class=\"elementor-column elementor-col-66 elementor-top-column elementor-element elementor-element-108120f9\" data-id=\"108120f9\" data-element_type=\"column\">\n\t\t\t<div class=\"elementor-widget-wrap elementor-element-populated\">\n\t\t\t\t\t\t\t\t<div class=\"elementor-element elementor-element-ee637be elementor-widget elementor-widget-heading\" data-id=\"ee637be\" data-element_type=\"widget\" data-widget_type=\"heading.default\">\n\t\t\t\t<div class=\"elementor-widget-container\">\n\t\t\t<h2 class=\"elementor-heading-title elementor-size-default\">Vytaute Monasteryckiene<\/h2>\t\t<\/div>\n\t\t\t\t<\/div>\n\t\t\t\t<div class=\"elementor-element elementor-element-1d1f44e elementor-widget elementor-widget-text-editor\" data-id=\"1d1f44e\" data-element_type=\"widget\" data-widget_type=\"text-editor.default\">\n\t\t\t\t<div class=\"elementor-widget-container\">\n\t\t\t\t\t\t\t<p>Vytaute Monastyreckiene este \u0219ef de administra\u021bie la Asocia\u021bia Na\u021bional\u0103 de Educa\u021bie la Distan\u021b\u0103. Unde este responsabil\u0103 pentru coordonarea activit\u0103\u021bilor administrative ale asocia\u021biei, comunicarea cu membrii acesteia \u0219i diseminarea informa\u021biilor despre proiectele \u00een curs \u0219i posibilit\u0103\u021bile de colaborare. \u00cen 2018 a devenit membru al comitetului organizator al conferin\u021bei na\u021bionale anuale \u201eTehnologii \u0219i aplica\u021bii avansate de \u00eenv\u0103\u021bare - ALTA\u201d \u0219i a fost responsabil\u0103 pentru partea principal\u0103 a problemelor organizatorice ale conferin\u021bei. Vytaute Monastyreckiene este, de asemenea, asistent manager de proiect la Kaunas University of Technology. \u00cen prezent, lucreaz\u0103 cu mai multe proiecte Erasmus + care conduc la dezvoltarea de programe de formare la distan\u021b\u0103 pentru speciali\u0219ti din diferite sfere.<\/p>\t\t\t\t\t\t<\/div>\n\t\t\t\t<\/div>\n\t\t\t\t\t<\/div>\n\t\t<\/div>\n\t\t\t\t\t\t\t<\/div>\n\t\t<\/section>\n\t\t\t\t\t\t\t<\/div>","protected":false},"excerpt":{"rendered":"<p>Envelope Linkedin Vytaute Monasteryckiene Vytaute Monastyreckiene is a head of administration at National Association of Distance Education. Where she is responsible for coordinating administrative activities of the association, communicating with it\u2019s members and disseminating information about ongoing projects and collaboration possibilities. In 2018 she became the member of organizing committee<span class=\"more-link\"><a href=\"https:\/\/digiculture.eu\/ro\/partners\/national-association-of-distance-education\/vytaute-monasteryckiene\/\">Read More &rarr;<\/a><\/span><\/p>","protected":false},"author":5,"featured_media":0,"parent":1965,"menu_order":0,"comment_status":"closed","ping_status":"closed","template":"","meta":{"_mi_skip_tracking":false,"_monsterinsights_sitenote_active":false,"_monsterinsights_sitenote_note":"","_monsterinsights_sitenote_category":0,"footnotes":""},"yoast_head":"<!-- This site is optimized with the Yoast SEO plugin v21.5 - https:\/\/yoast.com\/wordpress\/plugins\/seo\/ -->\n<title>Vytaute Monasteryckiene - Digital Culture - Erasmus+ European Project<\/title>\n<meta name=\"robots\" content=\"index, follow, max-snippet:-1, max-image-preview:large, max-video-preview:-1\" \/>\n<link rel=\"canonical\" href=\"https:\/\/digiculture.eu\/ro\/partners\/national-association-of-distance-education\/vytaute-monasteryckiene\/\" \/>\n<meta property=\"og:locale\" content=\"ro_RO\" \/>\n<meta property=\"og:type\" content=\"article\" \/>\n<meta property=\"og:title\" content=\"Vytaute Monasteryckiene - Digital Culture - Erasmus+ European Project\" \/>\n<meta property=\"og:description\" content=\"Envelope Linkedin Vytaute Monasteryckiene Vytaute Monastyreckiene is a head of administration at National Association of Distance Education. Where she is responsible for coordinating administrative activities of the association, communicating with it\u2019s members and disseminating information about ongoing projects and collaboration possibilities. In 2018 she became the member of organizing committeeRead More &rarr;\" \/>\n<meta property=\"og:url\" content=\"https:\/\/digiculture.eu\/ro\/partners\/national-association-of-distance-education\/vytaute-monasteryckiene\/\" \/>\n<meta property=\"og:site_name\" content=\"Digital Culture - Erasmus+ European Project\" \/>\n<meta property=\"article:publisher\" content=\"https:\/\/www.facebook.com\/CultureDigi\" \/>\n<meta property=\"article:modified_time\" content=\"2019-02-24T20:01:52+00:00\" \/>\n<meta property=\"og:image\" content=\"https:\/\/digiculture.eu\/wp-content\/uploads\/2019\/01\/Vytaute-Monasteryckiene-1024x1024.jpg\" \/>\n<meta name=\"twitter:card\" content=\"summary_large_image\" \/>\n<meta name=\"twitter:site\" content=\"@elearning_upt\" \/>\n<meta name=\"twitter:label1\" content=\"Timp estimat pentru citire\" \/>\n\t<meta name=\"twitter:data1\" content=\"1 minut\" \/>\n<script type=\"application\/ld+json\" class=\"yoast-schema-graph\">{\"@context\":\"https:\/\/schema.org\",\"@graph\":[{\"@type\":\"WebPage\",\"@id\":\"https:\/\/digiculture.eu\/partners\/national-association-of-distance-education\/vytaute-monasteryckiene\/\",\"url\":\"https:\/\/digiculture.eu\/partners\/national-association-of-distance-education\/vytaute-monasteryckiene\/\",\"name\":\"Vytaute Monasteryckiene - Digital Culture - Erasmus+ European Project\",\"isPartOf\":{\"@id\":\"https:\/\/digiculture.eu\/#website\"},\"datePublished\":\"2019-02-24T19:58:13+00:00\",\"dateModified\":\"2019-02-24T20:01:52+00:00\",\"breadcrumb\":{\"@id\":\"https:\/\/digiculture.eu\/partners\/national-association-of-distance-education\/vytaute-monasteryckiene\/#breadcrumb\"},\"inLanguage\":\"ro-RO\",\"potentialAction\":[{\"@type\":\"ReadAction\",\"target\":[\"https:\/\/digiculture.eu\/partners\/national-association-of-distance-education\/vytaute-monasteryckiene\/\"]}]},{\"@type\":\"BreadcrumbList\",\"@id\":\"https:\/\/digiculture.eu\/partners\/national-association-of-distance-education\/vytaute-monasteryckiene\/#breadcrumb\",\"itemListElement\":[{\"@type\":\"ListItem\",\"position\":1,\"name\":\"Home\",\"item\":\"https:\/\/digiculture.eu\/\"},{\"@type\":\"ListItem\",\"position\":2,\"name\":\"Partners\",\"item\":\"https:\/\/digiculture.eu\/partners\/\"},{\"@type\":\"ListItem\",\"position\":3,\"name\":\"National Association of Distance Education\",\"item\":\"https:\/\/digiculture.eu\/partners\/national-association-of-distance-education\/\"},{\"@type\":\"ListItem\",\"position\":4,\"name\":\"Vytaute Monasteryckiene\"}]},{\"@type\":\"WebSite\",\"@id\":\"https:\/\/digiculture.eu\/#website\",\"url\":\"https:\/\/digiculture.eu\/\",\"name\":\"Digital Culture - Erasmus+ European Project\",\"description\":\"Improving the Digital Competences and Social Inclusion of Adults in Creative Industries\",\"publisher\":{\"@id\":\"https:\/\/digiculture.eu\/#organization\"},\"potentialAction\":[{\"@type\":\"SearchAction\",\"target\":{\"@type\":\"EntryPoint\",\"urlTemplate\":\"https:\/\/digiculture.eu\/?s={search_term_string}\"},\"query-input\":\"required name=search_term_string\"}],\"inLanguage\":\"ro-RO\"},{\"@type\":\"Organization\",\"@id\":\"https:\/\/digiculture.eu\/#organization\",\"name\":\"Digiculture\",\"url\":\"https:\/\/digiculture.eu\/\",\"logo\":{\"@type\":\"ImageObject\",\"inLanguage\":\"ro-RO\",\"@id\":\"https:\/\/digiculture.eu\/#\/schema\/logo\/image\/\",\"url\":\"https:\/\/digiculture.eu\/wp-content\/uploads\/2019\/01\/Logo-Digi-Culture.png\",\"contentUrl\":\"https:\/\/digiculture.eu\/wp-content\/uploads\/2019\/01\/Logo-Digi-Culture.png\",\"width\":934,\"height\":386,\"caption\":\"Digiculture\"},\"image\":{\"@id\":\"https:\/\/digiculture.eu\/#\/schema\/logo\/image\/\"},\"sameAs\":[\"https:\/\/www.facebook.com\/CultureDigi\",\"https:\/\/twitter.com\/elearning_upt\"]}]}<\/script>\n<!-- \/ Yoast SEO plugin. -->","yoast_head_json":{"title":"Vytaute Monasteryckiene - Digital Culture - Erasmus+ European Project","robots":{"index":"index","follow":"follow","max-snippet":"max-snippet:-1","max-image-preview":"max-image-preview:large","max-video-preview":"max-video-preview:-1"},"canonical":"https:\/\/digiculture.eu\/ro\/partners\/national-association-of-distance-education\/vytaute-monasteryckiene\/","og_locale":"ro_RO","og_type":"article","og_title":"Vytaute Monasteryckiene - Digital Culture - Erasmus+ European Project","og_description":"Envelope Linkedin Vytaute Monasteryckiene Vytaute Monastyreckiene is a head of administration at National Association of Distance Education. Where she is responsible for coordinating administrative activities of the association, communicating with it\u2019s members and disseminating information about ongoing projects and collaboration possibilities. In 2018 she became the member of organizing committeeRead More &rarr;","og_url":"https:\/\/digiculture.eu\/ro\/partners\/national-association-of-distance-education\/vytaute-monasteryckiene\/","og_site_name":"Digital Culture - Erasmus+ European Project","article_publisher":"https:\/\/www.facebook.com\/CultureDigi","article_modified_time":"2019-02-24T20:01:52+00:00","og_image":[{"url":"https:\/\/digiculture.eu\/wp-content\/uploads\/2019\/01\/Vytaute-Monasteryckiene-1024x1024.jpg"}],"twitter_card":"summary_large_image","twitter_site":"@elearning_upt","twitter_misc":{"Timp estimat pentru citire":"1 minut"},"schema":{"@context":"https:\/\/schema.org","@graph":[{"@type":"WebPage","@id":"https:\/\/digiculture.eu\/partners\/national-association-of-distance-education\/vytaute-monasteryckiene\/","url":"https:\/\/digiculture.eu\/partners\/national-association-of-distance-education\/vytaute-monasteryckiene\/","name":"Vytaute Monasteryckiene - Digital Culture - Erasmus+ European Project","isPartOf":{"@id":"https:\/\/digiculture.eu\/#website"},"datePublished":"2019-02-24T19:58:13+00:00","dateModified":"2019-02-24T20:01:52+00:00","breadcrumb":{"@id":"https:\/\/digiculture.eu\/partners\/national-association-of-distance-education\/vytaute-monasteryckiene\/#breadcrumb"},"inLanguage":"ro-RO","potentialAction":[{"@type":"ReadAction","target":["https:\/\/digiculture.eu\/partners\/national-association-of-distance-education\/vytaute-monasteryckiene\/"]}]},{"@type":"BreadcrumbList","@id":"https:\/\/digiculture.eu\/partners\/national-association-of-distance-education\/vytaute-monasteryckiene\/#breadcrumb","itemListElement":[{"@type":"ListItem","position":1,"name":"Home","item":"https:\/\/digiculture.eu\/"},{"@type":"ListItem","position":2,"name":"Partners","item":"https:\/\/digiculture.eu\/partners\/"},{"@type":"ListItem","position":3,"name":"National Association of Distance Education","item":"https:\/\/digiculture.eu\/partners\/national-association-of-distance-education\/"},{"@type":"ListItem","position":4,"name":"Vytaute Monasteryckiene"}]},{"@type":"WebSite","@id":"https:\/\/digiculture.eu\/#website","url":"https:\/\/digiculture.eu\/","name":"Digital Culture - Erasmus+ European Project","description":"Improving the Digital Competences and Social Inclusion of Adults in Creative Industries","publisher":{"@id":"https:\/\/digiculture.eu\/#organization"},"potentialAction":[{"@type":"SearchAction","target":{"@type":"EntryPoint","urlTemplate":"https:\/\/digiculture.eu\/?s={search_term_string}"},"query-input":"required name=search_term_string"}],"inLanguage":"ro-RO"},{"@type":"Organization","@id":"https:\/\/digiculture.eu\/#organization","name":"Digiculture","url":"https:\/\/digiculture.eu\/","logo":{"@type":"ImageObject","inLanguage":"ro-RO","@id":"https:\/\/digiculture.eu\/#\/schema\/logo\/image\/","url":"https:\/\/digiculture.eu\/wp-content\/uploads\/2019\/01\/Logo-Digi-Culture.png","contentUrl":"https:\/\/digiculture.eu\/wp-content\/uploads\/2019\/01\/Logo-Digi-Culture.png","width":934,"height":386,"caption":"Digiculture"},"image":{"@id":"https:\/\/digiculture.eu\/#\/schema\/logo\/image\/"},"sameAs":["https:\/\/www.facebook.com\/CultureDigi","https:\/\/twitter.com\/elearning_upt"]}]}},"_links":{"self":[{"href":"https:\/\/digiculture.eu\/ro\/wp-json\/wp\/v2\/pages\/2011"}],"collection":[{"href":"https:\/\/digiculture.eu\/ro\/wp-json\/wp\/v2\/pages"}],"about":[{"href":"https:\/\/digiculture.eu\/ro\/wp-json\/wp\/v2\/types\/page"}],"author":[{"embeddable":true,"href":"https:\/\/digiculture.eu\/ro\/wp-json\/wp\/v2\/users\/5"}],"replies":[{"embeddable":true,"href":"https:\/\/digiculture.eu\/ro\/wp-json\/wp\/v2\/comments?post=2011"}],"version-history":[{"count":2,"href":"https:\/\/digiculture.eu\/ro\/wp-json\/wp\/v2\/pages\/2011\/revisions"}],"predecessor-version":[{"id":2014,"href":"https:\/\/digiculture.eu\/ro\/wp-json\/wp\/v2\/pages\/2011\/revisions\/2014"}],"up":[{"embeddable":true,"href":"https:\/\/digiculture.eu\/ro\/wp-json\/wp\/v2\/pages\/1965"}],"wp:attachment":[{"href":"https:\/\/digiculture.eu\/ro\/wp-json\/wp\/v2\/media?parent=2011"}],"curies":[{"name":"wp","href":"https:\/\/api.w.org\/{rel}","templated":true}]}}