{"id":1734,"date":"2019-01-20T17:21:29","date_gmt":"2019-01-20T17:21:29","guid":{"rendered":"https:\/\/digiculture.eu\/wordpress\/?page_id=1734"},"modified":"2020-12-08T16:52:32","modified_gmt":"2020-12-08T14:52:32","slug":"outputs","status":"publish","type":"page","link":"https:\/\/digiculture.eu\/ro\/outputs\/","title":{"rendered":"Livrabile"},"content":{"rendered":"<p>Obiectivele DigitalCulture:<\/p>\n<ul>\n<li>Cre\u0219terea gradului de con\u0219tientizare a nevoii de formare \u00een competen\u021bele digitale pentru industriile creative<\/li>\n<li>Proiectarea \u0219i validarea unor ghiduri transna\u021bionale pentru competen\u021bele digitale \u00een industriile creative<\/li>\n<li>Crearea unui hub de \u00eenv\u0103\u021bare virtual\u0103 integrat ca online \u0219i mobil<\/li>\n<li>Proiectarea, dezvoltarea \u0219i livrarea unui curs de competen\u021be digitale \u0219i incluziune social\u0103 pentru industrii creative, o resurs\u0103 de tip OER tradus\u0103 \u00een toate limbile partenerilor, livrat\u0103 ca un mix de curs de tip \u201eblended learning\u201d \u0219i un curs de tip MOOC complet online pentru grupul \u021bint\u0103<\/li>\n<li>\u00cembun\u0103t\u0103\u021birea realiz\u0103rii \u0219i recunoa\u0219terii abilit\u0103\u021bilor digitale prin \u00eenv\u0103\u021barea formal\u0103 \u0219i informal\u0103 prin introducerea evalu\u0103rii electronice a competen\u021belor digitale \u0219i insignelor deschise pentru educa\u021bia adul\u021bilor \u00een IC<\/li>\n<li>Livrarea unor experien\u021be de \u00eenv\u0103\u021bare antrenante \u0219i eficiente \u00een cursul competen\u021belor digitale pentru IC<\/li>\n<li>Consolidarea colaborar\u0103rii \u00eentre furnizorii de educa\u021bie, universit\u0103\u021bi, institu\u021bii \u0219i asocia\u021bii culturale \u0219i de patrimoniu, actori culturali, muncitori \u0219i voluntari<\/li>\n<li>Furnizarea de dovezi cu privire la modul \u00een care realizarea, evaluarea \u0219i validarea abilit\u0103\u021bilor digitale contribuie la \u00eensu\u0219irea de noi abilit\u0103\u021bi \u00een industriile creative<\/li>\n<\/ul>\n<p>Exist\u0103 6 rezultate intelectuale \u00eemp\u0103r\u021bite \u00een 21 de etape \u0219i rezultate:<\/p>\n\n\n<div class=\"wp-block-columns has-2-columns is-layout-flex wp-container-core-columns-layout-1 wp-block-columns-is-layout-flex\">\n<div class=\"wp-block-column is-layout-flow wp-block-column-is-layout-flow\">\n<p>O1 <a href=\"https:\/\/digiculture.eu\/ro\/category\/outputs\/output-1-conceptual-guidelines-for-digital-competences-for-culture\/\">Rezultatul 1 - Liniile directoare conceptuale pentru competen\u021bele digitale pentru cultur\u0103<\/a><\/p>\n<\/div>\n\n\n\n<div class=\"wp-block-column is-layout-flow wp-block-column-is-layout-flow\">\n<p>O2  <a href=\"https:\/\/digiculture.eu\/ro\/output-2\/\">Rezultatul 2 - Hub de \u00eenv\u0103\u021bare virtual integrat - platform\u0103 MOOC online \u0219i mobil\u0103<\/a> <\/p>\n<\/div>\n<\/div>\n\n\n\n<div class=\"wp-block-columns has-2-columns is-layout-flex wp-container-core-columns-layout-2 wp-block-columns-is-layout-flex\">\n<div class=\"wp-block-column is-layout-flow wp-block-column-is-layout-flow\">\n<p>O3  <a href=\"https:\/\/digiculture.eu\/ro\/category\/outputs\/output-3-the-digital-skills-for-culture-online-course-dsc\/\">Rezultatul 3 - Curs online de abilit\u0103\u021bi digitale pentru cultur\u0103 (DSC<\/a>) <\/p>\n<\/div>\n\n\n\n<div class=\"wp-block-column is-layout-flow wp-block-column-is-layout-flow\">\n<p>O4 <a href=\"https:\/\/digiculture.eu\/ro\/category\/outputs\/output-4\/\">Rezultatul 4 - Evaluarea electronic\u0103 a abilit\u0103\u021bilor digitale \u0219i ecusoane digitale deschise pentru educa\u021bia adul\u021bilor<\/a><\/p>\n<\/div>\n<\/div>\n\n\n\n<div class=\"wp-block-columns has-2-columns is-layout-flex wp-container-core-columns-layout-3 wp-block-columns-is-layout-flex\">\n<div class=\"wp-block-column is-layout-flow wp-block-column-is-layout-flow\">\n<p>O5  <\/p>\n<\/div>\n\n\n\n<div class=\"wp-block-column is-layout-flow wp-block-column-is-layout-flow\">\n<p>O6 <a href=\"https:\/\/digiculture.eu\/ro\/category\/outputs\/output-6\/\">Rezultatul 6 -Evaluarea eficacit\u0103\u021bii cursului Abilit\u0103\u021bi digitale pentru cultur\u0103, asigurarea calit\u0103\u021bii<\/a><\/p>\n<\/div>\n<\/div>","protected":false},"excerpt":{"rendered":"<p>outputs &#8230;&#8230;<span class=\"more-link\"><a href=\"https:\/\/digiculture.eu\/ro\/outputs\/\">Read More &rarr;<\/a><\/span><\/p>","protected":false},"author":5,"featured_media":0,"parent":0,"menu_order":0,"comment_status":"closed","ping_status":"closed","template":"","meta":{"_mi_skip_tracking":false,"_monsterinsights_sitenote_active":false,"_monsterinsights_sitenote_note":"","_monsterinsights_sitenote_category":0,"footnotes":""},"yoast_head":"<!-- This site is optimized with the Yoast SEO plugin v21.5 - https:\/\/yoast.com\/wordpress\/plugins\/seo\/ -->\n<title>Outputs - Digital Culture - Erasmus+ European Project<\/title>\n<meta name=\"robots\" content=\"index, follow, max-snippet:-1, max-image-preview:large, max-video-preview:-1\" \/>\n<link rel=\"canonical\" href=\"https:\/\/digiculture.eu\/ro\/outputs\/\" \/>\n<meta property=\"og:locale\" content=\"ro_RO\" \/>\n<meta property=\"og:type\" content=\"article\" \/>\n<meta property=\"og:title\" content=\"Outputs - Digital Culture - Erasmus+ European Project\" \/>\n<meta property=\"og:description\" content=\"outputs ......Read More &rarr;\" \/>\n<meta property=\"og:url\" content=\"https:\/\/digiculture.eu\/ro\/outputs\/\" \/>\n<meta property=\"og:site_name\" content=\"Digital Culture - Erasmus+ European Project\" \/>\n<meta property=\"article:publisher\" content=\"https:\/\/www.facebook.com\/CultureDigi\" \/>\n<meta property=\"article:modified_time\" content=\"2020-12-08T14:52:32+00:00\" \/>\n<meta name=\"twitter:card\" content=\"summary_large_image\" \/>\n<meta name=\"twitter:site\" content=\"@elearning_upt\" \/>\n<meta name=\"twitter:label1\" content=\"Timp estimat pentru citire\" \/>\n\t<meta name=\"twitter:data1\" content=\"1 minut\" \/>\n<script type=\"application\/ld+json\" class=\"yoast-schema-graph\">{\"@context\":\"https:\/\/schema.org\",\"@graph\":[{\"@type\":\"WebPage\",\"@id\":\"https:\/\/digiculture.eu\/outputs\/\",\"url\":\"https:\/\/digiculture.eu\/outputs\/\",\"name\":\"Outputs - Digital Culture - Erasmus+ European Project\",\"isPartOf\":{\"@id\":\"https:\/\/digiculture.eu\/#website\"},\"datePublished\":\"2019-01-20T17:21:29+00:00\",\"dateModified\":\"2020-12-08T14:52:32+00:00\",\"breadcrumb\":{\"@id\":\"https:\/\/digiculture.eu\/outputs\/#breadcrumb\"},\"inLanguage\":\"ro-RO\",\"potentialAction\":[{\"@type\":\"ReadAction\",\"target\":[\"https:\/\/digiculture.eu\/outputs\/\"]}]},{\"@type\":\"BreadcrumbList\",\"@id\":\"https:\/\/digiculture.eu\/outputs\/#breadcrumb\",\"itemListElement\":[{\"@type\":\"ListItem\",\"position\":1,\"name\":\"Home\",\"item\":\"https:\/\/digiculture.eu\/\"},{\"@type\":\"ListItem\",\"position\":2,\"name\":\"Outputs\"}]},{\"@type\":\"WebSite\",\"@id\":\"https:\/\/digiculture.eu\/#website\",\"url\":\"https:\/\/digiculture.eu\/\",\"name\":\"Digital Culture - Erasmus+ European Project\",\"description\":\"Improving the Digital Competences and Social Inclusion of Adults in Creative Industries\",\"publisher\":{\"@id\":\"https:\/\/digiculture.eu\/#organization\"},\"potentialAction\":[{\"@type\":\"SearchAction\",\"target\":{\"@type\":\"EntryPoint\",\"urlTemplate\":\"https:\/\/digiculture.eu\/?s={search_term_string}\"},\"query-input\":\"required name=search_term_string\"}],\"inLanguage\":\"ro-RO\"},{\"@type\":\"Organization\",\"@id\":\"https:\/\/digiculture.eu\/#organization\",\"name\":\"Digiculture\",\"url\":\"https:\/\/digiculture.eu\/\",\"logo\":{\"@type\":\"ImageObject\",\"inLanguage\":\"ro-RO\",\"@id\":\"https:\/\/digiculture.eu\/#\/schema\/logo\/image\/\",\"url\":\"https:\/\/digiculture.eu\/wp-content\/uploads\/2019\/01\/Logo-Digi-Culture.png\",\"contentUrl\":\"https:\/\/digiculture.eu\/wp-content\/uploads\/2019\/01\/Logo-Digi-Culture.png\",\"width\":934,\"height\":386,\"caption\":\"Digiculture\"},\"image\":{\"@id\":\"https:\/\/digiculture.eu\/#\/schema\/logo\/image\/\"},\"sameAs\":[\"https:\/\/www.facebook.com\/CultureDigi\",\"https:\/\/twitter.com\/elearning_upt\"]}]}<\/script>\n<!-- \/ Yoast SEO plugin. -->","yoast_head_json":{"title":"Outputs - Digital Culture - Erasmus+ European Project","robots":{"index":"index","follow":"follow","max-snippet":"max-snippet:-1","max-image-preview":"max-image-preview:large","max-video-preview":"max-video-preview:-1"},"canonical":"https:\/\/digiculture.eu\/ro\/outputs\/","og_locale":"ro_RO","og_type":"article","og_title":"Outputs - Digital Culture - Erasmus+ European Project","og_description":"outputs ......Read More &rarr;","og_url":"https:\/\/digiculture.eu\/ro\/outputs\/","og_site_name":"Digital Culture - Erasmus+ European Project","article_publisher":"https:\/\/www.facebook.com\/CultureDigi","article_modified_time":"2020-12-08T14:52:32+00:00","twitter_card":"summary_large_image","twitter_site":"@elearning_upt","twitter_misc":{"Timp estimat pentru citire":"1 minut"},"schema":{"@context":"https:\/\/schema.org","@graph":[{"@type":"WebPage","@id":"https:\/\/digiculture.eu\/outputs\/","url":"https:\/\/digiculture.eu\/outputs\/","name":"Outputs - Digital Culture - Erasmus+ European Project","isPartOf":{"@id":"https:\/\/digiculture.eu\/#website"},"datePublished":"2019-01-20T17:21:29+00:00","dateModified":"2020-12-08T14:52:32+00:00","breadcrumb":{"@id":"https:\/\/digiculture.eu\/outputs\/#breadcrumb"},"inLanguage":"ro-RO","potentialAction":[{"@type":"ReadAction","target":["https:\/\/digiculture.eu\/outputs\/"]}]},{"@type":"BreadcrumbList","@id":"https:\/\/digiculture.eu\/outputs\/#breadcrumb","itemListElement":[{"@type":"ListItem","position":1,"name":"Home","item":"https:\/\/digiculture.eu\/"},{"@type":"ListItem","position":2,"name":"Outputs"}]},{"@type":"WebSite","@id":"https:\/\/digiculture.eu\/#website","url":"https:\/\/digiculture.eu\/","name":"Digital Culture - Erasmus+ European Project","description":"Improving the Digital Competences and Social Inclusion of Adults in Creative Industries","publisher":{"@id":"https:\/\/digiculture.eu\/#organization"},"potentialAction":[{"@type":"SearchAction","target":{"@type":"EntryPoint","urlTemplate":"https:\/\/digiculture.eu\/?s={search_term_string}"},"query-input":"required name=search_term_string"}],"inLanguage":"ro-RO"},{"@type":"Organization","@id":"https:\/\/digiculture.eu\/#organization","name":"Digiculture","url":"https:\/\/digiculture.eu\/","logo":{"@type":"ImageObject","inLanguage":"ro-RO","@id":"https:\/\/digiculture.eu\/#\/schema\/logo\/image\/","url":"https:\/\/digiculture.eu\/wp-content\/uploads\/2019\/01\/Logo-Digi-Culture.png","contentUrl":"https:\/\/digiculture.eu\/wp-content\/uploads\/2019\/01\/Logo-Digi-Culture.png","width":934,"height":386,"caption":"Digiculture"},"image":{"@id":"https:\/\/digiculture.eu\/#\/schema\/logo\/image\/"},"sameAs":["https:\/\/www.facebook.com\/CultureDigi","https:\/\/twitter.com\/elearning_upt"]}]}},"_links":{"self":[{"href":"https:\/\/digiculture.eu\/ro\/wp-json\/wp\/v2\/pages\/1734"}],"collection":[{"href":"https:\/\/digiculture.eu\/ro\/wp-json\/wp\/v2\/pages"}],"about":[{"href":"https:\/\/digiculture.eu\/ro\/wp-json\/wp\/v2\/types\/page"}],"author":[{"embeddable":true,"href":"https:\/\/digiculture.eu\/ro\/wp-json\/wp\/v2\/users\/5"}],"replies":[{"embeddable":true,"href":"https:\/\/digiculture.eu\/ro\/wp-json\/wp\/v2\/comments?post=1734"}],"version-history":[{"count":11,"href":"https:\/\/digiculture.eu\/ro\/wp-json\/wp\/v2\/pages\/1734\/revisions"}],"predecessor-version":[{"id":2744,"href":"https:\/\/digiculture.eu\/ro\/wp-json\/wp\/v2\/pages\/1734\/revisions\/2744"}],"wp:attachment":[{"href":"https:\/\/digiculture.eu\/ro\/wp-json\/wp\/v2\/media?parent=1734"}],"curies":[{"name":"wp","href":"https:\/\/api.w.org\/{rel}","templated":true}]}}