{"id":3877,"date":"2021-05-13T11:26:24","date_gmt":"2021-05-13T08:26:24","guid":{"rendered":"https:\/\/digiculture.eu\/?page_id=3877"},"modified":"2021-05-13T11:26:25","modified_gmt":"2021-05-13T08:26:25","slug":"online-digiculture-webinar-in-italy-developing-teachers-digital-skills-through-moocs-and-oers-in-a-museum-context","status":"publish","type":"page","link":"https:\/\/digiculture.eu\/lt\/online-digiculture-webinar-in-italy-developing-teachers-digital-skills-through-moocs-and-oers-in-a-museum-context\/","title":{"rendered":"Internetinis \u201eDigiCulture\u201c internetinis seminaras Italijoje \u201eMokytoj\u0173 skaitmenini\u0173 \u012fg\u016bd\u017ei\u0173 ugdymas per MOOC ir OER muziejaus kontekste\u201c"},"content":{"rendered":"<p>19 dien\u0105<sup>.<\/sup> 2021 m. Kovo 4 d. Buvo pristatytos \u201eDigiCulture\u201c dirbtuv\u0117s<sup>.<\/sup> \u201eFiera Didacta\u201c leidimas, nepamir\u0161tamas susitikimas mokytojams, vadovams, treneriams ir kiekvienam asmeniui, dirban\u010diam \u0161vietimo srityje: tai svarbiausias \u012fvykis, susij\u0119s su naujov\u0117mis mokykloje Italijoje.<\/p>\n\n\n\n<p>Skaitmenin\u0117s dirbtuv\u0117s suteikia dalyviams galimyb\u0119 sukurti MOOC gaires d\u0117l skaitmenini\u0173 \u012fg\u016bd\u017ei\u0173, skirt\u0173 k\u016brybini\u0173 industrij\u0173 (KI) suinteresuotiesiems subjektams. Seminaro metu dalyvi\u0173 buvo papra\u0161yta dirbti ma\u017eose tarpdisciplinin\u0117se grup\u0117se, kad b\u016bt\u0173 sukurtas MOOC apie skaitmenini\u0173 kompetencij\u0173 ugdym\u0105 \u0161vietimo srityje, kuris b\u016bt\u0173 integruotas \u012f DAD, atsi\u017evelgiant \u012f skirtingus \u0161vietimo lygius.<\/p>\n\n\n\n<p>Antonella Poce ir Maria Rosaria Re papasakojo apie skaitmenini\u0173 \u012fg\u016bd\u017ei\u0173 ugdym\u0105 per MOOCs ir OER muziejaus kontekste ir pristat\u0117 \u201eDigiCulture\u201c skaitmenini\u0173 \u012fg\u016bd\u017ei\u0173 ugdymo kursus KI specialistams.<\/p>\n\n\n\n<p>Diskusijos vyko internete, jos buvo skirtos skatinti ir stiprinti pagrindini\u0173 \u0161vietimo sistema besidomin\u010di\u0173 veik\u0117j\u0173 dialog\u0105 ir palengvinti skaitmenini\u0173 \u012fg\u016bd\u017ei\u0173 populiarinim\u0105 muziej\u0173 kontekste. Pristatymas suk\u0117l\u0117 susidom\u0117jim\u0105 15 dalyvi\u0173, o po jo sek\u0117 konstruktyvi\u0173 ir \u012fdomi\u0173 klausim\u0173 bei diskusij\u0173 pokalbi\u0173 zonoje serija.<\/p>","protected":false},"excerpt":{"rendered":"<p>2021 m. Kovo 19 d. \u201eDigiCulture\u201c dirbtuv\u0117s buvo pristatytos 4-ojo \u201eFiera Didacta\u201c leidimo metu. Tai buvo nei\u0161vengiamas susitikimas, skirtas mokytojams, direktoriams, treneriams ir visiems \u0161vietimo srityje dirbantiems \u017emon\u0117ms: tai svarbiausias renginys apie naujoves Italijos mokykloje. Digikult\u016bros seminaras suteikia dalyviams galimyb\u0119<span class=\"more-link\"><a href=\"https:\/\/digiculture.eu\/lt\/online-digiculture-webinar-in-italy-developing-teachers-digital-skills-through-moocs-and-oers-in-a-museum-context\/\">Read More &rarr;<\/a><\/span><\/p>","protected":false},"author":8,"featured_media":3875,"parent":0,"menu_order":0,"comment_status":"closed","ping_status":"closed","template":"","meta":{"_mi_skip_tracking":false,"_monsterinsights_sitenote_active":false,"_monsterinsights_sitenote_note":"","_monsterinsights_sitenote_category":0,"footnotes":""},"yoast_head":"<!-- This site is optimized with the Yoast SEO plugin v21.5 - https:\/\/yoast.com\/wordpress\/plugins\/seo\/ -->\n<title>Online DigiCulture webinar in Italy &quot;Developing teachers&#039; digital skills through MOOCs and OERs in a museum context&quot; - Digital Culture - Erasmus+ European Project<\/title>\n<meta name=\"robots\" content=\"index, follow, max-snippet:-1, max-image-preview:large, max-video-preview:-1\" \/>\n<link rel=\"canonical\" href=\"https:\/\/digiculture.eu\/lt\/online-digiculture-webinar-in-italy-developing-teachers-digital-skills-through-moocs-and-oers-in-a-museum-context\/\" \/>\n<meta property=\"og:locale\" content=\"lt_LT\" \/>\n<meta property=\"og:type\" content=\"article\" \/>\n<meta property=\"og:title\" content=\"Online DigiCulture webinar in Italy &quot;Developing teachers&#039; digital skills through MOOCs and OERs in a museum context&quot; - Digital Culture - Erasmus+ European Project\" \/>\n<meta property=\"og:description\" content=\"On the 19th March 2021, DigiCulture workshop was presented during the 4th edition of Fiera Didacta, an unmissable meeting for teachers, headmasters, trainers and every person who works in educational field: it is the most important event about innovation at school in Italy. Digiculture workshop gives participants the opportunity toRead More &rarr;\" \/>\n<meta property=\"og:url\" content=\"https:\/\/digiculture.eu\/lt\/online-digiculture-webinar-in-italy-developing-teachers-digital-skills-through-moocs-and-oers-in-a-museum-context\/\" \/>\n<meta property=\"og:site_name\" content=\"Digital Culture - Erasmus+ European Project\" \/>\n<meta property=\"article:publisher\" content=\"https:\/\/www.facebook.com\/CultureDigi\" \/>\n<meta property=\"article:modified_time\" content=\"2021-05-13T08:26:25+00:00\" \/>\n<meta property=\"og:image\" content=\"https:\/\/digiculture.eu\/wp-content\/uploads\/2021\/05\/Schermata-2021-03-19-alle-15.07.01.png\" \/>\n\t<meta property=\"og:image:width\" content=\"1325\" \/>\n\t<meta property=\"og:image:height\" content=\"898\" \/>\n\t<meta property=\"og:image:type\" content=\"image\/png\" \/>\n<meta name=\"twitter:card\" content=\"summary_large_image\" \/>\n<meta name=\"twitter:site\" content=\"@elearning_upt\" \/>\n<meta name=\"twitter:label1\" content=\"Est. reading time\" \/>\n\t<meta name=\"twitter:data1\" content=\"1 minut\u0117\" \/>\n<script type=\"application\/ld+json\" class=\"yoast-schema-graph\">{\"@context\":\"https:\/\/schema.org\",\"@graph\":[{\"@type\":\"WebPage\",\"@id\":\"https:\/\/digiculture.eu\/online-digiculture-webinar-in-italy-developing-teachers-digital-skills-through-moocs-and-oers-in-a-museum-context\/\",\"url\":\"https:\/\/digiculture.eu\/online-digiculture-webinar-in-italy-developing-teachers-digital-skills-through-moocs-and-oers-in-a-museum-context\/\",\"name\":\"Online DigiCulture webinar in Italy \\\"Developing teachers' digital skills through MOOCs and OERs in a museum context\\\" - Digital Culture - Erasmus+ European Project\",\"isPartOf\":{\"@id\":\"https:\/\/digiculture.eu\/#website\"},\"datePublished\":\"2021-05-13T08:26:24+00:00\",\"dateModified\":\"2021-05-13T08:26:25+00:00\",\"breadcrumb\":{\"@id\":\"https:\/\/digiculture.eu\/online-digiculture-webinar-in-italy-developing-teachers-digital-skills-through-moocs-and-oers-in-a-museum-context\/#breadcrumb\"},\"inLanguage\":\"lt-LT\",\"potentialAction\":[{\"@type\":\"ReadAction\",\"target\":[\"https:\/\/digiculture.eu\/online-digiculture-webinar-in-italy-developing-teachers-digital-skills-through-moocs-and-oers-in-a-museum-context\/\"]}]},{\"@type\":\"BreadcrumbList\",\"@id\":\"https:\/\/digiculture.eu\/online-digiculture-webinar-in-italy-developing-teachers-digital-skills-through-moocs-and-oers-in-a-museum-context\/#breadcrumb\",\"itemListElement\":[{\"@type\":\"ListItem\",\"position\":1,\"name\":\"Home\",\"item\":\"https:\/\/digiculture.eu\/\"},{\"@type\":\"ListItem\",\"position\":2,\"name\":\"Online DigiCulture webinar in Italy &#8220;Developing teachers&#8217; digital skills through MOOCs and OERs in a museum context&#8221;\"}]},{\"@type\":\"WebSite\",\"@id\":\"https:\/\/digiculture.eu\/#website\",\"url\":\"https:\/\/digiculture.eu\/\",\"name\":\"Digital Culture - Erasmus+ European Project\",\"description\":\"Improving the Digital Competences and Social Inclusion of Adults in Creative Industries\",\"publisher\":{\"@id\":\"https:\/\/digiculture.eu\/#organization\"},\"potentialAction\":[{\"@type\":\"SearchAction\",\"target\":{\"@type\":\"EntryPoint\",\"urlTemplate\":\"https:\/\/digiculture.eu\/?s={search_term_string}\"},\"query-input\":\"required name=search_term_string\"}],\"inLanguage\":\"lt-LT\"},{\"@type\":\"Organization\",\"@id\":\"https:\/\/digiculture.eu\/#organization\",\"name\":\"Digiculture\",\"url\":\"https:\/\/digiculture.eu\/\",\"logo\":{\"@type\":\"ImageObject\",\"inLanguage\":\"lt-LT\",\"@id\":\"https:\/\/digiculture.eu\/#\/schema\/logo\/image\/\",\"url\":\"https:\/\/digiculture.eu\/wp-content\/uploads\/2019\/01\/Logo-Digi-Culture.png\",\"contentUrl\":\"https:\/\/digiculture.eu\/wp-content\/uploads\/2019\/01\/Logo-Digi-Culture.png\",\"width\":934,\"height\":386,\"caption\":\"Digiculture\"},\"image\":{\"@id\":\"https:\/\/digiculture.eu\/#\/schema\/logo\/image\/\"},\"sameAs\":[\"https:\/\/www.facebook.com\/CultureDigi\",\"https:\/\/twitter.com\/elearning_upt\"]}]}<\/script>\n<!-- \/ Yoast SEO plugin. -->","yoast_head_json":{"title":"Online DigiCulture webinar in Italy \"Developing teachers' digital skills through MOOCs and OERs in a museum context\" - Digital Culture - Erasmus+ European Project","robots":{"index":"index","follow":"follow","max-snippet":"max-snippet:-1","max-image-preview":"max-image-preview:large","max-video-preview":"max-video-preview:-1"},"canonical":"https:\/\/digiculture.eu\/lt\/online-digiculture-webinar-in-italy-developing-teachers-digital-skills-through-moocs-and-oers-in-a-museum-context\/","og_locale":"lt_LT","og_type":"article","og_title":"Online DigiCulture webinar in Italy \"Developing teachers' digital skills through MOOCs and OERs in a museum context\" - Digital Culture - Erasmus+ European Project","og_description":"On the 19th March 2021, DigiCulture workshop was presented during the 4th edition of Fiera Didacta, an unmissable meeting for teachers, headmasters, trainers and every person who works in educational field: it is the most important event about innovation at school in Italy. Digiculture workshop gives participants the opportunity toRead More &rarr;","og_url":"https:\/\/digiculture.eu\/lt\/online-digiculture-webinar-in-italy-developing-teachers-digital-skills-through-moocs-and-oers-in-a-museum-context\/","og_site_name":"Digital Culture - Erasmus+ European Project","article_publisher":"https:\/\/www.facebook.com\/CultureDigi","article_modified_time":"2021-05-13T08:26:25+00:00","og_image":[{"width":1325,"height":898,"url":"https:\/\/digiculture.eu\/wp-content\/uploads\/2021\/05\/Schermata-2021-03-19-alle-15.07.01.png","type":"image\/png"}],"twitter_card":"summary_large_image","twitter_site":"@elearning_upt","twitter_misc":{"Est. reading time":"1 minut\u0117"},"schema":{"@context":"https:\/\/schema.org","@graph":[{"@type":"WebPage","@id":"https:\/\/digiculture.eu\/online-digiculture-webinar-in-italy-developing-teachers-digital-skills-through-moocs-and-oers-in-a-museum-context\/","url":"https:\/\/digiculture.eu\/online-digiculture-webinar-in-italy-developing-teachers-digital-skills-through-moocs-and-oers-in-a-museum-context\/","name":"Online DigiCulture webinar in Italy \"Developing teachers' digital skills through MOOCs and OERs in a museum context\" - Digital Culture - Erasmus+ European Project","isPartOf":{"@id":"https:\/\/digiculture.eu\/#website"},"datePublished":"2021-05-13T08:26:24+00:00","dateModified":"2021-05-13T08:26:25+00:00","breadcrumb":{"@id":"https:\/\/digiculture.eu\/online-digiculture-webinar-in-italy-developing-teachers-digital-skills-through-moocs-and-oers-in-a-museum-context\/#breadcrumb"},"inLanguage":"lt-LT","potentialAction":[{"@type":"ReadAction","target":["https:\/\/digiculture.eu\/online-digiculture-webinar-in-italy-developing-teachers-digital-skills-through-moocs-and-oers-in-a-museum-context\/"]}]},{"@type":"BreadcrumbList","@id":"https:\/\/digiculture.eu\/online-digiculture-webinar-in-italy-developing-teachers-digital-skills-through-moocs-and-oers-in-a-museum-context\/#breadcrumb","itemListElement":[{"@type":"ListItem","position":1,"name":"Home","item":"https:\/\/digiculture.eu\/"},{"@type":"ListItem","position":2,"name":"Online DigiCulture webinar in Italy &#8220;Developing teachers&#8217; digital skills through MOOCs and OERs in a museum context&#8221;"}]},{"@type":"WebSite","@id":"https:\/\/digiculture.eu\/#website","url":"https:\/\/digiculture.eu\/","name":"Digital Culture - Erasmus+ European Project","description":"Improving the Digital Competences and Social Inclusion of Adults in Creative Industries","publisher":{"@id":"https:\/\/digiculture.eu\/#organization"},"potentialAction":[{"@type":"SearchAction","target":{"@type":"EntryPoint","urlTemplate":"https:\/\/digiculture.eu\/?s={search_term_string}"},"query-input":"required name=search_term_string"}],"inLanguage":"lt-LT"},{"@type":"Organization","@id":"https:\/\/digiculture.eu\/#organization","name":"Digiculture","url":"https:\/\/digiculture.eu\/","logo":{"@type":"ImageObject","inLanguage":"lt-LT","@id":"https:\/\/digiculture.eu\/#\/schema\/logo\/image\/","url":"https:\/\/digiculture.eu\/wp-content\/uploads\/2019\/01\/Logo-Digi-Culture.png","contentUrl":"https:\/\/digiculture.eu\/wp-content\/uploads\/2019\/01\/Logo-Digi-Culture.png","width":934,"height":386,"caption":"Digiculture"},"image":{"@id":"https:\/\/digiculture.eu\/#\/schema\/logo\/image\/"},"sameAs":["https:\/\/www.facebook.com\/CultureDigi","https:\/\/twitter.com\/elearning_upt"]}]}},"_links":{"self":[{"href":"https:\/\/digiculture.eu\/lt\/wp-json\/wp\/v2\/pages\/3877"}],"collection":[{"href":"https:\/\/digiculture.eu\/lt\/wp-json\/wp\/v2\/pages"}],"about":[{"href":"https:\/\/digiculture.eu\/lt\/wp-json\/wp\/v2\/types\/page"}],"author":[{"embeddable":true,"href":"https:\/\/digiculture.eu\/lt\/wp-json\/wp\/v2\/users\/8"}],"replies":[{"embeddable":true,"href":"https:\/\/digiculture.eu\/lt\/wp-json\/wp\/v2\/comments?post=3877"}],"version-history":[{"count":2,"href":"https:\/\/digiculture.eu\/lt\/wp-json\/wp\/v2\/pages\/3877\/revisions"}],"predecessor-version":[{"id":4570,"href":"https:\/\/digiculture.eu\/lt\/wp-json\/wp\/v2\/pages\/3877\/revisions\/4570"}],"wp:featuredmedia":[{"embeddable":true,"href":"https:\/\/digiculture.eu\/lt\/wp-json\/wp\/v2\/media\/3875"}],"wp:attachment":[{"href":"https:\/\/digiculture.eu\/lt\/wp-json\/wp\/v2\/media?parent=3877"}],"curies":[{"name":"wp","href":"https:\/\/api.w.org\/{rel}","templated":true}]}}