{"id":3526,"date":"2021-04-18T19:18:37","date_gmt":"2021-04-18T16:18:37","guid":{"rendered":"https:\/\/digiculture.eu\/?page_id=3526"},"modified":"2021-04-18T19:26:16","modified_gmt":"2021-04-18T16:26:16","slug":"cookie-policy","status":"publish","type":"page","link":"https:\/\/digiculture.eu\/lt\/cookie-policy\/","title":{"rendered":"Slapuk\u0173 politika"},"content":{"rendered":"<div class=\"cli_pg_page_contaner\">\n<h3>Apie \u0161i\u0105 slapuk\u0173 politik\u0105<\/h3>\n<div>\n<p>\u0160ioje slapuk\u0173 politikoje paai\u0161kinama, kas yra slapukai ir kaip juos naudojame, kokius slapukus naudojame, ty koki\u0105 informacij\u0105 renkame naudodami slapukus ir kaip \u0161i informacija naudojama, ir kaip valdyti slapuk\u0173 nuostatas. Nor\u0117dami gauti daugiau informacijos apie tai, kaip mes naudojame, saugome ir saugome j\u016bs\u0173 asmens duomenis, \u017er <a href=\"https:\/\/digiculture.eu\/lt\/privacy-policy\/\">Privatumo politika<\/a>.<\/p>\n<p>J\u016bs galite bet kada pakeisti ar at\u0161aukti savo sutikim\u0105 d\u0117l slapuk\u0173 deklaracijos m\u016bs\u0173 svetain\u0117je.<\/p>\n<p>Su\u017einokite daugiau apie tai, kas mes esame, kaip galite su mumis susisiekti ir kaip mes tvarkome savo asmens duomenis <a href=\"https:\/\/digiculture.eu\/lt\/privacy-policy\/\">Privatumo politika<\/a>.<\/p>\n<p>J\u016bs\u0173 sutikimas taikomas \u0161iems domenams: <a href=\"https:\/\/digiculture.eu\/lt\/\">digiculture.eu<\/a><\/p>\n<p>[user_consent_state]<\/p>\n<\/div>\n<h3>Kas yra slapukai?<\/h3>\n<div>Slapukai yra nedideli teksto failai, naudojami ma\u017eoms informacijos dalims saugoti. Jie saugomi j\u016bs\u0173 \u012frenginyje, kai svetain\u0117 \u012fkeliama \u012f j\u016bs\u0173 nar\u0161ykl\u0119. \u0160ie slapukai padeda mums tinkamai veikti svetain\u0117je, padaryti j\u0105 saugesn\u0119, suteikti geresn\u0119 naudotojo patirt\u012f ir suprasti, kaip svetain\u0117 veikia, ir analizuoti, kas veikia ir kur j\u0105 reikia tobulinti.<\/div>\n<h3>Kaip naudojame slapukus?<\/h3>\n<div>Kaip ir dauguma internetini\u0173 paslaug\u0173, m\u016bs\u0173 svetain\u0117 naudoja pirmosios ir tre\u010diosios \u0161alies slapukus keliems tikslams. Pirmosios \u0161alies slapukai da\u017eniausiai yra b\u016btini, kad svetain\u0117 veikt\u0173 tinkamai, ir jie nerenka joki\u0173 j\u016bs\u0173 asmen\u012f identifikuojan\u010di\u0173 duomen\u0173.<\/div>\n<div>\u00a0<\/div>\n<div><span style=\"font-size: inherit;\">M\u016bs\u0173 svetain\u0117je naudojami tre\u010di\u0173j\u0173 \u0161ali\u0173 slapukai i\u0161 esm\u0117s yra skirti suprasti, kaip svetain\u0117 veikia, kaip j\u016bs s\u0105veikaujate su m\u016bs\u0173 svetaine, kad m\u016bs\u0173 paslaugos b\u016bt\u0173 saugios, kad b\u016bt\u0173 teikiamos jums aktualios reklamos ir apskritai b\u016bt\u0173 u\u017etikrintas geresnis ir patobulintas vartotojas patirtis ir pad\u0117ti pagreitinti b\u016bsim\u0105 s\u0105veik\u0105 su m\u016bs\u0173 svetaine.<\/span><\/div>\n<h3>Kokius slapukus naudojame?<\/h3>\n<div>\n<p><span style=\"font-weight: bold;\">Esminis:<\/span> Kai kurie slapukai yra b\u016btini, kad gal\u0117tum\u0117te naudotis visomis m\u016bs\u0173 svetain\u0117s funkcijomis. Jie leid\u017eia mums i\u0161laikyti naudotoj\u0173 sesijas ir u\u017ekirsti keli\u0105 bet kokiai gr\u0117smei saugumui. Jie nerenka ir nesaugo jokios asmenin\u0117s informacijos. Pavyzd\u017eiui, \u0161ie slapukai leid\u017eia jums prisijungti prie savo paskyros ir prid\u0117ti produkt\u0173 \u012f krep\u0161el\u012f bei saugiai atsiskaityti.<\/p>\n<p><span style=\"font-weight: bold;\">Statistika:<\/span> \u0160ie slapukai saugo toki\u0105 informacij\u0105 kaip svetain\u0117s lankytoj\u0173 skai\u010dius, unikali\u0173 lankytoj\u0173 skai\u010dius, kurie svetain\u0117s puslapiai buvo aplankyti, apsilankymo \u0161altinis ir kt. \u0160ie duomenys padeda mums suprasti ir analizuoti, kaip gerai veikia svetain\u0117 ir kur tai reikia tobulinti.<\/p>\n<p><span style=\"font-weight: bold;\">Rinkodara:<\/span> M\u016bs\u0173 svetain\u0117je rodomi skelbimai. \u0160ie slapukai naudojami siekiant parodyti jums rodomus skelbimus, kad jie b\u016bt\u0173 jums reik\u0161mingi. \u0160ie slapukai taip pat padeda mums steb\u0117ti \u0161i\u0173 reklamos kampanij\u0173 efektyvum\u0105.<\/p>\n<p>\u0160iuose slapukuose saugom\u0105 informacij\u0105 taip pat gali naudoti tre\u010di\u0173j\u0173 \u0161ali\u0173 skelbim\u0173 teik\u0117jai, nor\u0117dami parodyti jums skelbimus ir kitose nar\u0161ykl\u0117s svetain\u0117se.<\/p>\n<p><span style=\"font-weight: bold;\">Funkcinis:<\/span> T Tai slapukai, kurie padeda tam tikroms neesmin\u0117ms m\u016bs\u0173 svetain\u0117s funkcijoms. \u0160ios funkcijos apima turinio, pvz., Vaizdo \u012fra\u0161\u0173, \u012fterpim\u0105 arba svetain\u0117s turinio bendrinim\u0105 socialin\u0117s \u017einiasklaidos platformose.<\/p>\n<p><span style=\"font-weight: bold;\">Nuostatos:<\/span> \u0160ie slapukai padeda mums i\u0161saugoti j\u016bs\u0173 nustatymus ir nar\u0161ymo nuostatas, pvz., Kalbos nuostatas, kad ateityje gal\u0117tum\u0117te geriau ir efektyviau lankytis svetain\u0117je.<\/p>\n<p>[cookie_audit columns=&#8221;cookie,description&#8221; heading=&#8221;The below list details the cookies used in our website.&#8221;]<\/p>\n<\/div>\n<h3>Kaip galiu valdyti slapuk\u0173 nuostatas?<\/h3>\n<div>\n<p>Jei v\u0117liau per nar\u0161ymo sesij\u0105 nuspr\u0119site pakeisti savo nuostatas, galite ekrane spustel\u0117ti skirtuk\u0105 \u201ePrivatumas ir slapuk\u0173 politika\u201c. Tada v\u0117l bus parodytas sutikimo prane\u0161imas, leid\u017eiantis pakeisti nuostatas arba visi\u0161kai at\u0161aukti sutikim\u0105.<\/p>\n<p>Be to, skirtingos nar\u0161ykl\u0117s si\u016blo skirtingus metodus, kaip blokuoti ir i\u0161trinti svetaini\u0173 naudojamus slapukus. Galite pakeisti savo nar\u0161ykl\u0117s nustatymus ir blokuoti\/i\u0161trinti slapukus. Nor\u0117dami su\u017einoti daugiau apie tai, kaip tvarkyti ir i\u0161trinti slapukus, apsilankykite <a href=\"https:\/\/en.wikipedia.org\/wiki\/HTTP_cookie\" target=\"_blank\" rel=\"nofollow noopener\">wikipedia.org<\/a>, <a href=\"http:\/\/www.allaboutcookies.org\/\" target=\"_blank\" rel=\"nofollow noopener\">www.allaboutcookies.org.<\/a><\/p>\n<\/div>\n<p>[webtoffee_powered_by]<\/p>\n<\/div>\n\n\n<p><\/p>","protected":false},"excerpt":{"rendered":"<p>About this cookie policy This Cookie Policy explains what cookies are and how we use them, the types of cookies we use i.e, the information we collect using cookies and how that information is used, and how to control the cookie preferences. For further information on how we use, store,<span class=\"more-link\"><a href=\"https:\/\/digiculture.eu\/lt\/cookie-policy\/\">Read More &rarr;<\/a><\/span><\/p>","protected":false},"author":5,"featured_media":0,"parent":0,"menu_order":0,"comment_status":"closed","ping_status":"closed","template":"","meta":{"_mi_skip_tracking":false,"_monsterinsights_sitenote_active":false,"_monsterinsights_sitenote_note":"","_monsterinsights_sitenote_category":0,"footnotes":""},"yoast_head":"<!-- This site is optimized with the Yoast SEO plugin v21.5 - https:\/\/yoast.com\/wordpress\/plugins\/seo\/ -->\n<title>Cookie Policy - Digital Culture - Erasmus+ European Project<\/title>\n<meta name=\"robots\" content=\"index, follow, max-snippet:-1, max-image-preview:large, max-video-preview:-1\" \/>\n<link rel=\"canonical\" href=\"https:\/\/digiculture.eu\/lt\/cookie-policy\/\" \/>\n<meta property=\"og:locale\" content=\"lt_LT\" \/>\n<meta property=\"og:type\" content=\"article\" \/>\n<meta property=\"og:title\" content=\"Cookie Policy - Digital Culture - Erasmus+ European Project\" \/>\n<meta property=\"og:description\" content=\"About this cookie policy This Cookie Policy explains what cookies are and how we use them, the types of cookies we use i.e, the information we collect using cookies and how that information is used, and how to control the cookie preferences. For further information on how we use, store,Read More &rarr;\" \/>\n<meta property=\"og:url\" content=\"https:\/\/digiculture.eu\/lt\/cookie-policy\/\" \/>\n<meta property=\"og:site_name\" content=\"Digital Culture - Erasmus+ European Project\" \/>\n<meta property=\"article:publisher\" content=\"https:\/\/www.facebook.com\/CultureDigi\" \/>\n<meta property=\"article:modified_time\" content=\"2021-04-18T16:26:16+00:00\" \/>\n<meta name=\"twitter:card\" content=\"summary_large_image\" \/>\n<meta name=\"twitter:site\" content=\"@elearning_upt\" \/>\n<meta name=\"twitter:label1\" content=\"Est. reading time\" \/>\n\t<meta name=\"twitter:data1\" content=\"3 minut\u0117s\" \/>\n<script type=\"application\/ld+json\" class=\"yoast-schema-graph\">{\"@context\":\"https:\/\/schema.org\",\"@graph\":[{\"@type\":\"WebPage\",\"@id\":\"https:\/\/digiculture.eu\/cookie-policy\/\",\"url\":\"https:\/\/digiculture.eu\/cookie-policy\/\",\"name\":\"Cookie Policy - Digital Culture - Erasmus+ European Project\",\"isPartOf\":{\"@id\":\"https:\/\/digiculture.eu\/#website\"},\"datePublished\":\"2021-04-18T16:18:37+00:00\",\"dateModified\":\"2021-04-18T16:26:16+00:00\",\"breadcrumb\":{\"@id\":\"https:\/\/digiculture.eu\/cookie-policy\/#breadcrumb\"},\"inLanguage\":\"lt-LT\",\"potentialAction\":[{\"@type\":\"ReadAction\",\"target\":[\"https:\/\/digiculture.eu\/cookie-policy\/\"]}]},{\"@type\":\"BreadcrumbList\",\"@id\":\"https:\/\/digiculture.eu\/cookie-policy\/#breadcrumb\",\"itemListElement\":[{\"@type\":\"ListItem\",\"position\":1,\"name\":\"Home\",\"item\":\"https:\/\/digiculture.eu\/\"},{\"@type\":\"ListItem\",\"position\":2,\"name\":\"Cookie Policy\"}]},{\"@type\":\"WebSite\",\"@id\":\"https:\/\/digiculture.eu\/#website\",\"url\":\"https:\/\/digiculture.eu\/\",\"name\":\"Digital Culture - Erasmus+ European Project\",\"description\":\"Improving the Digital Competences and Social Inclusion of Adults in Creative Industries\",\"publisher\":{\"@id\":\"https:\/\/digiculture.eu\/#organization\"},\"potentialAction\":[{\"@type\":\"SearchAction\",\"target\":{\"@type\":\"EntryPoint\",\"urlTemplate\":\"https:\/\/digiculture.eu\/?s={search_term_string}\"},\"query-input\":\"required name=search_term_string\"}],\"inLanguage\":\"lt-LT\"},{\"@type\":\"Organization\",\"@id\":\"https:\/\/digiculture.eu\/#organization\",\"name\":\"Digiculture\",\"url\":\"https:\/\/digiculture.eu\/\",\"logo\":{\"@type\":\"ImageObject\",\"inLanguage\":\"lt-LT\",\"@id\":\"https:\/\/digiculture.eu\/#\/schema\/logo\/image\/\",\"url\":\"https:\/\/digiculture.eu\/wp-content\/uploads\/2019\/01\/Logo-Digi-Culture.png\",\"contentUrl\":\"https:\/\/digiculture.eu\/wp-content\/uploads\/2019\/01\/Logo-Digi-Culture.png\",\"width\":934,\"height\":386,\"caption\":\"Digiculture\"},\"image\":{\"@id\":\"https:\/\/digiculture.eu\/#\/schema\/logo\/image\/\"},\"sameAs\":[\"https:\/\/www.facebook.com\/CultureDigi\",\"https:\/\/twitter.com\/elearning_upt\"]}]}<\/script>\n<!-- \/ Yoast SEO plugin. -->","yoast_head_json":{"title":"Cookie Policy - Digital Culture - Erasmus+ European Project","robots":{"index":"index","follow":"follow","max-snippet":"max-snippet:-1","max-image-preview":"max-image-preview:large","max-video-preview":"max-video-preview:-1"},"canonical":"https:\/\/digiculture.eu\/lt\/cookie-policy\/","og_locale":"lt_LT","og_type":"article","og_title":"Cookie Policy - Digital Culture - Erasmus+ European Project","og_description":"About this cookie policy This Cookie Policy explains what cookies are and how we use them, the types of cookies we use i.e, the information we collect using cookies and how that information is used, and how to control the cookie preferences. For further information on how we use, store,Read More &rarr;","og_url":"https:\/\/digiculture.eu\/lt\/cookie-policy\/","og_site_name":"Digital Culture - Erasmus+ European Project","article_publisher":"https:\/\/www.facebook.com\/CultureDigi","article_modified_time":"2021-04-18T16:26:16+00:00","twitter_card":"summary_large_image","twitter_site":"@elearning_upt","twitter_misc":{"Est. reading time":"3 minut\u0117s"},"schema":{"@context":"https:\/\/schema.org","@graph":[{"@type":"WebPage","@id":"https:\/\/digiculture.eu\/cookie-policy\/","url":"https:\/\/digiculture.eu\/cookie-policy\/","name":"Cookie Policy - Digital Culture - Erasmus+ European Project","isPartOf":{"@id":"https:\/\/digiculture.eu\/#website"},"datePublished":"2021-04-18T16:18:37+00:00","dateModified":"2021-04-18T16:26:16+00:00","breadcrumb":{"@id":"https:\/\/digiculture.eu\/cookie-policy\/#breadcrumb"},"inLanguage":"lt-LT","potentialAction":[{"@type":"ReadAction","target":["https:\/\/digiculture.eu\/cookie-policy\/"]}]},{"@type":"BreadcrumbList","@id":"https:\/\/digiculture.eu\/cookie-policy\/#breadcrumb","itemListElement":[{"@type":"ListItem","position":1,"name":"Home","item":"https:\/\/digiculture.eu\/"},{"@type":"ListItem","position":2,"name":"Cookie Policy"}]},{"@type":"WebSite","@id":"https:\/\/digiculture.eu\/#website","url":"https:\/\/digiculture.eu\/","name":"Digital Culture - Erasmus+ European Project","description":"Improving the Digital Competences and Social Inclusion of Adults in Creative Industries","publisher":{"@id":"https:\/\/digiculture.eu\/#organization"},"potentialAction":[{"@type":"SearchAction","target":{"@type":"EntryPoint","urlTemplate":"https:\/\/digiculture.eu\/?s={search_term_string}"},"query-input":"required name=search_term_string"}],"inLanguage":"lt-LT"},{"@type":"Organization","@id":"https:\/\/digiculture.eu\/#organization","name":"Digiculture","url":"https:\/\/digiculture.eu\/","logo":{"@type":"ImageObject","inLanguage":"lt-LT","@id":"https:\/\/digiculture.eu\/#\/schema\/logo\/image\/","url":"https:\/\/digiculture.eu\/wp-content\/uploads\/2019\/01\/Logo-Digi-Culture.png","contentUrl":"https:\/\/digiculture.eu\/wp-content\/uploads\/2019\/01\/Logo-Digi-Culture.png","width":934,"height":386,"caption":"Digiculture"},"image":{"@id":"https:\/\/digiculture.eu\/#\/schema\/logo\/image\/"},"sameAs":["https:\/\/www.facebook.com\/CultureDigi","https:\/\/twitter.com\/elearning_upt"]}]}},"_links":{"self":[{"href":"https:\/\/digiculture.eu\/lt\/wp-json\/wp\/v2\/pages\/3526"}],"collection":[{"href":"https:\/\/digiculture.eu\/lt\/wp-json\/wp\/v2\/pages"}],"about":[{"href":"https:\/\/digiculture.eu\/lt\/wp-json\/wp\/v2\/types\/page"}],"author":[{"embeddable":true,"href":"https:\/\/digiculture.eu\/lt\/wp-json\/wp\/v2\/users\/5"}],"replies":[{"embeddable":true,"href":"https:\/\/digiculture.eu\/lt\/wp-json\/wp\/v2\/comments?post=3526"}],"version-history":[{"count":3,"href":"https:\/\/digiculture.eu\/lt\/wp-json\/wp\/v2\/pages\/3526\/revisions"}],"predecessor-version":[{"id":3531,"href":"https:\/\/digiculture.eu\/lt\/wp-json\/wp\/v2\/pages\/3526\/revisions\/3531"}],"wp:attachment":[{"href":"https:\/\/digiculture.eu\/lt\/wp-json\/wp\/v2\/media?parent=3526"}],"curies":[{"name":"wp","href":"https:\/\/api.w.org\/{rel}","templated":true}]}}