{"id":3365,"date":"2021-04-05T23:15:33","date_gmt":"2021-04-05T20:15:33","guid":{"rendered":"https:\/\/digiculture.eu\/?page_id=3365"},"modified":"2021-04-18T19:00:43","modified_gmt":"2021-04-18T16:00:43","slug":"privacy-policy","status":"publish","type":"page","link":"https:\/\/digiculture.eu\/lt\/privacy-policy\/","title":{"rendered":"Privatumo politika"},"content":{"rendered":"<p>J\u016bs\u0173 privatumas mums yra svarbus. Timisoaros Politehnica universiteto politika yra gerbti j\u016bs\u0173 privatum\u0105 ir laikytis vis\u0173 galiojan\u010di\u0173 \u012fstatym\u0173 ir kit\u0173 teis\u0117s akt\u0173, susijusi\u0173 su asmenine informacija, kuri\u0105 galime rinkti apie jus, \u012fskaitant m\u016bs\u0173 svetain\u0117je,&nbsp;<a href=\"https:\/\/digiculture.eu\/lt\/\">https:\/\/digiculture.eu\/<\/a>ir kitas svetaines, kurios mums priklauso ir kurias valdome.<\/p>\n\n\n\n<p>\u0160i politika galioja nuo 2018 m. Spalio 1 d. Ir paskutin\u012f kart\u0105 atnaujinta 2021 m. Baland\u017eio 5 d.<\/p>\n\n\n\n<h3 class=\"wp-block-heading\">Informacija, kuri\u0105 renkame<\/h3>\n\n\n\n<p>Informacija, kuri\u0105 renkame, apima informacij\u0105, kuri\u0105 j\u016bs s\u0105moningai ir aktyviai pateikiate mums naudojantis arba dalyvaujant bet kurioje i\u0161 m\u016bs\u0173 paslaug\u0173 ir akcij\u0173, ir vis\u0105 informacij\u0105, kuri\u0105 automati\u0161kai siun\u010dia j\u016bs\u0173 \u012frenginiai, kai naudojat\u0117s m\u016bs\u0173 produktais ir paslaugomis.<\/p>\n\n\n\n<h4 class=\"wp-block-heading\">\u017durnalo duomenys<\/h4>\n\n\n\n<p>Kai lankot\u0117s m\u016bs\u0173 svetain\u0117je, m\u016bs\u0173 serveriai gali automati\u0161kai u\u017eregistruoti standartinius duomenis, kuriuos pateikia j\u016bs\u0173 \u017einiatinklio nar\u0161ykl\u0117. Tai gali apimti j\u016bs\u0173 \u012frenginio interneto protokolo (IP) adres\u0105, nar\u0161ykl\u0117s tip\u0105 ir versij\u0105, lankomus puslapius, apsilankymo laik\u0105 ir dat\u0105, kiekviename puslapyje praleist\u0105 laik\u0105, kit\u0105 i\u0161sami\u0105 informacij\u0105 apie j\u016bs\u0173 apsilankym\u0105 ir technin\u0119 informacij\u0105, kuri \u012fvyksta kartu su klaidomis, su kuriomis galite susidurti.<\/p>\n\n\n\n<p>Atminkite, kad nors \u0161i informacija negali b\u016bti asmeni\u0161kai identifikuojama, j\u0105 gali b\u016bti \u012fmanoma sujungti su kitais duomenimis, kad b\u016bt\u0173 galima asmeni\u0161kai identifikuoti asmenis.<\/p>\n\n\n\n<h4 class=\"wp-block-heading\">Asmenin\u0117 informacija<\/h4>\n\n\n\n<p>Mes galime papra\u0161yti asmenin\u0117s informacijos, kuri gali apimti vien\u0105 ar daugiau i\u0161 \u0161i\u0173 dalyk\u0173:<\/p>\n\n\n\n<p>N\u0117ra<\/p>\n\n\n\n<h4 class=\"wp-block-heading\">Teis\u0117tos j\u016bs\u0173 asmenin\u0117s informacijos tvarkymo prie\u017eastys<\/h4>\n\n\n\n<p>Mes renkame ir naudojame j\u016bs\u0173 asmenin\u0119 informacij\u0105 tik tada, kai turime tam teis\u0117t\u0105 prie\u017east\u012f. Tokiu atveju mes renkame tik asmenin\u0119 informacij\u0105, kuri yra pagr\u012fstai reikalinga norint jums teikti m\u016bs\u0173 paslaugas.<\/p>\n\n\n\n<h4 class=\"wp-block-heading\">Informacijos rinkimas ir naudojimas<\/h4>\n\n\n\n<p>Mes galime rinkti asmenin\u0119 informacij\u0105 i\u0161 j\u016bs\u0173, kai atliksite bet kur\u012f i\u0161 \u0161i\u0173 veiksm\u0173 m\u016bs\u0173 svetain\u0117je:<\/p>\n\n\n\n<ul><li>Nor\u0117dami pasiekti m\u016bs\u0173 turin\u012f, naudokite mobil\u0173j\u012f \u012frengin\u012f arba \u017einiatinklio nar\u0161ykl\u0119<\/li><li>Susisiekite su mumis el. Pa\u0161tu, socialine \u017einiasklaida ar bet kuria pana\u0161ia technologija<\/li><li>Kai pamini mus socialiniuose tinkluose<\/li><\/ul>\n\n\n\n<p>Mes galime rinkti, laikyti, naudoti ir atskleisti informacij\u0105 \u0161iais tikslais, o asmenin\u0117 informacija nebus toliau tvarkoma tokiu b\u016bdu, kuris nesuderinamas su \u0161iais tikslais:<\/p>\n\n\n\n<ul><li>analizei, rinkos tyrimams ir verslo pl\u0117trai, \u012fskaitant m\u016bs\u0173 svetain\u0117s, susijusi\u0173 program\u0173 ir susijusi\u0173 socialin\u0117s \u017einiasklaidos platform\u0173 valdym\u0105 ir tobulinim\u0105<\/li><\/ul>\n\n\n\n<p>Atminkite, kad informacij\u0105, kuri\u0105 renkame apie jus, galime derinti su bendra informacija ar tyrim\u0173 duomenimis, kuriuos gauname i\u0161 kit\u0173 patikim\u0173 \u0161altini\u0173.<\/p>\n\n\n\n<h4 class=\"wp-block-heading\">J\u016bs\u0173 asmenin\u0117s informacijos saugumas<\/h4>\n\n\n\n<p>Kai mes renkame ir apdorojame asmenin\u0119 informacij\u0105 ir, kol \u0161i\u0105 informacij\u0105 saugome, apsaugosime j\u0105 komerci\u0161kai priimtinomis priemon\u0117mis, kad i\u0161vengtume praradimo ir vagyst\u0117s, taip pat nuo neteis\u0117tos prieigos, atskleidimo, kopijavimo, naudojimo ar modifikavimo.<\/p>\n\n\n\n<p>Nors padarysime visk\u0105, kad apsaugotume mums pateikt\u0105 asmenin\u0119 informacij\u0105, patariame, kad n\u0117 vienas elektroninio perdavimo ar saugojimo b\u016bdas n\u0117ra saugus 100% ir niekas negali garantuoti absoliutaus duomen\u0173 saugumo. Laikysim\u0117s mums taikom\u0173 \u012fstatym\u0173, susijusi\u0173 su bet kokiu duomen\u0173 pa\u017eeidimu.<\/p>\n\n\n\n<p>J\u016bs esate atsakingi u\u017e bet kokio slapta\u017eod\u017eio ir jo saugumo stiprumo pasirinkim\u0105, u\u017etikrindami savo informacijos saugum\u0105 neper\u017eengdami m\u016bs\u0173 paslaug\u0173 rib\u0173.<\/p>\n\n\n\n<h4 class=\"wp-block-heading\">Kaip ilgai saugome j\u016bs\u0173 asmenin\u0119 informacij\u0105<\/h4>\n\n\n\n<p>J\u016bs\u0173 asmenin\u0119 informacij\u0105 saugome tik tiek laiko, kiek mums to reikia. \u0160is laikotarpis gali priklausyti nuo to, kam mes naudojame j\u016bs\u0173 informacij\u0105 pagal \u0161i\u0105 privatumo politik\u0105. Jei j\u016bs\u0173 asmenin\u0117 informacija nebereikalinga, mes j\u0105 i\u0161trinsime arba padarysime j\u0105 anonimin\u0119 pa\u0161alindami visas detales, kurios jus identifikuoja.<\/p>\n\n\n\n<p>Ta\u010diau prireikus galime i\u0161saugoti j\u016bs\u0173 asmenin\u0119 informacij\u0105, kad laikytum\u0117m\u0117s teisini\u0173, apskaitos ar ataskait\u0173 teikimo \u012fpareigojim\u0173 arba archyvavimo tikslais visuomen\u0117s labui, mokslo ar istorijos tyrim\u0173 ar statistikos tikslais.<\/p>\n\n\n\n<h3 class=\"wp-block-heading\">Vaik\u0173 privatumas<\/h3>\n\n\n\n<p>Mes nesiekiame joki\u0173 savo produkt\u0173 ar paslaug\u0173 tiesiogiai skirti vaikams iki 13 met\u0173 ir s\u0105moningai nerenkame asmenin\u0117s informacijos apie vaikus iki 13 met\u0173.<\/p>\n\n\n\n<h3 class=\"wp-block-heading\">Asmenin\u0117s informacijos atskleidimas tre\u010diosioms \u0161alims<\/h3>\n\n\n\n<p>Mes galime atskleisti asmenin\u0119 informacij\u0105:<\/p>\n\n\n\n<ul><li>m\u016bs\u0173 \u012fmon\u0117s patronuojanti, dukterin\u0117 ar dukterin\u0117 \u012fmon\u0117<\/li><li>tre\u010di\u0173j\u0173 \u0161ali\u0173 paslaug\u0173 teik\u0117jai, kad jie gal\u0117t\u0173 teikti savo paslaugas, pavyzd\u017eiui, IT paslaug\u0173 teik\u0117jai, duomen\u0173 saugojimo, prieglobos ir serveri\u0173 tiek\u0117jai, reklamuotojai ar analiz\u0117s platformos<\/li><li>m\u016bs\u0173 darbuotojai, rangovai ir (arba) susij\u0119 subjektai<\/li><li>esamus ar potencialius agentus ar verslo partnerius<\/li><li>bet koki\u0173 m\u016bs\u0173 organizuojam\u0173 var\u017eyb\u0173, loterij\u0173 ar akcij\u0173 r\u0117m\u0117jai ar propaguotojai<\/li><li>teismai, tribunolai, reguliavimo institucijos ir teis\u0117saugos pareig\u016bnai, kaip reikalauja \u012fstatymai, susij\u0119 su bet kokiais faktiniais ar b\u016bsimais teisiniais procesais arba siekiant nustatyti, \u012fgyvendinti ar apginti m\u016bs\u0173 teisines teises<\/li><li>tre\u010diosios \u0161alys, \u012fskaitant atstovus ar subrangovus, kurie padeda mums teikti informacij\u0105, produktus, paslaugas ar tiesiogin\u0119 rinkodar\u0105 jums tre\u010diosioms \u0161alims rinkti ir apdoroti duomenis<\/li><\/ul>\n\n\n\n<h3 class=\"wp-block-heading\">Tarptautinis asmenin\u0117s informacijos perdavimas<\/h3>\n\n\n\n<p>Renkama asmenin\u0117 informacija yra saugoma ir (arba) apdorojama ten, kur mes ar m\u016bs\u0173 partneriai, filialai ir tre\u010di\u0173j\u0173 \u0161ali\u0173 teik\u0117jai pri\u017ei\u016bri \u012frenginius. Atminkite, kad vietose, \u012f kurias mes saugome, apdorojame ar perduodame j\u016bs\u0173 asmenin\u0119 informacij\u0105, gali b\u016bti netaikomi tokie patys duomen\u0173 apsaugos \u012fstatymai kaip \u0161alyje, kurioje j\u016bs i\u0161 prad\u017ei\u0173 pateik\u0117te informacij\u0105. Jei j\u016bs\u0173 asmenin\u0119 informacij\u0105 perduosime tre\u010diosioms \u0161alims kitose \u0161alyse: (i) mes atliksime tuos perdavimus pagal galiojan\u010di\u0173 \u012fstatym\u0173 reikalavimus; ir (ii) apsaugosime perduot\u0105 asmenin\u0119 informacij\u0105 pagal \u0161i\u0105 privatumo politik\u0105.<\/p>\n\n\n\n<h3 class=\"wp-block-heading\">J\u016bs\u0173 teis\u0117s ir asmenin\u0117s informacijos kontrol\u0117<\/h3>\n\n\n\n<p>J\u016bs visada pasiliekate teis\u0119 nusl\u0117pti nuo m\u016bs\u0173 asmenin\u0119 informacij\u0105, suprasdami, kad tai gali tur\u0117ti \u012ftakos j\u016bs\u0173 svetainei. Mes nediskriminuosime j\u016bs\u0173 naudodamiesi bet kuriomis j\u016bs\u0173 teis\u0117mis \u012f j\u016bs\u0173 asmenin\u0119 informacij\u0105. Jei pateiksite mums asmenin\u0119 informacij\u0105, suprantate, kad mes j\u0105 rinksime, laikysime, naudosime ir atskleisime pagal \u0161i\u0105 privatumo politik\u0105. J\u016bs pasiliekate teis\u0119 pra\u0161yti i\u0161samios informacijos apie bet koki\u0105 asmenin\u0119 informacij\u0105, kuri\u0105 turime apie jus.<\/p>\n\n\n\n<p>Jei gausime asmenin\u0119 informacij\u0105 apie jus i\u0161 tre\u010diosios \u0161alies, j\u0105 saugosime, kaip nustatyta \u0161ioje privatumo politikoje. Jei esate tre\u010dioji \u0161alis, teikianti asmenin\u0119 informacij\u0105 apie k\u0105 nors kit\u0105, j\u016bs patvirtinate ir garantuojate, kad turite tokio asmens sutikim\u0105 pateikti mums asmenin\u0119 informacij\u0105.<\/p>\n\n\n\n<p>Jei anks\u010diau sutikote, kad j\u016bs\u0173 asmenin\u0119 informacij\u0105 naudotume tiesiogin\u0117s rinkodaros tikslais, galite bet kada pakeisti savo nuomon\u0119. Mes suteiksime jums galimyb\u0119 atsisakyti el. Pa\u0161to duomen\u0173 baz\u0117s prenumeratos arba atsisakyti bendravimo. Atminkite, kad mums gali tekti papra\u0161yti konkre\u010dios informacijos i\u0161 j\u016bs\u0173, kad pad\u0117t\u0173 mums patvirtinti j\u016bs\u0173 tapatyb\u0119.<\/p>\n\n\n\n<p>Jei manote, kad bet kokia m\u016bs\u0173 turima informacija apie jus yra netiksli, pasenusi, nei\u0161sami, neaktuali ar klaidinanti, susisiekite su mumis naudodamiesi \u0161ioje privatumo politikoje pateikta informacija. Imsim\u0117s pagr\u012fst\u0173 veiksm\u0173, kad i\u0161taisytume bet koki\u0105 netiksli\u0105, nei\u0161sami\u0105, klaidinan\u010di\u0105 ar pasenusi\u0105 informacij\u0105.<\/p>\n\n\n\n<p>Jei manote, kad pa\u017eeid\u0117me atitinkam\u0105 duomen\u0173 apsaugos \u012fstatym\u0105 ir norite pateikti skund\u0105, susisiekite su mumis naudodamiesi toliau pateikta informacija ir pateikite i\u0161sami\u0105 informacij\u0105 apie tariam\u0105 pa\u017eeidim\u0105. Mes nedelsdami i\u0161nagrin\u0117sime j\u016bs\u0173 skund\u0105 ir atsakysime jums ra\u0161tu, nurodydami tyrimo rezultatus ir veiksmus, kuri\u0173 imsim\u0117s, kad i\u0161spr\u0119stume j\u016bs\u0173 skund\u0105. Taip pat turite teis\u0119 d\u0117l skundo kreiptis \u012f reguliavimo institucij\u0105 ar duomen\u0173 apsaugos institucij\u0105.<\/p>\n\n\n\n<h3 class=\"wp-block-heading\">Slapuk\u0173 naudojimas<\/h3>\n\n\n\n<p>Mes naudojame \u201eslapukus\u201c rinkdami informacij\u0105 apie jus ir j\u016bs\u0173 veikl\u0105 m\u016bs\u0173 svetain\u0117je. Slapukas yra nedidelis duomen\u0173 rinkinys, kur\u012f m\u016bs\u0173 svetain\u0117 saugo j\u016bs\u0173 kompiuteryje ir pasiekia kiekvien\u0105 kart\u0105, kai lankot\u0117s, kad gal\u0117tume suprasti, kaip naudojat\u0117s m\u016bs\u0173 svetaine. Tai padeda mums pateikti turin\u012f pagal j\u016bs\u0173 nurodytas nuostatas.<\/p>\n\n\n\n<h3 class=\"wp-block-heading\">M\u016bs\u0173 politikos ribos<\/h3>\n\n\n\n<p>M\u016bs\u0173 svetain\u0117je gali b\u016bti nuorodos \u012f i\u0161orines svetaines, kuri\u0173 nevaldome mes. Atminkite, kad mes nekontroliuojame t\u0173 svetaini\u0173 turinio ir politikos ir negalime prisiimti atsakomyb\u0117s ar atsakomyb\u0117s u\u017e atitinkam\u0105 j\u0173 privatumo praktik\u0105.<\/p>\n\n\n\n<h3 class=\"wp-block-heading\">\u0160ios politikos pakeitimai<\/h3>\n\n\n\n<p>Savo nuo\u017ei\u016bra galime pakeisti savo privatumo politik\u0105, kad atspind\u0117t\u0173 m\u016bs\u0173 verslo proces\u0173 atnaujinimus, dabartin\u0119 priimtin\u0105 praktik\u0105 arba \u012fstatym\u0173 ar reguliavimo pakeitimus. Jei nuspr\u0119sime pakeisti \u0161i\u0105 privatumo politik\u0105, pakeitimus paskelbsime \u010dia, naudodami t\u0105 pa\u010di\u0105 nuorod\u0105, kuria j\u016bs naudojat\u0117s \u0161ia privatumo politika.<\/p>\n\n\n\n<p>Jei to reikalauja \u012fstatymai, gausime j\u016bs\u0173 leidim\u0105 arba suteiksime galimyb\u0119 pasirinkti arba atsisakyti, jei taikoma, bet kokio naujo j\u016bs\u0173 asmenin\u0117s informacijos naudojimo.<\/p>\n\n\n\n<h3 class=\"wp-block-heading\">Susisiekite su mumis<\/h3>\n\n\n\n<p>Jei turite klausim\u0173 ar r\u016bpes\u010di\u0173 d\u0117l j\u016bs\u0173 privatumo, galite susisiekti su mumis naudodami \u0161i\u0105 informacij\u0105:<\/p>\n\n\n\n<p>Diana Andone<br>diana.andone@upt.ro<\/p>","protected":false},"excerpt":{"rendered":"<p>Your privacy is important to us. It is Politehnica University of Timisoara&#8217;s policy to respect your privacy and comply with any applicable law and regulation regarding any personal information we may collect about you, including across our website,&nbsp;https:\/\/digiculture.eu\/, and other sites we own and operate. This policy is effective as<span class=\"more-link\"><a href=\"https:\/\/digiculture.eu\/lt\/privacy-policy\/\">Read More &rarr;<\/a><\/span><\/p>","protected":false},"author":5,"featured_media":0,"parent":0,"menu_order":0,"comment_status":"closed","ping_status":"closed","template":"","meta":{"_mi_skip_tracking":false,"_monsterinsights_sitenote_active":false,"_monsterinsights_sitenote_note":"","_monsterinsights_sitenote_category":0,"footnotes":""},"yoast_head":"<!-- This site is optimized with the Yoast SEO plugin v21.5 - https:\/\/yoast.com\/wordpress\/plugins\/seo\/ -->\n<title>Privacy Policy - Digital Culture - Erasmus+ European Project<\/title>\n<meta name=\"robots\" content=\"index, follow, max-snippet:-1, max-image-preview:large, max-video-preview:-1\" \/>\n<link rel=\"canonical\" href=\"https:\/\/digiculture.eu\/lt\/privacy-policy\/\" \/>\n<meta property=\"og:locale\" content=\"lt_LT\" \/>\n<meta property=\"og:type\" content=\"article\" \/>\n<meta property=\"og:title\" content=\"Privacy Policy - Digital Culture - Erasmus+ European Project\" \/>\n<meta property=\"og:description\" content=\"Your privacy is important to us. It is Politehnica University of Timisoara&#8217;s policy to respect your privacy and comply with any applicable law and regulation regarding any personal information we may collect about you, including across our website,&nbsp;https:\/\/digiculture.eu\/, and other sites we own and operate. This policy is effective asRead More &rarr;\" \/>\n<meta property=\"og:url\" content=\"https:\/\/digiculture.eu\/lt\/privacy-policy\/\" \/>\n<meta property=\"og:site_name\" content=\"Digital Culture - Erasmus+ European Project\" \/>\n<meta property=\"article:publisher\" content=\"https:\/\/www.facebook.com\/CultureDigi\" \/>\n<meta property=\"article:modified_time\" content=\"2021-04-18T16:00:43+00:00\" \/>\n<meta name=\"twitter:card\" content=\"summary_large_image\" \/>\n<meta name=\"twitter:site\" content=\"@elearning_upt\" \/>\n<meta name=\"twitter:label1\" content=\"Est. reading time\" \/>\n\t<meta name=\"twitter:data1\" content=\"7 minut\u0117s\" \/>\n<script type=\"application\/ld+json\" class=\"yoast-schema-graph\">{\"@context\":\"https:\/\/schema.org\",\"@graph\":[{\"@type\":\"WebPage\",\"@id\":\"https:\/\/digiculture.eu\/privacy-policy\/\",\"url\":\"https:\/\/digiculture.eu\/privacy-policy\/\",\"name\":\"Privacy Policy - Digital Culture - Erasmus+ European Project\",\"isPartOf\":{\"@id\":\"https:\/\/digiculture.eu\/#website\"},\"datePublished\":\"2021-04-05T20:15:33+00:00\",\"dateModified\":\"2021-04-18T16:00:43+00:00\",\"breadcrumb\":{\"@id\":\"https:\/\/digiculture.eu\/privacy-policy\/#breadcrumb\"},\"inLanguage\":\"lt-LT\",\"potentialAction\":[{\"@type\":\"ReadAction\",\"target\":[\"https:\/\/digiculture.eu\/privacy-policy\/\"]}]},{\"@type\":\"BreadcrumbList\",\"@id\":\"https:\/\/digiculture.eu\/privacy-policy\/#breadcrumb\",\"itemListElement\":[{\"@type\":\"ListItem\",\"position\":1,\"name\":\"Home\",\"item\":\"https:\/\/digiculture.eu\/\"},{\"@type\":\"ListItem\",\"position\":2,\"name\":\"Privacy Policy\"}]},{\"@type\":\"WebSite\",\"@id\":\"https:\/\/digiculture.eu\/#website\",\"url\":\"https:\/\/digiculture.eu\/\",\"name\":\"Digital Culture - Erasmus+ European Project\",\"description\":\"Improving the Digital Competences and Social Inclusion of Adults in Creative Industries\",\"publisher\":{\"@id\":\"https:\/\/digiculture.eu\/#organization\"},\"potentialAction\":[{\"@type\":\"SearchAction\",\"target\":{\"@type\":\"EntryPoint\",\"urlTemplate\":\"https:\/\/digiculture.eu\/?s={search_term_string}\"},\"query-input\":\"required name=search_term_string\"}],\"inLanguage\":\"lt-LT\"},{\"@type\":\"Organization\",\"@id\":\"https:\/\/digiculture.eu\/#organization\",\"name\":\"Digiculture\",\"url\":\"https:\/\/digiculture.eu\/\",\"logo\":{\"@type\":\"ImageObject\",\"inLanguage\":\"lt-LT\",\"@id\":\"https:\/\/digiculture.eu\/#\/schema\/logo\/image\/\",\"url\":\"https:\/\/digiculture.eu\/wp-content\/uploads\/2019\/01\/Logo-Digi-Culture.png\",\"contentUrl\":\"https:\/\/digiculture.eu\/wp-content\/uploads\/2019\/01\/Logo-Digi-Culture.png\",\"width\":934,\"height\":386,\"caption\":\"Digiculture\"},\"image\":{\"@id\":\"https:\/\/digiculture.eu\/#\/schema\/logo\/image\/\"},\"sameAs\":[\"https:\/\/www.facebook.com\/CultureDigi\",\"https:\/\/twitter.com\/elearning_upt\"]}]}<\/script>\n<!-- \/ Yoast SEO plugin. -->","yoast_head_json":{"title":"Privacy Policy - Digital Culture - Erasmus+ European Project","robots":{"index":"index","follow":"follow","max-snippet":"max-snippet:-1","max-image-preview":"max-image-preview:large","max-video-preview":"max-video-preview:-1"},"canonical":"https:\/\/digiculture.eu\/lt\/privacy-policy\/","og_locale":"lt_LT","og_type":"article","og_title":"Privacy Policy - Digital Culture - Erasmus+ European Project","og_description":"Your privacy is important to us. It is Politehnica University of Timisoara&#8217;s policy to respect your privacy and comply with any applicable law and regulation regarding any personal information we may collect about you, including across our website,&nbsp;https:\/\/digiculture.eu\/, and other sites we own and operate. This policy is effective asRead More &rarr;","og_url":"https:\/\/digiculture.eu\/lt\/privacy-policy\/","og_site_name":"Digital Culture - Erasmus+ European Project","article_publisher":"https:\/\/www.facebook.com\/CultureDigi","article_modified_time":"2021-04-18T16:00:43+00:00","twitter_card":"summary_large_image","twitter_site":"@elearning_upt","twitter_misc":{"Est. reading time":"7 minut\u0117s"},"schema":{"@context":"https:\/\/schema.org","@graph":[{"@type":"WebPage","@id":"https:\/\/digiculture.eu\/privacy-policy\/","url":"https:\/\/digiculture.eu\/privacy-policy\/","name":"Privacy Policy - Digital Culture - Erasmus+ European Project","isPartOf":{"@id":"https:\/\/digiculture.eu\/#website"},"datePublished":"2021-04-05T20:15:33+00:00","dateModified":"2021-04-18T16:00:43+00:00","breadcrumb":{"@id":"https:\/\/digiculture.eu\/privacy-policy\/#breadcrumb"},"inLanguage":"lt-LT","potentialAction":[{"@type":"ReadAction","target":["https:\/\/digiculture.eu\/privacy-policy\/"]}]},{"@type":"BreadcrumbList","@id":"https:\/\/digiculture.eu\/privacy-policy\/#breadcrumb","itemListElement":[{"@type":"ListItem","position":1,"name":"Home","item":"https:\/\/digiculture.eu\/"},{"@type":"ListItem","position":2,"name":"Privacy Policy"}]},{"@type":"WebSite","@id":"https:\/\/digiculture.eu\/#website","url":"https:\/\/digiculture.eu\/","name":"Digital Culture - Erasmus+ European Project","description":"Improving the Digital Competences and Social Inclusion of Adults in Creative Industries","publisher":{"@id":"https:\/\/digiculture.eu\/#organization"},"potentialAction":[{"@type":"SearchAction","target":{"@type":"EntryPoint","urlTemplate":"https:\/\/digiculture.eu\/?s={search_term_string}"},"query-input":"required name=search_term_string"}],"inLanguage":"lt-LT"},{"@type":"Organization","@id":"https:\/\/digiculture.eu\/#organization","name":"Digiculture","url":"https:\/\/digiculture.eu\/","logo":{"@type":"ImageObject","inLanguage":"lt-LT","@id":"https:\/\/digiculture.eu\/#\/schema\/logo\/image\/","url":"https:\/\/digiculture.eu\/wp-content\/uploads\/2019\/01\/Logo-Digi-Culture.png","contentUrl":"https:\/\/digiculture.eu\/wp-content\/uploads\/2019\/01\/Logo-Digi-Culture.png","width":934,"height":386,"caption":"Digiculture"},"image":{"@id":"https:\/\/digiculture.eu\/#\/schema\/logo\/image\/"},"sameAs":["https:\/\/www.facebook.com\/CultureDigi","https:\/\/twitter.com\/elearning_upt"]}]}},"_links":{"self":[{"href":"https:\/\/digiculture.eu\/lt\/wp-json\/wp\/v2\/pages\/3365"}],"collection":[{"href":"https:\/\/digiculture.eu\/lt\/wp-json\/wp\/v2\/pages"}],"about":[{"href":"https:\/\/digiculture.eu\/lt\/wp-json\/wp\/v2\/types\/page"}],"author":[{"embeddable":true,"href":"https:\/\/digiculture.eu\/lt\/wp-json\/wp\/v2\/users\/5"}],"replies":[{"embeddable":true,"href":"https:\/\/digiculture.eu\/lt\/wp-json\/wp\/v2\/comments?post=3365"}],"version-history":[{"count":3,"href":"https:\/\/digiculture.eu\/lt\/wp-json\/wp\/v2\/pages\/3365\/revisions"}],"predecessor-version":[{"id":3517,"href":"https:\/\/digiculture.eu\/lt\/wp-json\/wp\/v2\/pages\/3365\/revisions\/3517"}],"wp:attachment":[{"href":"https:\/\/digiculture.eu\/lt\/wp-json\/wp\/v2\/media?parent=3365"}],"curies":[{"name":"wp","href":"https:\/\/api.w.org\/{rel}","templated":true}]}}