{"id":2016,"date":"2019-02-24T22:03:24","date_gmt":"2019-02-24T20:03:24","guid":{"rendered":"https:\/\/digiculture.eu\/?page_id=2016"},"modified":"2019-02-24T22:10:13","modified_gmt":"2019-02-24T20:10:13","slug":"caitriona-nic-giolla-mhichil","status":"publish","type":"page","link":"https:\/\/digiculture.eu\/lt\/partners\/dublin-city-university\/caitriona-nic-giolla-mhichil\/","title":{"rendered":"Caitr\u00edona Nic Giolla Mhich\u00edl"},"content":{"rendered":"<div data-elementor-type=\"wp-post\" data-elementor-id=\"2016\" class=\"elementor elementor-2016 elementor-bc-flex-widget\">\n\t\t\t\t\t\t\t\t\t<section class=\"elementor-section elementor-top-section elementor-element elementor-element-fc247fd elementor-section-boxed elementor-section-height-default elementor-section-height-default\" data-id=\"fc247fd\" data-element_type=\"section\">\n\t\t\t\t\t\t<div class=\"elementor-container elementor-column-gap-default\">\n\t\t\t\t\t<div class=\"elementor-column elementor-col-33 elementor-top-column elementor-element elementor-element-e3b8aa4\" data-id=\"e3b8aa4\" data-element_type=\"column\">\n\t\t\t<div class=\"elementor-widget-wrap elementor-element-populated\">\n\t\t\t\t\t\t\t\t<div class=\"elementor-element elementor-element-3a1e2fdc elementor-widget elementor-widget-image\" data-id=\"3a1e2fdc\" data-element_type=\"widget\" data-widget_type=\"image.default\">\n\t\t\t\t<div class=\"elementor-widget-container\">\n\t\t\t\t\t\t\t\t\t\t\t\t\t\t\t<img loading=\"lazy\" decoding=\"async\" width=\"200\" height=\"200\" src=\"https:\/\/digiculture.eu\/wp-content\/uploads\/2019\/01\/Caitriona-Nic-Giolla-Mhichil.jpg\" class=\"attachment-large size-large wp-image-1857\" alt=\"\" srcset=\"https:\/\/digiculture.eu\/wp-content\/uploads\/2019\/01\/Caitriona-Nic-Giolla-Mhichil.jpg 200w, https:\/\/digiculture.eu\/wp-content\/uploads\/2019\/01\/Caitriona-Nic-Giolla-Mhichil-150x150.jpg 150w\" sizes=\"(max-width: 200px) 100vw, 200px\" \/>\t\t\t\t\t\t\t\t\t\t\t\t\t\t\t<\/div>\n\t\t\t\t<\/div>\n\t\t\t\t<div class=\"elementor-element elementor-element-5ffc5035 elementor-shape-rounded elementor-grid-0 e-grid-align-center elementor-widget elementor-widget-social-icons\" data-id=\"5ffc5035\" data-element_type=\"widget\" data-widget_type=\"social-icons.default\">\n\t\t\t\t<div class=\"elementor-widget-container\">\n\t\t\t\t\t<div class=\"elementor-social-icons-wrapper elementor-grid\">\n\t\t\t\t\t\t\t<span class=\"elementor-grid-item\">\n\t\t\t\t\t<a class=\"elementor-icon elementor-social-icon elementor-social-icon-envelope elementor-repeater-item-63b93f1\" href=\"mailto:caitriona.nicgiollamhichil@dcu.ie\" target=\"_blank\">\n\t\t\t\t\t\t<span class=\"elementor-screen-only\">Vokas<\/span>\n\t\t\t\t\t\t\t\t\t\t\t\t\t<i class=\"fa fa-envelope\"><\/i>\n\t\t\t\t\t\t\t\t\t\t\t<\/a>\n\t\t\t\t<\/span>\n\t\t\t\t\t\t\t<span class=\"elementor-grid-item\">\n\t\t\t\t\t<a class=\"elementor-icon elementor-social-icon elementor-social-icon-twitter elementor-repeater-item-73937ed\" href=\"https:\/\/twitter.com\/CNicGm1\" target=\"_blank\">\n\t\t\t\t\t\t<span class=\"elementor-screen-only\">\u201eTwitter\u201c<\/span>\n\t\t\t\t\t\t\t\t\t\t\t\t\t<i class=\"fa fa-twitter\"><\/i>\n\t\t\t\t\t\t\t\t\t\t\t<\/a>\n\t\t\t\t<\/span>\n\t\t\t\t\t\t\t<span class=\"elementor-grid-item\">\n\t\t\t\t\t<a class=\"elementor-icon elementor-social-icon elementor-social-icon-linkedin elementor-repeater-item-613e6ce\" href=\"https:\/\/www.linkedin.com\/in\/caitr\u00edona-nic-giolla-mhich\u00edl-627b5b50\/\" target=\"_blank\">\n\t\t\t\t\t\t<span class=\"elementor-screen-only\">Linkedinas<\/span>\n\t\t\t\t\t\t\t\t\t\t\t\t\t<i class=\"fa fa-linkedin\"><\/i>\n\t\t\t\t\t\t\t\t\t\t\t<\/a>\n\t\t\t\t<\/span>\n\t\t\t\t\t<\/div>\n\t\t\t\t<\/div>\n\t\t\t\t<\/div>\n\t\t\t\t\t<\/div>\n\t\t<\/div>\n\t\t\t\t<div class=\"elementor-column elementor-col-66 elementor-top-column elementor-element elementor-element-59a3ce7c\" data-id=\"59a3ce7c\" data-element_type=\"column\">\n\t\t\t<div class=\"elementor-widget-wrap elementor-element-populated\">\n\t\t\t\t\t\t\t\t<div class=\"elementor-element elementor-element-44d0857a elementor-widget elementor-widget-heading\" data-id=\"44d0857a\" data-element_type=\"widget\" data-widget_type=\"heading.default\">\n\t\t\t\t<div class=\"elementor-widget-container\">\n\t\t\t<h2 class=\"elementor-heading-title elementor-size-default\">Caitr\u00edona Nic Giolla Mhich\u00edl<\/h2>\t\t<\/div>\n\t\t\t\t<\/div>\n\t\t\t\t<div class=\"elementor-element elementor-element-125127dd elementor-widget elementor-widget-text-editor\" data-id=\"125127dd\" data-element_type=\"widget\" data-widget_type=\"text-editor.default\">\n\t\t\t\t<div class=\"elementor-widget-container\">\n\t\t\t\t\t\t\t<p>Caitr\u00edona Nic Giolla Mhich\u00edl \u0161iuo metu koordinuoja naujovi\u0161k\u0105 DCU projekt\u0105 \u201eF\u00e1ilte ar L\u00edne\u201c (\u201eSveiki atvyk\u0119 \u012f internet\u0105\u201c), kuris t\u016bkstan\u010diams besimokan\u010di\u0173j\u0173 veda kursus apie airi\u0173 kalb\u0105 ir kult\u016br\u0105. Caitr\u00edona daugel\u012f met\u0173 dirbo su viena i\u0161 pirmaujan\u010di\u0173 Airijos kult\u016bros organizacij\u0173 Gael Linn, kur ji reng\u0117 ir ved\u0117 kursus.<\/p>\t\t\t\t\t\t<\/div>\n\t\t\t\t<\/div>\n\t\t\t\t\t<\/div>\n\t\t<\/div>\n\t\t\t\t\t\t\t<\/div>\n\t\t<\/section>\n\t\t\t\t\t\t\t<\/div>","protected":false},"excerpt":{"rendered":"<p>Envelope Twitter Linkedin Caitr\u00edona Nic Giolla Mhich\u00edl Caitr\u00edona Nic Giolla Mhich\u00edl is currently co-ordinating DCU&#8217;s innovative F\u00e1ilte ar L\u00edne (Welcome Online) project, which is delivering courses on Irish language and culture to thousands of global learners. Caitr\u00edona&#8217;s worked for a number of years with one of Ireland&#8217;s leading cultural organisations<span class=\"more-link\"><a href=\"https:\/\/digiculture.eu\/lt\/partners\/dublin-city-university\/caitriona-nic-giolla-mhichil\/\">Read More &rarr;<\/a><\/span><\/p>","protected":false},"author":5,"featured_media":0,"parent":1953,"menu_order":0,"comment_status":"closed","ping_status":"closed","template":"","meta":{"_mi_skip_tracking":false,"_monsterinsights_sitenote_active":false,"_monsterinsights_sitenote_note":"","_monsterinsights_sitenote_category":0,"footnotes":""},"yoast_head":"<!-- This site is optimized with the Yoast SEO plugin v21.5 - https:\/\/yoast.com\/wordpress\/plugins\/seo\/ -->\n<title>Caitr\u00edona Nic Giolla Mhich\u00edl - Digital Culture - Erasmus+ European Project<\/title>\n<meta name=\"robots\" content=\"index, follow, max-snippet:-1, max-image-preview:large, max-video-preview:-1\" \/>\n<link rel=\"canonical\" href=\"https:\/\/digiculture.eu\/lt\/partners\/dublin-city-university\/caitriona-nic-giolla-mhichil\/\" \/>\n<meta property=\"og:locale\" content=\"lt_LT\" \/>\n<meta property=\"og:type\" content=\"article\" \/>\n<meta property=\"og:title\" content=\"Caitr\u00edona Nic Giolla Mhich\u00edl - Digital Culture - Erasmus+ European Project\" \/>\n<meta property=\"og:description\" content=\"Envelope Twitter Linkedin Caitr\u00edona Nic Giolla Mhich\u00edl Caitr\u00edona Nic Giolla Mhich\u00edl is currently co-ordinating DCU&#8217;s innovative F\u00e1ilte ar L\u00edne (Welcome Online) project, which is delivering courses on Irish language and culture to thousands of global learners. Caitr\u00edona&#8217;s worked for a number of years with one of Ireland&#8217;s leading cultural organisationsRead More &rarr;\" \/>\n<meta property=\"og:url\" content=\"https:\/\/digiculture.eu\/lt\/partners\/dublin-city-university\/caitriona-nic-giolla-mhichil\/\" \/>\n<meta property=\"og:site_name\" content=\"Digital Culture - Erasmus+ European Project\" \/>\n<meta property=\"article:publisher\" content=\"https:\/\/www.facebook.com\/CultureDigi\" \/>\n<meta property=\"article:modified_time\" content=\"2019-02-24T20:10:13+00:00\" \/>\n<meta property=\"og:image\" content=\"https:\/\/digiculture.eu\/wp-content\/uploads\/2019\/01\/Caitriona-Nic-Giolla-Mhichil.jpg\" \/>\n<meta name=\"twitter:card\" content=\"summary_large_image\" \/>\n<meta name=\"twitter:site\" content=\"@elearning_upt\" \/>\n<script type=\"application\/ld+json\" class=\"yoast-schema-graph\">{\"@context\":\"https:\/\/schema.org\",\"@graph\":[{\"@type\":\"WebPage\",\"@id\":\"https:\/\/digiculture.eu\/partners\/dublin-city-university\/caitriona-nic-giolla-mhichil\/\",\"url\":\"https:\/\/digiculture.eu\/partners\/dublin-city-university\/caitriona-nic-giolla-mhichil\/\",\"name\":\"Caitr\u00edona Nic Giolla Mhich\u00edl - Digital Culture - Erasmus+ European Project\",\"isPartOf\":{\"@id\":\"https:\/\/digiculture.eu\/#website\"},\"datePublished\":\"2019-02-24T20:03:24+00:00\",\"dateModified\":\"2019-02-24T20:10:13+00:00\",\"breadcrumb\":{\"@id\":\"https:\/\/digiculture.eu\/partners\/dublin-city-university\/caitriona-nic-giolla-mhichil\/#breadcrumb\"},\"inLanguage\":\"lt-LT\",\"potentialAction\":[{\"@type\":\"ReadAction\",\"target\":[\"https:\/\/digiculture.eu\/partners\/dublin-city-university\/caitriona-nic-giolla-mhichil\/\"]}]},{\"@type\":\"BreadcrumbList\",\"@id\":\"https:\/\/digiculture.eu\/partners\/dublin-city-university\/caitriona-nic-giolla-mhichil\/#breadcrumb\",\"itemListElement\":[{\"@type\":\"ListItem\",\"position\":1,\"name\":\"Home\",\"item\":\"https:\/\/digiculture.eu\/\"},{\"@type\":\"ListItem\",\"position\":2,\"name\":\"Partners\",\"item\":\"https:\/\/digiculture.eu\/partners\/\"},{\"@type\":\"ListItem\",\"position\":3,\"name\":\"Dublin City University\",\"item\":\"https:\/\/digiculture.eu\/partners\/dublin-city-university\/\"},{\"@type\":\"ListItem\",\"position\":4,\"name\":\"Caitr\u00edona Nic Giolla Mhich\u00edl\"}]},{\"@type\":\"WebSite\",\"@id\":\"https:\/\/digiculture.eu\/#website\",\"url\":\"https:\/\/digiculture.eu\/\",\"name\":\"Digital Culture - Erasmus+ European Project\",\"description\":\"Improving the Digital Competences and Social Inclusion of Adults in Creative Industries\",\"publisher\":{\"@id\":\"https:\/\/digiculture.eu\/#organization\"},\"potentialAction\":[{\"@type\":\"SearchAction\",\"target\":{\"@type\":\"EntryPoint\",\"urlTemplate\":\"https:\/\/digiculture.eu\/?s={search_term_string}\"},\"query-input\":\"required name=search_term_string\"}],\"inLanguage\":\"lt-LT\"},{\"@type\":\"Organization\",\"@id\":\"https:\/\/digiculture.eu\/#organization\",\"name\":\"Digiculture\",\"url\":\"https:\/\/digiculture.eu\/\",\"logo\":{\"@type\":\"ImageObject\",\"inLanguage\":\"lt-LT\",\"@id\":\"https:\/\/digiculture.eu\/#\/schema\/logo\/image\/\",\"url\":\"https:\/\/digiculture.eu\/wp-content\/uploads\/2019\/01\/Logo-Digi-Culture.png\",\"contentUrl\":\"https:\/\/digiculture.eu\/wp-content\/uploads\/2019\/01\/Logo-Digi-Culture.png\",\"width\":934,\"height\":386,\"caption\":\"Digiculture\"},\"image\":{\"@id\":\"https:\/\/digiculture.eu\/#\/schema\/logo\/image\/\"},\"sameAs\":[\"https:\/\/www.facebook.com\/CultureDigi\",\"https:\/\/twitter.com\/elearning_upt\"]}]}<\/script>\n<!-- \/ Yoast SEO plugin. -->","yoast_head_json":{"title":"Caitr\u00edona Nic Giolla Mhich\u00edl - Digital Culture - Erasmus+ European Project","robots":{"index":"index","follow":"follow","max-snippet":"max-snippet:-1","max-image-preview":"max-image-preview:large","max-video-preview":"max-video-preview:-1"},"canonical":"https:\/\/digiculture.eu\/lt\/partners\/dublin-city-university\/caitriona-nic-giolla-mhichil\/","og_locale":"lt_LT","og_type":"article","og_title":"Caitr\u00edona Nic Giolla Mhich\u00edl - Digital Culture - Erasmus+ European Project","og_description":"Envelope Twitter Linkedin Caitr\u00edona Nic Giolla Mhich\u00edl Caitr\u00edona Nic Giolla Mhich\u00edl is currently co-ordinating DCU&#8217;s innovative F\u00e1ilte ar L\u00edne (Welcome Online) project, which is delivering courses on Irish language and culture to thousands of global learners. Caitr\u00edona&#8217;s worked for a number of years with one of Ireland&#8217;s leading cultural organisationsRead More &rarr;","og_url":"https:\/\/digiculture.eu\/lt\/partners\/dublin-city-university\/caitriona-nic-giolla-mhichil\/","og_site_name":"Digital Culture - Erasmus+ European Project","article_publisher":"https:\/\/www.facebook.com\/CultureDigi","article_modified_time":"2019-02-24T20:10:13+00:00","og_image":[{"url":"https:\/\/digiculture.eu\/wp-content\/uploads\/2019\/01\/Caitriona-Nic-Giolla-Mhichil.jpg"}],"twitter_card":"summary_large_image","twitter_site":"@elearning_upt","schema":{"@context":"https:\/\/schema.org","@graph":[{"@type":"WebPage","@id":"https:\/\/digiculture.eu\/partners\/dublin-city-university\/caitriona-nic-giolla-mhichil\/","url":"https:\/\/digiculture.eu\/partners\/dublin-city-university\/caitriona-nic-giolla-mhichil\/","name":"Caitr\u00edona Nic Giolla Mhich\u00edl - Digital Culture - Erasmus+ European Project","isPartOf":{"@id":"https:\/\/digiculture.eu\/#website"},"datePublished":"2019-02-24T20:03:24+00:00","dateModified":"2019-02-24T20:10:13+00:00","breadcrumb":{"@id":"https:\/\/digiculture.eu\/partners\/dublin-city-university\/caitriona-nic-giolla-mhichil\/#breadcrumb"},"inLanguage":"lt-LT","potentialAction":[{"@type":"ReadAction","target":["https:\/\/digiculture.eu\/partners\/dublin-city-university\/caitriona-nic-giolla-mhichil\/"]}]},{"@type":"BreadcrumbList","@id":"https:\/\/digiculture.eu\/partners\/dublin-city-university\/caitriona-nic-giolla-mhichil\/#breadcrumb","itemListElement":[{"@type":"ListItem","position":1,"name":"Home","item":"https:\/\/digiculture.eu\/"},{"@type":"ListItem","position":2,"name":"Partners","item":"https:\/\/digiculture.eu\/partners\/"},{"@type":"ListItem","position":3,"name":"Dublin City University","item":"https:\/\/digiculture.eu\/partners\/dublin-city-university\/"},{"@type":"ListItem","position":4,"name":"Caitr\u00edona Nic Giolla Mhich\u00edl"}]},{"@type":"WebSite","@id":"https:\/\/digiculture.eu\/#website","url":"https:\/\/digiculture.eu\/","name":"Digital Culture - Erasmus+ European Project","description":"Improving the Digital Competences and Social Inclusion of Adults in Creative Industries","publisher":{"@id":"https:\/\/digiculture.eu\/#organization"},"potentialAction":[{"@type":"SearchAction","target":{"@type":"EntryPoint","urlTemplate":"https:\/\/digiculture.eu\/?s={search_term_string}"},"query-input":"required name=search_term_string"}],"inLanguage":"lt-LT"},{"@type":"Organization","@id":"https:\/\/digiculture.eu\/#organization","name":"Digiculture","url":"https:\/\/digiculture.eu\/","logo":{"@type":"ImageObject","inLanguage":"lt-LT","@id":"https:\/\/digiculture.eu\/#\/schema\/logo\/image\/","url":"https:\/\/digiculture.eu\/wp-content\/uploads\/2019\/01\/Logo-Digi-Culture.png","contentUrl":"https:\/\/digiculture.eu\/wp-content\/uploads\/2019\/01\/Logo-Digi-Culture.png","width":934,"height":386,"caption":"Digiculture"},"image":{"@id":"https:\/\/digiculture.eu\/#\/schema\/logo\/image\/"},"sameAs":["https:\/\/www.facebook.com\/CultureDigi","https:\/\/twitter.com\/elearning_upt"]}]}},"_links":{"self":[{"href":"https:\/\/digiculture.eu\/lt\/wp-json\/wp\/v2\/pages\/2016"}],"collection":[{"href":"https:\/\/digiculture.eu\/lt\/wp-json\/wp\/v2\/pages"}],"about":[{"href":"https:\/\/digiculture.eu\/lt\/wp-json\/wp\/v2\/types\/page"}],"author":[{"embeddable":true,"href":"https:\/\/digiculture.eu\/lt\/wp-json\/wp\/v2\/users\/5"}],"replies":[{"embeddable":true,"href":"https:\/\/digiculture.eu\/lt\/wp-json\/wp\/v2\/comments?post=2016"}],"version-history":[{"count":2,"href":"https:\/\/digiculture.eu\/lt\/wp-json\/wp\/v2\/pages\/2016\/revisions"}],"predecessor-version":[{"id":2024,"href":"https:\/\/digiculture.eu\/lt\/wp-json\/wp\/v2\/pages\/2016\/revisions\/2024"}],"up":[{"embeddable":true,"href":"https:\/\/digiculture.eu\/lt\/wp-json\/wp\/v2\/pages\/1953"}],"wp:attachment":[{"href":"https:\/\/digiculture.eu\/lt\/wp-json\/wp\/v2\/media?parent=2016"}],"curies":[{"name":"wp","href":"https:\/\/api.w.org\/{rel}","templated":true}]}}