{"id":1999,"date":"2019-02-24T21:40:24","date_gmt":"2019-02-24T19:40:24","guid":{"rendered":"https:\/\/digiculture.eu\/?page_id=1999"},"modified":"2019-02-24T21:44:54","modified_gmt":"2019-02-24T19:44:54","slug":"david-evans","status":"publish","type":"page","link":"https:\/\/digiculture.eu\/lt\/partners\/jme-associates\/david-evans\/","title":{"rendered":"Davidas Evansas"},"content":{"rendered":"<div data-elementor-type=\"wp-post\" data-elementor-id=\"1999\" class=\"elementor elementor-1999 elementor-bc-flex-widget\">\n\t\t\t\t\t\t\t\t\t<section class=\"elementor-section elementor-top-section elementor-element elementor-element-7880674b elementor-section-boxed elementor-section-height-default elementor-section-height-default\" data-id=\"7880674b\" data-element_type=\"section\">\n\t\t\t\t\t\t<div class=\"elementor-container elementor-column-gap-default\">\n\t\t\t\t\t<div class=\"elementor-column elementor-col-33 elementor-top-column elementor-element elementor-element-4558a272\" data-id=\"4558a272\" data-element_type=\"column\">\n\t\t\t<div class=\"elementor-widget-wrap elementor-element-populated\">\n\t\t\t\t\t\t\t\t<div class=\"elementor-element elementor-element-3bea06b0 elementor-widget elementor-widget-image\" data-id=\"3bea06b0\" data-element_type=\"widget\" data-widget_type=\"image.default\">\n\t\t\t\t<div class=\"elementor-widget-container\">\n\t\t\t\t\t\t\t\t\t\t\t\t\t\t\t<img loading=\"lazy\" decoding=\"async\" width=\"1024\" height=\"1024\" src=\"https:\/\/digiculture.eu\/wp-content\/uploads\/2019\/01\/David-Evans-1024x1024.jpg\" class=\"attachment-large size-large wp-image-1863\" alt=\"\" srcset=\"https:\/\/digiculture.eu\/wp-content\/uploads\/2019\/01\/David-Evans-1024x1024.jpg 1024w, https:\/\/digiculture.eu\/wp-content\/uploads\/2019\/01\/David-Evans-150x150.jpg 150w, https:\/\/digiculture.eu\/wp-content\/uploads\/2019\/01\/David-Evans-300x300.jpg 300w, https:\/\/digiculture.eu\/wp-content\/uploads\/2019\/01\/David-Evans-768x768.jpg 768w, https:\/\/digiculture.eu\/wp-content\/uploads\/2019\/01\/David-Evans-465x465.jpg 465w, https:\/\/digiculture.eu\/wp-content\/uploads\/2019\/01\/David-Evans-500x500.jpg 500w\" sizes=\"(max-width: 1024px) 100vw, 1024px\" \/>\t\t\t\t\t\t\t\t\t\t\t\t\t\t\t<\/div>\n\t\t\t\t<\/div>\n\t\t\t\t<div class=\"elementor-element elementor-element-248bdd61 elementor-shape-rounded elementor-grid-0 e-grid-align-center elementor-widget elementor-widget-social-icons\" data-id=\"248bdd61\" data-element_type=\"widget\" data-widget_type=\"social-icons.default\">\n\t\t\t\t<div class=\"elementor-widget-container\">\n\t\t\t\t\t<div class=\"elementor-social-icons-wrapper elementor-grid\">\n\t\t\t\t\t\t\t<span class=\"elementor-grid-item\">\n\t\t\t\t\t<a class=\"elementor-icon elementor-social-icon elementor-social-icon-envelope elementor-repeater-item-63b93f1\" href=\"mailto:david@jmea.co.uk\" target=\"_blank\">\n\t\t\t\t\t\t<span class=\"elementor-screen-only\">Vokas<\/span>\n\t\t\t\t\t\t\t\t\t\t\t\t\t<i class=\"fa fa-envelope\"><\/i>\n\t\t\t\t\t\t\t\t\t\t\t<\/a>\n\t\t\t\t<\/span>\n\t\t\t\t\t\t\t<span class=\"elementor-grid-item\">\n\t\t\t\t\t<a class=\"elementor-icon elementor-social-icon elementor-social-icon-twitter elementor-repeater-item-73937ed\" href=\"https:\/\/twitter.com\/dfte\" target=\"_blank\">\n\t\t\t\t\t\t<span class=\"elementor-screen-only\">\u201eTwitter\u201c<\/span>\n\t\t\t\t\t\t\t\t\t\t\t\t\t<i class=\"fa fa-twitter\"><\/i>\n\t\t\t\t\t\t\t\t\t\t\t<\/a>\n\t\t\t\t<\/span>\n\t\t\t\t\t\t\t<span class=\"elementor-grid-item\">\n\t\t\t\t\t<a class=\"elementor-icon elementor-social-icon elementor-social-icon-linkedin elementor-repeater-item-613e6ce\" href=\"https:\/\/uk.linkedin.com\/in\/dftevans\" target=\"_blank\">\n\t\t\t\t\t\t<span class=\"elementor-screen-only\">Linkedinas<\/span>\n\t\t\t\t\t\t\t\t\t\t\t\t\t<i class=\"fa fa-linkedin\"><\/i>\n\t\t\t\t\t\t\t\t\t\t\t<\/a>\n\t\t\t\t<\/span>\n\t\t\t\t\t<\/div>\n\t\t\t\t<\/div>\n\t\t\t\t<\/div>\n\t\t\t\t\t<\/div>\n\t\t<\/div>\n\t\t\t\t<div class=\"elementor-column elementor-col-66 elementor-top-column elementor-element elementor-element-5b95805c\" data-id=\"5b95805c\" data-element_type=\"column\">\n\t\t\t<div class=\"elementor-widget-wrap elementor-element-populated\">\n\t\t\t\t\t\t\t\t<div class=\"elementor-element elementor-element-3a4749fa elementor-widget elementor-widget-heading\" data-id=\"3a4749fa\" data-element_type=\"widget\" data-widget_type=\"heading.default\">\n\t\t\t\t<div class=\"elementor-widget-container\">\n\t\t\t<h2 class=\"elementor-heading-title elementor-size-default\">Davidas Evansas<\/h2>\t\t<\/div>\n\t\t\t\t<\/div>\n\t\t\t\t<div class=\"elementor-element elementor-element-26fd3f3a elementor-widget elementor-widget-text-editor\" data-id=\"26fd3f3a\" data-element_type=\"widget\" data-widget_type=\"text-editor.default\">\n\t\t\t\t<div class=\"elementor-widget-container\">\n\t\t\t\t\t\t\t<p>Davidas Evansas yra pagrindinis \u201eJME Associates Ltd\u201c konsultantas ir dirba su daugeliu klient\u0173 el. Mokymosi, \u201eSharePoint\u201c, LMS ir \u201eMicrosoft Office\u201c projektavimo ir pl\u0117tros projektuose. Anks\u010diau jis buvo \u201eMoodys\u201c mokymosi dizaino specialistas ir Bilstono bendruomen\u0117s koled\u017eo atvirojo ir nuotolinio mokymo vadovas. JK atvirajame universitete jis \u012fgijo ODL magistro laipsn\u012f ir yra \u201eMicrosoft\u201c sertifikuotas profesionalas.<\/p>\t\t\t\t\t\t<\/div>\n\t\t\t\t<\/div>\n\t\t\t\t\t<\/div>\n\t\t<\/div>\n\t\t\t\t\t\t\t<\/div>\n\t\t<\/section>\n\t\t\t\t\t\t\t<\/div>","protected":false},"excerpt":{"rendered":"<p>Envelope Twitter Linkedin David Evans David Evans is lead consultant with JME Associates Ltd and works with a number of clients on elearning, SharePoint, LMS and Microsoft Office design and development projects. He was previously a learning design specialist for Moodys, and Head of Open and Distance Learning at Bilston<span class=\"more-link\"><a href=\"https:\/\/digiculture.eu\/lt\/partners\/jme-associates\/david-evans\/\">Read More &rarr;<\/a><\/span><\/p>","protected":false},"author":5,"featured_media":0,"parent":1961,"menu_order":0,"comment_status":"closed","ping_status":"closed","template":"","meta":{"_mi_skip_tracking":false,"_monsterinsights_sitenote_active":false,"_monsterinsights_sitenote_note":"","_monsterinsights_sitenote_category":0,"footnotes":""},"yoast_head":"<!-- This site is optimized with the Yoast SEO plugin v21.5 - https:\/\/yoast.com\/wordpress\/plugins\/seo\/ -->\n<title>David Evans - Digital Culture - Erasmus+ European Project<\/title>\n<meta name=\"robots\" content=\"index, follow, max-snippet:-1, max-image-preview:large, max-video-preview:-1\" \/>\n<link rel=\"canonical\" href=\"https:\/\/digiculture.eu\/lt\/partners\/jme-associates\/david-evans\/\" \/>\n<meta property=\"og:locale\" content=\"lt_LT\" \/>\n<meta property=\"og:type\" content=\"article\" \/>\n<meta property=\"og:title\" content=\"David Evans - Digital Culture - Erasmus+ European Project\" \/>\n<meta property=\"og:description\" content=\"Envelope Twitter Linkedin David Evans David Evans is lead consultant with JME Associates Ltd and works with a number of clients on elearning, SharePoint, LMS and Microsoft Office design and development projects. He was previously a learning design specialist for Moodys, and Head of Open and Distance Learning at BilstonRead More &rarr;\" \/>\n<meta property=\"og:url\" content=\"https:\/\/digiculture.eu\/lt\/partners\/jme-associates\/david-evans\/\" \/>\n<meta property=\"og:site_name\" content=\"Digital Culture - Erasmus+ European Project\" \/>\n<meta property=\"article:publisher\" content=\"https:\/\/www.facebook.com\/CultureDigi\" \/>\n<meta property=\"article:modified_time\" content=\"2019-02-24T19:44:54+00:00\" \/>\n<meta property=\"og:image\" content=\"https:\/\/digiculture.eu\/wp-content\/uploads\/2019\/01\/David-Evans-1024x1024.jpg\" \/>\n<meta name=\"twitter:card\" content=\"summary_large_image\" \/>\n<meta name=\"twitter:site\" content=\"@elearning_upt\" \/>\n<script type=\"application\/ld+json\" class=\"yoast-schema-graph\">{\"@context\":\"https:\/\/schema.org\",\"@graph\":[{\"@type\":\"WebPage\",\"@id\":\"https:\/\/digiculture.eu\/partners\/jme-associates\/david-evans\/\",\"url\":\"https:\/\/digiculture.eu\/partners\/jme-associates\/david-evans\/\",\"name\":\"David Evans - Digital Culture - Erasmus+ European Project\",\"isPartOf\":{\"@id\":\"https:\/\/digiculture.eu\/#website\"},\"datePublished\":\"2019-02-24T19:40:24+00:00\",\"dateModified\":\"2019-02-24T19:44:54+00:00\",\"breadcrumb\":{\"@id\":\"https:\/\/digiculture.eu\/partners\/jme-associates\/david-evans\/#breadcrumb\"},\"inLanguage\":\"lt-LT\",\"potentialAction\":[{\"@type\":\"ReadAction\",\"target\":[\"https:\/\/digiculture.eu\/partners\/jme-associates\/david-evans\/\"]}]},{\"@type\":\"BreadcrumbList\",\"@id\":\"https:\/\/digiculture.eu\/partners\/jme-associates\/david-evans\/#breadcrumb\",\"itemListElement\":[{\"@type\":\"ListItem\",\"position\":1,\"name\":\"Home\",\"item\":\"https:\/\/digiculture.eu\/\"},{\"@type\":\"ListItem\",\"position\":2,\"name\":\"Partners\",\"item\":\"https:\/\/digiculture.eu\/partners\/\"},{\"@type\":\"ListItem\",\"position\":3,\"name\":\"JME Associates\",\"item\":\"https:\/\/digiculture.eu\/partners\/jme-associates\/\"},{\"@type\":\"ListItem\",\"position\":4,\"name\":\"David Evans\"}]},{\"@type\":\"WebSite\",\"@id\":\"https:\/\/digiculture.eu\/#website\",\"url\":\"https:\/\/digiculture.eu\/\",\"name\":\"Digital Culture - Erasmus+ European Project\",\"description\":\"Improving the Digital Competences and Social Inclusion of Adults in Creative Industries\",\"publisher\":{\"@id\":\"https:\/\/digiculture.eu\/#organization\"},\"potentialAction\":[{\"@type\":\"SearchAction\",\"target\":{\"@type\":\"EntryPoint\",\"urlTemplate\":\"https:\/\/digiculture.eu\/?s={search_term_string}\"},\"query-input\":\"required name=search_term_string\"}],\"inLanguage\":\"lt-LT\"},{\"@type\":\"Organization\",\"@id\":\"https:\/\/digiculture.eu\/#organization\",\"name\":\"Digiculture\",\"url\":\"https:\/\/digiculture.eu\/\",\"logo\":{\"@type\":\"ImageObject\",\"inLanguage\":\"lt-LT\",\"@id\":\"https:\/\/digiculture.eu\/#\/schema\/logo\/image\/\",\"url\":\"https:\/\/digiculture.eu\/wp-content\/uploads\/2019\/01\/Logo-Digi-Culture.png\",\"contentUrl\":\"https:\/\/digiculture.eu\/wp-content\/uploads\/2019\/01\/Logo-Digi-Culture.png\",\"width\":934,\"height\":386,\"caption\":\"Digiculture\"},\"image\":{\"@id\":\"https:\/\/digiculture.eu\/#\/schema\/logo\/image\/\"},\"sameAs\":[\"https:\/\/www.facebook.com\/CultureDigi\",\"https:\/\/twitter.com\/elearning_upt\"]}]}<\/script>\n<!-- \/ Yoast SEO plugin. -->","yoast_head_json":{"title":"David Evans - Digital Culture - Erasmus+ European Project","robots":{"index":"index","follow":"follow","max-snippet":"max-snippet:-1","max-image-preview":"max-image-preview:large","max-video-preview":"max-video-preview:-1"},"canonical":"https:\/\/digiculture.eu\/lt\/partners\/jme-associates\/david-evans\/","og_locale":"lt_LT","og_type":"article","og_title":"David Evans - Digital Culture - Erasmus+ European Project","og_description":"Envelope Twitter Linkedin David Evans David Evans is lead consultant with JME Associates Ltd and works with a number of clients on elearning, SharePoint, LMS and Microsoft Office design and development projects. He was previously a learning design specialist for Moodys, and Head of Open and Distance Learning at BilstonRead More &rarr;","og_url":"https:\/\/digiculture.eu\/lt\/partners\/jme-associates\/david-evans\/","og_site_name":"Digital Culture - Erasmus+ European Project","article_publisher":"https:\/\/www.facebook.com\/CultureDigi","article_modified_time":"2019-02-24T19:44:54+00:00","og_image":[{"url":"https:\/\/digiculture.eu\/wp-content\/uploads\/2019\/01\/David-Evans-1024x1024.jpg"}],"twitter_card":"summary_large_image","twitter_site":"@elearning_upt","schema":{"@context":"https:\/\/schema.org","@graph":[{"@type":"WebPage","@id":"https:\/\/digiculture.eu\/partners\/jme-associates\/david-evans\/","url":"https:\/\/digiculture.eu\/partners\/jme-associates\/david-evans\/","name":"David Evans - Digital Culture - Erasmus+ European Project","isPartOf":{"@id":"https:\/\/digiculture.eu\/#website"},"datePublished":"2019-02-24T19:40:24+00:00","dateModified":"2019-02-24T19:44:54+00:00","breadcrumb":{"@id":"https:\/\/digiculture.eu\/partners\/jme-associates\/david-evans\/#breadcrumb"},"inLanguage":"lt-LT","potentialAction":[{"@type":"ReadAction","target":["https:\/\/digiculture.eu\/partners\/jme-associates\/david-evans\/"]}]},{"@type":"BreadcrumbList","@id":"https:\/\/digiculture.eu\/partners\/jme-associates\/david-evans\/#breadcrumb","itemListElement":[{"@type":"ListItem","position":1,"name":"Home","item":"https:\/\/digiculture.eu\/"},{"@type":"ListItem","position":2,"name":"Partners","item":"https:\/\/digiculture.eu\/partners\/"},{"@type":"ListItem","position":3,"name":"JME Associates","item":"https:\/\/digiculture.eu\/partners\/jme-associates\/"},{"@type":"ListItem","position":4,"name":"David Evans"}]},{"@type":"WebSite","@id":"https:\/\/digiculture.eu\/#website","url":"https:\/\/digiculture.eu\/","name":"Digital Culture - Erasmus+ European Project","description":"Improving the Digital Competences and Social Inclusion of Adults in Creative Industries","publisher":{"@id":"https:\/\/digiculture.eu\/#organization"},"potentialAction":[{"@type":"SearchAction","target":{"@type":"EntryPoint","urlTemplate":"https:\/\/digiculture.eu\/?s={search_term_string}"},"query-input":"required name=search_term_string"}],"inLanguage":"lt-LT"},{"@type":"Organization","@id":"https:\/\/digiculture.eu\/#organization","name":"Digiculture","url":"https:\/\/digiculture.eu\/","logo":{"@type":"ImageObject","inLanguage":"lt-LT","@id":"https:\/\/digiculture.eu\/#\/schema\/logo\/image\/","url":"https:\/\/digiculture.eu\/wp-content\/uploads\/2019\/01\/Logo-Digi-Culture.png","contentUrl":"https:\/\/digiculture.eu\/wp-content\/uploads\/2019\/01\/Logo-Digi-Culture.png","width":934,"height":386,"caption":"Digiculture"},"image":{"@id":"https:\/\/digiculture.eu\/#\/schema\/logo\/image\/"},"sameAs":["https:\/\/www.facebook.com\/CultureDigi","https:\/\/twitter.com\/elearning_upt"]}]}},"_links":{"self":[{"href":"https:\/\/digiculture.eu\/lt\/wp-json\/wp\/v2\/pages\/1999"}],"collection":[{"href":"https:\/\/digiculture.eu\/lt\/wp-json\/wp\/v2\/pages"}],"about":[{"href":"https:\/\/digiculture.eu\/lt\/wp-json\/wp\/v2\/types\/page"}],"author":[{"embeddable":true,"href":"https:\/\/digiculture.eu\/lt\/wp-json\/wp\/v2\/users\/5"}],"replies":[{"embeddable":true,"href":"https:\/\/digiculture.eu\/lt\/wp-json\/wp\/v2\/comments?post=1999"}],"version-history":[{"count":3,"href":"https:\/\/digiculture.eu\/lt\/wp-json\/wp\/v2\/pages\/1999\/revisions"}],"predecessor-version":[{"id":2002,"href":"https:\/\/digiculture.eu\/lt\/wp-json\/wp\/v2\/pages\/1999\/revisions\/2002"}],"up":[{"embeddable":true,"href":"https:\/\/digiculture.eu\/lt\/wp-json\/wp\/v2\/pages\/1961"}],"wp:attachment":[{"href":"https:\/\/digiculture.eu\/lt\/wp-json\/wp\/v2\/media?parent=1999"}],"curies":[{"name":"wp","href":"https:\/\/api.w.org\/{rel}","templated":true}]}}