{"id":1977,"date":"2019-02-18T19:38:42","date_gmt":"2019-02-18T17:38:42","guid":{"rendered":"https:\/\/digiculture.eu\/?page_id=1977"},"modified":"2019-02-18T19:41:25","modified_gmt":"2019-02-18T17:41:25","slug":"antonella-poce","status":"publish","type":"page","link":"https:\/\/digiculture.eu\/lt\/partners\/university-of-roma-tre\/antonella-poce\/","title":{"rendered":"Antonella Poce"},"content":{"rendered":"<div data-elementor-type=\"wp-post\" data-elementor-id=\"1977\" class=\"elementor elementor-1977 elementor-bc-flex-widget\">\n\t\t\t\t\t\t\t\t\t<section class=\"elementor-section elementor-top-section elementor-element elementor-element-35e6b2fc elementor-section-boxed elementor-section-height-default elementor-section-height-default\" data-id=\"35e6b2fc\" data-element_type=\"section\">\n\t\t\t\t\t\t<div class=\"elementor-container elementor-column-gap-default\">\n\t\t\t\t\t<div class=\"elementor-column elementor-col-33 elementor-top-column elementor-element elementor-element-135dbff0\" data-id=\"135dbff0\" data-element_type=\"column\">\n\t\t\t<div class=\"elementor-widget-wrap elementor-element-populated\">\n\t\t\t\t\t\t\t\t<div class=\"elementor-element elementor-element-16829aae elementor-widget elementor-widget-image\" data-id=\"16829aae\" data-element_type=\"widget\" data-widget_type=\"image.default\">\n\t\t\t\t<div class=\"elementor-widget-container\">\n\t\t\t\t\t\t\t\t\t\t\t\t\t\t\t<img loading=\"lazy\" decoding=\"async\" width=\"588\" height=\"588\" src=\"https:\/\/digiculture.eu\/wp-content\/uploads\/2019\/01\/Antonella-Poce.jpg\" class=\"attachment-large size-large wp-image-1847\" alt=\"\" srcset=\"https:\/\/digiculture.eu\/wp-content\/uploads\/2019\/01\/Antonella-Poce.jpg 588w, https:\/\/digiculture.eu\/wp-content\/uploads\/2019\/01\/Antonella-Poce-150x150.jpg 150w, https:\/\/digiculture.eu\/wp-content\/uploads\/2019\/01\/Antonella-Poce-300x300.jpg 300w, https:\/\/digiculture.eu\/wp-content\/uploads\/2019\/01\/Antonella-Poce-465x465.jpg 465w, https:\/\/digiculture.eu\/wp-content\/uploads\/2019\/01\/Antonella-Poce-500x500.jpg 500w\" sizes=\"(max-width: 588px) 100vw, 588px\" \/>\t\t\t\t\t\t\t\t\t\t\t\t\t\t\t<\/div>\n\t\t\t\t<\/div>\n\t\t\t\t<div class=\"elementor-element elementor-element-6c59aef2 elementor-shape-rounded elementor-grid-0 e-grid-align-center elementor-widget elementor-widget-social-icons\" data-id=\"6c59aef2\" data-element_type=\"widget\" data-widget_type=\"social-icons.default\">\n\t\t\t\t<div class=\"elementor-widget-container\">\n\t\t\t\t\t<div class=\"elementor-social-icons-wrapper elementor-grid\">\n\t\t\t\t\t\t\t<span class=\"elementor-grid-item\">\n\t\t\t\t\t<a class=\"elementor-icon elementor-social-icon elementor-social-icon-envelope elementor-repeater-item-63b93f1\" href=\"mailto:antonella.poce@uniroma3.it\" target=\"_blank\">\n\t\t\t\t\t\t<span class=\"elementor-screen-only\">Vokas<\/span>\n\t\t\t\t\t\t\t\t\t\t\t\t\t<i class=\"fa fa-envelope\"><\/i>\n\t\t\t\t\t\t\t\t\t\t\t<\/a>\n\t\t\t\t<\/span>\n\t\t\t\t\t\t\t<span class=\"elementor-grid-item\">\n\t\t\t\t\t<a class=\"elementor-icon elementor-social-icon elementor-social-icon-twitter elementor-repeater-item-73937ed\" href=\"https:\/\/twitter.com\/AntonellaPoce\" target=\"_blank\">\n\t\t\t\t\t\t<span class=\"elementor-screen-only\">\u201eTwitter\u201c<\/span>\n\t\t\t\t\t\t\t\t\t\t\t\t\t<i class=\"fa fa-twitter\"><\/i>\n\t\t\t\t\t\t\t\t\t\t\t<\/a>\n\t\t\t\t<\/span>\n\t\t\t\t\t\t\t<span class=\"elementor-grid-item\">\n\t\t\t\t\t<a class=\"elementor-icon elementor-social-icon elementor-social-icon-linkedin elementor-repeater-item-613e6ce\" href=\"https:\/\/it.linkedin.com\/in\/antonella-poce-9a63789\" target=\"_blank\">\n\t\t\t\t\t\t<span class=\"elementor-screen-only\">Linkedinas<\/span>\n\t\t\t\t\t\t\t\t\t\t\t\t\t<i class=\"fa fa-linkedin\"><\/i>\n\t\t\t\t\t\t\t\t\t\t\t<\/a>\n\t\t\t\t<\/span>\n\t\t\t\t\t<\/div>\n\t\t\t\t<\/div>\n\t\t\t\t<\/div>\n\t\t\t\t\t<\/div>\n\t\t<\/div>\n\t\t\t\t<div class=\"elementor-column elementor-col-66 elementor-top-column elementor-element elementor-element-4290cb1c\" data-id=\"4290cb1c\" data-element_type=\"column\">\n\t\t\t<div class=\"elementor-widget-wrap elementor-element-populated\">\n\t\t\t\t\t\t\t\t<div class=\"elementor-element elementor-element-7c44dd61 elementor-widget elementor-widget-heading\" data-id=\"7c44dd61\" data-element_type=\"widget\" data-widget_type=\"heading.default\">\n\t\t\t\t<div class=\"elementor-widget-container\">\n\t\t\t<h2 class=\"elementor-heading-title elementor-size-default\">Antonella Poce<\/h2>\t\t<\/div>\n\t\t\t\t<\/div>\n\t\t\t\t<div class=\"elementor-element elementor-element-7c0722ba elementor-widget elementor-widget-text-editor\" data-id=\"7c0722ba\" data-element_type=\"widget\" data-widget_type=\"text-editor.default\">\n\t\t\t\t<div class=\"elementor-widget-container\">\n\t\t\t\t\t\t\t<p>Antonella Poce yra Romos Tre universiteto \u0161vietimo katedros eksperimentin\u0117s pedagogikos docent\u0117, ji yra muziej\u0173 studij\u0173 centro vadov\u0117 (nuo 2017 m.). Po doktorant\u016bros \u201eInovacij\u0173 ir \u0161vietimo sistem\u0173 vertinimas\u201c, ji gavo postdoktorant\u016bros stipendij\u0105 e. mokymosi modeli\u0173 universitetinio mokymo ir mokymosi \u012fvertinimo darbui atlikti. Jos moksliniai tyrimai yra susij\u0119 su novatori\u0161komis auk\u0161tojo mokslo mokymo praktikomis nacionaliniu ir tarptautiniu lygiu. 2008 m. AEA-Europe (\u0160vietimo vertinimo asociacijoje) buvo apdovanota kaip naujoji mokslo darbuotoja. Ji yra EDEN - Europos nuotolinio ir e. mokymosi tinklo nar\u0117 (nuo 2009 m.) Ir i\u0161rinkta EDEN-NAP (akademik\u0173 ir profesional\u0173 tinklo) valdymo komiteto nare (nuo 2014 m.). 2017 m. ji buvo i\u0161rinkta NAP komiteto pirmininke ir nuo tada ji yra EDEN vykdomojo komiteto nar\u0117. Ji dirbo keliuose \u201eErasmu+\u201c projektuose. Ji yra Tarptautin\u0117s muziej\u0173 tarybos (angl. ICOM) (\u0160vietimo ir kult\u016bros veiksm\u0173 komiteto) nar\u0117 (nuo 2006 m.). Ji koordinavo 4 departament\u0173 projektus ir vadovauja dvej\u0173 met\u0173 magistrant\u016bros studijoms \u201eI\u0161pl\u0117stin\u0117s muziej\u0173 \u0161vietimo studijos\u201c.<\/p>\t\t\t\t\t\t<\/div>\n\t\t\t\t<\/div>\n\t\t\t\t\t<\/div>\n\t\t<\/div>\n\t\t\t\t\t\t\t<\/div>\n\t\t<\/section>\n\t\t\t\t\t\t\t<\/div>","protected":false},"excerpt":{"rendered":"<p>Envelope Twitter Linkedin Antonella Poce Antonella Poce is Associate Professor in Experimental Pedagogy at the University Roma Tre \u2013 Department of Education, and she is the head of the Centre for Museum Studies (since 2017). After her PhD in \u201cInnovation and evaluation of educational systems\u201d, she obtained a post-doc scholarship<span class=\"more-link\"><a href=\"https:\/\/digiculture.eu\/lt\/partners\/university-of-roma-tre\/antonella-poce\/\">Read More &rarr;<\/a><\/span><\/p>","protected":false},"author":5,"featured_media":0,"parent":1938,"menu_order":0,"comment_status":"closed","ping_status":"closed","template":"","meta":{"_mi_skip_tracking":false,"_monsterinsights_sitenote_active":false,"_monsterinsights_sitenote_note":"","_monsterinsights_sitenote_category":0,"footnotes":""},"yoast_head":"<!-- This site is optimized with the Yoast SEO plugin v21.5 - https:\/\/yoast.com\/wordpress\/plugins\/seo\/ -->\n<title>Antonella Poce - Digital Culture - Erasmus+ European Project<\/title>\n<meta name=\"robots\" content=\"index, follow, max-snippet:-1, max-image-preview:large, max-video-preview:-1\" \/>\n<link rel=\"canonical\" href=\"https:\/\/digiculture.eu\/lt\/partners\/university-of-roma-tre\/antonella-poce\/\" \/>\n<meta property=\"og:locale\" content=\"lt_LT\" \/>\n<meta property=\"og:type\" content=\"article\" \/>\n<meta property=\"og:title\" content=\"Antonella Poce - Digital Culture - Erasmus+ European Project\" \/>\n<meta property=\"og:description\" content=\"Envelope Twitter Linkedin Antonella Poce Antonella Poce is Associate Professor in Experimental Pedagogy at the University Roma Tre \u2013 Department of Education, and she is the head of the Centre for Museum Studies (since 2017). After her PhD in \u201cInnovation and evaluation of educational systems\u201d, she obtained a post-doc scholarshipRead More &rarr;\" \/>\n<meta property=\"og:url\" content=\"https:\/\/digiculture.eu\/lt\/partners\/university-of-roma-tre\/antonella-poce\/\" \/>\n<meta property=\"og:site_name\" content=\"Digital Culture - Erasmus+ European Project\" \/>\n<meta property=\"article:publisher\" content=\"https:\/\/www.facebook.com\/CultureDigi\" \/>\n<meta property=\"article:modified_time\" content=\"2019-02-18T17:41:25+00:00\" \/>\n<meta property=\"og:image\" content=\"https:\/\/digiculture.eu\/wp-content\/uploads\/2019\/01\/Antonella-Poce.jpg\" \/>\n<meta name=\"twitter:card\" content=\"summary_large_image\" \/>\n<meta name=\"twitter:site\" content=\"@elearning_upt\" \/>\n<meta name=\"twitter:label1\" content=\"Est. reading time\" \/>\n\t<meta name=\"twitter:data1\" content=\"1 minut\u0117\" \/>\n<script type=\"application\/ld+json\" class=\"yoast-schema-graph\">{\"@context\":\"https:\/\/schema.org\",\"@graph\":[{\"@type\":\"WebPage\",\"@id\":\"https:\/\/digiculture.eu\/partners\/university-of-roma-tre\/antonella-poce\/\",\"url\":\"https:\/\/digiculture.eu\/partners\/university-of-roma-tre\/antonella-poce\/\",\"name\":\"Antonella Poce - Digital Culture - Erasmus+ European Project\",\"isPartOf\":{\"@id\":\"https:\/\/digiculture.eu\/#website\"},\"datePublished\":\"2019-02-18T17:38:42+00:00\",\"dateModified\":\"2019-02-18T17:41:25+00:00\",\"breadcrumb\":{\"@id\":\"https:\/\/digiculture.eu\/partners\/university-of-roma-tre\/antonella-poce\/#breadcrumb\"},\"inLanguage\":\"lt-LT\",\"potentialAction\":[{\"@type\":\"ReadAction\",\"target\":[\"https:\/\/digiculture.eu\/partners\/university-of-roma-tre\/antonella-poce\/\"]}]},{\"@type\":\"BreadcrumbList\",\"@id\":\"https:\/\/digiculture.eu\/partners\/university-of-roma-tre\/antonella-poce\/#breadcrumb\",\"itemListElement\":[{\"@type\":\"ListItem\",\"position\":1,\"name\":\"Home\",\"item\":\"https:\/\/digiculture.eu\/\"},{\"@type\":\"ListItem\",\"position\":2,\"name\":\"Partners\",\"item\":\"https:\/\/digiculture.eu\/partners\/\"},{\"@type\":\"ListItem\",\"position\":3,\"name\":\"University of Roma Tre\",\"item\":\"https:\/\/digiculture.eu\/partners\/university-of-roma-tre\/\"},{\"@type\":\"ListItem\",\"position\":4,\"name\":\"Antonella Poce\"}]},{\"@type\":\"WebSite\",\"@id\":\"https:\/\/digiculture.eu\/#website\",\"url\":\"https:\/\/digiculture.eu\/\",\"name\":\"Digital Culture - Erasmus+ European Project\",\"description\":\"Improving the Digital Competences and Social Inclusion of Adults in Creative Industries\",\"publisher\":{\"@id\":\"https:\/\/digiculture.eu\/#organization\"},\"potentialAction\":[{\"@type\":\"SearchAction\",\"target\":{\"@type\":\"EntryPoint\",\"urlTemplate\":\"https:\/\/digiculture.eu\/?s={search_term_string}\"},\"query-input\":\"required name=search_term_string\"}],\"inLanguage\":\"lt-LT\"},{\"@type\":\"Organization\",\"@id\":\"https:\/\/digiculture.eu\/#organization\",\"name\":\"Digiculture\",\"url\":\"https:\/\/digiculture.eu\/\",\"logo\":{\"@type\":\"ImageObject\",\"inLanguage\":\"lt-LT\",\"@id\":\"https:\/\/digiculture.eu\/#\/schema\/logo\/image\/\",\"url\":\"https:\/\/digiculture.eu\/wp-content\/uploads\/2019\/01\/Logo-Digi-Culture.png\",\"contentUrl\":\"https:\/\/digiculture.eu\/wp-content\/uploads\/2019\/01\/Logo-Digi-Culture.png\",\"width\":934,\"height\":386,\"caption\":\"Digiculture\"},\"image\":{\"@id\":\"https:\/\/digiculture.eu\/#\/schema\/logo\/image\/\"},\"sameAs\":[\"https:\/\/www.facebook.com\/CultureDigi\",\"https:\/\/twitter.com\/elearning_upt\"]}]}<\/script>\n<!-- \/ Yoast SEO plugin. -->","yoast_head_json":{"title":"Antonella Poce - Digital Culture - Erasmus+ European Project","robots":{"index":"index","follow":"follow","max-snippet":"max-snippet:-1","max-image-preview":"max-image-preview:large","max-video-preview":"max-video-preview:-1"},"canonical":"https:\/\/digiculture.eu\/lt\/partners\/university-of-roma-tre\/antonella-poce\/","og_locale":"lt_LT","og_type":"article","og_title":"Antonella Poce - Digital Culture - Erasmus+ European Project","og_description":"Envelope Twitter Linkedin Antonella Poce Antonella Poce is Associate Professor in Experimental Pedagogy at the University Roma Tre \u2013 Department of Education, and she is the head of the Centre for Museum Studies (since 2017). After her PhD in \u201cInnovation and evaluation of educational systems\u201d, she obtained a post-doc scholarshipRead More &rarr;","og_url":"https:\/\/digiculture.eu\/lt\/partners\/university-of-roma-tre\/antonella-poce\/","og_site_name":"Digital Culture - Erasmus+ European Project","article_publisher":"https:\/\/www.facebook.com\/CultureDigi","article_modified_time":"2019-02-18T17:41:25+00:00","og_image":[{"url":"https:\/\/digiculture.eu\/wp-content\/uploads\/2019\/01\/Antonella-Poce.jpg"}],"twitter_card":"summary_large_image","twitter_site":"@elearning_upt","twitter_misc":{"Est. reading time":"1 minut\u0117"},"schema":{"@context":"https:\/\/schema.org","@graph":[{"@type":"WebPage","@id":"https:\/\/digiculture.eu\/partners\/university-of-roma-tre\/antonella-poce\/","url":"https:\/\/digiculture.eu\/partners\/university-of-roma-tre\/antonella-poce\/","name":"Antonella Poce - Digital Culture - Erasmus+ European Project","isPartOf":{"@id":"https:\/\/digiculture.eu\/#website"},"datePublished":"2019-02-18T17:38:42+00:00","dateModified":"2019-02-18T17:41:25+00:00","breadcrumb":{"@id":"https:\/\/digiculture.eu\/partners\/university-of-roma-tre\/antonella-poce\/#breadcrumb"},"inLanguage":"lt-LT","potentialAction":[{"@type":"ReadAction","target":["https:\/\/digiculture.eu\/partners\/university-of-roma-tre\/antonella-poce\/"]}]},{"@type":"BreadcrumbList","@id":"https:\/\/digiculture.eu\/partners\/university-of-roma-tre\/antonella-poce\/#breadcrumb","itemListElement":[{"@type":"ListItem","position":1,"name":"Home","item":"https:\/\/digiculture.eu\/"},{"@type":"ListItem","position":2,"name":"Partners","item":"https:\/\/digiculture.eu\/partners\/"},{"@type":"ListItem","position":3,"name":"University of Roma Tre","item":"https:\/\/digiculture.eu\/partners\/university-of-roma-tre\/"},{"@type":"ListItem","position":4,"name":"Antonella Poce"}]},{"@type":"WebSite","@id":"https:\/\/digiculture.eu\/#website","url":"https:\/\/digiculture.eu\/","name":"Digital Culture - Erasmus+ European Project","description":"Improving the Digital Competences and Social Inclusion of Adults in Creative Industries","publisher":{"@id":"https:\/\/digiculture.eu\/#organization"},"potentialAction":[{"@type":"SearchAction","target":{"@type":"EntryPoint","urlTemplate":"https:\/\/digiculture.eu\/?s={search_term_string}"},"query-input":"required name=search_term_string"}],"inLanguage":"lt-LT"},{"@type":"Organization","@id":"https:\/\/digiculture.eu\/#organization","name":"Digiculture","url":"https:\/\/digiculture.eu\/","logo":{"@type":"ImageObject","inLanguage":"lt-LT","@id":"https:\/\/digiculture.eu\/#\/schema\/logo\/image\/","url":"https:\/\/digiculture.eu\/wp-content\/uploads\/2019\/01\/Logo-Digi-Culture.png","contentUrl":"https:\/\/digiculture.eu\/wp-content\/uploads\/2019\/01\/Logo-Digi-Culture.png","width":934,"height":386,"caption":"Digiculture"},"image":{"@id":"https:\/\/digiculture.eu\/#\/schema\/logo\/image\/"},"sameAs":["https:\/\/www.facebook.com\/CultureDigi","https:\/\/twitter.com\/elearning_upt"]}]}},"_links":{"self":[{"href":"https:\/\/digiculture.eu\/lt\/wp-json\/wp\/v2\/pages\/1977"}],"collection":[{"href":"https:\/\/digiculture.eu\/lt\/wp-json\/wp\/v2\/pages"}],"about":[{"href":"https:\/\/digiculture.eu\/lt\/wp-json\/wp\/v2\/types\/page"}],"author":[{"embeddable":true,"href":"https:\/\/digiculture.eu\/lt\/wp-json\/wp\/v2\/users\/5"}],"replies":[{"embeddable":true,"href":"https:\/\/digiculture.eu\/lt\/wp-json\/wp\/v2\/comments?post=1977"}],"version-history":[{"count":2,"href":"https:\/\/digiculture.eu\/lt\/wp-json\/wp\/v2\/pages\/1977\/revisions"}],"predecessor-version":[{"id":1979,"href":"https:\/\/digiculture.eu\/lt\/wp-json\/wp\/v2\/pages\/1977\/revisions\/1979"}],"up":[{"embeddable":true,"href":"https:\/\/digiculture.eu\/lt\/wp-json\/wp\/v2\/pages\/1938"}],"wp:attachment":[{"href":"https:\/\/digiculture.eu\/lt\/wp-json\/wp\/v2\/media?parent=1977"}],"curies":[{"name":"wp","href":"https:\/\/api.w.org\/{rel}","templated":true}]}}