{"id":1923,"date":"2019-02-05T14:20:15","date_gmt":"2019-02-05T12:20:15","guid":{"rendered":"https:\/\/digiculture.eu\/?page_id=1923"},"modified":"2021-04-12T17:28:09","modified_gmt":"2021-04-12T14:28:09","slug":"vlad-mihaescu","status":"publish","type":"page","link":"https:\/\/digiculture.eu\/lt\/partners\/politehnica-university-of-timisoara\/vlad-mihaescu\/","title":{"rendered":"Vladas Mihaescu"},"content":{"rendered":"<div data-elementor-type=\"wp-post\" data-elementor-id=\"1923\" class=\"elementor elementor-1923\">\n\t\t\t\t\t\t\t\t\t<section class=\"elementor-section elementor-top-section elementor-element elementor-element-737cdc11 elementor-section-boxed elementor-section-height-default elementor-section-height-default\" data-id=\"737cdc11\" data-element_type=\"section\">\n\t\t\t\t\t\t<div class=\"elementor-container elementor-column-gap-default\">\n\t\t\t\t\t<div class=\"elementor-column elementor-col-33 elementor-top-column elementor-element elementor-element-58984445\" data-id=\"58984445\" data-element_type=\"column\">\n\t\t\t<div class=\"elementor-widget-wrap elementor-element-populated\">\n\t\t\t\t\t\t\t\t<div class=\"elementor-element elementor-element-4e3e933b elementor-widget elementor-widget-image\" data-id=\"4e3e933b\" data-element_type=\"widget\" data-widget_type=\"image.default\">\n\t\t\t\t<div class=\"elementor-widget-container\">\n\t\t\t\t\t\t\t\t\t\t\t\t\t\t\t<img loading=\"lazy\" decoding=\"async\" width=\"347\" height=\"347\" src=\"https:\/\/digiculture.eu\/wp-content\/uploads\/2019\/01\/Vlad-Mihaescu.jpg\" class=\"attachment-large size-large wp-image-1839\" alt=\"\" srcset=\"https:\/\/digiculture.eu\/wp-content\/uploads\/2019\/01\/Vlad-Mihaescu.jpg 347w, https:\/\/digiculture.eu\/wp-content\/uploads\/2019\/01\/Vlad-Mihaescu-150x150.jpg 150w, https:\/\/digiculture.eu\/wp-content\/uploads\/2019\/01\/Vlad-Mihaescu-300x300.jpg 300w\" sizes=\"(max-width: 347px) 100vw, 347px\" \/>\t\t\t\t\t\t\t\t\t\t\t\t\t\t\t<\/div>\n\t\t\t\t<\/div>\n\t\t\t\t<div class=\"elementor-element elementor-element-54439cbf elementor-shape-rounded elementor-grid-0 e-grid-align-center elementor-widget elementor-widget-social-icons\" data-id=\"54439cbf\" data-element_type=\"widget\" data-widget_type=\"social-icons.default\">\n\t\t\t\t<div class=\"elementor-widget-container\">\n\t\t\t\t\t<div class=\"elementor-social-icons-wrapper elementor-grid\">\n\t\t\t\t\t\t\t<span class=\"elementor-grid-item\">\n\t\t\t\t\t<a class=\"elementor-icon elementor-social-icon elementor-social-icon-envelope elementor-repeater-item-63b93f1\" href=\"mailto:vlad.mihaescu@upt.ro\" target=\"_blank\">\n\t\t\t\t\t\t<span class=\"elementor-screen-only\">Vokas<\/span>\n\t\t\t\t\t\t<i class=\"fas fa-envelope\"><\/i>\t\t\t\t\t<\/a>\n\t\t\t\t<\/span>\n\t\t\t\t\t\t\t<span class=\"elementor-grid-item\">\n\t\t\t\t\t<a class=\"elementor-icon elementor-social-icon elementor-social-icon-twitter elementor-repeater-item-73937ed\" href=\"https:\/\/twitter.com\/mihaescuvlad\" target=\"_blank\">\n\t\t\t\t\t\t<span class=\"elementor-screen-only\">\u201eTwitter\u201c<\/span>\n\t\t\t\t\t\t<i class=\"fab fa-twitter\"><\/i>\t\t\t\t\t<\/a>\n\t\t\t\t<\/span>\n\t\t\t\t\t\t\t<span class=\"elementor-grid-item\">\n\t\t\t\t\t<a class=\"elementor-icon elementor-social-icon elementor-social-icon-linkedin-in elementor-repeater-item-613e6ce\" href=\"https:\/\/www.linkedin.com\/in\/vladmihaescu\/\" target=\"_blank\">\n\t\t\t\t\t\t<span class=\"elementor-screen-only\">\u201eLinkedin-in\u201c<\/span>\n\t\t\t\t\t\t<i class=\"fab fa-linkedin-in\"><\/i>\t\t\t\t\t<\/a>\n\t\t\t\t<\/span>\n\t\t\t\t\t<\/div>\n\t\t\t\t<\/div>\n\t\t\t\t<\/div>\n\t\t\t\t\t<\/div>\n\t\t<\/div>\n\t\t\t\t<div class=\"elementor-column elementor-col-66 elementor-top-column elementor-element elementor-element-337d8d3b\" data-id=\"337d8d3b\" data-element_type=\"column\">\n\t\t\t<div class=\"elementor-widget-wrap elementor-element-populated\">\n\t\t\t\t\t\t\t\t<div class=\"elementor-element elementor-element-7ba1b8c9 elementor-widget elementor-widget-heading\" data-id=\"7ba1b8c9\" data-element_type=\"widget\" data-widget_type=\"heading.default\">\n\t\t\t\t<div class=\"elementor-widget-container\">\n\t\t\t<h2 class=\"elementor-heading-title elementor-size-default\">Vladas Mihaescu<\/h2>\t\t<\/div>\n\t\t\t\t<\/div>\n\t\t\t\t<div class=\"elementor-element elementor-element-4a0c77ca elementor-widget elementor-widget-text-editor\" data-id=\"4a0c77ca\" data-element_type=\"widget\" data-widget_type=\"text-editor.default\">\n\t\t\t\t<div class=\"elementor-widget-container\">\n\t\t\t\t\t\t\t<p>Vladas Mih\u0103escu turi doktorant\u016bros laipsn\u012f MOOC, \u0161vietimo ir technologij\u0173 modeliuose ir jau 9 metus moko daugialypi\u0173 terpi\u0173, socialin\u0117s \u017einiasklaidos, e. turizmo, e. mokymosi, pritaikomumo, programavimo, mink\u0161t\u0173j\u0173 \u012fg\u016bd\u017ei\u0173 ir vadovavimo ypatybi\u0173. Daugiau kaip 20 mokslini\u0173 straipsni\u0173 ir knyg\u0173 skyri\u0173, paskelbt\u0173 tarptautin\u0117se konferencijose ir \u017eurnaluose, autorius Vladas turi verslumo patirties ITC, rengini\u0173 organizavimo ir turizmo srityse. \u0160iuo metu jis yra \u201eNanotech\u201c, konsultavimo ir mokymo \u012fmon\u0117s, vadovas, UPT docentas ir CeL komandos narys. Vladas yra vienintelis licencijuotas tarpininkas Centrin\u0117je ir Ryt\u0173 Europoje, kuris gali vesti Robino \u0160armos kurs\u0105 \u2013 Lyderis be titulo. Jis taip pat u\u017esiima moksline veikla ir yra asocijuotas UPT d\u0117stytojas.<\/p>\t\t\t\t\t\t<\/div>\n\t\t\t\t<\/div>\n\t\t\t\t\t<\/div>\n\t\t<\/div>\n\t\t\t\t\t\t\t<\/div>\n\t\t<\/section>\n\t\t\t\t\t\t\t<\/div>","protected":false},"excerpt":{"rendered":"<p>Envelope Twitter Linkedin-in Vlad Mihaescu Vlad Mih\u0103escu has a PhD in MOOCs, educational and technological models and has a 9 years experience as a trainer in areas such as multimedia, social media, e-tourism, e-learning, usability, programming, soft skills and leadership. Author of over 20 scientific papers and book chapters published<span class=\"more-link\"><a href=\"https:\/\/digiculture.eu\/lt\/partners\/politehnica-university-of-timisoara\/vlad-mihaescu\/\">Read More &rarr;<\/a><\/span><\/p>","protected":false},"author":5,"featured_media":0,"parent":1898,"menu_order":0,"comment_status":"closed","ping_status":"closed","template":"","meta":{"_mi_skip_tracking":false,"_monsterinsights_sitenote_active":false,"_monsterinsights_sitenote_note":"","_monsterinsights_sitenote_category":0,"footnotes":""},"yoast_head":"<!-- This site is optimized with the Yoast SEO plugin v21.5 - https:\/\/yoast.com\/wordpress\/plugins\/seo\/ -->\n<title>Vlad Mihaescu - Digital Culture - Erasmus+ European Project<\/title>\n<meta name=\"robots\" content=\"index, follow, max-snippet:-1, max-image-preview:large, max-video-preview:-1\" \/>\n<link rel=\"canonical\" href=\"https:\/\/digiculture.eu\/lt\/partners\/politehnica-university-of-timisoara\/vlad-mihaescu\/\" \/>\n<meta property=\"og:locale\" content=\"lt_LT\" \/>\n<meta property=\"og:type\" content=\"article\" \/>\n<meta property=\"og:title\" content=\"Vlad Mihaescu - Digital Culture - Erasmus+ European Project\" \/>\n<meta property=\"og:description\" content=\"Envelope Twitter Linkedin-in Vlad Mihaescu Vlad Mih\u0103escu has a PhD in MOOCs, educational and technological models and has a 9 years experience as a trainer in areas such as multimedia, social media, e-tourism, e-learning, usability, programming, soft skills and leadership. Author of over 20 scientific papers and book chapters publishedRead More &rarr;\" \/>\n<meta property=\"og:url\" content=\"https:\/\/digiculture.eu\/lt\/partners\/politehnica-university-of-timisoara\/vlad-mihaescu\/\" \/>\n<meta property=\"og:site_name\" content=\"Digital Culture - Erasmus+ European Project\" \/>\n<meta property=\"article:publisher\" content=\"https:\/\/www.facebook.com\/CultureDigi\" \/>\n<meta property=\"article:modified_time\" content=\"2021-04-12T14:28:09+00:00\" \/>\n<meta property=\"og:image\" content=\"https:\/\/digiculture.eu\/wp-content\/uploads\/2019\/01\/Vlad-Mihaescu.jpg\" \/>\n<meta name=\"twitter:card\" content=\"summary_large_image\" \/>\n<meta name=\"twitter:site\" content=\"@elearning_upt\" \/>\n<meta name=\"twitter:label1\" content=\"Est. reading time\" \/>\n\t<meta name=\"twitter:data1\" content=\"1 minut\u0117\" \/>\n<script type=\"application\/ld+json\" class=\"yoast-schema-graph\">{\"@context\":\"https:\/\/schema.org\",\"@graph\":[{\"@type\":\"WebPage\",\"@id\":\"https:\/\/digiculture.eu\/partners\/politehnica-university-of-timisoara\/vlad-mihaescu\/\",\"url\":\"https:\/\/digiculture.eu\/partners\/politehnica-university-of-timisoara\/vlad-mihaescu\/\",\"name\":\"Vlad Mihaescu - Digital Culture - Erasmus+ European Project\",\"isPartOf\":{\"@id\":\"https:\/\/digiculture.eu\/#website\"},\"datePublished\":\"2019-02-05T12:20:15+00:00\",\"dateModified\":\"2021-04-12T14:28:09+00:00\",\"breadcrumb\":{\"@id\":\"https:\/\/digiculture.eu\/partners\/politehnica-university-of-timisoara\/vlad-mihaescu\/#breadcrumb\"},\"inLanguage\":\"lt-LT\",\"potentialAction\":[{\"@type\":\"ReadAction\",\"target\":[\"https:\/\/digiculture.eu\/partners\/politehnica-university-of-timisoara\/vlad-mihaescu\/\"]}]},{\"@type\":\"BreadcrumbList\",\"@id\":\"https:\/\/digiculture.eu\/partners\/politehnica-university-of-timisoara\/vlad-mihaescu\/#breadcrumb\",\"itemListElement\":[{\"@type\":\"ListItem\",\"position\":1,\"name\":\"Home\",\"item\":\"https:\/\/digiculture.eu\/\"},{\"@type\":\"ListItem\",\"position\":2,\"name\":\"Partners\",\"item\":\"https:\/\/digiculture.eu\/partners\/\"},{\"@type\":\"ListItem\",\"position\":3,\"name\":\"Politehnica University of Timisoara\",\"item\":\"https:\/\/digiculture.eu\/partners\/politehnica-university-of-timisoara\/\"},{\"@type\":\"ListItem\",\"position\":4,\"name\":\"Vlad Mihaescu\"}]},{\"@type\":\"WebSite\",\"@id\":\"https:\/\/digiculture.eu\/#website\",\"url\":\"https:\/\/digiculture.eu\/\",\"name\":\"Digital Culture - Erasmus+ European Project\",\"description\":\"Improving the Digital Competences and Social Inclusion of Adults in Creative Industries\",\"publisher\":{\"@id\":\"https:\/\/digiculture.eu\/#organization\"},\"potentialAction\":[{\"@type\":\"SearchAction\",\"target\":{\"@type\":\"EntryPoint\",\"urlTemplate\":\"https:\/\/digiculture.eu\/?s={search_term_string}\"},\"query-input\":\"required name=search_term_string\"}],\"inLanguage\":\"lt-LT\"},{\"@type\":\"Organization\",\"@id\":\"https:\/\/digiculture.eu\/#organization\",\"name\":\"Digiculture\",\"url\":\"https:\/\/digiculture.eu\/\",\"logo\":{\"@type\":\"ImageObject\",\"inLanguage\":\"lt-LT\",\"@id\":\"https:\/\/digiculture.eu\/#\/schema\/logo\/image\/\",\"url\":\"https:\/\/digiculture.eu\/wp-content\/uploads\/2019\/01\/Logo-Digi-Culture.png\",\"contentUrl\":\"https:\/\/digiculture.eu\/wp-content\/uploads\/2019\/01\/Logo-Digi-Culture.png\",\"width\":934,\"height\":386,\"caption\":\"Digiculture\"},\"image\":{\"@id\":\"https:\/\/digiculture.eu\/#\/schema\/logo\/image\/\"},\"sameAs\":[\"https:\/\/www.facebook.com\/CultureDigi\",\"https:\/\/twitter.com\/elearning_upt\"]}]}<\/script>\n<!-- \/ Yoast SEO plugin. -->","yoast_head_json":{"title":"Vlad Mihaescu - Digital Culture - Erasmus+ European Project","robots":{"index":"index","follow":"follow","max-snippet":"max-snippet:-1","max-image-preview":"max-image-preview:large","max-video-preview":"max-video-preview:-1"},"canonical":"https:\/\/digiculture.eu\/lt\/partners\/politehnica-university-of-timisoara\/vlad-mihaescu\/","og_locale":"lt_LT","og_type":"article","og_title":"Vlad Mihaescu - Digital Culture - Erasmus+ European Project","og_description":"Envelope Twitter Linkedin-in Vlad Mihaescu Vlad Mih\u0103escu has a PhD in MOOCs, educational and technological models and has a 9 years experience as a trainer in areas such as multimedia, social media, e-tourism, e-learning, usability, programming, soft skills and leadership. Author of over 20 scientific papers and book chapters publishedRead More &rarr;","og_url":"https:\/\/digiculture.eu\/lt\/partners\/politehnica-university-of-timisoara\/vlad-mihaescu\/","og_site_name":"Digital Culture - Erasmus+ European Project","article_publisher":"https:\/\/www.facebook.com\/CultureDigi","article_modified_time":"2021-04-12T14:28:09+00:00","og_image":[{"url":"https:\/\/digiculture.eu\/wp-content\/uploads\/2019\/01\/Vlad-Mihaescu.jpg"}],"twitter_card":"summary_large_image","twitter_site":"@elearning_upt","twitter_misc":{"Est. reading time":"1 minut\u0117"},"schema":{"@context":"https:\/\/schema.org","@graph":[{"@type":"WebPage","@id":"https:\/\/digiculture.eu\/partners\/politehnica-university-of-timisoara\/vlad-mihaescu\/","url":"https:\/\/digiculture.eu\/partners\/politehnica-university-of-timisoara\/vlad-mihaescu\/","name":"Vlad Mihaescu - Digital Culture - Erasmus+ European Project","isPartOf":{"@id":"https:\/\/digiculture.eu\/#website"},"datePublished":"2019-02-05T12:20:15+00:00","dateModified":"2021-04-12T14:28:09+00:00","breadcrumb":{"@id":"https:\/\/digiculture.eu\/partners\/politehnica-university-of-timisoara\/vlad-mihaescu\/#breadcrumb"},"inLanguage":"lt-LT","potentialAction":[{"@type":"ReadAction","target":["https:\/\/digiculture.eu\/partners\/politehnica-university-of-timisoara\/vlad-mihaescu\/"]}]},{"@type":"BreadcrumbList","@id":"https:\/\/digiculture.eu\/partners\/politehnica-university-of-timisoara\/vlad-mihaescu\/#breadcrumb","itemListElement":[{"@type":"ListItem","position":1,"name":"Home","item":"https:\/\/digiculture.eu\/"},{"@type":"ListItem","position":2,"name":"Partners","item":"https:\/\/digiculture.eu\/partners\/"},{"@type":"ListItem","position":3,"name":"Politehnica University of Timisoara","item":"https:\/\/digiculture.eu\/partners\/politehnica-university-of-timisoara\/"},{"@type":"ListItem","position":4,"name":"Vlad Mihaescu"}]},{"@type":"WebSite","@id":"https:\/\/digiculture.eu\/#website","url":"https:\/\/digiculture.eu\/","name":"Digital Culture - Erasmus+ European Project","description":"Improving the Digital Competences and Social Inclusion of Adults in Creative Industries","publisher":{"@id":"https:\/\/digiculture.eu\/#organization"},"potentialAction":[{"@type":"SearchAction","target":{"@type":"EntryPoint","urlTemplate":"https:\/\/digiculture.eu\/?s={search_term_string}"},"query-input":"required name=search_term_string"}],"inLanguage":"lt-LT"},{"@type":"Organization","@id":"https:\/\/digiculture.eu\/#organization","name":"Digiculture","url":"https:\/\/digiculture.eu\/","logo":{"@type":"ImageObject","inLanguage":"lt-LT","@id":"https:\/\/digiculture.eu\/#\/schema\/logo\/image\/","url":"https:\/\/digiculture.eu\/wp-content\/uploads\/2019\/01\/Logo-Digi-Culture.png","contentUrl":"https:\/\/digiculture.eu\/wp-content\/uploads\/2019\/01\/Logo-Digi-Culture.png","width":934,"height":386,"caption":"Digiculture"},"image":{"@id":"https:\/\/digiculture.eu\/#\/schema\/logo\/image\/"},"sameAs":["https:\/\/www.facebook.com\/CultureDigi","https:\/\/twitter.com\/elearning_upt"]}]}},"_links":{"self":[{"href":"https:\/\/digiculture.eu\/lt\/wp-json\/wp\/v2\/pages\/1923"}],"collection":[{"href":"https:\/\/digiculture.eu\/lt\/wp-json\/wp\/v2\/pages"}],"about":[{"href":"https:\/\/digiculture.eu\/lt\/wp-json\/wp\/v2\/types\/page"}],"author":[{"embeddable":true,"href":"https:\/\/digiculture.eu\/lt\/wp-json\/wp\/v2\/users\/5"}],"replies":[{"embeddable":true,"href":"https:\/\/digiculture.eu\/lt\/wp-json\/wp\/v2\/comments?post=1923"}],"version-history":[{"count":5,"href":"https:\/\/digiculture.eu\/lt\/wp-json\/wp\/v2\/pages\/1923\/revisions"}],"predecessor-version":[{"id":3396,"href":"https:\/\/digiculture.eu\/lt\/wp-json\/wp\/v2\/pages\/1923\/revisions\/3396"}],"up":[{"embeddable":true,"href":"https:\/\/digiculture.eu\/lt\/wp-json\/wp\/v2\/pages\/1898"}],"wp:attachment":[{"href":"https:\/\/digiculture.eu\/lt\/wp-json\/wp\/v2\/media?parent=1923"}],"curies":[{"name":"wp","href":"https:\/\/api.w.org\/{rel}","templated":true}]}}