{"id":1734,"date":"2019-01-20T17:21:29","date_gmt":"2019-01-20T17:21:29","guid":{"rendered":"https:\/\/digiculture.eu\/wordpress\/?page_id=1734"},"modified":"2020-12-08T16:52:32","modified_gmt":"2020-12-08T14:52:32","slug":"outputs","status":"publish","type":"page","link":"https:\/\/digiculture.eu\/lt\/outputs\/","title":{"rendered":"Rezultatai"},"content":{"rendered":"<p>\u201eDigital Culture\u201c projekto tikslai:<\/p>\n<ul>\n<li>Didinti supratim\u0105 apie skaitmenini\u0173 \u012fg\u016bd\u017ei\u0173 mokymo kult\u016bros ir paveldo sektoriuje poreik\u012f<\/li>\n<li>Sukurti ir patvirtinti tarpvalstybines kult\u016bros skaitmenini\u0173 kompetencij\u0173 gaires<\/li>\n<li>Sukurti integruot\u0105 virtuali\u0105j\u0105 mokymosi aplink\u0105: internetin\u0119 ir mobili\u0105<\/li>\n<li>Suprojektuoti, pl\u0117toti ir pristatyti skaitmeninius kult\u016bros \u012fg\u016bd\u017eius, internetinius MOOC ir A\u0160I i\u0161versti \u012f vis\u0173 partneri\u0173 kalbas ir pristatyti kaip mi\u0161raus mokymo kurso derin\u012f ir kaip visi\u0161kai internetin\u012f MOOC tipo kurs\u0105 tikslinei grupei.<\/li>\n<li>Gerinti skaitmenini\u0173 \u012fg\u016bd\u017ei\u0173 \u012fgijim\u0105 ir pripa\u017einim\u0105 per formal\u0173j\u012f ir savaimin\u012f mokym\u0105si, \u012fvedant skaitmenini\u0173 \u012fg\u016bd\u017ei\u0173 e. vertinim\u0105 ir atvirus \u017eenklelius suaugusi\u0173j\u0173 \u0161vietimo kult\u016broje<\/li>\n<li>Suteikti patraukli\u0105 ir efektyv\u0105 mokymosi patirt\u012f skaitmenini\u0173 \u012fg\u016bd\u017ei\u0173 kursuose<\/li>\n<li>Didinti \u0161vietimo paslaug\u0173 teik\u0117j\u0173, universitet\u0173, kult\u016bros ir paveldo institucij\u0173 ir asociacij\u0173, kult\u016bros veik\u0117j\u0173, darbuotoj\u0173 ir savanori\u0173 bendradarbiavim\u0105<\/li>\n<li>Pateikti \u012frodym\u0173, kaip skaitmenini\u0173 \u012fg\u016bd\u017ei\u0173 \u012fgijimas, vertinimas ir patvirtinimas prisideda prie nauj\u0173 \u012fg\u016bd\u017ei\u0173 \u012fsisavinimo kult\u016bros ir paveldo sektoriuje<\/li>\n<\/ul>\n<p>Yra 6 intelektiniai rezultatai, suskirstyti \u012f 21 etap\u0105 ir rezultatus:<\/p>\n\n\n<div class=\"wp-block-columns has-2-columns is-layout-flex wp-container-core-columns-layout-1 wp-block-columns-is-layout-flex\">\n<div class=\"wp-block-column is-layout-flow wp-block-column-is-layout-flow\">\n<p>O1 <a href=\"https:\/\/digiculture.eu\/lt\/category\/outputs\/output-1-conceptual-guidelines-for-digital-competences-for-culture\/\">1-as rezultatas - Skaitmenini\u0173 \u012fg\u016bd\u017ei\u0173 panaudojimo koncepcija kult\u016bros sektoriuje<\/a><\/p>\n<\/div>\n\n\n\n<div class=\"wp-block-column is-layout-flow wp-block-column-is-layout-flow\">\n<p>O2  <a href=\"https:\/\/digiculture.eu\/lt\/output-2\/\">2-as rezultatas - Integruota virtuali mokymosi erdv\u0117 - internetin\u0117 ir mobili MOOC platforma<\/a> <\/p>\n<\/div>\n<\/div>\n\n\n\n<div class=\"wp-block-columns has-2-columns is-layout-flex wp-container-core-columns-layout-2 wp-block-columns-is-layout-flex\">\n<div class=\"wp-block-column is-layout-flow wp-block-column-is-layout-flow\">\n<p>O3  <a href=\"https:\/\/digiculture.eu\/lt\/category\/outputs\/output-3-the-digital-skills-for-culture-online-course-dsc\/\">3 rezultatas - skaitmeniniai kult\u016bros \u012fg\u016bd\u017ei\u0173 internetiniai kursai (DSC<\/a>) <\/p>\n<\/div>\n\n\n\n<div class=\"wp-block-column is-layout-flow wp-block-column-is-layout-flow\">\n<p>O4 <a href=\"https:\/\/digiculture.eu\/lt\/category\/outputs\/output-4\/\">4-as rezultatas - Suaugusi\u0173j\u0173 \u0161vietimui reikalingi skaitmeniniai \u012fg\u016bd\u017eiai, internetinis \u012fsivertinimo \u012frankis ir atvira skaitmenini\u0173 \u017eenkliuk\u0173 sistema<\/a><\/p>\n<\/div>\n<\/div>\n\n\n\n<div class=\"wp-block-columns has-2-columns is-layout-flex wp-container-core-columns-layout-3 wp-block-columns-is-layout-flex\">\n<div class=\"wp-block-column is-layout-flow wp-block-column-is-layout-flow\">\n<p>O5  <\/p>\n<\/div>\n\n\n\n<div class=\"wp-block-column is-layout-flow wp-block-column-is-layout-flow\">\n<p>O6 <a href=\"https:\/\/digiculture.eu\/lt\/category\/outputs\/output-6\/\">6 rezultatas - skaitmenini\u0173 kult\u016bros \u012fg\u016bd\u017ei\u0173 \u012fg\u016bd\u017ei\u0173 efektyvumo \u012fvertinimas, kokyb\u0117s u\u017etikrinimas<\/a><\/p>\n<\/div>\n<\/div>","protected":false},"excerpt":{"rendered":"<p>outputs &#8230;&#8230;<span class=\"more-link\"><a href=\"https:\/\/digiculture.eu\/lt\/outputs\/\">Read More &rarr;<\/a><\/span><\/p>","protected":false},"author":5,"featured_media":0,"parent":0,"menu_order":0,"comment_status":"closed","ping_status":"closed","template":"","meta":{"_mi_skip_tracking":false,"_monsterinsights_sitenote_active":false,"_monsterinsights_sitenote_note":"","_monsterinsights_sitenote_category":0,"footnotes":""},"yoast_head":"<!-- This site is optimized with the Yoast SEO plugin v21.5 - https:\/\/yoast.com\/wordpress\/plugins\/seo\/ -->\n<title>Outputs - Digital Culture - Erasmus+ European Project<\/title>\n<meta name=\"robots\" content=\"index, follow, max-snippet:-1, max-image-preview:large, max-video-preview:-1\" \/>\n<link rel=\"canonical\" href=\"https:\/\/digiculture.eu\/lt\/outputs\/\" \/>\n<meta property=\"og:locale\" content=\"lt_LT\" \/>\n<meta property=\"og:type\" content=\"article\" \/>\n<meta property=\"og:title\" content=\"Outputs - Digital Culture - Erasmus+ European Project\" \/>\n<meta property=\"og:description\" content=\"outputs ......Read More &rarr;\" \/>\n<meta property=\"og:url\" content=\"https:\/\/digiculture.eu\/lt\/outputs\/\" \/>\n<meta property=\"og:site_name\" content=\"Digital Culture - Erasmus+ European Project\" \/>\n<meta property=\"article:publisher\" content=\"https:\/\/www.facebook.com\/CultureDigi\" \/>\n<meta property=\"article:modified_time\" content=\"2020-12-08T14:52:32+00:00\" \/>\n<meta name=\"twitter:card\" content=\"summary_large_image\" \/>\n<meta name=\"twitter:site\" content=\"@elearning_upt\" \/>\n<meta name=\"twitter:label1\" content=\"Est. reading time\" \/>\n\t<meta name=\"twitter:data1\" content=\"1 minut\u0117\" \/>\n<script type=\"application\/ld+json\" class=\"yoast-schema-graph\">{\"@context\":\"https:\/\/schema.org\",\"@graph\":[{\"@type\":\"WebPage\",\"@id\":\"https:\/\/digiculture.eu\/outputs\/\",\"url\":\"https:\/\/digiculture.eu\/outputs\/\",\"name\":\"Outputs - Digital Culture - Erasmus+ European Project\",\"isPartOf\":{\"@id\":\"https:\/\/digiculture.eu\/#website\"},\"datePublished\":\"2019-01-20T17:21:29+00:00\",\"dateModified\":\"2020-12-08T14:52:32+00:00\",\"breadcrumb\":{\"@id\":\"https:\/\/digiculture.eu\/outputs\/#breadcrumb\"},\"inLanguage\":\"lt-LT\",\"potentialAction\":[{\"@type\":\"ReadAction\",\"target\":[\"https:\/\/digiculture.eu\/outputs\/\"]}]},{\"@type\":\"BreadcrumbList\",\"@id\":\"https:\/\/digiculture.eu\/outputs\/#breadcrumb\",\"itemListElement\":[{\"@type\":\"ListItem\",\"position\":1,\"name\":\"Home\",\"item\":\"https:\/\/digiculture.eu\/\"},{\"@type\":\"ListItem\",\"position\":2,\"name\":\"Outputs\"}]},{\"@type\":\"WebSite\",\"@id\":\"https:\/\/digiculture.eu\/#website\",\"url\":\"https:\/\/digiculture.eu\/\",\"name\":\"Digital Culture - Erasmus+ European Project\",\"description\":\"Improving the Digital Competences and Social Inclusion of Adults in Creative Industries\",\"publisher\":{\"@id\":\"https:\/\/digiculture.eu\/#organization\"},\"potentialAction\":[{\"@type\":\"SearchAction\",\"target\":{\"@type\":\"EntryPoint\",\"urlTemplate\":\"https:\/\/digiculture.eu\/?s={search_term_string}\"},\"query-input\":\"required name=search_term_string\"}],\"inLanguage\":\"lt-LT\"},{\"@type\":\"Organization\",\"@id\":\"https:\/\/digiculture.eu\/#organization\",\"name\":\"Digiculture\",\"url\":\"https:\/\/digiculture.eu\/\",\"logo\":{\"@type\":\"ImageObject\",\"inLanguage\":\"lt-LT\",\"@id\":\"https:\/\/digiculture.eu\/#\/schema\/logo\/image\/\",\"url\":\"https:\/\/digiculture.eu\/wp-content\/uploads\/2019\/01\/Logo-Digi-Culture.png\",\"contentUrl\":\"https:\/\/digiculture.eu\/wp-content\/uploads\/2019\/01\/Logo-Digi-Culture.png\",\"width\":934,\"height\":386,\"caption\":\"Digiculture\"},\"image\":{\"@id\":\"https:\/\/digiculture.eu\/#\/schema\/logo\/image\/\"},\"sameAs\":[\"https:\/\/www.facebook.com\/CultureDigi\",\"https:\/\/twitter.com\/elearning_upt\"]}]}<\/script>\n<!-- \/ Yoast SEO plugin. -->","yoast_head_json":{"title":"Outputs - Digital Culture - Erasmus+ European Project","robots":{"index":"index","follow":"follow","max-snippet":"max-snippet:-1","max-image-preview":"max-image-preview:large","max-video-preview":"max-video-preview:-1"},"canonical":"https:\/\/digiculture.eu\/lt\/outputs\/","og_locale":"lt_LT","og_type":"article","og_title":"Outputs - Digital Culture - Erasmus+ European Project","og_description":"outputs ......Read More &rarr;","og_url":"https:\/\/digiculture.eu\/lt\/outputs\/","og_site_name":"Digital Culture - Erasmus+ European Project","article_publisher":"https:\/\/www.facebook.com\/CultureDigi","article_modified_time":"2020-12-08T14:52:32+00:00","twitter_card":"summary_large_image","twitter_site":"@elearning_upt","twitter_misc":{"Est. reading time":"1 minut\u0117"},"schema":{"@context":"https:\/\/schema.org","@graph":[{"@type":"WebPage","@id":"https:\/\/digiculture.eu\/outputs\/","url":"https:\/\/digiculture.eu\/outputs\/","name":"Outputs - Digital Culture - Erasmus+ European Project","isPartOf":{"@id":"https:\/\/digiculture.eu\/#website"},"datePublished":"2019-01-20T17:21:29+00:00","dateModified":"2020-12-08T14:52:32+00:00","breadcrumb":{"@id":"https:\/\/digiculture.eu\/outputs\/#breadcrumb"},"inLanguage":"lt-LT","potentialAction":[{"@type":"ReadAction","target":["https:\/\/digiculture.eu\/outputs\/"]}]},{"@type":"BreadcrumbList","@id":"https:\/\/digiculture.eu\/outputs\/#breadcrumb","itemListElement":[{"@type":"ListItem","position":1,"name":"Home","item":"https:\/\/digiculture.eu\/"},{"@type":"ListItem","position":2,"name":"Outputs"}]},{"@type":"WebSite","@id":"https:\/\/digiculture.eu\/#website","url":"https:\/\/digiculture.eu\/","name":"Digital Culture - Erasmus+ European Project","description":"Improving the Digital Competences and Social Inclusion of Adults in Creative Industries","publisher":{"@id":"https:\/\/digiculture.eu\/#organization"},"potentialAction":[{"@type":"SearchAction","target":{"@type":"EntryPoint","urlTemplate":"https:\/\/digiculture.eu\/?s={search_term_string}"},"query-input":"required name=search_term_string"}],"inLanguage":"lt-LT"},{"@type":"Organization","@id":"https:\/\/digiculture.eu\/#organization","name":"Digiculture","url":"https:\/\/digiculture.eu\/","logo":{"@type":"ImageObject","inLanguage":"lt-LT","@id":"https:\/\/digiculture.eu\/#\/schema\/logo\/image\/","url":"https:\/\/digiculture.eu\/wp-content\/uploads\/2019\/01\/Logo-Digi-Culture.png","contentUrl":"https:\/\/digiculture.eu\/wp-content\/uploads\/2019\/01\/Logo-Digi-Culture.png","width":934,"height":386,"caption":"Digiculture"},"image":{"@id":"https:\/\/digiculture.eu\/#\/schema\/logo\/image\/"},"sameAs":["https:\/\/www.facebook.com\/CultureDigi","https:\/\/twitter.com\/elearning_upt"]}]}},"_links":{"self":[{"href":"https:\/\/digiculture.eu\/lt\/wp-json\/wp\/v2\/pages\/1734"}],"collection":[{"href":"https:\/\/digiculture.eu\/lt\/wp-json\/wp\/v2\/pages"}],"about":[{"href":"https:\/\/digiculture.eu\/lt\/wp-json\/wp\/v2\/types\/page"}],"author":[{"embeddable":true,"href":"https:\/\/digiculture.eu\/lt\/wp-json\/wp\/v2\/users\/5"}],"replies":[{"embeddable":true,"href":"https:\/\/digiculture.eu\/lt\/wp-json\/wp\/v2\/comments?post=1734"}],"version-history":[{"count":11,"href":"https:\/\/digiculture.eu\/lt\/wp-json\/wp\/v2\/pages\/1734\/revisions"}],"predecessor-version":[{"id":2744,"href":"https:\/\/digiculture.eu\/lt\/wp-json\/wp\/v2\/pages\/1734\/revisions\/2744"}],"wp:attachment":[{"href":"https:\/\/digiculture.eu\/lt\/wp-json\/wp\/v2\/media?parent=1734"}],"curies":[{"name":"wp","href":"https:\/\/api.w.org\/{rel}","templated":true}]}}