{"id":3365,"date":"2021-04-05T23:15:33","date_gmt":"2021-04-05T20:15:33","guid":{"rendered":"https:\/\/digiculture.eu\/?page_id=3365"},"modified":"2021-04-18T19:00:43","modified_gmt":"2021-04-18T16:00:43","slug":"privacy-policy","status":"publish","type":"page","link":"https:\/\/digiculture.eu\/it\/privacy-policy\/","title":{"rendered":"politica sulla riservatezza"},"content":{"rendered":"<p>La tua privacy \u00e8 importante per noi. \u00c8 politica dell&#039;Universit\u00e0 Politehnica di Timisoara rispettare la tua privacy e rispettare qualsiasi legge e regolamento applicabile in merito a qualsiasi informazione personale che possiamo raccogliere su di te, anche attraverso il nostro sito web,&nbsp;<a href=\"https:\/\/digiculture.eu\/it\/\">https:\/\/digiculture.eu\/<\/a>e altri siti che possediamo e gestiamo.<\/p>\n\n\n\n<p>Questa politica \u00e8 in vigore dal 1 ottobre 2018 ed \u00e8 stata aggiornata l&#039;ultima volta il 5 aprile 2021.<\/p>\n\n\n\n<h3 class=\"wp-block-heading\">Informazioni che raccogliamo<\/h3>\n\n\n\n<p>Le informazioni che raccogliamo includono sia le informazioni che ci fornisci consapevolmente e attivamente quando utilizzi o partecipi a uno qualsiasi dei nostri servizi e promozioni, e qualsiasi informazione inviata automaticamente dai tuoi dispositivi durante l&#039;accesso ai nostri prodotti e servizi.<\/p>\n\n\n\n<h4 class=\"wp-block-heading\">Dati di registro<\/h4>\n\n\n\n<p>Quando visiti il nostro sito web, i nostri server possono registrare automaticamente i dati standard forniti dal tuo browser web. Pu\u00f2 includere l&#039;indirizzo IP (Internet Protocol) del dispositivo, il tipo e la versione del browser, le pagine visitate, l&#039;ora e la data della visita, il tempo trascorso su ciascuna pagina, altri dettagli sulla visita e dettagli tecnici che si verificano in insieme a eventuali errori che potresti incontrare.<\/p>\n\n\n\n<p>Si prega di essere consapevoli del fatto che mentre queste informazioni potrebbero non essere di per s\u00e9 identificative personali, potrebbe essere possibile combinarle con altri dati per identificare personalmente singole persone.<\/p>\n\n\n\n<h4 class=\"wp-block-heading\">Informazione personale<\/h4>\n\n\n\n<p>Potremmo richiedere informazioni personali che possono includere uno o pi\u00f9 dei seguenti:<\/p>\n\n\n\n<p>N \/ A<\/p>\n\n\n\n<h4 class=\"wp-block-heading\">Motivi legittimi per il trattamento delle informazioni personali<\/h4>\n\n\n\n<p>Raccogliamo e utilizziamo le tue informazioni personali solo quando abbiamo un motivo legittimo per farlo. In tal caso, raccogliamo solo le informazioni personali ragionevolmente necessarie per fornirti i nostri servizi.<\/p>\n\n\n\n<h4 class=\"wp-block-heading\">Raccolta e utilizzo delle informazioni<\/h4>\n\n\n\n<p>Potremmo raccogliere informazioni personali da te quando esegui una delle seguenti operazioni sul nostro sito Web:<\/p>\n\n\n\n<ul><li>Usa un dispositivo mobile o un browser web per accedere ai nostri contenuti<\/li><li>Contattaci via e-mail, social media o su qualsiasi tecnologia simile<\/li><li>Quando ci parli sui social<\/li><\/ul>\n\n\n\n<p>Possiamo raccogliere, conservare, utilizzare e divulgare informazioni per i seguenti scopi e le informazioni personali non verranno ulteriormente elaborate in modo incompatibile con tali scopi:<\/p>\n\n\n\n<ul><li>per analisi, ricerche di mercato e sviluppo aziendale, incluso per gestire e migliorare il nostro sito Web, le applicazioni associate e le piattaforme di social media associate<\/li><\/ul>\n\n\n\n<p>Tieni presente che potremmo combinare le informazioni che raccogliamo su di te con informazioni generali o dati di ricerca che riceviamo da altre fonti attendibili.<\/p>\n\n\n\n<h4 class=\"wp-block-heading\">Sicurezza delle tue informazioni personali<\/h4>\n\n\n\n<p>Quando raccogliamo ed elaboriamo informazioni personali e mentre conserviamo queste informazioni, le proteggeremo con mezzi commercialmente accettabili per prevenire la perdita e il furto, nonch\u00e9 l&#039;accesso, la divulgazione, la copia, l&#039;uso o la modifica non autorizzati.<\/p>\n\n\n\n<p>Sebbene faremo del nostro meglio per proteggere le informazioni personali che ci fornisci, ti consigliamo che nessun metodo di trasmissione o archiviazione elettronica \u00e8 100% sicuro e nessuno pu\u00f2 garantire la sicurezza assoluta dei dati. Rispetteremo le leggi a noi applicabili in relazione a qualsiasi violazione dei dati.<\/p>\n\n\n\n<p>Sei responsabile della selezione di qualsiasi password e della sua sicurezza complessiva, garantendo la sicurezza delle tue informazioni entro i limiti dei nostri servizi.<\/p>\n\n\n\n<h4 class=\"wp-block-heading\">Per quanto tempo conserviamo le tue informazioni personali<\/h4>\n\n\n\n<p>Conserviamo le tue informazioni personali solo per il tempo necessario. Questo periodo di tempo pu\u00f2 dipendere da cosa stiamo utilizzando le tue informazioni, in conformit\u00e0 con questa politica sulla privacy. Se le tue informazioni personali non sono pi\u00f9 necessarie, le elimineremo o le renderemo anonime rimuovendo tutti i dettagli che ti identificano.<\/p>\n\n\n\n<p>Tuttavia, se necessario, potremmo conservare le tue informazioni personali per la nostra conformit\u00e0 a un obbligo legale, contabile o di rendicontazione o per scopi di archiviazione nell&#039;interesse pubblico, per scopi di ricerca scientifica o storica o per scopi statistici.<\/p>\n\n\n\n<h3 class=\"wp-block-heading\">Privacy dei bambini<\/h3>\n\n\n\n<p>Non puntiamo nessuno dei nostri prodotti o servizi direttamente ai bambini di et\u00e0 inferiore ai 13 anni e non raccogliamo consapevolmente informazioni personali sui bambini di et\u00e0 inferiore ai 13 anni.<\/p>\n\n\n\n<h3 class=\"wp-block-heading\">Divulgazione di informazioni personali a terzi<\/h3>\n\n\n\n<p>Possiamo divulgare informazioni personali a:<\/p>\n\n\n\n<ul><li>una societ\u00e0 madre, sussidiaria o affiliata della nostra azienda<\/li><li>fornitori di servizi di terze parti allo scopo di consentire loro di fornire i propri servizi, ad esempio fornitori di servizi IT, fornitori di servizi di archiviazione dati, hosting e server, inserzionisti o piattaforme di analisi<\/li><li>i nostri dipendenti, appaltatori e\/o entit\u00e0 correlate<\/li><li>i nostri agenti o partner commerciali esistenti o potenziali<\/li><li>sponsor o promotori di qualsiasi competizione, concorso a premi o promozione che gestiamo<\/li><li>corti, tribunali, autorit\u00e0 di regolamentazione e funzionari delle forze dell&#039;ordine, come richiesto dalla legge, in relazione a qualsiasi procedimento legale effettivo o potenziale, o al fine di stabilire, esercitare o difendere i nostri diritti legali<\/li><li>terze parti, inclusi agenti o subappaltatori, che ci assistono nella fornitura di informazioni, prodotti, servizi o marketing diretto a terze parti per raccogliere ed elaborare i dati<\/li><\/ul>\n\n\n\n<h3 class=\"wp-block-heading\">Trasferimenti internazionali di informazioni personali<\/h3>\n\n\n\n<p>Le informazioni personali che raccogliamo vengono archiviate e\/o elaborate dove noi oi nostri partner, affiliati e fornitori di terze parti manteniamo strutture. Tieni presente che i luoghi in cui memorizziamo, elaboriamo o trasferiamo le tue informazioni personali potrebbero non avere le stesse leggi sulla protezione dei dati del paese in cui hai inizialmente fornito le informazioni. Se trasferiamo le tue informazioni personali a terzi in altri paesi: (i) eseguiremo tali trasferimenti in conformit\u00e0 con i requisiti della legge applicabile; e (ii) proteggeremo le informazioni personali trasferite in conformit\u00e0 con questa politica sulla privacy.<\/p>\n\n\n\n<h3 class=\"wp-block-heading\">I tuoi diritti e il controllo delle tue informazioni personali<\/h3>\n\n\n\n<p>Mantieni sempre il diritto di trattenere le informazioni personali da noi, con la consapevolezza che la tua esperienza del nostro sito Web potrebbe essere influenzata. Non ti discrimineremo per aver esercitato nessuno dei tuoi diritti sulle tue informazioni personali. Se ci fornisci informazioni personali, comprendi che le raccoglieremo, conserveremo, utilizzeremo e divulgheremo in conformit\u00e0 con questa politica sulla privacy. Mantieni il diritto di richiedere dettagli su qualsiasi informazione personale in nostro possesso.<\/p>\n\n\n\n<p>Se riceviamo informazioni personali su di te da una terza parte, le proteggeremo come stabilito nella presente informativa sulla privacy. Se sei una terza parte che fornisce informazioni personali su qualcun altro, dichiari e garantisci di avere il consenso di tale persona a fornirci le informazioni personali.<\/p>\n\n\n\n<p>Se hai precedentemente acconsentito all&#039;utilizzo delle tue informazioni personali per scopi di marketing diretto, puoi cambiare idea in qualsiasi momento. Ti forniremo la possibilit\u00e0 di annullare l&#039;iscrizione al nostro database di posta elettronica o disattivare le comunicazioni. Tieni presente che potremmo aver bisogno di richiederti informazioni specifiche per aiutarci a confermare la tua identit\u00e0.<\/p>\n\n\n\n<p>Se ritieni che le informazioni in nostro possesso su di te siano inaccurate, non aggiornate, incomplete, irrilevanti o fuorvianti, ti preghiamo di contattarci utilizzando i dettagli forniti in questa informativa sulla privacy. Adotteremo misure ragionevoli per correggere qualsiasi informazione ritenuta imprecisa, incompleta, fuorviante o non aggiornata.<\/p>\n\n\n\n<p>Se ritieni che abbiamo violato una legge sulla protezione dei dati pertinente e desideri presentare un reclamo, ti preghiamo di contattarci utilizzando i dettagli di seguito e di fornirci tutti i dettagli della presunta violazione. Esamineremo prontamente il tuo reclamo e ti risponderemo, per iscritto, esponendo l&#039;esito della nostra indagine e le misure che adotteremo per gestire il tuo reclamo. Hai anche il diritto di contattare un organismo di regolamentazione o un&#039;autorit\u00e0 per la protezione dei dati in relazione al tuo reclamo.<\/p>\n\n\n\n<h3 class=\"wp-block-heading\">Uso dei cookie<\/h3>\n\n\n\n<p>Utilizziamo i &quot;cookie&quot; per raccogliere informazioni su di te e sulla tua attivit\u00e0 nel nostro sito. Un cookie \u00e8 una piccola porzione di dati che il nostro sito Web memorizza sul tuo computer e a cui accede ogni volta che visiti, in modo che possiamo capire come utilizzi il nostro sito. Questo ci aiuta a fornirti contenuti in base alle preferenze che hai specificato.<\/p>\n\n\n\n<h3 class=\"wp-block-heading\">Limiti della nostra politica<\/h3>\n\n\n\n<p>Il nostro sito Web pu\u00f2 collegarsi a siti esterni che non sono gestiti da noi. Si prega di essere consapevoli del fatto che non abbiamo alcun controllo sul contenuto e sulle politiche di tali siti e non possiamo accettare responsabilit\u00e0 per le loro rispettive pratiche sulla privacy.<\/p>\n\n\n\n<h3 class=\"wp-block-heading\">Modifiche a questa politica<\/h3>\n\n\n\n<p>A nostra discrezione, possiamo modificare la nostra politica sulla privacy per riflettere gli aggiornamenti ai nostri processi aziendali, le attuali pratiche accettabili o modifiche legislative o regolamentari. Se decidiamo di modificare questa informativa sulla privacy, pubblicheremo le modifiche qui allo stesso link tramite il quale accedi a questa informativa sulla privacy.<\/p>\n\n\n\n<p>Se richiesto dalla legge, otterremo il tuo permesso o ti daremo l&#039;opportunit\u00e0 di accettare o rifiutare, a seconda dei casi, qualsiasi nuovo utilizzo delle tue informazioni personali.<\/p>\n\n\n\n<h3 class=\"wp-block-heading\">Contattaci<\/h3>\n\n\n\n<p>Per qualsiasi domanda o dubbio sulla tua privacy, puoi contattarci utilizzando i seguenti dettagli:<\/p>\n\n\n\n<p>Diana Andone<br>diana.andone@upt.ro<\/p>","protected":false},"excerpt":{"rendered":"<p>Your privacy is important to us. It is Politehnica University of Timisoara&#8217;s policy to respect your privacy and comply with any applicable law and regulation regarding any personal information we may collect about you, including across our website,&nbsp;https:\/\/digiculture.eu\/, and other sites we own and operate. This policy is effective as<span class=\"more-link\"><a href=\"https:\/\/digiculture.eu\/it\/privacy-policy\/\">Read More &rarr;<\/a><\/span><\/p>","protected":false},"author":5,"featured_media":0,"parent":0,"menu_order":0,"comment_status":"closed","ping_status":"closed","template":"","meta":{"_mi_skip_tracking":false,"_monsterinsights_sitenote_active":false,"_monsterinsights_sitenote_note":"","_monsterinsights_sitenote_category":0,"footnotes":""},"yoast_head":"<!-- This site is optimized with the Yoast SEO plugin v21.5 - https:\/\/yoast.com\/wordpress\/plugins\/seo\/ -->\n<title>Privacy Policy - Digital Culture - Erasmus+ European Project<\/title>\n<meta name=\"robots\" content=\"index, follow, max-snippet:-1, max-image-preview:large, max-video-preview:-1\" \/>\n<link rel=\"canonical\" href=\"https:\/\/digiculture.eu\/it\/privacy-policy\/\" \/>\n<meta property=\"og:locale\" content=\"it_IT\" \/>\n<meta property=\"og:type\" content=\"article\" \/>\n<meta property=\"og:title\" content=\"Privacy Policy - Digital Culture - Erasmus+ European Project\" \/>\n<meta property=\"og:description\" content=\"Your privacy is important to us. It is Politehnica University of Timisoara&#8217;s policy to respect your privacy and comply with any applicable law and regulation regarding any personal information we may collect about you, including across our website,&nbsp;https:\/\/digiculture.eu\/, and other sites we own and operate. This policy is effective asRead More &rarr;\" \/>\n<meta property=\"og:url\" content=\"https:\/\/digiculture.eu\/it\/privacy-policy\/\" \/>\n<meta property=\"og:site_name\" content=\"Digital Culture - Erasmus+ European Project\" \/>\n<meta property=\"article:publisher\" content=\"https:\/\/www.facebook.com\/CultureDigi\" \/>\n<meta property=\"article:modified_time\" content=\"2021-04-18T16:00:43+00:00\" \/>\n<meta name=\"twitter:card\" content=\"summary_large_image\" \/>\n<meta name=\"twitter:site\" content=\"@elearning_upt\" \/>\n<meta name=\"twitter:label1\" content=\"Tempo di lettura stimato\" \/>\n\t<meta name=\"twitter:data1\" content=\"7 minuti\" \/>\n<script type=\"application\/ld+json\" class=\"yoast-schema-graph\">{\"@context\":\"https:\/\/schema.org\",\"@graph\":[{\"@type\":\"WebPage\",\"@id\":\"https:\/\/digiculture.eu\/privacy-policy\/\",\"url\":\"https:\/\/digiculture.eu\/privacy-policy\/\",\"name\":\"Privacy Policy - Digital Culture - Erasmus+ European Project\",\"isPartOf\":{\"@id\":\"https:\/\/digiculture.eu\/#website\"},\"datePublished\":\"2021-04-05T20:15:33+00:00\",\"dateModified\":\"2021-04-18T16:00:43+00:00\",\"breadcrumb\":{\"@id\":\"https:\/\/digiculture.eu\/privacy-policy\/#breadcrumb\"},\"inLanguage\":\"it-IT\",\"potentialAction\":[{\"@type\":\"ReadAction\",\"target\":[\"https:\/\/digiculture.eu\/privacy-policy\/\"]}]},{\"@type\":\"BreadcrumbList\",\"@id\":\"https:\/\/digiculture.eu\/privacy-policy\/#breadcrumb\",\"itemListElement\":[{\"@type\":\"ListItem\",\"position\":1,\"name\":\"Home\",\"item\":\"https:\/\/digiculture.eu\/\"},{\"@type\":\"ListItem\",\"position\":2,\"name\":\"Privacy Policy\"}]},{\"@type\":\"WebSite\",\"@id\":\"https:\/\/digiculture.eu\/#website\",\"url\":\"https:\/\/digiculture.eu\/\",\"name\":\"Digital Culture - Erasmus+ European Project\",\"description\":\"Improving the Digital Competences and Social Inclusion of Adults in Creative Industries\",\"publisher\":{\"@id\":\"https:\/\/digiculture.eu\/#organization\"},\"potentialAction\":[{\"@type\":\"SearchAction\",\"target\":{\"@type\":\"EntryPoint\",\"urlTemplate\":\"https:\/\/digiculture.eu\/?s={search_term_string}\"},\"query-input\":\"required name=search_term_string\"}],\"inLanguage\":\"it-IT\"},{\"@type\":\"Organization\",\"@id\":\"https:\/\/digiculture.eu\/#organization\",\"name\":\"Digiculture\",\"url\":\"https:\/\/digiculture.eu\/\",\"logo\":{\"@type\":\"ImageObject\",\"inLanguage\":\"it-IT\",\"@id\":\"https:\/\/digiculture.eu\/#\/schema\/logo\/image\/\",\"url\":\"https:\/\/digiculture.eu\/wp-content\/uploads\/2019\/01\/Logo-Digi-Culture.png\",\"contentUrl\":\"https:\/\/digiculture.eu\/wp-content\/uploads\/2019\/01\/Logo-Digi-Culture.png\",\"width\":934,\"height\":386,\"caption\":\"Digiculture\"},\"image\":{\"@id\":\"https:\/\/digiculture.eu\/#\/schema\/logo\/image\/\"},\"sameAs\":[\"https:\/\/www.facebook.com\/CultureDigi\",\"https:\/\/twitter.com\/elearning_upt\"]}]}<\/script>\n<!-- \/ Yoast SEO plugin. -->","yoast_head_json":{"title":"Privacy Policy - Digital Culture - Erasmus+ European Project","robots":{"index":"index","follow":"follow","max-snippet":"max-snippet:-1","max-image-preview":"max-image-preview:large","max-video-preview":"max-video-preview:-1"},"canonical":"https:\/\/digiculture.eu\/it\/privacy-policy\/","og_locale":"it_IT","og_type":"article","og_title":"Privacy Policy - Digital Culture - Erasmus+ European Project","og_description":"Your privacy is important to us. It is Politehnica University of Timisoara&#8217;s policy to respect your privacy and comply with any applicable law and regulation regarding any personal information we may collect about you, including across our website,&nbsp;https:\/\/digiculture.eu\/, and other sites we own and operate. This policy is effective asRead More &rarr;","og_url":"https:\/\/digiculture.eu\/it\/privacy-policy\/","og_site_name":"Digital Culture - Erasmus+ European Project","article_publisher":"https:\/\/www.facebook.com\/CultureDigi","article_modified_time":"2021-04-18T16:00:43+00:00","twitter_card":"summary_large_image","twitter_site":"@elearning_upt","twitter_misc":{"Tempo di lettura stimato":"7 minuti"},"schema":{"@context":"https:\/\/schema.org","@graph":[{"@type":"WebPage","@id":"https:\/\/digiculture.eu\/privacy-policy\/","url":"https:\/\/digiculture.eu\/privacy-policy\/","name":"Privacy Policy - Digital Culture - Erasmus+ European Project","isPartOf":{"@id":"https:\/\/digiculture.eu\/#website"},"datePublished":"2021-04-05T20:15:33+00:00","dateModified":"2021-04-18T16:00:43+00:00","breadcrumb":{"@id":"https:\/\/digiculture.eu\/privacy-policy\/#breadcrumb"},"inLanguage":"it-IT","potentialAction":[{"@type":"ReadAction","target":["https:\/\/digiculture.eu\/privacy-policy\/"]}]},{"@type":"BreadcrumbList","@id":"https:\/\/digiculture.eu\/privacy-policy\/#breadcrumb","itemListElement":[{"@type":"ListItem","position":1,"name":"Home","item":"https:\/\/digiculture.eu\/"},{"@type":"ListItem","position":2,"name":"Privacy Policy"}]},{"@type":"WebSite","@id":"https:\/\/digiculture.eu\/#website","url":"https:\/\/digiculture.eu\/","name":"Digital Culture - Erasmus+ European Project","description":"Improving the Digital Competences and Social Inclusion of Adults in Creative Industries","publisher":{"@id":"https:\/\/digiculture.eu\/#organization"},"potentialAction":[{"@type":"SearchAction","target":{"@type":"EntryPoint","urlTemplate":"https:\/\/digiculture.eu\/?s={search_term_string}"},"query-input":"required name=search_term_string"}],"inLanguage":"it-IT"},{"@type":"Organization","@id":"https:\/\/digiculture.eu\/#organization","name":"Digiculture","url":"https:\/\/digiculture.eu\/","logo":{"@type":"ImageObject","inLanguage":"it-IT","@id":"https:\/\/digiculture.eu\/#\/schema\/logo\/image\/","url":"https:\/\/digiculture.eu\/wp-content\/uploads\/2019\/01\/Logo-Digi-Culture.png","contentUrl":"https:\/\/digiculture.eu\/wp-content\/uploads\/2019\/01\/Logo-Digi-Culture.png","width":934,"height":386,"caption":"Digiculture"},"image":{"@id":"https:\/\/digiculture.eu\/#\/schema\/logo\/image\/"},"sameAs":["https:\/\/www.facebook.com\/CultureDigi","https:\/\/twitter.com\/elearning_upt"]}]}},"_links":{"self":[{"href":"https:\/\/digiculture.eu\/it\/wp-json\/wp\/v2\/pages\/3365"}],"collection":[{"href":"https:\/\/digiculture.eu\/it\/wp-json\/wp\/v2\/pages"}],"about":[{"href":"https:\/\/digiculture.eu\/it\/wp-json\/wp\/v2\/types\/page"}],"author":[{"embeddable":true,"href":"https:\/\/digiculture.eu\/it\/wp-json\/wp\/v2\/users\/5"}],"replies":[{"embeddable":true,"href":"https:\/\/digiculture.eu\/it\/wp-json\/wp\/v2\/comments?post=3365"}],"version-history":[{"count":3,"href":"https:\/\/digiculture.eu\/it\/wp-json\/wp\/v2\/pages\/3365\/revisions"}],"predecessor-version":[{"id":3517,"href":"https:\/\/digiculture.eu\/it\/wp-json\/wp\/v2\/pages\/3365\/revisions\/3517"}],"wp:attachment":[{"href":"https:\/\/digiculture.eu\/it\/wp-json\/wp\/v2\/media?parent=3365"}],"curies":[{"name":"wp","href":"https:\/\/api.w.org\/{rel}","templated":true}]}}