{"id":2028,"date":"2019-02-24T22:13:45","date_gmt":"2019-02-24T20:13:45","guid":{"rendered":"https:\/\/digiculture.eu\/?page_id=2028"},"modified":"2019-02-24T22:18:16","modified_gmt":"2019-02-24T20:18:16","slug":"matthias-rehm","status":"publish","type":"page","link":"https:\/\/digiculture.eu\/ga\/partners\/aalborg-university\/matthias-rehm\/","title":{"rendered":"Matthias Rehm"},"content":{"rendered":"<div data-elementor-type=\"wp-post\" data-elementor-id=\"2028\" class=\"elementor elementor-2028 elementor-bc-flex-widget\">\n\t\t\t\t\t\t\t\t\t<section class=\"elementor-section elementor-top-section elementor-element elementor-element-41ef1cd0 elementor-section-boxed elementor-section-height-default elementor-section-height-default\" data-id=\"41ef1cd0\" data-element_type=\"section\">\n\t\t\t\t\t\t<div class=\"elementor-container elementor-column-gap-default\">\n\t\t\t\t\t<div class=\"elementor-column elementor-col-33 elementor-top-column elementor-element elementor-element-3b44a785\" data-id=\"3b44a785\" data-element_type=\"column\">\n\t\t\t<div class=\"elementor-widget-wrap elementor-element-populated\">\n\t\t\t\t\t\t\t\t<div class=\"elementor-element elementor-element-5a4bc8d3 elementor-widget elementor-widget-image\" data-id=\"5a4bc8d3\" data-element_type=\"widget\" data-widget_type=\"image.default\">\n\t\t\t\t<div class=\"elementor-widget-container\">\n\t\t\t\t\t\t\t\t\t\t\t\t\t\t\t<img loading=\"lazy\" decoding=\"async\" width=\"400\" height=\"400\" src=\"https:\/\/digiculture.eu\/wp-content\/uploads\/2019\/01\/Matthias-Rehm.jpg\" class=\"attachment-large size-large wp-image-1868\" alt=\"\" srcset=\"https:\/\/digiculture.eu\/wp-content\/uploads\/2019\/01\/Matthias-Rehm.jpg 400w, https:\/\/digiculture.eu\/wp-content\/uploads\/2019\/01\/Matthias-Rehm-150x150.jpg 150w, https:\/\/digiculture.eu\/wp-content\/uploads\/2019\/01\/Matthias-Rehm-300x300.jpg 300w\" sizes=\"(max-width: 400px) 100vw, 400px\" \/>\t\t\t\t\t\t\t\t\t\t\t\t\t\t\t<\/div>\n\t\t\t\t<\/div>\n\t\t\t\t<div class=\"elementor-element elementor-element-6cf3e00d elementor-shape-rounded elementor-grid-0 e-grid-align-center elementor-widget elementor-widget-social-icons\" data-id=\"6cf3e00d\" data-element_type=\"widget\" data-widget_type=\"social-icons.default\">\n\t\t\t\t<div class=\"elementor-widget-container\">\n\t\t\t\t\t<div class=\"elementor-social-icons-wrapper elementor-grid\">\n\t\t\t\t\t\t\t<span class=\"elementor-grid-item\">\n\t\t\t\t\t<a class=\"elementor-icon elementor-social-icon elementor-social-icon-envelope elementor-repeater-item-63b93f1\" href=\"mailto:matthias@create.aau.dk\" target=\"_blank\">\n\t\t\t\t\t\t<span class=\"elementor-screen-only\">Envelope<\/span>\n\t\t\t\t\t\t\t\t\t\t\t\t\t<i class=\"fa fa-envelope\"><\/i>\n\t\t\t\t\t\t\t\t\t\t\t<\/a>\n\t\t\t\t<\/span>\n\t\t\t\t\t\t\t<span class=\"elementor-grid-item\">\n\t\t\t\t\t<a class=\"elementor-icon elementor-social-icon elementor-social-icon-linkedin elementor-repeater-item-613e6ce\" href=\"https:\/\/www.linkedin.com\/in\/matthiasrehm\/\" target=\"_blank\">\n\t\t\t\t\t\t<span class=\"elementor-screen-only\">Linkedin<\/span>\n\t\t\t\t\t\t\t\t\t\t\t\t\t<i class=\"fa fa-linkedin\"><\/i>\n\t\t\t\t\t\t\t\t\t\t\t<\/a>\n\t\t\t\t<\/span>\n\t\t\t\t\t<\/div>\n\t\t\t\t<\/div>\n\t\t\t\t<\/div>\n\t\t\t\t\t<\/div>\n\t\t<\/div>\n\t\t\t\t<div class=\"elementor-column elementor-col-66 elementor-top-column elementor-element elementor-element-116738eb\" data-id=\"116738eb\" data-element_type=\"column\">\n\t\t\t<div class=\"elementor-widget-wrap elementor-element-populated\">\n\t\t\t\t\t\t\t\t<div class=\"elementor-element elementor-element-1743b159 elementor-widget elementor-widget-heading\" data-id=\"1743b159\" data-element_type=\"widget\" data-widget_type=\"heading.default\">\n\t\t\t\t<div class=\"elementor-widget-container\">\n\t\t\t<h2 class=\"elementor-heading-title elementor-size-default\">Matthias Rehm<\/h2>\t\t<\/div>\n\t\t\t\t<\/div>\n\t\t\t\t<div class=\"elementor-element elementor-element-251d410a elementor-widget elementor-widget-text-editor\" data-id=\"251d410a\" data-element_type=\"widget\" data-widget_type=\"text-editor.default\">\n\t\t\t\t<div class=\"elementor-widget-container\">\n\t\t\t\t\t\t\t<p>Fuair Matthias Rehm a Dhiopl\u00f3ma agus a ch\u00e9im Dhocht\u00faireachta (le hon\u00f3racha) sna blianta 1998 agus 2001 faoi seach \u00f3 Ollscoil Bielefeld sa Ghearm\u00e1in. Sa bhliain 2008, d\u2019\u00e9irigh leis s\u00e9 a phr\u00f3iseas deimhni\u00fach\u00e1in a chr\u00edochn\u00fa in bhFaisn\u00e9is\u00edocht in Ollscoil Augsburg sa Ghearm\u00e1in. Is \u00e9 Ceann an ghr\u00fapa at\u00e1 ag obair ar Idirghn\u00edomha\u00edocht Daoine\/Meais\u00edn\u00ed \u00e9 sa Roinn Ailtireachta, Deartha agus Teicneola\u00edochta Me\u00e1n, agus is \u00e9 sti\u00farth\u00f3ir na saotharlainne trasroinne Idirghn\u00edomha\u00edochta Daoine\/R\u00f3bat \u00e9, sa D\u00e1mh Theicni\u00fail TF agus Reartha in Ollscoil Aalborg. T\u00e1 a thaighde d\u00edrithe ar mh\u00fanl\u00fa gn\u00e9ithe s\u00f3isialta, mothaitheacha agus cult\u00fair de ghn\u00e1thiompar laeth\u00fail i gcomhair idirghn\u00edomha\u00edochta\u00ed iomasacha daoine\/meais\u00edn\u00ed. T\u00e1 os cionn 100 foilseach\u00e1n piarmheas\u00fanaithe aige i r\u00e9imse na r\u00f3bataice, HCI, na foghlama teicneola\u00edocht-fheabhsaithe, na hidirghn\u00edomha\u00edochta idirmh\u00f3da\u00ed, agus na teicneola\u00edochta cult\u00far-fheasa\u00ed. Sa bhliain 2010, th\u00e1inig s\u00e9 chun bheith ina bhunaitheoir de chl\u00e1r r\u00f3baitice trasroinne Ollscoil Aalborg, is \u00e9 sin, U Robotics (http:\/\/robotics.aau.dk) agus is ball de ghr\u00fapa sti\u00fartha an chl\u00e1ir sin \u00e9. Sa bhliain 2014, chomhbhunaigh s\u00e9 comhlacht nua idirn\u00e1isi\u00fanta at\u00e1 lonnaithe i gCeanada agus at\u00e1 ag leathn\u00fa theorainneacha na dteicneola\u00edochta\u00ed foghlama cliste. Sa bhliain 2015, toghadh \u00e9 mar uachtar\u00e1n ar Chumann Idirn\u00e1isi\u00fanta na n\u00c9iceach\u00f3ras Foghlama Cliste agus na Forbartha R\u00e9igi\u00fana\u00ed (http:\/\/aslerd.org).<\/p>\t\t\t\t\t\t<\/div>\n\t\t\t\t<\/div>\n\t\t\t\t\t<\/div>\n\t\t<\/div>\n\t\t\t\t\t\t\t<\/div>\n\t\t<\/section>\n\t\t\t\t\t\t\t<\/div>","protected":false},"excerpt":{"rendered":"<p>Envelope Linkedin Matthias Rehm Matthias Rehm received his Diploma and Doctoral degrees (with honors) in 1998 and 2001 respectively from Bielefeld University in Germany. In 2008, he successfully completed his habilitation process in Informatics at the University of Augsburg in Germany. He is the head of the Human Machine Interaction<span class=\"more-link\"><a href=\"https:\/\/digiculture.eu\/ga\/partners\/aalborg-university\/matthias-rehm\/\">Read More &rarr;<\/a><\/span><\/p>","protected":false},"author":5,"featured_media":0,"parent":1947,"menu_order":0,"comment_status":"closed","ping_status":"closed","template":"","meta":{"_mi_skip_tracking":false,"_monsterinsights_sitenote_active":false,"_monsterinsights_sitenote_note":"","_monsterinsights_sitenote_category":0,"footnotes":""},"yoast_head":"<!-- This site is optimized with the Yoast SEO plugin v21.5 - https:\/\/yoast.com\/wordpress\/plugins\/seo\/ -->\n<title>Matthias Rehm - Digital Culture - Erasmus+ European Project<\/title>\n<meta name=\"robots\" content=\"index, follow, max-snippet:-1, max-image-preview:large, max-video-preview:-1\" \/>\n<link rel=\"canonical\" href=\"https:\/\/digiculture.eu\/ga\/partners\/aalborg-university\/matthias-rehm\/\" \/>\n<meta property=\"og:locale\" content=\"en_US\" \/>\n<meta property=\"og:type\" content=\"article\" \/>\n<meta property=\"og:title\" content=\"Matthias Rehm - Digital Culture - Erasmus+ European Project\" \/>\n<meta property=\"og:description\" content=\"Envelope Linkedin Matthias Rehm Matthias Rehm received his Diploma and Doctoral degrees (with honors) in 1998 and 2001 respectively from Bielefeld University in Germany. In 2008, he successfully completed his habilitation process in Informatics at the University of Augsburg in Germany. He is the head of the Human Machine InteractionRead More &rarr;\" \/>\n<meta property=\"og:url\" content=\"https:\/\/digiculture.eu\/ga\/partners\/aalborg-university\/matthias-rehm\/\" \/>\n<meta property=\"og:site_name\" content=\"Digital Culture - Erasmus+ European Project\" \/>\n<meta property=\"article:publisher\" content=\"https:\/\/www.facebook.com\/CultureDigi\" \/>\n<meta property=\"article:modified_time\" content=\"2019-02-24T20:18:16+00:00\" \/>\n<meta property=\"og:image\" content=\"https:\/\/digiculture.eu\/wp-content\/uploads\/2019\/01\/Matthias-Rehm.jpg\" \/>\n<meta name=\"twitter:card\" content=\"summary_large_image\" \/>\n<meta name=\"twitter:site\" content=\"@elearning_upt\" \/>\n<meta name=\"twitter:label1\" content=\"Est. reading time\" \/>\n\t<meta name=\"twitter:data1\" content=\"1 minute\" \/>\n<script type=\"application\/ld+json\" class=\"yoast-schema-graph\">{\"@context\":\"https:\/\/schema.org\",\"@graph\":[{\"@type\":\"WebPage\",\"@id\":\"https:\/\/digiculture.eu\/partners\/aalborg-university\/matthias-rehm\/\",\"url\":\"https:\/\/digiculture.eu\/partners\/aalborg-university\/matthias-rehm\/\",\"name\":\"Matthias Rehm - Digital Culture - Erasmus+ European Project\",\"isPartOf\":{\"@id\":\"https:\/\/digiculture.eu\/#website\"},\"datePublished\":\"2019-02-24T20:13:45+00:00\",\"dateModified\":\"2019-02-24T20:18:16+00:00\",\"breadcrumb\":{\"@id\":\"https:\/\/digiculture.eu\/partners\/aalborg-university\/matthias-rehm\/#breadcrumb\"},\"inLanguage\":\"ga\",\"potentialAction\":[{\"@type\":\"ReadAction\",\"target\":[\"https:\/\/digiculture.eu\/partners\/aalborg-university\/matthias-rehm\/\"]}]},{\"@type\":\"BreadcrumbList\",\"@id\":\"https:\/\/digiculture.eu\/partners\/aalborg-university\/matthias-rehm\/#breadcrumb\",\"itemListElement\":[{\"@type\":\"ListItem\",\"position\":1,\"name\":\"Home\",\"item\":\"https:\/\/digiculture.eu\/\"},{\"@type\":\"ListItem\",\"position\":2,\"name\":\"Partners\",\"item\":\"https:\/\/digiculture.eu\/partners\/\"},{\"@type\":\"ListItem\",\"position\":3,\"name\":\"Aalborg University\",\"item\":\"https:\/\/digiculture.eu\/partners\/aalborg-university\/\"},{\"@type\":\"ListItem\",\"position\":4,\"name\":\"Matthias Rehm\"}]},{\"@type\":\"WebSite\",\"@id\":\"https:\/\/digiculture.eu\/#website\",\"url\":\"https:\/\/digiculture.eu\/\",\"name\":\"Digital Culture - Erasmus+ European Project\",\"description\":\"Improving the Digital Competences and Social Inclusion of Adults in Creative Industries\",\"publisher\":{\"@id\":\"https:\/\/digiculture.eu\/#organization\"},\"potentialAction\":[{\"@type\":\"SearchAction\",\"target\":{\"@type\":\"EntryPoint\",\"urlTemplate\":\"https:\/\/digiculture.eu\/?s={search_term_string}\"},\"query-input\":\"required name=search_term_string\"}],\"inLanguage\":\"ga\"},{\"@type\":\"Organization\",\"@id\":\"https:\/\/digiculture.eu\/#organization\",\"name\":\"Digiculture\",\"url\":\"https:\/\/digiculture.eu\/\",\"logo\":{\"@type\":\"ImageObject\",\"inLanguage\":\"ga\",\"@id\":\"https:\/\/digiculture.eu\/#\/schema\/logo\/image\/\",\"url\":\"https:\/\/digiculture.eu\/wp-content\/uploads\/2019\/01\/Logo-Digi-Culture.png\",\"contentUrl\":\"https:\/\/digiculture.eu\/wp-content\/uploads\/2019\/01\/Logo-Digi-Culture.png\",\"width\":934,\"height\":386,\"caption\":\"Digiculture\"},\"image\":{\"@id\":\"https:\/\/digiculture.eu\/#\/schema\/logo\/image\/\"},\"sameAs\":[\"https:\/\/www.facebook.com\/CultureDigi\",\"https:\/\/twitter.com\/elearning_upt\"]}]}<\/script>\n<!-- \/ Yoast SEO plugin. -->","yoast_head_json":{"title":"Matthias Rehm - Digital Culture - Erasmus+ European Project","robots":{"index":"index","follow":"follow","max-snippet":"max-snippet:-1","max-image-preview":"max-image-preview:large","max-video-preview":"max-video-preview:-1"},"canonical":"https:\/\/digiculture.eu\/ga\/partners\/aalborg-university\/matthias-rehm\/","og_locale":"en_US","og_type":"article","og_title":"Matthias Rehm - Digital Culture - Erasmus+ European Project","og_description":"Envelope Linkedin Matthias Rehm Matthias Rehm received his Diploma and Doctoral degrees (with honors) in 1998 and 2001 respectively from Bielefeld University in Germany. In 2008, he successfully completed his habilitation process in Informatics at the University of Augsburg in Germany. He is the head of the Human Machine InteractionRead More &rarr;","og_url":"https:\/\/digiculture.eu\/ga\/partners\/aalborg-university\/matthias-rehm\/","og_site_name":"Digital Culture - Erasmus+ European Project","article_publisher":"https:\/\/www.facebook.com\/CultureDigi","article_modified_time":"2019-02-24T20:18:16+00:00","og_image":[{"url":"https:\/\/digiculture.eu\/wp-content\/uploads\/2019\/01\/Matthias-Rehm.jpg"}],"twitter_card":"summary_large_image","twitter_site":"@elearning_upt","twitter_misc":{"Est. reading time":"1 minute"},"schema":{"@context":"https:\/\/schema.org","@graph":[{"@type":"WebPage","@id":"https:\/\/digiculture.eu\/partners\/aalborg-university\/matthias-rehm\/","url":"https:\/\/digiculture.eu\/partners\/aalborg-university\/matthias-rehm\/","name":"Matthias Rehm - Digital Culture - Erasmus+ European Project","isPartOf":{"@id":"https:\/\/digiculture.eu\/#website"},"datePublished":"2019-02-24T20:13:45+00:00","dateModified":"2019-02-24T20:18:16+00:00","breadcrumb":{"@id":"https:\/\/digiculture.eu\/partners\/aalborg-university\/matthias-rehm\/#breadcrumb"},"inLanguage":"ga","potentialAction":[{"@type":"ReadAction","target":["https:\/\/digiculture.eu\/partners\/aalborg-university\/matthias-rehm\/"]}]},{"@type":"BreadcrumbList","@id":"https:\/\/digiculture.eu\/partners\/aalborg-university\/matthias-rehm\/#breadcrumb","itemListElement":[{"@type":"ListItem","position":1,"name":"Home","item":"https:\/\/digiculture.eu\/"},{"@type":"ListItem","position":2,"name":"Partners","item":"https:\/\/digiculture.eu\/partners\/"},{"@type":"ListItem","position":3,"name":"Aalborg University","item":"https:\/\/digiculture.eu\/partners\/aalborg-university\/"},{"@type":"ListItem","position":4,"name":"Matthias Rehm"}]},{"@type":"WebSite","@id":"https:\/\/digiculture.eu\/#website","url":"https:\/\/digiculture.eu\/","name":"Digital Culture - Erasmus+ European Project","description":"Improving the Digital Competences and Social Inclusion of Adults in Creative Industries","publisher":{"@id":"https:\/\/digiculture.eu\/#organization"},"potentialAction":[{"@type":"SearchAction","target":{"@type":"EntryPoint","urlTemplate":"https:\/\/digiculture.eu\/?s={search_term_string}"},"query-input":"required name=search_term_string"}],"inLanguage":"ga"},{"@type":"Organization","@id":"https:\/\/digiculture.eu\/#organization","name":"Digiculture","url":"https:\/\/digiculture.eu\/","logo":{"@type":"ImageObject","inLanguage":"ga","@id":"https:\/\/digiculture.eu\/#\/schema\/logo\/image\/","url":"https:\/\/digiculture.eu\/wp-content\/uploads\/2019\/01\/Logo-Digi-Culture.png","contentUrl":"https:\/\/digiculture.eu\/wp-content\/uploads\/2019\/01\/Logo-Digi-Culture.png","width":934,"height":386,"caption":"Digiculture"},"image":{"@id":"https:\/\/digiculture.eu\/#\/schema\/logo\/image\/"},"sameAs":["https:\/\/www.facebook.com\/CultureDigi","https:\/\/twitter.com\/elearning_upt"]}]}},"_links":{"self":[{"href":"https:\/\/digiculture.eu\/ga\/wp-json\/wp\/v2\/pages\/2028"}],"collection":[{"href":"https:\/\/digiculture.eu\/ga\/wp-json\/wp\/v2\/pages"}],"about":[{"href":"https:\/\/digiculture.eu\/ga\/wp-json\/wp\/v2\/types\/page"}],"author":[{"embeddable":true,"href":"https:\/\/digiculture.eu\/ga\/wp-json\/wp\/v2\/users\/5"}],"replies":[{"embeddable":true,"href":"https:\/\/digiculture.eu\/ga\/wp-json\/wp\/v2\/comments?post=2028"}],"version-history":[{"count":2,"href":"https:\/\/digiculture.eu\/ga\/wp-json\/wp\/v2\/pages\/2028\/revisions"}],"predecessor-version":[{"id":2034,"href":"https:\/\/digiculture.eu\/ga\/wp-json\/wp\/v2\/pages\/2028\/revisions\/2034"}],"up":[{"embeddable":true,"href":"https:\/\/digiculture.eu\/ga\/wp-json\/wp\/v2\/pages\/1947"}],"wp:attachment":[{"href":"https:\/\/digiculture.eu\/ga\/wp-json\/wp\/v2\/media?parent=2028"}],"curies":[{"name":"wp","href":"https:\/\/api.w.org\/{rel}","templated":true}]}}