{"id":2026,"date":"2019-02-24T22:13:01","date_gmt":"2019-02-24T20:13:01","guid":{"rendered":"https:\/\/digiculture.eu\/?page_id=2026"},"modified":"2019-02-24T22:36:59","modified_gmt":"2019-02-24T20:36:59","slug":"bastian-ilso-hougaard","status":"publish","type":"page","link":"https:\/\/digiculture.eu\/ga\/partners\/aalborg-university\/bastian-ilso-hougaard\/","title":{"rendered":"Bastian Ils\u00f8 Hougaard"},"content":{"rendered":"<div data-elementor-type=\"wp-post\" data-elementor-id=\"2026\" class=\"elementor elementor-2026 elementor-bc-flex-widget\">\n\t\t\t\t\t\t\t\t\t<section class=\"elementor-section elementor-top-section elementor-element elementor-element-5091813b elementor-section-boxed elementor-section-height-default elementor-section-height-default\" data-id=\"5091813b\" data-element_type=\"section\">\n\t\t\t\t\t\t<div class=\"elementor-container elementor-column-gap-default\">\n\t\t\t\t\t<div class=\"elementor-column elementor-col-33 elementor-top-column elementor-element elementor-element-748c7616\" data-id=\"748c7616\" data-element_type=\"column\">\n\t\t\t<div class=\"elementor-widget-wrap elementor-element-populated\">\n\t\t\t\t\t\t\t\t<div class=\"elementor-element elementor-element-4510cd53 elementor-widget elementor-widget-image\" data-id=\"4510cd53\" data-element_type=\"widget\" data-widget_type=\"image.default\">\n\t\t\t\t<div class=\"elementor-widget-container\">\n\t\t\t\t\t\t\t\t\t\t\t\t\t\t\t<img loading=\"lazy\" decoding=\"async\" width=\"434\" height=\"434\" src=\"https:\/\/digiculture.eu\/wp-content\/uploads\/2019\/01\/Bastian-Ilso-Hougaard.jpg\" class=\"attachment-large size-large wp-image-1850\" alt=\"\" srcset=\"https:\/\/digiculture.eu\/wp-content\/uploads\/2019\/01\/Bastian-Ilso-Hougaard.jpg 434w, https:\/\/digiculture.eu\/wp-content\/uploads\/2019\/01\/Bastian-Ilso-Hougaard-150x150.jpg 150w, https:\/\/digiculture.eu\/wp-content\/uploads\/2019\/01\/Bastian-Ilso-Hougaard-300x300.jpg 300w\" sizes=\"(max-width: 434px) 100vw, 434px\" \/>\t\t\t\t\t\t\t\t\t\t\t\t\t\t\t<\/div>\n\t\t\t\t<\/div>\n\t\t\t\t<div class=\"elementor-element elementor-element-32ea9069 elementor-shape-rounded elementor-grid-0 e-grid-align-center elementor-widget elementor-widget-social-icons\" data-id=\"32ea9069\" data-element_type=\"widget\" data-widget_type=\"social-icons.default\">\n\t\t\t\t<div class=\"elementor-widget-container\">\n\t\t\t\t\t<div class=\"elementor-social-icons-wrapper elementor-grid\">\n\t\t\t\t\t\t\t<span class=\"elementor-grid-item\">\n\t\t\t\t\t<a class=\"elementor-icon elementor-social-icon elementor-social-icon-envelope elementor-repeater-item-63b93f1\" href=\"mailto:biho@create.aau.dk\" target=\"_blank\">\n\t\t\t\t\t\t<span class=\"elementor-screen-only\">Envelope<\/span>\n\t\t\t\t\t\t\t\t\t\t\t\t\t<i class=\"fa fa-envelope\"><\/i>\n\t\t\t\t\t\t\t\t\t\t\t<\/a>\n\t\t\t\t<\/span>\n\t\t\t\t\t\t\t<span class=\"elementor-grid-item\">\n\t\t\t\t\t<a class=\"elementor-icon elementor-social-icon elementor-social-icon-twitter elementor-repeater-item-73937ed\" href=\"https:\/\/twitter.com\/Meshquick\" target=\"_blank\">\n\t\t\t\t\t\t<span class=\"elementor-screen-only\">Twitter<\/span>\n\t\t\t\t\t\t\t\t\t\t\t\t\t<i class=\"fa fa-twitter\"><\/i>\n\t\t\t\t\t\t\t\t\t\t\t<\/a>\n\t\t\t\t<\/span>\n\t\t\t\t\t\t\t<span class=\"elementor-grid-item\">\n\t\t\t\t\t<a class=\"elementor-icon elementor-social-icon elementor-social-icon-linkedin elementor-repeater-item-613e6ce\" href=\"https:\/\/www.linkedin.com\/in\/bastian-ils%C3%B8-hougaard-111881104\/\" target=\"_blank\">\n\t\t\t\t\t\t<span class=\"elementor-screen-only\">Linkedin<\/span>\n\t\t\t\t\t\t\t\t\t\t\t\t\t<i class=\"fa fa-linkedin\"><\/i>\n\t\t\t\t\t\t\t\t\t\t\t<\/a>\n\t\t\t\t<\/span>\n\t\t\t\t\t<\/div>\n\t\t\t\t<\/div>\n\t\t\t\t<\/div>\n\t\t\t\t\t<\/div>\n\t\t<\/div>\n\t\t\t\t<div class=\"elementor-column elementor-col-66 elementor-top-column elementor-element elementor-element-1ffd03d3\" data-id=\"1ffd03d3\" data-element_type=\"column\">\n\t\t\t<div class=\"elementor-widget-wrap elementor-element-populated\">\n\t\t\t\t\t\t\t\t<div class=\"elementor-element elementor-element-6123431d elementor-widget elementor-widget-heading\" data-id=\"6123431d\" data-element_type=\"widget\" data-widget_type=\"heading.default\">\n\t\t\t\t<div class=\"elementor-widget-container\">\n\t\t\t<h2 class=\"elementor-heading-title elementor-size-default\">Bastian Ils\u00f8 Hougaard<\/h2>\t\t<\/div>\n\t\t\t\t<\/div>\n\t\t\t\t<div class=\"elementor-element elementor-element-13f11b2b elementor-widget elementor-widget-text-editor\" data-id=\"13f11b2b\" data-element_type=\"widget\" data-widget_type=\"text-editor.default\">\n\t\t\t\t<div class=\"elementor-widget-container\">\n\t\t\t\t\t\t\t<p>Is C\u00fant\u00f3ir Taighde \u00e9 Bastian Ils\u00f8 Hougaard in Ollscoil Aalborg agus b\u00edonn s\u00e9 ag pl\u00e9 le VR agus teicneola\u00edocht shoghluaiste sl\u00e1inte ar r\u00e9imse \u00e9 sin ina nd\u00e9anann s\u00e9 taighde i leith dearadh idirghn\u00edomha\u00edochta agus sc\u00e9ala\u00edocht dhigiteach a thabhairt le ch\u00e9ile mar l\u00e9irshamhl\u00fa faisn\u00e9ise i bhfaisn\u00e9is\u00edocht phearsanta. T\u00e1 a phr\u00f3if\u00edl thrasdiscipl\u00edneach bunaithe ar a oideachas in Cand-Scient. Medialagy sa bhliain 2018 in Ollscoil Aalborg agus ar dhiopl\u00f3ma sa L\u00edn\u00edocht Chlasaiceach \u00f3n Acadamh L\u00edn\u00edochta. T\u00e1 dl\u00fath-chomhoibri\u00fa d\u00e9anta aige le hinstiti\u00faid\u00ed sl\u00e1inte d\u2019fhonn taighde eitneagrafacha a sheoladh i dtaobh conas cabhr\u00fa le hothair str\u00f3ic agus le teiripeoir\u00ed i dtaca le hathshl\u00e1n\u00fach\u00e1n de.<\/p>\t\t\t\t\t\t<\/div>\n\t\t\t\t<\/div>\n\t\t\t\t\t<\/div>\n\t\t<\/div>\n\t\t\t\t\t\t\t<\/div>\n\t\t<\/section>\n\t\t\t\t\t\t\t<\/div>","protected":false},"excerpt":{"rendered":"<p>Envelope Twitter Linkedin Bastian Ils\u00f8 Hougaard Bastian Ils\u00f8 Hougaard is a Research Assistant at Aalborg University engaged with VR and mobile health technology where he researches bridging together interaction design and digital storytelling in information visualization in personal informatics. His transdisciplinary profile is founded on his education in Cand.Scient. Medialogy<span class=\"more-link\"><a href=\"https:\/\/digiculture.eu\/ga\/partners\/aalborg-university\/bastian-ilso-hougaard\/\">Read More &rarr;<\/a><\/span><\/p>","protected":false},"author":5,"featured_media":0,"parent":1947,"menu_order":0,"comment_status":"closed","ping_status":"closed","template":"","meta":{"_mi_skip_tracking":false,"_monsterinsights_sitenote_active":false,"_monsterinsights_sitenote_note":"","_monsterinsights_sitenote_category":0,"footnotes":""},"yoast_head":"<!-- This site is optimized with the Yoast SEO plugin v21.5 - https:\/\/yoast.com\/wordpress\/plugins\/seo\/ -->\n<title>Bastian Ils\u00f8 Hougaard - Digital Culture - Erasmus+ European Project<\/title>\n<meta name=\"robots\" content=\"index, follow, max-snippet:-1, max-image-preview:large, max-video-preview:-1\" \/>\n<link rel=\"canonical\" href=\"https:\/\/digiculture.eu\/ga\/partners\/aalborg-university\/bastian-ilso-hougaard\/\" \/>\n<meta property=\"og:locale\" content=\"en_US\" \/>\n<meta property=\"og:type\" content=\"article\" \/>\n<meta property=\"og:title\" content=\"Bastian Ils\u00f8 Hougaard - Digital Culture - Erasmus+ European Project\" \/>\n<meta property=\"og:description\" content=\"Envelope Twitter Linkedin Bastian Ils\u00f8 Hougaard Bastian Ils\u00f8 Hougaard is a Research Assistant at Aalborg University engaged with VR and mobile health technology where he researches bridging together interaction design and digital storytelling in information visualization in personal informatics. His transdisciplinary profile is founded on his education in Cand.Scient. MedialogyRead More &rarr;\" \/>\n<meta property=\"og:url\" content=\"https:\/\/digiculture.eu\/ga\/partners\/aalborg-university\/bastian-ilso-hougaard\/\" \/>\n<meta property=\"og:site_name\" content=\"Digital Culture - Erasmus+ European Project\" \/>\n<meta property=\"article:publisher\" content=\"https:\/\/www.facebook.com\/CultureDigi\" \/>\n<meta property=\"article:modified_time\" content=\"2019-02-24T20:36:59+00:00\" \/>\n<meta property=\"og:image\" content=\"https:\/\/digiculture.eu\/wp-content\/uploads\/2019\/01\/Bastian-Ilso-Hougaard.jpg\" \/>\n<meta name=\"twitter:card\" content=\"summary_large_image\" \/>\n<meta name=\"twitter:site\" content=\"@elearning_upt\" \/>\n<script type=\"application\/ld+json\" class=\"yoast-schema-graph\">{\"@context\":\"https:\/\/schema.org\",\"@graph\":[{\"@type\":\"WebPage\",\"@id\":\"https:\/\/digiculture.eu\/partners\/aalborg-university\/bastian-ilso-hougaard\/\",\"url\":\"https:\/\/digiculture.eu\/partners\/aalborg-university\/bastian-ilso-hougaard\/\",\"name\":\"Bastian Ils\u00f8 Hougaard - Digital Culture - Erasmus+ European Project\",\"isPartOf\":{\"@id\":\"https:\/\/digiculture.eu\/#website\"},\"datePublished\":\"2019-02-24T20:13:01+00:00\",\"dateModified\":\"2019-02-24T20:36:59+00:00\",\"breadcrumb\":{\"@id\":\"https:\/\/digiculture.eu\/partners\/aalborg-university\/bastian-ilso-hougaard\/#breadcrumb\"},\"inLanguage\":\"ga\",\"potentialAction\":[{\"@type\":\"ReadAction\",\"target\":[\"https:\/\/digiculture.eu\/partners\/aalborg-university\/bastian-ilso-hougaard\/\"]}]},{\"@type\":\"BreadcrumbList\",\"@id\":\"https:\/\/digiculture.eu\/partners\/aalborg-university\/bastian-ilso-hougaard\/#breadcrumb\",\"itemListElement\":[{\"@type\":\"ListItem\",\"position\":1,\"name\":\"Home\",\"item\":\"https:\/\/digiculture.eu\/\"},{\"@type\":\"ListItem\",\"position\":2,\"name\":\"Partners\",\"item\":\"https:\/\/digiculture.eu\/partners\/\"},{\"@type\":\"ListItem\",\"position\":3,\"name\":\"Aalborg University\",\"item\":\"https:\/\/digiculture.eu\/partners\/aalborg-university\/\"},{\"@type\":\"ListItem\",\"position\":4,\"name\":\"Bastian Ils\u00f8 Hougaard\"}]},{\"@type\":\"WebSite\",\"@id\":\"https:\/\/digiculture.eu\/#website\",\"url\":\"https:\/\/digiculture.eu\/\",\"name\":\"Digital Culture - Erasmus+ European Project\",\"description\":\"Improving the Digital Competences and Social Inclusion of Adults in Creative Industries\",\"publisher\":{\"@id\":\"https:\/\/digiculture.eu\/#organization\"},\"potentialAction\":[{\"@type\":\"SearchAction\",\"target\":{\"@type\":\"EntryPoint\",\"urlTemplate\":\"https:\/\/digiculture.eu\/?s={search_term_string}\"},\"query-input\":\"required name=search_term_string\"}],\"inLanguage\":\"ga\"},{\"@type\":\"Organization\",\"@id\":\"https:\/\/digiculture.eu\/#organization\",\"name\":\"Digiculture\",\"url\":\"https:\/\/digiculture.eu\/\",\"logo\":{\"@type\":\"ImageObject\",\"inLanguage\":\"ga\",\"@id\":\"https:\/\/digiculture.eu\/#\/schema\/logo\/image\/\",\"url\":\"https:\/\/digiculture.eu\/wp-content\/uploads\/2019\/01\/Logo-Digi-Culture.png\",\"contentUrl\":\"https:\/\/digiculture.eu\/wp-content\/uploads\/2019\/01\/Logo-Digi-Culture.png\",\"width\":934,\"height\":386,\"caption\":\"Digiculture\"},\"image\":{\"@id\":\"https:\/\/digiculture.eu\/#\/schema\/logo\/image\/\"},\"sameAs\":[\"https:\/\/www.facebook.com\/CultureDigi\",\"https:\/\/twitter.com\/elearning_upt\"]}]}<\/script>\n<!-- \/ Yoast SEO plugin. -->","yoast_head_json":{"title":"Bastian Ils\u00f8 Hougaard - Digital Culture - Erasmus+ European Project","robots":{"index":"index","follow":"follow","max-snippet":"max-snippet:-1","max-image-preview":"max-image-preview:large","max-video-preview":"max-video-preview:-1"},"canonical":"https:\/\/digiculture.eu\/ga\/partners\/aalborg-university\/bastian-ilso-hougaard\/","og_locale":"en_US","og_type":"article","og_title":"Bastian Ils\u00f8 Hougaard - Digital Culture - Erasmus+ European Project","og_description":"Envelope Twitter Linkedin Bastian Ils\u00f8 Hougaard Bastian Ils\u00f8 Hougaard is a Research Assistant at Aalborg University engaged with VR and mobile health technology where he researches bridging together interaction design and digital storytelling in information visualization in personal informatics. His transdisciplinary profile is founded on his education in Cand.Scient. MedialogyRead More &rarr;","og_url":"https:\/\/digiculture.eu\/ga\/partners\/aalborg-university\/bastian-ilso-hougaard\/","og_site_name":"Digital Culture - Erasmus+ European Project","article_publisher":"https:\/\/www.facebook.com\/CultureDigi","article_modified_time":"2019-02-24T20:36:59+00:00","og_image":[{"url":"https:\/\/digiculture.eu\/wp-content\/uploads\/2019\/01\/Bastian-Ilso-Hougaard.jpg"}],"twitter_card":"summary_large_image","twitter_site":"@elearning_upt","schema":{"@context":"https:\/\/schema.org","@graph":[{"@type":"WebPage","@id":"https:\/\/digiculture.eu\/partners\/aalborg-university\/bastian-ilso-hougaard\/","url":"https:\/\/digiculture.eu\/partners\/aalborg-university\/bastian-ilso-hougaard\/","name":"Bastian Ils\u00f8 Hougaard - Digital Culture - Erasmus+ European Project","isPartOf":{"@id":"https:\/\/digiculture.eu\/#website"},"datePublished":"2019-02-24T20:13:01+00:00","dateModified":"2019-02-24T20:36:59+00:00","breadcrumb":{"@id":"https:\/\/digiculture.eu\/partners\/aalborg-university\/bastian-ilso-hougaard\/#breadcrumb"},"inLanguage":"ga","potentialAction":[{"@type":"ReadAction","target":["https:\/\/digiculture.eu\/partners\/aalborg-university\/bastian-ilso-hougaard\/"]}]},{"@type":"BreadcrumbList","@id":"https:\/\/digiculture.eu\/partners\/aalborg-university\/bastian-ilso-hougaard\/#breadcrumb","itemListElement":[{"@type":"ListItem","position":1,"name":"Home","item":"https:\/\/digiculture.eu\/"},{"@type":"ListItem","position":2,"name":"Partners","item":"https:\/\/digiculture.eu\/partners\/"},{"@type":"ListItem","position":3,"name":"Aalborg University","item":"https:\/\/digiculture.eu\/partners\/aalborg-university\/"},{"@type":"ListItem","position":4,"name":"Bastian Ils\u00f8 Hougaard"}]},{"@type":"WebSite","@id":"https:\/\/digiculture.eu\/#website","url":"https:\/\/digiculture.eu\/","name":"Digital Culture - Erasmus+ European Project","description":"Improving the Digital Competences and Social Inclusion of Adults in Creative Industries","publisher":{"@id":"https:\/\/digiculture.eu\/#organization"},"potentialAction":[{"@type":"SearchAction","target":{"@type":"EntryPoint","urlTemplate":"https:\/\/digiculture.eu\/?s={search_term_string}"},"query-input":"required name=search_term_string"}],"inLanguage":"ga"},{"@type":"Organization","@id":"https:\/\/digiculture.eu\/#organization","name":"Digiculture","url":"https:\/\/digiculture.eu\/","logo":{"@type":"ImageObject","inLanguage":"ga","@id":"https:\/\/digiculture.eu\/#\/schema\/logo\/image\/","url":"https:\/\/digiculture.eu\/wp-content\/uploads\/2019\/01\/Logo-Digi-Culture.png","contentUrl":"https:\/\/digiculture.eu\/wp-content\/uploads\/2019\/01\/Logo-Digi-Culture.png","width":934,"height":386,"caption":"Digiculture"},"image":{"@id":"https:\/\/digiculture.eu\/#\/schema\/logo\/image\/"},"sameAs":["https:\/\/www.facebook.com\/CultureDigi","https:\/\/twitter.com\/elearning_upt"]}]}},"_links":{"self":[{"href":"https:\/\/digiculture.eu\/ga\/wp-json\/wp\/v2\/pages\/2026"}],"collection":[{"href":"https:\/\/digiculture.eu\/ga\/wp-json\/wp\/v2\/pages"}],"about":[{"href":"https:\/\/digiculture.eu\/ga\/wp-json\/wp\/v2\/types\/page"}],"author":[{"embeddable":true,"href":"https:\/\/digiculture.eu\/ga\/wp-json\/wp\/v2\/users\/5"}],"replies":[{"embeddable":true,"href":"https:\/\/digiculture.eu\/ga\/wp-json\/wp\/v2\/comments?post=2026"}],"version-history":[{"count":2,"href":"https:\/\/digiculture.eu\/ga\/wp-json\/wp\/v2\/pages\/2026\/revisions"}],"predecessor-version":[{"id":2040,"href":"https:\/\/digiculture.eu\/ga\/wp-json\/wp\/v2\/pages\/2026\/revisions\/2040"}],"up":[{"embeddable":true,"href":"https:\/\/digiculture.eu\/ga\/wp-json\/wp\/v2\/pages\/1947"}],"wp:attachment":[{"href":"https:\/\/digiculture.eu\/ga\/wp-json\/wp\/v2\/media?parent=2026"}],"curies":[{"name":"wp","href":"https:\/\/api.w.org\/{rel}","templated":true}]}}