{"id":2015,"date":"2019-02-24T22:03:14","date_gmt":"2019-02-24T20:03:14","guid":{"rendered":"https:\/\/digiculture.eu\/?page_id=2015"},"modified":"2019-02-24T22:07:17","modified_gmt":"2019-02-24T20:07:17","slug":"mairead-nic-giolla-mhichil","status":"publish","type":"page","link":"https:\/\/digiculture.eu\/ga\/partners\/dublin-city-university\/mairead-nic-giolla-mhichil\/","title":{"rendered":"Mair\u00e9ad Nic Giolla Mhich\u00edl"},"content":{"rendered":"<div data-elementor-type=\"wp-post\" data-elementor-id=\"2015\" class=\"elementor elementor-2015 elementor-bc-flex-widget\">\n\t\t\t\t\t\t\t\t\t<section class=\"elementor-section elementor-top-section elementor-element elementor-element-2d97730f elementor-section-boxed elementor-section-height-default elementor-section-height-default\" data-id=\"2d97730f\" data-element_type=\"section\">\n\t\t\t\t\t\t<div class=\"elementor-container elementor-column-gap-default\">\n\t\t\t\t\t<div class=\"elementor-column elementor-col-33 elementor-top-column elementor-element elementor-element-453d2b2a\" data-id=\"453d2b2a\" data-element_type=\"column\">\n\t\t\t<div class=\"elementor-widget-wrap elementor-element-populated\">\n\t\t\t\t\t\t\t\t<div class=\"elementor-element elementor-element-a84b2bb elementor-widget elementor-widget-image\" data-id=\"a84b2bb\" data-element_type=\"widget\" data-widget_type=\"image.default\">\n\t\t\t\t<div class=\"elementor-widget-container\">\n\t\t\t\t\t\t\t\t\t\t\t\t\t\t\t<img loading=\"lazy\" decoding=\"async\" width=\"200\" height=\"200\" src=\"https:\/\/digiculture.eu\/wp-content\/uploads\/2019\/01\/Mairead-Nic-Giolla-Mhichil.jpg\" class=\"attachment-large size-large wp-image-1858\" alt=\"\" srcset=\"https:\/\/digiculture.eu\/wp-content\/uploads\/2019\/01\/Mairead-Nic-Giolla-Mhichil.jpg 200w, https:\/\/digiculture.eu\/wp-content\/uploads\/2019\/01\/Mairead-Nic-Giolla-Mhichil-150x150.jpg 150w\" sizes=\"(max-width: 200px) 100vw, 200px\" \/>\t\t\t\t\t\t\t\t\t\t\t\t\t\t\t<\/div>\n\t\t\t\t<\/div>\n\t\t\t\t<div class=\"elementor-element elementor-element-cc863e3 elementor-shape-rounded elementor-grid-0 e-grid-align-center elementor-widget elementor-widget-social-icons\" data-id=\"cc863e3\" data-element_type=\"widget\" data-widget_type=\"social-icons.default\">\n\t\t\t\t<div class=\"elementor-widget-container\">\n\t\t\t\t\t<div class=\"elementor-social-icons-wrapper elementor-grid\">\n\t\t\t\t\t\t\t<span class=\"elementor-grid-item\">\n\t\t\t\t\t<a class=\"elementor-icon elementor-social-icon elementor-social-icon-envelope elementor-repeater-item-63b93f1\" href=\"mailto:mairead.nicgiollamhichil@dcu.ue\" target=\"_blank\">\n\t\t\t\t\t\t<span class=\"elementor-screen-only\">Envelope<\/span>\n\t\t\t\t\t\t\t\t\t\t\t\t\t<i class=\"fa fa-envelope\"><\/i>\n\t\t\t\t\t\t\t\t\t\t\t<\/a>\n\t\t\t\t<\/span>\n\t\t\t\t\t\t\t<span class=\"elementor-grid-item\">\n\t\t\t\t\t<a class=\"elementor-icon elementor-social-icon elementor-social-icon-twitter elementor-repeater-item-73937ed\" href=\"https:\/\/twitter.com\/1mngm\" target=\"_blank\">\n\t\t\t\t\t\t<span class=\"elementor-screen-only\">Twitter<\/span>\n\t\t\t\t\t\t\t\t\t\t\t\t\t<i class=\"fa fa-twitter\"><\/i>\n\t\t\t\t\t\t\t\t\t\t\t<\/a>\n\t\t\t\t<\/span>\n\t\t\t\t\t\t\t<span class=\"elementor-grid-item\">\n\t\t\t\t\t<a class=\"elementor-icon elementor-social-icon elementor-social-icon-linkedin elementor-repeater-item-613e6ce\" href=\"https:\/\/www.linkedin.com\/in\/mair%C3%A9ad-nic-giolla-mhich%C3%ADl-57646234\/\" target=\"_blank\">\n\t\t\t\t\t\t<span class=\"elementor-screen-only\">Linkedin<\/span>\n\t\t\t\t\t\t\t\t\t\t\t\t\t<i class=\"fa fa-linkedin\"><\/i>\n\t\t\t\t\t\t\t\t\t\t\t<\/a>\n\t\t\t\t<\/span>\n\t\t\t\t\t<\/div>\n\t\t\t\t<\/div>\n\t\t\t\t<\/div>\n\t\t\t\t\t<\/div>\n\t\t<\/div>\n\t\t\t\t<div class=\"elementor-column elementor-col-66 elementor-top-column elementor-element elementor-element-5e151990\" data-id=\"5e151990\" data-element_type=\"column\">\n\t\t\t<div class=\"elementor-widget-wrap elementor-element-populated\">\n\t\t\t\t\t\t\t\t<div class=\"elementor-element elementor-element-188113b5 elementor-widget elementor-widget-heading\" data-id=\"188113b5\" data-element_type=\"widget\" data-widget_type=\"heading.default\">\n\t\t\t\t<div class=\"elementor-widget-container\">\n\t\t\t<h2 class=\"elementor-heading-title elementor-size-default\">Mair\u00e9ad Nic Giolla Mhich\u00edl<\/h2>\t\t<\/div>\n\t\t\t\t<\/div>\n\t\t\t\t<div class=\"elementor-element elementor-element-6392af06 elementor-widget elementor-widget-text-editor\" data-id=\"6392af06\" data-element_type=\"widget\" data-widget_type=\"text-editor.default\">\n\t\t\t\t<div class=\"elementor-widget-container\">\n\t\t\t\t\t\t\t<p>Faoi l\u00e1thair, t\u00e1 an Dr. Mair\u00e9ad Nic Giolla Mhich\u00edl ina hOllamh Comhlach agus ina h\u00c1nra Sinsearach Taighde san Institi\u00faid N\u00e1isi\u00fanta um Fhoghlaim Dhigiteach in Ollscoil Chathair Bhaile \u00c1tha Cliath agus taighde \u00e1 dh\u00e9anamh aici ar Ch\u00farsa\u00ed Oscailte Ollmh\u00f3ra Ar L\u00edne chomh maith le Tionscnamh Strait\u00e9iseach na hOllscoile sa r\u00e9imse seo a chur i bhfeidhm. Scol\u00e1ire Fulbright is ea \u00ed in Ollscoil Notre Dame i St\u00e1it Aontaithe Mheirice\u00e1 agus is L\u00e9acht\u00f3ir le Teicneola\u00edocht Faisn\u00e9ise \u00ed i nD\u00e1mh na nDaonnachta\u00ed agus na nEola\u00edochta\u00ed S\u00f3isialta in DCU. Bh\u00ed r\u00f3il cheannaireachta ag Mair\u00e9ad laistigh d\u00e1 scoil, s\u00e1 D\u00e1mh agus d\u00e1 hOllscoil agus d\u2019fh\u00f3in s\u00ed mar Dh\u00e9an Comhlach na M\u00fainteoireachta agus na Foghlama. T\u00e1 baint ag Mair\u00e9ad le roinnt tionscadal taighde Eorpach i gc\u00e1il mar Phr\u00edomhthaighdeoir agus mar thaighdeoir araon. Cuireann s\u00ed sp\u00e9is ar leith in \u00e1bhair thaighde de chine\u00e1l idirdhiscipl\u00edneach agus \u00e1ir\u00edonn siad an teicneola\u00edocht i r\u00e9imse na m\u00fainteoireachta agus na foghlama agus athr\u00fa a dh\u00e9anamh ar chur i bhfeidhm beartas. \n\n I l\u00e1thair na huaire, t\u00e1 Mair\u00e9ad i mbun comheagarth\u00f3ireachta ar leabhar faoi Fhoghlaim Dhigiteach.<\/p>\t\t\t\t\t\t<\/div>\n\t\t\t\t<\/div>\n\t\t\t\t\t<\/div>\n\t\t<\/div>\n\t\t\t\t\t\t\t<\/div>\n\t\t<\/section>\n\t\t\t\t\t\t\t<\/div>","protected":false},"excerpt":{"rendered":"<p>Envelope Twitter Linkedin Mair\u00e9ad Nic Giolla Mhich\u00edl Dr.Mair\u00e9ad Nic Giolla Mhich\u00edl is currently an Associate Professor and Senior Research Fellow, with the National Institute of Digital Learning in Dublin City University, researching Massive Open Online Courses and implementing the University&#8217;s Strategic Initiative in this area. She is a Fulbright Scholar<span class=\"more-link\"><a href=\"https:\/\/digiculture.eu\/ga\/partners\/dublin-city-university\/mairead-nic-giolla-mhichil\/\">Read More &rarr;<\/a><\/span><\/p>","protected":false},"author":5,"featured_media":0,"parent":1953,"menu_order":0,"comment_status":"closed","ping_status":"closed","template":"","meta":{"_mi_skip_tracking":false,"_monsterinsights_sitenote_active":false,"_monsterinsights_sitenote_note":"","_monsterinsights_sitenote_category":0,"footnotes":""},"yoast_head":"<!-- This site is optimized with the Yoast SEO plugin v21.5 - https:\/\/yoast.com\/wordpress\/plugins\/seo\/ -->\n<title>Mair\u00e9ad Nic Giolla Mhich\u00edl - Digital Culture - Erasmus+ European Project<\/title>\n<meta name=\"robots\" content=\"index, follow, max-snippet:-1, max-image-preview:large, max-video-preview:-1\" \/>\n<link rel=\"canonical\" href=\"https:\/\/digiculture.eu\/ga\/partners\/dublin-city-university\/mairead-nic-giolla-mhichil\/\" \/>\n<meta property=\"og:locale\" content=\"en_US\" \/>\n<meta property=\"og:type\" content=\"article\" \/>\n<meta property=\"og:title\" content=\"Mair\u00e9ad Nic Giolla Mhich\u00edl - Digital Culture - Erasmus+ European Project\" \/>\n<meta property=\"og:description\" content=\"Envelope Twitter Linkedin Mair\u00e9ad Nic Giolla Mhich\u00edl Dr.Mair\u00e9ad Nic Giolla Mhich\u00edl is currently an Associate Professor and Senior Research Fellow, with the National Institute of Digital Learning in Dublin City University, researching Massive Open Online Courses and implementing the University&#8217;s Strategic Initiative in this area. She is a Fulbright ScholarRead More &rarr;\" \/>\n<meta property=\"og:url\" content=\"https:\/\/digiculture.eu\/ga\/partners\/dublin-city-university\/mairead-nic-giolla-mhichil\/\" \/>\n<meta property=\"og:site_name\" content=\"Digital Culture - Erasmus+ European Project\" \/>\n<meta property=\"article:publisher\" content=\"https:\/\/www.facebook.com\/CultureDigi\" \/>\n<meta property=\"article:modified_time\" content=\"2019-02-24T20:07:17+00:00\" \/>\n<meta property=\"og:image\" content=\"https:\/\/digiculture.eu\/wp-content\/uploads\/2019\/01\/Mairead-Nic-Giolla-Mhichil.jpg\" \/>\n<meta name=\"twitter:card\" content=\"summary_large_image\" \/>\n<meta name=\"twitter:site\" content=\"@elearning_upt\" \/>\n<meta name=\"twitter:label1\" content=\"Est. reading time\" \/>\n\t<meta name=\"twitter:data1\" content=\"1 minute\" \/>\n<script type=\"application\/ld+json\" class=\"yoast-schema-graph\">{\"@context\":\"https:\/\/schema.org\",\"@graph\":[{\"@type\":\"WebPage\",\"@id\":\"https:\/\/digiculture.eu\/partners\/dublin-city-university\/mairead-nic-giolla-mhichil\/\",\"url\":\"https:\/\/digiculture.eu\/partners\/dublin-city-university\/mairead-nic-giolla-mhichil\/\",\"name\":\"Mair\u00e9ad Nic Giolla Mhich\u00edl - Digital Culture - Erasmus+ European Project\",\"isPartOf\":{\"@id\":\"https:\/\/digiculture.eu\/#website\"},\"datePublished\":\"2019-02-24T20:03:14+00:00\",\"dateModified\":\"2019-02-24T20:07:17+00:00\",\"breadcrumb\":{\"@id\":\"https:\/\/digiculture.eu\/partners\/dublin-city-university\/mairead-nic-giolla-mhichil\/#breadcrumb\"},\"inLanguage\":\"ga\",\"potentialAction\":[{\"@type\":\"ReadAction\",\"target\":[\"https:\/\/digiculture.eu\/partners\/dublin-city-university\/mairead-nic-giolla-mhichil\/\"]}]},{\"@type\":\"BreadcrumbList\",\"@id\":\"https:\/\/digiculture.eu\/partners\/dublin-city-university\/mairead-nic-giolla-mhichil\/#breadcrumb\",\"itemListElement\":[{\"@type\":\"ListItem\",\"position\":1,\"name\":\"Home\",\"item\":\"https:\/\/digiculture.eu\/\"},{\"@type\":\"ListItem\",\"position\":2,\"name\":\"Partners\",\"item\":\"https:\/\/digiculture.eu\/partners\/\"},{\"@type\":\"ListItem\",\"position\":3,\"name\":\"Dublin City University\",\"item\":\"https:\/\/digiculture.eu\/partners\/dublin-city-university\/\"},{\"@type\":\"ListItem\",\"position\":4,\"name\":\"Mair\u00e9ad Nic Giolla Mhich\u00edl\"}]},{\"@type\":\"WebSite\",\"@id\":\"https:\/\/digiculture.eu\/#website\",\"url\":\"https:\/\/digiculture.eu\/\",\"name\":\"Digital Culture - Erasmus+ European Project\",\"description\":\"Improving the Digital Competences and Social Inclusion of Adults in Creative Industries\",\"publisher\":{\"@id\":\"https:\/\/digiculture.eu\/#organization\"},\"potentialAction\":[{\"@type\":\"SearchAction\",\"target\":{\"@type\":\"EntryPoint\",\"urlTemplate\":\"https:\/\/digiculture.eu\/?s={search_term_string}\"},\"query-input\":\"required name=search_term_string\"}],\"inLanguage\":\"ga\"},{\"@type\":\"Organization\",\"@id\":\"https:\/\/digiculture.eu\/#organization\",\"name\":\"Digiculture\",\"url\":\"https:\/\/digiculture.eu\/\",\"logo\":{\"@type\":\"ImageObject\",\"inLanguage\":\"ga\",\"@id\":\"https:\/\/digiculture.eu\/#\/schema\/logo\/image\/\",\"url\":\"https:\/\/digiculture.eu\/wp-content\/uploads\/2019\/01\/Logo-Digi-Culture.png\",\"contentUrl\":\"https:\/\/digiculture.eu\/wp-content\/uploads\/2019\/01\/Logo-Digi-Culture.png\",\"width\":934,\"height\":386,\"caption\":\"Digiculture\"},\"image\":{\"@id\":\"https:\/\/digiculture.eu\/#\/schema\/logo\/image\/\"},\"sameAs\":[\"https:\/\/www.facebook.com\/CultureDigi\",\"https:\/\/twitter.com\/elearning_upt\"]}]}<\/script>\n<!-- \/ Yoast SEO plugin. -->","yoast_head_json":{"title":"Mair\u00e9ad Nic Giolla Mhich\u00edl - Digital Culture - Erasmus+ European Project","robots":{"index":"index","follow":"follow","max-snippet":"max-snippet:-1","max-image-preview":"max-image-preview:large","max-video-preview":"max-video-preview:-1"},"canonical":"https:\/\/digiculture.eu\/ga\/partners\/dublin-city-university\/mairead-nic-giolla-mhichil\/","og_locale":"en_US","og_type":"article","og_title":"Mair\u00e9ad Nic Giolla Mhich\u00edl - Digital Culture - Erasmus+ European Project","og_description":"Envelope Twitter Linkedin Mair\u00e9ad Nic Giolla Mhich\u00edl Dr.Mair\u00e9ad Nic Giolla Mhich\u00edl is currently an Associate Professor and Senior Research Fellow, with the National Institute of Digital Learning in Dublin City University, researching Massive Open Online Courses and implementing the University&#8217;s Strategic Initiative in this area. She is a Fulbright ScholarRead More &rarr;","og_url":"https:\/\/digiculture.eu\/ga\/partners\/dublin-city-university\/mairead-nic-giolla-mhichil\/","og_site_name":"Digital Culture - Erasmus+ European Project","article_publisher":"https:\/\/www.facebook.com\/CultureDigi","article_modified_time":"2019-02-24T20:07:17+00:00","og_image":[{"url":"https:\/\/digiculture.eu\/wp-content\/uploads\/2019\/01\/Mairead-Nic-Giolla-Mhichil.jpg"}],"twitter_card":"summary_large_image","twitter_site":"@elearning_upt","twitter_misc":{"Est. reading time":"1 minute"},"schema":{"@context":"https:\/\/schema.org","@graph":[{"@type":"WebPage","@id":"https:\/\/digiculture.eu\/partners\/dublin-city-university\/mairead-nic-giolla-mhichil\/","url":"https:\/\/digiculture.eu\/partners\/dublin-city-university\/mairead-nic-giolla-mhichil\/","name":"Mair\u00e9ad Nic Giolla Mhich\u00edl - Digital Culture - Erasmus+ European Project","isPartOf":{"@id":"https:\/\/digiculture.eu\/#website"},"datePublished":"2019-02-24T20:03:14+00:00","dateModified":"2019-02-24T20:07:17+00:00","breadcrumb":{"@id":"https:\/\/digiculture.eu\/partners\/dublin-city-university\/mairead-nic-giolla-mhichil\/#breadcrumb"},"inLanguage":"ga","potentialAction":[{"@type":"ReadAction","target":["https:\/\/digiculture.eu\/partners\/dublin-city-university\/mairead-nic-giolla-mhichil\/"]}]},{"@type":"BreadcrumbList","@id":"https:\/\/digiculture.eu\/partners\/dublin-city-university\/mairead-nic-giolla-mhichil\/#breadcrumb","itemListElement":[{"@type":"ListItem","position":1,"name":"Home","item":"https:\/\/digiculture.eu\/"},{"@type":"ListItem","position":2,"name":"Partners","item":"https:\/\/digiculture.eu\/partners\/"},{"@type":"ListItem","position":3,"name":"Dublin City University","item":"https:\/\/digiculture.eu\/partners\/dublin-city-university\/"},{"@type":"ListItem","position":4,"name":"Mair\u00e9ad Nic Giolla Mhich\u00edl"}]},{"@type":"WebSite","@id":"https:\/\/digiculture.eu\/#website","url":"https:\/\/digiculture.eu\/","name":"Digital Culture - Erasmus+ European Project","description":"Improving the Digital Competences and Social Inclusion of Adults in Creative Industries","publisher":{"@id":"https:\/\/digiculture.eu\/#organization"},"potentialAction":[{"@type":"SearchAction","target":{"@type":"EntryPoint","urlTemplate":"https:\/\/digiculture.eu\/?s={search_term_string}"},"query-input":"required name=search_term_string"}],"inLanguage":"ga"},{"@type":"Organization","@id":"https:\/\/digiculture.eu\/#organization","name":"Digiculture","url":"https:\/\/digiculture.eu\/","logo":{"@type":"ImageObject","inLanguage":"ga","@id":"https:\/\/digiculture.eu\/#\/schema\/logo\/image\/","url":"https:\/\/digiculture.eu\/wp-content\/uploads\/2019\/01\/Logo-Digi-Culture.png","contentUrl":"https:\/\/digiculture.eu\/wp-content\/uploads\/2019\/01\/Logo-Digi-Culture.png","width":934,"height":386,"caption":"Digiculture"},"image":{"@id":"https:\/\/digiculture.eu\/#\/schema\/logo\/image\/"},"sameAs":["https:\/\/www.facebook.com\/CultureDigi","https:\/\/twitter.com\/elearning_upt"]}]}},"_links":{"self":[{"href":"https:\/\/digiculture.eu\/ga\/wp-json\/wp\/v2\/pages\/2015"}],"collection":[{"href":"https:\/\/digiculture.eu\/ga\/wp-json\/wp\/v2\/pages"}],"about":[{"href":"https:\/\/digiculture.eu\/ga\/wp-json\/wp\/v2\/types\/page"}],"author":[{"embeddable":true,"href":"https:\/\/digiculture.eu\/ga\/wp-json\/wp\/v2\/users\/5"}],"replies":[{"embeddable":true,"href":"https:\/\/digiculture.eu\/ga\/wp-json\/wp\/v2\/comments?post=2015"}],"version-history":[{"count":2,"href":"https:\/\/digiculture.eu\/ga\/wp-json\/wp\/v2\/pages\/2015\/revisions"}],"predecessor-version":[{"id":2023,"href":"https:\/\/digiculture.eu\/ga\/wp-json\/wp\/v2\/pages\/2015\/revisions\/2023"}],"up":[{"embeddable":true,"href":"https:\/\/digiculture.eu\/ga\/wp-json\/wp\/v2\/pages\/1953"}],"wp:attachment":[{"href":"https:\/\/digiculture.eu\/ga\/wp-json\/wp\/v2\/media?parent=2015"}],"curies":[{"name":"wp","href":"https:\/\/api.w.org\/{rel}","templated":true}]}}