{"id":2003,"date":"2019-02-24T21:46:02","date_gmt":"2019-02-24T19:46:02","guid":{"rendered":"https:\/\/digiculture.eu\/?page_id=2003"},"modified":"2019-02-24T21:48:39","modified_gmt":"2019-02-24T19:48:39","slug":"chiara-zuanni","status":"publish","type":"page","link":"https:\/\/digiculture.eu\/ga\/partners\/university-of-graz\/chiara-zuanni\/","title":{"rendered":"Chiara Zuanni"},"content":{"rendered":"<div data-elementor-type=\"wp-post\" data-elementor-id=\"2003\" class=\"elementor elementor-2003 elementor-bc-flex-widget\">\n\t\t\t\t\t\t\t\t\t<section class=\"elementor-section elementor-top-section elementor-element elementor-element-163cf5cf elementor-section-boxed elementor-section-height-default elementor-section-height-default\" data-id=\"163cf5cf\" data-element_type=\"section\">\n\t\t\t\t\t\t<div class=\"elementor-container elementor-column-gap-default\">\n\t\t\t\t\t<div class=\"elementor-column elementor-col-33 elementor-top-column elementor-element elementor-element-201f328\" data-id=\"201f328\" data-element_type=\"column\">\n\t\t\t<div class=\"elementor-widget-wrap elementor-element-populated\">\n\t\t\t\t\t\t\t\t<div class=\"elementor-element elementor-element-428d5dbd elementor-widget elementor-widget-image\" data-id=\"428d5dbd\" data-element_type=\"widget\" data-widget_type=\"image.default\">\n\t\t\t\t<div class=\"elementor-widget-container\">\n\t\t\t\t\t\t\t\t\t\t\t\t\t\t\t<img loading=\"lazy\" decoding=\"async\" width=\"191\" height=\"191\" src=\"https:\/\/digiculture.eu\/wp-content\/uploads\/2019\/01\/Chiara-Zuanni.jpg\" class=\"attachment-large size-large wp-image-1853\" alt=\"\" srcset=\"https:\/\/digiculture.eu\/wp-content\/uploads\/2019\/01\/Chiara-Zuanni.jpg 191w, https:\/\/digiculture.eu\/wp-content\/uploads\/2019\/01\/Chiara-Zuanni-150x150.jpg 150w\" sizes=\"(max-width: 191px) 100vw, 191px\" \/>\t\t\t\t\t\t\t\t\t\t\t\t\t\t\t<\/div>\n\t\t\t\t<\/div>\n\t\t\t\t<div class=\"elementor-element elementor-element-686806c3 elementor-shape-rounded elementor-grid-0 e-grid-align-center elementor-widget elementor-widget-social-icons\" data-id=\"686806c3\" data-element_type=\"widget\" data-widget_type=\"social-icons.default\">\n\t\t\t\t<div class=\"elementor-widget-container\">\n\t\t\t\t\t<div class=\"elementor-social-icons-wrapper elementor-grid\">\n\t\t\t\t\t\t\t<span class=\"elementor-grid-item\">\n\t\t\t\t\t<a class=\"elementor-icon elementor-social-icon elementor-social-icon-envelope elementor-repeater-item-63b93f1\" href=\"mailto:chiara.zuanni@uni-graz.at\" target=\"_blank\">\n\t\t\t\t\t\t<span class=\"elementor-screen-only\">Envelope<\/span>\n\t\t\t\t\t\t\t\t\t\t\t\t\t<i class=\"fa fa-envelope\"><\/i>\n\t\t\t\t\t\t\t\t\t\t\t<\/a>\n\t\t\t\t<\/span>\n\t\t\t\t\t\t\t<span class=\"elementor-grid-item\">\n\t\t\t\t\t<a class=\"elementor-icon elementor-social-icon elementor-social-icon-twitter elementor-repeater-item-73937ed\" href=\"https:\/\/twitter.com\/kia_z\" target=\"_blank\">\n\t\t\t\t\t\t<span class=\"elementor-screen-only\">Twitter<\/span>\n\t\t\t\t\t\t\t\t\t\t\t\t\t<i class=\"fa fa-twitter\"><\/i>\n\t\t\t\t\t\t\t\t\t\t\t<\/a>\n\t\t\t\t<\/span>\n\t\t\t\t\t\t\t<span class=\"elementor-grid-item\">\n\t\t\t\t\t<a class=\"elementor-icon elementor-social-icon elementor-social-icon-linkedin elementor-repeater-item-613e6ce\" href=\"https:\/\/at.linkedin.com\/in\/chiara-zuanni-5a862144\/en\" target=\"_blank\">\n\t\t\t\t\t\t<span class=\"elementor-screen-only\">Linkedin<\/span>\n\t\t\t\t\t\t\t\t\t\t\t\t\t<i class=\"fa fa-linkedin\"><\/i>\n\t\t\t\t\t\t\t\t\t\t\t<\/a>\n\t\t\t\t<\/span>\n\t\t\t\t\t<\/div>\n\t\t\t\t<\/div>\n\t\t\t\t<\/div>\n\t\t\t\t\t<\/div>\n\t\t<\/div>\n\t\t\t\t<div class=\"elementor-column elementor-col-66 elementor-top-column elementor-element elementor-element-2f664965\" data-id=\"2f664965\" data-element_type=\"column\">\n\t\t\t<div class=\"elementor-widget-wrap elementor-element-populated\">\n\t\t\t\t\t\t\t\t<div class=\"elementor-element elementor-element-6a1c9448 elementor-widget elementor-widget-heading\" data-id=\"6a1c9448\" data-element_type=\"widget\" data-widget_type=\"heading.default\">\n\t\t\t\t<div class=\"elementor-widget-container\">\n\t\t\t<h2 class=\"elementor-heading-title elementor-size-default\">Chiara Zuanni<\/h2>\t\t<\/div>\n\t\t\t\t<\/div>\n\t\t\t\t<div class=\"elementor-element elementor-element-40fe8006 elementor-widget elementor-widget-text-editor\" data-id=\"40fe8006\" data-element_type=\"widget\" data-widget_type=\"text-editor.default\">\n\t\t\t\t<div class=\"elementor-widget-container\">\n\t\t\t\t\t\t\t<p>Is ollamh comhlach tionacht-riain le Daonnachta\u00ed Digiteacha in ZIM \u00ed Chiara Zuanni agus d\u00edr\u00edonn s\u00ed ar mh\u00fasaemeola\u00edocht. T\u00e1 a cuid taighde d\u00edrithe ar bhun\u00fa agus ar idirghabh\u00e1il faisn\u00e9ise i m\u00fasaeim, ar thionchar na me\u00e1n digiteach agus ar shonra\u00ed a bhaineann leis an earn\u00e1il oidhreachta agus le daoine ar sp\u00e9is leo an earn\u00e1il sin. T\u00e1 c\u00e9im sna Clasaic\u00ed aici agus MA sa tSeand\u00e1la\u00edocht \u00f3 Ollscoil Bologna agus t\u00e1 PhD sa Mh\u00fasaemeola\u00edocht aici \u00f3 Ollscoil Mhanchain (2016). I measc a cuid ceapach\u00e1n iardhocht\u00faireachta \u00e1ir\u00edtear \u00c1nracht Rannph\u00e1irteachais Cult\u00fair AHHRC san Institi\u00faid Chaipitil Cult\u00fair (Ollscoil Learphoill agus Liverpool John Moores University, 2016), tr\u00e1th a raibh s\u00ed ag obair ar thionscadal \u2018Liverpool 2018\u2019 (a bhain le meas\u00fan\u00fa a dh\u00e9anamh ar thionchar an ghradaim dar teideal \u2018Pr\u00edomhchathair Chult\u00fair na hEorpa\u2019) agus ar meas\u00fan\u00fa thar cheann an British Council. Ina theannta sin, chaith s\u00ed tr\u00e9imhse mar \u00e1nra taighde sa Victoria and Albert Museum (2016-2017) agus \u00ed ag obair ar thionscadal taighde trasn\u00e1isi\u00fanta dar teideal \u2018Universal Histories and Universal Museums\u2019 (a fuair maoini\u00fach\u00e1n \u00f3 AHRC agus \u00f3 LABEX) agus mar l\u00e9acht\u00f3ir cuarta\u00edochta i m\u00fasaemeola\u00edocht in Ollscoil Bergamo (2018). Faoi l\u00e1thair, is ball \u00ed den \u2018Institi\u00faid na gC\u00farsa\u00ed Taistil \u00c1rsa\u2019 \u00ed (ar tionscadal \u00e9 sin at\u00e1 \u00e1 mhaoini\u00fa ag an Getty Foundation agus at\u00e1 \u00e1 sheoladh faoi cheannas King\u2019s College London agus Ollscoil Ume\u00e5).<\/p>\t\t\t\t\t\t<\/div>\n\t\t\t\t<\/div>\n\t\t\t\t\t<\/div>\n\t\t<\/div>\n\t\t\t\t\t\t\t<\/div>\n\t\t<\/section>\n\t\t\t\t\t\t\t<\/div>","protected":false},"excerpt":{"rendered":"<p>Envelope Twitter Linkedin Chiara Zuanni Chiara Zuanni is a tenure-track assistant professor in Digital Humanities, with a focus on museology, at ZIM. Her research focuses on the construction and mediation of knowledge in museums, on the impact of digital media and data on the heritage sector and its audiences. She<span class=\"more-link\"><a href=\"https:\/\/digiculture.eu\/ga\/partners\/university-of-graz\/chiara-zuanni\/\">Read More &rarr;<\/a><\/span><\/p>","protected":false},"author":5,"featured_media":0,"parent":1950,"menu_order":0,"comment_status":"closed","ping_status":"closed","template":"","meta":{"_mi_skip_tracking":false,"_monsterinsights_sitenote_active":false,"_monsterinsights_sitenote_note":"","_monsterinsights_sitenote_category":0,"footnotes":""},"yoast_head":"<!-- This site is optimized with the Yoast SEO plugin v21.5 - https:\/\/yoast.com\/wordpress\/plugins\/seo\/ -->\n<title>Chiara Zuanni - Digital Culture - Erasmus+ European Project<\/title>\n<meta name=\"robots\" content=\"index, follow, max-snippet:-1, max-image-preview:large, max-video-preview:-1\" \/>\n<link rel=\"canonical\" href=\"https:\/\/digiculture.eu\/ga\/partners\/university-of-graz\/chiara-zuanni\/\" \/>\n<meta property=\"og:locale\" content=\"en_US\" \/>\n<meta property=\"og:type\" content=\"article\" \/>\n<meta property=\"og:title\" content=\"Chiara Zuanni - Digital Culture - Erasmus+ European Project\" \/>\n<meta property=\"og:description\" content=\"Envelope Twitter Linkedin Chiara Zuanni Chiara Zuanni is a tenure-track assistant professor in Digital Humanities, with a focus on museology, at ZIM. Her research focuses on the construction and mediation of knowledge in museums, on the impact of digital media and data on the heritage sector and its audiences. SheRead More &rarr;\" \/>\n<meta property=\"og:url\" content=\"https:\/\/digiculture.eu\/ga\/partners\/university-of-graz\/chiara-zuanni\/\" \/>\n<meta property=\"og:site_name\" content=\"Digital Culture - Erasmus+ European Project\" \/>\n<meta property=\"article:publisher\" content=\"https:\/\/www.facebook.com\/CultureDigi\" \/>\n<meta property=\"article:modified_time\" content=\"2019-02-24T19:48:39+00:00\" \/>\n<meta property=\"og:image\" content=\"https:\/\/digiculture.eu\/wp-content\/uploads\/2019\/01\/Chiara-Zuanni.jpg\" \/>\n<meta name=\"twitter:card\" content=\"summary_large_image\" \/>\n<meta name=\"twitter:site\" content=\"@elearning_upt\" \/>\n<meta name=\"twitter:label1\" content=\"Est. reading time\" \/>\n\t<meta name=\"twitter:data1\" content=\"1 minute\" \/>\n<script type=\"application\/ld+json\" class=\"yoast-schema-graph\">{\"@context\":\"https:\/\/schema.org\",\"@graph\":[{\"@type\":\"WebPage\",\"@id\":\"https:\/\/digiculture.eu\/partners\/university-of-graz\/chiara-zuanni\/\",\"url\":\"https:\/\/digiculture.eu\/partners\/university-of-graz\/chiara-zuanni\/\",\"name\":\"Chiara Zuanni - Digital Culture - Erasmus+ European Project\",\"isPartOf\":{\"@id\":\"https:\/\/digiculture.eu\/#website\"},\"datePublished\":\"2019-02-24T19:46:02+00:00\",\"dateModified\":\"2019-02-24T19:48:39+00:00\",\"breadcrumb\":{\"@id\":\"https:\/\/digiculture.eu\/partners\/university-of-graz\/chiara-zuanni\/#breadcrumb\"},\"inLanguage\":\"ga\",\"potentialAction\":[{\"@type\":\"ReadAction\",\"target\":[\"https:\/\/digiculture.eu\/partners\/university-of-graz\/chiara-zuanni\/\"]}]},{\"@type\":\"BreadcrumbList\",\"@id\":\"https:\/\/digiculture.eu\/partners\/university-of-graz\/chiara-zuanni\/#breadcrumb\",\"itemListElement\":[{\"@type\":\"ListItem\",\"position\":1,\"name\":\"Home\",\"item\":\"https:\/\/digiculture.eu\/\"},{\"@type\":\"ListItem\",\"position\":2,\"name\":\"Partners\",\"item\":\"https:\/\/digiculture.eu\/partners\/\"},{\"@type\":\"ListItem\",\"position\":3,\"name\":\"University of Graz\",\"item\":\"https:\/\/digiculture.eu\/partners\/university-of-graz\/\"},{\"@type\":\"ListItem\",\"position\":4,\"name\":\"Chiara Zuanni\"}]},{\"@type\":\"WebSite\",\"@id\":\"https:\/\/digiculture.eu\/#website\",\"url\":\"https:\/\/digiculture.eu\/\",\"name\":\"Digital Culture - Erasmus+ European Project\",\"description\":\"Improving the Digital Competences and Social Inclusion of Adults in Creative Industries\",\"publisher\":{\"@id\":\"https:\/\/digiculture.eu\/#organization\"},\"potentialAction\":[{\"@type\":\"SearchAction\",\"target\":{\"@type\":\"EntryPoint\",\"urlTemplate\":\"https:\/\/digiculture.eu\/?s={search_term_string}\"},\"query-input\":\"required name=search_term_string\"}],\"inLanguage\":\"ga\"},{\"@type\":\"Organization\",\"@id\":\"https:\/\/digiculture.eu\/#organization\",\"name\":\"Digiculture\",\"url\":\"https:\/\/digiculture.eu\/\",\"logo\":{\"@type\":\"ImageObject\",\"inLanguage\":\"ga\",\"@id\":\"https:\/\/digiculture.eu\/#\/schema\/logo\/image\/\",\"url\":\"https:\/\/digiculture.eu\/wp-content\/uploads\/2019\/01\/Logo-Digi-Culture.png\",\"contentUrl\":\"https:\/\/digiculture.eu\/wp-content\/uploads\/2019\/01\/Logo-Digi-Culture.png\",\"width\":934,\"height\":386,\"caption\":\"Digiculture\"},\"image\":{\"@id\":\"https:\/\/digiculture.eu\/#\/schema\/logo\/image\/\"},\"sameAs\":[\"https:\/\/www.facebook.com\/CultureDigi\",\"https:\/\/twitter.com\/elearning_upt\"]}]}<\/script>\n<!-- \/ Yoast SEO plugin. -->","yoast_head_json":{"title":"Chiara Zuanni - Digital Culture - Erasmus+ European Project","robots":{"index":"index","follow":"follow","max-snippet":"max-snippet:-1","max-image-preview":"max-image-preview:large","max-video-preview":"max-video-preview:-1"},"canonical":"https:\/\/digiculture.eu\/ga\/partners\/university-of-graz\/chiara-zuanni\/","og_locale":"en_US","og_type":"article","og_title":"Chiara Zuanni - Digital Culture - Erasmus+ European Project","og_description":"Envelope Twitter Linkedin Chiara Zuanni Chiara Zuanni is a tenure-track assistant professor in Digital Humanities, with a focus on museology, at ZIM. Her research focuses on the construction and mediation of knowledge in museums, on the impact of digital media and data on the heritage sector and its audiences. SheRead More &rarr;","og_url":"https:\/\/digiculture.eu\/ga\/partners\/university-of-graz\/chiara-zuanni\/","og_site_name":"Digital Culture - Erasmus+ European Project","article_publisher":"https:\/\/www.facebook.com\/CultureDigi","article_modified_time":"2019-02-24T19:48:39+00:00","og_image":[{"url":"https:\/\/digiculture.eu\/wp-content\/uploads\/2019\/01\/Chiara-Zuanni.jpg"}],"twitter_card":"summary_large_image","twitter_site":"@elearning_upt","twitter_misc":{"Est. reading time":"1 minute"},"schema":{"@context":"https:\/\/schema.org","@graph":[{"@type":"WebPage","@id":"https:\/\/digiculture.eu\/partners\/university-of-graz\/chiara-zuanni\/","url":"https:\/\/digiculture.eu\/partners\/university-of-graz\/chiara-zuanni\/","name":"Chiara Zuanni - Digital Culture - Erasmus+ European Project","isPartOf":{"@id":"https:\/\/digiculture.eu\/#website"},"datePublished":"2019-02-24T19:46:02+00:00","dateModified":"2019-02-24T19:48:39+00:00","breadcrumb":{"@id":"https:\/\/digiculture.eu\/partners\/university-of-graz\/chiara-zuanni\/#breadcrumb"},"inLanguage":"ga","potentialAction":[{"@type":"ReadAction","target":["https:\/\/digiculture.eu\/partners\/university-of-graz\/chiara-zuanni\/"]}]},{"@type":"BreadcrumbList","@id":"https:\/\/digiculture.eu\/partners\/university-of-graz\/chiara-zuanni\/#breadcrumb","itemListElement":[{"@type":"ListItem","position":1,"name":"Home","item":"https:\/\/digiculture.eu\/"},{"@type":"ListItem","position":2,"name":"Partners","item":"https:\/\/digiculture.eu\/partners\/"},{"@type":"ListItem","position":3,"name":"University of Graz","item":"https:\/\/digiculture.eu\/partners\/university-of-graz\/"},{"@type":"ListItem","position":4,"name":"Chiara Zuanni"}]},{"@type":"WebSite","@id":"https:\/\/digiculture.eu\/#website","url":"https:\/\/digiculture.eu\/","name":"Digital Culture - Erasmus+ European Project","description":"Improving the Digital Competences and Social Inclusion of Adults in Creative Industries","publisher":{"@id":"https:\/\/digiculture.eu\/#organization"},"potentialAction":[{"@type":"SearchAction","target":{"@type":"EntryPoint","urlTemplate":"https:\/\/digiculture.eu\/?s={search_term_string}"},"query-input":"required name=search_term_string"}],"inLanguage":"ga"},{"@type":"Organization","@id":"https:\/\/digiculture.eu\/#organization","name":"Digiculture","url":"https:\/\/digiculture.eu\/","logo":{"@type":"ImageObject","inLanguage":"ga","@id":"https:\/\/digiculture.eu\/#\/schema\/logo\/image\/","url":"https:\/\/digiculture.eu\/wp-content\/uploads\/2019\/01\/Logo-Digi-Culture.png","contentUrl":"https:\/\/digiculture.eu\/wp-content\/uploads\/2019\/01\/Logo-Digi-Culture.png","width":934,"height":386,"caption":"Digiculture"},"image":{"@id":"https:\/\/digiculture.eu\/#\/schema\/logo\/image\/"},"sameAs":["https:\/\/www.facebook.com\/CultureDigi","https:\/\/twitter.com\/elearning_upt"]}]}},"_links":{"self":[{"href":"https:\/\/digiculture.eu\/ga\/wp-json\/wp\/v2\/pages\/2003"}],"collection":[{"href":"https:\/\/digiculture.eu\/ga\/wp-json\/wp\/v2\/pages"}],"about":[{"href":"https:\/\/digiculture.eu\/ga\/wp-json\/wp\/v2\/types\/page"}],"author":[{"embeddable":true,"href":"https:\/\/digiculture.eu\/ga\/wp-json\/wp\/v2\/users\/5"}],"replies":[{"embeddable":true,"href":"https:\/\/digiculture.eu\/ga\/wp-json\/wp\/v2\/comments?post=2003"}],"version-history":[{"count":2,"href":"https:\/\/digiculture.eu\/ga\/wp-json\/wp\/v2\/pages\/2003\/revisions"}],"predecessor-version":[{"id":2005,"href":"https:\/\/digiculture.eu\/ga\/wp-json\/wp\/v2\/pages\/2003\/revisions\/2005"}],"up":[{"embeddable":true,"href":"https:\/\/digiculture.eu\/ga\/wp-json\/wp\/v2\/pages\/1950"}],"wp:attachment":[{"href":"https:\/\/digiculture.eu\/ga\/wp-json\/wp\/v2\/media?parent=2003"}],"curies":[{"name":"wp","href":"https:\/\/api.w.org\/{rel}","templated":true}]}}