{"id":1995,"date":"2019-02-18T20:06:56","date_gmt":"2019-02-18T18:06:56","guid":{"rendered":"https:\/\/digiculture.eu\/?page_id=1995"},"modified":"2020-05-24T21:59:31","modified_gmt":"2020-05-24T18:59:31","slug":"andrei-jecza","status":"publish","type":"page","link":"https:\/\/digiculture.eu\/ga\/partners\/triade-foundation\/andrei-jecza\/","title":{"rendered":"Andrei Jecza"},"content":{"rendered":"<div data-elementor-type=\"wp-post\" data-elementor-id=\"1995\" class=\"elementor elementor-1995\">\n\t\t\t\t\t\t\t\t\t<section class=\"elementor-section elementor-top-section elementor-element elementor-element-7259ba0e elementor-section-boxed elementor-section-height-default elementor-section-height-default\" data-id=\"7259ba0e\" data-element_type=\"section\">\n\t\t\t\t\t\t<div class=\"elementor-container elementor-column-gap-default\">\n\t\t\t\t\t<div class=\"elementor-column elementor-col-33 elementor-top-column elementor-element elementor-element-1394ee7\" data-id=\"1394ee7\" data-element_type=\"column\">\n\t\t\t<div class=\"elementor-widget-wrap elementor-element-populated\">\n\t\t\t\t\t\t\t\t<div class=\"elementor-element elementor-element-590a183f elementor-widget elementor-widget-image\" data-id=\"590a183f\" data-element_type=\"widget\" data-widget_type=\"image.default\">\n\t\t\t\t<div class=\"elementor-widget-container\">\n\t\t\t\t\t\t\t\t\t\t\t\t\t\t\t<img loading=\"lazy\" decoding=\"async\" width=\"191\" height=\"191\" src=\"https:\/\/digiculture.eu\/wp-content\/uploads\/2020\/05\/Andrei_Jecza.jpg\" class=\"attachment-large size-large wp-image-2436\" alt=\"\" srcset=\"https:\/\/digiculture.eu\/wp-content\/uploads\/2020\/05\/Andrei_Jecza.jpg 191w, https:\/\/digiculture.eu\/wp-content\/uploads\/2020\/05\/Andrei_Jecza-150x150.jpg 150w\" sizes=\"(max-width: 191px) 100vw, 191px\" \/>\t\t\t\t\t\t\t\t\t\t\t\t\t\t\t<\/div>\n\t\t\t\t<\/div>\n\t\t\t\t<div class=\"elementor-element elementor-element-556e99a elementor-shape-rounded elementor-grid-0 e-grid-align-center elementor-widget elementor-widget-social-icons\" data-id=\"556e99a\" data-element_type=\"widget\" data-widget_type=\"social-icons.default\">\n\t\t\t\t<div class=\"elementor-widget-container\">\n\t\t\t\t\t<div class=\"elementor-social-icons-wrapper elementor-grid\">\n\t\t\t\t\t\t\t<span class=\"elementor-grid-item\">\n\t\t\t\t\t<a class=\"elementor-icon elementor-social-icon elementor-social-icon-envelope elementor-repeater-item-63b93f1\" href=\"mailto:jeczagallery@gmail.com\" target=\"_blank\">\n\t\t\t\t\t\t<span class=\"elementor-screen-only\">Envelope<\/span>\n\t\t\t\t\t\t\t\t\t\t\t\t\t<i class=\"fa fa-envelope\"><\/i>\n\t\t\t\t\t\t\t\t\t\t\t<\/a>\n\t\t\t\t<\/span>\n\t\t\t\t\t<\/div>\n\t\t\t\t<\/div>\n\t\t\t\t<\/div>\n\t\t\t\t\t<\/div>\n\t\t<\/div>\n\t\t\t\t<div class=\"elementor-column elementor-col-66 elementor-top-column elementor-element elementor-element-9fc635\" data-id=\"9fc635\" data-element_type=\"column\">\n\t\t\t<div class=\"elementor-widget-wrap elementor-element-populated\">\n\t\t\t\t\t\t\t\t<div class=\"elementor-element elementor-element-36d55e7e elementor-widget elementor-widget-heading\" data-id=\"36d55e7e\" data-element_type=\"widget\" data-widget_type=\"heading.default\">\n\t\t\t\t<div class=\"elementor-widget-container\">\n\t\t\t<h2 class=\"elementor-heading-title elementor-size-default\">Andrei Jecza<\/h2>\t\t<\/div>\n\t\t\t\t<\/div>\n\t\t\t\t<div class=\"elementor-element elementor-element-4bfd0876 elementor-widget elementor-widget-text-editor\" data-id=\"4bfd0876\" data-element_type=\"widget\" data-widget_type=\"text-editor.default\">\n\t\t\t\t<div class=\"elementor-widget-container\">\n\t\t\t\t\t\t\t<p>Rugadh Andrei Petru Jecza, mac leis an dealbh\u00f3ir Peter Jecza isteach i gclann eala\u00edonta. Rinne s\u00e9 staid\u00e9ar i me\u00e1nscoil Ghearm\u00e1nach ina bhaile d\u00fachais sular ghn\u00f3thaigh s\u00e9 dh\u00e1 ch\u00e9im \u00e9ags\u00fala san Fh\u00edseala\u00edn, Fh\u00f3tagrafa\u00edocht agus Stair na M\u00edneala\u00edne ag West University of Timisoara. N\u00edos d\u00e9ana\u00ed, chr\u00edochnaigh s\u00e9 le gradam ina mh\u00e1istreacht i nGn\u00f3 na hEala\u00edne ag Sotheby\u2019s Institute of Art i Londain. Faoi l\u00e1thair, ritheann s\u00e9 a ghaileara\u00ed tr\u00e1cht\u00e1la f\u00e9in agus ceapadh \u00e9 ina sti\u00farth\u00f3ir feidhmi\u00fach\u00e1in ar Mh\u00fasaem Jecza le d\u00e9ana\u00ed. Teasta\u00edonn \u00f3 Andrei Jecza eala\u00edont\u00f3ir\u00ed R\u00f3m\u00e1nacha a bh\u00ed ina gceannr\u00f3daithe sna 1960 agus 70id\u00ed luatha a chur chun cinn chomh maith le heala\u00edont\u00f3ir\u00ed comhaimseartha ar th\u00fas cadhna\u00edochta. D\u2019fhorbair s\u00e9 \u00edomh\u00e1 na n-eala\u00edont\u00f3ir\u00ed a nd\u00e9anann s\u00e9 ionada\u00edocht orthu tr\u00edna naisc idirn\u00e1isi\u00fanta agus comhph\u00e1irt\u00edochta\u00ed, agus d\u2019\u00e9irigh leis a gcuid saothair a fh\u00e1il i mbaili\u00fach\u00e1in ch\u00e1ili\u00fala cos\u00fail leis an  MUMOK Museum of Contemporary Art in V\u00edn, MOCAK Museum of Contemporary Art in Krakow, Ritter Collection sa Ghear\u00e1in n\u00f3 Tate Modern i Londain.<\/p><p>\u00a0<\/p><p>Chomh maith leis seo, t\u00e1 Andrei Jecza d\u00edrithe ar The Source Workshop agus epretext; dh\u00e1 chomhlacht \u00e9ags\u00fala leis an aidhm \u201cbring art and design to the people\u201d. D\u2019\u00e9irigh le The Source Workshop, at\u00e1 lonnaithe in Timisoara, bheith mar an ch\u00e9ad teach foilsitheoireachta a dh\u00e9anann eala\u00edn thraidisi\u00fanta a fhoilsi\u00fa sa R\u00f3m\u00e1in. Oibr\u00edonn The Source Workshop i gcomhar le heala\u00edont\u00f3ir\u00ed R\u00f3m\u00e1nacha m\u00f3ra le r\u00e1 cos\u00fail le Marius Bercea, Serban Savu, Mi Kafchin, Gili Mocanu, Constantin Flondor agus daoine eile ar mhaithe lena gcuid eala\u00edn a dh\u00e9anamh n\u00edos inacmhainne do dhaoine R\u00f3m\u00e1nacha le d\u00fail acu san eala\u00edn.<\/p><p>\u00a0<\/p><p>D\u00edr\u00edonn s\u00e9 ar Ghaileara\u00ed Jecza den chuid is m\u00f3 agus t\u00e1 s\u00e9 d\u2019aidhm aige \u00e9 a dh\u00e9anamh mar an pr\u00edomhmh\u00fasaem don eala\u00edn chomhaimseartha in Iarthar na R\u00f3m\u00e1ine. Is comhph\u00e1irt\u00ed \u00e9 Gaileara\u00ed Jecza le Art Encounters Biennale, an m\u00fasaem eala\u00edne biennale is rath\u00fala agus leis an l\u00edon is m\u00f3 cuairteoir\u00ed sa R\u00f3m\u00e1in. An aidhm fhadtr\u00e9imhseach at\u00e1 ag Andrei Jecza n\u00e1 eala\u00edn chomhaimseartha R\u00f3m\u00e1nach a chur chun cinn go hidirn\u00e1isi\u00fanta.<\/p>\t\t\t\t\t\t<\/div>\n\t\t\t\t<\/div>\n\t\t\t\t\t<\/div>\n\t\t<\/div>\n\t\t\t\t\t\t\t<\/div>\n\t\t<\/section>\n\t\t\t\t\t\t\t<\/div>","protected":false},"excerpt":{"rendered":"<p>Envelope Andrei Jecza Born in an artist family, Andrei Petru Jecza is the son of the sculptor Peter Jecza. He studied at a German high school in his hometown, Nikolaus Lenau, before earning\u00a0two separate degrees in Video Art, Photography and History of Fine Art at the West University of Timisoara.<span class=\"more-link\"><a href=\"https:\/\/digiculture.eu\/ga\/partners\/triade-foundation\/andrei-jecza\/\">Read More &rarr;<\/a><\/span><\/p>","protected":false},"author":5,"featured_media":0,"parent":1957,"menu_order":0,"comment_status":"closed","ping_status":"closed","template":"","meta":{"_mi_skip_tracking":false,"_monsterinsights_sitenote_active":false,"_monsterinsights_sitenote_note":"","_monsterinsights_sitenote_category":0,"footnotes":""},"yoast_head":"<!-- This site is optimized with the Yoast SEO plugin v21.5 - https:\/\/yoast.com\/wordpress\/plugins\/seo\/ -->\n<title>Andrei Jecza - Digital Culture - Erasmus+ European Project<\/title>\n<meta name=\"robots\" content=\"index, follow, max-snippet:-1, max-image-preview:large, max-video-preview:-1\" \/>\n<link rel=\"canonical\" href=\"https:\/\/digiculture.eu\/ga\/partners\/triade-foundation\/andrei-jecza\/\" \/>\n<meta property=\"og:locale\" content=\"en_US\" \/>\n<meta property=\"og:type\" content=\"article\" \/>\n<meta property=\"og:title\" content=\"Andrei Jecza - Digital Culture - Erasmus+ European Project\" \/>\n<meta property=\"og:description\" content=\"Envelope Andrei Jecza Born in an artist family, Andrei Petru Jecza is the son of the sculptor Peter Jecza. He studied at a German high school in his hometown, Nikolaus Lenau, before earning\u00a0two separate degrees in Video Art, Photography and History of Fine Art at the West University of Timisoara.Read More &rarr;\" \/>\n<meta property=\"og:url\" content=\"https:\/\/digiculture.eu\/ga\/partners\/triade-foundation\/andrei-jecza\/\" \/>\n<meta property=\"og:site_name\" content=\"Digital Culture - Erasmus+ European Project\" \/>\n<meta property=\"article:publisher\" content=\"https:\/\/www.facebook.com\/CultureDigi\" \/>\n<meta property=\"article:modified_time\" content=\"2020-05-24T18:59:31+00:00\" \/>\n<meta property=\"og:image\" content=\"https:\/\/digiculture.eu\/wp-content\/uploads\/2020\/05\/Andrei_Jecza.jpg\" \/>\n<meta name=\"twitter:card\" content=\"summary_large_image\" \/>\n<meta name=\"twitter:site\" content=\"@elearning_upt\" \/>\n<meta name=\"twitter:label1\" content=\"Est. reading time\" \/>\n\t<meta name=\"twitter:data1\" content=\"1 minute\" \/>\n<script type=\"application\/ld+json\" class=\"yoast-schema-graph\">{\"@context\":\"https:\/\/schema.org\",\"@graph\":[{\"@type\":\"WebPage\",\"@id\":\"https:\/\/digiculture.eu\/partners\/triade-foundation\/andrei-jecza\/\",\"url\":\"https:\/\/digiculture.eu\/partners\/triade-foundation\/andrei-jecza\/\",\"name\":\"Andrei Jecza - Digital Culture - Erasmus+ European Project\",\"isPartOf\":{\"@id\":\"https:\/\/digiculture.eu\/#website\"},\"datePublished\":\"2019-02-18T18:06:56+00:00\",\"dateModified\":\"2020-05-24T18:59:31+00:00\",\"breadcrumb\":{\"@id\":\"https:\/\/digiculture.eu\/partners\/triade-foundation\/andrei-jecza\/#breadcrumb\"},\"inLanguage\":\"ga\",\"potentialAction\":[{\"@type\":\"ReadAction\",\"target\":[\"https:\/\/digiculture.eu\/partners\/triade-foundation\/andrei-jecza\/\"]}]},{\"@type\":\"BreadcrumbList\",\"@id\":\"https:\/\/digiculture.eu\/partners\/triade-foundation\/andrei-jecza\/#breadcrumb\",\"itemListElement\":[{\"@type\":\"ListItem\",\"position\":1,\"name\":\"Home\",\"item\":\"https:\/\/digiculture.eu\/\"},{\"@type\":\"ListItem\",\"position\":2,\"name\":\"Partners\",\"item\":\"https:\/\/digiculture.eu\/partners\/\"},{\"@type\":\"ListItem\",\"position\":3,\"name\":\"Triade Foundation\",\"item\":\"https:\/\/digiculture.eu\/partners\/triade-foundation\/\"},{\"@type\":\"ListItem\",\"position\":4,\"name\":\"Andrei Jecza\"}]},{\"@type\":\"WebSite\",\"@id\":\"https:\/\/digiculture.eu\/#website\",\"url\":\"https:\/\/digiculture.eu\/\",\"name\":\"Digital Culture - Erasmus+ European Project\",\"description\":\"Improving the Digital Competences and Social Inclusion of Adults in Creative Industries\",\"publisher\":{\"@id\":\"https:\/\/digiculture.eu\/#organization\"},\"potentialAction\":[{\"@type\":\"SearchAction\",\"target\":{\"@type\":\"EntryPoint\",\"urlTemplate\":\"https:\/\/digiculture.eu\/?s={search_term_string}\"},\"query-input\":\"required name=search_term_string\"}],\"inLanguage\":\"ga\"},{\"@type\":\"Organization\",\"@id\":\"https:\/\/digiculture.eu\/#organization\",\"name\":\"Digiculture\",\"url\":\"https:\/\/digiculture.eu\/\",\"logo\":{\"@type\":\"ImageObject\",\"inLanguage\":\"ga\",\"@id\":\"https:\/\/digiculture.eu\/#\/schema\/logo\/image\/\",\"url\":\"https:\/\/digiculture.eu\/wp-content\/uploads\/2019\/01\/Logo-Digi-Culture.png\",\"contentUrl\":\"https:\/\/digiculture.eu\/wp-content\/uploads\/2019\/01\/Logo-Digi-Culture.png\",\"width\":934,\"height\":386,\"caption\":\"Digiculture\"},\"image\":{\"@id\":\"https:\/\/digiculture.eu\/#\/schema\/logo\/image\/\"},\"sameAs\":[\"https:\/\/www.facebook.com\/CultureDigi\",\"https:\/\/twitter.com\/elearning_upt\"]}]}<\/script>\n<!-- \/ Yoast SEO plugin. -->","yoast_head_json":{"title":"Andrei Jecza - Digital Culture - Erasmus+ European Project","robots":{"index":"index","follow":"follow","max-snippet":"max-snippet:-1","max-image-preview":"max-image-preview:large","max-video-preview":"max-video-preview:-1"},"canonical":"https:\/\/digiculture.eu\/ga\/partners\/triade-foundation\/andrei-jecza\/","og_locale":"en_US","og_type":"article","og_title":"Andrei Jecza - Digital Culture - Erasmus+ European Project","og_description":"Envelope Andrei Jecza Born in an artist family, Andrei Petru Jecza is the son of the sculptor Peter Jecza. He studied at a German high school in his hometown, Nikolaus Lenau, before earning\u00a0two separate degrees in Video Art, Photography and History of Fine Art at the West University of Timisoara.Read More &rarr;","og_url":"https:\/\/digiculture.eu\/ga\/partners\/triade-foundation\/andrei-jecza\/","og_site_name":"Digital Culture - Erasmus+ European Project","article_publisher":"https:\/\/www.facebook.com\/CultureDigi","article_modified_time":"2020-05-24T18:59:31+00:00","og_image":[{"url":"https:\/\/digiculture.eu\/wp-content\/uploads\/2020\/05\/Andrei_Jecza.jpg"}],"twitter_card":"summary_large_image","twitter_site":"@elearning_upt","twitter_misc":{"Est. reading time":"1 minute"},"schema":{"@context":"https:\/\/schema.org","@graph":[{"@type":"WebPage","@id":"https:\/\/digiculture.eu\/partners\/triade-foundation\/andrei-jecza\/","url":"https:\/\/digiculture.eu\/partners\/triade-foundation\/andrei-jecza\/","name":"Andrei Jecza - Digital Culture - Erasmus+ European Project","isPartOf":{"@id":"https:\/\/digiculture.eu\/#website"},"datePublished":"2019-02-18T18:06:56+00:00","dateModified":"2020-05-24T18:59:31+00:00","breadcrumb":{"@id":"https:\/\/digiculture.eu\/partners\/triade-foundation\/andrei-jecza\/#breadcrumb"},"inLanguage":"ga","potentialAction":[{"@type":"ReadAction","target":["https:\/\/digiculture.eu\/partners\/triade-foundation\/andrei-jecza\/"]}]},{"@type":"BreadcrumbList","@id":"https:\/\/digiculture.eu\/partners\/triade-foundation\/andrei-jecza\/#breadcrumb","itemListElement":[{"@type":"ListItem","position":1,"name":"Home","item":"https:\/\/digiculture.eu\/"},{"@type":"ListItem","position":2,"name":"Partners","item":"https:\/\/digiculture.eu\/partners\/"},{"@type":"ListItem","position":3,"name":"Triade Foundation","item":"https:\/\/digiculture.eu\/partners\/triade-foundation\/"},{"@type":"ListItem","position":4,"name":"Andrei Jecza"}]},{"@type":"WebSite","@id":"https:\/\/digiculture.eu\/#website","url":"https:\/\/digiculture.eu\/","name":"Digital Culture - Erasmus+ European Project","description":"Improving the Digital Competences and Social Inclusion of Adults in Creative Industries","publisher":{"@id":"https:\/\/digiculture.eu\/#organization"},"potentialAction":[{"@type":"SearchAction","target":{"@type":"EntryPoint","urlTemplate":"https:\/\/digiculture.eu\/?s={search_term_string}"},"query-input":"required name=search_term_string"}],"inLanguage":"ga"},{"@type":"Organization","@id":"https:\/\/digiculture.eu\/#organization","name":"Digiculture","url":"https:\/\/digiculture.eu\/","logo":{"@type":"ImageObject","inLanguage":"ga","@id":"https:\/\/digiculture.eu\/#\/schema\/logo\/image\/","url":"https:\/\/digiculture.eu\/wp-content\/uploads\/2019\/01\/Logo-Digi-Culture.png","contentUrl":"https:\/\/digiculture.eu\/wp-content\/uploads\/2019\/01\/Logo-Digi-Culture.png","width":934,"height":386,"caption":"Digiculture"},"image":{"@id":"https:\/\/digiculture.eu\/#\/schema\/logo\/image\/"},"sameAs":["https:\/\/www.facebook.com\/CultureDigi","https:\/\/twitter.com\/elearning_upt"]}]}},"_links":{"self":[{"href":"https:\/\/digiculture.eu\/ga\/wp-json\/wp\/v2\/pages\/1995"}],"collection":[{"href":"https:\/\/digiculture.eu\/ga\/wp-json\/wp\/v2\/pages"}],"about":[{"href":"https:\/\/digiculture.eu\/ga\/wp-json\/wp\/v2\/types\/page"}],"author":[{"embeddable":true,"href":"https:\/\/digiculture.eu\/ga\/wp-json\/wp\/v2\/users\/5"}],"replies":[{"embeddable":true,"href":"https:\/\/digiculture.eu\/ga\/wp-json\/wp\/v2\/comments?post=1995"}],"version-history":[{"count":7,"href":"https:\/\/digiculture.eu\/ga\/wp-json\/wp\/v2\/pages\/1995\/revisions"}],"predecessor-version":[{"id":2449,"href":"https:\/\/digiculture.eu\/ga\/wp-json\/wp\/v2\/pages\/1995\/revisions\/2449"}],"up":[{"embeddable":true,"href":"https:\/\/digiculture.eu\/ga\/wp-json\/wp\/v2\/pages\/1957"}],"wp:attachment":[{"href":"https:\/\/digiculture.eu\/ga\/wp-json\/wp\/v2\/media?parent=1995"}],"curies":[{"name":"wp","href":"https:\/\/api.w.org\/{rel}","templated":true}]}}