{"id":1990,"date":"2019-02-18T20:04:01","date_gmt":"2019-02-18T18:04:01","guid":{"rendered":"https:\/\/digiculture.eu\/?page_id=1990"},"modified":"2020-05-24T21:54:45","modified_gmt":"2020-05-24T18:54:45","slug":"sorina-jecza","status":"publish","type":"page","link":"https:\/\/digiculture.eu\/ga\/partners\/triade-foundation\/sorina-jecza\/","title":{"rendered":"Sorina Jecza"},"content":{"rendered":"<div data-elementor-type=\"wp-post\" data-elementor-id=\"1990\" class=\"elementor elementor-1990\">\n\t\t\t\t\t\t\t\t\t<section class=\"elementor-section elementor-top-section elementor-element elementor-element-22cf1fb8 elementor-section-boxed elementor-section-height-default elementor-section-height-default\" data-id=\"22cf1fb8\" data-element_type=\"section\">\n\t\t\t\t\t\t<div class=\"elementor-container elementor-column-gap-default\">\n\t\t\t\t\t<div class=\"elementor-column elementor-col-33 elementor-top-column elementor-element elementor-element-99ee3ef\" data-id=\"99ee3ef\" data-element_type=\"column\">\n\t\t\t<div class=\"elementor-widget-wrap elementor-element-populated\">\n\t\t\t\t\t\t\t\t<div class=\"elementor-element elementor-element-2ee52eb8 elementor-widget elementor-widget-image\" data-id=\"2ee52eb8\" data-element_type=\"widget\" data-widget_type=\"image.default\">\n\t\t\t\t<div class=\"elementor-widget-container\">\n\t\t\t\t\t\t\t\t\t\t\t\t\t\t\t<img loading=\"lazy\" decoding=\"async\" width=\"191\" height=\"191\" src=\"https:\/\/digiculture.eu\/wp-content\/uploads\/2020\/05\/Sorina_Jecza-.jpg\" class=\"attachment-large size-large wp-image-2438\" alt=\"\" srcset=\"https:\/\/digiculture.eu\/wp-content\/uploads\/2020\/05\/Sorina_Jecza-.jpg 191w, https:\/\/digiculture.eu\/wp-content\/uploads\/2020\/05\/Sorina_Jecza--150x150.jpg 150w\" sizes=\"(max-width: 191px) 100vw, 191px\" \/>\t\t\t\t\t\t\t\t\t\t\t\t\t\t\t<\/div>\n\t\t\t\t<\/div>\n\t\t\t\t<div class=\"elementor-element elementor-element-2fd2bc62 elementor-shape-rounded elementor-grid-0 e-grid-align-center elementor-widget elementor-widget-social-icons\" data-id=\"2fd2bc62\" data-element_type=\"widget\" data-widget_type=\"social-icons.default\">\n\t\t\t\t<div class=\"elementor-widget-container\">\n\t\t\t\t\t<div class=\"elementor-social-icons-wrapper elementor-grid\">\n\t\t\t\t\t\t\t<span class=\"elementor-grid-item\">\n\t\t\t\t\t<a class=\"elementor-icon elementor-social-icon elementor-social-icon-envelope elementor-repeater-item-63b93f1\" href=\"mailto:fundatia.triade@gmail.com\" target=\"_blank\">\n\t\t\t\t\t\t<span class=\"elementor-screen-only\">Envelope<\/span>\n\t\t\t\t\t\t\t\t\t\t\t\t\t<i class=\"fa fa-envelope\"><\/i>\n\t\t\t\t\t\t\t\t\t\t\t<\/a>\n\t\t\t\t<\/span>\n\t\t\t\t\t<\/div>\n\t\t\t\t<\/div>\n\t\t\t\t<\/div>\n\t\t\t\t\t<\/div>\n\t\t<\/div>\n\t\t\t\t<div class=\"elementor-column elementor-col-66 elementor-top-column elementor-element elementor-element-6d0cdf3c\" data-id=\"6d0cdf3c\" data-element_type=\"column\">\n\t\t\t<div class=\"elementor-widget-wrap elementor-element-populated\">\n\t\t\t\t\t\t\t\t<div class=\"elementor-element elementor-element-3aa4526e elementor-widget elementor-widget-heading\" data-id=\"3aa4526e\" data-element_type=\"widget\" data-widget_type=\"heading.default\">\n\t\t\t\t<div class=\"elementor-widget-container\">\n\t\t\t<h2 class=\"elementor-heading-title elementor-size-default\">Sorina Jecza<\/h2>\t\t<\/div>\n\t\t\t\t<\/div>\n\t\t\t\t<div class=\"elementor-element elementor-element-7ea8c3ae elementor-widget elementor-widget-text-editor\" data-id=\"7ea8c3ae\" data-element_type=\"widget\" data-widget_type=\"text-editor.default\">\n\t\t\t\t<div class=\"elementor-widget-container\">\n\t\t\t\t\t\t\t<p>C\u00e9im\u00ed de chuid na D\u00e1imhe Fileola\u00edochta in Ollscoil Timisoara (1979), Docht\u00fair sna hamharceala\u00edona (\u00f3 2006). L\u00e9ann Eorpach i r\u00e9imse na bainist\u00edochta cult\u00fartha. Taighdeoir eola\u00edochta san Acadamh R\u00f3m\u00e1nach (Romanian Academy), brainse Timisoara (1990-2015). Bh\u00ed s\u00ed ar dhuine de bhunaitheoir\u00ed Triade Foundation, Timisoara, chomh maith le bheith ina sti\u00farth\u00f3ir feidhmi\u00fach\u00e1in (2000-2010) agus uachtar\u00e1n air (2010-2020). Comhbhunaitheoir den Art Encounters Foundation, comheagra\u00ed den Art Encounters Contemporary Art Biennale (2015, 2017, 2019). Ball d\u2019fhoireann ECoC Timisoara 2021 (2012-2015).<\/p><p>\u00a0<\/p><p>T\u00e1 Sorina Jecza bainteach le roinnt tionscadail eala\u00edona. T\u00e1 taith\u00ed \u00e1bhartha aici mar thionscn\u00f3ir agus comhordaitheoir imeachta\u00ed cult\u00fartha cos\u00fail leis an bp\u00e1irc dhealbh\u00f3ireachta in Timisoara, an t\u00e9arnamh a th\u00e1inig ar an ngluaiseacht avant-garde Timisoara agus athch\u00f3iri\u00fa na mbuanna eala\u00edne 1960-89, tr\u00ed thaispe\u00e1ntas agus cl\u00e1r eagarth\u00f3ireachta at\u00e1 tar \u00e9is os cionn 200 albaim, leabhair eala\u00edne agus catal\u00f3ga a fhoilsi\u00fa. T\u00e1 s\u00ed tar \u00e9is n\u00edos m\u00f3 n\u00e1 200 taispe\u00e1ntas a eagr\u00fa idir taispe\u00e1ntas ina l\u00e1thair f\u00e9in n\u00f3 i gcomhar leis na pr\u00edomhmh\u00fasaeim eala\u00edne sa R\u00f3m\u00e1in (Timisoara, Cluj, Craiova, Oradea, MNAC Bucharest, Palatele Br\u00e2ncovene\u0219ti Mogosoaia) n\u00f3 in institi\u00faid\u00ed comhchos\u00fala thar lear cos\u00fail le Passarelle - Centre d\u2019Art Contemporaine Brest, Atelier Grognard \u2013 Rueil Malmaison \/ France, ZKM Karlsruhe, Central Museum of the Danube Swords \u2013 Ulm, Ritter Museum \/ Germany, MUMOK \u2013 Vienna, MAK -Vienna \/ Austria, Museum of Modern Art \u2013 Warsaw \/ Poland, Garage Museum -Moscow \/ Russia, Sao Paolo Museum \/ Brasilia, Novi-Sad \/ Serbia, Fondazione  Gervasuti Venice \/ Italy s.rl.<\/p><p>\u00a0<\/p><p>Taca\u00edonn s\u00ed le cl\u00e1r a chuireann eala\u00edn a leagann b\u00e9im ar ch\u00farsa\u00ed oideachais chun cinn. T\u00e1 r\u00f3l gn\u00edomhach aici in eala\u00edn R\u00f3m\u00e1nach a chur chun cinn thar lear.<\/p><p>\u00a0<\/p><p>D\u2019fhoilsigh s\u00ed saothair l\u00e9irmheast\u00f3ireachta liteartha agus eala\u00edne.<\/p><p>\u00a0<\/p><p>Leanann s\u00ed ar aghaidh ag d\u00edri\u00fa ar oidhreacht an dealbh\u00f3ra, Peter Jecza, tr\u00edd an obair a dh\u00e9antar i M\u00fasaem Jecza a thosaigh s\u00ed lena mac in Timisoara.<\/p>\t\t\t\t\t\t<\/div>\n\t\t\t\t<\/div>\n\t\t\t\t\t<\/div>\n\t\t<\/div>\n\t\t\t\t\t\t\t<\/div>\n\t\t<\/section>\n\t\t\t\t\t\t\t<\/div>","protected":false},"excerpt":{"rendered":"<p>Envelope Sorina Jecza Graduate of the Faculty of Philology of the University of Timisoara (1979), Doctor in visual arts (since 2006). European Studies in the field of cultural management. Scientific researcher at the Romanian Academy, Timi\u015foara Branch (1990-2015). Founding member, executive director (2000-2010) and president of the Triade Foundation, Timisoara<span class=\"more-link\"><a href=\"https:\/\/digiculture.eu\/ga\/partners\/triade-foundation\/sorina-jecza\/\">Read More &rarr;<\/a><\/span><\/p>","protected":false},"author":5,"featured_media":0,"parent":1957,"menu_order":0,"comment_status":"closed","ping_status":"closed","template":"","meta":{"_mi_skip_tracking":false,"_monsterinsights_sitenote_active":false,"_monsterinsights_sitenote_note":"","_monsterinsights_sitenote_category":0,"footnotes":""},"yoast_head":"<!-- This site is optimized with the Yoast SEO plugin v21.5 - https:\/\/yoast.com\/wordpress\/plugins\/seo\/ -->\n<title>Sorina Jecza - Digital Culture - Erasmus+ European Project<\/title>\n<meta name=\"robots\" content=\"index, follow, max-snippet:-1, max-image-preview:large, max-video-preview:-1\" \/>\n<link rel=\"canonical\" href=\"https:\/\/digiculture.eu\/ga\/partners\/triade-foundation\/sorina-jecza\/\" \/>\n<meta property=\"og:locale\" content=\"en_US\" \/>\n<meta property=\"og:type\" content=\"article\" \/>\n<meta property=\"og:title\" content=\"Sorina Jecza - Digital Culture - Erasmus+ European Project\" \/>\n<meta property=\"og:description\" content=\"Envelope Sorina Jecza Graduate of the Faculty of Philology of the University of Timisoara (1979), Doctor in visual arts (since 2006). European Studies in the field of cultural management. Scientific researcher at the Romanian Academy, Timi\u015foara Branch (1990-2015). Founding member, executive director (2000-2010) and president of the Triade Foundation, TimisoaraRead More &rarr;\" \/>\n<meta property=\"og:url\" content=\"https:\/\/digiculture.eu\/ga\/partners\/triade-foundation\/sorina-jecza\/\" \/>\n<meta property=\"og:site_name\" content=\"Digital Culture - Erasmus+ European Project\" \/>\n<meta property=\"article:publisher\" content=\"https:\/\/www.facebook.com\/CultureDigi\" \/>\n<meta property=\"article:modified_time\" content=\"2020-05-24T18:54:45+00:00\" \/>\n<meta property=\"og:image\" content=\"https:\/\/digiculture.eu\/wp-content\/uploads\/2020\/05\/Sorina_Jecza-.jpg\" \/>\n<meta name=\"twitter:card\" content=\"summary_large_image\" \/>\n<meta name=\"twitter:site\" content=\"@elearning_upt\" \/>\n<meta name=\"twitter:label1\" content=\"Est. reading time\" \/>\n\t<meta name=\"twitter:data1\" content=\"1 minute\" \/>\n<script type=\"application\/ld+json\" class=\"yoast-schema-graph\">{\"@context\":\"https:\/\/schema.org\",\"@graph\":[{\"@type\":\"WebPage\",\"@id\":\"https:\/\/digiculture.eu\/partners\/triade-foundation\/sorina-jecza\/\",\"url\":\"https:\/\/digiculture.eu\/partners\/triade-foundation\/sorina-jecza\/\",\"name\":\"Sorina Jecza - Digital Culture - Erasmus+ European Project\",\"isPartOf\":{\"@id\":\"https:\/\/digiculture.eu\/#website\"},\"datePublished\":\"2019-02-18T18:04:01+00:00\",\"dateModified\":\"2020-05-24T18:54:45+00:00\",\"breadcrumb\":{\"@id\":\"https:\/\/digiculture.eu\/partners\/triade-foundation\/sorina-jecza\/#breadcrumb\"},\"inLanguage\":\"ga\",\"potentialAction\":[{\"@type\":\"ReadAction\",\"target\":[\"https:\/\/digiculture.eu\/partners\/triade-foundation\/sorina-jecza\/\"]}]},{\"@type\":\"BreadcrumbList\",\"@id\":\"https:\/\/digiculture.eu\/partners\/triade-foundation\/sorina-jecza\/#breadcrumb\",\"itemListElement\":[{\"@type\":\"ListItem\",\"position\":1,\"name\":\"Home\",\"item\":\"https:\/\/digiculture.eu\/\"},{\"@type\":\"ListItem\",\"position\":2,\"name\":\"Partners\",\"item\":\"https:\/\/digiculture.eu\/partners\/\"},{\"@type\":\"ListItem\",\"position\":3,\"name\":\"Triade Foundation\",\"item\":\"https:\/\/digiculture.eu\/partners\/triade-foundation\/\"},{\"@type\":\"ListItem\",\"position\":4,\"name\":\"Sorina Jecza\"}]},{\"@type\":\"WebSite\",\"@id\":\"https:\/\/digiculture.eu\/#website\",\"url\":\"https:\/\/digiculture.eu\/\",\"name\":\"Digital Culture - Erasmus+ European Project\",\"description\":\"Improving the Digital Competences and Social Inclusion of Adults in Creative Industries\",\"publisher\":{\"@id\":\"https:\/\/digiculture.eu\/#organization\"},\"potentialAction\":[{\"@type\":\"SearchAction\",\"target\":{\"@type\":\"EntryPoint\",\"urlTemplate\":\"https:\/\/digiculture.eu\/?s={search_term_string}\"},\"query-input\":\"required name=search_term_string\"}],\"inLanguage\":\"ga\"},{\"@type\":\"Organization\",\"@id\":\"https:\/\/digiculture.eu\/#organization\",\"name\":\"Digiculture\",\"url\":\"https:\/\/digiculture.eu\/\",\"logo\":{\"@type\":\"ImageObject\",\"inLanguage\":\"ga\",\"@id\":\"https:\/\/digiculture.eu\/#\/schema\/logo\/image\/\",\"url\":\"https:\/\/digiculture.eu\/wp-content\/uploads\/2019\/01\/Logo-Digi-Culture.png\",\"contentUrl\":\"https:\/\/digiculture.eu\/wp-content\/uploads\/2019\/01\/Logo-Digi-Culture.png\",\"width\":934,\"height\":386,\"caption\":\"Digiculture\"},\"image\":{\"@id\":\"https:\/\/digiculture.eu\/#\/schema\/logo\/image\/\"},\"sameAs\":[\"https:\/\/www.facebook.com\/CultureDigi\",\"https:\/\/twitter.com\/elearning_upt\"]}]}<\/script>\n<!-- \/ Yoast SEO plugin. -->","yoast_head_json":{"title":"Sorina Jecza - Digital Culture - Erasmus+ European Project","robots":{"index":"index","follow":"follow","max-snippet":"max-snippet:-1","max-image-preview":"max-image-preview:large","max-video-preview":"max-video-preview:-1"},"canonical":"https:\/\/digiculture.eu\/ga\/partners\/triade-foundation\/sorina-jecza\/","og_locale":"en_US","og_type":"article","og_title":"Sorina Jecza - Digital Culture - Erasmus+ European Project","og_description":"Envelope Sorina Jecza Graduate of the Faculty of Philology of the University of Timisoara (1979), Doctor in visual arts (since 2006). European Studies in the field of cultural management. Scientific researcher at the Romanian Academy, Timi\u015foara Branch (1990-2015). Founding member, executive director (2000-2010) and president of the Triade Foundation, TimisoaraRead More &rarr;","og_url":"https:\/\/digiculture.eu\/ga\/partners\/triade-foundation\/sorina-jecza\/","og_site_name":"Digital Culture - Erasmus+ European Project","article_publisher":"https:\/\/www.facebook.com\/CultureDigi","article_modified_time":"2020-05-24T18:54:45+00:00","og_image":[{"url":"https:\/\/digiculture.eu\/wp-content\/uploads\/2020\/05\/Sorina_Jecza-.jpg"}],"twitter_card":"summary_large_image","twitter_site":"@elearning_upt","twitter_misc":{"Est. reading time":"1 minute"},"schema":{"@context":"https:\/\/schema.org","@graph":[{"@type":"WebPage","@id":"https:\/\/digiculture.eu\/partners\/triade-foundation\/sorina-jecza\/","url":"https:\/\/digiculture.eu\/partners\/triade-foundation\/sorina-jecza\/","name":"Sorina Jecza - Digital Culture - Erasmus+ European Project","isPartOf":{"@id":"https:\/\/digiculture.eu\/#website"},"datePublished":"2019-02-18T18:04:01+00:00","dateModified":"2020-05-24T18:54:45+00:00","breadcrumb":{"@id":"https:\/\/digiculture.eu\/partners\/triade-foundation\/sorina-jecza\/#breadcrumb"},"inLanguage":"ga","potentialAction":[{"@type":"ReadAction","target":["https:\/\/digiculture.eu\/partners\/triade-foundation\/sorina-jecza\/"]}]},{"@type":"BreadcrumbList","@id":"https:\/\/digiculture.eu\/partners\/triade-foundation\/sorina-jecza\/#breadcrumb","itemListElement":[{"@type":"ListItem","position":1,"name":"Home","item":"https:\/\/digiculture.eu\/"},{"@type":"ListItem","position":2,"name":"Partners","item":"https:\/\/digiculture.eu\/partners\/"},{"@type":"ListItem","position":3,"name":"Triade Foundation","item":"https:\/\/digiculture.eu\/partners\/triade-foundation\/"},{"@type":"ListItem","position":4,"name":"Sorina Jecza"}]},{"@type":"WebSite","@id":"https:\/\/digiculture.eu\/#website","url":"https:\/\/digiculture.eu\/","name":"Digital Culture - Erasmus+ European Project","description":"Improving the Digital Competences and Social Inclusion of Adults in Creative Industries","publisher":{"@id":"https:\/\/digiculture.eu\/#organization"},"potentialAction":[{"@type":"SearchAction","target":{"@type":"EntryPoint","urlTemplate":"https:\/\/digiculture.eu\/?s={search_term_string}"},"query-input":"required name=search_term_string"}],"inLanguage":"ga"},{"@type":"Organization","@id":"https:\/\/digiculture.eu\/#organization","name":"Digiculture","url":"https:\/\/digiculture.eu\/","logo":{"@type":"ImageObject","inLanguage":"ga","@id":"https:\/\/digiculture.eu\/#\/schema\/logo\/image\/","url":"https:\/\/digiculture.eu\/wp-content\/uploads\/2019\/01\/Logo-Digi-Culture.png","contentUrl":"https:\/\/digiculture.eu\/wp-content\/uploads\/2019\/01\/Logo-Digi-Culture.png","width":934,"height":386,"caption":"Digiculture"},"image":{"@id":"https:\/\/digiculture.eu\/#\/schema\/logo\/image\/"},"sameAs":["https:\/\/www.facebook.com\/CultureDigi","https:\/\/twitter.com\/elearning_upt"]}]}},"_links":{"self":[{"href":"https:\/\/digiculture.eu\/ga\/wp-json\/wp\/v2\/pages\/1990"}],"collection":[{"href":"https:\/\/digiculture.eu\/ga\/wp-json\/wp\/v2\/pages"}],"about":[{"href":"https:\/\/digiculture.eu\/ga\/wp-json\/wp\/v2\/types\/page"}],"author":[{"embeddable":true,"href":"https:\/\/digiculture.eu\/ga\/wp-json\/wp\/v2\/users\/5"}],"replies":[{"embeddable":true,"href":"https:\/\/digiculture.eu\/ga\/wp-json\/wp\/v2\/comments?post=1990"}],"version-history":[{"count":8,"href":"https:\/\/digiculture.eu\/ga\/wp-json\/wp\/v2\/pages\/1990\/revisions"}],"predecessor-version":[{"id":2444,"href":"https:\/\/digiculture.eu\/ga\/wp-json\/wp\/v2\/pages\/1990\/revisions\/2444"}],"up":[{"embeddable":true,"href":"https:\/\/digiculture.eu\/ga\/wp-json\/wp\/v2\/pages\/1957"}],"wp:attachment":[{"href":"https:\/\/digiculture.eu\/ga\/wp-json\/wp\/v2\/media?parent=1990"}],"curies":[{"name":"wp","href":"https:\/\/api.w.org\/{rel}","templated":true}]}}