{"id":1984,"date":"2019-02-18T20:00:12","date_gmt":"2019-02-18T18:00:12","guid":{"rendered":"https:\/\/digiculture.eu\/?page_id=1984"},"modified":"2019-02-18T20:01:23","modified_gmt":"2019-02-18T18:01:23","slug":"maria-rosaria-re","status":"publish","type":"page","link":"https:\/\/digiculture.eu\/ga\/partners\/university-of-roma-tre\/maria-rosaria-re\/","title":{"rendered":"Maria Rosaria Re"},"content":{"rendered":"<div data-elementor-type=\"wp-post\" data-elementor-id=\"1984\" class=\"elementor elementor-1984 elementor-bc-flex-widget\">\n\t\t\t\t\t\t\t\t\t<section class=\"elementor-section elementor-top-section elementor-element elementor-element-1fe0e3e0 elementor-section-boxed elementor-section-height-default elementor-section-height-default\" data-id=\"1fe0e3e0\" data-element_type=\"section\">\n\t\t\t\t\t\t<div class=\"elementor-container elementor-column-gap-default\">\n\t\t\t\t\t<div class=\"elementor-column elementor-col-33 elementor-top-column elementor-element elementor-element-5aa7081b\" data-id=\"5aa7081b\" data-element_type=\"column\">\n\t\t\t<div class=\"elementor-widget-wrap elementor-element-populated\">\n\t\t\t\t\t\t\t\t<div class=\"elementor-element elementor-element-3fcd5e97 elementor-widget elementor-widget-image\" data-id=\"3fcd5e97\" data-element_type=\"widget\" data-widget_type=\"image.default\">\n\t\t\t\t<div class=\"elementor-widget-container\">\n\t\t\t\t\t\t\t\t\t\t\t\t\t\t\t<img loading=\"lazy\" decoding=\"async\" width=\"471\" height=\"471\" src=\"https:\/\/digiculture.eu\/wp-content\/uploads\/2019\/01\/Maria-Rosaria-Re.jpg\" class=\"attachment-large size-large wp-image-1846\" alt=\"\" srcset=\"https:\/\/digiculture.eu\/wp-content\/uploads\/2019\/01\/Maria-Rosaria-Re.jpg 471w, https:\/\/digiculture.eu\/wp-content\/uploads\/2019\/01\/Maria-Rosaria-Re-150x150.jpg 150w, https:\/\/digiculture.eu\/wp-content\/uploads\/2019\/01\/Maria-Rosaria-Re-300x300.jpg 300w, https:\/\/digiculture.eu\/wp-content\/uploads\/2019\/01\/Maria-Rosaria-Re-465x465.jpg 465w\" sizes=\"(max-width: 471px) 100vw, 471px\" \/>\t\t\t\t\t\t\t\t\t\t\t\t\t\t\t<\/div>\n\t\t\t\t<\/div>\n\t\t\t\t<div class=\"elementor-element elementor-element-4345581e elementor-shape-rounded elementor-grid-0 e-grid-align-center elementor-widget elementor-widget-social-icons\" data-id=\"4345581e\" data-element_type=\"widget\" data-widget_type=\"social-icons.default\">\n\t\t\t\t<div class=\"elementor-widget-container\">\n\t\t\t\t\t<div class=\"elementor-social-icons-wrapper elementor-grid\">\n\t\t\t\t\t\t\t<span class=\"elementor-grid-item\">\n\t\t\t\t\t<a class=\"elementor-icon elementor-social-icon elementor-social-icon-envelope elementor-repeater-item-63b93f1\" href=\"mailto:mariarosaria.re@uniroma3.it\" target=\"_blank\">\n\t\t\t\t\t\t<span class=\"elementor-screen-only\">Envelope<\/span>\n\t\t\t\t\t\t\t\t\t\t\t\t\t<i class=\"fa fa-envelope\"><\/i>\n\t\t\t\t\t\t\t\t\t\t\t<\/a>\n\t\t\t\t<\/span>\n\t\t\t\t\t\t\t<span class=\"elementor-grid-item\">\n\t\t\t\t\t<a class=\"elementor-icon elementor-social-icon elementor-social-icon-twitter elementor-repeater-item-73937ed\" href=\"https:\/\/twitter.com\/MariaRosaria_Re\" target=\"_blank\">\n\t\t\t\t\t\t<span class=\"elementor-screen-only\">Twitter<\/span>\n\t\t\t\t\t\t\t\t\t\t\t\t\t<i class=\"fa fa-twitter\"><\/i>\n\t\t\t\t\t\t\t\t\t\t\t<\/a>\n\t\t\t\t<\/span>\n\t\t\t\t\t\t\t<span class=\"elementor-grid-item\">\n\t\t\t\t\t<a class=\"elementor-icon elementor-social-icon elementor-social-icon-linkedin elementor-repeater-item-613e6ce\" href=\"https:\/\/www.linkedin.com\/in\/maria-rosaria-re-327ab559\/\" target=\"_blank\">\n\t\t\t\t\t\t<span class=\"elementor-screen-only\">Linkedin<\/span>\n\t\t\t\t\t\t\t\t\t\t\t\t\t<i class=\"fa fa-linkedin\"><\/i>\n\t\t\t\t\t\t\t\t\t\t\t<\/a>\n\t\t\t\t<\/span>\n\t\t\t\t\t<\/div>\n\t\t\t\t<\/div>\n\t\t\t\t<\/div>\n\t\t\t\t\t<\/div>\n\t\t<\/div>\n\t\t\t\t<div class=\"elementor-column elementor-col-66 elementor-top-column elementor-element elementor-element-55f68eb0\" data-id=\"55f68eb0\" data-element_type=\"column\">\n\t\t\t<div class=\"elementor-widget-wrap elementor-element-populated\">\n\t\t\t\t\t\t\t\t<div class=\"elementor-element elementor-element-469c760e elementor-widget elementor-widget-heading\" data-id=\"469c760e\" data-element_type=\"widget\" data-widget_type=\"heading.default\">\n\t\t\t\t<div class=\"elementor-widget-container\">\n\t\t\t<h2 class=\"elementor-heading-title elementor-size-default\">Maria Rosaria Re<\/h2>\t\t<\/div>\n\t\t\t\t<\/div>\n\t\t\t\t<div class=\"elementor-element elementor-element-76b9c29d elementor-widget elementor-widget-text-editor\" data-id=\"76b9c29d\" data-element_type=\"widget\" data-widget_type=\"text-editor.default\">\n\t\t\t\t<div class=\"elementor-widget-container\">\n\t\t\t\t\t\t\t<p>Is mac l\u00e9inn PhD \u00ed Maria Rosaria Re i r\u00e9imse an Chult\u00fair, an Oideachais agus na Cumars\u00e1ide in Ollscoil Roma TRE, i gcomhar le hOllscoil Foggia. Roimhe seo ba thaighdeoir sealadach \u00ed sa bhliain acad\u00fail 2015\/2016 sa Roinn Oideachais \u2013 Universit\u00e0 Roma TRE, tr\u00e1th a ndearna s\u00ed taighde ar mh\u00fainteoireacht idirghn\u00edomhach agus ar fhoghlaim ar l\u00edne, agus aird ar leith \u00e1 tabhairt ar \u00fas\u00e1id MOOC (C\u00farsa\u00ed Oscailte Ollmh\u00f3ra Ar L\u00edne) san oideachas m\u00fasaem.  T\u00e1 s\u00ed ag comhoibri\u00fa le Saotharlann an Taighde Thurgnamhaigh agus an Ionaid Staid\u00e9ar M\u00fasaem (Ollscoil Roma Tre) \u00f3 bh\u00ed an bhliain 2013 ann agus t\u00e1 p\u00e1irt glactha aici i dtionscadail taighde n\u00e1isi\u00fanta agus i dTionscadail Eorpacha.<\/p>\t\t\t\t\t\t<\/div>\n\t\t\t\t<\/div>\n\t\t\t\t\t<\/div>\n\t\t<\/div>\n\t\t\t\t\t\t\t<\/div>\n\t\t<\/section>\n\t\t\t\t\t\t\t<\/div>","protected":false},"excerpt":{"rendered":"<p>Envelope Twitter Linkedin Maria Rosaria Re Maria Rosaria Re is a PhD Student in Culture, Education and Communication at the University Roma TRE in collaboration with University of Foggia. She used to be Temporary researcher in the academic year 2015\/2016, Department of Education \u2013 Universit\u00e0 Roma TRE, carrying out research<span class=\"more-link\"><a href=\"https:\/\/digiculture.eu\/ga\/partners\/university-of-roma-tre\/maria-rosaria-re\/\">Read More &rarr;<\/a><\/span><\/p>","protected":false},"author":5,"featured_media":0,"parent":1938,"menu_order":0,"comment_status":"closed","ping_status":"closed","template":"","meta":{"_mi_skip_tracking":false,"_monsterinsights_sitenote_active":false,"_monsterinsights_sitenote_note":"","_monsterinsights_sitenote_category":0,"footnotes":""},"yoast_head":"<!-- This site is optimized with the Yoast SEO plugin v21.5 - https:\/\/yoast.com\/wordpress\/plugins\/seo\/ -->\n<title>Maria Rosaria Re - Digital Culture - Erasmus+ European Project<\/title>\n<meta name=\"robots\" content=\"index, follow, max-snippet:-1, max-image-preview:large, max-video-preview:-1\" \/>\n<link rel=\"canonical\" href=\"https:\/\/digiculture.eu\/ga\/partners\/university-of-roma-tre\/maria-rosaria-re\/\" \/>\n<meta property=\"og:locale\" content=\"en_US\" \/>\n<meta property=\"og:type\" content=\"article\" \/>\n<meta property=\"og:title\" content=\"Maria Rosaria Re - Digital Culture - Erasmus+ European Project\" \/>\n<meta property=\"og:description\" content=\"Envelope Twitter Linkedin Maria Rosaria Re Maria Rosaria Re is a PhD Student in Culture, Education and Communication at the University Roma TRE in collaboration with University of Foggia. She used to be Temporary researcher in the academic year 2015\/2016, Department of Education \u2013 Universit\u00e0 Roma TRE, carrying out researchRead More &rarr;\" \/>\n<meta property=\"og:url\" content=\"https:\/\/digiculture.eu\/ga\/partners\/university-of-roma-tre\/maria-rosaria-re\/\" \/>\n<meta property=\"og:site_name\" content=\"Digital Culture - Erasmus+ European Project\" \/>\n<meta property=\"article:publisher\" content=\"https:\/\/www.facebook.com\/CultureDigi\" \/>\n<meta property=\"article:modified_time\" content=\"2019-02-18T18:01:23+00:00\" \/>\n<meta property=\"og:image\" content=\"https:\/\/digiculture.eu\/wp-content\/uploads\/2019\/01\/Maria-Rosaria-Re.jpg\" \/>\n<meta name=\"twitter:card\" content=\"summary_large_image\" \/>\n<meta name=\"twitter:site\" content=\"@elearning_upt\" \/>\n<script type=\"application\/ld+json\" class=\"yoast-schema-graph\">{\"@context\":\"https:\/\/schema.org\",\"@graph\":[{\"@type\":\"WebPage\",\"@id\":\"https:\/\/digiculture.eu\/partners\/university-of-roma-tre\/maria-rosaria-re\/\",\"url\":\"https:\/\/digiculture.eu\/partners\/university-of-roma-tre\/maria-rosaria-re\/\",\"name\":\"Maria Rosaria Re - Digital Culture - Erasmus+ European Project\",\"isPartOf\":{\"@id\":\"https:\/\/digiculture.eu\/#website\"},\"datePublished\":\"2019-02-18T18:00:12+00:00\",\"dateModified\":\"2019-02-18T18:01:23+00:00\",\"breadcrumb\":{\"@id\":\"https:\/\/digiculture.eu\/partners\/university-of-roma-tre\/maria-rosaria-re\/#breadcrumb\"},\"inLanguage\":\"ga\",\"potentialAction\":[{\"@type\":\"ReadAction\",\"target\":[\"https:\/\/digiculture.eu\/partners\/university-of-roma-tre\/maria-rosaria-re\/\"]}]},{\"@type\":\"BreadcrumbList\",\"@id\":\"https:\/\/digiculture.eu\/partners\/university-of-roma-tre\/maria-rosaria-re\/#breadcrumb\",\"itemListElement\":[{\"@type\":\"ListItem\",\"position\":1,\"name\":\"Home\",\"item\":\"https:\/\/digiculture.eu\/\"},{\"@type\":\"ListItem\",\"position\":2,\"name\":\"Partners\",\"item\":\"https:\/\/digiculture.eu\/partners\/\"},{\"@type\":\"ListItem\",\"position\":3,\"name\":\"University of Roma Tre\",\"item\":\"https:\/\/digiculture.eu\/partners\/university-of-roma-tre\/\"},{\"@type\":\"ListItem\",\"position\":4,\"name\":\"Maria Rosaria Re\"}]},{\"@type\":\"WebSite\",\"@id\":\"https:\/\/digiculture.eu\/#website\",\"url\":\"https:\/\/digiculture.eu\/\",\"name\":\"Digital Culture - Erasmus+ European Project\",\"description\":\"Improving the Digital Competences and Social Inclusion of Adults in Creative Industries\",\"publisher\":{\"@id\":\"https:\/\/digiculture.eu\/#organization\"},\"potentialAction\":[{\"@type\":\"SearchAction\",\"target\":{\"@type\":\"EntryPoint\",\"urlTemplate\":\"https:\/\/digiculture.eu\/?s={search_term_string}\"},\"query-input\":\"required name=search_term_string\"}],\"inLanguage\":\"ga\"},{\"@type\":\"Organization\",\"@id\":\"https:\/\/digiculture.eu\/#organization\",\"name\":\"Digiculture\",\"url\":\"https:\/\/digiculture.eu\/\",\"logo\":{\"@type\":\"ImageObject\",\"inLanguage\":\"ga\",\"@id\":\"https:\/\/digiculture.eu\/#\/schema\/logo\/image\/\",\"url\":\"https:\/\/digiculture.eu\/wp-content\/uploads\/2019\/01\/Logo-Digi-Culture.png\",\"contentUrl\":\"https:\/\/digiculture.eu\/wp-content\/uploads\/2019\/01\/Logo-Digi-Culture.png\",\"width\":934,\"height\":386,\"caption\":\"Digiculture\"},\"image\":{\"@id\":\"https:\/\/digiculture.eu\/#\/schema\/logo\/image\/\"},\"sameAs\":[\"https:\/\/www.facebook.com\/CultureDigi\",\"https:\/\/twitter.com\/elearning_upt\"]}]}<\/script>\n<!-- \/ Yoast SEO plugin. -->","yoast_head_json":{"title":"Maria Rosaria Re - Digital Culture - Erasmus+ European Project","robots":{"index":"index","follow":"follow","max-snippet":"max-snippet:-1","max-image-preview":"max-image-preview:large","max-video-preview":"max-video-preview:-1"},"canonical":"https:\/\/digiculture.eu\/ga\/partners\/university-of-roma-tre\/maria-rosaria-re\/","og_locale":"en_US","og_type":"article","og_title":"Maria Rosaria Re - Digital Culture - Erasmus+ European Project","og_description":"Envelope Twitter Linkedin Maria Rosaria Re Maria Rosaria Re is a PhD Student in Culture, Education and Communication at the University Roma TRE in collaboration with University of Foggia. She used to be Temporary researcher in the academic year 2015\/2016, Department of Education \u2013 Universit\u00e0 Roma TRE, carrying out researchRead More &rarr;","og_url":"https:\/\/digiculture.eu\/ga\/partners\/university-of-roma-tre\/maria-rosaria-re\/","og_site_name":"Digital Culture - Erasmus+ European Project","article_publisher":"https:\/\/www.facebook.com\/CultureDigi","article_modified_time":"2019-02-18T18:01:23+00:00","og_image":[{"url":"https:\/\/digiculture.eu\/wp-content\/uploads\/2019\/01\/Maria-Rosaria-Re.jpg"}],"twitter_card":"summary_large_image","twitter_site":"@elearning_upt","schema":{"@context":"https:\/\/schema.org","@graph":[{"@type":"WebPage","@id":"https:\/\/digiculture.eu\/partners\/university-of-roma-tre\/maria-rosaria-re\/","url":"https:\/\/digiculture.eu\/partners\/university-of-roma-tre\/maria-rosaria-re\/","name":"Maria Rosaria Re - Digital Culture - Erasmus+ European Project","isPartOf":{"@id":"https:\/\/digiculture.eu\/#website"},"datePublished":"2019-02-18T18:00:12+00:00","dateModified":"2019-02-18T18:01:23+00:00","breadcrumb":{"@id":"https:\/\/digiculture.eu\/partners\/university-of-roma-tre\/maria-rosaria-re\/#breadcrumb"},"inLanguage":"ga","potentialAction":[{"@type":"ReadAction","target":["https:\/\/digiculture.eu\/partners\/university-of-roma-tre\/maria-rosaria-re\/"]}]},{"@type":"BreadcrumbList","@id":"https:\/\/digiculture.eu\/partners\/university-of-roma-tre\/maria-rosaria-re\/#breadcrumb","itemListElement":[{"@type":"ListItem","position":1,"name":"Home","item":"https:\/\/digiculture.eu\/"},{"@type":"ListItem","position":2,"name":"Partners","item":"https:\/\/digiculture.eu\/partners\/"},{"@type":"ListItem","position":3,"name":"University of Roma Tre","item":"https:\/\/digiculture.eu\/partners\/university-of-roma-tre\/"},{"@type":"ListItem","position":4,"name":"Maria Rosaria Re"}]},{"@type":"WebSite","@id":"https:\/\/digiculture.eu\/#website","url":"https:\/\/digiculture.eu\/","name":"Digital Culture - Erasmus+ European Project","description":"Improving the Digital Competences and Social Inclusion of Adults in Creative Industries","publisher":{"@id":"https:\/\/digiculture.eu\/#organization"},"potentialAction":[{"@type":"SearchAction","target":{"@type":"EntryPoint","urlTemplate":"https:\/\/digiculture.eu\/?s={search_term_string}"},"query-input":"required name=search_term_string"}],"inLanguage":"ga"},{"@type":"Organization","@id":"https:\/\/digiculture.eu\/#organization","name":"Digiculture","url":"https:\/\/digiculture.eu\/","logo":{"@type":"ImageObject","inLanguage":"ga","@id":"https:\/\/digiculture.eu\/#\/schema\/logo\/image\/","url":"https:\/\/digiculture.eu\/wp-content\/uploads\/2019\/01\/Logo-Digi-Culture.png","contentUrl":"https:\/\/digiculture.eu\/wp-content\/uploads\/2019\/01\/Logo-Digi-Culture.png","width":934,"height":386,"caption":"Digiculture"},"image":{"@id":"https:\/\/digiculture.eu\/#\/schema\/logo\/image\/"},"sameAs":["https:\/\/www.facebook.com\/CultureDigi","https:\/\/twitter.com\/elearning_upt"]}]}},"_links":{"self":[{"href":"https:\/\/digiculture.eu\/ga\/wp-json\/wp\/v2\/pages\/1984"}],"collection":[{"href":"https:\/\/digiculture.eu\/ga\/wp-json\/wp\/v2\/pages"}],"about":[{"href":"https:\/\/digiculture.eu\/ga\/wp-json\/wp\/v2\/types\/page"}],"author":[{"embeddable":true,"href":"https:\/\/digiculture.eu\/ga\/wp-json\/wp\/v2\/users\/5"}],"replies":[{"embeddable":true,"href":"https:\/\/digiculture.eu\/ga\/wp-json\/wp\/v2\/comments?post=1984"}],"version-history":[{"count":2,"href":"https:\/\/digiculture.eu\/ga\/wp-json\/wp\/v2\/pages\/1984\/revisions"}],"predecessor-version":[{"id":1986,"href":"https:\/\/digiculture.eu\/ga\/wp-json\/wp\/v2\/pages\/1984\/revisions\/1986"}],"up":[{"embeddable":true,"href":"https:\/\/digiculture.eu\/ga\/wp-json\/wp\/v2\/pages\/1938"}],"wp:attachment":[{"href":"https:\/\/digiculture.eu\/ga\/wp-json\/wp\/v2\/media?parent=1984"}],"curies":[{"name":"wp","href":"https:\/\/api.w.org\/{rel}","templated":true}]}}