{"id":1965,"date":"2019-02-05T14:49:57","date_gmt":"2019-02-05T12:49:57","guid":{"rendered":"https:\/\/digiculture.eu\/?page_id=1965"},"modified":"2021-04-18T20:58:48","modified_gmt":"2021-04-18T17:58:48","slug":"national-association-of-distance-education","status":"publish","type":"page","link":"https:\/\/digiculture.eu\/ga\/partners\/national-association-of-distance-education\/","title":{"rendered":"An Cumann N\u00e1isi\u00fanta Cianoideachais"},"content":{"rendered":"<div data-elementor-type=\"wp-post\" data-elementor-id=\"1965\" class=\"elementor elementor-1965\">\n\t\t\t\t\t\t\t\t\t<section class=\"elementor-section elementor-top-section elementor-element elementor-element-27731e8d elementor-section-boxed elementor-section-height-default elementor-section-height-default\" data-id=\"27731e8d\" data-element_type=\"section\">\n\t\t\t\t\t\t<div class=\"elementor-container elementor-column-gap-default\">\n\t\t\t\t\t<div class=\"elementor-column elementor-col-33 elementor-top-column elementor-element elementor-element-19f2d9a1\" data-id=\"19f2d9a1\" data-element_type=\"column\">\n\t\t\t<div class=\"elementor-widget-wrap elementor-element-populated\">\n\t\t\t\t\t\t\t\t<div class=\"elementor-element elementor-element-611cbb70 elementor-widget elementor-widget-image\" data-id=\"611cbb70\" data-element_type=\"widget\" data-widget_type=\"image.default\">\n\t\t\t\t<div class=\"elementor-widget-container\">\n\t\t\t\t\t\t\t\t\t\t\t\t\t\t\t<img loading=\"lazy\" decoding=\"async\" width=\"600\" height=\"237\" src=\"https:\/\/digiculture.eu\/wp-content\/uploads\/2019\/01\/NDMA_logo_2018_final.png\" class=\"attachment-large size-large wp-image-1864\" alt=\"\" srcset=\"https:\/\/digiculture.eu\/wp-content\/uploads\/2019\/01\/NDMA_logo_2018_final.png 600w, https:\/\/digiculture.eu\/wp-content\/uploads\/2019\/01\/NDMA_logo_2018_final-300x119.png 300w, https:\/\/digiculture.eu\/wp-content\/uploads\/2019\/01\/NDMA_logo_2018_final-465x184.png 465w\" sizes=\"(max-width: 600px) 100vw, 600px\" \/>\t\t\t\t\t\t\t\t\t\t\t\t\t\t\t<\/div>\n\t\t\t\t<\/div>\n\t\t\t\t<div class=\"elementor-element elementor-element-17d87093 elementor-icon-list--layout-traditional elementor-list-item-link-full_width elementor-widget elementor-widget-icon-list\" data-id=\"17d87093\" data-element_type=\"widget\" data-widget_type=\"icon-list.default\">\n\t\t\t\t<div class=\"elementor-widget-container\">\n\t\t\t\t\t<ul class=\"elementor-icon-list-items\">\n\t\t\t\t\t\t\t<li class=\"elementor-icon-list-item\">\n\t\t\t\t\t\t\t\t\t\t\t<span class=\"elementor-icon-list-icon\">\n\t\t\t\t\t\t\t\t\t\t\t\t\t\t\t\t<i class=\"fa fa-home\" aria-hidden=\"true\"><\/i>\n\t\t\t\t\t\t\t\t\t\t\t\t\t<\/span>\n\t\t\t\t\t\t\t\t\t\t<span class=\"elementor-icon-list-text\">Studentu str. 48a-308, LT-51367 Kaunas, An Liotu\u00e1in<\/span>\n\t\t\t\t\t\t\t\t\t<\/li>\n\t\t\t\t\t\t\t\t<li class=\"elementor-icon-list-item\">\n\t\t\t\t\t\t\t\t\t\t\t<a href=\"https:\/\/ndma.lt\/en\/home\/\">\n\n\t\t\t\t\t\t\t\t\t\t\t\t<span class=\"elementor-icon-list-icon\">\n\t\t\t\t\t\t\t\t\t\t\t\t\t\t\t\t<i class=\"fa fa-wordpress\" aria-hidden=\"true\"><\/i>\n\t\t\t\t\t\t\t\t\t\t\t\t\t<\/span>\n\t\t\t\t\t\t\t\t\t\t<span class=\"elementor-icon-list-text\">ndma.lt\/en\/home\/<\/span>\n\t\t\t\t\t\t\t\t\t\t\t<\/a>\n\t\t\t\t\t\t\t\t\t<\/li>\n\t\t\t\t\t\t<\/ul>\n\t\t\t\t<\/div>\n\t\t\t\t<\/div>\n\t\t\t\t\t<\/div>\n\t\t<\/div>\n\t\t\t\t<div class=\"elementor-column elementor-col-66 elementor-top-column elementor-element elementor-element-448107b1\" data-id=\"448107b1\" data-element_type=\"column\">\n\t\t\t<div class=\"elementor-widget-wrap elementor-element-populated\">\n\t\t\t\t\t\t\t\t<div class=\"elementor-element elementor-element-10280959 elementor-widget elementor-widget-heading\" data-id=\"10280959\" data-element_type=\"widget\" data-widget_type=\"heading.default\">\n\t\t\t\t<div class=\"elementor-widget-container\">\n\t\t\t<h2 class=\"elementor-heading-title elementor-size-default\">An Cumann N\u00e1isi\u00fanta Cianoideachais<\/h2>\t\t<\/div>\n\t\t\t\t<\/div>\n\t\t\t\t<div class=\"elementor-element elementor-element-34d012f5 elementor-widget elementor-widget-text-editor\" data-id=\"34d012f5\" data-element_type=\"widget\" data-widget_type=\"text-editor.default\">\n\t\t\t\t<div class=\"elementor-widget-container\">\n\t\t\t\t\t\t\t<p>Buna\u00edodh an National Association of Distance Education in I\u00fail na bliana 1998. Buna\u00edodh \u00e9 ar mhaithe le bun\u00fa an Information Society of Lithuania a chur chun cinn tr\u00edd an cianoideachas a fhorbairt agus caighde\u00e1n an chianoideachais a fheabhs\u00fa. Is \u00e9 pr\u00edomhaidhm an NADE n\u00e1 chun comhdheiseanna foghlama a chur ar f\u00e1il do shaor\u00e1naigh uilig na Liotu\u00e1ine in ainneoin a n-\u00e1it ch\u00f3naithe. Is ioma\u00ed deis ghn\u00edomha\u00edochta at\u00e1 ann sa Liotu\u00e1in agus t\u00e1 n\u00edos m\u00f3 ag teacht ach n\u00ed f\u00e9idir iad a thap\u00fa gan chabhair \u00f3 na hollscoileanna agus institi\u00faid\u00ed an rialtais. Is g\u00e1 d\u00fainn cumars\u00e1id a dh\u00e9anamh go gn\u00edomhach agus p\u00e1irt a ghlacadh i bpr\u00f3isis chruthaitheacha an DE. Is iad na pr\u00edomhghn\u00edomha\u00edochta\u00ed n\u00e1: 1) faisn\u00e9is a bhaili\u00fa agus a scaipeadh faoi eachtra\u00ed, tionscadail agus modhanna cianoideachais s.rl 2) c\u00farsa\u00ed cianoideachais a eagr\u00fa agus taighde a dh\u00e9anamh in ionaid taca\u00edochta r\u00e9igi\u00fanacha agus in institi\u00faid\u00ed eile. 3) chun c\u00faram a ghlacadh ar an gcianoideachas agus \u00e9 a fheabhs\u00fa chomh maith le seimine\u00e1ir a eagr\u00fa do theagasc\u00f3ir\u00ed agus eagraithe cianoideachais. 4) p\u00e1irt a ghlacadh i bhforbairt agus bainist\u00edocht an ghr\u00e9as\u00e1in fh\u00edschomhdh\u00e1la. 5) chun an sol\u00e1thar agus \u00e9ileamh r\u00e9igi\u00fanach do ch\u00farsa\u00ed i r\u00e9ims\u00ed an r\u00e9amhch\u00e1ili\u00fach\u00e1in, an ghairmoideachais, an oideachais iar-bhunscoile agus an Ard-Oideachais.<\/p><p>\u00a0<\/p>\t\t\t\t\t\t<\/div>\n\t\t\t\t<\/div>\n\t\t\t\t<div class=\"elementor-element elementor-element-2a2025b elementor-button-danger elementor-align-left elementor-widget elementor-widget-button\" data-id=\"2a2025b\" data-element_type=\"widget\" data-widget_type=\"button.default\">\n\t\t\t\t<div class=\"elementor-widget-container\">\n\t\t\t\t\t<div class=\"elementor-button-wrapper\">\n\t\t\t<a class=\"elementor-button elementor-button-link elementor-size-sm\" href=\"https:\/\/digiculture.eu\/ga\/team\/#nade\">\n\t\t\t\t\t\t<span class=\"elementor-button-content-wrapper\">\n\t\t\t\t\t\t<span class=\"elementor-button-text\">Buail leis an bhfoireann tionscadail<\/span>\n\t\t<\/span>\n\t\t\t\t\t<\/a>\n\t\t<\/div>\n\t\t\t\t<\/div>\n\t\t\t\t<\/div>\n\t\t\t\t\t<\/div>\n\t\t<\/div>\n\t\t\t\t\t\t\t<\/div>\n\t\t<\/section>\n\t\t\t\t<section class=\"elementor-section elementor-top-section elementor-element elementor-element-9e90f29 elementor-section-boxed elementor-section-height-default elementor-section-height-default\" data-id=\"9e90f29\" data-element_type=\"section\">\n\t\t\t\t\t\t<div class=\"elementor-container elementor-column-gap-default\">\n\t\t\t\t\t<div class=\"elementor-column elementor-col-100 elementor-top-column elementor-element elementor-element-5748f2d\" data-id=\"5748f2d\" data-element_type=\"column\">\n\t\t\t<div class=\"elementor-widget-wrap\">\n\t\t\t\t\t\t\t\t\t<\/div>\n\t\t<\/div>\n\t\t\t\t\t\t\t<\/div>\n\t\t<\/section>\n\t\t\t\t\t\t\t<\/div>","protected":false},"excerpt":{"rendered":"<p>Studentu str. 48a-308, LT-51367 Kaunas, Lithuania ndma.lt\/en\/home\/ National Association of Distance Education National Association of Distance Education (NADE) was established in July 1998. It was established with a purpose to promote the creation of the Information Society of Lithuania by developing distance education (DE) and improving its quality. The major<span class=\"more-link\"><a href=\"https:\/\/digiculture.eu\/ga\/partners\/national-association-of-distance-education\/\">Read More &rarr;<\/a><\/span><\/p>","protected":false},"author":5,"featured_media":0,"parent":2117,"menu_order":0,"comment_status":"closed","ping_status":"closed","template":"","meta":{"_mi_skip_tracking":false,"_monsterinsights_sitenote_active":false,"_monsterinsights_sitenote_note":"","_monsterinsights_sitenote_category":0,"footnotes":""},"yoast_head":"<!-- This site is optimized with the Yoast SEO plugin v21.5 - https:\/\/yoast.com\/wordpress\/plugins\/seo\/ -->\n<title>National Association of Distance Education - Digital Culture - Erasmus+ European Project<\/title>\n<meta name=\"robots\" content=\"index, follow, max-snippet:-1, max-image-preview:large, max-video-preview:-1\" \/>\n<link rel=\"canonical\" href=\"https:\/\/digiculture.eu\/ga\/partners\/national-association-of-distance-education\/\" \/>\n<meta property=\"og:locale\" content=\"en_US\" \/>\n<meta property=\"og:type\" content=\"article\" \/>\n<meta property=\"og:title\" content=\"National Association of Distance Education - Digital Culture - Erasmus+ European Project\" \/>\n<meta property=\"og:description\" content=\"Studentu str. 48a-308, LT-51367 Kaunas, Lithuania ndma.lt\/en\/home\/ National Association of Distance Education National Association of Distance Education (NADE) was established in July 1998. It was established with a purpose to promote the creation of the Information Society of Lithuania by developing distance education (DE) and improving its quality. The majorRead More &rarr;\" \/>\n<meta property=\"og:url\" content=\"https:\/\/digiculture.eu\/ga\/partners\/national-association-of-distance-education\/\" \/>\n<meta property=\"og:site_name\" content=\"Digital Culture - Erasmus+ European Project\" \/>\n<meta property=\"article:publisher\" content=\"https:\/\/www.facebook.com\/CultureDigi\" \/>\n<meta property=\"article:modified_time\" content=\"2021-04-18T17:58:48+00:00\" \/>\n<meta property=\"og:image\" content=\"https:\/\/digiculture.eu\/wp-content\/uploads\/2019\/01\/NDMA_logo_2018_final.png\" \/>\n<meta name=\"twitter:card\" content=\"summary_large_image\" \/>\n<meta name=\"twitter:site\" content=\"@elearning_upt\" \/>\n<meta name=\"twitter:label1\" content=\"Est. reading time\" \/>\n\t<meta name=\"twitter:data1\" content=\"1 minute\" \/>\n<script type=\"application\/ld+json\" class=\"yoast-schema-graph\">{\"@context\":\"https:\/\/schema.org\",\"@graph\":[{\"@type\":\"WebPage\",\"@id\":\"https:\/\/digiculture.eu\/partners\/national-association-of-distance-education\/\",\"url\":\"https:\/\/digiculture.eu\/partners\/national-association-of-distance-education\/\",\"name\":\"National Association of Distance Education - Digital Culture - Erasmus+ European Project\",\"isPartOf\":{\"@id\":\"https:\/\/digiculture.eu\/#website\"},\"datePublished\":\"2019-02-05T12:49:57+00:00\",\"dateModified\":\"2021-04-18T17:58:48+00:00\",\"breadcrumb\":{\"@id\":\"https:\/\/digiculture.eu\/partners\/national-association-of-distance-education\/#breadcrumb\"},\"inLanguage\":\"ga\",\"potentialAction\":[{\"@type\":\"ReadAction\",\"target\":[\"https:\/\/digiculture.eu\/partners\/national-association-of-distance-education\/\"]}]},{\"@type\":\"BreadcrumbList\",\"@id\":\"https:\/\/digiculture.eu\/partners\/national-association-of-distance-education\/#breadcrumb\",\"itemListElement\":[{\"@type\":\"ListItem\",\"position\":1,\"name\":\"Home\",\"item\":\"https:\/\/digiculture.eu\/\"},{\"@type\":\"ListItem\",\"position\":2,\"name\":\"Partners\",\"item\":\"https:\/\/digiculture.eu\/partners\/\"},{\"@type\":\"ListItem\",\"position\":3,\"name\":\"National Association of Distance Education\"}]},{\"@type\":\"WebSite\",\"@id\":\"https:\/\/digiculture.eu\/#website\",\"url\":\"https:\/\/digiculture.eu\/\",\"name\":\"Digital Culture - Erasmus+ European Project\",\"description\":\"Improving the Digital Competences and Social Inclusion of Adults in Creative Industries\",\"publisher\":{\"@id\":\"https:\/\/digiculture.eu\/#organization\"},\"potentialAction\":[{\"@type\":\"SearchAction\",\"target\":{\"@type\":\"EntryPoint\",\"urlTemplate\":\"https:\/\/digiculture.eu\/?s={search_term_string}\"},\"query-input\":\"required name=search_term_string\"}],\"inLanguage\":\"ga\"},{\"@type\":\"Organization\",\"@id\":\"https:\/\/digiculture.eu\/#organization\",\"name\":\"Digiculture\",\"url\":\"https:\/\/digiculture.eu\/\",\"logo\":{\"@type\":\"ImageObject\",\"inLanguage\":\"ga\",\"@id\":\"https:\/\/digiculture.eu\/#\/schema\/logo\/image\/\",\"url\":\"https:\/\/digiculture.eu\/wp-content\/uploads\/2019\/01\/Logo-Digi-Culture.png\",\"contentUrl\":\"https:\/\/digiculture.eu\/wp-content\/uploads\/2019\/01\/Logo-Digi-Culture.png\",\"width\":934,\"height\":386,\"caption\":\"Digiculture\"},\"image\":{\"@id\":\"https:\/\/digiculture.eu\/#\/schema\/logo\/image\/\"},\"sameAs\":[\"https:\/\/www.facebook.com\/CultureDigi\",\"https:\/\/twitter.com\/elearning_upt\"]}]}<\/script>\n<!-- \/ Yoast SEO plugin. -->","yoast_head_json":{"title":"National Association of Distance Education - Digital Culture - Erasmus+ European Project","robots":{"index":"index","follow":"follow","max-snippet":"max-snippet:-1","max-image-preview":"max-image-preview:large","max-video-preview":"max-video-preview:-1"},"canonical":"https:\/\/digiculture.eu\/ga\/partners\/national-association-of-distance-education\/","og_locale":"en_US","og_type":"article","og_title":"National Association of Distance Education - Digital Culture - Erasmus+ European Project","og_description":"Studentu str. 48a-308, LT-51367 Kaunas, Lithuania ndma.lt\/en\/home\/ National Association of Distance Education National Association of Distance Education (NADE) was established in July 1998. It was established with a purpose to promote the creation of the Information Society of Lithuania by developing distance education (DE) and improving its quality. The majorRead More &rarr;","og_url":"https:\/\/digiculture.eu\/ga\/partners\/national-association-of-distance-education\/","og_site_name":"Digital Culture - Erasmus+ European Project","article_publisher":"https:\/\/www.facebook.com\/CultureDigi","article_modified_time":"2021-04-18T17:58:48+00:00","og_image":[{"url":"https:\/\/digiculture.eu\/wp-content\/uploads\/2019\/01\/NDMA_logo_2018_final.png"}],"twitter_card":"summary_large_image","twitter_site":"@elearning_upt","twitter_misc":{"Est. reading time":"1 minute"},"schema":{"@context":"https:\/\/schema.org","@graph":[{"@type":"WebPage","@id":"https:\/\/digiculture.eu\/partners\/national-association-of-distance-education\/","url":"https:\/\/digiculture.eu\/partners\/national-association-of-distance-education\/","name":"National Association of Distance Education - Digital Culture - Erasmus+ European Project","isPartOf":{"@id":"https:\/\/digiculture.eu\/#website"},"datePublished":"2019-02-05T12:49:57+00:00","dateModified":"2021-04-18T17:58:48+00:00","breadcrumb":{"@id":"https:\/\/digiculture.eu\/partners\/national-association-of-distance-education\/#breadcrumb"},"inLanguage":"ga","potentialAction":[{"@type":"ReadAction","target":["https:\/\/digiculture.eu\/partners\/national-association-of-distance-education\/"]}]},{"@type":"BreadcrumbList","@id":"https:\/\/digiculture.eu\/partners\/national-association-of-distance-education\/#breadcrumb","itemListElement":[{"@type":"ListItem","position":1,"name":"Home","item":"https:\/\/digiculture.eu\/"},{"@type":"ListItem","position":2,"name":"Partners","item":"https:\/\/digiculture.eu\/partners\/"},{"@type":"ListItem","position":3,"name":"National Association of Distance Education"}]},{"@type":"WebSite","@id":"https:\/\/digiculture.eu\/#website","url":"https:\/\/digiculture.eu\/","name":"Digital Culture - Erasmus+ European Project","description":"Improving the Digital Competences and Social Inclusion of Adults in Creative Industries","publisher":{"@id":"https:\/\/digiculture.eu\/#organization"},"potentialAction":[{"@type":"SearchAction","target":{"@type":"EntryPoint","urlTemplate":"https:\/\/digiculture.eu\/?s={search_term_string}"},"query-input":"required name=search_term_string"}],"inLanguage":"ga"},{"@type":"Organization","@id":"https:\/\/digiculture.eu\/#organization","name":"Digiculture","url":"https:\/\/digiculture.eu\/","logo":{"@type":"ImageObject","inLanguage":"ga","@id":"https:\/\/digiculture.eu\/#\/schema\/logo\/image\/","url":"https:\/\/digiculture.eu\/wp-content\/uploads\/2019\/01\/Logo-Digi-Culture.png","contentUrl":"https:\/\/digiculture.eu\/wp-content\/uploads\/2019\/01\/Logo-Digi-Culture.png","width":934,"height":386,"caption":"Digiculture"},"image":{"@id":"https:\/\/digiculture.eu\/#\/schema\/logo\/image\/"},"sameAs":["https:\/\/www.facebook.com\/CultureDigi","https:\/\/twitter.com\/elearning_upt"]}]}},"_links":{"self":[{"href":"https:\/\/digiculture.eu\/ga\/wp-json\/wp\/v2\/pages\/1965"}],"collection":[{"href":"https:\/\/digiculture.eu\/ga\/wp-json\/wp\/v2\/pages"}],"about":[{"href":"https:\/\/digiculture.eu\/ga\/wp-json\/wp\/v2\/types\/page"}],"author":[{"embeddable":true,"href":"https:\/\/digiculture.eu\/ga\/wp-json\/wp\/v2\/users\/5"}],"replies":[{"embeddable":true,"href":"https:\/\/digiculture.eu\/ga\/wp-json\/wp\/v2\/comments?post=1965"}],"version-history":[{"count":10,"href":"https:\/\/digiculture.eu\/ga\/wp-json\/wp\/v2\/pages\/1965\/revisions"}],"predecessor-version":[{"id":3563,"href":"https:\/\/digiculture.eu\/ga\/wp-json\/wp\/v2\/pages\/1965\/revisions\/3563"}],"up":[{"embeddable":true,"href":"https:\/\/digiculture.eu\/ga\/wp-json\/wp\/v2\/pages\/2117"}],"wp:attachment":[{"href":"https:\/\/digiculture.eu\/ga\/wp-json\/wp\/v2\/media?parent=1965"}],"curies":[{"name":"wp","href":"https:\/\/api.w.org\/{rel}","templated":true}]}}