{"id":1957,"date":"2019-02-05T14:45:12","date_gmt":"2019-02-05T12:45:12","guid":{"rendered":"https:\/\/digiculture.eu\/?page_id=1957"},"modified":"2021-04-18T20:58:14","modified_gmt":"2021-04-18T17:58:14","slug":"triade-foundation","status":"publish","type":"page","link":"https:\/\/digiculture.eu\/ga\/partners\/triade-foundation\/","title":{"rendered":"Triade Foundation"},"content":{"rendered":"<div data-elementor-type=\"wp-post\" data-elementor-id=\"1957\" class=\"elementor elementor-1957\">\n\t\t\t\t\t\t\t\t\t<section class=\"elementor-section elementor-top-section elementor-element elementor-element-7268bf98 elementor-section-boxed elementor-section-height-default elementor-section-height-default\" data-id=\"7268bf98\" data-element_type=\"section\">\n\t\t\t\t\t\t<div class=\"elementor-container elementor-column-gap-default\">\n\t\t\t\t\t<div class=\"elementor-column elementor-col-33 elementor-top-column elementor-element elementor-element-2f0750d4\" data-id=\"2f0750d4\" data-element_type=\"column\">\n\t\t\t<div class=\"elementor-widget-wrap elementor-element-populated\">\n\t\t\t\t\t\t\t\t<div class=\"elementor-element elementor-element-2c3512fa elementor-widget elementor-widget-image\" data-id=\"2c3512fa\" data-element_type=\"widget\" data-widget_type=\"image.default\">\n\t\t\t\t<div class=\"elementor-widget-container\">\n\t\t\t\t\t\t\t\t\t\t\t\t\t\t\t<img loading=\"lazy\" decoding=\"async\" width=\"1024\" height=\"359\" src=\"https:\/\/digiculture.eu\/wp-content\/uploads\/2020\/05\/logo_triade-1024x359.png\" class=\"attachment-large size-large wp-image-2422\" alt=\"\" srcset=\"https:\/\/digiculture.eu\/wp-content\/uploads\/2020\/05\/logo_triade-1024x359.png 1024w, https:\/\/digiculture.eu\/wp-content\/uploads\/2020\/05\/logo_triade-300x105.png 300w, https:\/\/digiculture.eu\/wp-content\/uploads\/2020\/05\/logo_triade-768x269.png 768w, https:\/\/digiculture.eu\/wp-content\/uploads\/2020\/05\/logo_triade-465x163.png 465w, https:\/\/digiculture.eu\/wp-content\/uploads\/2020\/05\/logo_triade-695x244.png 695w\" sizes=\"(max-width: 1024px) 100vw, 1024px\" \/>\t\t\t\t\t\t\t\t\t\t\t\t\t\t\t<\/div>\n\t\t\t\t<\/div>\n\t\t\t\t<div class=\"elementor-element elementor-element-452cc47f elementor-icon-list--layout-traditional elementor-list-item-link-full_width elementor-widget elementor-widget-icon-list\" data-id=\"452cc47f\" data-element_type=\"widget\" data-widget_type=\"icon-list.default\">\n\t\t\t\t<div class=\"elementor-widget-container\">\n\t\t\t\t\t<ul class=\"elementor-icon-list-items\">\n\t\t\t\t\t\t\t<li class=\"elementor-icon-list-item\">\n\t\t\t\t\t\t\t\t\t\t\t<span class=\"elementor-icon-list-icon\">\n\t\t\t\t\t\t\t\t\t\t\t\t\t\t\t\t<i class=\"fa fa-home\" aria-hidden=\"true\"><\/i>\n\t\t\t\t\t\t\t\t\t\t\t\t\t<\/span>\n\t\t\t\t\t\t\t\t\t\t<span class=\"elementor-icon-list-text\">Str. Peter Jecza nr. 3, Timisoara, An R\u00f3m\u00e1in<\/span>\n\t\t\t\t\t\t\t\t\t<\/li>\n\t\t\t\t\t\t\t\t<li class=\"elementor-icon-list-item\">\n\t\t\t\t\t\t\t\t\t\t\t<a href=\"https:\/\/triade.ro\/\">\n\n\t\t\t\t\t\t\t\t\t\t\t\t<span class=\"elementor-icon-list-icon\">\n\t\t\t\t\t\t\t\t\t\t\t\t\t\t\t\t<i class=\"fa fa-wordpress\" aria-hidden=\"true\"><\/i>\n\t\t\t\t\t\t\t\t\t\t\t\t\t<\/span>\n\t\t\t\t\t\t\t\t\t\t<span class=\"elementor-icon-list-text\">www.triade.ro<\/span>\n\t\t\t\t\t\t\t\t\t\t\t<\/a>\n\t\t\t\t\t\t\t\t\t<\/li>\n\t\t\t\t\t\t<\/ul>\n\t\t\t\t<\/div>\n\t\t\t\t<\/div>\n\t\t\t\t\t<\/div>\n\t\t<\/div>\n\t\t\t\t<div class=\"elementor-column elementor-col-66 elementor-top-column elementor-element elementor-element-58b726dd\" data-id=\"58b726dd\" data-element_type=\"column\">\n\t\t\t<div class=\"elementor-widget-wrap elementor-element-populated\">\n\t\t\t\t\t\t\t\t<div class=\"elementor-element elementor-element-65eaac1e elementor-widget elementor-widget-heading\" data-id=\"65eaac1e\" data-element_type=\"widget\" data-widget_type=\"heading.default\">\n\t\t\t\t<div class=\"elementor-widget-container\">\n\t\t\t<h2 class=\"elementor-heading-title elementor-size-default\">Triade Foundation<\/h2>\t\t<\/div>\n\t\t\t\t<\/div>\n\t\t\t\t<div class=\"elementor-element elementor-element-26781237 elementor-widget elementor-widget-text-editor\" data-id=\"26781237\" data-element_type=\"widget\" data-widget_type=\"text-editor.default\">\n\t\t\t\t<div class=\"elementor-widget-container\">\n\t\t\t\t\t\t\t<p>Aidhm chult\u00fartha, eala\u00edonta at\u00e1 ag an Interart Foundation TRIADE ar mhaithe leis na luachanna cult\u00fartha agus an t-eolas at\u00e1 l\u00e9irithe i r\u00e9imse na heala\u00edona a chur chun cinn chomh maith le staid\u00e9ar a dh\u00e9anamh ar na foirmeacha difri\u00fala de l\u00e9iri\u00fa eala\u00edonta agus ar ch\u00farsa\u00ed idirchumars\u00e1ide. Is sc\u00e1thinstiti\u00faid \u00ed a chl\u00fada\u00edonn r\u00e9imse an-leathan de luachanna cult\u00fartha agus eala\u00edonta.<\/p><p>\u00a0<\/p><p>T\u00e1 an Triade Interart Foundation i l\u00e1thair ar ard\u00e1n cult\u00fartha Timisoara \u00f3n mbliain 2000. Ba \u00e9 an dealbh\u00f3ir t\u00e1bhachtach, Peter Jecza, a bhunaigh \u00e9. F\u00e1gadh oidhreacht an dealbh\u00f3ra leis an eagra\u00edocht agus d\u00e9anann an eagra\u00edocht bainisti\u00fa ar n\u00edos m\u00f3 n\u00e1 1000 dealbh a chuirtear chun cinn tr\u00ed thaispe\u00e1ntais, albaim, catal\u00f3ga agus taighde. Tugadh st\u00e1das m\u00fasaeim (M\u00fasaem Peter Jecza) ar an mbaili\u00fach\u00e1n \u00f3 2017 ar aghaidh.<\/p><p>\u00a0<\/p><p><strong>Aidhmeanna: <\/strong>bheith eolach ar luachanna cult\u00fartha, staid\u00e9ar a dh\u00e9anamh ar luachanna cult\u00fartha, luachanna cult\u00fartha a chur chun cinn, eala\u00edn a bhainisti\u00fa tr\u00ed mhe\u00e1n an oideachais, pobal a chruth\u00fa agus c\u00farsa\u00ed idirchumars\u00e1ide s\u00f3isialta a fheabhs\u00fa.<\/p><p>\u00a0<\/p><p><strong>Taith\u00ed \u00e1bhartha: <\/strong>An ph\u00e1irc phoibl\u00ed dealbh\u00f3ireachta Triade agus aisghabh\u00e1il na luachanna cult\u00fartha 1960-1989 tr\u00ed chl\u00e1r\/feachtas foilsitheoireachta agus feachtas taispe\u00e1ntais (le n\u00edos m\u00f3 n\u00e1 200 leabhar eala\u00edne agus 200 taispe\u00e1ntas). Cl\u00e1r a fhorbairt a chuireann eala\u00edn nua chun cinn. R\u00f3l gn\u00edomhach maidir le heala\u00edn na R\u00f3m\u00e1ine a chur chun cinn thar lear. Comheagra\u00ed den Art Encounters Biennial. T\u00e1 roinn ag an eagra\u00edocht a dh\u00e9ile\u00e1lann le t\u00e1irgeadh eala\u00edne.<\/p><p>\u00a0<\/p><p>Spreagann an cl\u00e1r c\u00f3naitheachta eala\u00edne tionscadail taighde agus coime\u00e1da\u00edochta.<\/p><p>\u00a0<\/p><p>D\u2019oscail an eagra\u00edocht an Jecza Contemporary Art Gallery sa bhliain 2011. Cuireann s\u00e9 seo eala\u00edn chun cinn tr\u00ed ph\u00e1irt a ghlacadh in aonta\u00ed agus in eachtra\u00ed idirn\u00e1isi\u00fanta (Vienna Contemporary, Art Brussel, Basel (??), New York, Koln Art Fair, Paris Photo).<\/p><p>\u00a0<\/p><p>T\u00e1 Triade Publishing House tar \u00e9is eagarth\u00f3ireacht agus priont\u00e1il a dh\u00e9anamh ar n\u00edos m\u00f3 n\u00e1 200 teideal eala\u00edne (an baili\u00fach\u00e1n \u201cCultural Management\u201d ina measc).<\/p><p>\u00a0<\/p><p>T\u00e1irgeann agus d\u00e1ileann The Source Workshop, a buna\u00edodh sa bhliain 2013 eala\u00edn i ngrafaic\u00ed eagr\u00e1n teoranta.<\/p><p>\u00a0<\/p><p>Is \u00e9 ePretext an leathn\u00fa deireanach d\u00e1r gcuid imn\u00ed. Is ard\u00e1n \u00e9 seo do thaispe\u00e1ntais dearaidh le haghaidh dearth\u00f3ir\u00ed, ailtir\u00ed agus eala\u00edont\u00f3ir\u00ed.<\/p><p>\u00a0<\/p><p><strong>Deontais: <\/strong>National Administration of the Cultural Found, Romanian Cultural Institute, Ministry of Culture, Timi\u0219oara City Hall etc.<strong> Comhph\u00e1irt\u00edochta\u00ed:<\/strong> Art Museums of Timi\u0219oara, Craiova, Cluj \/ Romania, Rueil Malmaison \/ France, Budapest\/Hungary, Vienna\/Austria, Venice \/Italy, Berlin \/Germany, New York \/USA etc.<\/p>\t\t\t\t\t\t<\/div>\n\t\t\t\t<\/div>\n\t\t\t\t<div class=\"elementor-element elementor-element-30cd162 elementor-button-danger elementor-align-left elementor-widget elementor-widget-button\" data-id=\"30cd162\" data-element_type=\"widget\" data-widget_type=\"button.default\">\n\t\t\t\t<div class=\"elementor-widget-container\">\n\t\t\t\t\t<div class=\"elementor-button-wrapper\">\n\t\t\t<a class=\"elementor-button elementor-button-link elementor-size-sm\" href=\"https:\/\/digiculture.eu\/ga\/team\/#triade\">\n\t\t\t\t\t\t<span class=\"elementor-button-content-wrapper\">\n\t\t\t\t\t\t<span class=\"elementor-button-text\">Buail leis an bhfoireann tionscadail<\/span>\n\t\t<\/span>\n\t\t\t\t\t<\/a>\n\t\t<\/div>\n\t\t\t\t<\/div>\n\t\t\t\t<\/div>\n\t\t\t\t\t<\/div>\n\t\t<\/div>\n\t\t\t\t\t\t\t<\/div>\n\t\t<\/section>\n\t\t\t\t<section class=\"elementor-section elementor-top-section elementor-element elementor-element-429c1f2 elementor-section-boxed elementor-section-height-default elementor-section-height-default\" data-id=\"429c1f2\" data-element_type=\"section\">\n\t\t\t\t\t\t<div class=\"elementor-container elementor-column-gap-default\">\n\t\t\t\t\t<div class=\"elementor-column elementor-col-100 elementor-top-column elementor-element elementor-element-571e232\" data-id=\"571e232\" data-element_type=\"column\">\n\t\t\t<div class=\"elementor-widget-wrap\">\n\t\t\t\t\t\t\t\t\t<\/div>\n\t\t<\/div>\n\t\t\t\t\t\t\t<\/div>\n\t\t<\/section>\n\t\t\t\t\t\t\t<\/div>","protected":false},"excerpt":{"rendered":"<p>Str. Peter Jecza nr. 3, Timisoara, Romania www.triade.ro Triade Foundation The aim of the Interart Foundation TRIADE is a cultural-artistic and educational one, in order to promote, knowledge and study the cultural values \u200b\u200bmanifested in the field of arts, the mediation between different forms of artistic expression and the improvement<span class=\"more-link\"><a href=\"https:\/\/digiculture.eu\/ga\/partners\/triade-foundation\/\">Read More &rarr;<\/a><\/span><\/p>","protected":false},"author":5,"featured_media":0,"parent":2117,"menu_order":0,"comment_status":"closed","ping_status":"closed","template":"","meta":{"_mi_skip_tracking":false,"_monsterinsights_sitenote_active":false,"_monsterinsights_sitenote_note":"","_monsterinsights_sitenote_category":0,"footnotes":""},"yoast_head":"<!-- This site is optimized with the Yoast SEO plugin v21.5 - https:\/\/yoast.com\/wordpress\/plugins\/seo\/ -->\n<title>Triade Foundation - Digital Culture - Erasmus+ European Project<\/title>\n<meta name=\"robots\" content=\"index, follow, max-snippet:-1, max-image-preview:large, max-video-preview:-1\" \/>\n<link rel=\"canonical\" href=\"https:\/\/digiculture.eu\/ga\/partners\/triade-foundation\/\" \/>\n<meta property=\"og:locale\" content=\"en_US\" \/>\n<meta property=\"og:type\" content=\"article\" \/>\n<meta property=\"og:title\" content=\"Triade Foundation - Digital Culture - Erasmus+ European Project\" \/>\n<meta property=\"og:description\" content=\"Str. Peter Jecza nr. 3, Timisoara, Romania www.triade.ro Triade Foundation The aim of the Interart Foundation TRIADE is a cultural-artistic and educational one, in order to promote, knowledge and study the cultural values \u200b\u200bmanifested in the field of arts, the mediation between different forms of artistic expression and the improvementRead More &rarr;\" \/>\n<meta property=\"og:url\" content=\"https:\/\/digiculture.eu\/ga\/partners\/triade-foundation\/\" \/>\n<meta property=\"og:site_name\" content=\"Digital Culture - Erasmus+ European Project\" \/>\n<meta property=\"article:publisher\" content=\"https:\/\/www.facebook.com\/CultureDigi\" \/>\n<meta property=\"article:modified_time\" content=\"2021-04-18T17:58:14+00:00\" \/>\n<meta property=\"og:image\" content=\"https:\/\/digiculture.eu\/wp-content\/uploads\/2020\/05\/logo_triade-1024x359.png\" \/>\n<meta name=\"twitter:card\" content=\"summary_large_image\" \/>\n<meta name=\"twitter:site\" content=\"@elearning_upt\" \/>\n<meta name=\"twitter:label1\" content=\"Est. reading time\" \/>\n\t<meta name=\"twitter:data1\" content=\"2 minutes\" \/>\n<script type=\"application\/ld+json\" class=\"yoast-schema-graph\">{\"@context\":\"https:\/\/schema.org\",\"@graph\":[{\"@type\":\"WebPage\",\"@id\":\"https:\/\/digiculture.eu\/partners\/triade-foundation\/\",\"url\":\"https:\/\/digiculture.eu\/partners\/triade-foundation\/\",\"name\":\"Triade Foundation - Digital Culture - Erasmus+ European Project\",\"isPartOf\":{\"@id\":\"https:\/\/digiculture.eu\/#website\"},\"datePublished\":\"2019-02-05T12:45:12+00:00\",\"dateModified\":\"2021-04-18T17:58:14+00:00\",\"breadcrumb\":{\"@id\":\"https:\/\/digiculture.eu\/partners\/triade-foundation\/#breadcrumb\"},\"inLanguage\":\"ga\",\"potentialAction\":[{\"@type\":\"ReadAction\",\"target\":[\"https:\/\/digiculture.eu\/partners\/triade-foundation\/\"]}]},{\"@type\":\"BreadcrumbList\",\"@id\":\"https:\/\/digiculture.eu\/partners\/triade-foundation\/#breadcrumb\",\"itemListElement\":[{\"@type\":\"ListItem\",\"position\":1,\"name\":\"Home\",\"item\":\"https:\/\/digiculture.eu\/\"},{\"@type\":\"ListItem\",\"position\":2,\"name\":\"Partners\",\"item\":\"https:\/\/digiculture.eu\/partners\/\"},{\"@type\":\"ListItem\",\"position\":3,\"name\":\"Triade Foundation\"}]},{\"@type\":\"WebSite\",\"@id\":\"https:\/\/digiculture.eu\/#website\",\"url\":\"https:\/\/digiculture.eu\/\",\"name\":\"Digital Culture - Erasmus+ European Project\",\"description\":\"Improving the Digital Competences and Social Inclusion of Adults in Creative Industries\",\"publisher\":{\"@id\":\"https:\/\/digiculture.eu\/#organization\"},\"potentialAction\":[{\"@type\":\"SearchAction\",\"target\":{\"@type\":\"EntryPoint\",\"urlTemplate\":\"https:\/\/digiculture.eu\/?s={search_term_string}\"},\"query-input\":\"required name=search_term_string\"}],\"inLanguage\":\"ga\"},{\"@type\":\"Organization\",\"@id\":\"https:\/\/digiculture.eu\/#organization\",\"name\":\"Digiculture\",\"url\":\"https:\/\/digiculture.eu\/\",\"logo\":{\"@type\":\"ImageObject\",\"inLanguage\":\"ga\",\"@id\":\"https:\/\/digiculture.eu\/#\/schema\/logo\/image\/\",\"url\":\"https:\/\/digiculture.eu\/wp-content\/uploads\/2019\/01\/Logo-Digi-Culture.png\",\"contentUrl\":\"https:\/\/digiculture.eu\/wp-content\/uploads\/2019\/01\/Logo-Digi-Culture.png\",\"width\":934,\"height\":386,\"caption\":\"Digiculture\"},\"image\":{\"@id\":\"https:\/\/digiculture.eu\/#\/schema\/logo\/image\/\"},\"sameAs\":[\"https:\/\/www.facebook.com\/CultureDigi\",\"https:\/\/twitter.com\/elearning_upt\"]}]}<\/script>\n<!-- \/ Yoast SEO plugin. -->","yoast_head_json":{"title":"Triade Foundation - Digital Culture - Erasmus+ European Project","robots":{"index":"index","follow":"follow","max-snippet":"max-snippet:-1","max-image-preview":"max-image-preview:large","max-video-preview":"max-video-preview:-1"},"canonical":"https:\/\/digiculture.eu\/ga\/partners\/triade-foundation\/","og_locale":"en_US","og_type":"article","og_title":"Triade Foundation - Digital Culture - Erasmus+ European Project","og_description":"Str. Peter Jecza nr. 3, Timisoara, Romania www.triade.ro Triade Foundation The aim of the Interart Foundation TRIADE is a cultural-artistic and educational one, in order to promote, knowledge and study the cultural values \u200b\u200bmanifested in the field of arts, the mediation between different forms of artistic expression and the improvementRead More &rarr;","og_url":"https:\/\/digiculture.eu\/ga\/partners\/triade-foundation\/","og_site_name":"Digital Culture - Erasmus+ European Project","article_publisher":"https:\/\/www.facebook.com\/CultureDigi","article_modified_time":"2021-04-18T17:58:14+00:00","og_image":[{"url":"https:\/\/digiculture.eu\/wp-content\/uploads\/2020\/05\/logo_triade-1024x359.png"}],"twitter_card":"summary_large_image","twitter_site":"@elearning_upt","twitter_misc":{"Est. reading time":"2 minutes"},"schema":{"@context":"https:\/\/schema.org","@graph":[{"@type":"WebPage","@id":"https:\/\/digiculture.eu\/partners\/triade-foundation\/","url":"https:\/\/digiculture.eu\/partners\/triade-foundation\/","name":"Triade Foundation - Digital Culture - Erasmus+ European Project","isPartOf":{"@id":"https:\/\/digiculture.eu\/#website"},"datePublished":"2019-02-05T12:45:12+00:00","dateModified":"2021-04-18T17:58:14+00:00","breadcrumb":{"@id":"https:\/\/digiculture.eu\/partners\/triade-foundation\/#breadcrumb"},"inLanguage":"ga","potentialAction":[{"@type":"ReadAction","target":["https:\/\/digiculture.eu\/partners\/triade-foundation\/"]}]},{"@type":"BreadcrumbList","@id":"https:\/\/digiculture.eu\/partners\/triade-foundation\/#breadcrumb","itemListElement":[{"@type":"ListItem","position":1,"name":"Home","item":"https:\/\/digiculture.eu\/"},{"@type":"ListItem","position":2,"name":"Partners","item":"https:\/\/digiculture.eu\/partners\/"},{"@type":"ListItem","position":3,"name":"Triade Foundation"}]},{"@type":"WebSite","@id":"https:\/\/digiculture.eu\/#website","url":"https:\/\/digiculture.eu\/","name":"Digital Culture - Erasmus+ European Project","description":"Improving the Digital Competences and Social Inclusion of Adults in Creative Industries","publisher":{"@id":"https:\/\/digiculture.eu\/#organization"},"potentialAction":[{"@type":"SearchAction","target":{"@type":"EntryPoint","urlTemplate":"https:\/\/digiculture.eu\/?s={search_term_string}"},"query-input":"required name=search_term_string"}],"inLanguage":"ga"},{"@type":"Organization","@id":"https:\/\/digiculture.eu\/#organization","name":"Digiculture","url":"https:\/\/digiculture.eu\/","logo":{"@type":"ImageObject","inLanguage":"ga","@id":"https:\/\/digiculture.eu\/#\/schema\/logo\/image\/","url":"https:\/\/digiculture.eu\/wp-content\/uploads\/2019\/01\/Logo-Digi-Culture.png","contentUrl":"https:\/\/digiculture.eu\/wp-content\/uploads\/2019\/01\/Logo-Digi-Culture.png","width":934,"height":386,"caption":"Digiculture"},"image":{"@id":"https:\/\/digiculture.eu\/#\/schema\/logo\/image\/"},"sameAs":["https:\/\/www.facebook.com\/CultureDigi","https:\/\/twitter.com\/elearning_upt"]}]}},"_links":{"self":[{"href":"https:\/\/digiculture.eu\/ga\/wp-json\/wp\/v2\/pages\/1957"}],"collection":[{"href":"https:\/\/digiculture.eu\/ga\/wp-json\/wp\/v2\/pages"}],"about":[{"href":"https:\/\/digiculture.eu\/ga\/wp-json\/wp\/v2\/types\/page"}],"author":[{"embeddable":true,"href":"https:\/\/digiculture.eu\/ga\/wp-json\/wp\/v2\/users\/5"}],"replies":[{"embeddable":true,"href":"https:\/\/digiculture.eu\/ga\/wp-json\/wp\/v2\/comments?post=1957"}],"version-history":[{"count":16,"href":"https:\/\/digiculture.eu\/ga\/wp-json\/wp\/v2\/pages\/1957\/revisions"}],"predecessor-version":[{"id":3557,"href":"https:\/\/digiculture.eu\/ga\/wp-json\/wp\/v2\/pages\/1957\/revisions\/3557"}],"up":[{"embeddable":true,"href":"https:\/\/digiculture.eu\/ga\/wp-json\/wp\/v2\/pages\/2117"}],"wp:attachment":[{"href":"https:\/\/digiculture.eu\/ga\/wp-json\/wp\/v2\/media?parent=1957"}],"curies":[{"name":"wp","href":"https:\/\/api.w.org\/{rel}","templated":true}]}}