{"id":1938,"date":"2019-02-05T14:30:52","date_gmt":"2019-02-05T12:30:52","guid":{"rendered":"https:\/\/digiculture.eu\/?page_id=1938"},"modified":"2021-04-18T20:57:28","modified_gmt":"2021-04-18T17:57:28","slug":"university-of-roma-tre","status":"publish","type":"page","link":"https:\/\/digiculture.eu\/ga\/partners\/university-of-roma-tre\/","title":{"rendered":"University of Roma Tre"},"content":{"rendered":"<div data-elementor-type=\"wp-post\" data-elementor-id=\"1938\" class=\"elementor elementor-1938\">\n\t\t\t\t\t\t\t\t\t<section class=\"elementor-section elementor-top-section elementor-element elementor-element-691502f9 elementor-section-boxed elementor-section-height-default elementor-section-height-default\" data-id=\"691502f9\" data-element_type=\"section\">\n\t\t\t\t\t\t<div class=\"elementor-container elementor-column-gap-default\">\n\t\t\t\t\t<div class=\"elementor-column elementor-col-33 elementor-top-column elementor-element elementor-element-1c8f5b1b\" data-id=\"1c8f5b1b\" data-element_type=\"column\">\n\t\t\t<div class=\"elementor-widget-wrap elementor-element-populated\">\n\t\t\t\t\t\t\t\t<div class=\"elementor-element elementor-element-1c1559cc elementor-widget elementor-widget-image\" data-id=\"1c1559cc\" data-element_type=\"widget\" data-widget_type=\"image.default\">\n\t\t\t\t<div class=\"elementor-widget-container\">\n\t\t\t\t\t\t\t\t\t\t\t\t\t\t\t<img loading=\"lazy\" decoding=\"async\" width=\"937\" height=\"516\" src=\"https:\/\/digiculture.eu\/wp-content\/uploads\/2019\/01\/logoRM3-trasp.png\" class=\"attachment-large size-large wp-image-1843\" alt=\"\" srcset=\"https:\/\/digiculture.eu\/wp-content\/uploads\/2019\/01\/logoRM3-trasp.png 937w, https:\/\/digiculture.eu\/wp-content\/uploads\/2019\/01\/logoRM3-trasp-300x165.png 300w, https:\/\/digiculture.eu\/wp-content\/uploads\/2019\/01\/logoRM3-trasp-768x423.png 768w, https:\/\/digiculture.eu\/wp-content\/uploads\/2019\/01\/logoRM3-trasp-465x256.png 465w, https:\/\/digiculture.eu\/wp-content\/uploads\/2019\/01\/logoRM3-trasp-695x383.png 695w\" sizes=\"(max-width: 937px) 100vw, 937px\" \/>\t\t\t\t\t\t\t\t\t\t\t\t\t\t\t<\/div>\n\t\t\t\t<\/div>\n\t\t\t\t<div class=\"elementor-element elementor-element-79ac99f9 elementor-icon-list--layout-traditional elementor-list-item-link-full_width elementor-widget elementor-widget-icon-list\" data-id=\"79ac99f9\" data-element_type=\"widget\" data-widget_type=\"icon-list.default\">\n\t\t\t\t<div class=\"elementor-widget-container\">\n\t\t\t\t\t<ul class=\"elementor-icon-list-items\">\n\t\t\t\t\t\t\t<li class=\"elementor-icon-list-item\">\n\t\t\t\t\t\t\t\t\t\t\t<span class=\"elementor-icon-list-icon\">\n\t\t\t\t\t\t\t\t\t\t\t\t\t\t\t\t<i class=\"fa fa-home\" aria-hidden=\"true\"><\/i>\n\t\t\t\t\t\t\t\t\t\t\t\t\t<\/span>\n\t\t\t\t\t\t\t\t\t\t<span class=\"elementor-icon-list-text\">Rectorate and Directorate General <br \/> Via Ostiense, 159, 00154 Roma<\/span>\n\t\t\t\t\t\t\t\t\t<\/li>\n\t\t\t\t\t\t\t\t<li class=\"elementor-icon-list-item\">\n\t\t\t\t\t\t\t\t\t\t\t<a href=\"http:\/\/www.uniroma3.it\/en\/\">\n\n\t\t\t\t\t\t\t\t\t\t\t\t<span class=\"elementor-icon-list-icon\">\n\t\t\t\t\t\t\t\t\t\t\t\t\t\t\t\t<i class=\"fa fa-wordpress\" aria-hidden=\"true\"><\/i>\n\t\t\t\t\t\t\t\t\t\t\t\t\t<\/span>\n\t\t\t\t\t\t\t\t\t\t<span class=\"elementor-icon-list-text\">www.uniroma3.it\/en\/<\/span>\n\t\t\t\t\t\t\t\t\t\t\t<\/a>\n\t\t\t\t\t\t\t\t\t<\/li>\n\t\t\t\t\t\t\t\t<li class=\"elementor-icon-list-item\">\n\t\t\t\t\t\t\t\t\t\t\t<span class=\"elementor-icon-list-icon\">\n\t\t\t\t\t\t\t\t\t\t\t\t\t\t\t\t<i class=\"fa fa-home\" aria-hidden=\"true\"><\/i>\n\t\t\t\t\t\t\t\t\t\t\t\t\t<\/span>\n\t\t\t\t\t\t\t\t\t\t<span class=\"elementor-icon-list-text\">Centre for Museum Studies, Department of Education <br \/> Via del Castro Pretorio 20, 00185 Roma<\/span>\n\t\t\t\t\t\t\t\t\t<\/li>\n\t\t\t\t\t\t\t\t<li class=\"elementor-icon-list-item\">\n\t\t\t\t\t\t\t\t\t\t\t<a href=\"http:\/\/cdm.uniroma3.it\/en\/\">\n\n\t\t\t\t\t\t\t\t\t\t\t\t<span class=\"elementor-icon-list-icon\">\n\t\t\t\t\t\t\t\t\t\t\t\t\t\t\t\t<i class=\"fa fa-wordpress\" aria-hidden=\"true\"><\/i>\n\t\t\t\t\t\t\t\t\t\t\t\t\t<\/span>\n\t\t\t\t\t\t\t\t\t\t<span class=\"elementor-icon-list-text\">cdm.uniroma3.it\/en\/<\/span>\n\t\t\t\t\t\t\t\t\t\t\t<\/a>\n\t\t\t\t\t\t\t\t\t<\/li>\n\t\t\t\t\t\t<\/ul>\n\t\t\t\t<\/div>\n\t\t\t\t<\/div>\n\t\t\t\t\t<\/div>\n\t\t<\/div>\n\t\t\t\t<div class=\"elementor-column elementor-col-66 elementor-top-column elementor-element elementor-element-458d5da0\" data-id=\"458d5da0\" data-element_type=\"column\">\n\t\t\t<div class=\"elementor-widget-wrap elementor-element-populated\">\n\t\t\t\t\t\t\t\t<div class=\"elementor-element elementor-element-8741079 elementor-widget elementor-widget-heading\" data-id=\"8741079\" data-element_type=\"widget\" data-widget_type=\"heading.default\">\n\t\t\t\t<div class=\"elementor-widget-container\">\n\t\t\t<h2 class=\"elementor-heading-title elementor-size-default\">University of Roma Tre<\/h2>\t\t<\/div>\n\t\t\t\t<\/div>\n\t\t\t\t<div class=\"elementor-element elementor-element-21e24fc6 elementor-widget elementor-widget-text-editor\" data-id=\"21e24fc6\" data-element_type=\"widget\" data-widget_type=\"text-editor.default\">\n\t\t\t\t<div class=\"elementor-widget-container\">\n\t\t\t\t\t\t\t<p>Buna\u00edodh University of Roma Tre sa bhliain 1992 agus is \u00e9 seo an ollscoil is \u00f3ige sa R\u00f3imh le timpeall 40,000 mac l\u00e9inn ag freastail air. T\u00e1 f\u00e1s tapa tar \u00e9is teacht air maidir le l\u00edon na ndaoine at\u00e1 ag freastail air chomh maith le l\u00edon na gc\u00farsa\u00ed acad\u00fala at\u00e1 \u00e1 shol\u00e1thar. T\u00e1 c\u00e1il bainte amach ag an ollscoil sa rang\u00fa acad\u00fala is iomr\u00e1it\u00ed, go h\u00e1irithe i measc na n-institi\u00faid\u00ed a buna\u00edodh le d\u00e9ana\u00ed. T\u00e1 Roma Tre University eagraithe i 12 roinn agus cuireann s\u00e9 c\u00e9imeanna baitsil\u00e9ara agus m\u00e1istreachta, c\u00farsa\u00ed Iarch\u00e9ime agus ardch\u00farsa\u00ed chomh maith le cl\u00e1ir PhD agus scoileanna speisialaithe ar f\u00e1il.<\/p><p>T\u00e1 The Centre for Museum Studies (CDM) lonnaithe sa Roinn Oideachais in Roma Tre University agus buna\u00edodh \u00e9 sa bhliain 1994 chun \u00fas\u00e1id n\u00edos d\u00edrithe ar oidhreacht mh\u00fasaem san Iod\u00e1il a spreagadh, do ch\u00faiseanna oideachas\u00fala ach go h\u00e1irithe. Mar sin de, b\u00edonn The Centre for Museum Studies de sh\u00edor ag d\u00e9anamh taighde i r\u00e9imse an oideachais mh\u00fasaeim, le b\u00e9im faoi leith ar riachtanais cuairteoir\u00ed agus iad ag breathn\u00fa le haghaidh comhoiri\u00fanach le gach tairiscint \u00f3n m\u00fasaem. Is ball institi\u00faideach den Committee for Education and Cultural Action (CECA), International Council of Museums (ICOM) (\u00f3 Shamhain 2011) \u00e9 CDM. T\u00e1 The Centre for Museum Studies tar \u00e9is go leor obair a dh\u00e9anamh ar chomhthionscadail a dh\u00edr\u00edonn ar phr\u00f3if\u00edl\u00ed na gcuairteoir\u00ed agus an gaol idir an t-oideachas agus an oidhreacht le n\u00edos m\u00f3 n\u00e1 caoga m\u00fasaem Iod\u00e1lach. Anuas air sin, t\u00e1 se tar \u00e9is tionscadail a chur i gcr\u00edch chun cl\u00e1ir oideachais a leagadh amach i gcomhar le go leor institi\u00faid\u00ed idirn\u00e1isi\u00fanta.<\/p>\t\t\t\t\t\t<\/div>\n\t\t\t\t<\/div>\n\t\t\t\t<div class=\"elementor-element elementor-element-398fc3f elementor-button-danger elementor-align-left elementor-widget elementor-widget-button\" data-id=\"398fc3f\" data-element_type=\"widget\" data-widget_type=\"button.default\">\n\t\t\t\t<div class=\"elementor-widget-container\">\n\t\t\t\t\t<div class=\"elementor-button-wrapper\">\n\t\t\t<a class=\"elementor-button elementor-button-link elementor-size-sm\" href=\"https:\/\/digiculture.eu\/ga\/team\/#studi-di-roma\">\n\t\t\t\t\t\t<span class=\"elementor-button-content-wrapper\">\n\t\t\t\t\t\t<span class=\"elementor-button-text\">Buail leis an bhfoireann tionscadail<\/span>\n\t\t<\/span>\n\t\t\t\t\t<\/a>\n\t\t<\/div>\n\t\t\t\t<\/div>\n\t\t\t\t<\/div>\n\t\t\t\t\t<\/div>\n\t\t<\/div>\n\t\t\t\t\t\t\t<\/div>\n\t\t<\/section>\n\t\t\t\t<section class=\"elementor-section elementor-top-section elementor-element elementor-element-c168418 elementor-section-boxed elementor-section-height-default elementor-section-height-default\" data-id=\"c168418\" data-element_type=\"section\">\n\t\t\t\t\t\t<div class=\"elementor-container elementor-column-gap-default\">\n\t\t\t\t\t<div class=\"elementor-column elementor-col-100 elementor-top-column elementor-element elementor-element-04c06b8\" data-id=\"04c06b8\" data-element_type=\"column\">\n\t\t\t<div class=\"elementor-widget-wrap\">\n\t\t\t\t\t\t\t\t\t<\/div>\n\t\t<\/div>\n\t\t\t\t\t\t\t<\/div>\n\t\t<\/section>\n\t\t\t\t\t\t\t<\/div>","protected":false},"excerpt":{"rendered":"<p>Rectorate and Directorate General Via Ostiense, 159, 00154 Roma www.uniroma3.it\/en\/ Centre for Museum Studies, Department of Education Via del Castro Pretorio 20, 00185 Roma cdm.uniroma3.it\/en\/ University of Roma Tre The University of Roma Tre has been founded in 1992, being the youngest university in Rome, counting about 40.000 students. It<span class=\"more-link\"><a href=\"https:\/\/digiculture.eu\/ga\/partners\/university-of-roma-tre\/\">Read More &rarr;<\/a><\/span><\/p>","protected":false},"author":5,"featured_media":0,"parent":2117,"menu_order":0,"comment_status":"closed","ping_status":"closed","template":"","meta":{"_mi_skip_tracking":false,"_monsterinsights_sitenote_active":false,"_monsterinsights_sitenote_note":"","_monsterinsights_sitenote_category":0,"footnotes":""},"yoast_head":"<!-- This site is optimized with the Yoast SEO plugin v21.5 - https:\/\/yoast.com\/wordpress\/plugins\/seo\/ -->\n<title>University of Roma Tre - Digital Culture - Erasmus+ European Project<\/title>\n<meta name=\"robots\" content=\"index, follow, max-snippet:-1, max-image-preview:large, max-video-preview:-1\" \/>\n<link rel=\"canonical\" href=\"https:\/\/digiculture.eu\/ga\/partners\/university-of-roma-tre\/\" \/>\n<meta property=\"og:locale\" content=\"en_US\" \/>\n<meta property=\"og:type\" content=\"article\" \/>\n<meta property=\"og:title\" content=\"University of Roma Tre - Digital Culture - Erasmus+ European Project\" \/>\n<meta property=\"og:description\" content=\"Rectorate and Directorate General Via Ostiense, 159, 00154 Roma www.uniroma3.it\/en\/ Centre for Museum Studies, Department of Education Via del Castro Pretorio 20, 00185 Roma cdm.uniroma3.it\/en\/ University of Roma Tre The University of Roma Tre has been founded in 1992, being the youngest university in Rome, counting about 40.000 students. ItRead More &rarr;\" \/>\n<meta property=\"og:url\" content=\"https:\/\/digiculture.eu\/ga\/partners\/university-of-roma-tre\/\" \/>\n<meta property=\"og:site_name\" content=\"Digital Culture - Erasmus+ European Project\" \/>\n<meta property=\"article:publisher\" content=\"https:\/\/www.facebook.com\/CultureDigi\" \/>\n<meta property=\"article:modified_time\" content=\"2021-04-18T17:57:28+00:00\" \/>\n<meta property=\"og:image\" content=\"https:\/\/digiculture.eu\/wp-content\/uploads\/2019\/01\/logoRM3-trasp.png\" \/>\n<meta name=\"twitter:card\" content=\"summary_large_image\" \/>\n<meta name=\"twitter:site\" content=\"@elearning_upt\" \/>\n<meta name=\"twitter:label1\" content=\"Est. reading time\" \/>\n\t<meta name=\"twitter:data1\" content=\"1 minute\" \/>\n<script type=\"application\/ld+json\" class=\"yoast-schema-graph\">{\"@context\":\"https:\/\/schema.org\",\"@graph\":[{\"@type\":\"WebPage\",\"@id\":\"https:\/\/digiculture.eu\/partners\/university-of-roma-tre\/\",\"url\":\"https:\/\/digiculture.eu\/partners\/university-of-roma-tre\/\",\"name\":\"University of Roma Tre - Digital Culture - Erasmus+ European Project\",\"isPartOf\":{\"@id\":\"https:\/\/digiculture.eu\/#website\"},\"datePublished\":\"2019-02-05T12:30:52+00:00\",\"dateModified\":\"2021-04-18T17:57:28+00:00\",\"breadcrumb\":{\"@id\":\"https:\/\/digiculture.eu\/partners\/university-of-roma-tre\/#breadcrumb\"},\"inLanguage\":\"ga\",\"potentialAction\":[{\"@type\":\"ReadAction\",\"target\":[\"https:\/\/digiculture.eu\/partners\/university-of-roma-tre\/\"]}]},{\"@type\":\"BreadcrumbList\",\"@id\":\"https:\/\/digiculture.eu\/partners\/university-of-roma-tre\/#breadcrumb\",\"itemListElement\":[{\"@type\":\"ListItem\",\"position\":1,\"name\":\"Home\",\"item\":\"https:\/\/digiculture.eu\/\"},{\"@type\":\"ListItem\",\"position\":2,\"name\":\"Partners\",\"item\":\"https:\/\/digiculture.eu\/partners\/\"},{\"@type\":\"ListItem\",\"position\":3,\"name\":\"University of Roma Tre\"}]},{\"@type\":\"WebSite\",\"@id\":\"https:\/\/digiculture.eu\/#website\",\"url\":\"https:\/\/digiculture.eu\/\",\"name\":\"Digital Culture - Erasmus+ European Project\",\"description\":\"Improving the Digital Competences and Social Inclusion of Adults in Creative Industries\",\"publisher\":{\"@id\":\"https:\/\/digiculture.eu\/#organization\"},\"potentialAction\":[{\"@type\":\"SearchAction\",\"target\":{\"@type\":\"EntryPoint\",\"urlTemplate\":\"https:\/\/digiculture.eu\/?s={search_term_string}\"},\"query-input\":\"required name=search_term_string\"}],\"inLanguage\":\"ga\"},{\"@type\":\"Organization\",\"@id\":\"https:\/\/digiculture.eu\/#organization\",\"name\":\"Digiculture\",\"url\":\"https:\/\/digiculture.eu\/\",\"logo\":{\"@type\":\"ImageObject\",\"inLanguage\":\"ga\",\"@id\":\"https:\/\/digiculture.eu\/#\/schema\/logo\/image\/\",\"url\":\"https:\/\/digiculture.eu\/wp-content\/uploads\/2019\/01\/Logo-Digi-Culture.png\",\"contentUrl\":\"https:\/\/digiculture.eu\/wp-content\/uploads\/2019\/01\/Logo-Digi-Culture.png\",\"width\":934,\"height\":386,\"caption\":\"Digiculture\"},\"image\":{\"@id\":\"https:\/\/digiculture.eu\/#\/schema\/logo\/image\/\"},\"sameAs\":[\"https:\/\/www.facebook.com\/CultureDigi\",\"https:\/\/twitter.com\/elearning_upt\"]}]}<\/script>\n<!-- \/ Yoast SEO plugin. -->","yoast_head_json":{"title":"University of Roma Tre - Digital Culture - Erasmus+ European Project","robots":{"index":"index","follow":"follow","max-snippet":"max-snippet:-1","max-image-preview":"max-image-preview:large","max-video-preview":"max-video-preview:-1"},"canonical":"https:\/\/digiculture.eu\/ga\/partners\/university-of-roma-tre\/","og_locale":"en_US","og_type":"article","og_title":"University of Roma Tre - Digital Culture - Erasmus+ European Project","og_description":"Rectorate and Directorate General Via Ostiense, 159, 00154 Roma www.uniroma3.it\/en\/ Centre for Museum Studies, Department of Education Via del Castro Pretorio 20, 00185 Roma cdm.uniroma3.it\/en\/ University of Roma Tre The University of Roma Tre has been founded in 1992, being the youngest university in Rome, counting about 40.000 students. ItRead More &rarr;","og_url":"https:\/\/digiculture.eu\/ga\/partners\/university-of-roma-tre\/","og_site_name":"Digital Culture - Erasmus+ European Project","article_publisher":"https:\/\/www.facebook.com\/CultureDigi","article_modified_time":"2021-04-18T17:57:28+00:00","og_image":[{"url":"https:\/\/digiculture.eu\/wp-content\/uploads\/2019\/01\/logoRM3-trasp.png"}],"twitter_card":"summary_large_image","twitter_site":"@elearning_upt","twitter_misc":{"Est. reading time":"1 minute"},"schema":{"@context":"https:\/\/schema.org","@graph":[{"@type":"WebPage","@id":"https:\/\/digiculture.eu\/partners\/university-of-roma-tre\/","url":"https:\/\/digiculture.eu\/partners\/university-of-roma-tre\/","name":"University of Roma Tre - Digital Culture - Erasmus+ European Project","isPartOf":{"@id":"https:\/\/digiculture.eu\/#website"},"datePublished":"2019-02-05T12:30:52+00:00","dateModified":"2021-04-18T17:57:28+00:00","breadcrumb":{"@id":"https:\/\/digiculture.eu\/partners\/university-of-roma-tre\/#breadcrumb"},"inLanguage":"ga","potentialAction":[{"@type":"ReadAction","target":["https:\/\/digiculture.eu\/partners\/university-of-roma-tre\/"]}]},{"@type":"BreadcrumbList","@id":"https:\/\/digiculture.eu\/partners\/university-of-roma-tre\/#breadcrumb","itemListElement":[{"@type":"ListItem","position":1,"name":"Home","item":"https:\/\/digiculture.eu\/"},{"@type":"ListItem","position":2,"name":"Partners","item":"https:\/\/digiculture.eu\/partners\/"},{"@type":"ListItem","position":3,"name":"University of Roma Tre"}]},{"@type":"WebSite","@id":"https:\/\/digiculture.eu\/#website","url":"https:\/\/digiculture.eu\/","name":"Digital Culture - Erasmus+ European Project","description":"Improving the Digital Competences and Social Inclusion of Adults in Creative Industries","publisher":{"@id":"https:\/\/digiculture.eu\/#organization"},"potentialAction":[{"@type":"SearchAction","target":{"@type":"EntryPoint","urlTemplate":"https:\/\/digiculture.eu\/?s={search_term_string}"},"query-input":"required name=search_term_string"}],"inLanguage":"ga"},{"@type":"Organization","@id":"https:\/\/digiculture.eu\/#organization","name":"Digiculture","url":"https:\/\/digiculture.eu\/","logo":{"@type":"ImageObject","inLanguage":"ga","@id":"https:\/\/digiculture.eu\/#\/schema\/logo\/image\/","url":"https:\/\/digiculture.eu\/wp-content\/uploads\/2019\/01\/Logo-Digi-Culture.png","contentUrl":"https:\/\/digiculture.eu\/wp-content\/uploads\/2019\/01\/Logo-Digi-Culture.png","width":934,"height":386,"caption":"Digiculture"},"image":{"@id":"https:\/\/digiculture.eu\/#\/schema\/logo\/image\/"},"sameAs":["https:\/\/www.facebook.com\/CultureDigi","https:\/\/twitter.com\/elearning_upt"]}]}},"_links":{"self":[{"href":"https:\/\/digiculture.eu\/ga\/wp-json\/wp\/v2\/pages\/1938"}],"collection":[{"href":"https:\/\/digiculture.eu\/ga\/wp-json\/wp\/v2\/pages"}],"about":[{"href":"https:\/\/digiculture.eu\/ga\/wp-json\/wp\/v2\/types\/page"}],"author":[{"embeddable":true,"href":"https:\/\/digiculture.eu\/ga\/wp-json\/wp\/v2\/users\/5"}],"replies":[{"embeddable":true,"href":"https:\/\/digiculture.eu\/ga\/wp-json\/wp\/v2\/comments?post=1938"}],"version-history":[{"count":11,"href":"https:\/\/digiculture.eu\/ga\/wp-json\/wp\/v2\/pages\/1938\/revisions"}],"predecessor-version":[{"id":3551,"href":"https:\/\/digiculture.eu\/ga\/wp-json\/wp\/v2\/pages\/1938\/revisions\/3551"}],"up":[{"embeddable":true,"href":"https:\/\/digiculture.eu\/ga\/wp-json\/wp\/v2\/pages\/2117"}],"wp:attachment":[{"href":"https:\/\/digiculture.eu\/ga\/wp-json\/wp\/v2\/media?parent=1938"}],"curies":[{"name":"wp","href":"https:\/\/api.w.org\/{rel}","templated":true}]}}