{"id":1898,"date":"2019-02-01T15:19:08","date_gmt":"2019-02-01T13:19:08","guid":{"rendered":"https:\/\/digiculture.eu\/?page_id=1898"},"modified":"2021-04-18T20:56:53","modified_gmt":"2021-04-18T17:56:53","slug":"politehnica-university-of-timisoara","status":"publish","type":"page","link":"https:\/\/digiculture.eu\/ga\/partners\/politehnica-university-of-timisoara\/","title":{"rendered":"Ollscoil Ilcheardach Timisoara"},"content":{"rendered":"<div data-elementor-type=\"wp-post\" data-elementor-id=\"1898\" class=\"elementor elementor-1898\">\n\t\t\t\t\t\t\t\t\t<section class=\"elementor-section elementor-top-section elementor-element elementor-element-d48c6c9 elementor-section-boxed elementor-section-height-default elementor-section-height-default\" data-id=\"d48c6c9\" data-element_type=\"section\">\n\t\t\t\t\t\t<div class=\"elementor-container elementor-column-gap-default\">\n\t\t\t\t\t<div class=\"elementor-column elementor-col-33 elementor-top-column elementor-element elementor-element-3769202\" data-id=\"3769202\" data-element_type=\"column\">\n\t\t\t<div class=\"elementor-widget-wrap elementor-element-populated\">\n\t\t\t\t\t\t\t\t<div class=\"elementor-element elementor-element-84295ff elementor-widget elementor-widget-image\" data-id=\"84295ff\" data-element_type=\"widget\" data-widget_type=\"image.default\">\n\t\t\t\t<div class=\"elementor-widget-container\">\n\t\t\t\t\t\t\t\t\t\t\t\t\t\t\t<img loading=\"lazy\" decoding=\"async\" width=\"1024\" height=\"350\" src=\"https:\/\/digiculture.eu\/wp-content\/uploads\/2019\/01\/logo_UPT-1024x350.jpg\" class=\"attachment-large size-large wp-image-1793\" alt=\"\" srcset=\"https:\/\/digiculture.eu\/wp-content\/uploads\/2019\/01\/logo_UPT-1024x350.jpg 1024w, https:\/\/digiculture.eu\/wp-content\/uploads\/2019\/01\/logo_UPT-300x103.jpg 300w, https:\/\/digiculture.eu\/wp-content\/uploads\/2019\/01\/logo_UPT-768x263.jpg 768w, https:\/\/digiculture.eu\/wp-content\/uploads\/2019\/01\/logo_UPT-465x159.jpg 465w, https:\/\/digiculture.eu\/wp-content\/uploads\/2019\/01\/logo_UPT-695x238.jpg 695w, https:\/\/digiculture.eu\/wp-content\/uploads\/2019\/01\/logo_UPT.jpg 1698w\" sizes=\"(max-width: 1024px) 100vw, 1024px\" \/>\t\t\t\t\t\t\t\t\t\t\t\t\t\t\t<\/div>\n\t\t\t\t<\/div>\n\t\t\t\t<div class=\"elementor-element elementor-element-b590a23 elementor-icon-list--layout-traditional elementor-list-item-link-full_width elementor-widget elementor-widget-icon-list\" data-id=\"b590a23\" data-element_type=\"widget\" data-widget_type=\"icon-list.default\">\n\t\t\t\t<div class=\"elementor-widget-container\">\n\t\t\t\t\t<ul class=\"elementor-icon-list-items\">\n\t\t\t\t\t\t\t<li class=\"elementor-icon-list-item\">\n\t\t\t\t\t\t\t\t\t\t\t<span class=\"elementor-icon-list-icon\">\n\t\t\t\t\t\t\t<i aria-hidden=\"true\" class=\"fas fa-home\"><\/i>\t\t\t\t\t\t<\/span>\n\t\t\t\t\t\t\t\t\t\t<span class=\"elementor-icon-list-text\">Piata Victoriei No. 2 <br \/> 300006 Timisoara <br \/> ROMANIA<\/span>\n\t\t\t\t\t\t\t\t\t<\/li>\n\t\t\t\t\t\t\t\t<li class=\"elementor-icon-list-item\">\n\t\t\t\t\t\t\t\t\t\t\t<a href=\"https:\/\/www.upt.ro\/\" target=\"_blank\">\n\n\t\t\t\t\t\t\t\t\t\t\t\t<span class=\"elementor-icon-list-icon\">\n\t\t\t\t\t\t\t<i aria-hidden=\"true\" class=\"fab fa-wordpress\"><\/i>\t\t\t\t\t\t<\/span>\n\t\t\t\t\t\t\t\t\t\t<span class=\"elementor-icon-list-text\">www.upt.ro<\/span>\n\t\t\t\t\t\t\t\t\t\t\t<\/a>\n\t\t\t\t\t\t\t\t\t<\/li>\n\t\t\t\t\t\t<\/ul>\n\t\t\t\t<\/div>\n\t\t\t\t<\/div>\n\t\t\t\t\t<\/div>\n\t\t<\/div>\n\t\t\t\t<div class=\"elementor-column elementor-col-66 elementor-top-column elementor-element elementor-element-adae7c3\" data-id=\"adae7c3\" data-element_type=\"column\">\n\t\t\t<div class=\"elementor-widget-wrap elementor-element-populated\">\n\t\t\t\t\t\t\t\t<div class=\"elementor-element elementor-element-0b2f062 elementor-widget elementor-widget-heading\" data-id=\"0b2f062\" data-element_type=\"widget\" data-widget_type=\"heading.default\">\n\t\t\t\t<div class=\"elementor-widget-container\">\n\t\t\t<h2 class=\"elementor-heading-title elementor-size-default\">Ollscoil Ilcheardach Timisoara<\/h2>\t\t<\/div>\n\t\t\t\t<\/div>\n\t\t\t\t<div class=\"elementor-element elementor-element-c347111 elementor-widget elementor-widget-text-editor\" data-id=\"c347111\" data-element_type=\"widget\" data-widget_type=\"text-editor.default\">\n\t\t\t\t<div class=\"elementor-widget-container\">\n\t\t\t\t\t\t\t<p>Buna\u00edodh Ollscoil Ilcheardach Timisoara i Samhain na bliana 1920 tr\u00ed ord\u00fa an r\u00ed. Anois, t\u00e1 10 nd\u00e1mh (a chl\u00fada\u00edonn na r\u00e9ims\u00ed teicni\u00fala ar fad), foireann teagaisc de thart ar 950 duine, foireann riarach\u00e1in de thart ar 950 agus timpeall 15,000 mac l\u00e9inn ag an ollscoil. Cuireann an ollscoil c\u00e9imeanna baitsil\u00e9ara san innealt\u00f3ireacht ar f\u00e1il, c\u00e9imeanna m\u00e1istreachta agus c\u00e9imeanna docht\u00faireachta. Bhunaigh an ollscoil go leor ionad \u00e9ags\u00fala cos\u00fail le: the Multimedia Centre, the Centre for Continuing Education agus the eLearning Centre chomh maith lena sti\u00faideo teilif\u00edse f\u00e9in, TeleUniversity.\u00a0<\/p><p>T\u00e1 forbairt tagtha ar the eLearning Centre agus taca\u00edonn s\u00e9 leis an timpeallacht oscailte nu\u00e1lach ar l\u00edne ViCaDiS - a Virtual Campus for Digital Students, at\u00e1 tiomnaithe do ch\u00farsa\u00ed oscailte idirn\u00e1isi\u00fanta, soghluaisteachta\u00ed f\u00edor\u00fala agus c\u00farsa\u00ed traen\u00e1la ar l\u00edne d\u2019earn\u00e1il na tionscla\u00edochta.<\/p><p>T\u00e1 an-chuid saineolais ag The Multimedia Centre sna ruda\u00ed seo a leanas: teicneola\u00edochta\u00ed ilmhe\u00e1n, forbairt feidhmchl\u00e1ir don ghr\u00e9as\u00e1n agus d\u2019uirlis\u00ed m\u00f3ib\u00edleacha, bogearra\u00ed s\u00f3isialta don timpeallacht ar l\u00edne, Web 2.0, chomh maith le taighde i r\u00e9ims\u00ed cos\u00fail le haithint \u00edomh\u00e1nna, sonra\u00ed oscailte, r\u00e9altacht bhreisithe agus cathracha cliste.<\/p><p>Ba \u00e9 an comhoibri\u00fa le comhph\u00e1irtithe tionscail (comhph\u00e1irtithe san ICT Cluster, Automotive Cluster agus the Tehlmpuls Technology Transfer Association) a chabhraigh leis an bhforbairt a th\u00e1inig ar an oideachas nua, sol\u00fabtha a thaca\u00edonn go lean\u00fanach le daoine \u00f3ga. Comhoibr\u00edonn UPT le Timisoara StartUp Hub ar mhaithe le daoine proifisi\u00fanta a spreagadh chun scileanna fiontra\u00edochta a shealbh\u00fa agus chun a ngn\u00f3lachta\u00ed beaga f\u00e9in a fhorbairt. Is iad na heintitis seo, mar aon leis na hacad\u00f3ir\u00ed speisialaithe at\u00e1 bainteach leis an tionscadal seo.<\/p><p>T\u00e1 na heintitis seo go l\u00e9ir ag comhoibri\u00fa ar mhaithe le ceann de phr\u00edomhaidhmeanna na hollscoile a bhaint amach agus is \u00e9 sin traen\u00e1il agus oideachas a chur ar f\u00e1il do dhaoine f\u00e1sta tr\u00ed mhodhanna aitheantas foghlama neamhfhoirmi\u00fail.<\/p>\t\t\t\t\t\t<\/div>\n\t\t\t\t<\/div>\n\t\t\t\t<div class=\"elementor-element elementor-element-3494bfd elementor-button-danger elementor-align-left elementor-widget elementor-widget-button\" data-id=\"3494bfd\" data-element_type=\"widget\" data-widget_type=\"button.default\">\n\t\t\t\t<div class=\"elementor-widget-container\">\n\t\t\t\t\t<div class=\"elementor-button-wrapper\">\n\t\t\t<a class=\"elementor-button elementor-button-link elementor-size-sm\" href=\"https:\/\/digiculture.eu\/ga\/team\/#politehnica\">\n\t\t\t\t\t\t<span class=\"elementor-button-content-wrapper\">\n\t\t\t\t\t\t<span class=\"elementor-button-text\">Buail leis an bhfoireann tionscadail<\/span>\n\t\t<\/span>\n\t\t\t\t\t<\/a>\n\t\t<\/div>\n\t\t\t\t<\/div>\n\t\t\t\t<\/div>\n\t\t\t\t\t<\/div>\n\t\t<\/div>\n\t\t\t\t\t\t\t<\/div>\n\t\t<\/section>\n\t\t\t\t<section class=\"elementor-section elementor-top-section elementor-element elementor-element-560c523 elementor-section-boxed elementor-section-height-default elementor-section-height-default\" data-id=\"560c523\" data-element_type=\"section\">\n\t\t\t\t\t\t<div class=\"elementor-container elementor-column-gap-default\">\n\t\t\t\t\t<div class=\"elementor-column elementor-col-100 elementor-top-column elementor-element elementor-element-8b49dbe\" data-id=\"8b49dbe\" data-element_type=\"column\">\n\t\t\t<div class=\"elementor-widget-wrap\">\n\t\t\t\t\t\t\t\t\t<\/div>\n\t\t<\/div>\n\t\t\t\t\t\t\t<\/div>\n\t\t<\/section>\n\t\t\t\t\t\t\t<\/div>","protected":false},"excerpt":{"rendered":"<p>Piata Victoriei No. 2 300006 Timisoara ROMANIA www.upt.ro Politehnica University of Timisoara Politehnica University of Timisoara has been established in November 1920, through Royal Decree. Now, it has 10 faculties (covering all the technical fields), about 950 teaching staff, 900 administrative staff and 15,000 full-time students. It offers bachelor engineering<span class=\"more-link\"><a href=\"https:\/\/digiculture.eu\/ga\/partners\/politehnica-university-of-timisoara\/\">Read More &rarr;<\/a><\/span><\/p>","protected":false},"author":5,"featured_media":0,"parent":2117,"menu_order":0,"comment_status":"closed","ping_status":"closed","template":"","meta":{"_mi_skip_tracking":false,"_monsterinsights_sitenote_active":false,"_monsterinsights_sitenote_note":"","_monsterinsights_sitenote_category":0,"footnotes":""},"yoast_head":"<!-- This site is optimized with the Yoast SEO plugin v21.5 - https:\/\/yoast.com\/wordpress\/plugins\/seo\/ -->\n<title>Politehnica University of Timisoara - Digital Culture - Erasmus+ European Project<\/title>\n<meta name=\"robots\" content=\"index, follow, max-snippet:-1, max-image-preview:large, max-video-preview:-1\" \/>\n<link rel=\"canonical\" href=\"https:\/\/digiculture.eu\/ga\/partners\/politehnica-university-of-timisoara\/\" \/>\n<meta property=\"og:locale\" content=\"en_US\" \/>\n<meta property=\"og:type\" content=\"article\" \/>\n<meta property=\"og:title\" content=\"Politehnica University of Timisoara - Digital Culture - Erasmus+ European Project\" \/>\n<meta property=\"og:description\" content=\"Piata Victoriei No. 2 300006 Timisoara ROMANIA www.upt.ro Politehnica University of Timisoara Politehnica University of Timisoara has been established in November 1920, through Royal Decree. Now, it has 10 faculties (covering all the technical fields), about 950 teaching staff, 900 administrative staff and 15,000 full-time students. It offers bachelor engineeringRead More &rarr;\" \/>\n<meta property=\"og:url\" content=\"https:\/\/digiculture.eu\/ga\/partners\/politehnica-university-of-timisoara\/\" \/>\n<meta property=\"og:site_name\" content=\"Digital Culture - Erasmus+ European Project\" \/>\n<meta property=\"article:publisher\" content=\"https:\/\/www.facebook.com\/CultureDigi\" \/>\n<meta property=\"article:modified_time\" content=\"2021-04-18T17:56:53+00:00\" \/>\n<meta property=\"og:image\" content=\"https:\/\/digiculture.eu\/wp-content\/uploads\/2019\/01\/logo_UPT-1024x350.jpg\" \/>\n<meta name=\"twitter:card\" content=\"summary_large_image\" \/>\n<meta name=\"twitter:site\" content=\"@elearning_upt\" \/>\n<meta name=\"twitter:label1\" content=\"Est. reading time\" \/>\n\t<meta name=\"twitter:data1\" content=\"1 minute\" \/>\n<script type=\"application\/ld+json\" class=\"yoast-schema-graph\">{\"@context\":\"https:\/\/schema.org\",\"@graph\":[{\"@type\":\"WebPage\",\"@id\":\"https:\/\/digiculture.eu\/partners\/politehnica-university-of-timisoara\/\",\"url\":\"https:\/\/digiculture.eu\/partners\/politehnica-university-of-timisoara\/\",\"name\":\"Politehnica University of Timisoara - Digital Culture - Erasmus+ European Project\",\"isPartOf\":{\"@id\":\"https:\/\/digiculture.eu\/#website\"},\"datePublished\":\"2019-02-01T13:19:08+00:00\",\"dateModified\":\"2021-04-18T17:56:53+00:00\",\"breadcrumb\":{\"@id\":\"https:\/\/digiculture.eu\/partners\/politehnica-university-of-timisoara\/#breadcrumb\"},\"inLanguage\":\"ga\",\"potentialAction\":[{\"@type\":\"ReadAction\",\"target\":[\"https:\/\/digiculture.eu\/partners\/politehnica-university-of-timisoara\/\"]}]},{\"@type\":\"BreadcrumbList\",\"@id\":\"https:\/\/digiculture.eu\/partners\/politehnica-university-of-timisoara\/#breadcrumb\",\"itemListElement\":[{\"@type\":\"ListItem\",\"position\":1,\"name\":\"Home\",\"item\":\"https:\/\/digiculture.eu\/\"},{\"@type\":\"ListItem\",\"position\":2,\"name\":\"Partners\",\"item\":\"https:\/\/digiculture.eu\/partners\/\"},{\"@type\":\"ListItem\",\"position\":3,\"name\":\"Politehnica University of Timisoara\"}]},{\"@type\":\"WebSite\",\"@id\":\"https:\/\/digiculture.eu\/#website\",\"url\":\"https:\/\/digiculture.eu\/\",\"name\":\"Digital Culture - Erasmus+ European Project\",\"description\":\"Improving the Digital Competences and Social Inclusion of Adults in Creative Industries\",\"publisher\":{\"@id\":\"https:\/\/digiculture.eu\/#organization\"},\"potentialAction\":[{\"@type\":\"SearchAction\",\"target\":{\"@type\":\"EntryPoint\",\"urlTemplate\":\"https:\/\/digiculture.eu\/?s={search_term_string}\"},\"query-input\":\"required name=search_term_string\"}],\"inLanguage\":\"ga\"},{\"@type\":\"Organization\",\"@id\":\"https:\/\/digiculture.eu\/#organization\",\"name\":\"Digiculture\",\"url\":\"https:\/\/digiculture.eu\/\",\"logo\":{\"@type\":\"ImageObject\",\"inLanguage\":\"ga\",\"@id\":\"https:\/\/digiculture.eu\/#\/schema\/logo\/image\/\",\"url\":\"https:\/\/digiculture.eu\/wp-content\/uploads\/2019\/01\/Logo-Digi-Culture.png\",\"contentUrl\":\"https:\/\/digiculture.eu\/wp-content\/uploads\/2019\/01\/Logo-Digi-Culture.png\",\"width\":934,\"height\":386,\"caption\":\"Digiculture\"},\"image\":{\"@id\":\"https:\/\/digiculture.eu\/#\/schema\/logo\/image\/\"},\"sameAs\":[\"https:\/\/www.facebook.com\/CultureDigi\",\"https:\/\/twitter.com\/elearning_upt\"]}]}<\/script>\n<!-- \/ Yoast SEO plugin. -->","yoast_head_json":{"title":"Politehnica University of Timisoara - Digital Culture - Erasmus+ European Project","robots":{"index":"index","follow":"follow","max-snippet":"max-snippet:-1","max-image-preview":"max-image-preview:large","max-video-preview":"max-video-preview:-1"},"canonical":"https:\/\/digiculture.eu\/ga\/partners\/politehnica-university-of-timisoara\/","og_locale":"en_US","og_type":"article","og_title":"Politehnica University of Timisoara - Digital Culture - Erasmus+ European Project","og_description":"Piata Victoriei No. 2 300006 Timisoara ROMANIA www.upt.ro Politehnica University of Timisoara Politehnica University of Timisoara has been established in November 1920, through Royal Decree. Now, it has 10 faculties (covering all the technical fields), about 950 teaching staff, 900 administrative staff and 15,000 full-time students. It offers bachelor engineeringRead More &rarr;","og_url":"https:\/\/digiculture.eu\/ga\/partners\/politehnica-university-of-timisoara\/","og_site_name":"Digital Culture - Erasmus+ European Project","article_publisher":"https:\/\/www.facebook.com\/CultureDigi","article_modified_time":"2021-04-18T17:56:53+00:00","og_image":[{"url":"https:\/\/digiculture.eu\/wp-content\/uploads\/2019\/01\/logo_UPT-1024x350.jpg"}],"twitter_card":"summary_large_image","twitter_site":"@elearning_upt","twitter_misc":{"Est. reading time":"1 minute"},"schema":{"@context":"https:\/\/schema.org","@graph":[{"@type":"WebPage","@id":"https:\/\/digiculture.eu\/partners\/politehnica-university-of-timisoara\/","url":"https:\/\/digiculture.eu\/partners\/politehnica-university-of-timisoara\/","name":"Politehnica University of Timisoara - Digital Culture - Erasmus+ European Project","isPartOf":{"@id":"https:\/\/digiculture.eu\/#website"},"datePublished":"2019-02-01T13:19:08+00:00","dateModified":"2021-04-18T17:56:53+00:00","breadcrumb":{"@id":"https:\/\/digiculture.eu\/partners\/politehnica-university-of-timisoara\/#breadcrumb"},"inLanguage":"ga","potentialAction":[{"@type":"ReadAction","target":["https:\/\/digiculture.eu\/partners\/politehnica-university-of-timisoara\/"]}]},{"@type":"BreadcrumbList","@id":"https:\/\/digiculture.eu\/partners\/politehnica-university-of-timisoara\/#breadcrumb","itemListElement":[{"@type":"ListItem","position":1,"name":"Home","item":"https:\/\/digiculture.eu\/"},{"@type":"ListItem","position":2,"name":"Partners","item":"https:\/\/digiculture.eu\/partners\/"},{"@type":"ListItem","position":3,"name":"Politehnica University of Timisoara"}]},{"@type":"WebSite","@id":"https:\/\/digiculture.eu\/#website","url":"https:\/\/digiculture.eu\/","name":"Digital Culture - Erasmus+ European Project","description":"Improving the Digital Competences and Social Inclusion of Adults in Creative Industries","publisher":{"@id":"https:\/\/digiculture.eu\/#organization"},"potentialAction":[{"@type":"SearchAction","target":{"@type":"EntryPoint","urlTemplate":"https:\/\/digiculture.eu\/?s={search_term_string}"},"query-input":"required name=search_term_string"}],"inLanguage":"ga"},{"@type":"Organization","@id":"https:\/\/digiculture.eu\/#organization","name":"Digiculture","url":"https:\/\/digiculture.eu\/","logo":{"@type":"ImageObject","inLanguage":"ga","@id":"https:\/\/digiculture.eu\/#\/schema\/logo\/image\/","url":"https:\/\/digiculture.eu\/wp-content\/uploads\/2019\/01\/Logo-Digi-Culture.png","contentUrl":"https:\/\/digiculture.eu\/wp-content\/uploads\/2019\/01\/Logo-Digi-Culture.png","width":934,"height":386,"caption":"Digiculture"},"image":{"@id":"https:\/\/digiculture.eu\/#\/schema\/logo\/image\/"},"sameAs":["https:\/\/www.facebook.com\/CultureDigi","https:\/\/twitter.com\/elearning_upt"]}]}},"_links":{"self":[{"href":"https:\/\/digiculture.eu\/ga\/wp-json\/wp\/v2\/pages\/1898"}],"collection":[{"href":"https:\/\/digiculture.eu\/ga\/wp-json\/wp\/v2\/pages"}],"about":[{"href":"https:\/\/digiculture.eu\/ga\/wp-json\/wp\/v2\/types\/page"}],"author":[{"embeddable":true,"href":"https:\/\/digiculture.eu\/ga\/wp-json\/wp\/v2\/users\/5"}],"replies":[{"embeddable":true,"href":"https:\/\/digiculture.eu\/ga\/wp-json\/wp\/v2\/comments?post=1898"}],"version-history":[{"count":21,"href":"https:\/\/digiculture.eu\/ga\/wp-json\/wp\/v2\/pages\/1898\/revisions"}],"predecessor-version":[{"id":3548,"href":"https:\/\/digiculture.eu\/ga\/wp-json\/wp\/v2\/pages\/1898\/revisions\/3548"}],"up":[{"embeddable":true,"href":"https:\/\/digiculture.eu\/ga\/wp-json\/wp\/v2\/pages\/2117"}],"wp:attachment":[{"href":"https:\/\/digiculture.eu\/ga\/wp-json\/wp\/v2\/media?parent=1898"}],"curies":[{"name":"wp","href":"https:\/\/api.w.org\/{rel}","templated":true}]}}