{"id":1734,"date":"2019-01-20T17:21:29","date_gmt":"2019-01-20T17:21:29","guid":{"rendered":"https:\/\/digiculture.eu\/wordpress\/?page_id=1734"},"modified":"2020-12-08T16:52:32","modified_gmt":"2020-12-08T14:52:32","slug":"outputs","status":"publish","type":"page","link":"https:\/\/digiculture.eu\/ga\/outputs\/","title":{"rendered":"Aschuir"},"content":{"rendered":"<p>Seo a leanas cusp\u00f3ir\u00ed DigiCulture:<\/p>\n<ul>\n<li>Feabhas a chur ar an bhfeasacht faoin ng\u00e1 le hoili\u00faint maidir le scileanna digiteacha le haghaidh na dtionscal cruthaitheachta<\/li>\n<li>Treoirl\u00ednte trast\u00edre i leith Inni\u00falachta\u00ed Digiteacha do na Tionscail Chruthaitheachta a dhearadh agus a bhail\u00edocht\u00fa<\/li>\n<li>Mol Comhth\u00e1ite d\u2019Fhoghlaim Fh\u00edor\u00fail a chruth\u00fa mar shaor\u00e1id ar l\u00edne agus mar shaor\u00e1id shoghluaiste<\/li>\n<li>C\u00farsa Scileanna Digiteacha agus Uilechuimsitheachta S\u00f3isialta do na Tionscail Chruthaitheachta a dhearadh, a fhorbairt agus a chur ar f\u00e1il, agus OER (acmhainn\u00ed oscailte oideachais) a bheith aistrithe go dt\u00ed teangacha na gcomhph\u00e1irtithe go l\u00e9ir, agus an c\u00farsa a bheith \u00e1 chur ar f\u00e1il mar mheasc\u00e1n ina gcuims\u00edtear c\u00farsa foghlama cumaisc agus c\u00farsa de chine\u00e1l MOOC don spriocghr\u00fapa agus \u00e9 ar f\u00e1il go hioml\u00e1n ar l\u00edne.<\/li>\n<li>Feabhas a chur ar ghn\u00f3thacht\u00e1il scileanna digiteacha, agus ar an aitheantas a thugtar d\u00f3ibh, ar mhodh foghlaim fhoirmi\u00fail agus foghlaim neamhfhoirmi\u00fail tr\u00ed r\u00edomh-mheas\u00fanacht Scileanna Digiteacha agus Suaitheantais Oscailte a thabhairt isteach le haghaidh oideachas aosach sna tionscail chruthaitheachta<\/li>\n<li>Eisp\u00e9iris shuimi\u00fala \u00e9ifeachtacha foghlama a shol\u00e1thar sa ch\u00farsa Scileanna Digiteacha do na Tionscail Chruthaitheachta<\/li>\n<li>Feabhas a chur ar chomhoibri\u00fa idir sol\u00e1thr\u00f3ir\u00ed oideachais, ollscoileanna, institi\u00faid\u00ed agus cumainn a bh\u00edonn ag pl\u00e9 le r\u00e9ims\u00ed an chult\u00fair agus na hoidhreachta, agus gn\u00edomhaithe, oibrithe agus oibrithe deonacha i r\u00e9imse an chult\u00fair<\/li>\n<li>Fianaise a shol\u00e1thar i dtaobh conas a rannchuid\u00edonn gn\u00f3thacht\u00e1il, meas\u00fanacht agus bail\u00edocht\u00fa scileanna digiteacha leis an l\u00edon daoine sna tionscail chruthaitheachta a rachaidh i mbun scileanna nua a fh\u00e1il<\/li>\n<\/ul>\n<p>T\u00e1 6 Aschur Intleacht\u00fala roinnte in 21 garspriocanna agus tortha\u00ed:<\/p>\n\n\n<div class=\"wp-block-columns has-2-columns is-layout-flex wp-container-core-columns-layout-1 wp-block-columns-is-layout-flex\">\n<div class=\"wp-block-column is-layout-flow wp-block-column-is-layout-flow\">\n<p>O1 <a href=\"https:\/\/digiculture.eu\/ga\/category\/outputs\/output-1-conceptual-guidelines-for-digital-competences-for-culture\/\">Aschur 1- Treoirl\u00ednte Coincheap\u00fala maidir le hInni\u00falachta\u00ed i leith Cult\u00fair<\/a><\/p>\n<\/div>\n\n\n\n<div class=\"wp-block-column is-layout-flow wp-block-column-is-layout-flow\">\n<p>O2  <a href=\"https:\/\/digiculture.eu\/ga\/output-2\/\">Aschur 2 \u2013 Mol Comhth\u00e1ite d\u2019Fhoghlaim Fh\u00edor\u00fail \u2013 ard\u00e1n MOOC ar l\u00edne agus soghluaiste<\/a> <\/p>\n<\/div>\n<\/div>\n\n\n\n<div class=\"wp-block-columns has-2-columns is-layout-flex wp-container-core-columns-layout-2 wp-block-columns-is-layout-flex\">\n<div class=\"wp-block-column is-layout-flow wp-block-column-is-layout-flow\">\n<p>O3  <a href=\"https:\/\/digiculture.eu\/ga\/category\/outputs\/output-3-the-digital-skills-for-culture-online-course-dsc\/\">Aschur 3 \u2013 An C\u00farsa Ar L\u00edne maidir le Scileanna Digiteacha i leith Cult\u00fair (DSC)<\/a>) <\/p>\n<\/div>\n\n\n\n<div class=\"wp-block-column is-layout-flow wp-block-column-is-layout-flow\">\n<p>O4 <a href=\"https:\/\/digiculture.eu\/ga\/category\/outputs\/output-4\/\">Aschur 4 \u2013 R\u00edomh-Mheas\u00fanacht Scileanna Digiteacha agus Suaitheantais Dhigiteacha Oscailte le haghaidh Oideachas Aosach<\/a><\/p>\n<\/div>\n<\/div>\n\n\n\n<div class=\"wp-block-columns has-2-columns is-layout-flex wp-container-core-columns-layout-3 wp-block-columns-is-layout-flex\">\n<div class=\"wp-block-column is-layout-flow wp-block-column-is-layout-flow\">\n<p>O5  <\/p>\n<\/div>\n\n\n\n<div class=\"wp-block-column is-layout-flow wp-block-column-is-layout-flow\">\n<p>O6 <a href=\"https:\/\/digiculture.eu\/ga\/category\/outputs\/output-6\/\">Aschur 6 \u2013 Meas\u00fan\u00fa ar \u00e9ifeachtacht an Ch\u00farsa maidir le Scileanna Digiteacha i leith Cult\u00fair, ar Dheimhni\u00fa C\u00e1il\u00edochta agus ar Inbhuanaitheacht<\/a><\/p>\n<\/div>\n<\/div>","protected":false},"excerpt":{"rendered":"<p>outputs &#8230;&#8230;<span class=\"more-link\"><a href=\"https:\/\/digiculture.eu\/ga\/outputs\/\">Read More &rarr;<\/a><\/span><\/p>","protected":false},"author":5,"featured_media":0,"parent":0,"menu_order":0,"comment_status":"closed","ping_status":"closed","template":"","meta":{"_mi_skip_tracking":false,"_monsterinsights_sitenote_active":false,"_monsterinsights_sitenote_note":"","_monsterinsights_sitenote_category":0,"footnotes":""},"yoast_head":"<!-- This site is optimized with the Yoast SEO plugin v21.5 - https:\/\/yoast.com\/wordpress\/plugins\/seo\/ -->\n<title>Outputs - Digital Culture - Erasmus+ European Project<\/title>\n<meta name=\"robots\" content=\"index, follow, max-snippet:-1, max-image-preview:large, max-video-preview:-1\" \/>\n<link rel=\"canonical\" href=\"https:\/\/digiculture.eu\/ga\/outputs\/\" \/>\n<meta property=\"og:locale\" content=\"en_US\" \/>\n<meta property=\"og:type\" content=\"article\" \/>\n<meta property=\"og:title\" content=\"Outputs - Digital Culture - Erasmus+ European Project\" \/>\n<meta property=\"og:description\" content=\"outputs ......Read More &rarr;\" \/>\n<meta property=\"og:url\" content=\"https:\/\/digiculture.eu\/ga\/outputs\/\" \/>\n<meta property=\"og:site_name\" content=\"Digital Culture - Erasmus+ European Project\" \/>\n<meta property=\"article:publisher\" content=\"https:\/\/www.facebook.com\/CultureDigi\" \/>\n<meta property=\"article:modified_time\" content=\"2020-12-08T14:52:32+00:00\" \/>\n<meta name=\"twitter:card\" content=\"summary_large_image\" \/>\n<meta name=\"twitter:site\" content=\"@elearning_upt\" \/>\n<meta name=\"twitter:label1\" content=\"Est. reading time\" \/>\n\t<meta name=\"twitter:data1\" content=\"1 minute\" \/>\n<script type=\"application\/ld+json\" class=\"yoast-schema-graph\">{\"@context\":\"https:\/\/schema.org\",\"@graph\":[{\"@type\":\"WebPage\",\"@id\":\"https:\/\/digiculture.eu\/outputs\/\",\"url\":\"https:\/\/digiculture.eu\/outputs\/\",\"name\":\"Outputs - Digital Culture - Erasmus+ European Project\",\"isPartOf\":{\"@id\":\"https:\/\/digiculture.eu\/#website\"},\"datePublished\":\"2019-01-20T17:21:29+00:00\",\"dateModified\":\"2020-12-08T14:52:32+00:00\",\"breadcrumb\":{\"@id\":\"https:\/\/digiculture.eu\/outputs\/#breadcrumb\"},\"inLanguage\":\"ga\",\"potentialAction\":[{\"@type\":\"ReadAction\",\"target\":[\"https:\/\/digiculture.eu\/outputs\/\"]}]},{\"@type\":\"BreadcrumbList\",\"@id\":\"https:\/\/digiculture.eu\/outputs\/#breadcrumb\",\"itemListElement\":[{\"@type\":\"ListItem\",\"position\":1,\"name\":\"Home\",\"item\":\"https:\/\/digiculture.eu\/\"},{\"@type\":\"ListItem\",\"position\":2,\"name\":\"Outputs\"}]},{\"@type\":\"WebSite\",\"@id\":\"https:\/\/digiculture.eu\/#website\",\"url\":\"https:\/\/digiculture.eu\/\",\"name\":\"Digital Culture - Erasmus+ European Project\",\"description\":\"Improving the Digital Competences and Social Inclusion of Adults in Creative Industries\",\"publisher\":{\"@id\":\"https:\/\/digiculture.eu\/#organization\"},\"potentialAction\":[{\"@type\":\"SearchAction\",\"target\":{\"@type\":\"EntryPoint\",\"urlTemplate\":\"https:\/\/digiculture.eu\/?s={search_term_string}\"},\"query-input\":\"required name=search_term_string\"}],\"inLanguage\":\"ga\"},{\"@type\":\"Organization\",\"@id\":\"https:\/\/digiculture.eu\/#organization\",\"name\":\"Digiculture\",\"url\":\"https:\/\/digiculture.eu\/\",\"logo\":{\"@type\":\"ImageObject\",\"inLanguage\":\"ga\",\"@id\":\"https:\/\/digiculture.eu\/#\/schema\/logo\/image\/\",\"url\":\"https:\/\/digiculture.eu\/wp-content\/uploads\/2019\/01\/Logo-Digi-Culture.png\",\"contentUrl\":\"https:\/\/digiculture.eu\/wp-content\/uploads\/2019\/01\/Logo-Digi-Culture.png\",\"width\":934,\"height\":386,\"caption\":\"Digiculture\"},\"image\":{\"@id\":\"https:\/\/digiculture.eu\/#\/schema\/logo\/image\/\"},\"sameAs\":[\"https:\/\/www.facebook.com\/CultureDigi\",\"https:\/\/twitter.com\/elearning_upt\"]}]}<\/script>\n<!-- \/ Yoast SEO plugin. -->","yoast_head_json":{"title":"Outputs - Digital Culture - Erasmus+ European Project","robots":{"index":"index","follow":"follow","max-snippet":"max-snippet:-1","max-image-preview":"max-image-preview:large","max-video-preview":"max-video-preview:-1"},"canonical":"https:\/\/digiculture.eu\/ga\/outputs\/","og_locale":"en_US","og_type":"article","og_title":"Outputs - Digital Culture - Erasmus+ European Project","og_description":"outputs ......Read More &rarr;","og_url":"https:\/\/digiculture.eu\/ga\/outputs\/","og_site_name":"Digital Culture - Erasmus+ European Project","article_publisher":"https:\/\/www.facebook.com\/CultureDigi","article_modified_time":"2020-12-08T14:52:32+00:00","twitter_card":"summary_large_image","twitter_site":"@elearning_upt","twitter_misc":{"Est. reading time":"1 minute"},"schema":{"@context":"https:\/\/schema.org","@graph":[{"@type":"WebPage","@id":"https:\/\/digiculture.eu\/outputs\/","url":"https:\/\/digiculture.eu\/outputs\/","name":"Outputs - Digital Culture - Erasmus+ European Project","isPartOf":{"@id":"https:\/\/digiculture.eu\/#website"},"datePublished":"2019-01-20T17:21:29+00:00","dateModified":"2020-12-08T14:52:32+00:00","breadcrumb":{"@id":"https:\/\/digiculture.eu\/outputs\/#breadcrumb"},"inLanguage":"ga","potentialAction":[{"@type":"ReadAction","target":["https:\/\/digiculture.eu\/outputs\/"]}]},{"@type":"BreadcrumbList","@id":"https:\/\/digiculture.eu\/outputs\/#breadcrumb","itemListElement":[{"@type":"ListItem","position":1,"name":"Home","item":"https:\/\/digiculture.eu\/"},{"@type":"ListItem","position":2,"name":"Outputs"}]},{"@type":"WebSite","@id":"https:\/\/digiculture.eu\/#website","url":"https:\/\/digiculture.eu\/","name":"Digital Culture - Erasmus+ European Project","description":"Improving the Digital Competences and Social Inclusion of Adults in Creative Industries","publisher":{"@id":"https:\/\/digiculture.eu\/#organization"},"potentialAction":[{"@type":"SearchAction","target":{"@type":"EntryPoint","urlTemplate":"https:\/\/digiculture.eu\/?s={search_term_string}"},"query-input":"required name=search_term_string"}],"inLanguage":"ga"},{"@type":"Organization","@id":"https:\/\/digiculture.eu\/#organization","name":"Digiculture","url":"https:\/\/digiculture.eu\/","logo":{"@type":"ImageObject","inLanguage":"ga","@id":"https:\/\/digiculture.eu\/#\/schema\/logo\/image\/","url":"https:\/\/digiculture.eu\/wp-content\/uploads\/2019\/01\/Logo-Digi-Culture.png","contentUrl":"https:\/\/digiculture.eu\/wp-content\/uploads\/2019\/01\/Logo-Digi-Culture.png","width":934,"height":386,"caption":"Digiculture"},"image":{"@id":"https:\/\/digiculture.eu\/#\/schema\/logo\/image\/"},"sameAs":["https:\/\/www.facebook.com\/CultureDigi","https:\/\/twitter.com\/elearning_upt"]}]}},"_links":{"self":[{"href":"https:\/\/digiculture.eu\/ga\/wp-json\/wp\/v2\/pages\/1734"}],"collection":[{"href":"https:\/\/digiculture.eu\/ga\/wp-json\/wp\/v2\/pages"}],"about":[{"href":"https:\/\/digiculture.eu\/ga\/wp-json\/wp\/v2\/types\/page"}],"author":[{"embeddable":true,"href":"https:\/\/digiculture.eu\/ga\/wp-json\/wp\/v2\/users\/5"}],"replies":[{"embeddable":true,"href":"https:\/\/digiculture.eu\/ga\/wp-json\/wp\/v2\/comments?post=1734"}],"version-history":[{"count":11,"href":"https:\/\/digiculture.eu\/ga\/wp-json\/wp\/v2\/pages\/1734\/revisions"}],"predecessor-version":[{"id":2744,"href":"https:\/\/digiculture.eu\/ga\/wp-json\/wp\/v2\/pages\/1734\/revisions\/2744"}],"wp:attachment":[{"href":"https:\/\/digiculture.eu\/ga\/wp-json\/wp\/v2\/media?parent=1734"}],"curies":[{"name":"wp","href":"https:\/\/api.w.org\/{rel}","templated":true}]}}