{"id":3877,"date":"2021-05-13T11:26:24","date_gmt":"2021-05-13T08:26:24","guid":{"rendered":"https:\/\/digiculture.eu\/?page_id=3877"},"modified":"2021-05-13T11:26:25","modified_gmt":"2021-05-13T08:26:25","slug":"online-digiculture-webinar-in-italy-developing-teachers-digital-skills-through-moocs-and-oers-in-a-museum-context","status":"publish","type":"page","link":"https:\/\/digiculture.eu\/de\/online-digiculture-webinar-in-italy-developing-teachers-digital-skills-through-moocs-and-oers-in-a-museum-context\/","title":{"rendered":"Online DigiCulture Webinar in Italien \u201eEntwicklung digitaler Kompetenzen von Lehrkr\u00e4ften durch MOOCs und OERs im Museumskontext\u201c"},"content":{"rendered":"<p>Am 19<sup>das<\/sup> M\u00e4rz 2021, DigiCulture-Workshop wurde w\u00e4hrend der 4.<sup>das<\/sup> Ausgabe der Fiera Didacta, ein unverzichtbares Treffen f\u00fcr Lehrer, Schulleiter, Ausbilder und alle Personen, die im Bildungsbereich t\u00e4tig sind: Es ist die wichtigste Veranstaltung zum Thema Innovation in der Schule in Italien.<\/p>\n\n\n\n<p>Der Digiculture-Workshop gibt den Teilnehmern die M\u00f6glichkeit, Leitlinien f\u00fcr einen MOOC zu digitalen Kompetenzen f\u00fcr Akteure der Creative Industries (CI), insbesondere in Museen, zu entwickeln. W\u00e4hrend des Workshops wurden die Teilnehmer gebeten, in kleinen interdisziplin\u00e4ren Gruppen zu arbeiten, um einen MOOC zur Entwicklung digitaler Kompetenzen im Bildungsbereich zu entwerfen, der in DAD nach verschiedenen Bildungsstufen integriert werden soll.<\/p>\n\n\n\n<p>Antonella Poce und Maria Rosaria Re sprachen \u00fcber die Entwicklung digitaler Kompetenzen durch MOOCs und OERs im Museumskontext und pr\u00e4sentierten DigiCulture-Kurse zur Entwicklung digitaler Kompetenzen bei CI-Experten.<\/p>\n\n\n\n<p>Die Debatte fand online statt, sie sollte den Dialog zwischen den am Bildungssystem interessierten Hauptakteuren anregen und st\u00e4rken und die F\u00f6rderung digitaler Kompetenzen im musealen Kontext erleichtern. Der Vortrag weckte das Interesse der 15 Teilnehmer und es folgten eine Reihe konstruktiver und interessanter Fragen und Diskussionen im Chat-Bereich.<\/p>","protected":false},"excerpt":{"rendered":"<p>Am 19. M\u00e4rz 2021 wurde der DigiCulture-Workshop w\u00e4hrend der 4. Ausgabe der Fiera Didacta pr\u00e4sentiert, einem unverzichtbaren Treffen f\u00fcr Lehrer, Schulleiter, Ausbilder und alle Personen, die im Bildungsbereich t\u00e4tig sind: Es ist die wichtigste Veranstaltung zum Thema Innovation in der Schule in Italien. Der Digiculture-Workshop gibt den Teilnehmern die M\u00f6glichkeit,<span class=\"more-link\"><a href=\"https:\/\/digiculture.eu\/de\/online-digiculture-webinar-in-italy-developing-teachers-digital-skills-through-moocs-and-oers-in-a-museum-context\/\">Read More &rarr;<\/a><\/span><\/p>","protected":false},"author":8,"featured_media":3875,"parent":0,"menu_order":0,"comment_status":"closed","ping_status":"closed","template":"","meta":{"_mi_skip_tracking":false,"_monsterinsights_sitenote_active":false,"_monsterinsights_sitenote_note":"","_monsterinsights_sitenote_category":0,"footnotes":""},"yoast_head":"<!-- This site is optimized with the Yoast SEO plugin v21.5 - https:\/\/yoast.com\/wordpress\/plugins\/seo\/ -->\n<title>Online DigiCulture webinar in Italy &quot;Developing teachers&#039; digital skills through MOOCs and OERs in a museum context&quot; - Digital Culture - Erasmus+ European Project<\/title>\n<meta name=\"robots\" content=\"index, follow, max-snippet:-1, max-image-preview:large, max-video-preview:-1\" \/>\n<link rel=\"canonical\" href=\"https:\/\/digiculture.eu\/de\/online-digiculture-webinar-in-italy-developing-teachers-digital-skills-through-moocs-and-oers-in-a-museum-context\/\" \/>\n<meta property=\"og:locale\" content=\"de_DE\" \/>\n<meta property=\"og:type\" content=\"article\" \/>\n<meta property=\"og:title\" content=\"Online DigiCulture webinar in Italy &quot;Developing teachers&#039; digital skills through MOOCs and OERs in a museum context&quot; - Digital Culture - Erasmus+ European Project\" \/>\n<meta property=\"og:description\" content=\"On the 19th March 2021, DigiCulture workshop was presented during the 4th edition of Fiera Didacta, an unmissable meeting for teachers, headmasters, trainers and every person who works in educational field: it is the most important event about innovation at school in Italy. Digiculture workshop gives participants the opportunity toRead More &rarr;\" \/>\n<meta property=\"og:url\" content=\"https:\/\/digiculture.eu\/de\/online-digiculture-webinar-in-italy-developing-teachers-digital-skills-through-moocs-and-oers-in-a-museum-context\/\" \/>\n<meta property=\"og:site_name\" content=\"Digital Culture - Erasmus+ European Project\" \/>\n<meta property=\"article:publisher\" content=\"https:\/\/www.facebook.com\/CultureDigi\" \/>\n<meta property=\"article:modified_time\" content=\"2021-05-13T08:26:25+00:00\" \/>\n<meta property=\"og:image\" content=\"https:\/\/digiculture.eu\/wp-content\/uploads\/2021\/05\/Schermata-2021-03-19-alle-15.07.01.png\" \/>\n\t<meta property=\"og:image:width\" content=\"1325\" \/>\n\t<meta property=\"og:image:height\" content=\"898\" \/>\n\t<meta property=\"og:image:type\" content=\"image\/png\" \/>\n<meta name=\"twitter:card\" content=\"summary_large_image\" \/>\n<meta name=\"twitter:site\" content=\"@elearning_upt\" \/>\n<meta name=\"twitter:label1\" content=\"Gesch\u00e4tzte Lesezeit\" \/>\n\t<meta name=\"twitter:data1\" content=\"1\u00a0Minute\" \/>\n<script type=\"application\/ld+json\" class=\"yoast-schema-graph\">{\"@context\":\"https:\/\/schema.org\",\"@graph\":[{\"@type\":\"WebPage\",\"@id\":\"https:\/\/digiculture.eu\/online-digiculture-webinar-in-italy-developing-teachers-digital-skills-through-moocs-and-oers-in-a-museum-context\/\",\"url\":\"https:\/\/digiculture.eu\/online-digiculture-webinar-in-italy-developing-teachers-digital-skills-through-moocs-and-oers-in-a-museum-context\/\",\"name\":\"Online DigiCulture webinar in Italy \\\"Developing teachers' digital skills through MOOCs and OERs in a museum context\\\" - Digital Culture - Erasmus+ European Project\",\"isPartOf\":{\"@id\":\"https:\/\/digiculture.eu\/#website\"},\"datePublished\":\"2021-05-13T08:26:24+00:00\",\"dateModified\":\"2021-05-13T08:26:25+00:00\",\"breadcrumb\":{\"@id\":\"https:\/\/digiculture.eu\/online-digiculture-webinar-in-italy-developing-teachers-digital-skills-through-moocs-and-oers-in-a-museum-context\/#breadcrumb\"},\"inLanguage\":\"de\",\"potentialAction\":[{\"@type\":\"ReadAction\",\"target\":[\"https:\/\/digiculture.eu\/online-digiculture-webinar-in-italy-developing-teachers-digital-skills-through-moocs-and-oers-in-a-museum-context\/\"]}]},{\"@type\":\"BreadcrumbList\",\"@id\":\"https:\/\/digiculture.eu\/online-digiculture-webinar-in-italy-developing-teachers-digital-skills-through-moocs-and-oers-in-a-museum-context\/#breadcrumb\",\"itemListElement\":[{\"@type\":\"ListItem\",\"position\":1,\"name\":\"Home\",\"item\":\"https:\/\/digiculture.eu\/\"},{\"@type\":\"ListItem\",\"position\":2,\"name\":\"Online DigiCulture webinar in Italy &#8220;Developing teachers&#8217; digital skills through MOOCs and OERs in a museum context&#8221;\"}]},{\"@type\":\"WebSite\",\"@id\":\"https:\/\/digiculture.eu\/#website\",\"url\":\"https:\/\/digiculture.eu\/\",\"name\":\"Digital Culture - Erasmus+ European Project\",\"description\":\"Improving the Digital Competences and Social Inclusion of Adults in Creative Industries\",\"publisher\":{\"@id\":\"https:\/\/digiculture.eu\/#organization\"},\"potentialAction\":[{\"@type\":\"SearchAction\",\"target\":{\"@type\":\"EntryPoint\",\"urlTemplate\":\"https:\/\/digiculture.eu\/?s={search_term_string}\"},\"query-input\":\"required name=search_term_string\"}],\"inLanguage\":\"de\"},{\"@type\":\"Organization\",\"@id\":\"https:\/\/digiculture.eu\/#organization\",\"name\":\"Digiculture\",\"url\":\"https:\/\/digiculture.eu\/\",\"logo\":{\"@type\":\"ImageObject\",\"inLanguage\":\"de\",\"@id\":\"https:\/\/digiculture.eu\/#\/schema\/logo\/image\/\",\"url\":\"https:\/\/digiculture.eu\/wp-content\/uploads\/2019\/01\/Logo-Digi-Culture.png\",\"contentUrl\":\"https:\/\/digiculture.eu\/wp-content\/uploads\/2019\/01\/Logo-Digi-Culture.png\",\"width\":934,\"height\":386,\"caption\":\"Digiculture\"},\"image\":{\"@id\":\"https:\/\/digiculture.eu\/#\/schema\/logo\/image\/\"},\"sameAs\":[\"https:\/\/www.facebook.com\/CultureDigi\",\"https:\/\/twitter.com\/elearning_upt\"]}]}<\/script>\n<!-- \/ Yoast SEO plugin. -->","yoast_head_json":{"title":"Online DigiCulture webinar in Italy \"Developing teachers' digital skills through MOOCs and OERs in a museum context\" - Digital Culture - Erasmus+ European Project","robots":{"index":"index","follow":"follow","max-snippet":"max-snippet:-1","max-image-preview":"max-image-preview:large","max-video-preview":"max-video-preview:-1"},"canonical":"https:\/\/digiculture.eu\/de\/online-digiculture-webinar-in-italy-developing-teachers-digital-skills-through-moocs-and-oers-in-a-museum-context\/","og_locale":"de_DE","og_type":"article","og_title":"Online DigiCulture webinar in Italy \"Developing teachers' digital skills through MOOCs and OERs in a museum context\" - Digital Culture - Erasmus+ European Project","og_description":"On the 19th March 2021, DigiCulture workshop was presented during the 4th edition of Fiera Didacta, an unmissable meeting for teachers, headmasters, trainers and every person who works in educational field: it is the most important event about innovation at school in Italy. Digiculture workshop gives participants the opportunity toRead More &rarr;","og_url":"https:\/\/digiculture.eu\/de\/online-digiculture-webinar-in-italy-developing-teachers-digital-skills-through-moocs-and-oers-in-a-museum-context\/","og_site_name":"Digital Culture - Erasmus+ European Project","article_publisher":"https:\/\/www.facebook.com\/CultureDigi","article_modified_time":"2021-05-13T08:26:25+00:00","og_image":[{"width":1325,"height":898,"url":"https:\/\/digiculture.eu\/wp-content\/uploads\/2021\/05\/Schermata-2021-03-19-alle-15.07.01.png","type":"image\/png"}],"twitter_card":"summary_large_image","twitter_site":"@elearning_upt","twitter_misc":{"Gesch\u00e4tzte Lesezeit":"1\u00a0Minute"},"schema":{"@context":"https:\/\/schema.org","@graph":[{"@type":"WebPage","@id":"https:\/\/digiculture.eu\/online-digiculture-webinar-in-italy-developing-teachers-digital-skills-through-moocs-and-oers-in-a-museum-context\/","url":"https:\/\/digiculture.eu\/online-digiculture-webinar-in-italy-developing-teachers-digital-skills-through-moocs-and-oers-in-a-museum-context\/","name":"Online DigiCulture webinar in Italy \"Developing teachers' digital skills through MOOCs and OERs in a museum context\" - Digital Culture - Erasmus+ European Project","isPartOf":{"@id":"https:\/\/digiculture.eu\/#website"},"datePublished":"2021-05-13T08:26:24+00:00","dateModified":"2021-05-13T08:26:25+00:00","breadcrumb":{"@id":"https:\/\/digiculture.eu\/online-digiculture-webinar-in-italy-developing-teachers-digital-skills-through-moocs-and-oers-in-a-museum-context\/#breadcrumb"},"inLanguage":"de","potentialAction":[{"@type":"ReadAction","target":["https:\/\/digiculture.eu\/online-digiculture-webinar-in-italy-developing-teachers-digital-skills-through-moocs-and-oers-in-a-museum-context\/"]}]},{"@type":"BreadcrumbList","@id":"https:\/\/digiculture.eu\/online-digiculture-webinar-in-italy-developing-teachers-digital-skills-through-moocs-and-oers-in-a-museum-context\/#breadcrumb","itemListElement":[{"@type":"ListItem","position":1,"name":"Home","item":"https:\/\/digiculture.eu\/"},{"@type":"ListItem","position":2,"name":"Online DigiCulture webinar in Italy &#8220;Developing teachers&#8217; digital skills through MOOCs and OERs in a museum context&#8221;"}]},{"@type":"WebSite","@id":"https:\/\/digiculture.eu\/#website","url":"https:\/\/digiculture.eu\/","name":"Digital Culture - Erasmus+ European Project","description":"Improving the Digital Competences and Social Inclusion of Adults in Creative Industries","publisher":{"@id":"https:\/\/digiculture.eu\/#organization"},"potentialAction":[{"@type":"SearchAction","target":{"@type":"EntryPoint","urlTemplate":"https:\/\/digiculture.eu\/?s={search_term_string}"},"query-input":"required name=search_term_string"}],"inLanguage":"de"},{"@type":"Organization","@id":"https:\/\/digiculture.eu\/#organization","name":"Digiculture","url":"https:\/\/digiculture.eu\/","logo":{"@type":"ImageObject","inLanguage":"de","@id":"https:\/\/digiculture.eu\/#\/schema\/logo\/image\/","url":"https:\/\/digiculture.eu\/wp-content\/uploads\/2019\/01\/Logo-Digi-Culture.png","contentUrl":"https:\/\/digiculture.eu\/wp-content\/uploads\/2019\/01\/Logo-Digi-Culture.png","width":934,"height":386,"caption":"Digiculture"},"image":{"@id":"https:\/\/digiculture.eu\/#\/schema\/logo\/image\/"},"sameAs":["https:\/\/www.facebook.com\/CultureDigi","https:\/\/twitter.com\/elearning_upt"]}]}},"_links":{"self":[{"href":"https:\/\/digiculture.eu\/de\/wp-json\/wp\/v2\/pages\/3877"}],"collection":[{"href":"https:\/\/digiculture.eu\/de\/wp-json\/wp\/v2\/pages"}],"about":[{"href":"https:\/\/digiculture.eu\/de\/wp-json\/wp\/v2\/types\/page"}],"author":[{"embeddable":true,"href":"https:\/\/digiculture.eu\/de\/wp-json\/wp\/v2\/users\/8"}],"replies":[{"embeddable":true,"href":"https:\/\/digiculture.eu\/de\/wp-json\/wp\/v2\/comments?post=3877"}],"version-history":[{"count":2,"href":"https:\/\/digiculture.eu\/de\/wp-json\/wp\/v2\/pages\/3877\/revisions"}],"predecessor-version":[{"id":4570,"href":"https:\/\/digiculture.eu\/de\/wp-json\/wp\/v2\/pages\/3877\/revisions\/4570"}],"wp:featuredmedia":[{"embeddable":true,"href":"https:\/\/digiculture.eu\/de\/wp-json\/wp\/v2\/media\/3875"}],"wp:attachment":[{"href":"https:\/\/digiculture.eu\/de\/wp-json\/wp\/v2\/media?parent=3877"}],"curies":[{"name":"wp","href":"https:\/\/api.w.org\/{rel}","templated":true}]}}