{"id":3365,"date":"2021-04-05T23:15:33","date_gmt":"2021-04-05T20:15:33","guid":{"rendered":"https:\/\/digiculture.eu\/?page_id=3365"},"modified":"2021-04-18T19:00:43","modified_gmt":"2021-04-18T16:00:43","slug":"privacy-policy","status":"publish","type":"page","link":"https:\/\/digiculture.eu\/de\/privacy-policy\/","title":{"rendered":"Datenschutz-Bestimmungen"},"content":{"rendered":"<p>Ihre Privatsph\u00e4re ist uns wichtig. Es ist die Politik der Politehnica University of Timisoara, Ihre Privatsph\u00e4re zu respektieren und alle geltenden Gesetze und Vorschriften in Bezug auf alle personenbezogenen Daten einzuhalten, die wir \u00fcber Sie sammeln, einschlie\u00dflich auf unserer Website,&nbsp;<a href=\"https:\/\/digiculture.eu\/de\/\">https:\/\/digiculture.eu\/<\/a>, und andere Websites, die wir besitzen und betreiben.<\/p>\n\n\n\n<p>Diese Richtlinie gilt ab dem 1. Oktober 2018 und wurde zuletzt am 5. April 2021 aktualisiert.<\/p>\n\n\n\n<h3 class=\"wp-block-heading\">Informationen, die wir sammeln<\/h3>\n\n\n\n<p>Zu den von uns gesammelten Informationen geh\u00f6ren sowohl Informationen, die Sie uns wissentlich und aktiv zur Verf\u00fcgung stellen, wenn Sie unsere Dienste und Werbeaktionen nutzen oder daran teilnehmen, als auch alle Informationen, die automatisch von Ihren Ger\u00e4ten beim Zugriff auf unsere Produkte und Dienste gesendet werden.<\/p>\n\n\n\n<h4 class=\"wp-block-heading\">Logdaten<\/h4>\n\n\n\n<p>Wenn Sie unsere Website besuchen, k\u00f6nnen unsere Server automatisch die Standarddaten Ihres Webbrowsers protokollieren. Dies kann die Internet Protocol (IP)-Adresse Ihres Ger\u00e4ts, Ihren Browsertyp und -version, die von Ihnen besuchten Seiten, die Uhrzeit und das Datum Ihres Besuchs, die auf jeder Seite verbrachte Zeit, andere Details zu Ihrem Besuch und technische Details enthalten, die in in Verbindung mit eventuell auftretenden Fehlern.<\/p>\n\n\n\n<p>Bitte beachten Sie, dass diese Informationen zwar nicht an sich pers\u00f6nlich identifizierbar sind, jedoch m\u00f6glicherweise mit anderen Daten kombiniert werden k\u00f6nnen, um einzelne Personen pers\u00f6nlich zu identifizieren.<\/p>\n\n\n\n<h4 class=\"wp-block-heading\">Pers\u00f6nliche Angaben<\/h4>\n\n\n\n<p>Wir k\u00f6nnen nach personenbezogenen Daten fragen, die eine oder mehrere der folgenden Angaben enthalten k\u00f6nnen:<\/p>\n\n\n\n<p>N \/ A<\/p>\n\n\n\n<h4 class=\"wp-block-heading\">Berechtigte Gr\u00fcnde f\u00fcr die Verarbeitung Ihrer personenbezogenen Daten<\/h4>\n\n\n\n<p>Wir erheben und verwenden Ihre personenbezogenen Daten nur, wenn daf\u00fcr ein berechtigter Grund vorliegt. In diesem Fall erfassen wir nur personenbezogene Daten, die vern\u00fcnftigerweise erforderlich sind, um Ihnen unsere Dienstleistungen bereitzustellen.<\/p>\n\n\n\n<h4 class=\"wp-block-heading\">Erhebung und Verwendung von Informationen<\/h4>\n\n\n\n<p>Wir k\u00f6nnen personenbezogene Daten von Ihnen erheben, wenn Sie auf unserer Website eine der folgenden Aktionen ausf\u00fchren:<\/p>\n\n\n\n<ul><li>Verwenden Sie ein mobiles Ger\u00e4t oder einen Webbrowser, um auf unsere Inhalte zuzugreifen<\/li><li>Kontaktieren Sie uns per E-Mail, Social Media oder \u00e4hnlichen Technologien<\/li><li>Wenn Sie uns in den sozialen Medien erw\u00e4hnen<\/li><\/ul>\n\n\n\n<p>Wir k\u00f6nnen Informationen f\u00fcr die folgenden Zwecke erheben, speichern, verwenden und offenlegen, und personenbezogene Daten werden nicht in einer Weise weiterverarbeitet, die mit diesen Zwecken nicht vereinbar ist:<\/p>\n\n\n\n<ul><li>f\u00fcr Analysen, Marktforschung und Gesch\u00e4ftsentwicklung, einschlie\u00dflich des Betriebs und der Verbesserung unserer Website, zugeh\u00f6riger Anwendungen und zugeh\u00f6riger Social-Media-Plattformen<\/li><\/ul>\n\n\n\n<p>Bitte beachten Sie, dass wir Informationen, die wir \u00fcber Sie sammeln, m\u00f6glicherweise mit allgemeinen Informationen oder Forschungsdaten kombinieren, die wir aus anderen vertrauensw\u00fcrdigen Quellen erhalten.<\/p>\n\n\n\n<h4 class=\"wp-block-heading\">Sicherheit Ihrer pers\u00f6nlichen Daten<\/h4>\n\n\n\n<p>Wenn wir personenbezogene Daten erheben und verarbeiten und diese Daten aufbewahren, werden wir sie mit wirtschaftlich akzeptablen Mitteln sch\u00fctzen, um Verlust und Diebstahl sowie unbefugten Zugriff, Offenlegung, Kopieren, Verwendung oder \u00c4nderung zu verhindern.<\/p>\n\n\n\n<p>Obwohl wir unser Bestes tun, um die von Ihnen bereitgestellten personenbezogenen Daten zu sch\u00fctzen, weisen wir darauf hin, dass keine Methode der elektronischen \u00dcbertragung oder Speicherung 100% sicher ist und niemand absolute Datensicherheit garantieren kann. Wir werden die f\u00fcr uns geltenden Gesetze in Bezug auf Datenschutzverletzungen einhalten.<\/p>\n\n\n\n<p>Sie sind daf\u00fcr verantwortlich, jedes Passwort und seine allgemeine Sicherheitsst\u00e4rke auszuw\u00e4hlen, um die Sicherheit Ihrer eigenen Informationen im Rahmen unserer Dienste zu gew\u00e4hrleisten.<\/p>\n\n\n\n<h4 class=\"wp-block-heading\">Wie lange wir Ihre personenbezogenen Daten aufbewahren<\/h4>\n\n\n\n<p>Wir bewahren Ihre personenbezogenen Daten nur so lange auf, wie wir es brauchen. Dieser Zeitraum kann davon abh\u00e4ngen, wof\u00fcr wir Ihre Daten gem\u00e4\u00df dieser Datenschutzrichtlinie verwenden. Wenn Ihre personenbezogenen Daten nicht mehr ben\u00f6tigt werden, werden wir diese l\u00f6schen oder anonymisieren, indem wir alle Daten entfernen, die Sie identifizieren.<\/p>\n\n\n\n<p>Falls erforderlich, k\u00f6nnen wir Ihre personenbezogenen Daten jedoch zur Erf\u00fcllung einer gesetzlichen, buchhalterischen oder Meldepflicht oder zu Archivierungszwecken im \u00f6ffentlichen Interesse, zu wissenschaftlichen oder historischen Forschungszwecken oder zu statistischen Zwecken aufbewahren.<\/p>\n\n\n\n<h3 class=\"wp-block-heading\">Datenschutz f\u00fcr Kinder<\/h3>\n\n\n\n<p>Wir richten unsere Produkte oder Dienstleistungen nicht direkt an Kinder unter 13 Jahren und sammeln wissentlich keine personenbezogenen Daten von Kindern unter 13 Jahren.<\/p>\n\n\n\n<h3 class=\"wp-block-heading\">Weitergabe personenbezogener Daten an Dritte<\/h3>\n\n\n\n<p>Wir k\u00f6nnen personenbezogene Daten offenlegen an:<\/p>\n\n\n\n<ul><li>ein Mutterunternehmen, eine Tochtergesellschaft oder ein verbundenes Unternehmen unseres Unternehmens<\/li><li>Drittanbieter, um ihnen die Erbringung ihrer Dienste zu erm\u00f6glichen, z. B. IT-Dienstleister, Datenspeicher-, Hosting- und Serveranbieter, Werbetreibende oder Analyseplattformen<\/li><li>unsere Mitarbeiter, Auftragnehmer und\/oder verbundenen Unternehmen<\/li><li>unsere bestehenden oder potenziellen Agenten oder Gesch\u00e4ftspartner<\/li><li>Sponsoren oder Promoter von Wettbewerben, Gewinnspielen oder Werbeaktionen, die wir durchf\u00fchren<\/li><li>Gerichte, Gerichte, Regulierungsbeh\u00f6rden und Strafverfolgungsbeh\u00f6rden, wie gesetzlich vorgeschrieben, im Zusammenhang mit aktuellen oder zuk\u00fcnftigen Gerichtsverfahren oder um unsere gesetzlichen Rechte zu begr\u00fcnden, auszu\u00fcben oder zu verteidigen<\/li><li>Dritte, einschlie\u00dflich Vertreter oder Subunternehmer, die uns bei der Bereitstellung von Informationen, Produkten, Dienstleistungen oder Direktmarketing an Sie unterst\u00fctzen, um Daten zu erheben und zu verarbeiten process<\/li><\/ul>\n\n\n\n<h3 class=\"wp-block-heading\">Internationale \u00dcbertragungen personenbezogener Daten<\/h3>\n\n\n\n<p>Die von uns erfassten personenbezogenen Daten werden dort gespeichert und\/oder verarbeitet, wo wir oder unsere Partner, verbundene Unternehmen und Drittanbieter Einrichtungen unterhalten. Bitte beachten Sie, dass die Orte, an denen wir Ihre personenbezogenen Daten speichern, verarbeiten oder \u00fcbermitteln, m\u00f6glicherweise nicht denselben Datenschutzgesetzen unterliegen wie das Land, in dem Sie die Daten urspr\u00fcnglich bereitgestellt haben. Wenn wir Ihre personenbezogenen Daten an Dritte in anderen L\u00e4ndern \u00fcbermitteln: (i) f\u00fchren wir diese \u00dcbermittlungen gem\u00e4\u00df den Anforderungen des geltenden Rechts durch; und (ii) wir werden die \u00fcbertragenen personenbezogenen Daten gem\u00e4\u00df dieser Datenschutzrichtlinie sch\u00fctzen.<\/p>\n\n\n\n<h3 class=\"wp-block-heading\">Ihre Rechte und Kontrolle Ihrer personenbezogenen Daten<\/h3>\n\n\n\n<p>Sie haben jederzeit das Recht, uns personenbezogene Daten vorzuenthalten, mit dem Verst\u00e4ndnis, dass Ihre Erfahrung mit unserer Website beeintr\u00e4chtigt werden kann. Wir werden Sie nicht diskriminieren, wenn Sie eines Ihrer Rechte an Ihren personenbezogenen Daten aus\u00fcben. Wenn Sie uns personenbezogene Daten zur Verf\u00fcgung stellen, verstehen Sie, dass wir diese in \u00dcbereinstimmung mit dieser Datenschutzrichtlinie erheben, speichern, verwenden und offenlegen. Sie behalten sich das Recht vor, Einzelheiten zu allen personenbezogenen Daten anzufordern, die wir \u00fcber Sie gespeichert haben.<\/p>\n\n\n\n<p>Wenn wir personenbezogene Daten \u00fcber Sie von einem Dritten erhalten, werden wir diese gem\u00e4\u00df dieser Datenschutzerkl\u00e4rung sch\u00fctzen. Wenn Sie ein Dritter sind, der personenbezogene Daten \u00fcber eine andere Person bereitstellt, erkl\u00e4ren und garantieren Sie, dass Sie die Zustimmung dieser Person haben, uns die personenbezogenen Daten zur Verf\u00fcgung zu stellen.<\/p>\n\n\n\n<p>Wenn Sie zuvor zugestimmt haben, dass wir Ihre personenbezogenen Daten f\u00fcr Direktmarketingzwecke verwenden, k\u00f6nnen Sie Ihre Meinung jederzeit \u00e4ndern. Wir bieten Ihnen die M\u00f6glichkeit, sich von unserer E-Mail-Datenbank abzumelden oder sich von der Kommunikation abzumelden. Bitte beachten Sie, dass wir m\u00f6glicherweise bestimmte Informationen von Ihnen anfordern m\u00fcssen, um Ihre Identit\u00e4t zu best\u00e4tigen.<\/p>\n\n\n\n<p>Wenn Sie der Meinung sind, dass Informationen, die wir \u00fcber Sie gespeichert haben, ungenau, veraltet, unvollst\u00e4ndig, irrelevant oder irref\u00fchrend sind, kontaktieren Sie uns bitte \u00fcber die in dieser Datenschutzerkl\u00e4rung angegebenen Daten. Wir werden angemessene Schritte unternehmen, um Informationen zu korrigieren, die sich als ungenau, unvollst\u00e4ndig, irref\u00fchrend oder veraltet herausstellen.<\/p>\n\n\n\n<p>Wenn Sie der Meinung sind, dass wir gegen ein relevantes Datenschutzgesetz versto\u00dfen haben und eine Beschwerde einreichen m\u00f6chten, kontaktieren Sie uns bitte \u00fcber die untenstehenden Kontaktdaten und teilen Sie uns alle Einzelheiten des mutma\u00dflichen Versto\u00dfes mit. Wir werden Ihre Beschwerde umgehend untersuchen und Ihnen schriftlich antworten, wobei wir das Ergebnis unserer Untersuchung und die Schritte darlegen, die wir unternehmen werden, um Ihre Beschwerde zu bearbeiten. Sie haben au\u00dferdem das Recht, sich im Zusammenhang mit Ihrer Beschwerde an eine Aufsichtsbeh\u00f6rde oder Datenschutzbeh\u00f6rde zu wenden.<\/p>\n\n\n\n<h3 class=\"wp-block-heading\">Verwendung von Cookies<\/h3>\n\n\n\n<p>Wir verwenden \u201eCookies\u201c, um Informationen \u00fcber Sie und Ihre Aktivit\u00e4ten auf unserer Website zu sammeln. Ein Cookie ist ein kleines Datenelement, das unsere Website auf Ihrem Computer speichert und bei jedem Besuch auf sie zugreift, damit wir verstehen k\u00f6nnen, wie Sie unsere Website nutzen. Dies hilft uns, Ihnen Inhalte basierend auf den von Ihnen angegebenen Pr\u00e4ferenzen bereitzustellen.<\/p>\n\n\n\n<h3 class=\"wp-block-heading\">Grenzen unserer Richtlinie<\/h3>\n\n\n\n<p>Unsere Website kann auf externe Seiten verweisen, die nicht von uns betrieben werden. Bitte beachten Sie, dass wir keine Kontrolle \u00fcber den Inhalt und die Richtlinien dieser Websites haben und keine Verantwortung oder Haftung f\u00fcr deren jeweilige Datenschutzpraktiken \u00fcbernehmen k\u00f6nnen.<\/p>\n\n\n\n<h3 class=\"wp-block-heading\">\u00c4nderungen an dieser Richtlinie<\/h3>\n\n\n\n<p>Nach eigenem Ermessen k\u00f6nnen wir unsere Datenschutzrichtlinie \u00e4ndern, um Aktualisierungen unserer Gesch\u00e4ftsprozesse, aktuellen akzeptablen Praktiken oder gesetzlichen oder beh\u00f6rdlichen \u00c4nderungen widerzuspiegeln. Wenn wir beschlie\u00dfen, diese Datenschutzrichtlinie zu \u00e4ndern, werden wir die \u00c4nderungen hier unter demselben Link ver\u00f6ffentlichen, \u00fcber den Sie auf diese Datenschutzrichtlinie zugreifen.<\/p>\n\n\n\n<p>Falls gesetzlich vorgeschrieben, werden wir Ihre Erlaubnis einholen oder Ihnen die M\u00f6glichkeit geben, sich f\u00fcr jede neue Verwendung Ihrer personenbezogenen Daten zu entscheiden oder diese abzulehnen.<\/p>\n\n\n\n<h3 class=\"wp-block-heading\">Kontaktiere uns<\/h3>\n\n\n\n<p>Bei Fragen oder Bedenken bez\u00fcglich Ihrer Privatsph\u00e4re k\u00f6nnen Sie uns unter den folgenden Kontaktdaten kontaktieren:<\/p>\n\n\n\n<p>Diana Andone<br>diana.andone@upt.ro<\/p>","protected":false},"excerpt":{"rendered":"<p>Your privacy is important to us. It is Politehnica University of Timisoara&#8217;s policy to respect your privacy and comply with any applicable law and regulation regarding any personal information we may collect about you, including across our website,&nbsp;https:\/\/digiculture.eu\/, and other sites we own and operate. This policy is effective as<span class=\"more-link\"><a href=\"https:\/\/digiculture.eu\/de\/privacy-policy\/\">Read More &rarr;<\/a><\/span><\/p>","protected":false},"author":5,"featured_media":0,"parent":0,"menu_order":0,"comment_status":"closed","ping_status":"closed","template":"","meta":{"_mi_skip_tracking":false,"_monsterinsights_sitenote_active":false,"_monsterinsights_sitenote_note":"","_monsterinsights_sitenote_category":0,"footnotes":""},"yoast_head":"<!-- This site is optimized with the Yoast SEO plugin v21.5 - https:\/\/yoast.com\/wordpress\/plugins\/seo\/ -->\n<title>Privacy Policy - Digital Culture - Erasmus+ European Project<\/title>\n<meta name=\"robots\" content=\"index, follow, max-snippet:-1, max-image-preview:large, max-video-preview:-1\" \/>\n<link rel=\"canonical\" href=\"https:\/\/digiculture.eu\/de\/privacy-policy\/\" \/>\n<meta property=\"og:locale\" content=\"de_DE\" \/>\n<meta property=\"og:type\" content=\"article\" \/>\n<meta property=\"og:title\" content=\"Privacy Policy - Digital Culture - Erasmus+ European Project\" \/>\n<meta property=\"og:description\" content=\"Your privacy is important to us. It is Politehnica University of Timisoara&#8217;s policy to respect your privacy and comply with any applicable law and regulation regarding any personal information we may collect about you, including across our website,&nbsp;https:\/\/digiculture.eu\/, and other sites we own and operate. This policy is effective asRead More &rarr;\" \/>\n<meta property=\"og:url\" content=\"https:\/\/digiculture.eu\/de\/privacy-policy\/\" \/>\n<meta property=\"og:site_name\" content=\"Digital Culture - Erasmus+ European Project\" \/>\n<meta property=\"article:publisher\" content=\"https:\/\/www.facebook.com\/CultureDigi\" \/>\n<meta property=\"article:modified_time\" content=\"2021-04-18T16:00:43+00:00\" \/>\n<meta name=\"twitter:card\" content=\"summary_large_image\" \/>\n<meta name=\"twitter:site\" content=\"@elearning_upt\" \/>\n<meta name=\"twitter:label1\" content=\"Gesch\u00e4tzte Lesezeit\" \/>\n\t<meta name=\"twitter:data1\" content=\"7\u00a0Minuten\" \/>\n<script type=\"application\/ld+json\" class=\"yoast-schema-graph\">{\"@context\":\"https:\/\/schema.org\",\"@graph\":[{\"@type\":\"WebPage\",\"@id\":\"https:\/\/digiculture.eu\/privacy-policy\/\",\"url\":\"https:\/\/digiculture.eu\/privacy-policy\/\",\"name\":\"Privacy Policy - Digital Culture - Erasmus+ European Project\",\"isPartOf\":{\"@id\":\"https:\/\/digiculture.eu\/#website\"},\"datePublished\":\"2021-04-05T20:15:33+00:00\",\"dateModified\":\"2021-04-18T16:00:43+00:00\",\"breadcrumb\":{\"@id\":\"https:\/\/digiculture.eu\/privacy-policy\/#breadcrumb\"},\"inLanguage\":\"de\",\"potentialAction\":[{\"@type\":\"ReadAction\",\"target\":[\"https:\/\/digiculture.eu\/privacy-policy\/\"]}]},{\"@type\":\"BreadcrumbList\",\"@id\":\"https:\/\/digiculture.eu\/privacy-policy\/#breadcrumb\",\"itemListElement\":[{\"@type\":\"ListItem\",\"position\":1,\"name\":\"Home\",\"item\":\"https:\/\/digiculture.eu\/\"},{\"@type\":\"ListItem\",\"position\":2,\"name\":\"Privacy Policy\"}]},{\"@type\":\"WebSite\",\"@id\":\"https:\/\/digiculture.eu\/#website\",\"url\":\"https:\/\/digiculture.eu\/\",\"name\":\"Digital Culture - Erasmus+ European Project\",\"description\":\"Improving the Digital Competences and Social Inclusion of Adults in Creative Industries\",\"publisher\":{\"@id\":\"https:\/\/digiculture.eu\/#organization\"},\"potentialAction\":[{\"@type\":\"SearchAction\",\"target\":{\"@type\":\"EntryPoint\",\"urlTemplate\":\"https:\/\/digiculture.eu\/?s={search_term_string}\"},\"query-input\":\"required name=search_term_string\"}],\"inLanguage\":\"de\"},{\"@type\":\"Organization\",\"@id\":\"https:\/\/digiculture.eu\/#organization\",\"name\":\"Digiculture\",\"url\":\"https:\/\/digiculture.eu\/\",\"logo\":{\"@type\":\"ImageObject\",\"inLanguage\":\"de\",\"@id\":\"https:\/\/digiculture.eu\/#\/schema\/logo\/image\/\",\"url\":\"https:\/\/digiculture.eu\/wp-content\/uploads\/2019\/01\/Logo-Digi-Culture.png\",\"contentUrl\":\"https:\/\/digiculture.eu\/wp-content\/uploads\/2019\/01\/Logo-Digi-Culture.png\",\"width\":934,\"height\":386,\"caption\":\"Digiculture\"},\"image\":{\"@id\":\"https:\/\/digiculture.eu\/#\/schema\/logo\/image\/\"},\"sameAs\":[\"https:\/\/www.facebook.com\/CultureDigi\",\"https:\/\/twitter.com\/elearning_upt\"]}]}<\/script>\n<!-- \/ Yoast SEO plugin. -->","yoast_head_json":{"title":"Privacy Policy - Digital Culture - Erasmus+ European Project","robots":{"index":"index","follow":"follow","max-snippet":"max-snippet:-1","max-image-preview":"max-image-preview:large","max-video-preview":"max-video-preview:-1"},"canonical":"https:\/\/digiculture.eu\/de\/privacy-policy\/","og_locale":"de_DE","og_type":"article","og_title":"Privacy Policy - Digital Culture - Erasmus+ European Project","og_description":"Your privacy is important to us. It is Politehnica University of Timisoara&#8217;s policy to respect your privacy and comply with any applicable law and regulation regarding any personal information we may collect about you, including across our website,&nbsp;https:\/\/digiculture.eu\/, and other sites we own and operate. This policy is effective asRead More &rarr;","og_url":"https:\/\/digiculture.eu\/de\/privacy-policy\/","og_site_name":"Digital Culture - Erasmus+ European Project","article_publisher":"https:\/\/www.facebook.com\/CultureDigi","article_modified_time":"2021-04-18T16:00:43+00:00","twitter_card":"summary_large_image","twitter_site":"@elearning_upt","twitter_misc":{"Gesch\u00e4tzte Lesezeit":"7\u00a0Minuten"},"schema":{"@context":"https:\/\/schema.org","@graph":[{"@type":"WebPage","@id":"https:\/\/digiculture.eu\/privacy-policy\/","url":"https:\/\/digiculture.eu\/privacy-policy\/","name":"Privacy Policy - Digital Culture - Erasmus+ European Project","isPartOf":{"@id":"https:\/\/digiculture.eu\/#website"},"datePublished":"2021-04-05T20:15:33+00:00","dateModified":"2021-04-18T16:00:43+00:00","breadcrumb":{"@id":"https:\/\/digiculture.eu\/privacy-policy\/#breadcrumb"},"inLanguage":"de","potentialAction":[{"@type":"ReadAction","target":["https:\/\/digiculture.eu\/privacy-policy\/"]}]},{"@type":"BreadcrumbList","@id":"https:\/\/digiculture.eu\/privacy-policy\/#breadcrumb","itemListElement":[{"@type":"ListItem","position":1,"name":"Home","item":"https:\/\/digiculture.eu\/"},{"@type":"ListItem","position":2,"name":"Privacy Policy"}]},{"@type":"WebSite","@id":"https:\/\/digiculture.eu\/#website","url":"https:\/\/digiculture.eu\/","name":"Digital Culture - Erasmus+ European Project","description":"Improving the Digital Competences and Social Inclusion of Adults in Creative Industries","publisher":{"@id":"https:\/\/digiculture.eu\/#organization"},"potentialAction":[{"@type":"SearchAction","target":{"@type":"EntryPoint","urlTemplate":"https:\/\/digiculture.eu\/?s={search_term_string}"},"query-input":"required name=search_term_string"}],"inLanguage":"de"},{"@type":"Organization","@id":"https:\/\/digiculture.eu\/#organization","name":"Digiculture","url":"https:\/\/digiculture.eu\/","logo":{"@type":"ImageObject","inLanguage":"de","@id":"https:\/\/digiculture.eu\/#\/schema\/logo\/image\/","url":"https:\/\/digiculture.eu\/wp-content\/uploads\/2019\/01\/Logo-Digi-Culture.png","contentUrl":"https:\/\/digiculture.eu\/wp-content\/uploads\/2019\/01\/Logo-Digi-Culture.png","width":934,"height":386,"caption":"Digiculture"},"image":{"@id":"https:\/\/digiculture.eu\/#\/schema\/logo\/image\/"},"sameAs":["https:\/\/www.facebook.com\/CultureDigi","https:\/\/twitter.com\/elearning_upt"]}]}},"_links":{"self":[{"href":"https:\/\/digiculture.eu\/de\/wp-json\/wp\/v2\/pages\/3365"}],"collection":[{"href":"https:\/\/digiculture.eu\/de\/wp-json\/wp\/v2\/pages"}],"about":[{"href":"https:\/\/digiculture.eu\/de\/wp-json\/wp\/v2\/types\/page"}],"author":[{"embeddable":true,"href":"https:\/\/digiculture.eu\/de\/wp-json\/wp\/v2\/users\/5"}],"replies":[{"embeddable":true,"href":"https:\/\/digiculture.eu\/de\/wp-json\/wp\/v2\/comments?post=3365"}],"version-history":[{"count":3,"href":"https:\/\/digiculture.eu\/de\/wp-json\/wp\/v2\/pages\/3365\/revisions"}],"predecessor-version":[{"id":3517,"href":"https:\/\/digiculture.eu\/de\/wp-json\/wp\/v2\/pages\/3365\/revisions\/3517"}],"wp:attachment":[{"href":"https:\/\/digiculture.eu\/de\/wp-json\/wp\/v2\/media?parent=3365"}],"curies":[{"name":"wp","href":"https:\/\/api.w.org\/{rel}","templated":true}]}}