{"id":2212,"date":"2019-11-14T21:21:30","date_gmt":"2019-11-14T19:21:30","guid":{"rendered":"https:\/\/digiculture.eu\/?page_id=2212"},"modified":"2021-11-03T13:19:18","modified_gmt":"2021-11-03T11:19:18","slug":"publications","status":"publish","type":"page","link":"https:\/\/digiculture.eu\/de\/publications\/","title":{"rendered":"Ver\u00f6ffentlichungen"},"content":{"rendered":"<div data-elementor-type=\"wp-page\" data-elementor-id=\"2212\" class=\"elementor elementor-2212\">\n\t\t\t\t\t\t\t\t\t<section class=\"elementor-section elementor-top-section elementor-element elementor-element-6acf9018 elementor-section-boxed elementor-section-height-default elementor-section-height-default\" data-id=\"6acf9018\" data-element_type=\"section\">\n\t\t\t\t\t\t<div class=\"elementor-container elementor-column-gap-default\">\n\t\t\t\t\t<div class=\"elementor-column elementor-col-100 elementor-top-column elementor-element elementor-element-598addbf\" data-id=\"598addbf\" data-element_type=\"column\">\n\t\t\t<div class=\"elementor-widget-wrap elementor-element-populated\">\n\t\t\t\t\t\t\t\t<div class=\"elementor-element elementor-element-1ab62c7e elementor-widget elementor-widget-text-editor\" data-id=\"1ab62c7e\" data-element_type=\"widget\" data-widget_type=\"text-editor.default\">\n\t\t\t\t<div class=\"elementor-widget-container\">\n\t\t\t\t\t\t\t<p><!-- wp:paragraph --><\/p>\n<p>Im Rahmen des DigiCulture-Projekts ver\u00f6ffentlichte wissenschaftliche Publikationen:<\/p>\n<p><!-- \/wp:paragraph --><\/p>\n<p><!-- wp:list {\"ordered\":true} --><\/p>\n<ol>\n<li>D. Andone, A. Ternauciuc, R. Vasiu, V. Mihaescu und S. Vert, \u201eDigiCulture \u2013 eine offene Bildungsumgebung f\u00fcr digitale Kompetenzen\u201c, 2020 IEEE 20th International Conference on Advanced Learning Technologies (ICALT), Tartu, Estland, 2020, S. 24-26, zwei: 10.1109 \/ ICALT49669.2020.00014. Offizielle Website:\u00a0<a href=\"https:\/\/ieeexplore.ieee.org\/abstract\/document\/9155762\" target=\"_blank\" rel=\"noopener\">https:\/\/ieeexplore.ieee.org\/abstract\/document\/9155762<\/a><\/li>\n<li>Die 7. Ausgabe des Open Education Week 2020-Workshops, organisiert von UPT am 6. M\u00e4rz 2020, mit \u00fcber 100 Teilnehmern, einer Pr\u00e4sentation des Projekts und der Nutzung von OER. Offizielle Website:\u00a0<a href=\"https:\/\/digiculture.eu\/de\/presenting-about-the-digital-culture-project-During-weekopen-education-2020\/\" target=\"_blank\" rel=\"noopener\">https:\/\/digiculture.eu\/en\/presenting-about-the-digital-culture-project-During-weekopen-education-2020\/<\/a><\/li>\n<li>Organisation eines Webinars mit \u00fcber 400 Online-Teilnehmern, gemeinsam mit dem assoziierten Partner EDEN und unter Beteiligung aller Partner am 27. Mai 2020, EDEN NAP Webinar: Designing Online Courses for Digital Skills and Competences for the Creative Industries \u2013 DigiCultureNAP Webinare. Offizielle Website:\u00a0\u00a0<a href=\"https:\/\/digiculture.eu\/de\/webinareden-turn-designing-online-courses-for-digital-skills-and-competences-for-the-creative-industries-digiculture\/\" target=\"_blank\" rel=\"noopener\">https:\/\/digiculture.eu\/en\/webinareden-turn-designing-online-courses-for-digital-skills-and-competences-for-the-creative-industries-digiculture\/<\/a><\/li>\n<li>Organisation eines DigiCulture-Workshops und Pr\u00e4sentation eines Papers auf der EDEN 2020-Jahreskonferenz am 22. Juni 2020, virtuell organisiert von UPT. Offizielle Website:\u00a0<a href=\"https:\/\/www.eden-online.org\/2020_timisoara\/session\/parallel-session-b5\/\" target=\"_blank\" rel=\"noopener\">https:\/\/www.eden-online.org\/2020_timisoara\/session\/parallel-session-b5\/<\/a><\/li>\n<li>Konferenz, bei der alle Teilnehmer \u00fcber das Projekt informiert wurden. Offizielle Website:\u00a0<a href=\"https:\/\/www.eden-online.org\/2020_timisoara\/2019\/11\/20\/erasmus-at-eden-2020\/\" target=\"_blank\" rel=\"noopener\">https:\/\/www.eden-online.org\/2020_timisoara\/2019\/11\/20\/erasmus-at-eden-2020\/<\/a><\/li>\n<li>Eine Pr\u00e4sentation zum DigiCulture-Projekt auf der virtuellen Konferenz MoodleMoot 2020 mit \u00fcber 1000 Teilnehmern am 7. Juli 2020<\/li>\n<li>Vortrag und Pr\u00e4sentation auf der IEEE ICALT International Conference am 8. Juli 2020.<\/li>\n<li>Pr\u00e4sentationen \u00fcber Online-Kurse und OER-Nutzung im Workshop Workshop: Die Erfahrung der Online-Bildung auf akademischer Ebene in Rum\u00e4nien. Herausforderungen und Zukunftsperspektiven am 10. Juli 2020 und beim #onlinetogether Webinar: Using Open Educational Resources under UNESCO Recommendations am 6. August 2020 mit Hunderten von Online-Teilnehmern.<\/li>\n<li>Andone D, Vasiu R. DigiCulture: Der Einfluss digitaler Kompetenzen auf die Kreativwirtschaft. In: Innovation und Digitalisierung in Schwellenl\u00e4ndern Das Zusammenspiel von Gesellschaft, Bildung, IKT und Philosophie [Internet]. Wien: IAFES-Publikationen; 2019. Erh\u00e4ltlich ab: <a href=\"https:\/\/www.iafes.net\/publications\" target=\"_blank\" rel=\"noopener\">https:\/\/www.iafes.net\/publications<\/a><\/li>\n<li>Hougaard BI, Knoche H. Sterne, Wappen und Medaillen: Visual Badge Design Framework zum Gamify und Zertifizieren von Online-Lernen. In: Brooks A, Brooks EI, Herausgeber. Interaktivit\u00e4t, Spielentwicklung, Design, Lernen und Innovation. Cham: Springer International Publishing; 2020. s. 406\u201314. (Lecture Notes des Instituts f\u00fcr Informatik, Sozialinformatik und Nachrichtentechnik<\/li>\n<li>Andone D, Ternauciuc A, Vasiu R, Mihaescu V, Vert S. DigiCulture \u2013 eine offene Bildungsumgebung f\u00fcr digitale Kompetenzen. In: 2020 IEEE 20th International Conference on Advanced Learning Technologies (ICALT). 2020. s. 24\u20136.<\/li>\n<li>Poce A. Entwicklung von Informations- und Datenkompetenz in der Kreativwirtschaft Erwachsenenbildung: das Digiculture-Projekt. P\u00e4dagoge OGGI [Internet]. 23. Dezember 2019 [zitiert am 13. Januar 2021];17(2):184\u2013201. Verf\u00fcgbar ab: <a href=\"https:\/\/ojs.pensamultimedia.it\/index.php\/siped\/article\/view\/3659\" target=\"_blank\" rel=\"noopener\">https:\/\/ojs.pensamultimedia.it\/index.php\/siped\/article\/view\/3659<\/a><\/li>\n<li>Ternauciuc A., The versatility of Moodle &#8211; The Digiculture Case Study, in \u201cDigital Culture in Education, Science and Technology\u201d, IAFES Publications, Vienna, Forthcoming 2021<\/li>\n<li>Andone D, Vasiu R., DigiCulture: the Impact of Digital Competences on Creative Industries, in \u201cInnovation and Digitalisation in Emerging Economies. The Interplay of Society, Education, ICT and Philosophy\u201d, ISBN 978-3-9503983-7-3, pp. 59-68, IAFES Publications, Vienna 2019<\/li>\n<li>Andone, V. Mihaescu, A. Ternauciuc, S. Vert, R. Vasiu and M. Mocofan, &#8220;DigiCulture &#8211; courses for enhancing digital competences,&#8221; 2021 IEEE Global Engineering Education Conference (EDUCON), 21-23 April 2021, Vienna Austria, pp. 1056-1060, doi: 10.1109\/EDUCON46332.2021.9453911, WOS:000689064100157, ISBN 978-1-7281-8478-4, ISSN 2165-9567<\/li>\n<li>Bastian I. Hougaard, \u201cBadges and E-assessment in a self-driven MOOC\u201d, presented at the DigiCulture Erasmus+ Closing Workshop, Timisoara, 23 July 2021<\/li>\n<li>Diana Andone; Andrei Ternauciuc; Silviu Vert; Muguras Mocofan; Vlad Mihaescu; Daniela Stoica, Radu Vasiu, &#8220;Learning with Open Cultural Data &#8211; Jecza Museum for DigiCulture Study Case,&#8221; 2021 IEEE International Conference on Advanced Learning Technologies (ICALT), 2021, pp. 17-19, doi: 10.1109\/ICALT52272.2021.00012.<\/li>\n<li>Poce Antonella, Re Maria Rosaria, \u201cDigiCulture Guidelines for Digital Competences for Creative Industries\u201d, presented at the DigiCulture Erasmus+ Closing Workshop, Timisoara, 23 July 2021<\/li>\n<li>Rotaru O.A., Vert S., Vasiu R., Andone D. (2020) Standardised Questionnaires in Usability Evaluation. Applying Standardised Usability Questionnaires in Digital Products Evaluation. In: Lopata A., Butkien\u0117 R., Gudonien\u0117 D., Sukack\u0117 V. (eds) Information and Software Technologies. ICIST 2020. Communications in Computer and Information Science, vol 1283. Springer, Cham. <a href=\"https:\/\/doi.org\/10.1007\/978-3-030-59506-7_4\">https:\/\/doi.org\/10.1007\/978-3-030-59506-7_4<\/a><\/li>\n<li>DEVELOPING DIGITAL COMPETENCES FOR CREATIVE INDUSTRIES &#8211; DIGICULTURE COURSES, D. Andone, R. Vasiu, V. Mihaescu, D. Stoica, S. Vert, A. Ternauciuc, M. Mocofan, 15th International Technology, Education and Development Conference, INTED 2021, 8-9 March 2021, pp. 10100-10108, ISBN 978-84-09-27666-0<\/li>\n<li>Jecza Sorina, Andone Diana, \u201cVirtual Tours for Culture &#8211; Jecza Museum\u201d, presented at the DigiCulture Erasmus+ Closing Workshop, Timisoara, 23 July 2021<\/li>\n<li>Vert S., Rotaru O., Stoica D., Andone D. (2021) Initial Usability Evaluation of the DigiCulture Courses on UniCampus. In: Lopata A., Gudonien\u0117 D., Butkien\u0117 R. (eds) Information and Software Technologies. ICIST 2021. Communications in Computer and Information Science, vol 1486. Springer, Cham. <a href=\"https:\/\/doi.org\/10.1007\/978-3-030-88304-1_24\">https:\/\/doi.org\/10.1007\/978-3-030-88304-1_24<\/a><\/li>\n<li>Diana Andone, Andrei Ternauciuc, Radu Vasiu, Vlad Mihaescu, Silviu Vert, DigiCulture \u2013 an open education environment for digital skills, 20th IEEE International Conference on Advanced Learning Technologies (ICALT 2020), Tartu, Estonia, 06-09 July 2020, pp. 24-26, ISBN 978-1-7281-6090-0, ISSN 2161-3761, doi: 10.1109\/ICALT49669.2020.00014, WOS:000620344900011<\/li>\n<li>Andone D. Ternauciuc A., Digital Culture &#8211; DigiCulture Project and Courses, in \u201cDigital Culture in Education, Science and Technology\u201d, IAFES Publications, Vienna, Forthcoming 2021<\/li>\n<li>Diana Andone, Andrei Ternauciuc, Radu Vasiu, Vlad Mihaescu, Silviu Vert, &#8220;Digiculture \u2013 The Development of Open Education Learning for Digital Skills Training&#8221;, European Distance and E-Learning Network (EDEN) Proceedings, 22-24 June 2020, Timisoara, Romania, pp. 354-363, ISSN 2707-2819,\u00a0 DOI: 10.38069\/edenconf-2020-ac0033<\/li>\n<li>Mihaescu Vlad, Creative &amp; Cultural Entrepreneurship, in \u201cDigital Culture in Education, Science and Technology\u201d, IAFES Publications, Vienna, Forthcoming 2021<\/li>\n<li>Diana Andone, Antonella Poce, Mairead Nic Giolla Mhich\u00edl, Chiara Zuanni and Hendrik Knoche. Designing Online Courses for Digital Skills and Competences for the Creative Industries \u2013 DigiCulture, 22 June 2020, EDEN 2020 Annual Conference<\/li>\n<li>Vlad Mihaescu; Diana Andone; Radu Vasiu: DigiCulture MOOC Courses Piloting with Students, In: Christoph Meinel, Thomas Staubitz, Stefanie Schweiger, Christian Friedl, Janine Kiers, Martin Ebner, Anja Lorenz, George Ubachs, Catherine Mongenet, Jos\u00e9 A. Ruip\u00e9rez-Valiente, Manoel Cortes Mendez (Eds.): EMOOCs 2021, Potsdam, Universit\u00e4tsverlag Potsdam, 22-24 June 2021, S. 275\u2013279, ISBN 978-3-86956-512-5. DOI <a href=\"https:\/\/doi.org\/10.25932\/publishup-51733\">https:\/\/doi.org\/10.25932\/publishup-51733<\/a><\/li>\n<li>Antonella Poce; Maria Rosaria Re; Mara Valente: Evaluating OERs in Museum Education Context, In: Christoph Meinel, Thomas Staubitz, Stefanie Schweiger, Christian Friedl, Janine Kiers, Martin Ebner, Anja Lorenz, George Ubachs, Catherine Mongenet, Jos\u00e9 A. Ruip\u00e9rez-Valiente, Manoel Cortes Mendez (Eds.): EMOOCs 2021, Potsdam, Universit\u00e4tsverlag Potsdam, 22-24 June 2021, S. 159\u2013168, ISBN 978-3-86956-512-5. DOI <a href=\"https:\/\/doi.org\/10.25932\/publishup-51717\">https:\/\/doi.org\/10.25932\/publishup-51717<\/a><\/li>\n<li>Diana Andone, DigiCulture &#8211; Improving the Digital Competences and Social Inclusion of Adults in Creative Industries, 28th EDEN Annual Conference &#8220;Connecting Through Educational Technology to Produce Effective Learning Environments&#8221;, 16-19 June 2019, Bruges, Belgium,\u00a0 ISBN 978-615-5511-27-1, ISSN 2707-2819<\/li>\n<li>Diana Andone, \u201cDevelopment of DigiCulture Educational Program for Digital Skills Training for Adults in Creative Industries\u201d, Proceedings EDULEARN19, ISBN: 978-84-09-12031-4, doi: 10.21125\/edulearn.2019.2573<\/li>\n<li>Beirne E., Mhich\u00edl M.N.G., Mhich\u00edl C.N.G., Brown M., Digital Badging for DigiCulture: A Case Study, The annual EADTU conference I-HE2021 &#8220;Higher Education in the new normal: the role of online, blended and distance learning&#8221;, 3-5 November 2021, Bari, Italy<\/li>\n<li>Antonella Poce, Diana Andone, Maria Rosaria Re, Francesca Amenduni, \u201cDeveloping Digital Skills through MOOCs and OERs for Creative Industry Employers\u201d &#8211; the Digiculture Workshop,\u00a0 28th EDEN Annual Conference &#8220;Connecting Through Educational Technology to Produce Effective Learning Environments&#8221;, 16-19 June 2019, Bruges, Belgium, ISBN 978-615-5511-27-1, ISSN 2707-2819<\/li>\n<\/ol>\n<p><!-- \/wp:list --><\/p>\t\t\t\t\t\t<\/div>\n\t\t\t\t<\/div>\n\t\t\t\t\t<\/div>\n\t\t<\/div>\n\t\t\t\t\t\t\t<\/div>\n\t\t<\/section>\n\t\t\t\t\t\t\t<\/div>","protected":false},"excerpt":{"rendered":"<p>Scientific publications published in the frame of the DigiCulture project: D. Andone, A. Ternauciuc, R. Vasiu, V. Mihaescu, and S. Vert, &#8220;DigiCulture-an open education environment for digital skills,&#8221; 2020 IEEE 20th International Conference on Advanced Learning Technologies (ICALT), Tartu, Estonia, 2020, pp. 24-26, two: 10.1109 \/ ICALT49669.2020.00014. Official website:\u00a0https:\/\/ieeexplore.ieee.org\/abstract\/document\/9155762 The<span class=\"more-link\"><a href=\"https:\/\/digiculture.eu\/de\/publications\/\">Read More &rarr;<\/a><\/span><\/p>","protected":false},"author":5,"featured_media":0,"parent":0,"menu_order":0,"comment_status":"closed","ping_status":"closed","template":"","meta":{"_mi_skip_tracking":false,"_monsterinsights_sitenote_active":false,"_monsterinsights_sitenote_note":"","_monsterinsights_sitenote_category":0,"footnotes":""},"yoast_head":"<!-- This site is optimized with the Yoast SEO plugin v21.5 - https:\/\/yoast.com\/wordpress\/plugins\/seo\/ -->\n<title>Publications - Digital Culture - Erasmus+ European Project<\/title>\n<meta name=\"robots\" content=\"index, follow, max-snippet:-1, max-image-preview:large, max-video-preview:-1\" \/>\n<link rel=\"canonical\" href=\"https:\/\/digiculture.eu\/de\/publications\/\" \/>\n<meta property=\"og:locale\" content=\"de_DE\" \/>\n<meta property=\"og:type\" content=\"article\" \/>\n<meta property=\"og:title\" content=\"Publications - Digital Culture - Erasmus+ European Project\" \/>\n<meta property=\"og:description\" content=\"Scientific publications published in the frame of the DigiCulture project: D. Andone, A. Ternauciuc, R. Vasiu, V. Mihaescu, and S. Vert, &#8220;DigiCulture-an open education environment for digital skills,&#8221; 2020 IEEE 20th International Conference on Advanced Learning Technologies (ICALT), Tartu, Estonia, 2020, pp. 24-26, two: 10.1109 \/ ICALT49669.2020.00014. Official website:\u00a0https:\/\/ieeexplore.ieee.org\/abstract\/document\/9155762 TheRead More &rarr;\" \/>\n<meta property=\"og:url\" content=\"https:\/\/digiculture.eu\/de\/publications\/\" \/>\n<meta property=\"og:site_name\" content=\"Digital Culture - Erasmus+ European Project\" \/>\n<meta property=\"article:publisher\" content=\"https:\/\/www.facebook.com\/CultureDigi\" \/>\n<meta property=\"article:modified_time\" content=\"2021-11-03T11:19:18+00:00\" \/>\n<meta name=\"twitter:card\" content=\"summary_large_image\" \/>\n<meta name=\"twitter:site\" content=\"@elearning_upt\" \/>\n<meta name=\"twitter:label1\" content=\"Gesch\u00e4tzte Lesezeit\" \/>\n\t<meta name=\"twitter:data1\" content=\"6\u00a0Minuten\" \/>\n<script type=\"application\/ld+json\" class=\"yoast-schema-graph\">{\"@context\":\"https:\/\/schema.org\",\"@graph\":[{\"@type\":\"WebPage\",\"@id\":\"https:\/\/digiculture.eu\/publications\/\",\"url\":\"https:\/\/digiculture.eu\/publications\/\",\"name\":\"Publications - Digital Culture - Erasmus+ European Project\",\"isPartOf\":{\"@id\":\"https:\/\/digiculture.eu\/#website\"},\"datePublished\":\"2019-11-14T19:21:30+00:00\",\"dateModified\":\"2021-11-03T11:19:18+00:00\",\"breadcrumb\":{\"@id\":\"https:\/\/digiculture.eu\/publications\/#breadcrumb\"},\"inLanguage\":\"de\",\"potentialAction\":[{\"@type\":\"ReadAction\",\"target\":[\"https:\/\/digiculture.eu\/publications\/\"]}]},{\"@type\":\"BreadcrumbList\",\"@id\":\"https:\/\/digiculture.eu\/publications\/#breadcrumb\",\"itemListElement\":[{\"@type\":\"ListItem\",\"position\":1,\"name\":\"Home\",\"item\":\"https:\/\/digiculture.eu\/\"},{\"@type\":\"ListItem\",\"position\":2,\"name\":\"Publications\"}]},{\"@type\":\"WebSite\",\"@id\":\"https:\/\/digiculture.eu\/#website\",\"url\":\"https:\/\/digiculture.eu\/\",\"name\":\"Digital Culture - Erasmus+ European Project\",\"description\":\"Improving the Digital Competences and Social Inclusion of Adults in Creative Industries\",\"publisher\":{\"@id\":\"https:\/\/digiculture.eu\/#organization\"},\"potentialAction\":[{\"@type\":\"SearchAction\",\"target\":{\"@type\":\"EntryPoint\",\"urlTemplate\":\"https:\/\/digiculture.eu\/?s={search_term_string}\"},\"query-input\":\"required name=search_term_string\"}],\"inLanguage\":\"de\"},{\"@type\":\"Organization\",\"@id\":\"https:\/\/digiculture.eu\/#organization\",\"name\":\"Digiculture\",\"url\":\"https:\/\/digiculture.eu\/\",\"logo\":{\"@type\":\"ImageObject\",\"inLanguage\":\"de\",\"@id\":\"https:\/\/digiculture.eu\/#\/schema\/logo\/image\/\",\"url\":\"https:\/\/digiculture.eu\/wp-content\/uploads\/2019\/01\/Logo-Digi-Culture.png\",\"contentUrl\":\"https:\/\/digiculture.eu\/wp-content\/uploads\/2019\/01\/Logo-Digi-Culture.png\",\"width\":934,\"height\":386,\"caption\":\"Digiculture\"},\"image\":{\"@id\":\"https:\/\/digiculture.eu\/#\/schema\/logo\/image\/\"},\"sameAs\":[\"https:\/\/www.facebook.com\/CultureDigi\",\"https:\/\/twitter.com\/elearning_upt\"]}]}<\/script>\n<!-- \/ Yoast SEO plugin. -->","yoast_head_json":{"title":"Publications - Digital Culture - Erasmus+ European Project","robots":{"index":"index","follow":"follow","max-snippet":"max-snippet:-1","max-image-preview":"max-image-preview:large","max-video-preview":"max-video-preview:-1"},"canonical":"https:\/\/digiculture.eu\/de\/publications\/","og_locale":"de_DE","og_type":"article","og_title":"Publications - Digital Culture - Erasmus+ European Project","og_description":"Scientific publications published in the frame of the DigiCulture project: D. Andone, A. Ternauciuc, R. Vasiu, V. Mihaescu, and S. Vert, &#8220;DigiCulture-an open education environment for digital skills,&#8221; 2020 IEEE 20th International Conference on Advanced Learning Technologies (ICALT), Tartu, Estonia, 2020, pp. 24-26, two: 10.1109 \/ ICALT49669.2020.00014. Official website:\u00a0https:\/\/ieeexplore.ieee.org\/abstract\/document\/9155762 TheRead More &rarr;","og_url":"https:\/\/digiculture.eu\/de\/publications\/","og_site_name":"Digital Culture - Erasmus+ European Project","article_publisher":"https:\/\/www.facebook.com\/CultureDigi","article_modified_time":"2021-11-03T11:19:18+00:00","twitter_card":"summary_large_image","twitter_site":"@elearning_upt","twitter_misc":{"Gesch\u00e4tzte Lesezeit":"6\u00a0Minuten"},"schema":{"@context":"https:\/\/schema.org","@graph":[{"@type":"WebPage","@id":"https:\/\/digiculture.eu\/publications\/","url":"https:\/\/digiculture.eu\/publications\/","name":"Publications - Digital Culture - Erasmus+ European Project","isPartOf":{"@id":"https:\/\/digiculture.eu\/#website"},"datePublished":"2019-11-14T19:21:30+00:00","dateModified":"2021-11-03T11:19:18+00:00","breadcrumb":{"@id":"https:\/\/digiculture.eu\/publications\/#breadcrumb"},"inLanguage":"de","potentialAction":[{"@type":"ReadAction","target":["https:\/\/digiculture.eu\/publications\/"]}]},{"@type":"BreadcrumbList","@id":"https:\/\/digiculture.eu\/publications\/#breadcrumb","itemListElement":[{"@type":"ListItem","position":1,"name":"Home","item":"https:\/\/digiculture.eu\/"},{"@type":"ListItem","position":2,"name":"Publications"}]},{"@type":"WebSite","@id":"https:\/\/digiculture.eu\/#website","url":"https:\/\/digiculture.eu\/","name":"Digital Culture - Erasmus+ European Project","description":"Improving the Digital Competences and Social Inclusion of Adults in Creative Industries","publisher":{"@id":"https:\/\/digiculture.eu\/#organization"},"potentialAction":[{"@type":"SearchAction","target":{"@type":"EntryPoint","urlTemplate":"https:\/\/digiculture.eu\/?s={search_term_string}"},"query-input":"required name=search_term_string"}],"inLanguage":"de"},{"@type":"Organization","@id":"https:\/\/digiculture.eu\/#organization","name":"Digiculture","url":"https:\/\/digiculture.eu\/","logo":{"@type":"ImageObject","inLanguage":"de","@id":"https:\/\/digiculture.eu\/#\/schema\/logo\/image\/","url":"https:\/\/digiculture.eu\/wp-content\/uploads\/2019\/01\/Logo-Digi-Culture.png","contentUrl":"https:\/\/digiculture.eu\/wp-content\/uploads\/2019\/01\/Logo-Digi-Culture.png","width":934,"height":386,"caption":"Digiculture"},"image":{"@id":"https:\/\/digiculture.eu\/#\/schema\/logo\/image\/"},"sameAs":["https:\/\/www.facebook.com\/CultureDigi","https:\/\/twitter.com\/elearning_upt"]}]}},"_links":{"self":[{"href":"https:\/\/digiculture.eu\/de\/wp-json\/wp\/v2\/pages\/2212"}],"collection":[{"href":"https:\/\/digiculture.eu\/de\/wp-json\/wp\/v2\/pages"}],"about":[{"href":"https:\/\/digiculture.eu\/de\/wp-json\/wp\/v2\/types\/page"}],"author":[{"embeddable":true,"href":"https:\/\/digiculture.eu\/de\/wp-json\/wp\/v2\/users\/5"}],"replies":[{"embeddable":true,"href":"https:\/\/digiculture.eu\/de\/wp-json\/wp\/v2\/comments?post=2212"}],"version-history":[{"count":15,"href":"https:\/\/digiculture.eu\/de\/wp-json\/wp\/v2\/pages\/2212\/revisions"}],"predecessor-version":[{"id":4475,"href":"https:\/\/digiculture.eu\/de\/wp-json\/wp\/v2\/pages\/2212\/revisions\/4475"}],"wp:attachment":[{"href":"https:\/\/digiculture.eu\/de\/wp-json\/wp\/v2\/media?parent=2212"}],"curies":[{"name":"wp","href":"https:\/\/api.w.org\/{rel}","templated":true}]}}