{"id":2009,"date":"2019-02-24T21:55:53","date_gmt":"2019-02-24T19:55:53","guid":{"rendered":"https:\/\/digiculture.eu\/?page_id=2009"},"modified":"2019-02-24T22:00:11","modified_gmt":"2019-02-24T20:00:11","slug":"danguole-rutkauskiene","status":"publish","type":"page","link":"https:\/\/digiculture.eu\/de\/partners\/national-association-of-distance-education\/danguole-rutkauskiene\/","title":{"rendered":"Danguole Rutkauskiene"},"content":{"rendered":"<div data-elementor-type=\"wp-post\" data-elementor-id=\"2009\" class=\"elementor elementor-2009 elementor-bc-flex-widget\">\n\t\t\t\t\t\t\t\t\t<section class=\"elementor-section elementor-top-section elementor-element elementor-element-101a1b3f elementor-section-boxed elementor-section-height-default elementor-section-height-default\" data-id=\"101a1b3f\" data-element_type=\"section\">\n\t\t\t\t\t\t<div class=\"elementor-container elementor-column-gap-default\">\n\t\t\t\t\t<div class=\"elementor-column elementor-col-33 elementor-top-column elementor-element elementor-element-2ca0a488\" data-id=\"2ca0a488\" data-element_type=\"column\">\n\t\t\t<div class=\"elementor-widget-wrap elementor-element-populated\">\n\t\t\t\t\t\t\t\t<div class=\"elementor-element elementor-element-f3d3983 elementor-widget elementor-widget-image\" data-id=\"f3d3983\" data-element_type=\"widget\" data-widget_type=\"image.default\">\n\t\t\t\t<div class=\"elementor-widget-container\">\n\t\t\t\t\t\t\t\t\t\t\t\t\t\t\t<img loading=\"lazy\" decoding=\"async\" width=\"1024\" height=\"1024\" src=\"https:\/\/digiculture.eu\/wp-content\/uploads\/2019\/01\/Danguole-Rutkauskiene-1024x1024.jpg\" class=\"attachment-large size-large wp-image-1865\" alt=\"\" srcset=\"https:\/\/digiculture.eu\/wp-content\/uploads\/2019\/01\/Danguole-Rutkauskiene-1024x1024.jpg 1024w, https:\/\/digiculture.eu\/wp-content\/uploads\/2019\/01\/Danguole-Rutkauskiene-150x150.jpg 150w, https:\/\/digiculture.eu\/wp-content\/uploads\/2019\/01\/Danguole-Rutkauskiene-300x300.jpg 300w, https:\/\/digiculture.eu\/wp-content\/uploads\/2019\/01\/Danguole-Rutkauskiene-768x768.jpg 768w, https:\/\/digiculture.eu\/wp-content\/uploads\/2019\/01\/Danguole-Rutkauskiene-465x465.jpg 465w, https:\/\/digiculture.eu\/wp-content\/uploads\/2019\/01\/Danguole-Rutkauskiene-500x500.jpg 500w\" sizes=\"(max-width: 1024px) 100vw, 1024px\" \/>\t\t\t\t\t\t\t\t\t\t\t\t\t\t\t<\/div>\n\t\t\t\t<\/div>\n\t\t\t\t<div class=\"elementor-element elementor-element-2ee1c0e6 elementor-shape-rounded elementor-grid-0 e-grid-align-center elementor-widget elementor-widget-social-icons\" data-id=\"2ee1c0e6\" data-element_type=\"widget\" data-widget_type=\"social-icons.default\">\n\t\t\t\t<div class=\"elementor-widget-container\">\n\t\t\t\t\t<div class=\"elementor-social-icons-wrapper elementor-grid\">\n\t\t\t\t\t\t\t<span class=\"elementor-grid-item\">\n\t\t\t\t\t<a class=\"elementor-icon elementor-social-icon elementor-social-icon-envelope elementor-repeater-item-63b93f1\" href=\"mailto:danguole.rutkauskiene@ktu.lt\" target=\"_blank\">\n\t\t\t\t\t\t<span class=\"elementor-screen-only\">Briefumschlag<\/span>\n\t\t\t\t\t\t\t\t\t\t\t\t\t<i class=\"fa fa-envelope\"><\/i>\n\t\t\t\t\t\t\t\t\t\t\t<\/a>\n\t\t\t\t<\/span>\n\t\t\t\t\t\t\t<span class=\"elementor-grid-item\">\n\t\t\t\t\t<a class=\"elementor-icon elementor-social-icon elementor-social-icon-linkedin elementor-repeater-item-613e6ce\" href=\"https:\/\/www.linkedin.com\/in\/danguole-rutkauskiene-19185621\/\" target=\"_blank\">\n\t\t\t\t\t\t<span class=\"elementor-screen-only\">Linkedin<\/span>\n\t\t\t\t\t\t\t\t\t\t\t\t\t<i class=\"fa fa-linkedin\"><\/i>\n\t\t\t\t\t\t\t\t\t\t\t<\/a>\n\t\t\t\t<\/span>\n\t\t\t\t\t<\/div>\n\t\t\t\t<\/div>\n\t\t\t\t<\/div>\n\t\t\t\t\t<\/div>\n\t\t<\/div>\n\t\t\t\t<div class=\"elementor-column elementor-col-66 elementor-top-column elementor-element elementor-element-4ce8bf4c\" data-id=\"4ce8bf4c\" data-element_type=\"column\">\n\t\t\t<div class=\"elementor-widget-wrap elementor-element-populated\">\n\t\t\t\t\t\t\t\t<div class=\"elementor-element elementor-element-4d5eae4e elementor-widget elementor-widget-heading\" data-id=\"4d5eae4e\" data-element_type=\"widget\" data-widget_type=\"heading.default\">\n\t\t\t\t<div class=\"elementor-widget-container\">\n\t\t\t<h2 class=\"elementor-heading-title elementor-size-default\">Danguole Rutkauskiene<\/h2>\t\t<\/div>\n\t\t\t\t<\/div>\n\t\t\t\t<div class=\"elementor-element elementor-element-4c672161 elementor-widget elementor-widget-text-editor\" data-id=\"4c672161\" data-element_type=\"widget\" data-widget_type=\"text-editor.default\">\n\t\t\t\t<div class=\"elementor-widget-container\">\n\t\t\t\t\t\t\t<p>Danguole Rutkauskiene ist Associate Professor an der Abteilung f\u00fcr Multimedia Engineering (Fakult\u00e4t f\u00fcr Informatik) der Technischen Universit\u00e4t Kaunas und Experte f\u00fcr Bildung am Baltic Education Technology Institute (BETI). Sie war Gr\u00fcndungsmitglied der Nationalen Vereinigung f\u00fcr Fernunterricht in Litauen und derzeit deren Pr\u00e4sidentin. Danguole Rutkauskiene ist Mitglied des Vorstands der EADTU (Europ\u00e4ischer Verband der Universit\u00e4ten f\u00fcr Fernunterricht), Mitglied von INFOBALT und anderen Vereinigungen. Sie war als Koordinatorin und Partnerin an zahlreichen nationalen und internationalen Projekten beteiligt, nahm an nationalen Seminaren und Konferenzen sowie an internationalen Veranstaltungen teil. Sie ist Autorin von 29 B\u00fcchern, Artikeln und 174 Monographien zum Thema E-Learning. Sie interessiert sich besonders f\u00fcr E-Learning-Methoden, Management und den Einsatz fortschrittlicher Lerntechnologien in Universit\u00e4ten und Bildungseinrichtungen. K\u00fcrzlich hat sie ein gro\u00dfes Interesse an MOOCs und beteiligt sich aktiv an der Erforschung von MOOCs auf nationaler und internationaler Ebene. Dar\u00fcber hinaus hat sie die Vorbereitung und Bereitstellung von drei MOOCs initiiert und daran teilgenommen.<\/p>\t\t\t\t\t\t<\/div>\n\t\t\t\t<\/div>\n\t\t\t\t\t<\/div>\n\t\t<\/div>\n\t\t\t\t\t\t\t<\/div>\n\t\t<\/section>\n\t\t\t\t\t\t\t<\/div>","protected":false},"excerpt":{"rendered":"<p>Envelope Linkedin Danguole Rutkauskiene Danguole Rutkauskiene is an Associate Professor at the Department of Multimedia Engineering (Faculty of Informatics) at Kaunas University of Technology and expert of Education at Baltic Education Technology Institute (BETI). She was a founder member of the National Association of Distance Education in Lithuania and currently<span class=\"more-link\"><a href=\"https:\/\/digiculture.eu\/de\/partners\/national-association-of-distance-education\/danguole-rutkauskiene\/\">Read More &rarr;<\/a><\/span><\/p>","protected":false},"author":5,"featured_media":0,"parent":1965,"menu_order":0,"comment_status":"closed","ping_status":"closed","template":"","meta":{"_mi_skip_tracking":false,"_monsterinsights_sitenote_active":false,"_monsterinsights_sitenote_note":"","_monsterinsights_sitenote_category":0,"footnotes":""},"yoast_head":"<!-- This site is optimized with the Yoast SEO plugin v21.5 - https:\/\/yoast.com\/wordpress\/plugins\/seo\/ -->\n<title>Danguole Rutkauskiene - Digital Culture - Erasmus+ European Project<\/title>\n<meta name=\"robots\" content=\"index, follow, max-snippet:-1, max-image-preview:large, max-video-preview:-1\" \/>\n<link rel=\"canonical\" href=\"https:\/\/digiculture.eu\/de\/partners\/national-association-of-distance-education\/danguole-rutkauskiene\/\" \/>\n<meta property=\"og:locale\" content=\"de_DE\" \/>\n<meta property=\"og:type\" content=\"article\" \/>\n<meta property=\"og:title\" content=\"Danguole Rutkauskiene - Digital Culture - Erasmus+ European Project\" \/>\n<meta property=\"og:description\" content=\"Envelope Linkedin Danguole Rutkauskiene Danguole Rutkauskiene is an Associate Professor at the Department of Multimedia Engineering (Faculty of Informatics) at Kaunas University of Technology and expert of Education at Baltic Education Technology Institute (BETI). She was a founder member of the National Association of Distance Education in Lithuania and currentlyRead More &rarr;\" \/>\n<meta property=\"og:url\" content=\"https:\/\/digiculture.eu\/de\/partners\/national-association-of-distance-education\/danguole-rutkauskiene\/\" \/>\n<meta property=\"og:site_name\" content=\"Digital Culture - Erasmus+ European Project\" \/>\n<meta property=\"article:publisher\" content=\"https:\/\/www.facebook.com\/CultureDigi\" \/>\n<meta property=\"article:modified_time\" content=\"2019-02-24T20:00:11+00:00\" \/>\n<meta property=\"og:image\" content=\"https:\/\/digiculture.eu\/wp-content\/uploads\/2019\/01\/Danguole-Rutkauskiene-1024x1024.jpg\" \/>\n<meta name=\"twitter:card\" content=\"summary_large_image\" \/>\n<meta name=\"twitter:site\" content=\"@elearning_upt\" \/>\n<meta name=\"twitter:label1\" content=\"Gesch\u00e4tzte Lesezeit\" \/>\n\t<meta name=\"twitter:data1\" content=\"1\u00a0Minute\" \/>\n<script type=\"application\/ld+json\" class=\"yoast-schema-graph\">{\"@context\":\"https:\/\/schema.org\",\"@graph\":[{\"@type\":\"WebPage\",\"@id\":\"https:\/\/digiculture.eu\/partners\/national-association-of-distance-education\/danguole-rutkauskiene\/\",\"url\":\"https:\/\/digiculture.eu\/partners\/national-association-of-distance-education\/danguole-rutkauskiene\/\",\"name\":\"Danguole Rutkauskiene - Digital Culture - Erasmus+ European Project\",\"isPartOf\":{\"@id\":\"https:\/\/digiculture.eu\/#website\"},\"datePublished\":\"2019-02-24T19:55:53+00:00\",\"dateModified\":\"2019-02-24T20:00:11+00:00\",\"breadcrumb\":{\"@id\":\"https:\/\/digiculture.eu\/partners\/national-association-of-distance-education\/danguole-rutkauskiene\/#breadcrumb\"},\"inLanguage\":\"de\",\"potentialAction\":[{\"@type\":\"ReadAction\",\"target\":[\"https:\/\/digiculture.eu\/partners\/national-association-of-distance-education\/danguole-rutkauskiene\/\"]}]},{\"@type\":\"BreadcrumbList\",\"@id\":\"https:\/\/digiculture.eu\/partners\/national-association-of-distance-education\/danguole-rutkauskiene\/#breadcrumb\",\"itemListElement\":[{\"@type\":\"ListItem\",\"position\":1,\"name\":\"Home\",\"item\":\"https:\/\/digiculture.eu\/\"},{\"@type\":\"ListItem\",\"position\":2,\"name\":\"Partners\",\"item\":\"https:\/\/digiculture.eu\/partners\/\"},{\"@type\":\"ListItem\",\"position\":3,\"name\":\"National Association of Distance Education\",\"item\":\"https:\/\/digiculture.eu\/partners\/national-association-of-distance-education\/\"},{\"@type\":\"ListItem\",\"position\":4,\"name\":\"Danguole Rutkauskiene\"}]},{\"@type\":\"WebSite\",\"@id\":\"https:\/\/digiculture.eu\/#website\",\"url\":\"https:\/\/digiculture.eu\/\",\"name\":\"Digital Culture - Erasmus+ European Project\",\"description\":\"Improving the Digital Competences and Social Inclusion of Adults in Creative Industries\",\"publisher\":{\"@id\":\"https:\/\/digiculture.eu\/#organization\"},\"potentialAction\":[{\"@type\":\"SearchAction\",\"target\":{\"@type\":\"EntryPoint\",\"urlTemplate\":\"https:\/\/digiculture.eu\/?s={search_term_string}\"},\"query-input\":\"required name=search_term_string\"}],\"inLanguage\":\"de\"},{\"@type\":\"Organization\",\"@id\":\"https:\/\/digiculture.eu\/#organization\",\"name\":\"Digiculture\",\"url\":\"https:\/\/digiculture.eu\/\",\"logo\":{\"@type\":\"ImageObject\",\"inLanguage\":\"de\",\"@id\":\"https:\/\/digiculture.eu\/#\/schema\/logo\/image\/\",\"url\":\"https:\/\/digiculture.eu\/wp-content\/uploads\/2019\/01\/Logo-Digi-Culture.png\",\"contentUrl\":\"https:\/\/digiculture.eu\/wp-content\/uploads\/2019\/01\/Logo-Digi-Culture.png\",\"width\":934,\"height\":386,\"caption\":\"Digiculture\"},\"image\":{\"@id\":\"https:\/\/digiculture.eu\/#\/schema\/logo\/image\/\"},\"sameAs\":[\"https:\/\/www.facebook.com\/CultureDigi\",\"https:\/\/twitter.com\/elearning_upt\"]}]}<\/script>\n<!-- \/ Yoast SEO plugin. -->","yoast_head_json":{"title":"Danguole Rutkauskiene - Digital Culture - Erasmus+ European Project","robots":{"index":"index","follow":"follow","max-snippet":"max-snippet:-1","max-image-preview":"max-image-preview:large","max-video-preview":"max-video-preview:-1"},"canonical":"https:\/\/digiculture.eu\/de\/partners\/national-association-of-distance-education\/danguole-rutkauskiene\/","og_locale":"de_DE","og_type":"article","og_title":"Danguole Rutkauskiene - Digital Culture - Erasmus+ European Project","og_description":"Envelope Linkedin Danguole Rutkauskiene Danguole Rutkauskiene is an Associate Professor at the Department of Multimedia Engineering (Faculty of Informatics) at Kaunas University of Technology and expert of Education at Baltic Education Technology Institute (BETI). She was a founder member of the National Association of Distance Education in Lithuania and currentlyRead More &rarr;","og_url":"https:\/\/digiculture.eu\/de\/partners\/national-association-of-distance-education\/danguole-rutkauskiene\/","og_site_name":"Digital Culture - Erasmus+ European Project","article_publisher":"https:\/\/www.facebook.com\/CultureDigi","article_modified_time":"2019-02-24T20:00:11+00:00","og_image":[{"url":"https:\/\/digiculture.eu\/wp-content\/uploads\/2019\/01\/Danguole-Rutkauskiene-1024x1024.jpg"}],"twitter_card":"summary_large_image","twitter_site":"@elearning_upt","twitter_misc":{"Gesch\u00e4tzte Lesezeit":"1\u00a0Minute"},"schema":{"@context":"https:\/\/schema.org","@graph":[{"@type":"WebPage","@id":"https:\/\/digiculture.eu\/partners\/national-association-of-distance-education\/danguole-rutkauskiene\/","url":"https:\/\/digiculture.eu\/partners\/national-association-of-distance-education\/danguole-rutkauskiene\/","name":"Danguole Rutkauskiene - Digital Culture - Erasmus+ European Project","isPartOf":{"@id":"https:\/\/digiculture.eu\/#website"},"datePublished":"2019-02-24T19:55:53+00:00","dateModified":"2019-02-24T20:00:11+00:00","breadcrumb":{"@id":"https:\/\/digiculture.eu\/partners\/national-association-of-distance-education\/danguole-rutkauskiene\/#breadcrumb"},"inLanguage":"de","potentialAction":[{"@type":"ReadAction","target":["https:\/\/digiculture.eu\/partners\/national-association-of-distance-education\/danguole-rutkauskiene\/"]}]},{"@type":"BreadcrumbList","@id":"https:\/\/digiculture.eu\/partners\/national-association-of-distance-education\/danguole-rutkauskiene\/#breadcrumb","itemListElement":[{"@type":"ListItem","position":1,"name":"Home","item":"https:\/\/digiculture.eu\/"},{"@type":"ListItem","position":2,"name":"Partners","item":"https:\/\/digiculture.eu\/partners\/"},{"@type":"ListItem","position":3,"name":"National Association of Distance Education","item":"https:\/\/digiculture.eu\/partners\/national-association-of-distance-education\/"},{"@type":"ListItem","position":4,"name":"Danguole Rutkauskiene"}]},{"@type":"WebSite","@id":"https:\/\/digiculture.eu\/#website","url":"https:\/\/digiculture.eu\/","name":"Digital Culture - Erasmus+ European Project","description":"Improving the Digital Competences and Social Inclusion of Adults in Creative Industries","publisher":{"@id":"https:\/\/digiculture.eu\/#organization"},"potentialAction":[{"@type":"SearchAction","target":{"@type":"EntryPoint","urlTemplate":"https:\/\/digiculture.eu\/?s={search_term_string}"},"query-input":"required name=search_term_string"}],"inLanguage":"de"},{"@type":"Organization","@id":"https:\/\/digiculture.eu\/#organization","name":"Digiculture","url":"https:\/\/digiculture.eu\/","logo":{"@type":"ImageObject","inLanguage":"de","@id":"https:\/\/digiculture.eu\/#\/schema\/logo\/image\/","url":"https:\/\/digiculture.eu\/wp-content\/uploads\/2019\/01\/Logo-Digi-Culture.png","contentUrl":"https:\/\/digiculture.eu\/wp-content\/uploads\/2019\/01\/Logo-Digi-Culture.png","width":934,"height":386,"caption":"Digiculture"},"image":{"@id":"https:\/\/digiculture.eu\/#\/schema\/logo\/image\/"},"sameAs":["https:\/\/www.facebook.com\/CultureDigi","https:\/\/twitter.com\/elearning_upt"]}]}},"_links":{"self":[{"href":"https:\/\/digiculture.eu\/de\/wp-json\/wp\/v2\/pages\/2009"}],"collection":[{"href":"https:\/\/digiculture.eu\/de\/wp-json\/wp\/v2\/pages"}],"about":[{"href":"https:\/\/digiculture.eu\/de\/wp-json\/wp\/v2\/types\/page"}],"author":[{"embeddable":true,"href":"https:\/\/digiculture.eu\/de\/wp-json\/wp\/v2\/users\/5"}],"replies":[{"embeddable":true,"href":"https:\/\/digiculture.eu\/de\/wp-json\/wp\/v2\/comments?post=2009"}],"version-history":[{"count":2,"href":"https:\/\/digiculture.eu\/de\/wp-json\/wp\/v2\/pages\/2009\/revisions"}],"predecessor-version":[{"id":2013,"href":"https:\/\/digiculture.eu\/de\/wp-json\/wp\/v2\/pages\/2009\/revisions\/2013"}],"up":[{"embeddable":true,"href":"https:\/\/digiculture.eu\/de\/wp-json\/wp\/v2\/pages\/1965"}],"wp:attachment":[{"href":"https:\/\/digiculture.eu\/de\/wp-json\/wp\/v2\/media?parent=2009"}],"curies":[{"name":"wp","href":"https:\/\/api.w.org\/{rel}","templated":true}]}}