{"id":2006,"date":"2019-02-24T21:51:13","date_gmt":"2019-02-24T19:51:13","guid":{"rendered":"https:\/\/digiculture.eu\/?page_id=2006"},"modified":"2019-02-24T21:54:14","modified_gmt":"2019-02-24T19:54:14","slug":"walter-scholger","status":"publish","type":"page","link":"https:\/\/digiculture.eu\/de\/partners\/university-of-graz\/walter-scholger\/","title":{"rendered":"Walter Scholger"},"content":{"rendered":"<div data-elementor-type=\"wp-post\" data-elementor-id=\"2006\" class=\"elementor elementor-2006 elementor-bc-flex-widget\">\n\t\t\t\t\t\t\t\t\t<section class=\"elementor-section elementor-top-section elementor-element elementor-element-741bb252 elementor-section-boxed elementor-section-height-default elementor-section-height-default\" data-id=\"741bb252\" data-element_type=\"section\">\n\t\t\t\t\t\t<div class=\"elementor-container elementor-column-gap-default\">\n\t\t\t\t\t<div class=\"elementor-column elementor-col-33 elementor-top-column elementor-element elementor-element-6975aa7a\" data-id=\"6975aa7a\" data-element_type=\"column\">\n\t\t\t<div class=\"elementor-widget-wrap elementor-element-populated\">\n\t\t\t\t\t\t\t\t<div class=\"elementor-element elementor-element-67e9d21c elementor-widget elementor-widget-image\" data-id=\"67e9d21c\" data-element_type=\"widget\" data-widget_type=\"image.default\">\n\t\t\t\t<div class=\"elementor-widget-container\">\n\t\t\t\t\t\t\t\t\t\t\t\t\t\t\t<img loading=\"lazy\" decoding=\"async\" width=\"642\" height=\"643\" src=\"https:\/\/digiculture.eu\/wp-content\/uploads\/2019\/01\/Walter-Scholger.jpg\" class=\"attachment-large size-large wp-image-1854\" alt=\"\" srcset=\"https:\/\/digiculture.eu\/wp-content\/uploads\/2019\/01\/Walter-Scholger.jpg 642w, https:\/\/digiculture.eu\/wp-content\/uploads\/2019\/01\/Walter-Scholger-150x150.jpg 150w, https:\/\/digiculture.eu\/wp-content\/uploads\/2019\/01\/Walter-Scholger-300x300.jpg 300w, https:\/\/digiculture.eu\/wp-content\/uploads\/2019\/01\/Walter-Scholger-465x466.jpg 465w, https:\/\/digiculture.eu\/wp-content\/uploads\/2019\/01\/Walter-Scholger-499x500.jpg 499w\" sizes=\"(max-width: 642px) 100vw, 642px\" \/>\t\t\t\t\t\t\t\t\t\t\t\t\t\t\t<\/div>\n\t\t\t\t<\/div>\n\t\t\t\t<div class=\"elementor-element elementor-element-78dbe66 elementor-shape-rounded elementor-grid-0 e-grid-align-center elementor-widget elementor-widget-social-icons\" data-id=\"78dbe66\" data-element_type=\"widget\" data-widget_type=\"social-icons.default\">\n\t\t\t\t<div class=\"elementor-widget-container\">\n\t\t\t\t\t<div class=\"elementor-social-icons-wrapper elementor-grid\">\n\t\t\t\t\t\t\t<span class=\"elementor-grid-item\">\n\t\t\t\t\t<a class=\"elementor-icon elementor-social-icon elementor-social-icon-envelope elementor-repeater-item-63b93f1\" href=\"mailto:walter.scholger@uni-graz.at\" target=\"_blank\">\n\t\t\t\t\t\t<span class=\"elementor-screen-only\">Briefumschlag<\/span>\n\t\t\t\t\t\t\t\t\t\t\t\t\t<i class=\"fa fa-envelope\"><\/i>\n\t\t\t\t\t\t\t\t\t\t\t<\/a>\n\t\t\t\t<\/span>\n\t\t\t\t\t\t\t<span class=\"elementor-grid-item\">\n\t\t\t\t\t<a class=\"elementor-icon elementor-social-icon elementor-social-icon-twitter elementor-repeater-item-73937ed\" href=\"https:\/\/twitter.com\/wscholger\" target=\"_blank\">\n\t\t\t\t\t\t<span class=\"elementor-screen-only\">Twitter<\/span>\n\t\t\t\t\t\t\t\t\t\t\t\t\t<i class=\"fa fa-twitter\"><\/i>\n\t\t\t\t\t\t\t\t\t\t\t<\/a>\n\t\t\t\t<\/span>\n\t\t\t\t\t<\/div>\n\t\t\t\t<\/div>\n\t\t\t\t<\/div>\n\t\t\t\t\t<\/div>\n\t\t<\/div>\n\t\t\t\t<div class=\"elementor-column elementor-col-66 elementor-top-column elementor-element elementor-element-2316f5be\" data-id=\"2316f5be\" data-element_type=\"column\">\n\t\t\t<div class=\"elementor-widget-wrap elementor-element-populated\">\n\t\t\t\t\t\t\t\t<div class=\"elementor-element elementor-element-5d30db3 elementor-widget elementor-widget-heading\" data-id=\"5d30db3\" data-element_type=\"widget\" data-widget_type=\"heading.default\">\n\t\t\t\t<div class=\"elementor-widget-container\">\n\t\t\t<h2 class=\"elementor-heading-title elementor-size-default\">Walter Scholger<\/h2>\t\t<\/div>\n\t\t\t\t<\/div>\n\t\t\t\t<div class=\"elementor-element elementor-element-60ffb198 elementor-widget elementor-widget-text-editor\" data-id=\"60ffb198\" data-element_type=\"widget\" data-widget_type=\"text-editor.default\">\n\t\t\t\t<div class=\"elementor-widget-container\">\n\t\t\t\t\t\t\t<p>Walter Scholger studierte Geschichte und Angewandte Kulturwissenschaften in Graz (\u00d6sterreich) und Maynooth (Irland). Seit 2008 ist er stellvertretender Direktor des Zentrums f\u00fcr Informationsmodellierung - Austrian Center for Digital Humanites an der Universit\u00e4t Graz (\u00d6sterreich). Dort besch\u00e4ftigt er sich haupts\u00e4chlich mit administrativen Fragen, Projektmanagement und der Koordinierung der Lehraktivit\u00e4ten des Zentrums. Sein Forschungsschwerpunkt liegt auf rechtlichen Fragen (Urheberrecht, Datenschutz, Lizenzen) im Zusammenhang mit Forschung, Bildung und Digitalisierung des Kulturerbes sowie Open Science und Digital Publication im Allgemeinen. Er ist an mehreren internationalen Projekten beteiligt, die sich mit rechtlichen Aspekten der Wissenschaft und Digitalisierung befassen, und Mitglied und Co-Lead von Arbeitsgruppen von DH-Dachorganisationen (ADHO Digital Pedagogy SIG), die sich mit der Entwicklung von DH-Lehrpl\u00e4nen und Fragen der digitalen Ver\u00f6ffentlichung (DHd) befassen. Als Veteran von DARIAH-EU war er in mehreren Arbeitsgruppen aktiv. Von 2013 bis 2017 war er Co-Lead der Arbeitsgruppe \u201eTraining and Education\u201c und der Arbeitsgruppe \u201eEthik und Rechtm\u00e4\u00dfigkeit in der digitalen Kunst und Geisteswissenschaften\u201c. seit 2017.<\/p>\t\t\t\t\t\t<\/div>\n\t\t\t\t<\/div>\n\t\t\t\t\t<\/div>\n\t\t<\/div>\n\t\t\t\t\t\t\t<\/div>\n\t\t<\/section>\n\t\t\t\t\t\t\t<\/div>","protected":false},"excerpt":{"rendered":"<p>Envelope Twitter Walter Scholger Walter Scholger studied History and Applied Cultural Sciences in Graz (Austria) and Maynooth (Ireland). He has been the Deputy Director of the Center for Information Modeling \u2013 Austrian Centre for Digital Humanites at the University of Graz (Austria) since 2008, where he is primarily dealing with<span class=\"more-link\"><a href=\"https:\/\/digiculture.eu\/de\/partners\/university-of-graz\/walter-scholger\/\">Read More &rarr;<\/a><\/span><\/p>","protected":false},"author":5,"featured_media":0,"parent":1950,"menu_order":0,"comment_status":"closed","ping_status":"closed","template":"","meta":{"_mi_skip_tracking":false,"_monsterinsights_sitenote_active":false,"_monsterinsights_sitenote_note":"","_monsterinsights_sitenote_category":0,"footnotes":""},"yoast_head":"<!-- This site is optimized with the Yoast SEO plugin v21.5 - https:\/\/yoast.com\/wordpress\/plugins\/seo\/ -->\n<title>Walter Scholger - Digital Culture - Erasmus+ European Project<\/title>\n<meta name=\"robots\" content=\"index, follow, max-snippet:-1, max-image-preview:large, max-video-preview:-1\" \/>\n<link rel=\"canonical\" href=\"https:\/\/digiculture.eu\/de\/partners\/university-of-graz\/walter-scholger\/\" \/>\n<meta property=\"og:locale\" content=\"de_DE\" \/>\n<meta property=\"og:type\" content=\"article\" \/>\n<meta property=\"og:title\" content=\"Walter Scholger - Digital Culture - Erasmus+ European Project\" \/>\n<meta property=\"og:description\" content=\"Envelope Twitter Walter Scholger Walter Scholger studied History and Applied Cultural Sciences in Graz (Austria) and Maynooth (Ireland). He has been the Deputy Director of the Center for Information Modeling \u2013 Austrian Centre for Digital Humanites at the University of Graz (Austria) since 2008, where he is primarily dealing withRead More &rarr;\" \/>\n<meta property=\"og:url\" content=\"https:\/\/digiculture.eu\/de\/partners\/university-of-graz\/walter-scholger\/\" \/>\n<meta property=\"og:site_name\" content=\"Digital Culture - Erasmus+ European Project\" \/>\n<meta property=\"article:publisher\" content=\"https:\/\/www.facebook.com\/CultureDigi\" \/>\n<meta property=\"article:modified_time\" content=\"2019-02-24T19:54:14+00:00\" \/>\n<meta property=\"og:image\" content=\"https:\/\/digiculture.eu\/wp-content\/uploads\/2019\/01\/Walter-Scholger.jpg\" \/>\n<meta name=\"twitter:card\" content=\"summary_large_image\" \/>\n<meta name=\"twitter:site\" content=\"@elearning_upt\" \/>\n<meta name=\"twitter:label1\" content=\"Gesch\u00e4tzte Lesezeit\" \/>\n\t<meta name=\"twitter:data1\" content=\"1\u00a0Minute\" \/>\n<script type=\"application\/ld+json\" class=\"yoast-schema-graph\">{\"@context\":\"https:\/\/schema.org\",\"@graph\":[{\"@type\":\"WebPage\",\"@id\":\"https:\/\/digiculture.eu\/partners\/university-of-graz\/walter-scholger\/\",\"url\":\"https:\/\/digiculture.eu\/partners\/university-of-graz\/walter-scholger\/\",\"name\":\"Walter Scholger - Digital Culture - Erasmus+ European Project\",\"isPartOf\":{\"@id\":\"https:\/\/digiculture.eu\/#website\"},\"datePublished\":\"2019-02-24T19:51:13+00:00\",\"dateModified\":\"2019-02-24T19:54:14+00:00\",\"breadcrumb\":{\"@id\":\"https:\/\/digiculture.eu\/partners\/university-of-graz\/walter-scholger\/#breadcrumb\"},\"inLanguage\":\"de\",\"potentialAction\":[{\"@type\":\"ReadAction\",\"target\":[\"https:\/\/digiculture.eu\/partners\/university-of-graz\/walter-scholger\/\"]}]},{\"@type\":\"BreadcrumbList\",\"@id\":\"https:\/\/digiculture.eu\/partners\/university-of-graz\/walter-scholger\/#breadcrumb\",\"itemListElement\":[{\"@type\":\"ListItem\",\"position\":1,\"name\":\"Home\",\"item\":\"https:\/\/digiculture.eu\/\"},{\"@type\":\"ListItem\",\"position\":2,\"name\":\"Partners\",\"item\":\"https:\/\/digiculture.eu\/partners\/\"},{\"@type\":\"ListItem\",\"position\":3,\"name\":\"University of Graz\",\"item\":\"https:\/\/digiculture.eu\/partners\/university-of-graz\/\"},{\"@type\":\"ListItem\",\"position\":4,\"name\":\"Walter Scholger\"}]},{\"@type\":\"WebSite\",\"@id\":\"https:\/\/digiculture.eu\/#website\",\"url\":\"https:\/\/digiculture.eu\/\",\"name\":\"Digital Culture - Erasmus+ European Project\",\"description\":\"Improving the Digital Competences and Social Inclusion of Adults in Creative Industries\",\"publisher\":{\"@id\":\"https:\/\/digiculture.eu\/#organization\"},\"potentialAction\":[{\"@type\":\"SearchAction\",\"target\":{\"@type\":\"EntryPoint\",\"urlTemplate\":\"https:\/\/digiculture.eu\/?s={search_term_string}\"},\"query-input\":\"required name=search_term_string\"}],\"inLanguage\":\"de\"},{\"@type\":\"Organization\",\"@id\":\"https:\/\/digiculture.eu\/#organization\",\"name\":\"Digiculture\",\"url\":\"https:\/\/digiculture.eu\/\",\"logo\":{\"@type\":\"ImageObject\",\"inLanguage\":\"de\",\"@id\":\"https:\/\/digiculture.eu\/#\/schema\/logo\/image\/\",\"url\":\"https:\/\/digiculture.eu\/wp-content\/uploads\/2019\/01\/Logo-Digi-Culture.png\",\"contentUrl\":\"https:\/\/digiculture.eu\/wp-content\/uploads\/2019\/01\/Logo-Digi-Culture.png\",\"width\":934,\"height\":386,\"caption\":\"Digiculture\"},\"image\":{\"@id\":\"https:\/\/digiculture.eu\/#\/schema\/logo\/image\/\"},\"sameAs\":[\"https:\/\/www.facebook.com\/CultureDigi\",\"https:\/\/twitter.com\/elearning_upt\"]}]}<\/script>\n<!-- \/ Yoast SEO plugin. -->","yoast_head_json":{"title":"Walter Scholger - Digital Culture - Erasmus+ European Project","robots":{"index":"index","follow":"follow","max-snippet":"max-snippet:-1","max-image-preview":"max-image-preview:large","max-video-preview":"max-video-preview:-1"},"canonical":"https:\/\/digiculture.eu\/de\/partners\/university-of-graz\/walter-scholger\/","og_locale":"de_DE","og_type":"article","og_title":"Walter Scholger - Digital Culture - Erasmus+ European Project","og_description":"Envelope Twitter Walter Scholger Walter Scholger studied History and Applied Cultural Sciences in Graz (Austria) and Maynooth (Ireland). He has been the Deputy Director of the Center for Information Modeling \u2013 Austrian Centre for Digital Humanites at the University of Graz (Austria) since 2008, where he is primarily dealing withRead More &rarr;","og_url":"https:\/\/digiculture.eu\/de\/partners\/university-of-graz\/walter-scholger\/","og_site_name":"Digital Culture - Erasmus+ European Project","article_publisher":"https:\/\/www.facebook.com\/CultureDigi","article_modified_time":"2019-02-24T19:54:14+00:00","og_image":[{"url":"https:\/\/digiculture.eu\/wp-content\/uploads\/2019\/01\/Walter-Scholger.jpg"}],"twitter_card":"summary_large_image","twitter_site":"@elearning_upt","twitter_misc":{"Gesch\u00e4tzte Lesezeit":"1\u00a0Minute"},"schema":{"@context":"https:\/\/schema.org","@graph":[{"@type":"WebPage","@id":"https:\/\/digiculture.eu\/partners\/university-of-graz\/walter-scholger\/","url":"https:\/\/digiculture.eu\/partners\/university-of-graz\/walter-scholger\/","name":"Walter Scholger - Digital Culture - Erasmus+ European Project","isPartOf":{"@id":"https:\/\/digiculture.eu\/#website"},"datePublished":"2019-02-24T19:51:13+00:00","dateModified":"2019-02-24T19:54:14+00:00","breadcrumb":{"@id":"https:\/\/digiculture.eu\/partners\/university-of-graz\/walter-scholger\/#breadcrumb"},"inLanguage":"de","potentialAction":[{"@type":"ReadAction","target":["https:\/\/digiculture.eu\/partners\/university-of-graz\/walter-scholger\/"]}]},{"@type":"BreadcrumbList","@id":"https:\/\/digiculture.eu\/partners\/university-of-graz\/walter-scholger\/#breadcrumb","itemListElement":[{"@type":"ListItem","position":1,"name":"Home","item":"https:\/\/digiculture.eu\/"},{"@type":"ListItem","position":2,"name":"Partners","item":"https:\/\/digiculture.eu\/partners\/"},{"@type":"ListItem","position":3,"name":"University of Graz","item":"https:\/\/digiculture.eu\/partners\/university-of-graz\/"},{"@type":"ListItem","position":4,"name":"Walter Scholger"}]},{"@type":"WebSite","@id":"https:\/\/digiculture.eu\/#website","url":"https:\/\/digiculture.eu\/","name":"Digital Culture - Erasmus+ European Project","description":"Improving the Digital Competences and Social Inclusion of Adults in Creative Industries","publisher":{"@id":"https:\/\/digiculture.eu\/#organization"},"potentialAction":[{"@type":"SearchAction","target":{"@type":"EntryPoint","urlTemplate":"https:\/\/digiculture.eu\/?s={search_term_string}"},"query-input":"required name=search_term_string"}],"inLanguage":"de"},{"@type":"Organization","@id":"https:\/\/digiculture.eu\/#organization","name":"Digiculture","url":"https:\/\/digiculture.eu\/","logo":{"@type":"ImageObject","inLanguage":"de","@id":"https:\/\/digiculture.eu\/#\/schema\/logo\/image\/","url":"https:\/\/digiculture.eu\/wp-content\/uploads\/2019\/01\/Logo-Digi-Culture.png","contentUrl":"https:\/\/digiculture.eu\/wp-content\/uploads\/2019\/01\/Logo-Digi-Culture.png","width":934,"height":386,"caption":"Digiculture"},"image":{"@id":"https:\/\/digiculture.eu\/#\/schema\/logo\/image\/"},"sameAs":["https:\/\/www.facebook.com\/CultureDigi","https:\/\/twitter.com\/elearning_upt"]}]}},"_links":{"self":[{"href":"https:\/\/digiculture.eu\/de\/wp-json\/wp\/v2\/pages\/2006"}],"collection":[{"href":"https:\/\/digiculture.eu\/de\/wp-json\/wp\/v2\/pages"}],"about":[{"href":"https:\/\/digiculture.eu\/de\/wp-json\/wp\/v2\/types\/page"}],"author":[{"embeddable":true,"href":"https:\/\/digiculture.eu\/de\/wp-json\/wp\/v2\/users\/5"}],"replies":[{"embeddable":true,"href":"https:\/\/digiculture.eu\/de\/wp-json\/wp\/v2\/comments?post=2006"}],"version-history":[{"count":2,"href":"https:\/\/digiculture.eu\/de\/wp-json\/wp\/v2\/pages\/2006\/revisions"}],"predecessor-version":[{"id":2008,"href":"https:\/\/digiculture.eu\/de\/wp-json\/wp\/v2\/pages\/2006\/revisions\/2008"}],"up":[{"embeddable":true,"href":"https:\/\/digiculture.eu\/de\/wp-json\/wp\/v2\/pages\/1950"}],"wp:attachment":[{"href":"https:\/\/digiculture.eu\/de\/wp-json\/wp\/v2\/media?parent=2006"}],"curies":[{"name":"wp","href":"https:\/\/api.w.org\/{rel}","templated":true}]}}