{"id":1953,"date":"2019-02-05T14:42:39","date_gmt":"2019-02-05T12:42:39","guid":{"rendered":"https:\/\/digiculture.eu\/?page_id=1953"},"modified":"2021-04-18T20:57:54","modified_gmt":"2021-04-18T17:57:54","slug":"dublin-city-university","status":"publish","type":"page","link":"https:\/\/digiculture.eu\/de\/partners\/dublin-city-university\/","title":{"rendered":"Universit\u00e4t Dublin City"},"content":{"rendered":"<div data-elementor-type=\"wp-post\" data-elementor-id=\"1953\" class=\"elementor elementor-1953\">\n\t\t\t\t\t\t\t\t\t<section class=\"elementor-section elementor-top-section elementor-element elementor-element-68c20a9 elementor-section-boxed elementor-section-height-default elementor-section-height-default\" data-id=\"68c20a9\" data-element_type=\"section\">\n\t\t\t\t\t\t<div class=\"elementor-container elementor-column-gap-default\">\n\t\t\t\t\t<div class=\"elementor-column elementor-col-33 elementor-top-column elementor-element elementor-element-6b06d2dc\" data-id=\"6b06d2dc\" data-element_type=\"column\">\n\t\t\t<div class=\"elementor-widget-wrap elementor-element-populated\">\n\t\t\t\t\t\t\t\t<div class=\"elementor-element elementor-element-1b30f383 elementor-widget elementor-widget-image\" data-id=\"1b30f383\" data-element_type=\"widget\" data-widget_type=\"image.default\">\n\t\t\t\t<div class=\"elementor-widget-container\">\n\t\t\t\t\t\t\t\t\t\t\t\t\t\t\t<img loading=\"lazy\" decoding=\"async\" width=\"342\" height=\"372\" src=\"https:\/\/digiculture.eu\/wp-content\/uploads\/2019\/01\/Copy-of-DCU_logo_stacked_yellow_slate.jpeg\" class=\"attachment-large size-large wp-image-1855\" alt=\"\" srcset=\"https:\/\/digiculture.eu\/wp-content\/uploads\/2019\/01\/Copy-of-DCU_logo_stacked_yellow_slate.jpeg 342w, https:\/\/digiculture.eu\/wp-content\/uploads\/2019\/01\/Copy-of-DCU_logo_stacked_yellow_slate-276x300.jpeg 276w\" sizes=\"(max-width: 342px) 100vw, 342px\" \/>\t\t\t\t\t\t\t\t\t\t\t\t\t\t\t<\/div>\n\t\t\t\t<\/div>\n\t\t\t\t<div class=\"elementor-element elementor-element-6992c7b2 elementor-icon-list--layout-traditional elementor-list-item-link-full_width elementor-widget elementor-widget-icon-list\" data-id=\"6992c7b2\" data-element_type=\"widget\" data-widget_type=\"icon-list.default\">\n\t\t\t\t<div class=\"elementor-widget-container\">\n\t\t\t\t\t<ul class=\"elementor-icon-list-items\">\n\t\t\t\t\t\t\t<li class=\"elementor-icon-list-item\">\n\t\t\t\t\t\t\t\t\t\t\t<span class=\"elementor-icon-list-icon\">\n\t\t\t\t\t\t\t\t\t\t\t\t\t\t\t\t<i class=\"fa fa-home\" aria-hidden=\"true\"><\/i>\n\t\t\t\t\t\t\t\t\t\t\t\t\t<\/span>\n\t\t\t\t\t\t\t\t\t\t<span class=\"elementor-icon-list-text\">Ideenlabor <br \/> Dublin City University DCU <br \/> Glasnevin Campus, Dublin 9, Irland<\/span>\n\t\t\t\t\t\t\t\t\t<\/li>\n\t\t\t\t\t\t\t\t<li class=\"elementor-icon-list-item\">\n\t\t\t\t\t\t\t\t\t\t\t<a href=\"https:\/\/www.dcu.ie\/\">\n\n\t\t\t\t\t\t\t\t\t\t\t\t<span class=\"elementor-icon-list-icon\">\n\t\t\t\t\t\t\t\t\t\t\t\t\t\t\t\t<i class=\"fa fa-wordpress\" aria-hidden=\"true\"><\/i>\n\t\t\t\t\t\t\t\t\t\t\t\t\t<\/span>\n\t\t\t\t\t\t\t\t\t\t<span class=\"elementor-icon-list-text\">www.dcu.ie<\/span>\n\t\t\t\t\t\t\t\t\t\t\t<\/a>\n\t\t\t\t\t\t\t\t\t<\/li>\n\t\t\t\t\t\t<\/ul>\n\t\t\t\t<\/div>\n\t\t\t\t<\/div>\n\t\t\t\t\t<\/div>\n\t\t<\/div>\n\t\t\t\t<div class=\"elementor-column elementor-col-66 elementor-top-column elementor-element elementor-element-55ee8d0a\" data-id=\"55ee8d0a\" data-element_type=\"column\">\n\t\t\t<div class=\"elementor-widget-wrap elementor-element-populated\">\n\t\t\t\t\t\t\t\t<div class=\"elementor-element elementor-element-df71569 elementor-widget elementor-widget-heading\" data-id=\"df71569\" data-element_type=\"widget\" data-widget_type=\"heading.default\">\n\t\t\t\t<div class=\"elementor-widget-container\">\n\t\t\t<h2 class=\"elementor-heading-title elementor-size-default\">Universit\u00e4t Dublin City<\/h2>\t\t<\/div>\n\t\t\t\t<\/div>\n\t\t\t\t<div class=\"elementor-element elementor-element-7d4110ee elementor-widget elementor-widget-text-editor\" data-id=\"7d4110ee\" data-element_type=\"widget\" data-widget_type=\"text-editor.default\">\n\t\t\t\t<div class=\"elementor-widget-container\">\n\t\t\t\t\t\t\t<p>Die Dublin City University ist ein forschungsintensives Institut in Irland. Es umfasst \u00fcber 16.000 Studenten, darunter \u00fcber 2.600 Doktoranden, von denen 700 Forschungsstudenten sind. Die Universit\u00e4t bietet eine breitere Auswahl an Studieng\u00e4ngen in den Fakult\u00e4ten f\u00fcr Wirtschaft, Ingenieurwissenschaften und Informatik, Geisteswissenschaften und Sozialwissenschaften, Wissenschaft und Gesundheit sowie dem Institut f\u00fcr Bildung an. Die DCU ist national und international als Irlands \u201eUniversity of Enterprise\u201c anerkannt, da sie Wissen schafft und in Innovationen zum wirtschaftlichen und sozialen Nutzen umsetzt. Das nationale Institut f\u00fcr digitales Lernen (NIDL) zielt darauf ab, weltweit f\u00fchrend in den Bereichen Bildung, Forschung und Innovation in zeitgem\u00e4\u00dfen Lehr- und Lernmodellen zu sein, die Leben und Gesellschaften ver\u00e4ndern. Unsere Mission ist es, transformative Lehr- und Lernmodelle zu entwerfen, zu implementieren und zu bewerten, indem wir strategische F\u00fchrungsrolle \u00fcbernehmen, zur Erforschung von Weltklasse beitragen und dazu beitragen, wissenschaftliche und operative Exzellenz zu f\u00f6rdern.<\/p><p>\u00a0<\/p>\t\t\t\t\t\t<\/div>\n\t\t\t\t<\/div>\n\t\t\t\t<div class=\"elementor-element elementor-element-ecd6703 elementor-button-danger elementor-align-left elementor-widget elementor-widget-button\" data-id=\"ecd6703\" data-element_type=\"widget\" data-widget_type=\"button.default\">\n\t\t\t\t<div class=\"elementor-widget-container\">\n\t\t\t\t\t<div class=\"elementor-button-wrapper\">\n\t\t\t<a class=\"elementor-button elementor-button-link elementor-size-sm\" href=\"https:\/\/digiculture.eu\/de\/team\/#dublin\">\n\t\t\t\t\t\t<span class=\"elementor-button-content-wrapper\">\n\t\t\t\t\t\t<span class=\"elementor-button-text\">Lernen Sie das Projektteam kennen<\/span>\n\t\t<\/span>\n\t\t\t\t\t<\/a>\n\t\t<\/div>\n\t\t\t\t<\/div>\n\t\t\t\t<\/div>\n\t\t\t\t\t<\/div>\n\t\t<\/div>\n\t\t\t\t\t\t\t<\/div>\n\t\t<\/section>\n\t\t\t\t<section class=\"elementor-section elementor-top-section elementor-element elementor-element-f5cff2c elementor-section-boxed elementor-section-height-default elementor-section-height-default\" data-id=\"f5cff2c\" data-element_type=\"section\">\n\t\t\t\t\t\t<div class=\"elementor-container elementor-column-gap-default\">\n\t\t\t\t\t<div class=\"elementor-column elementor-col-100 elementor-top-column elementor-element elementor-element-5394bd2\" data-id=\"5394bd2\" data-element_type=\"column\">\n\t\t\t<div class=\"elementor-widget-wrap\">\n\t\t\t\t\t\t\t\t\t<\/div>\n\t\t<\/div>\n\t\t\t\t\t\t\t<\/div>\n\t\t<\/section>\n\t\t\t\t\t\t\t<\/div>","protected":false},"excerpt":{"rendered":"<p>Ideas Lab Dublin City University DCU Glasnevin Campus, Dublin 9, Ireland www.dcu.ie Dublin City University Dublin City University is a research-intensive institute in Ireland; it comprises over 16,000 students including over 2,600 postgraduate students of whom 700 are research students. The University provides a wider variety of degree programs in<span class=\"more-link\"><a href=\"https:\/\/digiculture.eu\/de\/partners\/dublin-city-university\/\">Read More &rarr;<\/a><\/span><\/p>","protected":false},"author":5,"featured_media":0,"parent":2117,"menu_order":0,"comment_status":"closed","ping_status":"closed","template":"","meta":{"_mi_skip_tracking":false,"_monsterinsights_sitenote_active":false,"_monsterinsights_sitenote_note":"","_monsterinsights_sitenote_category":0,"footnotes":""},"yoast_head":"<!-- This site is optimized with the Yoast SEO plugin v21.5 - https:\/\/yoast.com\/wordpress\/plugins\/seo\/ -->\n<title>Dublin City University - Digital Culture - Erasmus+ European Project<\/title>\n<meta name=\"robots\" content=\"index, follow, max-snippet:-1, max-image-preview:large, max-video-preview:-1\" \/>\n<link rel=\"canonical\" href=\"https:\/\/digiculture.eu\/de\/partners\/dublin-city-university\/\" \/>\n<meta property=\"og:locale\" content=\"de_DE\" \/>\n<meta property=\"og:type\" content=\"article\" \/>\n<meta property=\"og:title\" content=\"Dublin City University - Digital Culture - Erasmus+ European Project\" \/>\n<meta property=\"og:description\" content=\"Ideas Lab Dublin City University DCU Glasnevin Campus, Dublin 9, Ireland www.dcu.ie Dublin City University Dublin City University is a research-intensive institute in Ireland; it comprises over 16,000 students including over 2,600 postgraduate students of whom 700 are research students. The University provides a wider variety of degree programs inRead More &rarr;\" \/>\n<meta property=\"og:url\" content=\"https:\/\/digiculture.eu\/de\/partners\/dublin-city-university\/\" \/>\n<meta property=\"og:site_name\" content=\"Digital Culture - Erasmus+ European Project\" \/>\n<meta property=\"article:publisher\" content=\"https:\/\/www.facebook.com\/CultureDigi\" \/>\n<meta property=\"article:modified_time\" content=\"2021-04-18T17:57:54+00:00\" \/>\n<meta property=\"og:image\" content=\"https:\/\/digiculture.eu\/wp-content\/uploads\/2019\/01\/Copy-of-DCU_logo_stacked_yellow_slate.jpeg\" \/>\n<meta name=\"twitter:card\" content=\"summary_large_image\" \/>\n<meta name=\"twitter:site\" content=\"@elearning_upt\" \/>\n<meta name=\"twitter:label1\" content=\"Gesch\u00e4tzte Lesezeit\" \/>\n\t<meta name=\"twitter:data1\" content=\"1\u00a0Minute\" \/>\n<script type=\"application\/ld+json\" class=\"yoast-schema-graph\">{\"@context\":\"https:\/\/schema.org\",\"@graph\":[{\"@type\":\"WebPage\",\"@id\":\"https:\/\/digiculture.eu\/partners\/dublin-city-university\/\",\"url\":\"https:\/\/digiculture.eu\/partners\/dublin-city-university\/\",\"name\":\"Dublin City University - Digital Culture - Erasmus+ European Project\",\"isPartOf\":{\"@id\":\"https:\/\/digiculture.eu\/#website\"},\"datePublished\":\"2019-02-05T12:42:39+00:00\",\"dateModified\":\"2021-04-18T17:57:54+00:00\",\"breadcrumb\":{\"@id\":\"https:\/\/digiculture.eu\/partners\/dublin-city-university\/#breadcrumb\"},\"inLanguage\":\"de\",\"potentialAction\":[{\"@type\":\"ReadAction\",\"target\":[\"https:\/\/digiculture.eu\/partners\/dublin-city-university\/\"]}]},{\"@type\":\"BreadcrumbList\",\"@id\":\"https:\/\/digiculture.eu\/partners\/dublin-city-university\/#breadcrumb\",\"itemListElement\":[{\"@type\":\"ListItem\",\"position\":1,\"name\":\"Home\",\"item\":\"https:\/\/digiculture.eu\/\"},{\"@type\":\"ListItem\",\"position\":2,\"name\":\"Partners\",\"item\":\"https:\/\/digiculture.eu\/partners\/\"},{\"@type\":\"ListItem\",\"position\":3,\"name\":\"Dublin City University\"}]},{\"@type\":\"WebSite\",\"@id\":\"https:\/\/digiculture.eu\/#website\",\"url\":\"https:\/\/digiculture.eu\/\",\"name\":\"Digital Culture - Erasmus+ European Project\",\"description\":\"Improving the Digital Competences and Social Inclusion of Adults in Creative Industries\",\"publisher\":{\"@id\":\"https:\/\/digiculture.eu\/#organization\"},\"potentialAction\":[{\"@type\":\"SearchAction\",\"target\":{\"@type\":\"EntryPoint\",\"urlTemplate\":\"https:\/\/digiculture.eu\/?s={search_term_string}\"},\"query-input\":\"required name=search_term_string\"}],\"inLanguage\":\"de\"},{\"@type\":\"Organization\",\"@id\":\"https:\/\/digiculture.eu\/#organization\",\"name\":\"Digiculture\",\"url\":\"https:\/\/digiculture.eu\/\",\"logo\":{\"@type\":\"ImageObject\",\"inLanguage\":\"de\",\"@id\":\"https:\/\/digiculture.eu\/#\/schema\/logo\/image\/\",\"url\":\"https:\/\/digiculture.eu\/wp-content\/uploads\/2019\/01\/Logo-Digi-Culture.png\",\"contentUrl\":\"https:\/\/digiculture.eu\/wp-content\/uploads\/2019\/01\/Logo-Digi-Culture.png\",\"width\":934,\"height\":386,\"caption\":\"Digiculture\"},\"image\":{\"@id\":\"https:\/\/digiculture.eu\/#\/schema\/logo\/image\/\"},\"sameAs\":[\"https:\/\/www.facebook.com\/CultureDigi\",\"https:\/\/twitter.com\/elearning_upt\"]}]}<\/script>\n<!-- \/ Yoast SEO plugin. -->","yoast_head_json":{"title":"Dublin City University - Digital Culture - Erasmus+ European Project","robots":{"index":"index","follow":"follow","max-snippet":"max-snippet:-1","max-image-preview":"max-image-preview:large","max-video-preview":"max-video-preview:-1"},"canonical":"https:\/\/digiculture.eu\/de\/partners\/dublin-city-university\/","og_locale":"de_DE","og_type":"article","og_title":"Dublin City University - Digital Culture - Erasmus+ European Project","og_description":"Ideas Lab Dublin City University DCU Glasnevin Campus, Dublin 9, Ireland www.dcu.ie Dublin City University Dublin City University is a research-intensive institute in Ireland; it comprises over 16,000 students including over 2,600 postgraduate students of whom 700 are research students. The University provides a wider variety of degree programs inRead More &rarr;","og_url":"https:\/\/digiculture.eu\/de\/partners\/dublin-city-university\/","og_site_name":"Digital Culture - Erasmus+ European Project","article_publisher":"https:\/\/www.facebook.com\/CultureDigi","article_modified_time":"2021-04-18T17:57:54+00:00","og_image":[{"url":"https:\/\/digiculture.eu\/wp-content\/uploads\/2019\/01\/Copy-of-DCU_logo_stacked_yellow_slate.jpeg"}],"twitter_card":"summary_large_image","twitter_site":"@elearning_upt","twitter_misc":{"Gesch\u00e4tzte Lesezeit":"1\u00a0Minute"},"schema":{"@context":"https:\/\/schema.org","@graph":[{"@type":"WebPage","@id":"https:\/\/digiculture.eu\/partners\/dublin-city-university\/","url":"https:\/\/digiculture.eu\/partners\/dublin-city-university\/","name":"Dublin City University - Digital Culture - Erasmus+ European Project","isPartOf":{"@id":"https:\/\/digiculture.eu\/#website"},"datePublished":"2019-02-05T12:42:39+00:00","dateModified":"2021-04-18T17:57:54+00:00","breadcrumb":{"@id":"https:\/\/digiculture.eu\/partners\/dublin-city-university\/#breadcrumb"},"inLanguage":"de","potentialAction":[{"@type":"ReadAction","target":["https:\/\/digiculture.eu\/partners\/dublin-city-university\/"]}]},{"@type":"BreadcrumbList","@id":"https:\/\/digiculture.eu\/partners\/dublin-city-university\/#breadcrumb","itemListElement":[{"@type":"ListItem","position":1,"name":"Home","item":"https:\/\/digiculture.eu\/"},{"@type":"ListItem","position":2,"name":"Partners","item":"https:\/\/digiculture.eu\/partners\/"},{"@type":"ListItem","position":3,"name":"Dublin City University"}]},{"@type":"WebSite","@id":"https:\/\/digiculture.eu\/#website","url":"https:\/\/digiculture.eu\/","name":"Digital Culture - Erasmus+ European Project","description":"Improving the Digital Competences and Social Inclusion of Adults in Creative Industries","publisher":{"@id":"https:\/\/digiculture.eu\/#organization"},"potentialAction":[{"@type":"SearchAction","target":{"@type":"EntryPoint","urlTemplate":"https:\/\/digiculture.eu\/?s={search_term_string}"},"query-input":"required name=search_term_string"}],"inLanguage":"de"},{"@type":"Organization","@id":"https:\/\/digiculture.eu\/#organization","name":"Digiculture","url":"https:\/\/digiculture.eu\/","logo":{"@type":"ImageObject","inLanguage":"de","@id":"https:\/\/digiculture.eu\/#\/schema\/logo\/image\/","url":"https:\/\/digiculture.eu\/wp-content\/uploads\/2019\/01\/Logo-Digi-Culture.png","contentUrl":"https:\/\/digiculture.eu\/wp-content\/uploads\/2019\/01\/Logo-Digi-Culture.png","width":934,"height":386,"caption":"Digiculture"},"image":{"@id":"https:\/\/digiculture.eu\/#\/schema\/logo\/image\/"},"sameAs":["https:\/\/www.facebook.com\/CultureDigi","https:\/\/twitter.com\/elearning_upt"]}]}},"_links":{"self":[{"href":"https:\/\/digiculture.eu\/de\/wp-json\/wp\/v2\/pages\/1953"}],"collection":[{"href":"https:\/\/digiculture.eu\/de\/wp-json\/wp\/v2\/pages"}],"about":[{"href":"https:\/\/digiculture.eu\/de\/wp-json\/wp\/v2\/types\/page"}],"author":[{"embeddable":true,"href":"https:\/\/digiculture.eu\/de\/wp-json\/wp\/v2\/users\/5"}],"replies":[{"embeddable":true,"href":"https:\/\/digiculture.eu\/de\/wp-json\/wp\/v2\/comments?post=1953"}],"version-history":[{"count":11,"href":"https:\/\/digiculture.eu\/de\/wp-json\/wp\/v2\/pages\/1953\/revisions"}],"predecessor-version":[{"id":3554,"href":"https:\/\/digiculture.eu\/de\/wp-json\/wp\/v2\/pages\/1953\/revisions\/3554"}],"up":[{"embeddable":true,"href":"https:\/\/digiculture.eu\/de\/wp-json\/wp\/v2\/pages\/2117"}],"wp:attachment":[{"href":"https:\/\/digiculture.eu\/de\/wp-json\/wp\/v2\/media?parent=1953"}],"curies":[{"name":"wp","href":"https:\/\/api.w.org\/{rel}","templated":true}]}}