{"id":1950,"date":"2019-02-05T14:40:02","date_gmt":"2019-02-05T12:40:02","guid":{"rendered":"https:\/\/digiculture.eu\/?page_id=1950"},"modified":"2021-04-18T21:01:54","modified_gmt":"2021-04-18T18:01:54","slug":"university-of-graz","status":"publish","type":"page","link":"https:\/\/digiculture.eu\/de\/partners\/university-of-graz\/","title":{"rendered":"Universit\u00e4t Graz"},"content":{"rendered":"<div data-elementor-type=\"wp-post\" data-elementor-id=\"1950\" class=\"elementor elementor-1950\">\n\t\t\t\t\t\t\t\t\t<section class=\"elementor-section elementor-top-section elementor-element elementor-element-6c860d4f elementor-section-boxed elementor-section-height-default elementor-section-height-default\" data-id=\"6c860d4f\" data-element_type=\"section\">\n\t\t\t\t\t\t<div class=\"elementor-container elementor-column-gap-default\">\n\t\t\t\t\t<div class=\"elementor-column elementor-col-33 elementor-top-column elementor-element elementor-element-52f8c728\" data-id=\"52f8c728\" data-element_type=\"column\">\n\t\t\t<div class=\"elementor-widget-wrap elementor-element-populated\">\n\t\t\t\t\t\t\t\t<div class=\"elementor-element elementor-element-2a8e2e0f elementor-widget elementor-widget-image\" data-id=\"2a8e2e0f\" data-element_type=\"widget\" data-widget_type=\"image.default\">\n\t\t\t\t<div class=\"elementor-widget-container\">\n\t\t\t\t\t\t\t\t\t\t\t\t\t\t\t<img loading=\"lazy\" decoding=\"async\" width=\"496\" height=\"424\" src=\"https:\/\/digiculture.eu\/wp-content\/uploads\/2019\/01\/logoUni.png\" class=\"attachment-large size-large wp-image-1852\" alt=\"\" srcset=\"https:\/\/digiculture.eu\/wp-content\/uploads\/2019\/01\/logoUni.png 496w, https:\/\/digiculture.eu\/wp-content\/uploads\/2019\/01\/logoUni-300x256.png 300w, https:\/\/digiculture.eu\/wp-content\/uploads\/2019\/01\/logoUni-465x398.png 465w\" sizes=\"(max-width: 496px) 100vw, 496px\" \/>\t\t\t\t\t\t\t\t\t\t\t\t\t\t\t<\/div>\n\t\t\t\t<\/div>\n\t\t\t\t<div class=\"elementor-element elementor-element-174b1534 elementor-icon-list--layout-traditional elementor-list-item-link-full_width elementor-widget elementor-widget-icon-list\" data-id=\"174b1534\" data-element_type=\"widget\" data-widget_type=\"icon-list.default\">\n\t\t\t\t<div class=\"elementor-widget-container\">\n\t\t\t\t\t<ul class=\"elementor-icon-list-items\">\n\t\t\t\t\t\t\t<li class=\"elementor-icon-list-item\">\n\t\t\t\t\t\t\t\t\t\t\t<span class=\"elementor-icon-list-icon\">\n\t\t\t\t\t\t\t\t\t\t\t\t\t\t\t\t<i class=\"fa fa-home\" aria-hidden=\"true\"><\/i>\n\t\t\t\t\t\t\t\t\t\t\t\t\t<\/span>\n\t\t\t\t\t\t\t\t\t\t<span class=\"elementor-icon-list-text\">Karl-Franzens-Universit\u00e4t Graz <br \/> Universit\u00e4tsplatz 3, 8010 Graz<\/span>\n\t\t\t\t\t\t\t\t\t<\/li>\n\t\t\t\t\t\t\t\t<li class=\"elementor-icon-list-item\">\n\t\t\t\t\t\t\t\t\t\t\t<span class=\"elementor-icon-list-icon\">\n\t\t\t\t\t\t\t\t\t\t\t\t\t\t\t\t<i class=\"fa fa-home\" aria-hidden=\"true\"><\/i>\n\t\t\t\t\t\t\t\t\t\t\t\t\t<\/span>\n\t\t\t\t\t\t\t\t\t\t<span class=\"elementor-icon-list-text\">Zentrum f\u00fcr Informationsmodellierung (ZIM) - \u00d6sterreichisches Zentrum f\u00fcr Digitale Geisteswissenschaften <br \/> Elisabethstra\u00dfe 59\/III 8010 Graz<\/span>\n\t\t\t\t\t\t\t\t\t<\/li>\n\t\t\t\t\t\t\t\t<li class=\"elementor-icon-list-item\">\n\t\t\t\t\t\t\t\t\t\t\t<a href=\"https:\/\/www.uni-graz.at\/\">\n\n\t\t\t\t\t\t\t\t\t\t\t\t<span class=\"elementor-icon-list-icon\">\n\t\t\t\t\t\t\t\t\t\t\t\t\t\t\t\t<i class=\"fa fa-wordpress\" aria-hidden=\"true\"><\/i>\n\t\t\t\t\t\t\t\t\t\t\t\t\t<\/span>\n\t\t\t\t\t\t\t\t\t\t<span class=\"elementor-icon-list-text\">www.uni-graz.at<\/span>\n\t\t\t\t\t\t\t\t\t\t\t<\/a>\n\t\t\t\t\t\t\t\t\t<\/li>\n\t\t\t\t\t\t<\/ul>\n\t\t\t\t<\/div>\n\t\t\t\t<\/div>\n\t\t\t\t\t<\/div>\n\t\t<\/div>\n\t\t\t\t<div class=\"elementor-column elementor-col-66 elementor-top-column elementor-element elementor-element-70171a35\" data-id=\"70171a35\" data-element_type=\"column\">\n\t\t\t<div class=\"elementor-widget-wrap elementor-element-populated\">\n\t\t\t\t\t\t\t\t<div class=\"elementor-element elementor-element-3dc20a84 elementor-widget elementor-widget-heading\" data-id=\"3dc20a84\" data-element_type=\"widget\" data-widget_type=\"heading.default\">\n\t\t\t\t<div class=\"elementor-widget-container\">\n\t\t\t<h2 class=\"elementor-heading-title elementor-size-default\">Universit\u00e4t Graz<\/h2>\t\t<\/div>\n\t\t\t\t<\/div>\n\t\t\t\t<div class=\"elementor-element elementor-element-62091ff3 elementor-widget elementor-widget-text-editor\" data-id=\"62091ff3\" data-element_type=\"widget\" data-widget_type=\"text-editor.default\">\n\t\t\t\t<div class=\"elementor-widget-container\">\n\t\t\t\t\t\t\t<p>Die Universit\u00e4t Graz wurde 1585 gegr\u00fcndet und ist die zweit\u00e4lteste Universit\u00e4t \u00d6sterreichs. Mit rund 32.500 Studierenden und 4.000 Mitarbeitern ist sie eine der gr\u00f6\u00dften Hochschulen in \u00d6sterreich. Es handelt sich um eine umfassende Universit\u00e4t mit rund 120 Studieng\u00e4ngen an 76 Instituten, die in sechs Fakult\u00e4ten organisiert sind. Die Universit\u00e4t hat ein starkes internationales Profil und ist an zahlreichen globalen Netzwerken (z. B. Coimbra Group und Utrecht Network) sowie an internationalen und europ\u00e4ischen Projekten beteiligt.<\/p><p>Das Zentrum f\u00fcr Informationsmodellierung - \u00d6sterreichisches Zentrum f\u00fcr digitale Geisteswissenschaften an der Universit\u00e4t Graz (ZIM) wurde 2008 offiziell gegr\u00fcndet und nutzt dabei das vorhandene Fachwissen der gesamten Fakult\u00e4t f\u00fcr Geisteswissenschaften. Es ist Teil des DHd (Digital Humanitites in deutschsprachigen L\u00e4ndern). und centerNet-Netzwerke (International Network of Digital Humanities Centers). Das ZIM koordiniert und liefert DH-Module f\u00fcr Hochschullehrer und Universit\u00e4tsstudenten und hat 2017 einen neuen MA in Digital Humanities ins Leben gerufen. Das ZIM ist auf die Entwicklung und Verwaltung von IT-Infrastrukturen f\u00fcr Datenmodellierungsprojekte (\u00fcber GAMS) spezialisiert, h\u00e4ufig in Zusammenarbeit mit Universit\u00e4ten, regionalen, nationalen und internationalen Partnern.<\/p>\t\t\t\t\t\t<\/div>\n\t\t\t\t<\/div>\n\t\t\t\t<div class=\"elementor-element elementor-element-0c6848b elementor-button-danger elementor-align-left elementor-widget elementor-widget-button\" data-id=\"0c6848b\" data-element_type=\"widget\" data-widget_type=\"button.default\">\n\t\t\t\t<div class=\"elementor-widget-container\">\n\t\t\t\t\t<div class=\"elementor-button-wrapper\">\n\t\t\t<a class=\"elementor-button elementor-button-link elementor-size-sm\" href=\"https:\/\/digiculture.eu\/de\/team\/#graz\">\n\t\t\t\t\t\t<span class=\"elementor-button-content-wrapper\">\n\t\t\t\t\t\t<span class=\"elementor-button-text\">Lernen Sie das Projektteam kennen<\/span>\n\t\t<\/span>\n\t\t\t\t\t<\/a>\n\t\t<\/div>\n\t\t\t\t<\/div>\n\t\t\t\t<\/div>\n\t\t\t\t\t<\/div>\n\t\t<\/div>\n\t\t\t\t\t\t\t<\/div>\n\t\t<\/section>\n\t\t\t\t<section class=\"elementor-section elementor-top-section elementor-element elementor-element-988c91e elementor-section-boxed elementor-section-height-default elementor-section-height-default\" data-id=\"988c91e\" data-element_type=\"section\">\n\t\t\t\t\t\t<div class=\"elementor-container elementor-column-gap-default\">\n\t\t\t\t\t<div class=\"elementor-column elementor-col-100 elementor-top-column elementor-element elementor-element-bd60197\" data-id=\"bd60197\" data-element_type=\"column\">\n\t\t\t<div class=\"elementor-widget-wrap\">\n\t\t\t\t\t\t\t\t\t<\/div>\n\t\t<\/div>\n\t\t\t\t\t\t\t<\/div>\n\t\t<\/section>\n\t\t\t\t\t\t\t<\/div>","protected":false},"excerpt":{"rendered":"<p>Karl-Franzens-Universit\u00e4t Graz Universit\u00e4tsplatz 3, 8010 Graz Centre for Information Modelling &#8211; Austrian Centre for Digital Humanities Elisabethstra\u00dfe 59\/III 8010 Graz www.uni-graz.at University of Graz Founded in 1585, the University of Graz is the second oldest university in Austria. With about 32.500 students and 4.000 employees, it is one of the<span class=\"more-link\"><a href=\"https:\/\/digiculture.eu\/de\/partners\/university-of-graz\/\">Read More &rarr;<\/a><\/span><\/p>","protected":false},"author":5,"featured_media":0,"parent":2117,"menu_order":0,"comment_status":"closed","ping_status":"closed","template":"","meta":{"_mi_skip_tracking":false,"_monsterinsights_sitenote_active":false,"_monsterinsights_sitenote_note":"","_monsterinsights_sitenote_category":0,"footnotes":""},"yoast_head":"<!-- This site is optimized with the Yoast SEO plugin v21.5 - https:\/\/yoast.com\/wordpress\/plugins\/seo\/ -->\n<title>University of Graz - Digital Culture - Erasmus+ European Project<\/title>\n<meta name=\"robots\" content=\"index, follow, max-snippet:-1, max-image-preview:large, max-video-preview:-1\" \/>\n<link rel=\"canonical\" href=\"https:\/\/digiculture.eu\/de\/partners\/university-of-graz\/\" \/>\n<meta property=\"og:locale\" content=\"de_DE\" \/>\n<meta property=\"og:type\" content=\"article\" \/>\n<meta property=\"og:title\" content=\"University of Graz - Digital Culture - Erasmus+ European Project\" \/>\n<meta property=\"og:description\" content=\"Karl-Franzens-Universit\u00e4t Graz Universit\u00e4tsplatz 3, 8010 Graz Centre for Information Modelling &#8211; Austrian Centre for Digital Humanities Elisabethstra\u00dfe 59\/III 8010 Graz www.uni-graz.at University of Graz Founded in 1585, the University of Graz is the second oldest university in Austria. With about 32.500 students and 4.000 employees, it is one of theRead More &rarr;\" \/>\n<meta property=\"og:url\" content=\"https:\/\/digiculture.eu\/de\/partners\/university-of-graz\/\" \/>\n<meta property=\"og:site_name\" content=\"Digital Culture - Erasmus+ European Project\" \/>\n<meta property=\"article:publisher\" content=\"https:\/\/www.facebook.com\/CultureDigi\" \/>\n<meta property=\"article:modified_time\" content=\"2021-04-18T18:01:54+00:00\" \/>\n<meta property=\"og:image\" content=\"https:\/\/digiculture.eu\/wp-content\/uploads\/2019\/01\/logoUni.png\" \/>\n<meta name=\"twitter:card\" content=\"summary_large_image\" \/>\n<meta name=\"twitter:site\" content=\"@elearning_upt\" \/>\n<meta name=\"twitter:label1\" content=\"Gesch\u00e4tzte Lesezeit\" \/>\n\t<meta name=\"twitter:data1\" content=\"1\u00a0Minute\" \/>\n<script type=\"application\/ld+json\" class=\"yoast-schema-graph\">{\"@context\":\"https:\/\/schema.org\",\"@graph\":[{\"@type\":\"WebPage\",\"@id\":\"https:\/\/digiculture.eu\/partners\/university-of-graz\/\",\"url\":\"https:\/\/digiculture.eu\/partners\/university-of-graz\/\",\"name\":\"University of Graz - Digital Culture - Erasmus+ European Project\",\"isPartOf\":{\"@id\":\"https:\/\/digiculture.eu\/#website\"},\"datePublished\":\"2019-02-05T12:40:02+00:00\",\"dateModified\":\"2021-04-18T18:01:54+00:00\",\"breadcrumb\":{\"@id\":\"https:\/\/digiculture.eu\/partners\/university-of-graz\/#breadcrumb\"},\"inLanguage\":\"de\",\"potentialAction\":[{\"@type\":\"ReadAction\",\"target\":[\"https:\/\/digiculture.eu\/partners\/university-of-graz\/\"]}]},{\"@type\":\"BreadcrumbList\",\"@id\":\"https:\/\/digiculture.eu\/partners\/university-of-graz\/#breadcrumb\",\"itemListElement\":[{\"@type\":\"ListItem\",\"position\":1,\"name\":\"Home\",\"item\":\"https:\/\/digiculture.eu\/\"},{\"@type\":\"ListItem\",\"position\":2,\"name\":\"Partners\",\"item\":\"https:\/\/digiculture.eu\/partners\/\"},{\"@type\":\"ListItem\",\"position\":3,\"name\":\"University of Graz\"}]},{\"@type\":\"WebSite\",\"@id\":\"https:\/\/digiculture.eu\/#website\",\"url\":\"https:\/\/digiculture.eu\/\",\"name\":\"Digital Culture - Erasmus+ European Project\",\"description\":\"Improving the Digital Competences and Social Inclusion of Adults in Creative Industries\",\"publisher\":{\"@id\":\"https:\/\/digiculture.eu\/#organization\"},\"potentialAction\":[{\"@type\":\"SearchAction\",\"target\":{\"@type\":\"EntryPoint\",\"urlTemplate\":\"https:\/\/digiculture.eu\/?s={search_term_string}\"},\"query-input\":\"required name=search_term_string\"}],\"inLanguage\":\"de\"},{\"@type\":\"Organization\",\"@id\":\"https:\/\/digiculture.eu\/#organization\",\"name\":\"Digiculture\",\"url\":\"https:\/\/digiculture.eu\/\",\"logo\":{\"@type\":\"ImageObject\",\"inLanguage\":\"de\",\"@id\":\"https:\/\/digiculture.eu\/#\/schema\/logo\/image\/\",\"url\":\"https:\/\/digiculture.eu\/wp-content\/uploads\/2019\/01\/Logo-Digi-Culture.png\",\"contentUrl\":\"https:\/\/digiculture.eu\/wp-content\/uploads\/2019\/01\/Logo-Digi-Culture.png\",\"width\":934,\"height\":386,\"caption\":\"Digiculture\"},\"image\":{\"@id\":\"https:\/\/digiculture.eu\/#\/schema\/logo\/image\/\"},\"sameAs\":[\"https:\/\/www.facebook.com\/CultureDigi\",\"https:\/\/twitter.com\/elearning_upt\"]}]}<\/script>\n<!-- \/ Yoast SEO plugin. -->","yoast_head_json":{"title":"University of Graz - Digital Culture - Erasmus+ European Project","robots":{"index":"index","follow":"follow","max-snippet":"max-snippet:-1","max-image-preview":"max-image-preview:large","max-video-preview":"max-video-preview:-1"},"canonical":"https:\/\/digiculture.eu\/de\/partners\/university-of-graz\/","og_locale":"de_DE","og_type":"article","og_title":"University of Graz - Digital Culture - Erasmus+ European Project","og_description":"Karl-Franzens-Universit\u00e4t Graz Universit\u00e4tsplatz 3, 8010 Graz Centre for Information Modelling &#8211; Austrian Centre for Digital Humanities Elisabethstra\u00dfe 59\/III 8010 Graz www.uni-graz.at University of Graz Founded in 1585, the University of Graz is the second oldest university in Austria. With about 32.500 students and 4.000 employees, it is one of theRead More &rarr;","og_url":"https:\/\/digiculture.eu\/de\/partners\/university-of-graz\/","og_site_name":"Digital Culture - Erasmus+ European Project","article_publisher":"https:\/\/www.facebook.com\/CultureDigi","article_modified_time":"2021-04-18T18:01:54+00:00","og_image":[{"url":"https:\/\/digiculture.eu\/wp-content\/uploads\/2019\/01\/logoUni.png"}],"twitter_card":"summary_large_image","twitter_site":"@elearning_upt","twitter_misc":{"Gesch\u00e4tzte Lesezeit":"1\u00a0Minute"},"schema":{"@context":"https:\/\/schema.org","@graph":[{"@type":"WebPage","@id":"https:\/\/digiculture.eu\/partners\/university-of-graz\/","url":"https:\/\/digiculture.eu\/partners\/university-of-graz\/","name":"University of Graz - Digital Culture - Erasmus+ European Project","isPartOf":{"@id":"https:\/\/digiculture.eu\/#website"},"datePublished":"2019-02-05T12:40:02+00:00","dateModified":"2021-04-18T18:01:54+00:00","breadcrumb":{"@id":"https:\/\/digiculture.eu\/partners\/university-of-graz\/#breadcrumb"},"inLanguage":"de","potentialAction":[{"@type":"ReadAction","target":["https:\/\/digiculture.eu\/partners\/university-of-graz\/"]}]},{"@type":"BreadcrumbList","@id":"https:\/\/digiculture.eu\/partners\/university-of-graz\/#breadcrumb","itemListElement":[{"@type":"ListItem","position":1,"name":"Home","item":"https:\/\/digiculture.eu\/"},{"@type":"ListItem","position":2,"name":"Partners","item":"https:\/\/digiculture.eu\/partners\/"},{"@type":"ListItem","position":3,"name":"University of Graz"}]},{"@type":"WebSite","@id":"https:\/\/digiculture.eu\/#website","url":"https:\/\/digiculture.eu\/","name":"Digital Culture - Erasmus+ European Project","description":"Improving the Digital Competences and Social Inclusion of Adults in Creative Industries","publisher":{"@id":"https:\/\/digiculture.eu\/#organization"},"potentialAction":[{"@type":"SearchAction","target":{"@type":"EntryPoint","urlTemplate":"https:\/\/digiculture.eu\/?s={search_term_string}"},"query-input":"required name=search_term_string"}],"inLanguage":"de"},{"@type":"Organization","@id":"https:\/\/digiculture.eu\/#organization","name":"Digiculture","url":"https:\/\/digiculture.eu\/","logo":{"@type":"ImageObject","inLanguage":"de","@id":"https:\/\/digiculture.eu\/#\/schema\/logo\/image\/","url":"https:\/\/digiculture.eu\/wp-content\/uploads\/2019\/01\/Logo-Digi-Culture.png","contentUrl":"https:\/\/digiculture.eu\/wp-content\/uploads\/2019\/01\/Logo-Digi-Culture.png","width":934,"height":386,"caption":"Digiculture"},"image":{"@id":"https:\/\/digiculture.eu\/#\/schema\/logo\/image\/"},"sameAs":["https:\/\/www.facebook.com\/CultureDigi","https:\/\/twitter.com\/elearning_upt"]}]}},"_links":{"self":[{"href":"https:\/\/digiculture.eu\/de\/wp-json\/wp\/v2\/pages\/1950"}],"collection":[{"href":"https:\/\/digiculture.eu\/de\/wp-json\/wp\/v2\/pages"}],"about":[{"href":"https:\/\/digiculture.eu\/de\/wp-json\/wp\/v2\/types\/page"}],"author":[{"embeddable":true,"href":"https:\/\/digiculture.eu\/de\/wp-json\/wp\/v2\/users\/5"}],"replies":[{"embeddable":true,"href":"https:\/\/digiculture.eu\/de\/wp-json\/wp\/v2\/comments?post=1950"}],"version-history":[{"count":9,"href":"https:\/\/digiculture.eu\/de\/wp-json\/wp\/v2\/pages\/1950\/revisions"}],"predecessor-version":[{"id":3572,"href":"https:\/\/digiculture.eu\/de\/wp-json\/wp\/v2\/pages\/1950\/revisions\/3572"}],"up":[{"embeddable":true,"href":"https:\/\/digiculture.eu\/de\/wp-json\/wp\/v2\/pages\/2117"}],"wp:attachment":[{"href":"https:\/\/digiculture.eu\/de\/wp-json\/wp\/v2\/media?parent=1950"}],"curies":[{"name":"wp","href":"https:\/\/api.w.org\/{rel}","templated":true}]}}