{"id":1898,"date":"2019-02-01T15:19:08","date_gmt":"2019-02-01T13:19:08","guid":{"rendered":"https:\/\/digiculture.eu\/?page_id=1898"},"modified":"2021-04-18T20:56:53","modified_gmt":"2021-04-18T17:56:53","slug":"politehnica-university-of-timisoara","status":"publish","type":"page","link":"https:\/\/digiculture.eu\/de\/partners\/politehnica-university-of-timisoara\/","title":{"rendered":"Polytechnische Universit\u00e4t von Temeswar"},"content":{"rendered":"<div data-elementor-type=\"wp-post\" data-elementor-id=\"1898\" class=\"elementor elementor-1898\">\n\t\t\t\t\t\t\t\t\t<section class=\"elementor-section elementor-top-section elementor-element elementor-element-d48c6c9 elementor-section-boxed elementor-section-height-default elementor-section-height-default\" data-id=\"d48c6c9\" data-element_type=\"section\">\n\t\t\t\t\t\t<div class=\"elementor-container elementor-column-gap-default\">\n\t\t\t\t\t<div class=\"elementor-column elementor-col-33 elementor-top-column elementor-element elementor-element-3769202\" data-id=\"3769202\" data-element_type=\"column\">\n\t\t\t<div class=\"elementor-widget-wrap elementor-element-populated\">\n\t\t\t\t\t\t\t\t<div class=\"elementor-element elementor-element-84295ff elementor-widget elementor-widget-image\" data-id=\"84295ff\" data-element_type=\"widget\" data-widget_type=\"image.default\">\n\t\t\t\t<div class=\"elementor-widget-container\">\n\t\t\t\t\t\t\t\t\t\t\t\t\t\t\t<img loading=\"lazy\" decoding=\"async\" width=\"1024\" height=\"350\" src=\"https:\/\/digiculture.eu\/wp-content\/uploads\/2019\/01\/logo_UPT-1024x350.jpg\" class=\"attachment-large size-large wp-image-1793\" alt=\"\" srcset=\"https:\/\/digiculture.eu\/wp-content\/uploads\/2019\/01\/logo_UPT-1024x350.jpg 1024w, https:\/\/digiculture.eu\/wp-content\/uploads\/2019\/01\/logo_UPT-300x103.jpg 300w, https:\/\/digiculture.eu\/wp-content\/uploads\/2019\/01\/logo_UPT-768x263.jpg 768w, https:\/\/digiculture.eu\/wp-content\/uploads\/2019\/01\/logo_UPT-465x159.jpg 465w, https:\/\/digiculture.eu\/wp-content\/uploads\/2019\/01\/logo_UPT-695x238.jpg 695w, https:\/\/digiculture.eu\/wp-content\/uploads\/2019\/01\/logo_UPT.jpg 1698w\" sizes=\"(max-width: 1024px) 100vw, 1024px\" \/>\t\t\t\t\t\t\t\t\t\t\t\t\t\t\t<\/div>\n\t\t\t\t<\/div>\n\t\t\t\t<div class=\"elementor-element elementor-element-b590a23 elementor-icon-list--layout-traditional elementor-list-item-link-full_width elementor-widget elementor-widget-icon-list\" data-id=\"b590a23\" data-element_type=\"widget\" data-widget_type=\"icon-list.default\">\n\t\t\t\t<div class=\"elementor-widget-container\">\n\t\t\t\t\t<ul class=\"elementor-icon-list-items\">\n\t\t\t\t\t\t\t<li class=\"elementor-icon-list-item\">\n\t\t\t\t\t\t\t\t\t\t\t<span class=\"elementor-icon-list-icon\">\n\t\t\t\t\t\t\t<i aria-hidden=\"true\" class=\"fas fa-home\"><\/i>\t\t\t\t\t\t<\/span>\n\t\t\t\t\t\t\t\t\t\t<span class=\"elementor-icon-list-text\">Piata Victoriei Nr. 2 <br \/> 300006 Timioara <br \/> RUM\u00c4NIEN<\/span>\n\t\t\t\t\t\t\t\t\t<\/li>\n\t\t\t\t\t\t\t\t<li class=\"elementor-icon-list-item\">\n\t\t\t\t\t\t\t\t\t\t\t<a href=\"https:\/\/www.upt.ro\/\" target=\"_blank\">\n\n\t\t\t\t\t\t\t\t\t\t\t\t<span class=\"elementor-icon-list-icon\">\n\t\t\t\t\t\t\t<i aria-hidden=\"true\" class=\"fab fa-wordpress\"><\/i>\t\t\t\t\t\t<\/span>\n\t\t\t\t\t\t\t\t\t\t<span class=\"elementor-icon-list-text\">www.upt.ro<\/span>\n\t\t\t\t\t\t\t\t\t\t\t<\/a>\n\t\t\t\t\t\t\t\t\t<\/li>\n\t\t\t\t\t\t<\/ul>\n\t\t\t\t<\/div>\n\t\t\t\t<\/div>\n\t\t\t\t\t<\/div>\n\t\t<\/div>\n\t\t\t\t<div class=\"elementor-column elementor-col-66 elementor-top-column elementor-element elementor-element-adae7c3\" data-id=\"adae7c3\" data-element_type=\"column\">\n\t\t\t<div class=\"elementor-widget-wrap elementor-element-populated\">\n\t\t\t\t\t\t\t\t<div class=\"elementor-element elementor-element-0b2f062 elementor-widget elementor-widget-heading\" data-id=\"0b2f062\" data-element_type=\"widget\" data-widget_type=\"heading.default\">\n\t\t\t\t<div class=\"elementor-widget-container\">\n\t\t\t<h2 class=\"elementor-heading-title elementor-size-default\">Polytechnische Universit\u00e4t von Temeswar<\/h2>\t\t<\/div>\n\t\t\t\t<\/div>\n\t\t\t\t<div class=\"elementor-element elementor-element-c347111 elementor-widget elementor-widget-text-editor\" data-id=\"c347111\" data-element_type=\"widget\" data-widget_type=\"text-editor.default\">\n\t\t\t\t<div class=\"elementor-widget-container\">\n\t\t\t\t\t\t\t<p>Die Polytechnische Universit\u00e4t von Timisoara wurde im November 1920 durch k\u00f6niglichen Erlass gegr\u00fcndet. Jetzt verf\u00fcgt sie \u00fcber 10 Fakult\u00e4ten (die alle technischen Bereiche abdecken), rund 950 Lehrkr\u00e4fte, 900 Verwaltungsangestellte und 15.000 Vollzeitstudenten. Es bietet Bachelor-Ingenieurstudien, Master-Studieng\u00e4nge und Doktorats-Studieng\u00e4nge. Die Universit\u00e4t hat eine Reihe von Zentren eingerichtet, darunter das Multimedia Center, das Center for Continuing Education und das eLearning Center sowie ein eigenes Fernsehstudio TeleUniversity.\u00a0<\/p><p>Das eLearning Center hat die innovative, offene Online-Umgebung ViCaDiS entwickelt. Jene ist ein virtueller Campus f\u00fcr digitale Studierende, der internationalen offenen Kursen, virtuellen Mobilit\u00e4ten und Online-Schulungen f\u00fcr die Wirtschaft gewidmet ist.<\/p><p>Das Multimedia Center verf\u00fcgt \u00fcber umfassende Expertise in den Bereichen Multimedia-Technologien, Entwicklung von Web- und Mobilanwendungen, Online-Umgebungen und Social Software, Web 2.0 sowie Forschung im Bereich Bilderkennung, Open Data, Augmented Reality und Smart Cities.<\/p><p>Die enge Zusammenarbeit mit der Industrie (Partner im ICT-Cluster, Automotive Cluster, TehImpuls Technology Transfer Association) f\u00fchrt zur Entwicklung einer neuen und flexiblen Ausbildung und zu einer st\u00e4ndigen Unterst\u00fctzung f\u00fcr junge Menschen. UPT arbeitet mit dem Timisoara StartUp Hub zusammen, um junge Fachkr\u00e4fte zu ermutigen, unternehmerische F\u00e4higkeiten zu erwerben und eigene kleine Unternehmen aufzubauen. Diese Entit\u00e4ten sind zusammen mit spezialisierten Akademikern an diesem Projekt beteiligt.<\/p><p>Alle diese Entit\u00e4ten arbeiten zusammen, um eines der Hauptziele der Universit\u00e4t zu erreichen: Erwachsenenbildung und -schulung, einschlie\u00dflich Anerkennung informellen Lernens.<\/p>\t\t\t\t\t\t<\/div>\n\t\t\t\t<\/div>\n\t\t\t\t<div class=\"elementor-element elementor-element-3494bfd elementor-button-danger elementor-align-left elementor-widget elementor-widget-button\" data-id=\"3494bfd\" data-element_type=\"widget\" data-widget_type=\"button.default\">\n\t\t\t\t<div class=\"elementor-widget-container\">\n\t\t\t\t\t<div class=\"elementor-button-wrapper\">\n\t\t\t<a class=\"elementor-button elementor-button-link elementor-size-sm\" href=\"https:\/\/digiculture.eu\/de\/team\/#politehnica\">\n\t\t\t\t\t\t<span class=\"elementor-button-content-wrapper\">\n\t\t\t\t\t\t<span class=\"elementor-button-text\">Lernen Sie das Projektteam kennen<\/span>\n\t\t<\/span>\n\t\t\t\t\t<\/a>\n\t\t<\/div>\n\t\t\t\t<\/div>\n\t\t\t\t<\/div>\n\t\t\t\t\t<\/div>\n\t\t<\/div>\n\t\t\t\t\t\t\t<\/div>\n\t\t<\/section>\n\t\t\t\t<section class=\"elementor-section elementor-top-section elementor-element elementor-element-560c523 elementor-section-boxed elementor-section-height-default elementor-section-height-default\" data-id=\"560c523\" data-element_type=\"section\">\n\t\t\t\t\t\t<div class=\"elementor-container elementor-column-gap-default\">\n\t\t\t\t\t<div class=\"elementor-column elementor-col-100 elementor-top-column elementor-element elementor-element-8b49dbe\" data-id=\"8b49dbe\" data-element_type=\"column\">\n\t\t\t<div class=\"elementor-widget-wrap\">\n\t\t\t\t\t\t\t\t\t<\/div>\n\t\t<\/div>\n\t\t\t\t\t\t\t<\/div>\n\t\t<\/section>\n\t\t\t\t\t\t\t<\/div>","protected":false},"excerpt":{"rendered":"<p>Piata Victoriei No. 2 300006 Timisoara ROMANIA www.upt.ro Politehnica University of Timisoara Politehnica University of Timisoara has been established in November 1920, through Royal Decree. Now, it has 10 faculties (covering all the technical fields), about 950 teaching staff, 900 administrative staff and 15,000 full-time students. It offers bachelor engineering<span class=\"more-link\"><a href=\"https:\/\/digiculture.eu\/de\/partners\/politehnica-university-of-timisoara\/\">Read More &rarr;<\/a><\/span><\/p>","protected":false},"author":5,"featured_media":0,"parent":2117,"menu_order":0,"comment_status":"closed","ping_status":"closed","template":"","meta":{"_mi_skip_tracking":false,"_monsterinsights_sitenote_active":false,"_monsterinsights_sitenote_note":"","_monsterinsights_sitenote_category":0,"footnotes":""},"yoast_head":"<!-- This site is optimized with the Yoast SEO plugin v21.5 - https:\/\/yoast.com\/wordpress\/plugins\/seo\/ -->\n<title>Politehnica University of Timisoara - Digital Culture - Erasmus+ European Project<\/title>\n<meta name=\"robots\" content=\"index, follow, max-snippet:-1, max-image-preview:large, max-video-preview:-1\" \/>\n<link rel=\"canonical\" href=\"https:\/\/digiculture.eu\/de\/partners\/politehnica-university-of-timisoara\/\" \/>\n<meta property=\"og:locale\" content=\"de_DE\" \/>\n<meta property=\"og:type\" content=\"article\" \/>\n<meta property=\"og:title\" content=\"Politehnica University of Timisoara - Digital Culture - Erasmus+ European Project\" \/>\n<meta property=\"og:description\" content=\"Piata Victoriei No. 2 300006 Timisoara ROMANIA www.upt.ro Politehnica University of Timisoara Politehnica University of Timisoara has been established in November 1920, through Royal Decree. Now, it has 10 faculties (covering all the technical fields), about 950 teaching staff, 900 administrative staff and 15,000 full-time students. It offers bachelor engineeringRead More &rarr;\" \/>\n<meta property=\"og:url\" content=\"https:\/\/digiculture.eu\/de\/partners\/politehnica-university-of-timisoara\/\" \/>\n<meta property=\"og:site_name\" content=\"Digital Culture - Erasmus+ European Project\" \/>\n<meta property=\"article:publisher\" content=\"https:\/\/www.facebook.com\/CultureDigi\" \/>\n<meta property=\"article:modified_time\" content=\"2021-04-18T17:56:53+00:00\" \/>\n<meta property=\"og:image\" content=\"https:\/\/digiculture.eu\/wp-content\/uploads\/2019\/01\/logo_UPT-1024x350.jpg\" \/>\n<meta name=\"twitter:card\" content=\"summary_large_image\" \/>\n<meta name=\"twitter:site\" content=\"@elearning_upt\" \/>\n<meta name=\"twitter:label1\" content=\"Gesch\u00e4tzte Lesezeit\" \/>\n\t<meta name=\"twitter:data1\" content=\"1\u00a0Minute\" \/>\n<script type=\"application\/ld+json\" class=\"yoast-schema-graph\">{\"@context\":\"https:\/\/schema.org\",\"@graph\":[{\"@type\":\"WebPage\",\"@id\":\"https:\/\/digiculture.eu\/partners\/politehnica-university-of-timisoara\/\",\"url\":\"https:\/\/digiculture.eu\/partners\/politehnica-university-of-timisoara\/\",\"name\":\"Politehnica University of Timisoara - Digital Culture - Erasmus+ European Project\",\"isPartOf\":{\"@id\":\"https:\/\/digiculture.eu\/#website\"},\"datePublished\":\"2019-02-01T13:19:08+00:00\",\"dateModified\":\"2021-04-18T17:56:53+00:00\",\"breadcrumb\":{\"@id\":\"https:\/\/digiculture.eu\/partners\/politehnica-university-of-timisoara\/#breadcrumb\"},\"inLanguage\":\"de\",\"potentialAction\":[{\"@type\":\"ReadAction\",\"target\":[\"https:\/\/digiculture.eu\/partners\/politehnica-university-of-timisoara\/\"]}]},{\"@type\":\"BreadcrumbList\",\"@id\":\"https:\/\/digiculture.eu\/partners\/politehnica-university-of-timisoara\/#breadcrumb\",\"itemListElement\":[{\"@type\":\"ListItem\",\"position\":1,\"name\":\"Home\",\"item\":\"https:\/\/digiculture.eu\/\"},{\"@type\":\"ListItem\",\"position\":2,\"name\":\"Partners\",\"item\":\"https:\/\/digiculture.eu\/partners\/\"},{\"@type\":\"ListItem\",\"position\":3,\"name\":\"Politehnica University of Timisoara\"}]},{\"@type\":\"WebSite\",\"@id\":\"https:\/\/digiculture.eu\/#website\",\"url\":\"https:\/\/digiculture.eu\/\",\"name\":\"Digital Culture - Erasmus+ European Project\",\"description\":\"Improving the Digital Competences and Social Inclusion of Adults in Creative Industries\",\"publisher\":{\"@id\":\"https:\/\/digiculture.eu\/#organization\"},\"potentialAction\":[{\"@type\":\"SearchAction\",\"target\":{\"@type\":\"EntryPoint\",\"urlTemplate\":\"https:\/\/digiculture.eu\/?s={search_term_string}\"},\"query-input\":\"required name=search_term_string\"}],\"inLanguage\":\"de\"},{\"@type\":\"Organization\",\"@id\":\"https:\/\/digiculture.eu\/#organization\",\"name\":\"Digiculture\",\"url\":\"https:\/\/digiculture.eu\/\",\"logo\":{\"@type\":\"ImageObject\",\"inLanguage\":\"de\",\"@id\":\"https:\/\/digiculture.eu\/#\/schema\/logo\/image\/\",\"url\":\"https:\/\/digiculture.eu\/wp-content\/uploads\/2019\/01\/Logo-Digi-Culture.png\",\"contentUrl\":\"https:\/\/digiculture.eu\/wp-content\/uploads\/2019\/01\/Logo-Digi-Culture.png\",\"width\":934,\"height\":386,\"caption\":\"Digiculture\"},\"image\":{\"@id\":\"https:\/\/digiculture.eu\/#\/schema\/logo\/image\/\"},\"sameAs\":[\"https:\/\/www.facebook.com\/CultureDigi\",\"https:\/\/twitter.com\/elearning_upt\"]}]}<\/script>\n<!-- \/ Yoast SEO plugin. -->","yoast_head_json":{"title":"Politehnica University of Timisoara - Digital Culture - Erasmus+ European Project","robots":{"index":"index","follow":"follow","max-snippet":"max-snippet:-1","max-image-preview":"max-image-preview:large","max-video-preview":"max-video-preview:-1"},"canonical":"https:\/\/digiculture.eu\/de\/partners\/politehnica-university-of-timisoara\/","og_locale":"de_DE","og_type":"article","og_title":"Politehnica University of Timisoara - Digital Culture - Erasmus+ European Project","og_description":"Piata Victoriei No. 2 300006 Timisoara ROMANIA www.upt.ro Politehnica University of Timisoara Politehnica University of Timisoara has been established in November 1920, through Royal Decree. Now, it has 10 faculties (covering all the technical fields), about 950 teaching staff, 900 administrative staff and 15,000 full-time students. It offers bachelor engineeringRead More &rarr;","og_url":"https:\/\/digiculture.eu\/de\/partners\/politehnica-university-of-timisoara\/","og_site_name":"Digital Culture - Erasmus+ European Project","article_publisher":"https:\/\/www.facebook.com\/CultureDigi","article_modified_time":"2021-04-18T17:56:53+00:00","og_image":[{"url":"https:\/\/digiculture.eu\/wp-content\/uploads\/2019\/01\/logo_UPT-1024x350.jpg"}],"twitter_card":"summary_large_image","twitter_site":"@elearning_upt","twitter_misc":{"Gesch\u00e4tzte Lesezeit":"1\u00a0Minute"},"schema":{"@context":"https:\/\/schema.org","@graph":[{"@type":"WebPage","@id":"https:\/\/digiculture.eu\/partners\/politehnica-university-of-timisoara\/","url":"https:\/\/digiculture.eu\/partners\/politehnica-university-of-timisoara\/","name":"Politehnica University of Timisoara - Digital Culture - Erasmus+ European Project","isPartOf":{"@id":"https:\/\/digiculture.eu\/#website"},"datePublished":"2019-02-01T13:19:08+00:00","dateModified":"2021-04-18T17:56:53+00:00","breadcrumb":{"@id":"https:\/\/digiculture.eu\/partners\/politehnica-university-of-timisoara\/#breadcrumb"},"inLanguage":"de","potentialAction":[{"@type":"ReadAction","target":["https:\/\/digiculture.eu\/partners\/politehnica-university-of-timisoara\/"]}]},{"@type":"BreadcrumbList","@id":"https:\/\/digiculture.eu\/partners\/politehnica-university-of-timisoara\/#breadcrumb","itemListElement":[{"@type":"ListItem","position":1,"name":"Home","item":"https:\/\/digiculture.eu\/"},{"@type":"ListItem","position":2,"name":"Partners","item":"https:\/\/digiculture.eu\/partners\/"},{"@type":"ListItem","position":3,"name":"Politehnica University of Timisoara"}]},{"@type":"WebSite","@id":"https:\/\/digiculture.eu\/#website","url":"https:\/\/digiculture.eu\/","name":"Digital Culture - Erasmus+ European Project","description":"Improving the Digital Competences and Social Inclusion of Adults in Creative Industries","publisher":{"@id":"https:\/\/digiculture.eu\/#organization"},"potentialAction":[{"@type":"SearchAction","target":{"@type":"EntryPoint","urlTemplate":"https:\/\/digiculture.eu\/?s={search_term_string}"},"query-input":"required name=search_term_string"}],"inLanguage":"de"},{"@type":"Organization","@id":"https:\/\/digiculture.eu\/#organization","name":"Digiculture","url":"https:\/\/digiculture.eu\/","logo":{"@type":"ImageObject","inLanguage":"de","@id":"https:\/\/digiculture.eu\/#\/schema\/logo\/image\/","url":"https:\/\/digiculture.eu\/wp-content\/uploads\/2019\/01\/Logo-Digi-Culture.png","contentUrl":"https:\/\/digiculture.eu\/wp-content\/uploads\/2019\/01\/Logo-Digi-Culture.png","width":934,"height":386,"caption":"Digiculture"},"image":{"@id":"https:\/\/digiculture.eu\/#\/schema\/logo\/image\/"},"sameAs":["https:\/\/www.facebook.com\/CultureDigi","https:\/\/twitter.com\/elearning_upt"]}]}},"_links":{"self":[{"href":"https:\/\/digiculture.eu\/de\/wp-json\/wp\/v2\/pages\/1898"}],"collection":[{"href":"https:\/\/digiculture.eu\/de\/wp-json\/wp\/v2\/pages"}],"about":[{"href":"https:\/\/digiculture.eu\/de\/wp-json\/wp\/v2\/types\/page"}],"author":[{"embeddable":true,"href":"https:\/\/digiculture.eu\/de\/wp-json\/wp\/v2\/users\/5"}],"replies":[{"embeddable":true,"href":"https:\/\/digiculture.eu\/de\/wp-json\/wp\/v2\/comments?post=1898"}],"version-history":[{"count":21,"href":"https:\/\/digiculture.eu\/de\/wp-json\/wp\/v2\/pages\/1898\/revisions"}],"predecessor-version":[{"id":3548,"href":"https:\/\/digiculture.eu\/de\/wp-json\/wp\/v2\/pages\/1898\/revisions\/3548"}],"up":[{"embeddable":true,"href":"https:\/\/digiculture.eu\/de\/wp-json\/wp\/v2\/pages\/2117"}],"wp:attachment":[{"href":"https:\/\/digiculture.eu\/de\/wp-json\/wp\/v2\/media?parent=1898"}],"curies":[{"name":"wp","href":"https:\/\/api.w.org\/{rel}","templated":true}]}}