{"id":1734,"date":"2019-01-20T17:21:29","date_gmt":"2019-01-20T17:21:29","guid":{"rendered":"https:\/\/digiculture.eu\/wordpress\/?page_id=1734"},"modified":"2020-12-08T16:52:32","modified_gmt":"2020-12-08T14:52:32","slug":"outputs","status":"publish","type":"page","link":"https:\/\/digiculture.eu\/de\/outputs\/","title":{"rendered":"Ergebnisse"},"content":{"rendered":"<p>Die Ziele von DigitalCulture<\/p>\n<ul>\n<li>Das Bewusstsein f\u00fcr den Bedarf an Schulungen zu digitalen F\u00e4higkeiten f\u00fcr den Kultur- und Kulturerbesektor st\u00e4rken<\/li>\n<li>Erstellung und Validierung von Cross-Country-Richtlinien f\u00fcr digitale Kompetenzen im Kulturbereich<\/li>\n<li>Die Erstellung eines Integrierten Virtuellen Learning Hubs sowohl online als auch mobil<\/li>\n<li>Aufbau einer virtuellen und mobilen Lernplattform f\u00fcr einen Blended Learning and Online Kurs (MOOC) \u00fcber digitale F\u00e4higkeiten und soziale Integration in der Kreativwirtschaft und im Kulturbereich.<\/li>\n<li>Verbesserung des Erwerbs und der Anerkennung digitaler F\u00e4higkeiten durch formelles und informelles Lernen durch Digital Skills e-assessment und Open Badges f\u00fcr die Erwachsenenbildung in der Kreativwirtschaft<\/li>\n<li>Bereitstellung von ansprechenden und effektiven Lernerfahrungen im Digitale F\u00e4higkeiten f\u00fcr Kulturwirtschaft Kurs<\/li>\n<li>Verbesserung der Zusammenarbeit zwischen Bildungsanbietern, Universit\u00e4ten, Kultur- und Kultureinrichtungen, Kulturakteuren, Arbeitnehmern und Freiwilligen<\/li>\n<li>Um das Bewusstsein f\u00fcr den Bedarf an Schulungen zu digitalen F\u00e4higkeiten f\u00fcr den Kultur- und Kulturerbesektor zu st\u00e4rken<\/li>\n<\/ul>\n<p>Es gibt 6 intellektuelle Ergebnisse, die in 21 Meilensteine und Ergebnisse unterteilt sind:<\/p>\n\n\n<div class=\"wp-block-columns has-2-columns is-layout-flex wp-container-core-columns-layout-1 wp-block-columns-is-layout-flex\">\n<div class=\"wp-block-column is-layout-flow wp-block-column-is-layout-flow\">\n<p>O1 <a href=\"https:\/\/digiculture.eu\/de\/category\/outputs\/output-1-conceptual-guidelines-for-digital-competences-for-culture\/\">Ergebnis 1 - Konzeptionelle Richtlinien f\u00fcr Digitale Kompetenzen innerhalb der Kulturwitschaft<\/a><\/p>\n<\/div>\n\n\n\n<div class=\"wp-block-column is-layout-flow wp-block-column-is-layout-flow\">\n<p>O2  <a href=\"https:\/\/digiculture.eu\/de\/output-2\/\">Ergebnis 2 - Integriertes Virtuelles Lerning Hub - online und mobile MOOC Platform<\/a> <\/p>\n<\/div>\n<\/div>\n\n\n\n<div class=\"wp-block-columns has-2-columns is-layout-flex wp-container-core-columns-layout-2 wp-block-columns-is-layout-flex\">\n<div class=\"wp-block-column is-layout-flow wp-block-column-is-layout-flow\">\n<p>O3  <a href=\"https:\/\/digiculture.eu\/de\/category\/outputs\/output-3-the-digital-skills-for-culture-online-course-dsc\/\">Output 3 \u2013 Der Online-Kurs Digital Skills for Culture (DSC .)<\/a>) <\/p>\n<\/div>\n\n\n\n<div class=\"wp-block-column is-layout-flow wp-block-column-is-layout-flow\">\n<p>O4 <a href=\"https:\/\/digiculture.eu\/de\/category\/outputs\/output-4\/\">Ergebnis 4 - Digitale F\u00e4higkeiten E-Assessment und Open Digital Badges in der Erwachsenenbildung<\/a><\/p>\n<\/div>\n<\/div>\n\n\n\n<div class=\"wp-block-columns has-2-columns is-layout-flex wp-container-core-columns-layout-3 wp-block-columns-is-layout-flex\">\n<div class=\"wp-block-column is-layout-flow wp-block-column-is-layout-flow\">\n<p>O5  <\/p>\n<\/div>\n\n\n\n<div class=\"wp-block-column is-layout-flow wp-block-column-is-layout-flow\">\n<p>O6 <a href=\"https:\/\/digiculture.eu\/de\/category\/outputs\/output-6\/\">Output 6 -Evaluation der Wirksamkeit von Digital Skills for Culture Kurs, Qualit\u00e4tssicherung<\/a><\/p>\n<\/div>\n<\/div>","protected":false},"excerpt":{"rendered":"<p>outputs &#8230;&#8230;<span class=\"more-link\"><a href=\"https:\/\/digiculture.eu\/de\/outputs\/\">Read More &rarr;<\/a><\/span><\/p>","protected":false},"author":5,"featured_media":0,"parent":0,"menu_order":0,"comment_status":"closed","ping_status":"closed","template":"","meta":{"_mi_skip_tracking":false,"_monsterinsights_sitenote_active":false,"_monsterinsights_sitenote_note":"","_monsterinsights_sitenote_category":0,"footnotes":""},"yoast_head":"<!-- This site is optimized with the Yoast SEO plugin v21.5 - https:\/\/yoast.com\/wordpress\/plugins\/seo\/ -->\n<title>Outputs - Digital Culture - Erasmus+ European Project<\/title>\n<meta name=\"robots\" content=\"index, follow, max-snippet:-1, max-image-preview:large, max-video-preview:-1\" \/>\n<link rel=\"canonical\" href=\"https:\/\/digiculture.eu\/de\/outputs\/\" \/>\n<meta property=\"og:locale\" content=\"de_DE\" \/>\n<meta property=\"og:type\" content=\"article\" \/>\n<meta property=\"og:title\" content=\"Outputs - Digital Culture - Erasmus+ European Project\" \/>\n<meta property=\"og:description\" content=\"outputs ......Read More &rarr;\" \/>\n<meta property=\"og:url\" content=\"https:\/\/digiculture.eu\/de\/outputs\/\" \/>\n<meta property=\"og:site_name\" content=\"Digital Culture - Erasmus+ European Project\" \/>\n<meta property=\"article:publisher\" content=\"https:\/\/www.facebook.com\/CultureDigi\" \/>\n<meta property=\"article:modified_time\" content=\"2020-12-08T14:52:32+00:00\" \/>\n<meta name=\"twitter:card\" content=\"summary_large_image\" \/>\n<meta name=\"twitter:site\" content=\"@elearning_upt\" \/>\n<meta name=\"twitter:label1\" content=\"Gesch\u00e4tzte Lesezeit\" \/>\n\t<meta name=\"twitter:data1\" content=\"1\u00a0Minute\" \/>\n<script type=\"application\/ld+json\" class=\"yoast-schema-graph\">{\"@context\":\"https:\/\/schema.org\",\"@graph\":[{\"@type\":\"WebPage\",\"@id\":\"https:\/\/digiculture.eu\/outputs\/\",\"url\":\"https:\/\/digiculture.eu\/outputs\/\",\"name\":\"Outputs - Digital Culture - Erasmus+ European Project\",\"isPartOf\":{\"@id\":\"https:\/\/digiculture.eu\/#website\"},\"datePublished\":\"2019-01-20T17:21:29+00:00\",\"dateModified\":\"2020-12-08T14:52:32+00:00\",\"breadcrumb\":{\"@id\":\"https:\/\/digiculture.eu\/outputs\/#breadcrumb\"},\"inLanguage\":\"de\",\"potentialAction\":[{\"@type\":\"ReadAction\",\"target\":[\"https:\/\/digiculture.eu\/outputs\/\"]}]},{\"@type\":\"BreadcrumbList\",\"@id\":\"https:\/\/digiculture.eu\/outputs\/#breadcrumb\",\"itemListElement\":[{\"@type\":\"ListItem\",\"position\":1,\"name\":\"Home\",\"item\":\"https:\/\/digiculture.eu\/\"},{\"@type\":\"ListItem\",\"position\":2,\"name\":\"Outputs\"}]},{\"@type\":\"WebSite\",\"@id\":\"https:\/\/digiculture.eu\/#website\",\"url\":\"https:\/\/digiculture.eu\/\",\"name\":\"Digital Culture - Erasmus+ European Project\",\"description\":\"Improving the Digital Competences and Social Inclusion of Adults in Creative Industries\",\"publisher\":{\"@id\":\"https:\/\/digiculture.eu\/#organization\"},\"potentialAction\":[{\"@type\":\"SearchAction\",\"target\":{\"@type\":\"EntryPoint\",\"urlTemplate\":\"https:\/\/digiculture.eu\/?s={search_term_string}\"},\"query-input\":\"required name=search_term_string\"}],\"inLanguage\":\"de\"},{\"@type\":\"Organization\",\"@id\":\"https:\/\/digiculture.eu\/#organization\",\"name\":\"Digiculture\",\"url\":\"https:\/\/digiculture.eu\/\",\"logo\":{\"@type\":\"ImageObject\",\"inLanguage\":\"de\",\"@id\":\"https:\/\/digiculture.eu\/#\/schema\/logo\/image\/\",\"url\":\"https:\/\/digiculture.eu\/wp-content\/uploads\/2019\/01\/Logo-Digi-Culture.png\",\"contentUrl\":\"https:\/\/digiculture.eu\/wp-content\/uploads\/2019\/01\/Logo-Digi-Culture.png\",\"width\":934,\"height\":386,\"caption\":\"Digiculture\"},\"image\":{\"@id\":\"https:\/\/digiculture.eu\/#\/schema\/logo\/image\/\"},\"sameAs\":[\"https:\/\/www.facebook.com\/CultureDigi\",\"https:\/\/twitter.com\/elearning_upt\"]}]}<\/script>\n<!-- \/ Yoast SEO plugin. -->","yoast_head_json":{"title":"Outputs - Digital Culture - Erasmus+ European Project","robots":{"index":"index","follow":"follow","max-snippet":"max-snippet:-1","max-image-preview":"max-image-preview:large","max-video-preview":"max-video-preview:-1"},"canonical":"https:\/\/digiculture.eu\/de\/outputs\/","og_locale":"de_DE","og_type":"article","og_title":"Outputs - Digital Culture - Erasmus+ European Project","og_description":"outputs ......Read More &rarr;","og_url":"https:\/\/digiculture.eu\/de\/outputs\/","og_site_name":"Digital Culture - Erasmus+ European Project","article_publisher":"https:\/\/www.facebook.com\/CultureDigi","article_modified_time":"2020-12-08T14:52:32+00:00","twitter_card":"summary_large_image","twitter_site":"@elearning_upt","twitter_misc":{"Gesch\u00e4tzte Lesezeit":"1\u00a0Minute"},"schema":{"@context":"https:\/\/schema.org","@graph":[{"@type":"WebPage","@id":"https:\/\/digiculture.eu\/outputs\/","url":"https:\/\/digiculture.eu\/outputs\/","name":"Outputs - Digital Culture - Erasmus+ European Project","isPartOf":{"@id":"https:\/\/digiculture.eu\/#website"},"datePublished":"2019-01-20T17:21:29+00:00","dateModified":"2020-12-08T14:52:32+00:00","breadcrumb":{"@id":"https:\/\/digiculture.eu\/outputs\/#breadcrumb"},"inLanguage":"de","potentialAction":[{"@type":"ReadAction","target":["https:\/\/digiculture.eu\/outputs\/"]}]},{"@type":"BreadcrumbList","@id":"https:\/\/digiculture.eu\/outputs\/#breadcrumb","itemListElement":[{"@type":"ListItem","position":1,"name":"Home","item":"https:\/\/digiculture.eu\/"},{"@type":"ListItem","position":2,"name":"Outputs"}]},{"@type":"WebSite","@id":"https:\/\/digiculture.eu\/#website","url":"https:\/\/digiculture.eu\/","name":"Digital Culture - Erasmus+ European Project","description":"Improving the Digital Competences and Social Inclusion of Adults in Creative Industries","publisher":{"@id":"https:\/\/digiculture.eu\/#organization"},"potentialAction":[{"@type":"SearchAction","target":{"@type":"EntryPoint","urlTemplate":"https:\/\/digiculture.eu\/?s={search_term_string}"},"query-input":"required name=search_term_string"}],"inLanguage":"de"},{"@type":"Organization","@id":"https:\/\/digiculture.eu\/#organization","name":"Digiculture","url":"https:\/\/digiculture.eu\/","logo":{"@type":"ImageObject","inLanguage":"de","@id":"https:\/\/digiculture.eu\/#\/schema\/logo\/image\/","url":"https:\/\/digiculture.eu\/wp-content\/uploads\/2019\/01\/Logo-Digi-Culture.png","contentUrl":"https:\/\/digiculture.eu\/wp-content\/uploads\/2019\/01\/Logo-Digi-Culture.png","width":934,"height":386,"caption":"Digiculture"},"image":{"@id":"https:\/\/digiculture.eu\/#\/schema\/logo\/image\/"},"sameAs":["https:\/\/www.facebook.com\/CultureDigi","https:\/\/twitter.com\/elearning_upt"]}]}},"_links":{"self":[{"href":"https:\/\/digiculture.eu\/de\/wp-json\/wp\/v2\/pages\/1734"}],"collection":[{"href":"https:\/\/digiculture.eu\/de\/wp-json\/wp\/v2\/pages"}],"about":[{"href":"https:\/\/digiculture.eu\/de\/wp-json\/wp\/v2\/types\/page"}],"author":[{"embeddable":true,"href":"https:\/\/digiculture.eu\/de\/wp-json\/wp\/v2\/users\/5"}],"replies":[{"embeddable":true,"href":"https:\/\/digiculture.eu\/de\/wp-json\/wp\/v2\/comments?post=1734"}],"version-history":[{"count":11,"href":"https:\/\/digiculture.eu\/de\/wp-json\/wp\/v2\/pages\/1734\/revisions"}],"predecessor-version":[{"id":2744,"href":"https:\/\/digiculture.eu\/de\/wp-json\/wp\/v2\/pages\/1734\/revisions\/2744"}],"wp:attachment":[{"href":"https:\/\/digiculture.eu\/de\/wp-json\/wp\/v2\/media?parent=1734"}],"curies":[{"name":"wp","href":"https:\/\/api.w.org\/{rel}","templated":true}]}}