{"id":3526,"date":"2021-04-18T19:18:37","date_gmt":"2021-04-18T16:18:37","guid":{"rendered":"https:\/\/digiculture.eu\/?page_id=3526"},"modified":"2021-04-18T19:26:16","modified_gmt":"2021-04-18T16:26:16","slug":"cookie-policy","status":"publish","type":"page","link":"https:\/\/digiculture.eu\/da\/cookie-policy\/","title":{"rendered":"Cookiepolitik"},"content":{"rendered":"<div class=\"cli_pg_page_contaner\">\n<h3>Om denne cookiepolitik<\/h3>\n<div>\n<p>Denne cookiepolitik forklarer, hvad cookies er, og hvordan vi bruger dem, hvilke typer cookies vi bruger, dvs. de oplysninger, vi indsamler ved hj\u00e6lp af cookies, og hvordan disse oplysninger bruges, og hvordan man styrer cookieindstillingerne. For yderligere information om, hvordan vi bruger, gemmer og holder dine personlige data sikre, se vores <a href=\"https:\/\/digiculture.eu\/da\/privacy-policy\/\">Fortrolighedspolitik<\/a>.<\/p>\n<p>Du kan n\u00e5r som helst \u00e6ndre eller tr\u00e6kke dit samtykke fra cookiedeklarationen p\u00e5 vores websted.<\/p>\n<p>L\u00e6r mere om, hvem vi er, hvordan du kan kontakte os, og hvordan vi behandler personoplysninger i vores <a href=\"https:\/\/digiculture.eu\/da\/privacy-policy\/\">Fortrolighedspolitik<\/a>.<\/p>\n<p>Dit samtykke g\u00e6lder for f\u00f8lgende dom\u00e6ner: <a href=\"https:\/\/digiculture.eu\/da\/\">digiculture.eu<\/a><\/p>\n<p>[user_consent_state]<\/p>\n<\/div>\n<h3>Hvad er cookies?<\/h3>\n<div>Cookies er sm\u00e5 tekstfiler, der bruges til at gemme sm\u00e5 stykker information. De gemmes p\u00e5 din enhed, n\u00e5r webstedet indl\u00e6ses i din browser. Disse cookies hj\u00e6lper os med at f\u00e5 webstedet til at fungere korrekt, g\u00f8re det mere sikkert, give bedre brugeroplevelse og forst\u00e5, hvordan webstedet fungerer, og til at analysere, hvad der fungerer, og hvor det skal forbedres.<\/div>\n<h3>Hvordan bruger vi cookies?<\/h3>\n<div>Som de fleste af onlinetjenesterne bruger vores hjemmeside f\u00f8rsteparts- og tredjepartscookies til flere form\u00e5l. F\u00f8rstepartscookies er for det meste n\u00f8dvendige for, at webstedet fungerer korrekt, og de indsamler ikke nogen af dine personligt identificerbare data.<\/div>\n<div>\u00a0<\/div>\n<div><span style=\"font-size: inherit;\">Tredjepartscookies, der bruges p\u00e5 vores websted, er hovedsageligt til at forst\u00e5, hvordan webstedet fungerer, hvordan du interagerer med vores websted, holder vores tjenester sikre, leverer reklamer, der er relevante for dig, og alt i alt giver dig en bedre og forbedret bruger erfaring og hj\u00e6lp til at fremskynde dine fremtidige interaktioner med vores websted.<\/span><\/div>\n<h3>Hvilke typer cookies bruger vi?<\/h3>\n<div>\n<p><span style=\"font-weight: bold;\">Vigtig:<\/span> Nogle cookies er afg\u00f8rende for at du kan opleve den fulde funktionalitet p\u00e5 vores site. De giver os mulighed for at opretholde brugersessioner og forhindre enhver sikkerhedstrussel. De indsamler eller gemmer ikke personlige oplysninger. For eksempel giver disse cookies dig mulighed for at logge ind p\u00e5 din konto og tilf\u00f8je produkter til din kurv og tjekke sikkert.<\/p>\n<p><span style=\"font-weight: bold;\">Statistikker:<\/span> Disse cookies gemmer oplysninger som antallet af bes\u00f8gende p\u00e5 hjemmesiden, antallet af unikke bes\u00f8gende, hvilke sider p\u00e5 hjemmesiden der er blevet bes\u00f8gt, kilden til bes\u00f8get osv. Disse data hj\u00e6lper os med at forst\u00e5 og analysere, hvor godt webstedet fungerer, og hvor det skal forbedres.<\/p>\n<p><span style=\"font-weight: bold;\">Marketing:<\/span> Vores hjemmeside viser reklamer. Disse cookies bruges til at personalisere de annoncer, som vi viser dig, s\u00e5 de er meningsfulde for dig. Disse cookies hj\u00e6lper os ogs\u00e5 med at holde styr p\u00e5 effektiviteten af disse annoncekampagner.<\/p>\n<p>Oplysningerne, der er gemt i disse cookies, kan ogs\u00e5 bruges af tredjepartsannonceudbydere til at vise dig annoncer p\u00e5 andre websteder i browseren.<\/p>\n<p><span style=\"font-weight: bold;\">Funktionel:<\/span> Dette er de cookies, der hj\u00e6lper visse ikke-v\u00e6sentlige funktioner p\u00e5 vores hjemmeside. Disse funktioner inkluderer indlejring af indhold som videoer eller deling af webstedets indhold p\u00e5 sociale medieplatforme.<\/p>\n<p><span style=\"font-weight: bold;\">Indstillinger:<\/span> Disse cookies hj\u00e6lper os med at gemme dine indstillinger og browserindstillinger som sprogindstillinger, s\u00e5 du f\u00e5r en bedre og effektiv oplevelse ved fremtidige bes\u00f8g p\u00e5 hjemmesiden.<\/p>\n<p>[cookie_audit columns=&#8221;cookie,description&#8221; heading=&#8221;The below list details the cookies used in our website.&#8221;]<\/p>\n<\/div>\n<h3>Hvordan kan jeg kontrollere cookieindstillingerne?<\/h3>\n<div>\n<p>Hvis du beslutter at \u00e6ndre dine pr\u00e6ferencer senere gennem din browsersession, kan du klikke p\u00e5 fanen &quot;Privatlivs- og cookiepolitik&quot; p\u00e5 din sk\u00e6rm. Dette viser meddelelsen om samtykke igen, s\u00e5 du kan \u00e6ndre dine pr\u00e6ferencer eller tr\u00e6kke dit samtykke helt tilbage.<\/p>\n<p>Ud over dette giver forskellige browsere forskellige metoder til at blokere og slette cookies, der bruges af websteder. Du kan \u00e6ndre indstillingerne i din browser for at blokere \/ slette cookies. For at finde ud af mere om, hvordan du administrerer og sletter cookies, skal du bes\u00f8ge <a href=\"https:\/\/en.wikipedia.org\/wiki\/HTTP_cookie\" target=\"_blank\" rel=\"nofollow noopener\">wikipedia.org<\/a>, <a href=\"http:\/\/www.allaboutcookies.org\/\" target=\"_blank\" rel=\"nofollow noopener\">www.allaboutcookies.org.<\/a><\/p>\n<\/div>\n<p>[webtoffee_powered_by]<\/p>\n<\/div>\n\n\n<p><\/p>","protected":false},"excerpt":{"rendered":"<p>About this cookie policy This Cookie Policy explains what cookies are and how we use them, the types of cookies we use i.e, the information we collect using cookies and how that information is used, and how to control the cookie preferences. For further information on how we use, store,<span class=\"more-link\"><a href=\"https:\/\/digiculture.eu\/da\/cookie-policy\/\">Read More &rarr;<\/a><\/span><\/p>","protected":false},"author":5,"featured_media":0,"parent":0,"menu_order":0,"comment_status":"closed","ping_status":"closed","template":"","meta":{"_mi_skip_tracking":false,"_monsterinsights_sitenote_active":false,"_monsterinsights_sitenote_note":"","_monsterinsights_sitenote_category":0,"footnotes":""},"yoast_head":"<!-- This site is optimized with the Yoast SEO plugin v21.5 - https:\/\/yoast.com\/wordpress\/plugins\/seo\/ -->\n<title>Cookie Policy - Digital Culture - Erasmus+ European Project<\/title>\n<meta name=\"robots\" content=\"index, follow, max-snippet:-1, max-image-preview:large, max-video-preview:-1\" \/>\n<link rel=\"canonical\" href=\"https:\/\/digiculture.eu\/da\/cookie-policy\/\" \/>\n<meta property=\"og:locale\" content=\"da_DK\" \/>\n<meta property=\"og:type\" content=\"article\" \/>\n<meta property=\"og:title\" content=\"Cookie Policy - Digital Culture - Erasmus+ European Project\" \/>\n<meta property=\"og:description\" content=\"About this cookie policy This Cookie Policy explains what cookies are and how we use them, the types of cookies we use i.e, the information we collect using cookies and how that information is used, and how to control the cookie preferences. For further information on how we use, store,Read More &rarr;\" \/>\n<meta property=\"og:url\" content=\"https:\/\/digiculture.eu\/da\/cookie-policy\/\" \/>\n<meta property=\"og:site_name\" content=\"Digital Culture - Erasmus+ European Project\" \/>\n<meta property=\"article:publisher\" content=\"https:\/\/www.facebook.com\/CultureDigi\" \/>\n<meta property=\"article:modified_time\" content=\"2021-04-18T16:26:16+00:00\" \/>\n<meta name=\"twitter:card\" content=\"summary_large_image\" \/>\n<meta name=\"twitter:site\" content=\"@elearning_upt\" \/>\n<meta name=\"twitter:label1\" content=\"Estimeret l\u00e6setid\" \/>\n\t<meta name=\"twitter:data1\" content=\"3 minutter\" \/>\n<script type=\"application\/ld+json\" class=\"yoast-schema-graph\">{\"@context\":\"https:\/\/schema.org\",\"@graph\":[{\"@type\":\"WebPage\",\"@id\":\"https:\/\/digiculture.eu\/cookie-policy\/\",\"url\":\"https:\/\/digiculture.eu\/cookie-policy\/\",\"name\":\"Cookie Policy - Digital Culture - Erasmus+ European Project\",\"isPartOf\":{\"@id\":\"https:\/\/digiculture.eu\/#website\"},\"datePublished\":\"2021-04-18T16:18:37+00:00\",\"dateModified\":\"2021-04-18T16:26:16+00:00\",\"breadcrumb\":{\"@id\":\"https:\/\/digiculture.eu\/cookie-policy\/#breadcrumb\"},\"inLanguage\":\"da-DK\",\"potentialAction\":[{\"@type\":\"ReadAction\",\"target\":[\"https:\/\/digiculture.eu\/cookie-policy\/\"]}]},{\"@type\":\"BreadcrumbList\",\"@id\":\"https:\/\/digiculture.eu\/cookie-policy\/#breadcrumb\",\"itemListElement\":[{\"@type\":\"ListItem\",\"position\":1,\"name\":\"Home\",\"item\":\"https:\/\/digiculture.eu\/\"},{\"@type\":\"ListItem\",\"position\":2,\"name\":\"Cookie Policy\"}]},{\"@type\":\"WebSite\",\"@id\":\"https:\/\/digiculture.eu\/#website\",\"url\":\"https:\/\/digiculture.eu\/\",\"name\":\"Digital Culture - Erasmus+ European Project\",\"description\":\"Improving the Digital Competences and Social Inclusion of Adults in Creative Industries\",\"publisher\":{\"@id\":\"https:\/\/digiculture.eu\/#organization\"},\"potentialAction\":[{\"@type\":\"SearchAction\",\"target\":{\"@type\":\"EntryPoint\",\"urlTemplate\":\"https:\/\/digiculture.eu\/?s={search_term_string}\"},\"query-input\":\"required name=search_term_string\"}],\"inLanguage\":\"da-DK\"},{\"@type\":\"Organization\",\"@id\":\"https:\/\/digiculture.eu\/#organization\",\"name\":\"Digiculture\",\"url\":\"https:\/\/digiculture.eu\/\",\"logo\":{\"@type\":\"ImageObject\",\"inLanguage\":\"da-DK\",\"@id\":\"https:\/\/digiculture.eu\/#\/schema\/logo\/image\/\",\"url\":\"https:\/\/digiculture.eu\/wp-content\/uploads\/2019\/01\/Logo-Digi-Culture.png\",\"contentUrl\":\"https:\/\/digiculture.eu\/wp-content\/uploads\/2019\/01\/Logo-Digi-Culture.png\",\"width\":934,\"height\":386,\"caption\":\"Digiculture\"},\"image\":{\"@id\":\"https:\/\/digiculture.eu\/#\/schema\/logo\/image\/\"},\"sameAs\":[\"https:\/\/www.facebook.com\/CultureDigi\",\"https:\/\/twitter.com\/elearning_upt\"]}]}<\/script>\n<!-- \/ Yoast SEO plugin. -->","yoast_head_json":{"title":"Cookie Policy - Digital Culture - Erasmus+ European Project","robots":{"index":"index","follow":"follow","max-snippet":"max-snippet:-1","max-image-preview":"max-image-preview:large","max-video-preview":"max-video-preview:-1"},"canonical":"https:\/\/digiculture.eu\/da\/cookie-policy\/","og_locale":"da_DK","og_type":"article","og_title":"Cookie Policy - Digital Culture - Erasmus+ European Project","og_description":"About this cookie policy This Cookie Policy explains what cookies are and how we use them, the types of cookies we use i.e, the information we collect using cookies and how that information is used, and how to control the cookie preferences. For further information on how we use, store,Read More &rarr;","og_url":"https:\/\/digiculture.eu\/da\/cookie-policy\/","og_site_name":"Digital Culture - Erasmus+ European Project","article_publisher":"https:\/\/www.facebook.com\/CultureDigi","article_modified_time":"2021-04-18T16:26:16+00:00","twitter_card":"summary_large_image","twitter_site":"@elearning_upt","twitter_misc":{"Estimeret l\u00e6setid":"3 minutter"},"schema":{"@context":"https:\/\/schema.org","@graph":[{"@type":"WebPage","@id":"https:\/\/digiculture.eu\/cookie-policy\/","url":"https:\/\/digiculture.eu\/cookie-policy\/","name":"Cookie Policy - Digital Culture - Erasmus+ European Project","isPartOf":{"@id":"https:\/\/digiculture.eu\/#website"},"datePublished":"2021-04-18T16:18:37+00:00","dateModified":"2021-04-18T16:26:16+00:00","breadcrumb":{"@id":"https:\/\/digiculture.eu\/cookie-policy\/#breadcrumb"},"inLanguage":"da-DK","potentialAction":[{"@type":"ReadAction","target":["https:\/\/digiculture.eu\/cookie-policy\/"]}]},{"@type":"BreadcrumbList","@id":"https:\/\/digiculture.eu\/cookie-policy\/#breadcrumb","itemListElement":[{"@type":"ListItem","position":1,"name":"Home","item":"https:\/\/digiculture.eu\/"},{"@type":"ListItem","position":2,"name":"Cookie Policy"}]},{"@type":"WebSite","@id":"https:\/\/digiculture.eu\/#website","url":"https:\/\/digiculture.eu\/","name":"Digital Culture - Erasmus+ European Project","description":"Improving the Digital Competences and Social Inclusion of Adults in Creative Industries","publisher":{"@id":"https:\/\/digiculture.eu\/#organization"},"potentialAction":[{"@type":"SearchAction","target":{"@type":"EntryPoint","urlTemplate":"https:\/\/digiculture.eu\/?s={search_term_string}"},"query-input":"required name=search_term_string"}],"inLanguage":"da-DK"},{"@type":"Organization","@id":"https:\/\/digiculture.eu\/#organization","name":"Digiculture","url":"https:\/\/digiculture.eu\/","logo":{"@type":"ImageObject","inLanguage":"da-DK","@id":"https:\/\/digiculture.eu\/#\/schema\/logo\/image\/","url":"https:\/\/digiculture.eu\/wp-content\/uploads\/2019\/01\/Logo-Digi-Culture.png","contentUrl":"https:\/\/digiculture.eu\/wp-content\/uploads\/2019\/01\/Logo-Digi-Culture.png","width":934,"height":386,"caption":"Digiculture"},"image":{"@id":"https:\/\/digiculture.eu\/#\/schema\/logo\/image\/"},"sameAs":["https:\/\/www.facebook.com\/CultureDigi","https:\/\/twitter.com\/elearning_upt"]}]}},"_links":{"self":[{"href":"https:\/\/digiculture.eu\/da\/wp-json\/wp\/v2\/pages\/3526"}],"collection":[{"href":"https:\/\/digiculture.eu\/da\/wp-json\/wp\/v2\/pages"}],"about":[{"href":"https:\/\/digiculture.eu\/da\/wp-json\/wp\/v2\/types\/page"}],"author":[{"embeddable":true,"href":"https:\/\/digiculture.eu\/da\/wp-json\/wp\/v2\/users\/5"}],"replies":[{"embeddable":true,"href":"https:\/\/digiculture.eu\/da\/wp-json\/wp\/v2\/comments?post=3526"}],"version-history":[{"count":3,"href":"https:\/\/digiculture.eu\/da\/wp-json\/wp\/v2\/pages\/3526\/revisions"}],"predecessor-version":[{"id":3531,"href":"https:\/\/digiculture.eu\/da\/wp-json\/wp\/v2\/pages\/3526\/revisions\/3531"}],"wp:attachment":[{"href":"https:\/\/digiculture.eu\/da\/wp-json\/wp\/v2\/media?parent=3526"}],"curies":[{"name":"wp","href":"https:\/\/api.w.org\/{rel}","templated":true}]}}