{"id":3365,"date":"2021-04-05T23:15:33","date_gmt":"2021-04-05T20:15:33","guid":{"rendered":"https:\/\/digiculture.eu\/?page_id=3365"},"modified":"2021-04-18T19:00:43","modified_gmt":"2021-04-18T16:00:43","slug":"privacy-policy","status":"publish","type":"page","link":"https:\/\/digiculture.eu\/da\/privacy-policy\/","title":{"rendered":"Fortrolighedspolitik"},"content":{"rendered":"<p>Dit privatliv er vigtigt for os. Det er Politehnica University of Timisoara&#039;s politik at respektere dit privatliv og overholde alle g\u00e6ldende love og regler vedr\u00f8rende alle personlige oplysninger, vi m\u00e5tte indsamle om dig, herunder p\u00e5 tv\u00e6rs af vores websted,&nbsp;<a href=\"https:\/\/digiculture.eu\/da\/\">https:\/\/digiculture.eu\/<\/a>og andre websteder, vi ejer og driver.<\/p>\n\n\n\n<p>Denne politik er g\u00e6ldende fra den 1. oktober 2018 og blev senest opdateret den 5. april 2021.<\/p>\n\n\n\n<h3 class=\"wp-block-heading\">Information, vi indsamler<\/h3>\n\n\n\n<p>Oplysninger, vi indsamler, omfatter b\u00e5de oplysninger, du bevidst og aktivt giver os, n\u00e5r du bruger eller deltager i nogen af vores tjenester og kampagner, og alle oplysninger, der automatisk sendes af dine enheder i forbindelse med adgang til vores produkter og tjenester.<\/p>\n\n\n\n<h4 class=\"wp-block-heading\">Logdata<\/h4>\n\n\n\n<p>N\u00e5r du bes\u00f8ger vores websted, logger vores servere muligvis automatisk standarddataene fra din webbrowser. Det kan omfatte din enheds internetprotokol (IP) -adresse, din browsertype og -version, de sider, du bes\u00f8ger, tidspunktet og datoen for dit bes\u00f8g, den tid, der er brugt p\u00e5 hver side, andre oplysninger om dit bes\u00f8g og tekniske detaljer, der forekommer i sammen med eventuelle fejl, du m\u00e5tte st\u00f8de p\u00e5.<\/p>\n\n\n\n<p>V\u00e6r opm\u00e6rksom p\u00e5, at selvom disse oplysninger muligvis ikke er personligt identificerende i sig selv, kan det v\u00e6re muligt at kombinere dem med andre data for personligt at identificere individuelle personer.<\/p>\n\n\n\n<h4 class=\"wp-block-heading\">Personlig information<\/h4>\n\n\n\n<p>Vi kan bede om personlige oplysninger, som kan omfatte et eller flere af f\u00f8lgende:<\/p>\n\n\n\n<p>Ikke relevant<\/p>\n\n\n\n<h4 class=\"wp-block-heading\">Lovlige grunde til behandling af dine personlige oplysninger<\/h4>\n\n\n\n<p>Vi indsamler og bruger kun dine personlige oplysninger, n\u00e5r vi har en legitim grund til at g\u00f8re det. I dette tilf\u00e6lde indsamler vi kun personlige oplysninger, der er rimeligt n\u00f8dvendige for at levere vores tjenester til dig.<\/p>\n\n\n\n<h4 class=\"wp-block-heading\">Indsamling og brug af oplysninger<\/h4>\n\n\n\n<p>Vi kan indsamle personlige oplysninger fra dig, n\u00e5r du g\u00f8r et af f\u00f8lgende p\u00e5 vores websted:<\/p>\n\n\n\n<ul><li>Brug en mobilenhed eller webbrowser til at f\u00e5 adgang til vores indhold<\/li><li>Kontakt os via e -mail, sociale medier eller lignende teknologier<\/li><li>N\u00e5r du n\u00e6vner os p\u00e5 sociale medier<\/li><\/ul>\n\n\n\n<p>Vi kan indsamle, opbevare, bruge og videregive oplysninger til f\u00f8lgende form\u00e5l, og personlige oplysninger behandles ikke yderligere p\u00e5 en m\u00e5de, der er uforenelig med disse form\u00e5l:<\/p>\n\n\n\n<ul><li>til analyse, markedsunders\u00f8gelser og forretningsudvikling, herunder til drift og forbedring af vores websted, tilh\u00f8rende applikationer og tilh\u00f8rende sociale medieplatforme<\/li><\/ul>\n\n\n\n<p>V\u00e6r opm\u00e6rksom p\u00e5, at vi kan kombinere oplysninger, vi indsamler om dig, med generelle oplysninger eller forskningsdata, vi modtager fra andre p\u00e5lidelige kilder.<\/p>\n\n\n\n<h4 class=\"wp-block-heading\">Sikkerhed for dine personlige oplysninger<\/h4>\n\n\n\n<p>N\u00e5r vi indsamler og behandler personlige oplysninger, og mens vi beholder disse oplysninger, beskytter vi dem inden for kommercielt acceptable midler til at forhindre tab og tyveri samt uautoriseret adgang, videregivelse, kopiering, brug eller \u00e6ndring.<\/p>\n\n\n\n<p>Selvom vi vil g\u00f8re vores bedste for at beskytte de personlige oplysninger, du giver os, anbefaler vi, at ingen elektronisk transmission eller lagring er 100% sikker, og ingen kan garantere absolut datasikkerhed. Vi overholder de love, der g\u00e6lder for os med hensyn til ethvert brud p\u00e5 data.<\/p>\n\n\n\n<p>Du er ansvarlig for at v\u00e6lge enhver adgangskode og dens overordnede sikkerhedsstyrke og sikre sikkerheden for dine egne oplysninger inden for rammerne af vores tjenester.<\/p>\n\n\n\n<h4 class=\"wp-block-heading\">Hvor l\u00e6nge opbevarer vi dine personlige oplysninger<\/h4>\n\n\n\n<p>Vi opbevarer kun dine personlige oplysninger, s\u00e5 l\u00e6nge vi har brug for det. Denne tidsperiode kan afh\u00e6nge af, hvad vi bruger dine oplysninger til, i overensstemmelse med denne fortrolighedspolitik. Hvis dine personlige oplysninger ikke l\u00e6ngere er n\u00f8dvendige, sletter vi dem eller g\u00f8r dem anonyme ved at fjerne alle oplysninger, der identificerer dig.<\/p>\n\n\n\n<p>Om n\u00f8dvendigt kan vi dog beholde dine personlige oplysninger med henblik p\u00e5 overholdelse af en juridisk, regnskabs- eller rapporteringspligt eller til arkivering af almen interesse, videnskabelige eller historiske forskningsform\u00e5l eller statistiske form\u00e5l.<\/p>\n\n\n\n<h3 class=\"wp-block-heading\">B\u00f8rns privatliv<\/h3>\n\n\n\n<p>Vi retter ikke nogen af vores produkter eller tjenester direkte mod b\u00f8rn under 13 \u00e5r, og vi indsamler ikke bevidst personlige oplysninger om b\u00f8rn under 13 \u00e5r.<\/p>\n\n\n\n<h3 class=\"wp-block-heading\">Videregivelse af personlige oplysninger til tredjeparter<\/h3>\n\n\n\n<p>Vi kan videregive personlige oplysninger til:<\/p>\n\n\n\n<ul><li>en moder, datterselskab eller tilknyttet virksomhed<\/li><li>tredjeparts tjenesteudbydere med det form\u00e5l at give dem mulighed for at levere deres tjenester, for eksempel it -tjenesteudbydere, datalagring, hosting og serverudbydere, annonc\u00f8rer eller analyseplatforme<\/li><li>vores medarbejdere, entrepren\u00f8rer og\/eller besl\u00e6gtede enheder<\/li><li>vores eksisterende eller potentielle agenter eller forretningspartnere<\/li><li>sponsorer eller promotorer for enhver konkurrence, konkurrencer eller kampagner, vi k\u00f8rer<\/li><li>domstole, domstole, tilsynsmyndigheder og retsh\u00e5ndh\u00e6vende myndigheder, som kr\u00e6vet ved lov, i forbindelse med enhver faktisk eller potentiel retssag, eller for at etablere, ud\u00f8ve eller forsvare vores juridiske rettigheder<\/li><li>tredjeparter, herunder agenter eller underentrepren\u00f8rer, der hj\u00e6lper os med at levere oplysninger, produkter, tjenester eller direkte markedsf\u00f8ring til dig tredjemand for at indsamle og behandle data<\/li><\/ul>\n\n\n\n<h3 class=\"wp-block-heading\">Internationale overf\u00f8rsler af personlige oplysninger<\/h3>\n\n\n\n<p>De personlige oplysninger, vi indsamler, gemmes og\/eller behandles, hvor vi eller vores partnere, associerede virksomheder og tredjepartsudbydere vedligeholder faciliteter. V\u00e6r opm\u00e6rksom p\u00e5, at de steder, hvor vi gemmer, behandler eller overf\u00f8rer dine personlige oplysninger, muligvis ikke har de samme databeskyttelseslove som det land, hvor du oprindeligt gav oplysningerne. Hvis vi overf\u00f8rer dine personlige oplysninger til tredjemand i andre lande: (i) udf\u00f8rer vi disse overf\u00f8rsler i overensstemmelse med kravene i g\u00e6ldende lov; og (ii) vi vil beskytte de overf\u00f8rte personlige oplysninger i overensstemmelse med denne fortrolighedspolitik.<\/p>\n\n\n\n<h3 class=\"wp-block-heading\">Dine rettigheder og kontrol af dine personlige oplysninger<\/h3>\n\n\n\n<p>Du beholder altid retten til at tilbageholde personlige oplysninger fra os med den forst\u00e5else, at din oplevelse af vores websted kan blive p\u00e5virket. Vi vil ikke diskriminere dig for at ud\u00f8ve nogen af dine rettigheder over dine personlige oplysninger. Hvis du giver os personlige oplysninger, forst\u00e5r du, at vi vil indsamle, opbevare, bruge og videregive dem i overensstemmelse med denne fortrolighedspolitik. Du beholder retten til at anmode om oplysninger om alle personlige oplysninger, vi har om dig.<\/p>\n\n\n\n<p>Hvis vi modtager personlige oplysninger om dig fra en tredjepart, beskytter vi dem som angivet i denne fortrolighedspolitik. Hvis du er en tredjepart, der giver personlige oplysninger om en anden, repr\u00e6senterer og garanterer du, at du har denne persons samtykke til at give personoplysningerne til os.<\/p>\n\n\n\n<p>Hvis du tidligere har accepteret, at vi bruger dine personlige oplysninger til direkte markedsf\u00f8ringsform\u00e5l, kan du til enhver tid skifte mening. Vi giver dig mulighed for at afmelde vores e-mail-database eller frav\u00e6lge kommunikation. V\u00e6r opm\u00e6rksom p\u00e5, at vi muligvis skal anmode om specifikke oplysninger fra dig for at hj\u00e6lpe os med at bekr\u00e6fte din identitet.<\/p>\n\n\n\n<p>Hvis du mener, at alle oplysninger, vi har om dig, er un\u00f8jagtige, for\u00e6ldede, ufuldst\u00e6ndige, irrelevante eller vildledende, bedes du kontakte os ved hj\u00e6lp af oplysningerne i denne fortrolighedspolitik. Vi vil tage rimelige skridt til at korrigere alle oplysninger, der viser sig at v\u00e6re un\u00f8jagtige, ufuldst\u00e6ndige, vildledende eller for\u00e6ldede.<\/p>\n\n\n\n<p>Hvis du mener, at vi har overtr\u00e5dt en relevant databeskyttelseslov og \u00f8nsker at klage, bedes du kontakte os ved hj\u00e6lp af nedenst\u00e5ende oplysninger og give os alle detaljer om det p\u00e5st\u00e5ede brud. Vi vil straks unders\u00f8ge din klage og svare dig skriftligt og redeg\u00f8re for resultatet af vores unders\u00f8gelse og de trin, vi vil tage for at behandle din klage. Du har ogs\u00e5 ret til at kontakte et tilsynsorgan eller databeskyttelsesmyndighed i forbindelse med din klage.<\/p>\n\n\n\n<h3 class=\"wp-block-heading\">Brug af cookies<\/h3>\n\n\n\n<p>Vi bruger &quot;cookies&quot; til at indsamle oplysninger om dig og din aktivitet p\u00e5 tv\u00e6rs af vores websted. En cookie er et lille stykke data, som vores websted gemmer p\u00e5 din computer og f\u00e5r adgang til hver gang du bes\u00f8ger, s\u00e5 vi kan forst\u00e5, hvordan du bruger vores websted. Dette hj\u00e6lper os med at vise dig indhold baseret p\u00e5 pr\u00e6ferencer, du har angivet.<\/p>\n\n\n\n<h3 class=\"wp-block-heading\">Gr\u00e6nser for vores politik<\/h3>\n\n\n\n<p>Vores websted kan linke til eksterne websteder, der ikke drives af os. V\u00e6r opm\u00e6rksom p\u00e5, at vi ikke har kontrol over indholdet og politikkerne p\u00e5 disse websteder og ikke kan p\u00e5tage os ansvar eller ansvar for deres respektive fortrolighedspraksis.<\/p>\n\n\n\n<h3 class=\"wp-block-heading\">\u00c6ndringer af denne politik<\/h3>\n\n\n\n<p>Efter eget sk\u00f8n kan vi \u00e6ndre vores fortrolighedspolitik for at afspejle opdateringer af vores forretningsprocesser, g\u00e6ldende acceptabel praksis eller lovgivningsm\u00e6ssige eller lovgivningsm\u00e6ssige \u00e6ndringer. Hvis vi beslutter at \u00e6ndre denne fortrolighedspolitik, sender vi \u00e6ndringerne her p\u00e5 det samme link, som du f\u00e5r adgang til denne fortrolighedspolitik.<\/p>\n\n\n\n<p>Hvis det kr\u00e6ves ved lov, f\u00e5r vi din tilladelse eller giver dig mulighed for at frav\u00e6lge eller frav\u00e6lge enhver ny anvendelse af dine personlige oplysninger, hvis det er relevant.<\/p>\n\n\n\n<h3 class=\"wp-block-heading\">Kontakt os<\/h3>\n\n\n\n<p>Hvis du har sp\u00f8rgsm\u00e5l eller bekymringer vedr\u00f8rende dit privatliv, kan du kontakte os ved hj\u00e6lp af f\u00f8lgende oplysninger:<\/p>\n\n\n\n<p>Diana Andone<br>diana.andone@upt.ro<\/p>","protected":false},"excerpt":{"rendered":"<p>Your privacy is important to us. It is Politehnica University of Timisoara&#8217;s policy to respect your privacy and comply with any applicable law and regulation regarding any personal information we may collect about you, including across our website,&nbsp;https:\/\/digiculture.eu\/, and other sites we own and operate. This policy is effective as<span class=\"more-link\"><a href=\"https:\/\/digiculture.eu\/da\/privacy-policy\/\">Read More &rarr;<\/a><\/span><\/p>","protected":false},"author":5,"featured_media":0,"parent":0,"menu_order":0,"comment_status":"closed","ping_status":"closed","template":"","meta":{"_mi_skip_tracking":false,"_monsterinsights_sitenote_active":false,"_monsterinsights_sitenote_note":"","_monsterinsights_sitenote_category":0,"footnotes":""},"yoast_head":"<!-- This site is optimized with the Yoast SEO plugin v21.5 - https:\/\/yoast.com\/wordpress\/plugins\/seo\/ -->\n<title>Privacy Policy - Digital Culture - Erasmus+ European Project<\/title>\n<meta name=\"robots\" content=\"index, follow, max-snippet:-1, max-image-preview:large, max-video-preview:-1\" \/>\n<link rel=\"canonical\" href=\"https:\/\/digiculture.eu\/da\/privacy-policy\/\" \/>\n<meta property=\"og:locale\" content=\"da_DK\" \/>\n<meta property=\"og:type\" content=\"article\" \/>\n<meta property=\"og:title\" content=\"Privacy Policy - Digital Culture - Erasmus+ European Project\" \/>\n<meta property=\"og:description\" content=\"Your privacy is important to us. It is Politehnica University of Timisoara&#8217;s policy to respect your privacy and comply with any applicable law and regulation regarding any personal information we may collect about you, including across our website,&nbsp;https:\/\/digiculture.eu\/, and other sites we own and operate. This policy is effective asRead More &rarr;\" \/>\n<meta property=\"og:url\" content=\"https:\/\/digiculture.eu\/da\/privacy-policy\/\" \/>\n<meta property=\"og:site_name\" content=\"Digital Culture - Erasmus+ European Project\" \/>\n<meta property=\"article:publisher\" content=\"https:\/\/www.facebook.com\/CultureDigi\" \/>\n<meta property=\"article:modified_time\" content=\"2021-04-18T16:00:43+00:00\" \/>\n<meta name=\"twitter:card\" content=\"summary_large_image\" \/>\n<meta name=\"twitter:site\" content=\"@elearning_upt\" \/>\n<meta name=\"twitter:label1\" content=\"Estimeret l\u00e6setid\" \/>\n\t<meta name=\"twitter:data1\" content=\"7 minutter\" \/>\n<script type=\"application\/ld+json\" class=\"yoast-schema-graph\">{\"@context\":\"https:\/\/schema.org\",\"@graph\":[{\"@type\":\"WebPage\",\"@id\":\"https:\/\/digiculture.eu\/privacy-policy\/\",\"url\":\"https:\/\/digiculture.eu\/privacy-policy\/\",\"name\":\"Privacy Policy - Digital Culture - Erasmus+ European Project\",\"isPartOf\":{\"@id\":\"https:\/\/digiculture.eu\/#website\"},\"datePublished\":\"2021-04-05T20:15:33+00:00\",\"dateModified\":\"2021-04-18T16:00:43+00:00\",\"breadcrumb\":{\"@id\":\"https:\/\/digiculture.eu\/privacy-policy\/#breadcrumb\"},\"inLanguage\":\"da-DK\",\"potentialAction\":[{\"@type\":\"ReadAction\",\"target\":[\"https:\/\/digiculture.eu\/privacy-policy\/\"]}]},{\"@type\":\"BreadcrumbList\",\"@id\":\"https:\/\/digiculture.eu\/privacy-policy\/#breadcrumb\",\"itemListElement\":[{\"@type\":\"ListItem\",\"position\":1,\"name\":\"Home\",\"item\":\"https:\/\/digiculture.eu\/\"},{\"@type\":\"ListItem\",\"position\":2,\"name\":\"Privacy Policy\"}]},{\"@type\":\"WebSite\",\"@id\":\"https:\/\/digiculture.eu\/#website\",\"url\":\"https:\/\/digiculture.eu\/\",\"name\":\"Digital Culture - Erasmus+ European Project\",\"description\":\"Improving the Digital Competences and Social Inclusion of Adults in Creative Industries\",\"publisher\":{\"@id\":\"https:\/\/digiculture.eu\/#organization\"},\"potentialAction\":[{\"@type\":\"SearchAction\",\"target\":{\"@type\":\"EntryPoint\",\"urlTemplate\":\"https:\/\/digiculture.eu\/?s={search_term_string}\"},\"query-input\":\"required name=search_term_string\"}],\"inLanguage\":\"da-DK\"},{\"@type\":\"Organization\",\"@id\":\"https:\/\/digiculture.eu\/#organization\",\"name\":\"Digiculture\",\"url\":\"https:\/\/digiculture.eu\/\",\"logo\":{\"@type\":\"ImageObject\",\"inLanguage\":\"da-DK\",\"@id\":\"https:\/\/digiculture.eu\/#\/schema\/logo\/image\/\",\"url\":\"https:\/\/digiculture.eu\/wp-content\/uploads\/2019\/01\/Logo-Digi-Culture.png\",\"contentUrl\":\"https:\/\/digiculture.eu\/wp-content\/uploads\/2019\/01\/Logo-Digi-Culture.png\",\"width\":934,\"height\":386,\"caption\":\"Digiculture\"},\"image\":{\"@id\":\"https:\/\/digiculture.eu\/#\/schema\/logo\/image\/\"},\"sameAs\":[\"https:\/\/www.facebook.com\/CultureDigi\",\"https:\/\/twitter.com\/elearning_upt\"]}]}<\/script>\n<!-- \/ Yoast SEO plugin. -->","yoast_head_json":{"title":"Privacy Policy - Digital Culture - Erasmus+ European Project","robots":{"index":"index","follow":"follow","max-snippet":"max-snippet:-1","max-image-preview":"max-image-preview:large","max-video-preview":"max-video-preview:-1"},"canonical":"https:\/\/digiculture.eu\/da\/privacy-policy\/","og_locale":"da_DK","og_type":"article","og_title":"Privacy Policy - Digital Culture - Erasmus+ European Project","og_description":"Your privacy is important to us. It is Politehnica University of Timisoara&#8217;s policy to respect your privacy and comply with any applicable law and regulation regarding any personal information we may collect about you, including across our website,&nbsp;https:\/\/digiculture.eu\/, and other sites we own and operate. This policy is effective asRead More &rarr;","og_url":"https:\/\/digiculture.eu\/da\/privacy-policy\/","og_site_name":"Digital Culture - Erasmus+ European Project","article_publisher":"https:\/\/www.facebook.com\/CultureDigi","article_modified_time":"2021-04-18T16:00:43+00:00","twitter_card":"summary_large_image","twitter_site":"@elearning_upt","twitter_misc":{"Estimeret l\u00e6setid":"7 minutter"},"schema":{"@context":"https:\/\/schema.org","@graph":[{"@type":"WebPage","@id":"https:\/\/digiculture.eu\/privacy-policy\/","url":"https:\/\/digiculture.eu\/privacy-policy\/","name":"Privacy Policy - Digital Culture - Erasmus+ European Project","isPartOf":{"@id":"https:\/\/digiculture.eu\/#website"},"datePublished":"2021-04-05T20:15:33+00:00","dateModified":"2021-04-18T16:00:43+00:00","breadcrumb":{"@id":"https:\/\/digiculture.eu\/privacy-policy\/#breadcrumb"},"inLanguage":"da-DK","potentialAction":[{"@type":"ReadAction","target":["https:\/\/digiculture.eu\/privacy-policy\/"]}]},{"@type":"BreadcrumbList","@id":"https:\/\/digiculture.eu\/privacy-policy\/#breadcrumb","itemListElement":[{"@type":"ListItem","position":1,"name":"Home","item":"https:\/\/digiculture.eu\/"},{"@type":"ListItem","position":2,"name":"Privacy Policy"}]},{"@type":"WebSite","@id":"https:\/\/digiculture.eu\/#website","url":"https:\/\/digiculture.eu\/","name":"Digital Culture - Erasmus+ European Project","description":"Improving the Digital Competences and Social Inclusion of Adults in Creative Industries","publisher":{"@id":"https:\/\/digiculture.eu\/#organization"},"potentialAction":[{"@type":"SearchAction","target":{"@type":"EntryPoint","urlTemplate":"https:\/\/digiculture.eu\/?s={search_term_string}"},"query-input":"required name=search_term_string"}],"inLanguage":"da-DK"},{"@type":"Organization","@id":"https:\/\/digiculture.eu\/#organization","name":"Digiculture","url":"https:\/\/digiculture.eu\/","logo":{"@type":"ImageObject","inLanguage":"da-DK","@id":"https:\/\/digiculture.eu\/#\/schema\/logo\/image\/","url":"https:\/\/digiculture.eu\/wp-content\/uploads\/2019\/01\/Logo-Digi-Culture.png","contentUrl":"https:\/\/digiculture.eu\/wp-content\/uploads\/2019\/01\/Logo-Digi-Culture.png","width":934,"height":386,"caption":"Digiculture"},"image":{"@id":"https:\/\/digiculture.eu\/#\/schema\/logo\/image\/"},"sameAs":["https:\/\/www.facebook.com\/CultureDigi","https:\/\/twitter.com\/elearning_upt"]}]}},"_links":{"self":[{"href":"https:\/\/digiculture.eu\/da\/wp-json\/wp\/v2\/pages\/3365"}],"collection":[{"href":"https:\/\/digiculture.eu\/da\/wp-json\/wp\/v2\/pages"}],"about":[{"href":"https:\/\/digiculture.eu\/da\/wp-json\/wp\/v2\/types\/page"}],"author":[{"embeddable":true,"href":"https:\/\/digiculture.eu\/da\/wp-json\/wp\/v2\/users\/5"}],"replies":[{"embeddable":true,"href":"https:\/\/digiculture.eu\/da\/wp-json\/wp\/v2\/comments?post=3365"}],"version-history":[{"count":3,"href":"https:\/\/digiculture.eu\/da\/wp-json\/wp\/v2\/pages\/3365\/revisions"}],"predecessor-version":[{"id":3517,"href":"https:\/\/digiculture.eu\/da\/wp-json\/wp\/v2\/pages\/3365\/revisions\/3517"}],"wp:attachment":[{"href":"https:\/\/digiculture.eu\/da\/wp-json\/wp\/v2\/media?parent=3365"}],"curies":[{"name":"wp","href":"https:\/\/api.w.org\/{rel}","templated":true}]}}