{"id":2295,"date":"2020-02-05T20:59:23","date_gmt":"2020-02-05T18:59:23","guid":{"rendered":"https:\/\/digiculture.eu\/?page_id=2295"},"modified":"2021-07-21T14:34:34","modified_gmt":"2021-07-21T11:34:34","slug":"courses","status":"publish","type":"page","link":"https:\/\/digiculture.eu\/da\/courses\/","title":{"rendered":"DigiCulture-kurser"},"content":{"rendered":"<div data-elementor-type=\"wp-post\" data-elementor-id=\"2295\" class=\"elementor elementor-2295\">\n\t\t\t\t\t\t\t\t\t<section class=\"elementor-section elementor-top-section elementor-element elementor-element-d790cdc elementor-section-boxed elementor-section-height-default elementor-section-height-default\" data-id=\"d790cdc\" data-element_type=\"section\">\n\t\t\t\t\t\t<div class=\"elementor-container elementor-column-gap-default\">\n\t\t\t\t\t<div class=\"elementor-column elementor-col-100 elementor-top-column elementor-element elementor-element-428edb5\" data-id=\"428edb5\" data-element_type=\"column\">\n\t\t\t<div class=\"elementor-widget-wrap elementor-element-populated\">\n\t\t\t\t\t\t\t\t<div class=\"elementor-element elementor-element-b52d9c4 elementor-widget elementor-widget-text-editor\" data-id=\"b52d9c4\" data-element_type=\"widget\" data-widget_type=\"text-editor.default\">\n\t\t\t\t<div class=\"elementor-widget-container\">\n\t\t\t\t\t\t\t<p>L\u00e6r hvordan du f\u00e5r adgang til Digiculture-kurserne:<\/p>\t\t\t\t\t\t<\/div>\n\t\t\t\t<\/div>\n\t\t\t\t<div class=\"elementor-element elementor-element-e000706 elementor-widget elementor-widget-video\" data-id=\"e000706\" data-element_type=\"widget\" data-settings=\"{&quot;youtube_url&quot;:&quot;https:\\\/\\\/youtu.be\\\/i7bTLh2qZWo&quot;,&quot;video_type&quot;:&quot;youtube&quot;,&quot;controls&quot;:&quot;yes&quot;}\" data-widget_type=\"video.default\">\n\t\t\t\t<div class=\"elementor-widget-container\">\n\t\t\t\t\t<div class=\"elementor-wrapper elementor-open-inline\">\n\t\t\t<div class=\"elementor-video\"><\/div>\t\t<\/div>\n\t\t\t\t<\/div>\n\t\t\t\t<\/div>\n\t\t\t\t<div class=\"elementor-element elementor-element-1fa6282 elementor-widget elementor-widget-video\" data-id=\"1fa6282\" data-element_type=\"widget\" data-settings=\"{&quot;youtube_url&quot;:&quot;https:\\\/\\\/youtu.be\\\/DTVipeBc6Lg&quot;,&quot;video_type&quot;:&quot;youtube&quot;,&quot;controls&quot;:&quot;yes&quot;}\" data-no-translation=\"\" data-widget_type=\"video.default\">\n\t\t\t\t<div class=\"elementor-widget-container\">\n\t\t\t<style>.elementor-element-1fa6282{display:none !important}<\/style>\t\t<\/div>\n\t\t\t\t<\/div>\n\t\t\t\t\t<\/div>\n\t\t<\/div>\n\t\t\t\t\t\t\t<\/div>\n\t\t<\/section>\n\t\t\t\t<section class=\"elementor-section elementor-top-section elementor-element elementor-element-44c2479 elementor-section-boxed elementor-section-height-default elementor-section-height-default\" data-id=\"44c2479\" data-element_type=\"section\">\n\t\t\t\t\t\t<div class=\"elementor-container elementor-column-gap-default\">\n\t\t\t\t\t<div class=\"elementor-column elementor-col-100 elementor-top-column elementor-element elementor-element-30ea026\" data-id=\"30ea026\" data-element_type=\"column\">\n\t\t\t<div class=\"elementor-widget-wrap elementor-element-populated\">\n\t\t\t\t\t\t\t\t<div class=\"elementor-element elementor-element-7e2f35f elementor-widget elementor-widget-text-editor\" data-id=\"7e2f35f\" data-element_type=\"widget\" data-widget_type=\"text-editor.default\">\n\t\t\t\t<div class=\"elementor-widget-container\">\n\t\t\t\t\t\t\t<p>Klik p\u00e5 et Digiculture-kursus for at se detaljer og tilmelde dig:<\/p>\t\t\t\t\t\t<\/div>\n\t\t\t\t<\/div>\n\t\t\t\t<div class=\"elementor-element elementor-element-fb76e51 elementor-widget elementor-widget-text-editor\" data-id=\"fb76e51\" data-element_type=\"widget\" data-widget_type=\"text-editor.default\">\n\t\t\t\t<div class=\"elementor-widget-container\">\n\t\t\t\t\t\t\t<script type=\"text\/javascript\" src=\"https:\/\/code.jquery.com\/jquery-3.5.1.js\"><\/script>\n<script src=\"https:\/\/stackpath.bootstrapcdn.com\/bootstrap\/4.5.0\/js\/bootstrap.bundle.min.js\" integrity=\"sha384-1CmrxMRARb6aLqgBO7yyAxTOQE2AKb9GfXnEo760AUcUmFx3ibVJJAzGytlQcNXd\" crossorigin=\"anonymous\"><\/script>\n\n<style>\n.card-deck{\n    display:flex;\n    flex-wrap: wrap;\n    margin: 1rem;\n}\n.card{\n    min-width: 15rem;\n    max-width: 15rem;\n    margin: 1rem;\n}\n.card-img{\n    height: 10rem;\n    height: 10rem;\n    background-size: cover;\n    background-position: 50% 50%;\n}\n#dc_details{\n    background-color: #f7f7f7;\n}\n#dc_traininglevel{\n    text-transform: capitalize;\n}\n#dc_authors img{\n    height: 80px;\n}\n<\/style>\n\n<script type=\"text\/javascript\">\njQuery(document).ready(function(){\n    var lang = jQuery(location).attr('pathname');\n    lang.indexOf(1);\n    lang = lang.split(\"\/\")[1];\n    \/\/console.log(lang);\n    var cat = 6;\n    switch(lang){\n        case \"ro\":\n            cat = 7;\n            break;\n        case \"it\":\n            cat = 8;\n            break;\n        case \"da\":\n            cat = 9;\n            break;\n        case \"de\":\n            cat = 10;\n            break;\n        case \"lt\":\n            cat = 11;\n            break;\n        case \"ga\":\n            cat = 12;\n            break;\n        default:\n            cat = 6;\n    }\n    console.log(\"lang = \"+lang+\"; catid = \"+cat);\n    jQuery.ajax({\n        dataType: \"jsonp\",\n        data: {catid:cat},\n        jsonp: \"retci\",\n        url: \"https:\/\/unicampus.ro\/cursuri\/local\/ci\/\",\n        success: function(cs){\n            for(let key in cs){\n                var c = cs[key];\n                var new_c = '<div class=\"card dashboard-card m-2\" role=\"listitem\" data-region=\"course-content\" data-course-id=\"'+c['id']+'\">'\n                    +'<a href=\"https:\/\/digiculture.eu\/'+lang+'\/digiculture-course\/?id='+c[\"id\"]+'\" tabindex=\"-1\" alt=\"'+c[\"fullname\"]+'\" title=\"'+c[\"fullname\"]+'\" class=\"dc_course_details\">'\n                        +'<div class=\"card-img dashboard-card-img\" style=\"background-image: url('+c[\"image\"]+');\">'+'<span class=\"sr-only\">Course image<\/span>'+'<\/div>'\n                    +'<\/a>'\n                    +'<div class=\"card-body pr-1 course-info-container\" id=\"course-info-container-'+c[\"id\"]+'-uniqid\">'\n                        +'<div class=\"d-flex align-items-start\">'\n                            +'<div class=\"\">'\n                                +'<div class=\"text-muted muted d-flex mb-1 flex-wrap h6\">'\n                                    +'<span class=\"sr-only\">Course short name<\/span>'\n                                    +'<div class=\"\">'+c[\"shortname\"]+'<\/div>'\n                                    +'<\/div>'\n                                    +'<a href=\"'+c[\"url\"]+'&#038;theme=dc\" class=\"coursename mr-2 h5 dc_course_details\" target=\"_blank\">'\n                                        +'<span class=\"sr-only\">Course name<\/span>'\n                                    +'<\/a>'\n                                    +'<a class=\"dc_course_details\" title=\"'+c[\"fullname\"]+'\" alt=\"'+c[\"fullname\"]+'\" href=\"https:\/\/digiculture.eu\/digiculture-course\/?id='+c[\"id\"]+'\" target=\"_blank\">'+c['fullname']+'<\/a>'\n                                    +'<\/div>'\n                                +'<\/div>'\n                        +'<\/div>'\n                    +'<\/div>';\n                jQuery(\"#c\").append(new_c);\n            }\n        }\n    });\n});\n\n<\/script>\n<div id=\"c\" class=\"card-deck dashboard-card-deck\" role=\"list\" data-region=\"card-deck\"><\/div>\t\t\t\t\t\t<\/div>\n\t\t\t\t<\/div>\n\t\t\t\t\t<\/div>\n\t\t<\/div>\n\t\t\t\t\t\t\t<\/div>\n\t\t<\/section>\n\t\t\t\t<section class=\"elementor-section elementor-top-section elementor-element elementor-element-6bb3d2c elementor-section-boxed elementor-section-height-default elementor-section-height-default\" data-id=\"6bb3d2c\" data-element_type=\"section\">\n\t\t\t\t\t\t<div class=\"elementor-container elementor-column-gap-default\">\n\t\t\t\t\t<div class=\"elementor-column elementor-col-100 elementor-top-column elementor-element elementor-element-8ec265f\" data-id=\"8ec265f\" data-element_type=\"column\">\n\t\t\t<div class=\"elementor-widget-wrap elementor-element-populated\">\n\t\t\t\t\t\t\t\t<div class=\"elementor-element elementor-element-8c41ccd elementor-widget elementor-widget-text-editor\" data-id=\"8c41ccd\" data-element_type=\"widget\" data-widget_type=\"text-editor.default\">\n\t\t\t\t<div class=\"elementor-widget-container\">\n\t\t\t\t\t\t\t<p>L\u00e6r hvordan du gennemf\u00f8rer et Digiculture-kursus:<\/p>\t\t\t\t\t\t<\/div>\n\t\t\t\t<\/div>\n\t\t\t\t<div class=\"elementor-element elementor-element-cba4e39 elementor-widget elementor-widget-video\" data-id=\"cba4e39\" data-element_type=\"widget\" data-settings=\"{&quot;youtube_url&quot;:&quot;https:\\\/\\\/www.youtube.com\\\/watch?v=KYrFOHbO9oo&quot;,&quot;video_type&quot;:&quot;youtube&quot;,&quot;controls&quot;:&quot;yes&quot;}\" data-widget_type=\"video.default\">\n\t\t\t\t<div class=\"elementor-widget-container\">\n\t\t\t\t\t<div class=\"elementor-wrapper elementor-open-inline\">\n\t\t\t<div class=\"elementor-video\"><\/div>\t\t<\/div>\n\t\t\t\t<\/div>\n\t\t\t\t<\/div>\n\t\t\t\t<div class=\"elementor-element elementor-element-776da14 elementor-widget elementor-widget-video\" data-id=\"776da14\" data-element_type=\"widget\" data-settings=\"{&quot;youtube_url&quot;:&quot;https:\\\/\\\/youtu.be\\\/rhysmFRoAjM&quot;,&quot;video_type&quot;:&quot;youtube&quot;,&quot;controls&quot;:&quot;yes&quot;}\" data-no-translation=\"\" data-widget_type=\"video.default\">\n\t\t\t\t<div class=\"elementor-widget-container\">\n\t\t\t<style>.elementor-element-776da14{display:none !important}<\/style>\t\t<\/div>\n\t\t\t\t<\/div>\n\t\t\t\t\t<\/div>\n\t\t<\/div>\n\t\t\t\t\t\t\t<\/div>\n\t\t<\/section>\n\t\t\t\t<section class=\"elementor-section elementor-top-section elementor-element elementor-element-33531e9 elementor-section-boxed elementor-section-height-default elementor-section-height-default\" data-id=\"33531e9\" data-element_type=\"section\">\n\t\t\t\t\t\t<div class=\"elementor-container elementor-column-gap-default\">\n\t\t\t\t\t<div class=\"elementor-column elementor-col-100 elementor-top-column elementor-element elementor-element-fdab398\" data-id=\"fdab398\" data-element_type=\"column\">\n\t\t\t<div class=\"elementor-widget-wrap elementor-element-populated\">\n\t\t\t\t\t\t\t\t<div class=\"elementor-element elementor-element-c891880 elementor-widget elementor-widget-text-editor\" data-id=\"c891880\" data-element_type=\"widget\" data-widget_type=\"text-editor.default\">\n\t\t\t\t<div class=\"elementor-widget-container\">\n\t\t\t\t\t\t\t<p>L\u00e6r, hvordan du g\u00f8r krav p\u00e5 og bruger dit online badge:<\/p>\t\t\t\t\t\t<\/div>\n\t\t\t\t<\/div>\n\t\t\t\t<div class=\"elementor-element elementor-element-e802adb elementor-widget elementor-widget-video\" data-id=\"e802adb\" data-element_type=\"widget\" data-settings=\"{&quot;youtube_url&quot;:&quot;https:\\\/\\\/www.youtube.com\\\/watch?v=toFPJIHZmGk&quot;,&quot;video_type&quot;:&quot;youtube&quot;,&quot;controls&quot;:&quot;yes&quot;}\" data-widget_type=\"video.default\">\n\t\t\t\t<div class=\"elementor-widget-container\">\n\t\t\t\t\t<div class=\"elementor-wrapper elementor-open-inline\">\n\t\t\t<div class=\"elementor-video\"><\/div>\t\t<\/div>\n\t\t\t\t<\/div>\n\t\t\t\t<\/div>\n\t\t\t\t<div class=\"elementor-element elementor-element-cf91c4e elementor-widget elementor-widget-video\" data-id=\"cf91c4e\" data-element_type=\"widget\" data-settings=\"{&quot;youtube_url&quot;:&quot;https:\\\/\\\/youtu.be\\\/mSuKCDy8a_8&quot;,&quot;video_type&quot;:&quot;youtube&quot;,&quot;controls&quot;:&quot;yes&quot;}\" data-no-translation=\"\" data-widget_type=\"video.default\">\n\t\t\t\t<div class=\"elementor-widget-container\">\n\t\t\t<style>.elementor-element-cf91c4e{display:none !important}<\/style>\t\t<\/div>\n\t\t\t\t<\/div>\n\t\t\t\t\t<\/div>\n\t\t<\/div>\n\t\t\t\t\t\t\t<\/div>\n\t\t<\/section>\n\t\t\t\t\t\t\t<\/div>","protected":false},"excerpt":{"rendered":"<p>Learn how to access the Digiculture courses: https:\/\/youtu.be\/i7bTLh2qZWohttps:\/\/youtu.be\/DTVipeBc6Lg Click any Digiculture course to see details and enroll: Learn how to complete a Digiculture course: https:\/\/www.youtube.com\/watch?v=KYrFOHbO9oohttps:\/\/youtu.be\/rhysmFRoAjM Learn how to claim and use your online badge: https:\/\/www.youtube.com\/watch?v=toFPJIHZmGkhttps:\/\/youtu.be\/mSuKCDy8a_8<span class=\"more-link\"><a href=\"https:\/\/digiculture.eu\/da\/courses\/\">Read More &rarr;<\/a><\/span><\/p>","protected":false},"author":13,"featured_media":0,"parent":0,"menu_order":0,"comment_status":"closed","ping_status":"closed","template":"","meta":{"_mi_skip_tracking":false,"_monsterinsights_sitenote_active":false,"_monsterinsights_sitenote_note":"","_monsterinsights_sitenote_category":0,"footnotes":""},"yoast_head":"<!-- This site is optimized with the Yoast SEO plugin v21.5 - https:\/\/yoast.com\/wordpress\/plugins\/seo\/ -->\n<title>DigiCulture Courses - Digital Culture - Erasmus+ European Project<\/title>\n<meta name=\"robots\" content=\"index, follow, max-snippet:-1, max-image-preview:large, max-video-preview:-1\" \/>\n<link rel=\"canonical\" href=\"https:\/\/digiculture.eu\/da\/courses\/\" \/>\n<meta property=\"og:locale\" content=\"da_DK\" \/>\n<meta property=\"og:type\" content=\"article\" \/>\n<meta property=\"og:title\" content=\"DigiCulture Courses - Digital Culture - Erasmus+ European Project\" \/>\n<meta property=\"og:description\" content=\"Learn how to access the Digiculture courses: https:\/\/youtu.be\/i7bTLh2qZWohttps:\/\/youtu.be\/DTVipeBc6Lg Click any Digiculture course to see details and enroll: Learn how to complete a Digiculture course: https:\/\/www.youtube.com\/watch?v=KYrFOHbO9oohttps:\/\/youtu.be\/rhysmFRoAjM Learn how to claim and use your online badge: https:\/\/www.youtube.com\/watch?v=toFPJIHZmGkhttps:\/\/youtu.be\/mSuKCDy8a_8Read More &rarr;\" \/>\n<meta property=\"og:url\" content=\"https:\/\/digiculture.eu\/da\/courses\/\" \/>\n<meta property=\"og:site_name\" content=\"Digital Culture - Erasmus+ European Project\" \/>\n<meta property=\"article:publisher\" content=\"https:\/\/www.facebook.com\/CultureDigi\" \/>\n<meta property=\"article:modified_time\" content=\"2021-07-21T11:34:34+00:00\" \/>\n<meta name=\"twitter:card\" content=\"summary_large_image\" \/>\n<meta name=\"twitter:site\" content=\"@elearning_upt\" \/>\n<script type=\"application\/ld+json\" class=\"yoast-schema-graph\">{\"@context\":\"https:\/\/schema.org\",\"@graph\":[{\"@type\":\"WebPage\",\"@id\":\"https:\/\/digiculture.eu\/courses\/\",\"url\":\"https:\/\/digiculture.eu\/courses\/\",\"name\":\"DigiCulture Courses - Digital Culture - Erasmus+ European Project\",\"isPartOf\":{\"@id\":\"https:\/\/digiculture.eu\/#website\"},\"datePublished\":\"2020-02-05T18:59:23+00:00\",\"dateModified\":\"2021-07-21T11:34:34+00:00\",\"breadcrumb\":{\"@id\":\"https:\/\/digiculture.eu\/courses\/#breadcrumb\"},\"inLanguage\":\"da-DK\",\"potentialAction\":[{\"@type\":\"ReadAction\",\"target\":[\"https:\/\/digiculture.eu\/courses\/\"]}]},{\"@type\":\"BreadcrumbList\",\"@id\":\"https:\/\/digiculture.eu\/courses\/#breadcrumb\",\"itemListElement\":[{\"@type\":\"ListItem\",\"position\":1,\"name\":\"Home\",\"item\":\"https:\/\/digiculture.eu\/\"},{\"@type\":\"ListItem\",\"position\":2,\"name\":\"DigiCulture Courses\"}]},{\"@type\":\"WebSite\",\"@id\":\"https:\/\/digiculture.eu\/#website\",\"url\":\"https:\/\/digiculture.eu\/\",\"name\":\"Digital Culture - Erasmus+ European Project\",\"description\":\"Improving the Digital Competences and Social Inclusion of Adults in Creative Industries\",\"publisher\":{\"@id\":\"https:\/\/digiculture.eu\/#organization\"},\"potentialAction\":[{\"@type\":\"SearchAction\",\"target\":{\"@type\":\"EntryPoint\",\"urlTemplate\":\"https:\/\/digiculture.eu\/?s={search_term_string}\"},\"query-input\":\"required name=search_term_string\"}],\"inLanguage\":\"da-DK\"},{\"@type\":\"Organization\",\"@id\":\"https:\/\/digiculture.eu\/#organization\",\"name\":\"Digiculture\",\"url\":\"https:\/\/digiculture.eu\/\",\"logo\":{\"@type\":\"ImageObject\",\"inLanguage\":\"da-DK\",\"@id\":\"https:\/\/digiculture.eu\/#\/schema\/logo\/image\/\",\"url\":\"https:\/\/digiculture.eu\/wp-content\/uploads\/2019\/01\/Logo-Digi-Culture.png\",\"contentUrl\":\"https:\/\/digiculture.eu\/wp-content\/uploads\/2019\/01\/Logo-Digi-Culture.png\",\"width\":934,\"height\":386,\"caption\":\"Digiculture\"},\"image\":{\"@id\":\"https:\/\/digiculture.eu\/#\/schema\/logo\/image\/\"},\"sameAs\":[\"https:\/\/www.facebook.com\/CultureDigi\",\"https:\/\/twitter.com\/elearning_upt\"]}]}<\/script>\n<!-- \/ Yoast SEO plugin. -->","yoast_head_json":{"title":"DigiCulture Courses - Digital Culture - Erasmus+ European Project","robots":{"index":"index","follow":"follow","max-snippet":"max-snippet:-1","max-image-preview":"max-image-preview:large","max-video-preview":"max-video-preview:-1"},"canonical":"https:\/\/digiculture.eu\/da\/courses\/","og_locale":"da_DK","og_type":"article","og_title":"DigiCulture Courses - Digital Culture - Erasmus+ European Project","og_description":"Learn how to access the Digiculture courses: https:\/\/youtu.be\/i7bTLh2qZWohttps:\/\/youtu.be\/DTVipeBc6Lg Click any Digiculture course to see details and enroll: Learn how to complete a Digiculture course: https:\/\/www.youtube.com\/watch?v=KYrFOHbO9oohttps:\/\/youtu.be\/rhysmFRoAjM Learn how to claim and use your online badge: https:\/\/www.youtube.com\/watch?v=toFPJIHZmGkhttps:\/\/youtu.be\/mSuKCDy8a_8Read More &rarr;","og_url":"https:\/\/digiculture.eu\/da\/courses\/","og_site_name":"Digital Culture - Erasmus+ European Project","article_publisher":"https:\/\/www.facebook.com\/CultureDigi","article_modified_time":"2021-07-21T11:34:34+00:00","twitter_card":"summary_large_image","twitter_site":"@elearning_upt","schema":{"@context":"https:\/\/schema.org","@graph":[{"@type":"WebPage","@id":"https:\/\/digiculture.eu\/courses\/","url":"https:\/\/digiculture.eu\/courses\/","name":"DigiCulture Courses - Digital Culture - Erasmus+ European Project","isPartOf":{"@id":"https:\/\/digiculture.eu\/#website"},"datePublished":"2020-02-05T18:59:23+00:00","dateModified":"2021-07-21T11:34:34+00:00","breadcrumb":{"@id":"https:\/\/digiculture.eu\/courses\/#breadcrumb"},"inLanguage":"da-DK","potentialAction":[{"@type":"ReadAction","target":["https:\/\/digiculture.eu\/courses\/"]}]},{"@type":"BreadcrumbList","@id":"https:\/\/digiculture.eu\/courses\/#breadcrumb","itemListElement":[{"@type":"ListItem","position":1,"name":"Home","item":"https:\/\/digiculture.eu\/"},{"@type":"ListItem","position":2,"name":"DigiCulture Courses"}]},{"@type":"WebSite","@id":"https:\/\/digiculture.eu\/#website","url":"https:\/\/digiculture.eu\/","name":"Digital Culture - Erasmus+ European Project","description":"Improving the Digital Competences and Social Inclusion of Adults in Creative Industries","publisher":{"@id":"https:\/\/digiculture.eu\/#organization"},"potentialAction":[{"@type":"SearchAction","target":{"@type":"EntryPoint","urlTemplate":"https:\/\/digiculture.eu\/?s={search_term_string}"},"query-input":"required name=search_term_string"}],"inLanguage":"da-DK"},{"@type":"Organization","@id":"https:\/\/digiculture.eu\/#organization","name":"Digiculture","url":"https:\/\/digiculture.eu\/","logo":{"@type":"ImageObject","inLanguage":"da-DK","@id":"https:\/\/digiculture.eu\/#\/schema\/logo\/image\/","url":"https:\/\/digiculture.eu\/wp-content\/uploads\/2019\/01\/Logo-Digi-Culture.png","contentUrl":"https:\/\/digiculture.eu\/wp-content\/uploads\/2019\/01\/Logo-Digi-Culture.png","width":934,"height":386,"caption":"Digiculture"},"image":{"@id":"https:\/\/digiculture.eu\/#\/schema\/logo\/image\/"},"sameAs":["https:\/\/www.facebook.com\/CultureDigi","https:\/\/twitter.com\/elearning_upt"]}]}},"_links":{"self":[{"href":"https:\/\/digiculture.eu\/da\/wp-json\/wp\/v2\/pages\/2295"}],"collection":[{"href":"https:\/\/digiculture.eu\/da\/wp-json\/wp\/v2\/pages"}],"about":[{"href":"https:\/\/digiculture.eu\/da\/wp-json\/wp\/v2\/types\/page"}],"author":[{"embeddable":true,"href":"https:\/\/digiculture.eu\/da\/wp-json\/wp\/v2\/users\/13"}],"replies":[{"embeddable":true,"href":"https:\/\/digiculture.eu\/da\/wp-json\/wp\/v2\/comments?post=2295"}],"version-history":[{"count":116,"href":"https:\/\/digiculture.eu\/da\/wp-json\/wp\/v2\/pages\/2295\/revisions"}],"predecessor-version":[{"id":4662,"href":"https:\/\/digiculture.eu\/da\/wp-json\/wp\/v2\/pages\/2295\/revisions\/4662"}],"wp:attachment":[{"href":"https:\/\/digiculture.eu\/da\/wp-json\/wp\/v2\/media?parent=2295"}],"curies":[{"name":"wp","href":"https:\/\/api.w.org\/{rel}","templated":true}]}}