{"id":1734,"date":"2019-01-20T17:21:29","date_gmt":"2019-01-20T17:21:29","guid":{"rendered":"https:\/\/digiculture.eu\/wordpress\/?page_id=1734"},"modified":"2020-12-08T16:52:32","modified_gmt":"2020-12-08T14:52:32","slug":"outputs","status":"publish","type":"page","link":"https:\/\/digiculture.eu\/da\/outputs\/","title":{"rendered":"Outputs"},"content":{"rendered":"<p>Form\u00e5lene med DigitalCulture:<\/p>\n<ul>\n<li>At \u00f8ge bevidstheden om behovet for uddannelse i digitale f\u00e6rdigheder inden for kultur- og kulturarvsektoren<\/li>\n<li>At designe og validere tv\u00e6rg\u00e5ende retningslinjer for digitale kompetencer for kultur<\/li>\n<li>At oprette et integreret virtuelt l\u00e6ringshub som en online og mobil<\/li>\n<li>At designe, udvikle og levere en Digital Skills for Culture, online MOOC og OER oversat til alle partners sprog og leveret som en blanding af blandet l\u00e6ringskursus og som et fuldt online MOOC-type kursus for m\u00e5lgruppen<\/li>\n<li>At forbedre opn\u00e5elsen og anerkendelsen af digitale f\u00e6rdigheder gennem formel og uformel l\u00e6ring ved at indf\u00f8re e-vurdering af digitale f\u00e6rdigheder og \u00e5bne badges til voksenuddannelse i kultur<\/li>\n<li>At give engagerende og effektive l\u00e6ringsoplevelser i kurset Digital Skills for Culture<\/li>\n<li>At styrke samarbejdet mellem uddannelsesudbydere, universiteter, kultur- og kulturarvsinstitutioner og foreninger, kulturakt\u00f8rer, arbejdstagere og frivillige<\/li>\n<li>At freml\u00e6gge dokumentation for, hvordan opn\u00e5else, vurdering og validering af digitale f\u00e6rdigheder bidrager til optagelsen af nye f\u00e6rdigheder i kultur- og arvssektoren<\/li>\n<\/ul>\n<p>Der er 6 intellektuelle output fordelt p\u00e5 21 milep\u00e6le og resultater:<\/p>\n\n\n<div class=\"wp-block-columns has-2-columns is-layout-flex wp-container-core-columns-layout-1 wp-block-columns-is-layout-flex\">\n<div class=\"wp-block-column is-layout-flow wp-block-column-is-layout-flow\">\n<p>O1 <a href=\"https:\/\/digiculture.eu\/da\/category\/outputs\/output-1-conceptual-guidelines-for-digital-competences-for-culture\/\">Output 1 - Konceptuelle Retningslinjer for Digitale Kompetencer for Kultur<\/a><\/p>\n<\/div>\n\n\n\n<div class=\"wp-block-column is-layout-flow wp-block-column-is-layout-flow\">\n<p>O2  <a href=\"https:\/\/digiculture.eu\/da\/output-2\/\">Output 2 - Integreret Virtuel L\u00e6ringshub -online og mobil MOOC platform<\/a> <\/p>\n<\/div>\n<\/div>\n\n\n\n<div class=\"wp-block-columns has-2-columns is-layout-flex wp-container-core-columns-layout-2 wp-block-columns-is-layout-flex\">\n<div class=\"wp-block-column is-layout-flow wp-block-column-is-layout-flow\">\n<p>O3  <a href=\"https:\/\/digiculture.eu\/da\/category\/outputs\/output-3-the-digital-skills-for-culture-online-course-dsc\/\">Output 3 - De digitale f\u00e6rdigheder til kultur online kursus (DSC<\/a>) <\/p>\n<\/div>\n\n\n\n<div class=\"wp-block-column is-layout-flow wp-block-column-is-layout-flow\">\n<p>O4 <a href=\"https:\/\/digiculture.eu\/da\/category\/outputs\/output-4\/\">Output 4 - E-Evaluering og \u00c5bne Digitale Badges til Digitale Evner i Voksenundervisning<\/a><\/p>\n<\/div>\n<\/div>\n\n\n\n<div class=\"wp-block-columns has-2-columns is-layout-flex wp-container-core-columns-layout-3 wp-block-columns-is-layout-flex\">\n<div class=\"wp-block-column is-layout-flow wp-block-column-is-layout-flow\">\n<p>O5  <\/p>\n<\/div>\n\n\n\n<div class=\"wp-block-column is-layout-flow wp-block-column-is-layout-flow\">\n<p>O6 <a href=\"https:\/\/digiculture.eu\/da\/category\/outputs\/output-6\/\">Output 6 - Evaluering af effektiviteten af digitale f\u00e6rdigheder til kulturkursus, kvalitetssikring<\/a><\/p>\n<\/div>\n<\/div>","protected":false},"excerpt":{"rendered":"<p>outputs &#8230;&#8230;<span class=\"more-link\"><a href=\"https:\/\/digiculture.eu\/da\/outputs\/\">Read More &rarr;<\/a><\/span><\/p>","protected":false},"author":5,"featured_media":0,"parent":0,"menu_order":0,"comment_status":"closed","ping_status":"closed","template":"","meta":{"_mi_skip_tracking":false,"_monsterinsights_sitenote_active":false,"_monsterinsights_sitenote_note":"","_monsterinsights_sitenote_category":0,"footnotes":""},"yoast_head":"<!-- This site is optimized with the Yoast SEO plugin v21.5 - https:\/\/yoast.com\/wordpress\/plugins\/seo\/ -->\n<title>Outputs - Digital Culture - Erasmus+ European Project<\/title>\n<meta name=\"robots\" content=\"index, follow, max-snippet:-1, max-image-preview:large, max-video-preview:-1\" \/>\n<link rel=\"canonical\" href=\"https:\/\/digiculture.eu\/da\/outputs\/\" \/>\n<meta property=\"og:locale\" content=\"da_DK\" \/>\n<meta property=\"og:type\" content=\"article\" \/>\n<meta property=\"og:title\" content=\"Outputs - Digital Culture - Erasmus+ European Project\" \/>\n<meta property=\"og:description\" content=\"outputs ......Read More &rarr;\" \/>\n<meta property=\"og:url\" content=\"https:\/\/digiculture.eu\/da\/outputs\/\" \/>\n<meta property=\"og:site_name\" content=\"Digital Culture - Erasmus+ European Project\" \/>\n<meta property=\"article:publisher\" content=\"https:\/\/www.facebook.com\/CultureDigi\" \/>\n<meta property=\"article:modified_time\" content=\"2020-12-08T14:52:32+00:00\" \/>\n<meta name=\"twitter:card\" content=\"summary_large_image\" \/>\n<meta name=\"twitter:site\" content=\"@elearning_upt\" \/>\n<meta name=\"twitter:label1\" content=\"Estimeret l\u00e6setid\" \/>\n\t<meta name=\"twitter:data1\" content=\"1 minut\" \/>\n<script type=\"application\/ld+json\" class=\"yoast-schema-graph\">{\"@context\":\"https:\/\/schema.org\",\"@graph\":[{\"@type\":\"WebPage\",\"@id\":\"https:\/\/digiculture.eu\/outputs\/\",\"url\":\"https:\/\/digiculture.eu\/outputs\/\",\"name\":\"Outputs - Digital Culture - Erasmus+ European Project\",\"isPartOf\":{\"@id\":\"https:\/\/digiculture.eu\/#website\"},\"datePublished\":\"2019-01-20T17:21:29+00:00\",\"dateModified\":\"2020-12-08T14:52:32+00:00\",\"breadcrumb\":{\"@id\":\"https:\/\/digiculture.eu\/outputs\/#breadcrumb\"},\"inLanguage\":\"da-DK\",\"potentialAction\":[{\"@type\":\"ReadAction\",\"target\":[\"https:\/\/digiculture.eu\/outputs\/\"]}]},{\"@type\":\"BreadcrumbList\",\"@id\":\"https:\/\/digiculture.eu\/outputs\/#breadcrumb\",\"itemListElement\":[{\"@type\":\"ListItem\",\"position\":1,\"name\":\"Home\",\"item\":\"https:\/\/digiculture.eu\/\"},{\"@type\":\"ListItem\",\"position\":2,\"name\":\"Outputs\"}]},{\"@type\":\"WebSite\",\"@id\":\"https:\/\/digiculture.eu\/#website\",\"url\":\"https:\/\/digiculture.eu\/\",\"name\":\"Digital Culture - Erasmus+ European Project\",\"description\":\"Improving the Digital Competences and Social Inclusion of Adults in Creative Industries\",\"publisher\":{\"@id\":\"https:\/\/digiculture.eu\/#organization\"},\"potentialAction\":[{\"@type\":\"SearchAction\",\"target\":{\"@type\":\"EntryPoint\",\"urlTemplate\":\"https:\/\/digiculture.eu\/?s={search_term_string}\"},\"query-input\":\"required name=search_term_string\"}],\"inLanguage\":\"da-DK\"},{\"@type\":\"Organization\",\"@id\":\"https:\/\/digiculture.eu\/#organization\",\"name\":\"Digiculture\",\"url\":\"https:\/\/digiculture.eu\/\",\"logo\":{\"@type\":\"ImageObject\",\"inLanguage\":\"da-DK\",\"@id\":\"https:\/\/digiculture.eu\/#\/schema\/logo\/image\/\",\"url\":\"https:\/\/digiculture.eu\/wp-content\/uploads\/2019\/01\/Logo-Digi-Culture.png\",\"contentUrl\":\"https:\/\/digiculture.eu\/wp-content\/uploads\/2019\/01\/Logo-Digi-Culture.png\",\"width\":934,\"height\":386,\"caption\":\"Digiculture\"},\"image\":{\"@id\":\"https:\/\/digiculture.eu\/#\/schema\/logo\/image\/\"},\"sameAs\":[\"https:\/\/www.facebook.com\/CultureDigi\",\"https:\/\/twitter.com\/elearning_upt\"]}]}<\/script>\n<!-- \/ Yoast SEO plugin. -->","yoast_head_json":{"title":"Outputs - Digital Culture - Erasmus+ European Project","robots":{"index":"index","follow":"follow","max-snippet":"max-snippet:-1","max-image-preview":"max-image-preview:large","max-video-preview":"max-video-preview:-1"},"canonical":"https:\/\/digiculture.eu\/da\/outputs\/","og_locale":"da_DK","og_type":"article","og_title":"Outputs - Digital Culture - Erasmus+ European Project","og_description":"outputs ......Read More &rarr;","og_url":"https:\/\/digiculture.eu\/da\/outputs\/","og_site_name":"Digital Culture - Erasmus+ European Project","article_publisher":"https:\/\/www.facebook.com\/CultureDigi","article_modified_time":"2020-12-08T14:52:32+00:00","twitter_card":"summary_large_image","twitter_site":"@elearning_upt","twitter_misc":{"Estimeret l\u00e6setid":"1 minut"},"schema":{"@context":"https:\/\/schema.org","@graph":[{"@type":"WebPage","@id":"https:\/\/digiculture.eu\/outputs\/","url":"https:\/\/digiculture.eu\/outputs\/","name":"Outputs - Digital Culture - Erasmus+ European Project","isPartOf":{"@id":"https:\/\/digiculture.eu\/#website"},"datePublished":"2019-01-20T17:21:29+00:00","dateModified":"2020-12-08T14:52:32+00:00","breadcrumb":{"@id":"https:\/\/digiculture.eu\/outputs\/#breadcrumb"},"inLanguage":"da-DK","potentialAction":[{"@type":"ReadAction","target":["https:\/\/digiculture.eu\/outputs\/"]}]},{"@type":"BreadcrumbList","@id":"https:\/\/digiculture.eu\/outputs\/#breadcrumb","itemListElement":[{"@type":"ListItem","position":1,"name":"Home","item":"https:\/\/digiculture.eu\/"},{"@type":"ListItem","position":2,"name":"Outputs"}]},{"@type":"WebSite","@id":"https:\/\/digiculture.eu\/#website","url":"https:\/\/digiculture.eu\/","name":"Digital Culture - Erasmus+ European Project","description":"Improving the Digital Competences and Social Inclusion of Adults in Creative Industries","publisher":{"@id":"https:\/\/digiculture.eu\/#organization"},"potentialAction":[{"@type":"SearchAction","target":{"@type":"EntryPoint","urlTemplate":"https:\/\/digiculture.eu\/?s={search_term_string}"},"query-input":"required name=search_term_string"}],"inLanguage":"da-DK"},{"@type":"Organization","@id":"https:\/\/digiculture.eu\/#organization","name":"Digiculture","url":"https:\/\/digiculture.eu\/","logo":{"@type":"ImageObject","inLanguage":"da-DK","@id":"https:\/\/digiculture.eu\/#\/schema\/logo\/image\/","url":"https:\/\/digiculture.eu\/wp-content\/uploads\/2019\/01\/Logo-Digi-Culture.png","contentUrl":"https:\/\/digiculture.eu\/wp-content\/uploads\/2019\/01\/Logo-Digi-Culture.png","width":934,"height":386,"caption":"Digiculture"},"image":{"@id":"https:\/\/digiculture.eu\/#\/schema\/logo\/image\/"},"sameAs":["https:\/\/www.facebook.com\/CultureDigi","https:\/\/twitter.com\/elearning_upt"]}]}},"_links":{"self":[{"href":"https:\/\/digiculture.eu\/da\/wp-json\/wp\/v2\/pages\/1734"}],"collection":[{"href":"https:\/\/digiculture.eu\/da\/wp-json\/wp\/v2\/pages"}],"about":[{"href":"https:\/\/digiculture.eu\/da\/wp-json\/wp\/v2\/types\/page"}],"author":[{"embeddable":true,"href":"https:\/\/digiculture.eu\/da\/wp-json\/wp\/v2\/users\/5"}],"replies":[{"embeddable":true,"href":"https:\/\/digiculture.eu\/da\/wp-json\/wp\/v2\/comments?post=1734"}],"version-history":[{"count":11,"href":"https:\/\/digiculture.eu\/da\/wp-json\/wp\/v2\/pages\/1734\/revisions"}],"predecessor-version":[{"id":2744,"href":"https:\/\/digiculture.eu\/da\/wp-json\/wp\/v2\/pages\/1734\/revisions\/2744"}],"wp:attachment":[{"href":"https:\/\/digiculture.eu\/da\/wp-json\/wp\/v2\/media?parent=1734"}],"curies":[{"name":"wp","href":"https:\/\/api.w.org\/{rel}","templated":true}]}}